{"id":12301,"date":"2024-05-08T10:11:44","date_gmt":"2024-05-08T08:11:44","guid":{"rendered":"https:\/\/www.globber.com\/de\/?page_id=12301"},"modified":"2025-10-06T15:03:36","modified_gmt":"2025-10-06T13:03:36","slug":"widerrufsbelehrung","status":"publish","type":"page","link":"https:\/\/www.globber.com\/de\/widerrufsbelehrung\/","title":{"rendered":"Widerrufsbelehrung"},"content":{"rendered":"<p><strong>Widerrufsbelehrung<\/strong><\/p>\n<p>Verbraucher haben ein drei\u00dfigt\u00e4giges Widerrufsrecht.<\/p>\n<p><strong>Widerrufsrecht<\/strong><\/p>\n<p>Sie haben das Recht, binnen drei\u00dfig Tagen ohne Angabe von Gr\u00fcnden diesen Vertrag zu widerrufen. Die Widerrufsfrist betr\u00e4gt drei\u00dfig Tage ab dem Tag, an dem Sie oder ein von Ihnen benannter Dritter, der nicht der Bef\u00f6rderer ist, die letzte Ware in Besitz genommen haben bzw. hat.<br \/>\nUm Ihr Widerrufsrecht auszu\u00fcben, m\u00fcssen Sie uns (GLOBBER Deutschland GmbH, Gr\u00fcndelbusch 33, 58099 Hagen, Deutschland, kontakt@globberdeutschland.de, Telefon: +49 2331 628988 3) mittels einer eindeutigen Erkl\u00e4rung (z.B. ein mit der Post versandter Brief oder eine E-Mail) \u00fcber Ihren Entschluss, diesen Vertrag zu widerrufen, informieren. Sie k\u00f6nnen daf\u00fcr das beigef\u00fcgte Muster-Widerrufsformular verwenden, das jedoch nicht vorgeschrieben ist.<br \/>\nZur Wahrung der Widerrufsfrist reicht es aus, dass Sie die Mitteilung \u00fcber die Aus\u00fcbung des Widerrufsrechts vor Ablauf der Widerrufsfrist absenden.<br \/>\nFolgen des Widerrufs<\/p>\n<p>Wenn Sie diesen Vertrag widerrufen, haben wir Ihnen alle Zahlungen, die wir von Ihnen erhalten haben, einschlie\u00dflich der Lieferkosten (mit Ausnahme der zus\u00e4tzlichen Kosten, die sich daraus ergeben, dass Sie eine andere Art der Lieferung als die von uns angebotene, g\u00fcnstigste Standardlieferung gew\u00e4hlt haben), unverz\u00fcglich und sp\u00e4testens binnen vierzehn Tagen ab dem Tag zur\u00fcckzuzahlen, an dem die Mitteilung \u00fcber Ihren Widerruf dieses Vertrags bei uns eingegangen ist. F\u00fcr diese R\u00fcckzahlung verwenden wir dasselbe Zahlungsmittel, das Sie bei der urspr\u00fcnglichen Transaktion eingesetzt haben, es sei denn, mit Ihnen wurde ausdr\u00fccklich etwas anderes vereinbart; in keinem Fall werden Ihnen wegen dieser R\u00fcckzahlung Entgelte berechnet. Wir k\u00f6nnen die R\u00fcckzahlung verweigern, bis wir die Waren wieder zur\u00fcckerhalten haben oder bis Sie den Nachweis erbracht haben, dass Sie die Waren zur\u00fcckgesandt haben, je nachdem, welches der fr\u00fchere Zeitpunkt ist.<br \/>\nSie haben die Waren unverz\u00fcglich und in jedem Fall sp\u00e4testens binnen vierzehn Tagen ab dem Tag, an dem Sie uns \u00fcber den Widerruf dieses Vertrags unterrichten, an uns zur\u00fcckzusenden oder zu \u00fcbergeben. Die Frist ist gewahrt, wenn Sie die Waren vor Ablauf der Frist von drei\u00dfig Tagen absenden. Wir tragen die Kosten der R\u00fccksendung der Waren. Sie m\u00fcssen f\u00fcr einen etwaigen Wertverlust der Waren nur aufkommen, wenn dieser Wertverlust auf einen zur Pr\u00fcfung der Beschaffenheit, Eigenschaften und Funktionsweise der Waren nicht notwendigen Umgang mit ihnen zur\u00fcckzuf\u00fchren ist.<br \/>\n\u2003<\/p>\n<table style=\"border-collapse: collapse;width: 100%\">\n<tbody>\n<tr>\n<td style=\"width: 100%\">\n<p><strong>Muster-Widerrufsformular<\/strong><\/p>\n<p><strong>\u00a0<\/strong><\/p>\n<p><em>(Wenn Sie den Vertrag widerrufen wollen, dann f\u00fcllen Sie bitte dieses Formular aus und senden Sie es zur\u00fcck.)<\/em><\/p>\n<p>An GLOBBER Deutschland GmbH, Gr\u00fcndelbusch 33, 58099 Hagen, Deutschland, info@authentic-sports.de<br \/>\nHiermit widerrufe(n) ich\/wir (*) den von mir\/uns (*) abgeschlossenen Vertrag \u00fcber den Kauf der folgenden<br \/>\nWaren (*)\/die Erbringung der folgenden Dienstleistung (*)<\/p>\n<p>&nbsp;<\/p>\n<ul>\n<li>Bestellt am (*)\/erhalten am (*)<\/li>\n<\/ul>\n<p>&nbsp;<\/p>\n<ul>\n<li>Name des\/der Verbraucher(s)<\/li>\n<\/ul>\n<p>&nbsp;<\/p>\n<ul>\n<li>Anschrift des\/der Verbraucher(s)<\/li>\n<\/ul>\n<p>&nbsp;<\/p>\n<ul>\n<li>Unterschrift des\/der Verbraucher(s) (nur bei Mitteilung auf Papier)<\/li>\n<\/ul>\n<p>&nbsp;<\/p>\n<ul>\n<li>Datum<\/li>\n<\/ul>\n<p>&nbsp;<\/p>\n<p><em>(*) Unzutreffendes streichen.<\/em><\/p>\n<\/td>\n<\/tr>\n<\/tbody>\n<\/table>\n<p>&nbsp;<\/p>\n<p><strong>R\u00fccksendeetiketten<\/strong><br \/>\nUnbeschadet Ihrer gesetzlichen Rechte werden Ihnen kostenlose R\u00fccksendeetiketten f\u00fcr Ihre R\u00fccksendung zur Verf\u00fcgung gestellt. Bei Verwendung dieser R\u00fccksendeetiketten ist die R\u00fccksendung f\u00fcr Sie kostenlos. Das R\u00fccksendeetikett wird Ihnen per E-Mail bereitgestellt. Es wird ein Link zum Abruf des R\u00fccksendeetiketts bereitgestellt. Die R\u00fccksendung k\u00f6nnen Sie in einem Paketshop des jeweiligen Anbieters in Deutschland abgeben.<\/p>\n","protected":false},"excerpt":{"rendered":"<p>Widerrufsbelehrung Verbraucher haben ein drei\u00dfigt\u00e4giges Widerrufsrecht. Widerrufsrecht Sie haben das Recht, binnen drei\u00dfig Tagen ohne Angabe von Gr\u00fcnden diesen Vertrag zu widerrufen. Die Widerrufsfrist betr\u00e4gt drei\u00dfig Tage ab dem Tag, an dem Sie oder ein von Ihnen benannter Dritter, der nicht der Bef\u00f6rderer ist, die letzte Ware in Besitz genommen haben bzw. hat. Um Ihr [&hellip;]<\/p>\n","protected":false},"author":47,"featured_media":0,"parent":0,"menu_order":0,"comment_status":"closed","ping_status":"closed","template":"","meta":{"_acf_changed":false,"inline_featured_image":false,"footnotes":""},"class_list":["post-12301","page","type-page","status-publish","hentry"],"acf":[],"yoast_head":"<!-- This site is optimized with the Yoast SEO Premium plugin v20.12 (Yoast SEO v23.4) - https:\/\/yoast.com\/wordpress\/plugins\/seo\/ -->\n<title>Widerrufsbelehrung - Globber Deutschland<\/title>\n<meta name=\"robots\" content=\"index, follow, max-snippet:-1, max-image-preview:large, max-video-preview:-1\" \/>\n<link rel=\"canonical\" href=\"https:\/\/www.globber.com\/de\/widerrufsbelehrung\/\" \/>\n<meta property=\"og:locale\" content=\"de_DE\" \/>\n<meta property=\"og:type\" content=\"article\" \/>\n<meta property=\"og:title\" content=\"Widerrufsbelehrung - Globber Deutschland\" \/>\n<meta property=\"og:description\" content=\"Widerrufsbelehrung Verbraucher haben ein drei\u00dfigt\u00e4giges Widerrufsrecht. Widerrufsrecht Sie haben das Recht, binnen drei\u00dfig Tagen ohne Angabe von Gr\u00fcnden diesen Vertrag zu widerrufen. Die Widerrufsfrist betr\u00e4gt drei\u00dfig Tage ab dem Tag, an dem Sie oder ein von Ihnen benannter Dritter, der nicht der Bef\u00f6rderer ist, die letzte Ware in Besitz genommen haben bzw. hat. Um Ihr [&hellip;]\" \/>\n<meta property=\"og:url\" content=\"https:\/\/www.globber.com\/de\/widerrufsbelehrung\/\" \/>\n<meta property=\"og:site_name\" content=\"Globber Deutschland\" \/>\n<meta property=\"article:modified_time\" content=\"2025-10-06T13:03:36+00:00\" \/>\n<meta name=\"twitter:card\" content=\"summary_large_image\" \/>\n<meta name=\"twitter:label1\" content=\"Gesch\u00e4tzte Lesezeit\" \/>\n\t<meta name=\"twitter:data1\" content=\"3\u00a0Minuten\" \/>\n<script type=\"application\/ld+json\" class=\"yoast-schema-graph\">{\"@context\":\"https:\/\/schema.org\",\"@graph\":[{\"@type\":\"WebPage\",\"@id\":\"https:\/\/www.globber.com\/de\/widerrufsbelehrung\/\",\"url\":\"https:\/\/www.globber.com\/de\/widerrufsbelehrung\/\",\"name\":\"Widerrufsbelehrung - Globber Deutschland\",\"isPartOf\":{\"@id\":\"https:\/\/www.globber.com\/de\/#website\"},\"datePublished\":\"2024-05-08T08:11:44+00:00\",\"dateModified\":\"2025-10-06T13:03:36+00:00\",\"inLanguage\":\"de\",\"potentialAction\":[{\"@type\":\"ReadAction\",\"target\":[\"https:\/\/www.globber.com\/de\/widerrufsbelehrung\/\"]}]},{\"@type\":\"WebSite\",\"@id\":\"https:\/\/www.globber.com\/de\/#website\",\"url\":\"https:\/\/www.globber.com\/de\/\",\"name\":\"Globber Deutschland\",\"description\":\"Die Welt auf R\u00e4dern | Globber.com\",\"publisher\":{\"@id\":\"https:\/\/www.globber.com\/de\/#organization\"},\"potentialAction\":[{\"@type\":\"SearchAction\",\"target\":{\"@type\":\"EntryPoint\",\"urlTemplate\":\"https:\/\/www.globber.com\/de\/?s={search_term_string}\"},\"query-input\":{\"@type\":\"PropertyValueSpecification\",\"valueRequired\":true,\"valueName\":\"search_term_string\"}}],\"inLanguage\":\"de\"},{\"@type\":\"Organization\",\"@id\":\"https:\/\/www.globber.com\/de\/#organization\",\"name\":\"Globber Deutschland\",\"url\":\"https:\/\/www.globber.com\/de\/\",\"logo\":{\"@type\":\"ImageObject\",\"inLanguage\":\"de\",\"@id\":\"https:\/\/www.globber.com\/de\/#\/schema\/logo\/image\/\",\"url\":\"https:\/\/cdn.globber.com\/content\/sites\/13\/2024\/05\/logo.svg\",\"contentUrl\":\"https:\/\/cdn.globber.com\/content\/sites\/13\/2024\/05\/logo.svg\",\"width\":601,\"height\":112,\"caption\":\"Globber Deutschland\"},\"image\":{\"@id\":\"https:\/\/www.globber.com\/de\/#\/schema\/logo\/image\/\"}}]}<\/script>\n<!-- \/ Yoast SEO Premium plugin. -->","yoast_head_json":{"title":"Widerrufsbelehrung - Globber Deutschland","robots":{"index":"index","follow":"follow","max-snippet":"max-snippet:-1","max-image-preview":"max-image-preview:large","max-video-preview":"max-video-preview:-1"},"canonical":"https:\/\/www.globber.com\/de\/widerrufsbelehrung\/","og_locale":"de_DE","og_type":"article","og_title":"Widerrufsbelehrung - Globber Deutschland","og_description":"Widerrufsbelehrung Verbraucher haben ein drei\u00dfigt\u00e4giges Widerrufsrecht. Widerrufsrecht Sie haben das Recht, binnen drei\u00dfig Tagen ohne Angabe von Gr\u00fcnden diesen Vertrag zu widerrufen. Die Widerrufsfrist betr\u00e4gt drei\u00dfig Tage ab dem Tag, an dem Sie oder ein von Ihnen benannter Dritter, der nicht der Bef\u00f6rderer ist, die letzte Ware in Besitz genommen haben bzw. hat. Um Ihr [&hellip;]","og_url":"https:\/\/www.globber.com\/de\/widerrufsbelehrung\/","og_site_name":"Globber Deutschland","article_modified_time":"2025-10-06T13:03:36+00:00","twitter_card":"summary_large_image","twitter_misc":{"Gesch\u00e4tzte Lesezeit":"3\u00a0Minuten"},"schema":{"@context":"https:\/\/schema.org","@graph":[{"@type":"WebPage","@id":"https:\/\/www.globber.com\/de\/widerrufsbelehrung\/","url":"https:\/\/www.globber.com\/de\/widerrufsbelehrung\/","name":"Widerrufsbelehrung - Globber Deutschland","isPartOf":{"@id":"https:\/\/www.globber.com\/de\/#website"},"datePublished":"2024-05-08T08:11:44+00:00","dateModified":"2025-10-06T13:03:36+00:00","inLanguage":"de","potentialAction":[{"@type":"ReadAction","target":["https:\/\/www.globber.com\/de\/widerrufsbelehrung\/"]}]},{"@type":"WebSite","@id":"https:\/\/www.globber.com\/de\/#website","url":"https:\/\/www.globber.com\/de\/","name":"Globber Deutschland","description":"Die Welt auf R\u00e4dern | Globber.com","publisher":{"@id":"https:\/\/www.globber.com\/de\/#organization"},"potentialAction":[{"@type":"SearchAction","target":{"@type":"EntryPoint","urlTemplate":"https:\/\/www.globber.com\/de\/?s={search_term_string}"},"query-input":{"@type":"PropertyValueSpecification","valueRequired":true,"valueName":"search_term_string"}}],"inLanguage":"de"},{"@type":"Organization","@id":"https:\/\/www.globber.com\/de\/#organization","name":"Globber Deutschland","url":"https:\/\/www.globber.com\/de\/","logo":{"@type":"ImageObject","inLanguage":"de","@id":"https:\/\/www.globber.com\/de\/#\/schema\/logo\/image\/","url":"https:\/\/cdn.globber.com\/content\/sites\/13\/2024\/05\/logo.svg","contentUrl":"https:\/\/cdn.globber.com\/content\/sites\/13\/2024\/05\/logo.svg","width":601,"height":112,"caption":"Globber Deutschland"},"image":{"@id":"https:\/\/www.globber.com\/de\/#\/schema\/logo\/image\/"}}]}},"_links":{"self":[{"href":"https:\/\/www.globber.com\/de\/wp-json\/wp\/v2\/pages\/12301","targetHints":{"allow":["GET"]}}],"collection":[{"href":"https:\/\/www.globber.com\/de\/wp-json\/wp\/v2\/pages"}],"about":[{"href":"https:\/\/www.globber.com\/de\/wp-json\/wp\/v2\/types\/page"}],"author":[{"embeddable":true,"href":"https:\/\/www.globber.com\/de\/wp-json\/wp\/v2\/users\/47"}],"replies":[{"embeddable":true,"href":"https:\/\/www.globber.com\/de\/wp-json\/wp\/v2\/comments?post=12301"}],"version-history":[{"count":2,"href":"https:\/\/www.globber.com\/de\/wp-json\/wp\/v2\/pages\/12301\/revisions"}],"predecessor-version":[{"id":16688,"href":"https:\/\/www.globber.com\/de\/wp-json\/wp\/v2\/pages\/12301\/revisions\/16688"}],"wp:attachment":[{"href":"https:\/\/www.globber.com\/de\/wp-json\/wp\/v2\/media?parent=12301"}],"curies":[{"name":"wp","href":"https:\/\/api.w.org\/{rel}","templated":true}]}}