{"id":553,"date":"2022-10-17T02:08:40","date_gmt":"2022-10-17T02:08:40","guid":{"rendered":"http:\/\/www.globber.com\/de\/?page_id=553"},"modified":"2024-04-23T09:35:30","modified_gmt":"2024-04-23T07:35:30","slug":"store-locator","status":"publish","type":"page","link":"https:\/\/www.globber.com\/de\/store-locator\/","title":{"rendered":"Storefinder"},"content":{"rendered":"<p><p><strong>Du findest kein Gesch\u00e4ft in deiner N\u00e4he? <a href=\"https:\/\/www.globber.com\/de\/214\">Kontaktiere uns f\u00fcr weitere Informationen.<\/a><\/strong><\/p><\/p>\n","protected":false},"excerpt":{"rendered":"<p>Du findest kein Gesch\u00e4ft in deiner N\u00e4he? Kontaktiere uns f\u00fcr weitere Informationen.<\/p>\n","protected":false},"author":1,"featured_media":555,"parent":0,"menu_order":0,"comment_status":"closed","ping_status":"open","template":"templates\/store-locator.php","meta":{"_acf_changed":false,"inline_featured_image":false,"footnotes":""},"class_list":["post-553","page","type-page","status-publish","has-post-thumbnail","hentry"],"acf":[],"yoast_head":"<!-- This site is optimized with the Yoast SEO Premium plugin v20.12 (Yoast SEO v23.4) - https:\/\/yoast.com\/wordpress\/plugins\/seo\/ -->\n<title>Storefinder - Globber Deutschland<\/title>\n<meta name=\"description\" content=\"Find your nearest store!\" \/>\n<meta name=\"robots\" content=\"index, follow, max-snippet:-1, max-image-preview:large, max-video-preview:-1\" \/>\n<link rel=\"canonical\" href=\"https:\/\/www.globber.com\/de\/store-locator\/\" \/>\n<meta property=\"og:locale\" content=\"de_DE\" \/>\n<meta property=\"og:type\" content=\"article\" \/>\n<meta property=\"og:title\" content=\"Storefinder - Globber Deutschland\" \/>\n<meta property=\"og:description\" content=\"Find your nearest store!\" \/>\n<meta property=\"og:url\" content=\"https:\/\/www.globber.com\/de\/store-locator\/\" \/>\n<meta property=\"og:site_name\" content=\"Globber Deutschland\" \/>\n<meta property=\"article:modified_time\" content=\"2024-04-23T07:35:30+00:00\" \/>\n<meta property=\"og:image\" content=\"https:\/\/cdn.globber.com\/content\/sites\/40\/2022\/10\/EN_ONE-NL_PFP_USP-opt2-1645688491.jpg\" \/>\n\t<meta property=\"og:image:width\" content=\"1920\" \/>\n\t<meta property=\"og:image:height\" content=\"337\" \/>\n\t<meta property=\"og:image:type\" content=\"image\/jpeg\" \/>\n<meta name=\"twitter:card\" content=\"summary_large_image\" \/>\n<meta name=\"twitter:label1\" content=\"Gesch\u00e4tzte Lesezeit\" \/>\n\t<meta name=\"twitter:data1\" content=\"1\u00a0Minute\" \/>\n<script type=\"application\/ld+json\" class=\"yoast-schema-graph\">{\"@context\":\"https:\/\/schema.org\",\"@graph\":[{\"@type\":\"WebPage\",\"@id\":\"https:\/\/www.globber.com\/de\/store-locator\/\",\"url\":\"https:\/\/www.globber.com\/de\/store-locator\/\",\"name\":\"Storefinder - Globber Deutschland\",\"isPartOf\":{\"@id\":\"https:\/\/www.globber.com\/de\/#website\"},\"primaryImageOfPage\":{\"@id\":\"https:\/\/www.globber.com\/de\/store-locator\/#primaryimage\"},\"image\":{\"@id\":\"https:\/\/www.globber.com\/de\/store-locator\/#primaryimage\"},\"thumbnailUrl\":\"https:\/\/cdn.globber.com\/content\/2022\/10\/EN_ONE-NL_PFP_USP-opt2-1645688491.jpg\",\"datePublished\":\"2022-10-17T02:08:40+00:00\",\"dateModified\":\"2024-04-23T07:35:30+00:00\",\"description\":\"Find your nearest store!\",\"inLanguage\":\"de\",\"potentialAction\":[{\"@type\":\"ReadAction\",\"target\":[\"https:\/\/www.globber.com\/de\/store-locator\/\"]}]},{\"@type\":\"ImageObject\",\"inLanguage\":\"de\",\"@id\":\"https:\/\/www.globber.com\/de\/store-locator\/#primaryimage\",\"url\":\"https:\/\/cdn.globber.com\/content\/2022\/10\/EN_ONE-NL_PFP_USP-opt2-1645688491.jpg\",\"contentUrl\":\"https:\/\/cdn.globber.com\/content\/2022\/10\/EN_ONE-NL_PFP_USP-opt2-1645688491.jpg\",\"width\":1920,\"height\":337},{\"@type\":\"WebSite\",\"@id\":\"https:\/\/www.globber.com\/de\/#website\",\"url\":\"https:\/\/www.globber.com\/de\/\",\"name\":\"Globber Deutschland\",\"description\":\"Die Welt auf R\u00e4dern | Globber.com\",\"publisher\":{\"@id\":\"https:\/\/www.globber.com\/de\/#organization\"},\"potentialAction\":[{\"@type\":\"SearchAction\",\"target\":{\"@type\":\"EntryPoint\",\"urlTemplate\":\"https:\/\/www.globber.com\/de\/?s={search_term_string}\"},\"query-input\":{\"@type\":\"PropertyValueSpecification\",\"valueRequired\":true,\"valueName\":\"search_term_string\"}}],\"inLanguage\":\"de\"},{\"@type\":\"Organization\",\"@id\":\"https:\/\/www.globber.com\/de\/#organization\",\"name\":\"Globber Deutschland\",\"url\":\"https:\/\/www.globber.com\/de\/\",\"logo\":{\"@type\":\"ImageObject\",\"inLanguage\":\"de\",\"@id\":\"https:\/\/www.globber.com\/de\/#\/schema\/logo\/image\/\",\"url\":\"https:\/\/cdn.globber.com\/content\/sites\/13\/2024\/05\/logo.svg\",\"contentUrl\":\"https:\/\/cdn.globber.com\/content\/sites\/13\/2024\/05\/logo.svg\",\"width\":601,\"height\":112,\"caption\":\"Globber Deutschland\"},\"image\":{\"@id\":\"https:\/\/www.globber.com\/de\/#\/schema\/logo\/image\/\"}}]}<\/script>\n<!-- \/ Yoast SEO Premium plugin. -->","yoast_head_json":{"title":"Storefinder - Globber Deutschland","description":"Find your nearest store!","robots":{"index":"index","follow":"follow","max-snippet":"max-snippet:-1","max-image-preview":"max-image-preview:large","max-video-preview":"max-video-preview:-1"},"canonical":"https:\/\/www.globber.com\/de\/store-locator\/","og_locale":"de_DE","og_type":"article","og_title":"Storefinder - Globber Deutschland","og_description":"Find your nearest store!","og_url":"https:\/\/www.globber.com\/de\/store-locator\/","og_site_name":"Globber Deutschland","article_modified_time":"2024-04-23T07:35:30+00:00","og_image":[{"width":1920,"height":337,"url":"https:\/\/cdn.globber.com\/content\/sites\/40\/2022\/10\/EN_ONE-NL_PFP_USP-opt2-1645688491.jpg","type":"image\/jpeg"}],"twitter_card":"summary_large_image","twitter_misc":{"Gesch\u00e4tzte Lesezeit":"1\u00a0Minute"},"schema":{"@context":"https:\/\/schema.org","@graph":[{"@type":"WebPage","@id":"https:\/\/www.globber.com\/de\/store-locator\/","url":"https:\/\/www.globber.com\/de\/store-locator\/","name":"Storefinder - Globber Deutschland","isPartOf":{"@id":"https:\/\/www.globber.com\/de\/#website"},"primaryImageOfPage":{"@id":"https:\/\/www.globber.com\/de\/store-locator\/#primaryimage"},"image":{"@id":"https:\/\/www.globber.com\/de\/store-locator\/#primaryimage"},"thumbnailUrl":"https:\/\/cdn.globber.com\/content\/2022\/10\/EN_ONE-NL_PFP_USP-opt2-1645688491.jpg","datePublished":"2022-10-17T02:08:40+00:00","dateModified":"2024-04-23T07:35:30+00:00","description":"Find your nearest store!","inLanguage":"de","potentialAction":[{"@type":"ReadAction","target":["https:\/\/www.globber.com\/de\/store-locator\/"]}]},{"@type":"ImageObject","inLanguage":"de","@id":"https:\/\/www.globber.com\/de\/store-locator\/#primaryimage","url":"https:\/\/cdn.globber.com\/content\/2022\/10\/EN_ONE-NL_PFP_USP-opt2-1645688491.jpg","contentUrl":"https:\/\/cdn.globber.com\/content\/2022\/10\/EN_ONE-NL_PFP_USP-opt2-1645688491.jpg","width":1920,"height":337},{"@type":"WebSite","@id":"https:\/\/www.globber.com\/de\/#website","url":"https:\/\/www.globber.com\/de\/","name":"Globber Deutschland","description":"Die Welt auf R\u00e4dern | Globber.com","publisher":{"@id":"https:\/\/www.globber.com\/de\/#organization"},"potentialAction":[{"@type":"SearchAction","target":{"@type":"EntryPoint","urlTemplate":"https:\/\/www.globber.com\/de\/?s={search_term_string}"},"query-input":{"@type":"PropertyValueSpecification","valueRequired":true,"valueName":"search_term_string"}}],"inLanguage":"de"},{"@type":"Organization","@id":"https:\/\/www.globber.com\/de\/#organization","name":"Globber Deutschland","url":"https:\/\/www.globber.com\/de\/","logo":{"@type":"ImageObject","inLanguage":"de","@id":"https:\/\/www.globber.com\/de\/#\/schema\/logo\/image\/","url":"https:\/\/cdn.globber.com\/content\/sites\/13\/2024\/05\/logo.svg","contentUrl":"https:\/\/cdn.globber.com\/content\/sites\/13\/2024\/05\/logo.svg","width":601,"height":112,"caption":"Globber Deutschland"},"image":{"@id":"https:\/\/www.globber.com\/de\/#\/schema\/logo\/image\/"}}]}},"_links":{"self":[{"href":"https:\/\/www.globber.com\/de\/wp-json\/wp\/v2\/pages\/553","targetHints":{"allow":["GET"]}}],"collection":[{"href":"https:\/\/www.globber.com\/de\/wp-json\/wp\/v2\/pages"}],"about":[{"href":"https:\/\/www.globber.com\/de\/wp-json\/wp\/v2\/types\/page"}],"author":[{"embeddable":true,"href":"https:\/\/www.globber.com\/de\/wp-json\/wp\/v2\/users\/1"}],"replies":[{"embeddable":true,"href":"https:\/\/www.globber.com\/de\/wp-json\/wp\/v2\/comments?post=553"}],"version-history":[{"count":0,"href":"https:\/\/www.globber.com\/de\/wp-json\/wp\/v2\/pages\/553\/revisions"}],"wp:featuredmedia":[{"embeddable":true,"href":"https:\/\/www.globber.com\/de\/wp-json\/wp\/v2\/media\/555"}],"wp:attachment":[{"href":"https:\/\/www.globber.com\/de\/wp-json\/wp\/v2\/media?parent=553"}],"curies":[{"name":"wp","href":"https:\/\/api.w.org\/{rel}","templated":true}]}}