{"id":11157,"date":"2024-01-08T06:16:01","date_gmt":"2024-01-08T06:16:01","guid":{"rendered":"https:\/\/www.globber.com\/de\/product\/globber-go-up-foldable-lights-mit-leuchtrollen\/"},"modified":"2026-05-12T13:05:28","modified_gmt":"2026-05-12T11:05:28","slug":"globber-go-up-foldable-lights-mit-leuchtrollen","status":"publish","type":"product","link":"https:\/\/www.globber.com\/de\/product\/globber-go-up-foldable-lights-mit-leuchtrollen\/","title":{"rendered":"GO\u2022UP FOLDABLE LIGHTS"},"content":{"rendered":"<p>Der <strong data-start=\"73\" data-end=\"98\">GO\u2022UP FOLDABLE LIGHTS<\/strong>\u00a0ist ein vielseitiger 3-in-1-Kinderroller f\u00fcr Kinder von 15 Monaten bis 7 Jahren. Dank des patentierten, 100 % werkzeuglosen Designs l\u00e4sst sich der Roller m\u00fchelos zwischen Aufsitz-, Laufrad- und Scooter-Modus umwandeln.<\/p>\n<p>Ausgestattet mit batterielosen LED-Vorderr\u00e4dern in Rot, Gr\u00fcn und Blau, einem 2-fach h\u00f6henverstellbaren TPR-Sitz sowie einer 3-fach h\u00f6henverstellbaren Lenkstange, bietet er hohen Komfort und Sicherheit. Das extra tiefe, verst\u00e4rkte Deck mit rutschfester Trittfl\u00e4che tr\u00e4gt Kinder bis zu 50 kg.<\/p>\n","protected":false},"excerpt":{"rendered":"<ul>\n<li>2-fach verstellbarer Sitz,<\/li>\n<li>3-fach verstellbare Lenkstange,<\/li>\n<li>LED-Leuchtr\u00e4der<\/li>\n<\/ul>\n","protected":false},"featured_media":17229,"comment_status":"open","ping_status":"closed","template":"","meta":{"_acf_changed":false,"inline_featured_image":false},"product-special-badges":[],"product_brand":[],"product_cat":[4269,4173,1696,1694,3560,1247,1630],"product_tag":[3708],"class_list":{"0":"post-11157","1":"product","2":"type-product","3":"status-publish","4":"has-post-thumbnail","6":"product_cat-go-up-product-list","7":"product_cat-sale","8":"product_cat-faltbare-roller","9":"product_cat-light-up-scooter","10":"product_cat-umbaubare-fahrzeuge","11":"product_cat-go-up-serie","12":"product_cat-kleinkind-scooter-trikes-balance-bikes-2","13":"product_tag-import","14":"pa_color-mint","15":"pa_color-pastel-blue","16":"pa_color-pastel-pink","17":"pa_ean-3717","18":"pa_ean-3718","19":"pa_ean-3720","20":"pa_foldable-yes","21":"pa_maximales-benutzergewicht-20-kg-aufsitz-laufradmodus-50-kg-scootermodus","22":"pa_product-type-aufsitzfahrzeug","23":"pa_product-type-laufrad","24":"pa_produktkategorie-umbaubarer-roller","25":"pa_recommended-user-height-70cm-to-130cm","26":"pa_series-go-up-serie","27":"pa_t-bar-3-fach-hoehenverstellbar","28":"pa_umbaubar-ja","30":"first","31":"instock","32":"taxable","33":"shipping-taxable","34":"purchasable","35":"product-type-variable"},"bundled_by":[],"bundle_stock_status":"instock","bundle_stock_quantity":null,"bundle_virtual":false,"bundle_layout":"","bundle_add_to_cart_form_location":"","bundle_editable_in_cart":false,"bundle_sold_individually_context":"","bundle_item_grouping":"","bundle_min_size":"","bundle_max_size":"","bundled_items":[],"bundle_sell_ids":[],"acf":[],"yoast_head":"<!-- This site is optimized with the Yoast SEO Premium plugin v20.12 (Yoast SEO v23.4) - https:\/\/yoast.com\/wordpress\/plugins\/seo\/ -->\n<title>GO\u2022UP FOLDABLE LIGHTS - Globber Deutschland<\/title>\n<meta name=\"description\" content=\"Der GO\u2022UP Foldable Lights ist ein 3-in-1-Kinderroller mit LED-Leuchtr\u00e4dern, verstellbarem Sitz und Lenkstange sowie einem sicheren, rutschfesten Deck.\" \/>\n<meta name=\"robots\" content=\"index, follow, max-snippet:-1, max-image-preview:large, max-video-preview:-1\" \/>\n<link rel=\"canonical\" href=\"https:\/\/www.globber.com\/de\/product\/globber-go-up-foldable-lights-mit-leuchtrollen\/\" \/>\n<meta property=\"og:locale\" content=\"de_DE\" \/>\n<meta property=\"og:type\" content=\"article\" \/>\n<meta property=\"og:title\" content=\"GO\u2022UP FOLDABLE LIGHTS - Globber Deutschland\" \/>\n<meta property=\"og:description\" content=\"Der GO\u2022UP Foldable Lights ist ein 3-in-1-Kinderroller mit LED-Leuchtr\u00e4dern, verstellbarem Sitz und Lenkstange sowie einem sicheren, rutschfesten Deck.\" \/>\n<meta property=\"og:url\" content=\"https:\/\/www.globber.com\/de\/product\/globber-go-up-foldable-lights-mit-leuchtrollen\/\" \/>\n<meta property=\"og:site_name\" content=\"Globber Deutschland\" \/>\n<meta property=\"article:modified_time\" content=\"2026-05-12T11:05:28+00:00\" \/>\n<meta property=\"og:image\" content=\"https:\/\/cdn.globber.com\/content\/sites\/13\/2024\/01\/go-up-foldable-lights.jpg\" \/>\n\t<meta property=\"og:image:width\" content=\"2048\" \/>\n\t<meta property=\"og:image:height\" content=\"2048\" \/>\n\t<meta property=\"og:image:type\" content=\"image\/jpeg\" \/>\n<meta name=\"twitter:card\" content=\"summary_large_image\" \/>\n<meta name=\"twitter:label1\" content=\"Availability\" \/>\n\t<meta name=\"twitter:data1\" content=\"In stock\" \/>\n<script type=\"application\/ld+json\" class=\"yoast-schema-graph\">{\"@context\":\"https:\/\/schema.org\",\"@graph\":[{\"@type\":[\"WebPage\",\"ItemPage\"],\"@id\":\"https:\/\/www.globber.com\/de\/product\/globber-go-up-foldable-lights-mit-leuchtrollen\/\",\"url\":\"https:\/\/www.globber.com\/de\/product\/globber-go-up-foldable-lights-mit-leuchtrollen\/\",\"name\":\"GO\u2022UP FOLDABLE LIGHTS - Globber Deutschland\",\"isPartOf\":{\"@id\":\"https:\/\/www.globber.com\/de\/#website\"},\"primaryImageOfPage\":{\"@id\":\"https:\/\/www.globber.com\/de\/product\/globber-go-up-foldable-lights-mit-leuchtrollen\/#primaryimage\"},\"image\":{\"@id\":\"https:\/\/www.globber.com\/de\/product\/globber-go-up-foldable-lights-mit-leuchtrollen\/#primaryimage\"},\"thumbnailUrl\":\"https:\/\/cdn.globber.com\/content\/sites\/13\/2024\/01\/go-up-foldable-lights.jpg\",\"datePublished\":\"2024-01-08T06:16:01+00:00\",\"dateModified\":\"2026-05-12T11:05:28+00:00\",\"description\":\"Der GO\u2022UP Foldable Lights ist ein 3-in-1-Kinderroller mit LED-Leuchtr\u00e4dern, verstellbarem Sitz und Lenkstange sowie einem sicheren, rutschfesten Deck.\",\"breadcrumb\":{\"@id\":\"https:\/\/www.globber.com\/de\/product\/globber-go-up-foldable-lights-mit-leuchtrollen\/#breadcrumb\"},\"inLanguage\":\"de\",\"potentialAction\":[{\"@type\":\"ReadAction\",\"target\":[\"https:\/\/www.globber.com\/de\/product\/globber-go-up-foldable-lights-mit-leuchtrollen\/\"]}]},{\"@type\":\"ImageObject\",\"inLanguage\":\"de\",\"@id\":\"https:\/\/www.globber.com\/de\/product\/globber-go-up-foldable-lights-mit-leuchtrollen\/#primaryimage\",\"url\":\"https:\/\/cdn.globber.com\/content\/sites\/13\/2024\/01\/go-up-foldable-lights.jpg\",\"contentUrl\":\"https:\/\/cdn.globber.com\/content\/sites\/13\/2024\/01\/go-up-foldable-lights.jpg\",\"width\":2048,\"height\":2048},{\"@type\":\"BreadcrumbList\",\"@id\":\"https:\/\/www.globber.com\/de\/product\/globber-go-up-foldable-lights-mit-leuchtrollen\/#breadcrumb\",\"itemListElement\":[{\"@type\":\"ListItem\",\"position\":1,\"name\":\"Alle Produkte\",\"item\":\"https:\/\/www.globber.com\/de\/shop-by-product\/\"},{\"@type\":\"ListItem\",\"position\":2,\"name\":\"GO\u2022UP FOLDABLE LIGHTS\"}]},{\"@type\":\"WebSite\",\"@id\":\"https:\/\/www.globber.com\/de\/#website\",\"url\":\"https:\/\/www.globber.com\/de\/\",\"name\":\"Globber Deutschland\",\"description\":\"Die Welt auf R\u00e4dern | Globber.com\",\"publisher\":{\"@id\":\"https:\/\/www.globber.com\/de\/#organization\"},\"potentialAction\":[{\"@type\":\"SearchAction\",\"target\":{\"@type\":\"EntryPoint\",\"urlTemplate\":\"https:\/\/www.globber.com\/de\/?s={search_term_string}\"},\"query-input\":{\"@type\":\"PropertyValueSpecification\",\"valueRequired\":true,\"valueName\":\"search_term_string\"}}],\"inLanguage\":\"de\"},{\"@type\":\"Organization\",\"@id\":\"https:\/\/www.globber.com\/de\/#organization\",\"name\":\"Globber Deutschland\",\"url\":\"https:\/\/www.globber.com\/de\/\",\"logo\":{\"@type\":\"ImageObject\",\"inLanguage\":\"de\",\"@id\":\"https:\/\/www.globber.com\/de\/#\/schema\/logo\/image\/\",\"url\":\"https:\/\/cdn.globber.com\/content\/sites\/13\/2024\/05\/logo.svg\",\"contentUrl\":\"https:\/\/cdn.globber.com\/content\/sites\/13\/2024\/05\/logo.svg\",\"width\":601,\"height\":112,\"caption\":\"Globber Deutschland\"},\"image\":{\"@id\":\"https:\/\/www.globber.com\/de\/#\/schema\/logo\/image\/\"}}]}<\/script>\n<meta property=\"og:availability\" content=\"instock\" \/>\n<meta property=\"product:availability\" content=\"instock\" \/>\n<meta property=\"product:retailer_item_id\" content=\"649-XXX\" \/>\n<meta property=\"product:condition\" content=\"new\" \/>\n<!-- \/ Yoast SEO Premium plugin. -->","yoast_head_json":{"title":"GO\u2022UP FOLDABLE LIGHTS - Globber Deutschland","description":"Der GO\u2022UP Foldable Lights ist ein 3-in-1-Kinderroller mit LED-Leuchtr\u00e4dern, verstellbarem Sitz und Lenkstange sowie einem sicheren, rutschfesten Deck.","robots":{"index":"index","follow":"follow","max-snippet":"max-snippet:-1","max-image-preview":"max-image-preview:large","max-video-preview":"max-video-preview:-1"},"canonical":"https:\/\/www.globber.com\/de\/product\/globber-go-up-foldable-lights-mit-leuchtrollen\/","og_locale":"de_DE","og_type":"article","og_title":"GO\u2022UP FOLDABLE LIGHTS - Globber Deutschland","og_description":"Der GO\u2022UP Foldable Lights ist ein 3-in-1-Kinderroller mit LED-Leuchtr\u00e4dern, verstellbarem Sitz und Lenkstange sowie einem sicheren, rutschfesten Deck.","og_url":"https:\/\/www.globber.com\/de\/product\/globber-go-up-foldable-lights-mit-leuchtrollen\/","og_site_name":"Globber Deutschland","article_modified_time":"2026-05-12T11:05:28+00:00","og_image":[{"width":2048,"height":2048,"url":"https:\/\/cdn.globber.com\/content\/sites\/13\/2024\/01\/go-up-foldable-lights.jpg","type":"image\/jpeg"}],"twitter_card":"summary_large_image","twitter_misc":{"Availability":"In stock"},"schema":{"@context":"https:\/\/schema.org","@graph":[{"@type":["WebPage","ItemPage"],"@id":"https:\/\/www.globber.com\/de\/product\/globber-go-up-foldable-lights-mit-leuchtrollen\/","url":"https:\/\/www.globber.com\/de\/product\/globber-go-up-foldable-lights-mit-leuchtrollen\/","name":"GO\u2022UP FOLDABLE LIGHTS - Globber Deutschland","isPartOf":{"@id":"https:\/\/www.globber.com\/de\/#website"},"primaryImageOfPage":{"@id":"https:\/\/www.globber.com\/de\/product\/globber-go-up-foldable-lights-mit-leuchtrollen\/#primaryimage"},"image":{"@id":"https:\/\/www.globber.com\/de\/product\/globber-go-up-foldable-lights-mit-leuchtrollen\/#primaryimage"},"thumbnailUrl":"https:\/\/cdn.globber.com\/content\/sites\/13\/2024\/01\/go-up-foldable-lights.jpg","datePublished":"2024-01-08T06:16:01+00:00","dateModified":"2026-05-12T11:05:28+00:00","description":"Der GO\u2022UP Foldable Lights ist ein 3-in-1-Kinderroller mit LED-Leuchtr\u00e4dern, verstellbarem Sitz und Lenkstange sowie einem sicheren, rutschfesten Deck.","breadcrumb":{"@id":"https:\/\/www.globber.com\/de\/product\/globber-go-up-foldable-lights-mit-leuchtrollen\/#breadcrumb"},"inLanguage":"de","potentialAction":[{"@type":"ReadAction","target":["https:\/\/www.globber.com\/de\/product\/globber-go-up-foldable-lights-mit-leuchtrollen\/"]}]},{"@type":"ImageObject","inLanguage":"de","@id":"https:\/\/www.globber.com\/de\/product\/globber-go-up-foldable-lights-mit-leuchtrollen\/#primaryimage","url":"https:\/\/cdn.globber.com\/content\/sites\/13\/2024\/01\/go-up-foldable-lights.jpg","contentUrl":"https:\/\/cdn.globber.com\/content\/sites\/13\/2024\/01\/go-up-foldable-lights.jpg","width":2048,"height":2048},{"@type":"BreadcrumbList","@id":"https:\/\/www.globber.com\/de\/product\/globber-go-up-foldable-lights-mit-leuchtrollen\/#breadcrumb","itemListElement":[{"@type":"ListItem","position":1,"name":"Alle Produkte","item":"https:\/\/www.globber.com\/de\/shop-by-product\/"},{"@type":"ListItem","position":2,"name":"GO\u2022UP FOLDABLE LIGHTS"}]},{"@type":"WebSite","@id":"https:\/\/www.globber.com\/de\/#website","url":"https:\/\/www.globber.com\/de\/","name":"Globber Deutschland","description":"Die Welt auf R\u00e4dern | Globber.com","publisher":{"@id":"https:\/\/www.globber.com\/de\/#organization"},"potentialAction":[{"@type":"SearchAction","target":{"@type":"EntryPoint","urlTemplate":"https:\/\/www.globber.com\/de\/?s={search_term_string}"},"query-input":{"@type":"PropertyValueSpecification","valueRequired":true,"valueName":"search_term_string"}}],"inLanguage":"de"},{"@type":"Organization","@id":"https:\/\/www.globber.com\/de\/#organization","name":"Globber Deutschland","url":"https:\/\/www.globber.com\/de\/","logo":{"@type":"ImageObject","inLanguage":"de","@id":"https:\/\/www.globber.com\/de\/#\/schema\/logo\/image\/","url":"https:\/\/cdn.globber.com\/content\/sites\/13\/2024\/05\/logo.svg","contentUrl":"https:\/\/cdn.globber.com\/content\/sites\/13\/2024\/05\/logo.svg","width":601,"height":112,"caption":"Globber Deutschland"},"image":{"@id":"https:\/\/www.globber.com\/de\/#\/schema\/logo\/image\/"}}]},"og_availability":"instock","product_availability":"instock","product_retailer_item_id":"649-XXX","product_condition":"new"},"_links":{"self":[{"href":"https:\/\/www.globber.com\/de\/wp-json\/wp\/v2\/product\/11157","targetHints":{"allow":["GET"]}}],"collection":[{"href":"https:\/\/www.globber.com\/de\/wp-json\/wp\/v2\/product"}],"about":[{"href":"https:\/\/www.globber.com\/de\/wp-json\/wp\/v2\/types\/product"}],"replies":[{"embeddable":true,"href":"https:\/\/www.globber.com\/de\/wp-json\/wp\/v2\/comments?post=11157"}],"wp:featuredmedia":[{"embeddable":true,"href":"https:\/\/www.globber.com\/de\/wp-json\/wp\/v2\/media\/17229"}],"wp:attachment":[{"href":"https:\/\/www.globber.com\/de\/wp-json\/wp\/v2\/media?parent=11157"}],"wp:term":[{"taxonomy":"product-special-badges","embeddable":true,"href":"https:\/\/www.globber.com\/de\/wp-json\/wp\/v2\/product-special-badges?post=11157"},{"taxonomy":"product_brand","embeddable":true,"href":"https:\/\/www.globber.com\/de\/wp-json\/wp\/v2\/product_brand?post=11157"},{"taxonomy":"product_cat","embeddable":true,"href":"https:\/\/www.globber.com\/de\/wp-json\/wp\/v2\/product_cat?post=11157"},{"taxonomy":"product_tag","embeddable":true,"href":"https:\/\/www.globber.com\/de\/wp-json\/wp\/v2\/product_tag?post=11157"}],"curies":[{"name":"wp","href":"https:\/\/api.w.org\/{rel}","templated":true}]}}