{"id":11161,"date":"2024-01-08T06:16:01","date_gmt":"2024-01-08T06:16:01","guid":{"rendered":"https:\/\/www.globber.com\/de\/product\/globber-go-up-foldable-plus-lights-mit-leuchtrollen\/"},"modified":"2026-03-24T15:47:08","modified_gmt":"2026-03-24T14:47:08","slug":"globber-go-up-foldable-plus-lights-mit-leuchtrollen","status":"publish","type":"product","link":"https:\/\/www.globber.com\/de\/product\/globber-go-up-foldable-plus-lights-mit-leuchtrollen\/","title":{"rendered":"GO\u2022UP FOLDABLE PLUS LIGHTS MIT LEUCHTROLLEN"},"content":{"rendered":"<p data-start=\"137\" data-end=\"710\">Der <strong data-start=\"229\" data-end=\"259\">GO\u2022UP FOLDABLE PLUS LIGHTS<\/strong> ist ein vielseitiger 3-Rad-Leuchtscooter mit Sitz, der speziell f\u00fcr Kleinkinder von 15 Monaten bis 7 Jahren entwickelt wurde. Dank des patentierten, 100 % werkzeuglosen Designs l\u00e4sst sich der Scooter m\u00fchelos zwischen verschiedenen Modi \u2013 Fahrmodus, Laufrad- und Scooter-Modus \u2013 wechseln. Die Schubstangen- und Walking-Bike-Modi sind ideal f\u00fcr Kleinkinder im Alter von 15 bis 36 Monaten, w\u00e4hrend der Scooter-Modus perfekt f\u00fcr Kinder ab 3 Jahren ist.<\/p>\n<p data-start=\"712\" data-end=\"1124\">Der <strong data-start=\"716\" data-end=\"746\">GO\u2022UP FOLDABLE PLUS LIGHTS<\/strong> bietet h\u00f6chsten Komfort mit einem weichen, h\u00f6henverstellbaren TPR-Sitz, der sich einfach per Knopfdruck an der Seite anpassen l\u00e4sst. Die 3-fach h\u00f6henverstellbare Lenkstange sorgt daf\u00fcr, dass der Roller mit deinem Kind mitw\u00e4chst und stets eine ergonomische Fahrposition garantiert. F\u00fcr zus\u00e4tzliche Sicherheit und Komfort sorgt die leicht abnehmbare Fu\u00dfst\u00fctze im Aufsitz-Modus.<\/p>\n<p data-start=\"1126\" data-end=\"1607\">Ausgestattet mit zwei hochwertigen, batterielosen 120-mm-LED-Vorderr\u00e4dern aus robustem PU-Guss, die bei jeder Fahrt in Rot, Gr\u00fcn und Blau leuchten, bringt der <strong data-start=\"1285\" data-end=\"1315\">GO\u2022UP FOLDABLE PLUS LIGHTS<\/strong> nicht nur viel Spa\u00df, sondern auch Sichtbarkeit. Je schneller dein Kind f\u00e4hrt, desto intensiver leuchten die farbenfrohen LED-R\u00e4der! Das extra tiefe, verst\u00e4rkte Deck mit rutschfester Trittfl\u00e4che bietet dabei maximale Stabilit\u00e4t und Sicherheit und tr\u00e4gt Kinder bis zu einem Gewicht von 50 kg.<\/p>\n","protected":false},"excerpt":{"rendered":"<p>Umbaubares 3-in-1-Kinderfahrzeug\u00a0 ab 15 Monaten bis 7 Jahren.<\/p>\n","protected":false},"featured_media":16087,"comment_status":"open","ping_status":"closed","template":"","meta":{"_acf_changed":false,"inline_featured_image":false},"product-special-badges":[],"product_brand":[],"product_cat":[4269,1696,1694,3560,1247],"product_tag":[3708],"class_list":{"0":"post-11161","1":"product","2":"type-product","3":"status-publish","4":"has-post-thumbnail","6":"product_cat-go-up-product-list","7":"product_cat-faltbare-roller","8":"product_cat-light-up-scooter","9":"product_cat-umbaubare-fahrzeuge","10":"product_cat-go-up-serie","11":"product_tag-import","12":"pa_color-sky-blue","13":"pa_color-deep-pink","14":"pa_ean-3722","15":"pa_ean-3723","16":"pa_product-type-aufsitzfahrzeug","17":"pa_product-type-laufrad","19":"first","20":"outofstock","21":"taxable","22":"shipping-taxable","23":"product-type-variable"},"bundled_by":[],"bundle_stock_status":"outofstock","bundle_stock_quantity":null,"bundle_virtual":false,"bundle_layout":"","bundle_add_to_cart_form_location":"","bundle_editable_in_cart":false,"bundle_sold_individually_context":"","bundle_item_grouping":"","bundle_min_size":"","bundle_max_size":"","bundled_items":[],"bundle_sell_ids":[],"acf":[],"yoast_head":"<!-- This site is optimized with the Yoast SEO Premium plugin v20.12 (Yoast SEO v23.4) - https:\/\/yoast.com\/wordpress\/plugins\/seo\/ -->\n<title>GO\u2022UP FOLDABLE PLUS LIGHTS: Faltbarer 3-in-1-Scooter<\/title>\n<meta name=\"description\" content=\"Kinderroller mit einem h\u00f6henverstellbaren TPR-Sitz, einer 3-fach h\u00f6henverstellbaren Lenkstange und ein extra tiefes, verst\u00e4rktes Deck,\" \/>\n<meta name=\"robots\" content=\"index, follow, max-snippet:-1, max-image-preview:large, max-video-preview:-1\" \/>\n<link rel=\"canonical\" href=\"https:\/\/www.globber.com\/de\/product\/globber-go-up-foldable-plus-lights-mit-leuchtrollen\/\" \/>\n<meta property=\"og:locale\" content=\"de_DE\" \/>\n<meta property=\"og:type\" content=\"article\" \/>\n<meta property=\"og:title\" content=\"GO\u2022UP FOLDABLE PLUS LIGHTS: Faltbarer 3-in-1-Scooter\" \/>\n<meta property=\"og:description\" content=\"Kinderroller mit einem h\u00f6henverstellbaren TPR-Sitz, einer 3-fach h\u00f6henverstellbaren Lenkstange und ein extra tiefes, verst\u00e4rktes Deck,\" \/>\n<meta property=\"og:url\" content=\"https:\/\/www.globber.com\/de\/product\/globber-go-up-foldable-plus-lights-mit-leuchtrollen\/\" \/>\n<meta property=\"og:site_name\" content=\"Globber Deutschland\" \/>\n<meta property=\"article:modified_time\" content=\"2026-03-24T14:47:08+00:00\" \/>\n<meta property=\"og:image\" content=\"https:\/\/cdn.globber.com\/content\/sites\/13\/2024\/01\/01_overview_643-101-1920x1920.jpg\" \/>\n\t<meta property=\"og:image:width\" content=\"1920\" \/>\n\t<meta property=\"og:image:height\" content=\"1920\" \/>\n\t<meta property=\"og:image:type\" content=\"image\/jpeg\" \/>\n<meta name=\"twitter:card\" content=\"summary_large_image\" \/>\n<meta name=\"twitter:label1\" content=\"Availability\" \/>\n\t<meta name=\"twitter:data1\" content=\"Out of stock\" \/>\n<script type=\"application\/ld+json\" class=\"yoast-schema-graph\">{\"@context\":\"https:\/\/schema.org\",\"@graph\":[{\"@type\":[\"WebPage\",\"ItemPage\"],\"@id\":\"https:\/\/www.globber.com\/de\/product\/globber-go-up-foldable-plus-lights-mit-leuchtrollen\/\",\"url\":\"https:\/\/www.globber.com\/de\/product\/globber-go-up-foldable-plus-lights-mit-leuchtrollen\/\",\"name\":\"GO\u2022UP FOLDABLE PLUS LIGHTS: Faltbarer 3-in-1-Scooter\",\"isPartOf\":{\"@id\":\"https:\/\/www.globber.com\/de\/#website\"},\"primaryImageOfPage\":{\"@id\":\"https:\/\/www.globber.com\/de\/product\/globber-go-up-foldable-plus-lights-mit-leuchtrollen\/#primaryimage\"},\"image\":{\"@id\":\"https:\/\/www.globber.com\/de\/product\/globber-go-up-foldable-plus-lights-mit-leuchtrollen\/#primaryimage\"},\"thumbnailUrl\":\"https:\/\/cdn.globber.com\/content\/sites\/13\/2024\/01\/01_overview_643-101.jpg\",\"datePublished\":\"2024-01-08T06:16:01+00:00\",\"dateModified\":\"2026-03-24T14:47:08+00:00\",\"description\":\"Kinderroller mit einem h\u00f6henverstellbaren TPR-Sitz, einer 3-fach h\u00f6henverstellbaren Lenkstange und ein extra tiefes, verst\u00e4rktes Deck,\",\"breadcrumb\":{\"@id\":\"https:\/\/www.globber.com\/de\/product\/globber-go-up-foldable-plus-lights-mit-leuchtrollen\/#breadcrumb\"},\"inLanguage\":\"de\",\"potentialAction\":[{\"@type\":\"ReadAction\",\"target\":[\"https:\/\/www.globber.com\/de\/product\/globber-go-up-foldable-plus-lights-mit-leuchtrollen\/\"]}]},{\"@type\":\"ImageObject\",\"inLanguage\":\"de\",\"@id\":\"https:\/\/www.globber.com\/de\/product\/globber-go-up-foldable-plus-lights-mit-leuchtrollen\/#primaryimage\",\"url\":\"https:\/\/cdn.globber.com\/content\/sites\/13\/2024\/01\/01_overview_643-101.jpg\",\"contentUrl\":\"https:\/\/cdn.globber.com\/content\/sites\/13\/2024\/01\/01_overview_643-101.jpg\",\"width\":5000,\"height\":5000},{\"@type\":\"BreadcrumbList\",\"@id\":\"https:\/\/www.globber.com\/de\/product\/globber-go-up-foldable-plus-lights-mit-leuchtrollen\/#breadcrumb\",\"itemListElement\":[{\"@type\":\"ListItem\",\"position\":1,\"name\":\"Alle Produkte\",\"item\":\"https:\/\/www.globber.com\/de\/shop-by-product\/\"},{\"@type\":\"ListItem\",\"position\":2,\"name\":\"GO\u2022UP FOLDABLE PLUS LIGHTS MIT LEUCHTROLLEN\"}]},{\"@type\":\"WebSite\",\"@id\":\"https:\/\/www.globber.com\/de\/#website\",\"url\":\"https:\/\/www.globber.com\/de\/\",\"name\":\"Globber Deutschland\",\"description\":\"Die Welt auf R\u00e4dern | Globber.com\",\"publisher\":{\"@id\":\"https:\/\/www.globber.com\/de\/#organization\"},\"potentialAction\":[{\"@type\":\"SearchAction\",\"target\":{\"@type\":\"EntryPoint\",\"urlTemplate\":\"https:\/\/www.globber.com\/de\/?s={search_term_string}\"},\"query-input\":{\"@type\":\"PropertyValueSpecification\",\"valueRequired\":true,\"valueName\":\"search_term_string\"}}],\"inLanguage\":\"de\"},{\"@type\":\"Organization\",\"@id\":\"https:\/\/www.globber.com\/de\/#organization\",\"name\":\"Globber Deutschland\",\"url\":\"https:\/\/www.globber.com\/de\/\",\"logo\":{\"@type\":\"ImageObject\",\"inLanguage\":\"de\",\"@id\":\"https:\/\/www.globber.com\/de\/#\/schema\/logo\/image\/\",\"url\":\"https:\/\/cdn.globber.com\/content\/sites\/13\/2024\/05\/logo.svg\",\"contentUrl\":\"https:\/\/cdn.globber.com\/content\/sites\/13\/2024\/05\/logo.svg\",\"width\":601,\"height\":112,\"caption\":\"Globber Deutschland\"},\"image\":{\"@id\":\"https:\/\/www.globber.com\/de\/#\/schema\/logo\/image\/\"}}]}<\/script>\n<meta property=\"og:availability\" content=\"out of stock\" \/>\n<meta property=\"product:availability\" content=\"out of stock\" \/>\n<meta property=\"product:retailer_item_id\" content=\"643-XXX\" \/>\n<meta property=\"product:condition\" content=\"new\" \/>\n<!-- \/ Yoast SEO Premium plugin. -->","yoast_head_json":{"title":"GO\u2022UP FOLDABLE PLUS LIGHTS: Faltbarer 3-in-1-Scooter","description":"Kinderroller mit einem h\u00f6henverstellbaren TPR-Sitz, einer 3-fach h\u00f6henverstellbaren Lenkstange und ein extra tiefes, verst\u00e4rktes Deck,","robots":{"index":"index","follow":"follow","max-snippet":"max-snippet:-1","max-image-preview":"max-image-preview:large","max-video-preview":"max-video-preview:-1"},"canonical":"https:\/\/www.globber.com\/de\/product\/globber-go-up-foldable-plus-lights-mit-leuchtrollen\/","og_locale":"de_DE","og_type":"article","og_title":"GO\u2022UP FOLDABLE PLUS LIGHTS: Faltbarer 3-in-1-Scooter","og_description":"Kinderroller mit einem h\u00f6henverstellbaren TPR-Sitz, einer 3-fach h\u00f6henverstellbaren Lenkstange und ein extra tiefes, verst\u00e4rktes Deck,","og_url":"https:\/\/www.globber.com\/de\/product\/globber-go-up-foldable-plus-lights-mit-leuchtrollen\/","og_site_name":"Globber Deutschland","article_modified_time":"2026-03-24T14:47:08+00:00","og_image":[{"width":1920,"height":1920,"url":"https:\/\/cdn.globber.com\/content\/sites\/13\/2024\/01\/01_overview_643-101-1920x1920.jpg","type":"image\/jpeg"}],"twitter_card":"summary_large_image","twitter_misc":{"Availability":"Out of stock"},"schema":{"@context":"https:\/\/schema.org","@graph":[{"@type":["WebPage","ItemPage"],"@id":"https:\/\/www.globber.com\/de\/product\/globber-go-up-foldable-plus-lights-mit-leuchtrollen\/","url":"https:\/\/www.globber.com\/de\/product\/globber-go-up-foldable-plus-lights-mit-leuchtrollen\/","name":"GO\u2022UP FOLDABLE PLUS LIGHTS: Faltbarer 3-in-1-Scooter","isPartOf":{"@id":"https:\/\/www.globber.com\/de\/#website"},"primaryImageOfPage":{"@id":"https:\/\/www.globber.com\/de\/product\/globber-go-up-foldable-plus-lights-mit-leuchtrollen\/#primaryimage"},"image":{"@id":"https:\/\/www.globber.com\/de\/product\/globber-go-up-foldable-plus-lights-mit-leuchtrollen\/#primaryimage"},"thumbnailUrl":"https:\/\/cdn.globber.com\/content\/sites\/13\/2024\/01\/01_overview_643-101.jpg","datePublished":"2024-01-08T06:16:01+00:00","dateModified":"2026-03-24T14:47:08+00:00","description":"Kinderroller mit einem h\u00f6henverstellbaren TPR-Sitz, einer 3-fach h\u00f6henverstellbaren Lenkstange und ein extra tiefes, verst\u00e4rktes Deck,","breadcrumb":{"@id":"https:\/\/www.globber.com\/de\/product\/globber-go-up-foldable-plus-lights-mit-leuchtrollen\/#breadcrumb"},"inLanguage":"de","potentialAction":[{"@type":"ReadAction","target":["https:\/\/www.globber.com\/de\/product\/globber-go-up-foldable-plus-lights-mit-leuchtrollen\/"]}]},{"@type":"ImageObject","inLanguage":"de","@id":"https:\/\/www.globber.com\/de\/product\/globber-go-up-foldable-plus-lights-mit-leuchtrollen\/#primaryimage","url":"https:\/\/cdn.globber.com\/content\/sites\/13\/2024\/01\/01_overview_643-101.jpg","contentUrl":"https:\/\/cdn.globber.com\/content\/sites\/13\/2024\/01\/01_overview_643-101.jpg","width":5000,"height":5000},{"@type":"BreadcrumbList","@id":"https:\/\/www.globber.com\/de\/product\/globber-go-up-foldable-plus-lights-mit-leuchtrollen\/#breadcrumb","itemListElement":[{"@type":"ListItem","position":1,"name":"Alle Produkte","item":"https:\/\/www.globber.com\/de\/shop-by-product\/"},{"@type":"ListItem","position":2,"name":"GO\u2022UP FOLDABLE PLUS LIGHTS MIT LEUCHTROLLEN"}]},{"@type":"WebSite","@id":"https:\/\/www.globber.com\/de\/#website","url":"https:\/\/www.globber.com\/de\/","name":"Globber Deutschland","description":"Die Welt auf R\u00e4dern | Globber.com","publisher":{"@id":"https:\/\/www.globber.com\/de\/#organization"},"potentialAction":[{"@type":"SearchAction","target":{"@type":"EntryPoint","urlTemplate":"https:\/\/www.globber.com\/de\/?s={search_term_string}"},"query-input":{"@type":"PropertyValueSpecification","valueRequired":true,"valueName":"search_term_string"}}],"inLanguage":"de"},{"@type":"Organization","@id":"https:\/\/www.globber.com\/de\/#organization","name":"Globber Deutschland","url":"https:\/\/www.globber.com\/de\/","logo":{"@type":"ImageObject","inLanguage":"de","@id":"https:\/\/www.globber.com\/de\/#\/schema\/logo\/image\/","url":"https:\/\/cdn.globber.com\/content\/sites\/13\/2024\/05\/logo.svg","contentUrl":"https:\/\/cdn.globber.com\/content\/sites\/13\/2024\/05\/logo.svg","width":601,"height":112,"caption":"Globber Deutschland"},"image":{"@id":"https:\/\/www.globber.com\/de\/#\/schema\/logo\/image\/"}}]},"og_availability":"out of stock","product_availability":"out of stock","product_retailer_item_id":"643-XXX","product_condition":"new"},"_links":{"self":[{"href":"https:\/\/www.globber.com\/de\/wp-json\/wp\/v2\/product\/11161","targetHints":{"allow":["GET"]}}],"collection":[{"href":"https:\/\/www.globber.com\/de\/wp-json\/wp\/v2\/product"}],"about":[{"href":"https:\/\/www.globber.com\/de\/wp-json\/wp\/v2\/types\/product"}],"replies":[{"embeddable":true,"href":"https:\/\/www.globber.com\/de\/wp-json\/wp\/v2\/comments?post=11161"}],"wp:featuredmedia":[{"embeddable":true,"href":"https:\/\/www.globber.com\/de\/wp-json\/wp\/v2\/media\/16087"}],"wp:attachment":[{"href":"https:\/\/www.globber.com\/de\/wp-json\/wp\/v2\/media?parent=11161"}],"wp:term":[{"taxonomy":"product-special-badges","embeddable":true,"href":"https:\/\/www.globber.com\/de\/wp-json\/wp\/v2\/product-special-badges?post=11161"},{"taxonomy":"product_brand","embeddable":true,"href":"https:\/\/www.globber.com\/de\/wp-json\/wp\/v2\/product_brand?post=11161"},{"taxonomy":"product_cat","embeddable":true,"href":"https:\/\/www.globber.com\/de\/wp-json\/wp\/v2\/product_cat?post=11161"},{"taxonomy":"product_tag","embeddable":true,"href":"https:\/\/www.globber.com\/de\/wp-json\/wp\/v2\/product_tag?post=11161"}],"curies":[{"name":"wp","href":"https:\/\/api.w.org\/{rel}","templated":true}]}}