{"id":11164,"date":"2024-01-08T06:16:01","date_gmt":"2024-01-08T06:16:01","guid":{"rendered":"https:\/\/www.globber.com\/de\/product\/globber-go-up-active-lights-mit-leuchtrollen\/"},"modified":"2026-05-08T09:51:11","modified_gmt":"2026-05-08T07:51:11","slug":"globber-go-up-active-lights-faltbarer-3-in-1-roller-mit-sitz-fuer-kinder-kleinkinder","status":"publish","type":"product","link":"https:\/\/www.globber.com\/de\/product\/globber-go-up-active-lights-faltbarer-3-in-1-roller-mit-sitz-fuer-kinder-kleinkinder\/","title":{"rendered":"GO\u2022UP ACTIVE LIGHTS"},"content":{"rendered":"<p data-start=\"77\" data-end=\"428\">Der <strong data-start=\"174\" data-end=\"197\">GO\u2022UP ACTIVE LIGHTS<\/strong> von GLOBBER ist ein vielseitiger, faltbarer 3-in-1-Roller mit Sitz, der mit deinem Kind mitw\u00e4chst. Er verwandelt sich spielend leicht in einen Aufsitzfahrzeug, ein Laufrad oder einen Roller \u2013 perfekt abgestimmt auf jede Entwicklungsphase.<\/p>\n<p data-start=\"430\" data-end=\"774\">Die Modi \u201eAufsitzen\u201c und \u201eLaufen\u201c eignen sich ideal f\u00fcr Kleinkinder von 15 bis 36 Monaten, w\u00e4hrend der \u201eScooter\u201c-Modus Kinder zwischen 3 und 9 Jahren begeistert. Egal ob Balance trainieren oder neue Fahrabenteuer erleben \u2013 mit dem <strong>GO\u2022UP ACTIVE LIGHTS<\/strong> erlebt dein Kind grenzenlosen Spa\u00df und sichere Mobilit\u00e4t \u00fcber viele Jahre hinweg!<\/p>\n","protected":false},"excerpt":{"rendered":"<ul>\n<li>2-fach h\u00f6henverstellbarer Sitz,<\/li>\n<li>4-fach h\u00f6henverstellbare Lenkstange,<\/li>\n<li>LED-Leuchtr\u00e4der<\/li>\n<\/ul>\n","protected":false},"featured_media":16862,"comment_status":"open","ping_status":"closed","template":"","meta":{"_acf_changed":false,"inline_featured_image":false},"product-special-badges":[4172],"product_brand":[],"product_cat":[4269,4173,1694,3560,1247],"product_tag":[3708],"class_list":{"0":"post-11164","1":"product","2":"type-product","3":"status-publish","4":"has-post-thumbnail","6":"product_cat-go-up-product-list","7":"product_cat-sale","8":"product_cat-light-up-scooter","9":"product_cat-umbaubare-fahrzeuge","10":"product_cat-go-up-serie","11":"product_tag-import","12":"pa_age-range-ab-3-jahren","13":"pa_age-range-ab-4-jahren","14":"pa_age-range-ab-5-jahren","15":"pa_age-range-ab-15-monaten","16":"pa_age-range-ab-2-jahren","17":"pa_color-dark-mint","18":"pa_color-fuchsia","19":"pa_color-lime-green","20":"pa_color-navy-blue","21":"pa_color-pastel-pink","22":"pa_ean-3725","23":"pa_ean-3727","24":"pa_ean-4123","25":"pa_ean-3729","26":"pa_ean-3731","27":"pa_foldable-yes","28":"pa_maximales-benutzergewicht-20-kg-aufsitz-laufradmodus-50-kg-scootermodus","29":"pa_product-type-aufsitzfahrzeug","30":"pa_product-type-laufrad","31":"pa_produktkategorie-umbaubarer-roller","32":"pa_recommended-user-height-75-120cm","33":"pa_series-go-up-serie","34":"pa_t-bar-4-fach-hoehenverstellbar","35":"pa_umbaubar-ja","37":"first","38":"instock","39":"sale","40":"taxable","41":"shipping-taxable","42":"purchasable","43":"product-type-variable"},"bundled_by":[],"bundle_stock_status":"instock","bundle_stock_quantity":null,"bundle_virtual":false,"bundle_layout":"","bundle_add_to_cart_form_location":"","bundle_editable_in_cart":false,"bundle_sold_individually_context":"","bundle_item_grouping":"","bundle_min_size":"","bundle_max_size":"","bundled_items":[],"bundle_sell_ids":[],"acf":[],"yoast_head":"<!-- This site is optimized with the Yoast SEO Premium plugin v20.12 (Yoast SEO v23.4) - https:\/\/yoast.com\/wordpress\/plugins\/seo\/ -->\n<title>GO-UP ACTIVE LIGHTS: Faltbarer 3-Rad-Leuchtscooter<\/title>\n<meta name=\"description\" content=\"GO-UP ACTIVE LIGHTS: Ein beleuchteter, faltbarer 3-in-1 Roller mit Sitz, der sich f\u00fcr Kleinkinder (15-36 Monate) und Kinder (3-9 Jahre) anpasst.\" \/>\n<meta name=\"robots\" content=\"index, follow, max-snippet:-1, max-image-preview:large, max-video-preview:-1\" \/>\n<link rel=\"canonical\" href=\"https:\/\/www.globber.com\/de\/product\/globber-go-up-active-lights-faltbarer-3-in-1-roller-mit-sitz-fuer-kinder-kleinkinder\/\" \/>\n<meta property=\"og:locale\" content=\"de_DE\" \/>\n<meta property=\"og:type\" content=\"article\" \/>\n<meta property=\"og:title\" content=\"GO-UP ACTIVE LIGHTS: Faltbarer 3-Rad-Leuchtscooter\" \/>\n<meta property=\"og:description\" content=\"GO-UP ACTIVE LIGHTS: Ein beleuchteter, faltbarer 3-in-1 Roller mit Sitz, der sich f\u00fcr Kleinkinder (15-36 Monate) und Kinder (3-9 Jahre) anpasst.\" \/>\n<meta property=\"og:url\" content=\"https:\/\/www.globber.com\/de\/product\/globber-go-up-active-lights-faltbarer-3-in-1-roller-mit-sitz-fuer-kinder-kleinkinder\/\" \/>\n<meta property=\"og:site_name\" content=\"Globber Deutschland\" \/>\n<meta property=\"article:modified_time\" content=\"2026-05-08T07:51:11+00:00\" \/>\n<meta property=\"og:image\" content=\"https:\/\/cdn.globber.com\/content\/sites\/13\/2024\/01\/go-up-active-lights.jpg\" \/>\n\t<meta property=\"og:image:width\" content=\"2048\" \/>\n\t<meta property=\"og:image:height\" content=\"2048\" \/>\n\t<meta property=\"og:image:type\" content=\"image\/jpeg\" \/>\n<meta name=\"twitter:card\" content=\"summary_large_image\" \/>\n<meta name=\"twitter:label1\" content=\"Availability\" \/>\n\t<meta name=\"twitter:data1\" content=\"In stock\" \/>\n<script type=\"application\/ld+json\" class=\"yoast-schema-graph\">{\"@context\":\"https:\/\/schema.org\",\"@graph\":[{\"@type\":[\"WebPage\",\"ItemPage\"],\"@id\":\"https:\/\/www.globber.com\/de\/product\/globber-go-up-active-lights-faltbarer-3-in-1-roller-mit-sitz-fuer-kinder-kleinkinder\/\",\"url\":\"https:\/\/www.globber.com\/de\/product\/globber-go-up-active-lights-faltbarer-3-in-1-roller-mit-sitz-fuer-kinder-kleinkinder\/\",\"name\":\"GO-UP ACTIVE LIGHTS: Faltbarer 3-Rad-Leuchtscooter\",\"isPartOf\":{\"@id\":\"https:\/\/www.globber.com\/de\/#website\"},\"primaryImageOfPage\":{\"@id\":\"https:\/\/www.globber.com\/de\/product\/globber-go-up-active-lights-faltbarer-3-in-1-roller-mit-sitz-fuer-kinder-kleinkinder\/#primaryimage\"},\"image\":{\"@id\":\"https:\/\/www.globber.com\/de\/product\/globber-go-up-active-lights-faltbarer-3-in-1-roller-mit-sitz-fuer-kinder-kleinkinder\/#primaryimage\"},\"thumbnailUrl\":\"https:\/\/cdn.globber.com\/content\/sites\/13\/2024\/01\/go-up-active-lights.jpg\",\"datePublished\":\"2024-01-08T06:16:01+00:00\",\"dateModified\":\"2026-05-08T07:51:11+00:00\",\"description\":\"GO-UP ACTIVE LIGHTS: Ein beleuchteter, faltbarer 3-in-1 Roller mit Sitz, der sich f\u00fcr Kleinkinder (15-36 Monate) und Kinder (3-9 Jahre) anpasst.\",\"breadcrumb\":{\"@id\":\"https:\/\/www.globber.com\/de\/product\/globber-go-up-active-lights-faltbarer-3-in-1-roller-mit-sitz-fuer-kinder-kleinkinder\/#breadcrumb\"},\"inLanguage\":\"de\",\"potentialAction\":[{\"@type\":\"ReadAction\",\"target\":[\"https:\/\/www.globber.com\/de\/product\/globber-go-up-active-lights-faltbarer-3-in-1-roller-mit-sitz-fuer-kinder-kleinkinder\/\"]}]},{\"@type\":\"ImageObject\",\"inLanguage\":\"de\",\"@id\":\"https:\/\/www.globber.com\/de\/product\/globber-go-up-active-lights-faltbarer-3-in-1-roller-mit-sitz-fuer-kinder-kleinkinder\/#primaryimage\",\"url\":\"https:\/\/cdn.globber.com\/content\/sites\/13\/2024\/01\/go-up-active-lights.jpg\",\"contentUrl\":\"https:\/\/cdn.globber.com\/content\/sites\/13\/2024\/01\/go-up-active-lights.jpg\",\"width\":2048,\"height\":2048},{\"@type\":\"BreadcrumbList\",\"@id\":\"https:\/\/www.globber.com\/de\/product\/globber-go-up-active-lights-faltbarer-3-in-1-roller-mit-sitz-fuer-kinder-kleinkinder\/#breadcrumb\",\"itemListElement\":[{\"@type\":\"ListItem\",\"position\":1,\"name\":\"Alle Produkte\",\"item\":\"https:\/\/www.globber.com\/de\/shop-by-product\/\"},{\"@type\":\"ListItem\",\"position\":2,\"name\":\"GO\u2022UP ACTIVE LIGHTS\"}]},{\"@type\":\"WebSite\",\"@id\":\"https:\/\/www.globber.com\/de\/#website\",\"url\":\"https:\/\/www.globber.com\/de\/\",\"name\":\"Globber Deutschland\",\"description\":\"Die Welt auf R\u00e4dern | Globber.com\",\"publisher\":{\"@id\":\"https:\/\/www.globber.com\/de\/#organization\"},\"potentialAction\":[{\"@type\":\"SearchAction\",\"target\":{\"@type\":\"EntryPoint\",\"urlTemplate\":\"https:\/\/www.globber.com\/de\/?s={search_term_string}\"},\"query-input\":{\"@type\":\"PropertyValueSpecification\",\"valueRequired\":true,\"valueName\":\"search_term_string\"}}],\"inLanguage\":\"de\"},{\"@type\":\"Organization\",\"@id\":\"https:\/\/www.globber.com\/de\/#organization\",\"name\":\"Globber Deutschland\",\"url\":\"https:\/\/www.globber.com\/de\/\",\"logo\":{\"@type\":\"ImageObject\",\"inLanguage\":\"de\",\"@id\":\"https:\/\/www.globber.com\/de\/#\/schema\/logo\/image\/\",\"url\":\"https:\/\/cdn.globber.com\/content\/sites\/13\/2024\/05\/logo.svg\",\"contentUrl\":\"https:\/\/cdn.globber.com\/content\/sites\/13\/2024\/05\/logo.svg\",\"width\":601,\"height\":112,\"caption\":\"Globber Deutschland\"},\"image\":{\"@id\":\"https:\/\/www.globber.com\/de\/#\/schema\/logo\/image\/\"}}]}<\/script>\n<meta property=\"og:availability\" content=\"instock\" \/>\n<meta property=\"product:availability\" content=\"instock\" \/>\n<meta property=\"product:retailer_item_id\" content=\"744-XXX\" \/>\n<meta property=\"product:condition\" content=\"new\" \/>\n<!-- \/ Yoast SEO Premium plugin. -->","yoast_head_json":{"title":"GO-UP ACTIVE LIGHTS: Faltbarer 3-Rad-Leuchtscooter","description":"GO-UP ACTIVE LIGHTS: Ein beleuchteter, faltbarer 3-in-1 Roller mit Sitz, der sich f\u00fcr Kleinkinder (15-36 Monate) und Kinder (3-9 Jahre) anpasst.","robots":{"index":"index","follow":"follow","max-snippet":"max-snippet:-1","max-image-preview":"max-image-preview:large","max-video-preview":"max-video-preview:-1"},"canonical":"https:\/\/www.globber.com\/de\/product\/globber-go-up-active-lights-faltbarer-3-in-1-roller-mit-sitz-fuer-kinder-kleinkinder\/","og_locale":"de_DE","og_type":"article","og_title":"GO-UP ACTIVE LIGHTS: Faltbarer 3-Rad-Leuchtscooter","og_description":"GO-UP ACTIVE LIGHTS: Ein beleuchteter, faltbarer 3-in-1 Roller mit Sitz, der sich f\u00fcr Kleinkinder (15-36 Monate) und Kinder (3-9 Jahre) anpasst.","og_url":"https:\/\/www.globber.com\/de\/product\/globber-go-up-active-lights-faltbarer-3-in-1-roller-mit-sitz-fuer-kinder-kleinkinder\/","og_site_name":"Globber Deutschland","article_modified_time":"2026-05-08T07:51:11+00:00","og_image":[{"width":2048,"height":2048,"url":"https:\/\/cdn.globber.com\/content\/sites\/13\/2024\/01\/go-up-active-lights.jpg","type":"image\/jpeg"}],"twitter_card":"summary_large_image","twitter_misc":{"Availability":"In stock"},"schema":{"@context":"https:\/\/schema.org","@graph":[{"@type":["WebPage","ItemPage"],"@id":"https:\/\/www.globber.com\/de\/product\/globber-go-up-active-lights-faltbarer-3-in-1-roller-mit-sitz-fuer-kinder-kleinkinder\/","url":"https:\/\/www.globber.com\/de\/product\/globber-go-up-active-lights-faltbarer-3-in-1-roller-mit-sitz-fuer-kinder-kleinkinder\/","name":"GO-UP ACTIVE LIGHTS: Faltbarer 3-Rad-Leuchtscooter","isPartOf":{"@id":"https:\/\/www.globber.com\/de\/#website"},"primaryImageOfPage":{"@id":"https:\/\/www.globber.com\/de\/product\/globber-go-up-active-lights-faltbarer-3-in-1-roller-mit-sitz-fuer-kinder-kleinkinder\/#primaryimage"},"image":{"@id":"https:\/\/www.globber.com\/de\/product\/globber-go-up-active-lights-faltbarer-3-in-1-roller-mit-sitz-fuer-kinder-kleinkinder\/#primaryimage"},"thumbnailUrl":"https:\/\/cdn.globber.com\/content\/sites\/13\/2024\/01\/go-up-active-lights.jpg","datePublished":"2024-01-08T06:16:01+00:00","dateModified":"2026-05-08T07:51:11+00:00","description":"GO-UP ACTIVE LIGHTS: Ein beleuchteter, faltbarer 3-in-1 Roller mit Sitz, der sich f\u00fcr Kleinkinder (15-36 Monate) und Kinder (3-9 Jahre) anpasst.","breadcrumb":{"@id":"https:\/\/www.globber.com\/de\/product\/globber-go-up-active-lights-faltbarer-3-in-1-roller-mit-sitz-fuer-kinder-kleinkinder\/#breadcrumb"},"inLanguage":"de","potentialAction":[{"@type":"ReadAction","target":["https:\/\/www.globber.com\/de\/product\/globber-go-up-active-lights-faltbarer-3-in-1-roller-mit-sitz-fuer-kinder-kleinkinder\/"]}]},{"@type":"ImageObject","inLanguage":"de","@id":"https:\/\/www.globber.com\/de\/product\/globber-go-up-active-lights-faltbarer-3-in-1-roller-mit-sitz-fuer-kinder-kleinkinder\/#primaryimage","url":"https:\/\/cdn.globber.com\/content\/sites\/13\/2024\/01\/go-up-active-lights.jpg","contentUrl":"https:\/\/cdn.globber.com\/content\/sites\/13\/2024\/01\/go-up-active-lights.jpg","width":2048,"height":2048},{"@type":"BreadcrumbList","@id":"https:\/\/www.globber.com\/de\/product\/globber-go-up-active-lights-faltbarer-3-in-1-roller-mit-sitz-fuer-kinder-kleinkinder\/#breadcrumb","itemListElement":[{"@type":"ListItem","position":1,"name":"Alle Produkte","item":"https:\/\/www.globber.com\/de\/shop-by-product\/"},{"@type":"ListItem","position":2,"name":"GO\u2022UP ACTIVE LIGHTS"}]},{"@type":"WebSite","@id":"https:\/\/www.globber.com\/de\/#website","url":"https:\/\/www.globber.com\/de\/","name":"Globber Deutschland","description":"Die Welt auf R\u00e4dern | Globber.com","publisher":{"@id":"https:\/\/www.globber.com\/de\/#organization"},"potentialAction":[{"@type":"SearchAction","target":{"@type":"EntryPoint","urlTemplate":"https:\/\/www.globber.com\/de\/?s={search_term_string}"},"query-input":{"@type":"PropertyValueSpecification","valueRequired":true,"valueName":"search_term_string"}}],"inLanguage":"de"},{"@type":"Organization","@id":"https:\/\/www.globber.com\/de\/#organization","name":"Globber Deutschland","url":"https:\/\/www.globber.com\/de\/","logo":{"@type":"ImageObject","inLanguage":"de","@id":"https:\/\/www.globber.com\/de\/#\/schema\/logo\/image\/","url":"https:\/\/cdn.globber.com\/content\/sites\/13\/2024\/05\/logo.svg","contentUrl":"https:\/\/cdn.globber.com\/content\/sites\/13\/2024\/05\/logo.svg","width":601,"height":112,"caption":"Globber Deutschland"},"image":{"@id":"https:\/\/www.globber.com\/de\/#\/schema\/logo\/image\/"}}]},"og_availability":"instock","product_availability":"instock","product_retailer_item_id":"744-XXX","product_condition":"new"},"_links":{"self":[{"href":"https:\/\/www.globber.com\/de\/wp-json\/wp\/v2\/product\/11164","targetHints":{"allow":["GET"]}}],"collection":[{"href":"https:\/\/www.globber.com\/de\/wp-json\/wp\/v2\/product"}],"about":[{"href":"https:\/\/www.globber.com\/de\/wp-json\/wp\/v2\/types\/product"}],"replies":[{"embeddable":true,"href":"https:\/\/www.globber.com\/de\/wp-json\/wp\/v2\/comments?post=11164"}],"wp:featuredmedia":[{"embeddable":true,"href":"https:\/\/www.globber.com\/de\/wp-json\/wp\/v2\/media\/16862"}],"wp:attachment":[{"href":"https:\/\/www.globber.com\/de\/wp-json\/wp\/v2\/media?parent=11164"}],"wp:term":[{"taxonomy":"product-special-badges","embeddable":true,"href":"https:\/\/www.globber.com\/de\/wp-json\/wp\/v2\/product-special-badges?post=11164"},{"taxonomy":"product_brand","embeddable":true,"href":"https:\/\/www.globber.com\/de\/wp-json\/wp\/v2\/product_brand?post=11164"},{"taxonomy":"product_cat","embeddable":true,"href":"https:\/\/www.globber.com\/de\/wp-json\/wp\/v2\/product_cat?post=11164"},{"taxonomy":"product_tag","embeddable":true,"href":"https:\/\/www.globber.com\/de\/wp-json\/wp\/v2\/product_tag?post=11164"}],"curies":[{"name":"wp","href":"https:\/\/api.w.org\/{rel}","templated":true}]}}