{"id":11681,"date":"2023-11-29T09:57:54","date_gmt":"2023-11-29T09:57:54","guid":{"rendered":"https:\/\/www.globber.com\/de\/product\/learning-skates-2in1\/"},"modified":"2026-04-18T03:02:20","modified_gmt":"2026-04-18T01:02:20","slug":"learning-skates-2in1-s-m-30-33","status":"publish","type":"product","link":"https:\/\/www.globber.com\/de\/product\/learning-skates-2in1-s-m-30-33\/","title":{"rendered":"LEARNING SKATES 2in1 \u2013 S\/M (Gr. 30-33)"},"content":{"rendered":"<p data-start=\"90\" data-end=\"517\"><strong data-start=\"90\" data-end=\"162\">LEARNING SKATES 2in1 Inline-Skates: Spa\u00df &amp; Lernen perfekt kombiniert<\/strong><br data-start=\"162\" data-end=\"165\" \/><br \/>\nLass die Wheelies mit den <strong data-start=\"195\" data-end=\"244\">LEARNING SKATES 2in1 <\/strong>Inline-Skates f\u00fcr Kinder richtig loslegen! Diese kinderfreundlichen Inline-Skates verbinden Spa\u00df und Lernfortschritt ideal. Starte im Lernmodus mit zwei parallel laufenden Hinterr\u00e4dern f\u00fcr extra Stabilit\u00e4t, und wechsle m\u00fchelos in den Inline-Modus, sobald du sicherer wirst.<\/p>\n<p data-start=\"519\" data-end=\"882\">Das innovative rotierende Hinterradmodul erm\u00f6glicht einen schnellen Umbau der Skates. Die Gr\u00f6\u00dfenanpassung erfolgt kinderleicht per Push-Button-System \u2013 ganz ohne Werkzeug. Der sichere Powerstrap-Verschluss sorgt f\u00fcr festen Halt, w\u00e4hrend die weichen Innenschuhe f\u00fcr hohen Tragekomfort garantieren.<\/p>\n<p data-start=\"884\" data-end=\"1176\">Mit den <strong data-start=\"946\" data-end=\"965\">LEARNING SKATES 2in1<\/strong> trainierst du spielerisch Balance, Koordination und Selbstvertrauen \u2013 und hast dabei jede Menge Spa\u00df auf Rollen! Perfekt f\u00fcr kleine Abenteurer, die ihre F\u00e4higkeiten mit Freude verbessern wollen.<\/p>\n","protected":false},"excerpt":{"rendered":"<ul>\n<li>2-in-1 Produkt,<\/li>\n<li>Gr\u00f6\u00dfenverstellbar (Gr. 30-33),<\/li>\n<li>Gepolsterter Innenschuh<\/li>\n<\/ul>\n","protected":false},"featured_media":18672,"comment_status":"open","ping_status":"closed","template":"","meta":{"_acf_changed":false,"inline_featured_image":false},"product-special-badges":[],"product_brand":[],"product_cat":[4288,3117,1245],"product_tag":[3708],"class_list":{"0":"post-11681","1":"product","2":"type-product","3":"status-publish","4":"has-post-thumbnail","6":"product_cat-skates-und-rollschuhe-globber","7":"product_cat-all-toddler-series","8":"product_cat-learning-serie","9":"product_tag-import","10":"pa_age-range-ab-3-jahren","11":"pa_age-range-ab-5-jahren","12":"pa_color-blueberry","13":"pa_color-mint","14":"pa_color-pastel-pink","15":"pa_ean-3856","16":"pa_ean-3743","17":"pa_ean-3744","18":"pa_maximales-benutzergewicht-22kg","19":"pa_maximales-benutzergewicht-60-kg","20":"pa_product-type-rollschuhe","21":"pa_product-type-skates","22":"pa_produktkategorie-skates-und-rollschuhe","23":"pa_recommended-user-height-100-160cm","24":"pa_series-learning-serie","25":"pa_umbaubar-ja","27":"first","28":"instock","29":"taxable","30":"shipping-taxable","31":"purchasable","32":"product-type-variable"},"bundled_by":[],"bundle_stock_status":"instock","bundle_stock_quantity":null,"bundle_virtual":false,"bundle_layout":"","bundle_add_to_cart_form_location":"","bundle_editable_in_cart":false,"bundle_sold_individually_context":"","bundle_item_grouping":"","bundle_min_size":"","bundle_max_size":"","bundled_items":[],"bundle_sell_ids":[],"acf":[],"yoast_head":"<!-- This site is optimized with the Yoast SEO Premium plugin v20.12 (Yoast SEO v23.4) - https:\/\/yoast.com\/wordpress\/plugins\/seo\/ -->\n<title>LEARNING SKATES 2in1: Umbaubare Inlineskates<\/title>\n<meta name=\"description\" content=\"Einfach und sicher das Skaten lernen? Unkompliziert m\u00f6glich mit den LEARNING SKATES 2in1 - einfach umbaubar und mit dem Kind mitwachsend!\" \/>\n<meta name=\"robots\" content=\"index, follow, max-snippet:-1, max-image-preview:large, max-video-preview:-1\" \/>\n<link rel=\"canonical\" href=\"https:\/\/www.globber.com\/de\/product\/learning-skates-2in1-s-m-30-33\/\" \/>\n<meta property=\"og:locale\" content=\"de_DE\" \/>\n<meta property=\"og:type\" content=\"article\" \/>\n<meta property=\"og:title\" content=\"LEARNING SKATES 2in1: Umbaubare Inlineskates\" \/>\n<meta property=\"og:description\" content=\"Einfach und sicher das Skaten lernen? Unkompliziert m\u00f6glich mit den LEARNING SKATES 2in1 - einfach umbaubar und mit dem Kind mitwachsend!\" \/>\n<meta property=\"og:url\" content=\"https:\/\/www.globber.com\/de\/product\/learning-skates-2in1-s-m-30-33\/\" \/>\n<meta property=\"og:site_name\" content=\"Globber Deutschland\" \/>\n<meta property=\"article:modified_time\" content=\"2026-04-18T01:02:20+00:00\" \/>\n<meta property=\"og:image\" content=\"https:\/\/cdn.globber.com\/content\/sites\/13\/2023\/11\/learning-skates-1.jpg\" \/>\n\t<meta property=\"og:image:width\" content=\"2048\" \/>\n\t<meta property=\"og:image:height\" content=\"2048\" \/>\n\t<meta property=\"og:image:type\" content=\"image\/jpeg\" \/>\n<meta name=\"twitter:card\" content=\"summary_large_image\" \/>\n<meta name=\"twitter:label1\" content=\"Availability\" \/>\n\t<meta name=\"twitter:data1\" content=\"In stock\" \/>\n<script type=\"application\/ld+json\" class=\"yoast-schema-graph\">{\"@context\":\"https:\/\/schema.org\",\"@graph\":[{\"@type\":[\"WebPage\",\"ItemPage\"],\"@id\":\"https:\/\/www.globber.com\/de\/product\/learning-skates-2in1-s-m-30-33\/\",\"url\":\"https:\/\/www.globber.com\/de\/product\/learning-skates-2in1-s-m-30-33\/\",\"name\":\"LEARNING SKATES 2in1: Umbaubare Inlineskates\",\"isPartOf\":{\"@id\":\"https:\/\/www.globber.com\/de\/#website\"},\"primaryImageOfPage\":{\"@id\":\"https:\/\/www.globber.com\/de\/product\/learning-skates-2in1-s-m-30-33\/#primaryimage\"},\"image\":{\"@id\":\"https:\/\/www.globber.com\/de\/product\/learning-skates-2in1-s-m-30-33\/#primaryimage\"},\"thumbnailUrl\":\"https:\/\/cdn.globber.com\/content\/sites\/13\/2023\/11\/learning-skates-1.jpg\",\"datePublished\":\"2023-11-29T09:57:54+00:00\",\"dateModified\":\"2026-04-18T01:02:20+00:00\",\"description\":\"Einfach und sicher das Skaten lernen? Unkompliziert m\u00f6glich mit den LEARNING SKATES 2in1 - einfach umbaubar und mit dem Kind mitwachsend!\",\"breadcrumb\":{\"@id\":\"https:\/\/www.globber.com\/de\/product\/learning-skates-2in1-s-m-30-33\/#breadcrumb\"},\"inLanguage\":\"de\",\"potentialAction\":[{\"@type\":\"ReadAction\",\"target\":[\"https:\/\/www.globber.com\/de\/product\/learning-skates-2in1-s-m-30-33\/\"]}]},{\"@type\":\"ImageObject\",\"inLanguage\":\"de\",\"@id\":\"https:\/\/www.globber.com\/de\/product\/learning-skates-2in1-s-m-30-33\/#primaryimage\",\"url\":\"https:\/\/cdn.globber.com\/content\/sites\/13\/2023\/11\/learning-skates-1.jpg\",\"contentUrl\":\"https:\/\/cdn.globber.com\/content\/sites\/13\/2023\/11\/learning-skates-1.jpg\",\"width\":2048,\"height\":2048},{\"@type\":\"BreadcrumbList\",\"@id\":\"https:\/\/www.globber.com\/de\/product\/learning-skates-2in1-s-m-30-33\/#breadcrumb\",\"itemListElement\":[{\"@type\":\"ListItem\",\"position\":1,\"name\":\"Alle Produkte\",\"item\":\"https:\/\/www.globber.com\/de\/shop-by-product\/\"},{\"@type\":\"ListItem\",\"position\":2,\"name\":\"LEARNING SKATES 2in1 \u2013 S\/M (Gr. 30-33)\"}]},{\"@type\":\"WebSite\",\"@id\":\"https:\/\/www.globber.com\/de\/#website\",\"url\":\"https:\/\/www.globber.com\/de\/\",\"name\":\"Globber Deutschland\",\"description\":\"Die Welt auf R\u00e4dern | Globber.com\",\"publisher\":{\"@id\":\"https:\/\/www.globber.com\/de\/#organization\"},\"potentialAction\":[{\"@type\":\"SearchAction\",\"target\":{\"@type\":\"EntryPoint\",\"urlTemplate\":\"https:\/\/www.globber.com\/de\/?s={search_term_string}\"},\"query-input\":{\"@type\":\"PropertyValueSpecification\",\"valueRequired\":true,\"valueName\":\"search_term_string\"}}],\"inLanguage\":\"de\"},{\"@type\":\"Organization\",\"@id\":\"https:\/\/www.globber.com\/de\/#organization\",\"name\":\"Globber Deutschland\",\"url\":\"https:\/\/www.globber.com\/de\/\",\"logo\":{\"@type\":\"ImageObject\",\"inLanguage\":\"de\",\"@id\":\"https:\/\/www.globber.com\/de\/#\/schema\/logo\/image\/\",\"url\":\"https:\/\/cdn.globber.com\/content\/sites\/13\/2024\/05\/logo.svg\",\"contentUrl\":\"https:\/\/cdn.globber.com\/content\/sites\/13\/2024\/05\/logo.svg\",\"width\":601,\"height\":112,\"caption\":\"Globber Deutschland\"},\"image\":{\"@id\":\"https:\/\/www.globber.com\/de\/#\/schema\/logo\/image\/\"}}]}<\/script>\n<meta property=\"og:availability\" content=\"instock\" \/>\n<meta property=\"product:availability\" content=\"instock\" \/>\n<meta property=\"product:retailer_item_id\" content=\"783-XXX\" \/>\n<meta property=\"product:condition\" content=\"new\" \/>\n<!-- \/ Yoast SEO Premium plugin. -->","yoast_head_json":{"title":"LEARNING SKATES 2in1: Umbaubare Inlineskates","description":"Einfach und sicher das Skaten lernen? Unkompliziert m\u00f6glich mit den LEARNING SKATES 2in1 - einfach umbaubar und mit dem Kind mitwachsend!","robots":{"index":"index","follow":"follow","max-snippet":"max-snippet:-1","max-image-preview":"max-image-preview:large","max-video-preview":"max-video-preview:-1"},"canonical":"https:\/\/www.globber.com\/de\/product\/learning-skates-2in1-s-m-30-33\/","og_locale":"de_DE","og_type":"article","og_title":"LEARNING SKATES 2in1: Umbaubare Inlineskates","og_description":"Einfach und sicher das Skaten lernen? Unkompliziert m\u00f6glich mit den LEARNING SKATES 2in1 - einfach umbaubar und mit dem Kind mitwachsend!","og_url":"https:\/\/www.globber.com\/de\/product\/learning-skates-2in1-s-m-30-33\/","og_site_name":"Globber Deutschland","article_modified_time":"2026-04-18T01:02:20+00:00","og_image":[{"width":2048,"height":2048,"url":"https:\/\/cdn.globber.com\/content\/sites\/13\/2023\/11\/learning-skates-1.jpg","type":"image\/jpeg"}],"twitter_card":"summary_large_image","twitter_misc":{"Availability":"In stock"},"schema":{"@context":"https:\/\/schema.org","@graph":[{"@type":["WebPage","ItemPage"],"@id":"https:\/\/www.globber.com\/de\/product\/learning-skates-2in1-s-m-30-33\/","url":"https:\/\/www.globber.com\/de\/product\/learning-skates-2in1-s-m-30-33\/","name":"LEARNING SKATES 2in1: Umbaubare Inlineskates","isPartOf":{"@id":"https:\/\/www.globber.com\/de\/#website"},"primaryImageOfPage":{"@id":"https:\/\/www.globber.com\/de\/product\/learning-skates-2in1-s-m-30-33\/#primaryimage"},"image":{"@id":"https:\/\/www.globber.com\/de\/product\/learning-skates-2in1-s-m-30-33\/#primaryimage"},"thumbnailUrl":"https:\/\/cdn.globber.com\/content\/sites\/13\/2023\/11\/learning-skates-1.jpg","datePublished":"2023-11-29T09:57:54+00:00","dateModified":"2026-04-18T01:02:20+00:00","description":"Einfach und sicher das Skaten lernen? Unkompliziert m\u00f6glich mit den LEARNING SKATES 2in1 - einfach umbaubar und mit dem Kind mitwachsend!","breadcrumb":{"@id":"https:\/\/www.globber.com\/de\/product\/learning-skates-2in1-s-m-30-33\/#breadcrumb"},"inLanguage":"de","potentialAction":[{"@type":"ReadAction","target":["https:\/\/www.globber.com\/de\/product\/learning-skates-2in1-s-m-30-33\/"]}]},{"@type":"ImageObject","inLanguage":"de","@id":"https:\/\/www.globber.com\/de\/product\/learning-skates-2in1-s-m-30-33\/#primaryimage","url":"https:\/\/cdn.globber.com\/content\/sites\/13\/2023\/11\/learning-skates-1.jpg","contentUrl":"https:\/\/cdn.globber.com\/content\/sites\/13\/2023\/11\/learning-skates-1.jpg","width":2048,"height":2048},{"@type":"BreadcrumbList","@id":"https:\/\/www.globber.com\/de\/product\/learning-skates-2in1-s-m-30-33\/#breadcrumb","itemListElement":[{"@type":"ListItem","position":1,"name":"Alle Produkte","item":"https:\/\/www.globber.com\/de\/shop-by-product\/"},{"@type":"ListItem","position":2,"name":"LEARNING SKATES 2in1 \u2013 S\/M (Gr. 30-33)"}]},{"@type":"WebSite","@id":"https:\/\/www.globber.com\/de\/#website","url":"https:\/\/www.globber.com\/de\/","name":"Globber Deutschland","description":"Die Welt auf R\u00e4dern | Globber.com","publisher":{"@id":"https:\/\/www.globber.com\/de\/#organization"},"potentialAction":[{"@type":"SearchAction","target":{"@type":"EntryPoint","urlTemplate":"https:\/\/www.globber.com\/de\/?s={search_term_string}"},"query-input":{"@type":"PropertyValueSpecification","valueRequired":true,"valueName":"search_term_string"}}],"inLanguage":"de"},{"@type":"Organization","@id":"https:\/\/www.globber.com\/de\/#organization","name":"Globber Deutschland","url":"https:\/\/www.globber.com\/de\/","logo":{"@type":"ImageObject","inLanguage":"de","@id":"https:\/\/www.globber.com\/de\/#\/schema\/logo\/image\/","url":"https:\/\/cdn.globber.com\/content\/sites\/13\/2024\/05\/logo.svg","contentUrl":"https:\/\/cdn.globber.com\/content\/sites\/13\/2024\/05\/logo.svg","width":601,"height":112,"caption":"Globber Deutschland"},"image":{"@id":"https:\/\/www.globber.com\/de\/#\/schema\/logo\/image\/"}}]},"og_availability":"instock","product_availability":"instock","product_retailer_item_id":"783-XXX","product_condition":"new"},"_links":{"self":[{"href":"https:\/\/www.globber.com\/de\/wp-json\/wp\/v2\/product\/11681","targetHints":{"allow":["GET"]}}],"collection":[{"href":"https:\/\/www.globber.com\/de\/wp-json\/wp\/v2\/product"}],"about":[{"href":"https:\/\/www.globber.com\/de\/wp-json\/wp\/v2\/types\/product"}],"replies":[{"embeddable":true,"href":"https:\/\/www.globber.com\/de\/wp-json\/wp\/v2\/comments?post=11681"}],"wp:featuredmedia":[{"embeddable":true,"href":"https:\/\/www.globber.com\/de\/wp-json\/wp\/v2\/media\/18672"}],"wp:attachment":[{"href":"https:\/\/www.globber.com\/de\/wp-json\/wp\/v2\/media?parent=11681"}],"wp:term":[{"taxonomy":"product-special-badges","embeddable":true,"href":"https:\/\/www.globber.com\/de\/wp-json\/wp\/v2\/product-special-badges?post=11681"},{"taxonomy":"product_brand","embeddable":true,"href":"https:\/\/www.globber.com\/de\/wp-json\/wp\/v2\/product_brand?post=11681"},{"taxonomy":"product_cat","embeddable":true,"href":"https:\/\/www.globber.com\/de\/wp-json\/wp\/v2\/product_cat?post=11681"},{"taxonomy":"product_tag","embeddable":true,"href":"https:\/\/www.globber.com\/de\/wp-json\/wp\/v2\/product_tag?post=11681"}],"curies":[{"name":"wp","href":"https:\/\/api.w.org\/{rel}","templated":true}]}}