{"id":11721,"date":"2023-11-30T05:47:42","date_gmt":"2023-11-30T05:47:42","guid":{"rendered":"https:\/\/www.globber.com\/de\/product\/goup-active-lights-ecologic-2\/"},"modified":"2026-04-30T14:35:43","modified_gmt":"2026-04-30T12:35:43","slug":"goup-active-lights-eco-logik-umweltfreundlicher-3-in-1-roller-fuer-kinder-kleinkinder","status":"publish","type":"product","link":"https:\/\/www.globber.com\/de\/product\/goup-active-lights-eco-logik-umweltfreundlicher-3-in-1-roller-fuer-kinder-kleinkinder\/","title":{"rendered":"GO\u2022UP ACTIVE LIGHTS ECOLOGIC"},"content":{"rendered":"<p data-start=\"110\" data-end=\"176\"><strong data-start=\"110\" data-end=\"176\">Eine gr\u00fcnere Welt auf R\u00e4dern: Der GO\u2022UP ACTIVE LIGHTS ECOLOGIC<\/strong><\/p>\n<p data-start=\"178\" data-end=\"529\">Mach den Unterschied mit dem <strong data-start=\"207\" data-end=\"239\">GO\u2022UP ACTIVE LIGHTS ECOLOGIC<\/strong> \u2013 dem nachhaltigen 3-in-1-Roller, der Kinder begeistert und gleichzeitig \u00f6kologische Werte f\u00f6rdert. Hergestellt aus 100 % GRS-zertifiziertem Kunststoff und biologisch abbaubarem Weizenstroh, unterst\u00fctzt er Familien weltweit dabei, bewusst nachhaltige Entscheidungen zu treffen.<\/p>\n<p data-start=\"531\" data-end=\"853\">Dieser umweltfreundliche Dreirad-Roller l\u00e4sst sich in drei Modi verwandeln: Dreirad (15\u201336 Monate), Laufrad (15\u201336 Monate) und Roller f\u00fcr Kleinkinder (3\u20139 Jahre). Der ECOLOGIC kombiniert die bew\u00e4hrten Funktionen des klassischen GO\u2022UP ACTIVE LIGHTS mit Materialien, die die Umweltbelastung erheblich reduzieren.<\/p>\n<p data-start=\"855\" data-end=\"901\"><strong data-start=\"855\" data-end=\"901\">\u00a0<\/strong><\/p>\n<p data-start=\"855\" data-end=\"901\"><strong data-start=\"855\" data-end=\"901\">Warum GO\u2022UP ACTIVE LIGHTS ECOLOGIC w\u00e4hlen?<\/strong><\/p>\n<ul data-start=\"903\" data-end=\"1196\">\n<li data-start=\"903\" data-end=\"1063\">\n<p data-start=\"905\" data-end=\"1063\"><strong data-start=\"905\" data-end=\"924\">GRS-Kunststoff:<\/strong> Global Recycling Standard-zertifiziert, hilft er, Abf\u00e4lle von Deponien fernzuhalten und reduziert die Umweltauswirkungen der Produktion.<\/p>\n<\/li>\n<li data-start=\"1064\" data-end=\"1196\">\n<p data-start=\"1066\" data-end=\"1196\"><strong data-start=\"1066\" data-end=\"1104\">Biologisch abbaubares Weizenstroh:<\/strong> 100 % erneuerbar und unterst\u00fctzt den Abbau anderer Kunststoffe, um die Umwelt zu entlasten.<\/p>\n<\/li>\n<\/ul>\n<p data-start=\"1198\" data-end=\"1374\">Entscheide dich f\u00fcr nachhaltigen Spielspa\u00df mit dem <strong data-start=\"1249\" data-end=\"1281\">GO\u2022UP ACTIVE LIGHTS ECOLOGIC<\/strong> und genie\u00dfe jahrelange Abenteuer mit deinem besten Freund \u2013 umweltfreundlich und sicher!<\/p>\n<p><strong>GO GLOBBER. GO GREENER.<\/strong><\/p>\n<p>Mehr dazu erf\u00e4hrst du\u00a0<a href=\"https:\/\/www.globber.com\/de\/nachhaltige-scooter\/\">hier.<\/a><\/p>\n<p>*In den entsprechenden Komponenten.<\/p>\n","protected":false},"excerpt":{"rendered":"<ul>\n<li>2-fach h\u00f6henverstellbarer Sitz,<\/li>\n<li>4-fach h\u00f6henverstellbare Lenkstange,<\/li>\n<li>LED-Lechtr\u00e4der<\/li>\n<\/ul>\n","protected":false},"featured_media":16864,"comment_status":"open","ping_status":"closed","template":"","meta":{"_acf_changed":false,"inline_featured_image":false},"product-special-badges":[],"product_brand":[],"product_cat":[4269,3134,1696,3560,3117,1680,1247],"product_tag":[3708],"class_list":{"0":"post-11721","1":"product","2":"type-product","3":"status-publish","4":"has-post-thumbnail","6":"product_cat-go-up-product-list","7":"product_cat-alle-produkte","8":"product_cat-faltbare-roller","9":"product_cat-umbaubare-fahrzeuge","10":"product_cat-all-toddler-series","11":"product_cat-ecologic-serie","12":"product_cat-go-up-serie","13":"product_tag-import","14":"pa_age-range-ab-3-jahren","15":"pa_age-range-ab-4-jahren","16":"pa_age-range-ab-5-jahren","17":"pa_age-range-ab-15-monaten","18":"pa_age-range-ab-2-jahren","19":"pa_color-berry","20":"pa_color-blueberry","21":"pa_color-coconut","22":"pa_color-pistachio","23":"pa_ean-3733","24":"pa_ean-3735","25":"pa_ean-3737","26":"pa_ean-4124","27":"pa_foldable-yes","28":"pa_material-100-recycelter-kunststoff","29":"pa_maximales-benutzergewicht-20-kg-aufsitz-laufradmodus-50-kg-scootermodus","30":"pa_product-type-aufsitzfahrzeug","31":"pa_product-type-laufrad","32":"pa_produktkategorie-umbaubarer-roller","33":"pa_recommended-user-height-75-120cm","34":"pa_series-ecologic-serie","35":"pa_series-go-up-serie","36":"pa_t-bar-4-fach-hoehenverstellbar","37":"pa_umbaubar-ja","39":"first","40":"instock","41":"taxable","42":"shipping-taxable","43":"purchasable","44":"product-type-variable"},"bundled_by":[],"bundle_stock_status":"instock","bundle_stock_quantity":null,"bundle_virtual":false,"bundle_layout":"","bundle_add_to_cart_form_location":"","bundle_editable_in_cart":false,"bundle_sold_individually_context":"","bundle_item_grouping":"","bundle_min_size":"","bundle_max_size":"","bundled_items":[],"bundle_sell_ids":[],"acf":[],"yoast_head":"<!-- This site is optimized with the Yoast SEO Premium plugin v20.12 (Yoast SEO v23.4) - https:\/\/yoast.com\/wordpress\/plugins\/seo\/ -->\n<title>GO\u2022UP ACTIVE LIGHTS ECOLOGIC: Nachhaltiger 3-Rad-Scooter<\/title>\n<meta name=\"description\" content=\"GO\u2022UP ACTIVE LIGHTS ECOLOGIC: Ein umweltfreundlicher 3-in-1-Roller aus GRS-Kunststoff und biologisch abbaubarem Weizenstroh.\" \/>\n<meta name=\"robots\" content=\"index, follow, max-snippet:-1, max-image-preview:large, max-video-preview:-1\" \/>\n<link rel=\"canonical\" href=\"https:\/\/www.globber.com\/de\/product\/goup-active-lights-eco-logik-umweltfreundlicher-3-in-1-roller-fuer-kinder-kleinkinder\/\" \/>\n<meta property=\"og:locale\" content=\"de_DE\" \/>\n<meta property=\"og:type\" content=\"article\" \/>\n<meta property=\"og:title\" content=\"GO\u2022UP ACTIVE LIGHTS ECOLOGIC: Nachhaltiger 3-Rad-Scooter\" \/>\n<meta property=\"og:description\" content=\"GO\u2022UP ACTIVE LIGHTS ECOLOGIC: Ein umweltfreundlicher 3-in-1-Roller aus GRS-Kunststoff und biologisch abbaubarem Weizenstroh.\" \/>\n<meta property=\"og:url\" content=\"https:\/\/www.globber.com\/de\/product\/goup-active-lights-eco-logik-umweltfreundlicher-3-in-1-roller-fuer-kinder-kleinkinder\/\" \/>\n<meta property=\"og:site_name\" content=\"Globber Deutschland\" \/>\n<meta property=\"article:modified_time\" content=\"2026-04-30T12:35:43+00:00\" \/>\n<meta property=\"og:image\" content=\"https:\/\/cdn.globber.com\/content\/sites\/13\/2023\/11\/go-up-active-lights-eco.jpg\" \/>\n\t<meta property=\"og:image:width\" content=\"2048\" \/>\n\t<meta property=\"og:image:height\" content=\"2048\" \/>\n\t<meta property=\"og:image:type\" content=\"image\/jpeg\" \/>\n<meta name=\"twitter:card\" content=\"summary_large_image\" \/>\n<meta name=\"twitter:label1\" content=\"Availability\" \/>\n\t<meta name=\"twitter:data1\" content=\"In stock\" \/>\n<script type=\"application\/ld+json\" class=\"yoast-schema-graph\">{\"@context\":\"https:\/\/schema.org\",\"@graph\":[{\"@type\":[\"WebPage\",\"ItemPage\"],\"@id\":\"https:\/\/www.globber.com\/de\/product\/goup-active-lights-eco-logik-umweltfreundlicher-3-in-1-roller-fuer-kinder-kleinkinder\/\",\"url\":\"https:\/\/www.globber.com\/de\/product\/goup-active-lights-eco-logik-umweltfreundlicher-3-in-1-roller-fuer-kinder-kleinkinder\/\",\"name\":\"GO\u2022UP ACTIVE LIGHTS ECOLOGIC: Nachhaltiger 3-Rad-Scooter\",\"isPartOf\":{\"@id\":\"https:\/\/www.globber.com\/de\/#website\"},\"primaryImageOfPage\":{\"@id\":\"https:\/\/www.globber.com\/de\/product\/goup-active-lights-eco-logik-umweltfreundlicher-3-in-1-roller-fuer-kinder-kleinkinder\/#primaryimage\"},\"image\":{\"@id\":\"https:\/\/www.globber.com\/de\/product\/goup-active-lights-eco-logik-umweltfreundlicher-3-in-1-roller-fuer-kinder-kleinkinder\/#primaryimage\"},\"thumbnailUrl\":\"https:\/\/cdn.globber.com\/content\/sites\/13\/2023\/11\/go-up-active-lights-eco.jpg\",\"datePublished\":\"2023-11-30T05:47:42+00:00\",\"dateModified\":\"2026-04-30T12:35:43+00:00\",\"description\":\"GO\u2022UP ACTIVE LIGHTS ECOLOGIC: Ein umweltfreundlicher 3-in-1-Roller aus GRS-Kunststoff und biologisch abbaubarem Weizenstroh.\",\"breadcrumb\":{\"@id\":\"https:\/\/www.globber.com\/de\/product\/goup-active-lights-eco-logik-umweltfreundlicher-3-in-1-roller-fuer-kinder-kleinkinder\/#breadcrumb\"},\"inLanguage\":\"de\",\"potentialAction\":[{\"@type\":\"ReadAction\",\"target\":[\"https:\/\/www.globber.com\/de\/product\/goup-active-lights-eco-logik-umweltfreundlicher-3-in-1-roller-fuer-kinder-kleinkinder\/\"]}]},{\"@type\":\"ImageObject\",\"inLanguage\":\"de\",\"@id\":\"https:\/\/www.globber.com\/de\/product\/goup-active-lights-eco-logik-umweltfreundlicher-3-in-1-roller-fuer-kinder-kleinkinder\/#primaryimage\",\"url\":\"https:\/\/cdn.globber.com\/content\/sites\/13\/2023\/11\/go-up-active-lights-eco.jpg\",\"contentUrl\":\"https:\/\/cdn.globber.com\/content\/sites\/13\/2023\/11\/go-up-active-lights-eco.jpg\",\"width\":2048,\"height\":2048},{\"@type\":\"BreadcrumbList\",\"@id\":\"https:\/\/www.globber.com\/de\/product\/goup-active-lights-eco-logik-umweltfreundlicher-3-in-1-roller-fuer-kinder-kleinkinder\/#breadcrumb\",\"itemListElement\":[{\"@type\":\"ListItem\",\"position\":1,\"name\":\"Alle Produkte\",\"item\":\"https:\/\/www.globber.com\/de\/shop-by-product\/\"},{\"@type\":\"ListItem\",\"position\":2,\"name\":\"GO\u2022UP ACTIVE LIGHTS ECOLOGIC\"}]},{\"@type\":\"WebSite\",\"@id\":\"https:\/\/www.globber.com\/de\/#website\",\"url\":\"https:\/\/www.globber.com\/de\/\",\"name\":\"Globber Deutschland\",\"description\":\"Die Welt auf R\u00e4dern | Globber.com\",\"publisher\":{\"@id\":\"https:\/\/www.globber.com\/de\/#organization\"},\"potentialAction\":[{\"@type\":\"SearchAction\",\"target\":{\"@type\":\"EntryPoint\",\"urlTemplate\":\"https:\/\/www.globber.com\/de\/?s={search_term_string}\"},\"query-input\":{\"@type\":\"PropertyValueSpecification\",\"valueRequired\":true,\"valueName\":\"search_term_string\"}}],\"inLanguage\":\"de\"},{\"@type\":\"Organization\",\"@id\":\"https:\/\/www.globber.com\/de\/#organization\",\"name\":\"Globber Deutschland\",\"url\":\"https:\/\/www.globber.com\/de\/\",\"logo\":{\"@type\":\"ImageObject\",\"inLanguage\":\"de\",\"@id\":\"https:\/\/www.globber.com\/de\/#\/schema\/logo\/image\/\",\"url\":\"https:\/\/cdn.globber.com\/content\/sites\/13\/2024\/05\/logo.svg\",\"contentUrl\":\"https:\/\/cdn.globber.com\/content\/sites\/13\/2024\/05\/logo.svg\",\"width\":601,\"height\":112,\"caption\":\"Globber Deutschland\"},\"image\":{\"@id\":\"https:\/\/www.globber.com\/de\/#\/schema\/logo\/image\/\"}}]}<\/script>\n<meta property=\"og:availability\" content=\"instock\" \/>\n<meta property=\"product:availability\" content=\"instock\" \/>\n<meta property=\"product:retailer_item_id\" content=\"745-XXX\" \/>\n<meta property=\"product:condition\" content=\"new\" \/>\n<!-- \/ Yoast SEO Premium plugin. -->","yoast_head_json":{"title":"GO\u2022UP ACTIVE LIGHTS ECOLOGIC: Nachhaltiger 3-Rad-Scooter","description":"GO\u2022UP ACTIVE LIGHTS ECOLOGIC: Ein umweltfreundlicher 3-in-1-Roller aus GRS-Kunststoff und biologisch abbaubarem Weizenstroh.","robots":{"index":"index","follow":"follow","max-snippet":"max-snippet:-1","max-image-preview":"max-image-preview:large","max-video-preview":"max-video-preview:-1"},"canonical":"https:\/\/www.globber.com\/de\/product\/goup-active-lights-eco-logik-umweltfreundlicher-3-in-1-roller-fuer-kinder-kleinkinder\/","og_locale":"de_DE","og_type":"article","og_title":"GO\u2022UP ACTIVE LIGHTS ECOLOGIC: Nachhaltiger 3-Rad-Scooter","og_description":"GO\u2022UP ACTIVE LIGHTS ECOLOGIC: Ein umweltfreundlicher 3-in-1-Roller aus GRS-Kunststoff und biologisch abbaubarem Weizenstroh.","og_url":"https:\/\/www.globber.com\/de\/product\/goup-active-lights-eco-logik-umweltfreundlicher-3-in-1-roller-fuer-kinder-kleinkinder\/","og_site_name":"Globber Deutschland","article_modified_time":"2026-04-30T12:35:43+00:00","og_image":[{"width":2048,"height":2048,"url":"https:\/\/cdn.globber.com\/content\/sites\/13\/2023\/11\/go-up-active-lights-eco.jpg","type":"image\/jpeg"}],"twitter_card":"summary_large_image","twitter_misc":{"Availability":"In stock"},"schema":{"@context":"https:\/\/schema.org","@graph":[{"@type":["WebPage","ItemPage"],"@id":"https:\/\/www.globber.com\/de\/product\/goup-active-lights-eco-logik-umweltfreundlicher-3-in-1-roller-fuer-kinder-kleinkinder\/","url":"https:\/\/www.globber.com\/de\/product\/goup-active-lights-eco-logik-umweltfreundlicher-3-in-1-roller-fuer-kinder-kleinkinder\/","name":"GO\u2022UP ACTIVE LIGHTS ECOLOGIC: Nachhaltiger 3-Rad-Scooter","isPartOf":{"@id":"https:\/\/www.globber.com\/de\/#website"},"primaryImageOfPage":{"@id":"https:\/\/www.globber.com\/de\/product\/goup-active-lights-eco-logik-umweltfreundlicher-3-in-1-roller-fuer-kinder-kleinkinder\/#primaryimage"},"image":{"@id":"https:\/\/www.globber.com\/de\/product\/goup-active-lights-eco-logik-umweltfreundlicher-3-in-1-roller-fuer-kinder-kleinkinder\/#primaryimage"},"thumbnailUrl":"https:\/\/cdn.globber.com\/content\/sites\/13\/2023\/11\/go-up-active-lights-eco.jpg","datePublished":"2023-11-30T05:47:42+00:00","dateModified":"2026-04-30T12:35:43+00:00","description":"GO\u2022UP ACTIVE LIGHTS ECOLOGIC: Ein umweltfreundlicher 3-in-1-Roller aus GRS-Kunststoff und biologisch abbaubarem Weizenstroh.","breadcrumb":{"@id":"https:\/\/www.globber.com\/de\/product\/goup-active-lights-eco-logik-umweltfreundlicher-3-in-1-roller-fuer-kinder-kleinkinder\/#breadcrumb"},"inLanguage":"de","potentialAction":[{"@type":"ReadAction","target":["https:\/\/www.globber.com\/de\/product\/goup-active-lights-eco-logik-umweltfreundlicher-3-in-1-roller-fuer-kinder-kleinkinder\/"]}]},{"@type":"ImageObject","inLanguage":"de","@id":"https:\/\/www.globber.com\/de\/product\/goup-active-lights-eco-logik-umweltfreundlicher-3-in-1-roller-fuer-kinder-kleinkinder\/#primaryimage","url":"https:\/\/cdn.globber.com\/content\/sites\/13\/2023\/11\/go-up-active-lights-eco.jpg","contentUrl":"https:\/\/cdn.globber.com\/content\/sites\/13\/2023\/11\/go-up-active-lights-eco.jpg","width":2048,"height":2048},{"@type":"BreadcrumbList","@id":"https:\/\/www.globber.com\/de\/product\/goup-active-lights-eco-logik-umweltfreundlicher-3-in-1-roller-fuer-kinder-kleinkinder\/#breadcrumb","itemListElement":[{"@type":"ListItem","position":1,"name":"Alle Produkte","item":"https:\/\/www.globber.com\/de\/shop-by-product\/"},{"@type":"ListItem","position":2,"name":"GO\u2022UP ACTIVE LIGHTS ECOLOGIC"}]},{"@type":"WebSite","@id":"https:\/\/www.globber.com\/de\/#website","url":"https:\/\/www.globber.com\/de\/","name":"Globber Deutschland","description":"Die Welt auf R\u00e4dern | Globber.com","publisher":{"@id":"https:\/\/www.globber.com\/de\/#organization"},"potentialAction":[{"@type":"SearchAction","target":{"@type":"EntryPoint","urlTemplate":"https:\/\/www.globber.com\/de\/?s={search_term_string}"},"query-input":{"@type":"PropertyValueSpecification","valueRequired":true,"valueName":"search_term_string"}}],"inLanguage":"de"},{"@type":"Organization","@id":"https:\/\/www.globber.com\/de\/#organization","name":"Globber Deutschland","url":"https:\/\/www.globber.com\/de\/","logo":{"@type":"ImageObject","inLanguage":"de","@id":"https:\/\/www.globber.com\/de\/#\/schema\/logo\/image\/","url":"https:\/\/cdn.globber.com\/content\/sites\/13\/2024\/05\/logo.svg","contentUrl":"https:\/\/cdn.globber.com\/content\/sites\/13\/2024\/05\/logo.svg","width":601,"height":112,"caption":"Globber Deutschland"},"image":{"@id":"https:\/\/www.globber.com\/de\/#\/schema\/logo\/image\/"}}]},"og_availability":"instock","product_availability":"instock","product_retailer_item_id":"745-XXX","product_condition":"new"},"_links":{"self":[{"href":"https:\/\/www.globber.com\/de\/wp-json\/wp\/v2\/product\/11721","targetHints":{"allow":["GET"]}}],"collection":[{"href":"https:\/\/www.globber.com\/de\/wp-json\/wp\/v2\/product"}],"about":[{"href":"https:\/\/www.globber.com\/de\/wp-json\/wp\/v2\/types\/product"}],"replies":[{"embeddable":true,"href":"https:\/\/www.globber.com\/de\/wp-json\/wp\/v2\/comments?post=11721"}],"wp:featuredmedia":[{"embeddable":true,"href":"https:\/\/www.globber.com\/de\/wp-json\/wp\/v2\/media\/16864"}],"wp:attachment":[{"href":"https:\/\/www.globber.com\/de\/wp-json\/wp\/v2\/media?parent=11721"}],"wp:term":[{"taxonomy":"product-special-badges","embeddable":true,"href":"https:\/\/www.globber.com\/de\/wp-json\/wp\/v2\/product-special-badges?post=11721"},{"taxonomy":"product_brand","embeddable":true,"href":"https:\/\/www.globber.com\/de\/wp-json\/wp\/v2\/product_brand?post=11721"},{"taxonomy":"product_cat","embeddable":true,"href":"https:\/\/www.globber.com\/de\/wp-json\/wp\/v2\/product_cat?post=11721"},{"taxonomy":"product_tag","embeddable":true,"href":"https:\/\/www.globber.com\/de\/wp-json\/wp\/v2\/product_tag?post=11721"}],"curies":[{"name":"wp","href":"https:\/\/api.w.org\/{rel}","templated":true}]}}