{"id":12232,"date":"2024-04-26T04:53:26","date_gmt":"2024-04-26T02:53:26","guid":{"rendered":"https:\/\/www.globber.com\/de\/?post_type=product&#038;p=12232"},"modified":"2026-05-13T16:00:26","modified_gmt":"2026-05-13T14:00:26","slug":"go-up-baby-lights-360","status":"publish","type":"product","link":"https:\/\/www.globber.com\/de\/product\/go-up-baby-lights-360\/","title":{"rendered":"GO\u2022UP BABY LIGHTS 360\u00b0"},"content":{"rendered":"<p data-start=\"203\" data-end=\"704\">Bereit f\u00fcr das wendigste Kleinkindfahrzeug? Der <strong>GO\u2022UP BABY LIGHTS<\/strong> <strong>360\u00b0 <\/strong>ist ein cleveres 3-in-1-Fahrzeug, das mit deinem Kind mitw\u00e4chst \u2013 vom Aufsitzfahrzeug \u00fcber das Laufrad bis zum 3-Rad-Roller. Dank der patentierten 360\u00b0-Lenkung f\u00fcr Eltern l\u00e4sst sich der Aufsitzmodus besonders leicht steuern \u2013 perfekt f\u00fcr Kinder ab 15 Monaten, die gemeinsam mit dir erste Abenteuer erleben wollen. Ab 3 Jahren \u00fcbernimmt dein Kind dann selbst das Steuer im Roller-Modus \u2013 sicher, stabil und voller Spa\u00df.<\/p>\n<p data-start=\"706\" data-end=\"1213\">Das Modell \u00fcberzeugt mit batterielosen LED-R\u00e4dern, einem integrierten LED-Leuchtmodul, verstellbarem Sitz mit R\u00fcckenlehne, einem weichen, abnehmbaren Lenkerkorb sowie einem robusten, rutschfesten Trittbrett. Die h\u00f6henverstellbare Lenkstange und das 100\u202f% werkzeuglose Design sorgen f\u00fcr eine unkomplizierte Handhabung \u2013 ob beim Umbau oder Transport. Auch das patentierte Klappsystem und die Lenkverriegelung machen den \u00a0<strong>GO\u2022UP BABY LIGHTS<\/strong> <strong>360\u00b0<\/strong>\u00a0zu einem echten Alltagshelden.<\/p>\n<p data-start=\"1215\" data-end=\"1498\">Besonders nachhaltig: Der Roller besteht zu bis zu 50\u202f% aus recyceltem Kunststoff (GRS-zertifiziert) \u2013 ein Beitrag zu mehr Umweltbewusstsein im Kinderalltag. So vereint der \u00a0<strong>GO\u2022UP BABY LIGHTS<\/strong> <strong>360\u00b0<\/strong>\u00a0smarte Funktionalit\u00e4t, Komfort und Verantwortung \u2013 auf drei R\u00e4dern f\u00fcr die Zukunft.<\/p>\n<p data-start=\"1215\" data-end=\"1498\">\u00a0<\/p>\n<p data-start=\"1215\" data-end=\"1498\"><span data-teams=\"true\"><strong>GO\u2022UP BABY LIGHTS<\/strong> <strong>360\u00b0<\/strong> ist Gewinner der renommierten Preise:<\/span><\/p>\n<ul>\n<li data-start=\"1215\" data-end=\"1498\"><a href=\"https:\/\/gooddesignawards.org\/project\/goup-baby-lights-360-2024\/\">Good Design Award 2024<\/a><\/li>\n<li data-start=\"1215\" data-end=\"1498\"><a href=\"https:\/\/ifdesign.com\/de\/winner-ranking\/project\/go-up-baby-lights-360\/683697\">iF Design Award 2025<\/a><\/li>\n<\/ul>\n<p><strong>360\u00b0 ECOSYSTEM<\/strong> (GO\u2022UP 360\u00b0 + STROLL LITE) wurde mit diesen Preisen ausgezeichnet:<\/p>\n<ul>\n<li><a href=\"https:\/\/gooddesignawards.org\/project\/stroll-360-ecosystem-2024\/\">Good Design Award 2025<\/a><\/li>\n<li><a href=\"https:\/\/www.german-design-award.com\/galerie\/detail\/baby-and-child-care\/stroll-360-ecosystem\">German Design Award 2026<\/a><\/li>\n<li><a href=\"https:\/\/www.productdesignaward.eu\/winners\/epda\/2025\/12325\/\"><span data-teams=\"true\">European Product Design Award 2025<\/span><\/a><\/li>\n<\/ul>\n","protected":false},"excerpt":{"rendered":"<ul>\n<li>360\u00b0-Lenkmodul,<\/li>\n<li>3-fach verstellbarer Sitz,<\/li>\n<li>4-fach verstellbare Lenkstange,<\/li>\n<li>LED-Leuchtr\u00e4der<\/li>\n<\/ul>\n","protected":false},"featured_media":16861,"comment_status":"open","ping_status":"closed","template":"","meta":{"_acf_changed":false,"inline_featured_image":false},"product-special-badges":[3545],"product_brand":[],"product_cat":[4270,1694,3560,4170,1247],"product_tag":[],"class_list":{"0":"post-12232","1":"product","2":"type-product","3":"status-publish","4":"has-post-thumbnail","6":"product_cat-go-up-360-product-list","7":"product_cat-light-up-scooter","8":"product_cat-umbaubare-fahrzeuge","9":"product_cat-go-up-360-collection","10":"product_cat-go-up-serie","11":"pa_age-range-ab-3-jahren","12":"pa_age-range-ab-4-jahren","13":"pa_age-range-ab-5-jahren","14":"pa_age-range-ab-15-monaten","15":"pa_age-range-ab-2-jahren","16":"pa_color-coral-pink","17":"pa_color-mint","18":"pa_color-deep-blue","19":"pa_color-sage","20":"pa_color-taupe","21":"pa_ean-3738","22":"pa_ean-3913","23":"pa_ean-3914","24":"pa_ean-3739","25":"pa_ean-3915","26":"pa_foldable-yes","27":"pa_maximales-benutzergewicht-20-kg-aufsitz-laufradmodus-50-kg-scootermodus","28":"pa_product-type-aufsitzfahrzeug","29":"pa_product-type-laufrad","30":"pa_produktkategorie-umbaubarer-roller","31":"pa_recommended-user-height-75-130cm","32":"pa_series-go-up-serie","33":"pa_t-bar-4-fach-hoehenverstellbar","34":"pa_umbaubar-ja","36":"first","37":"instock","38":"taxable","39":"shipping-taxable","40":"purchasable","41":"product-type-variable"},"bundled_by":[],"bundle_stock_status":"instock","bundle_stock_quantity":null,"bundle_virtual":false,"bundle_layout":"","bundle_add_to_cart_form_location":"","bundle_editable_in_cart":false,"bundle_sold_individually_context":"","bundle_item_grouping":"","bundle_min_size":"","bundle_max_size":"","bundled_items":[],"bundle_sell_ids":[],"acf":[],"yoast_head":"<!-- This site is optimized with the Yoast SEO Premium plugin v20.12 (Yoast SEO v23.4) - https:\/\/yoast.com\/wordpress\/plugins\/seo\/ -->\n<title>GO\u2022UP BABY LIGHTS 360\u00b0 Leuchtendes 3-in-1 Kinderfahrzeug<\/title>\n<meta name=\"description\" content=\"Der umbaubare GLOBBER - nachhaltig hergestellt und mehrfach ausgezeichnet! Innovatives Design und werkzeuglos transformierbar in vier m\u00f6gliche Modi.\" \/>\n<meta name=\"robots\" content=\"index, follow, max-snippet:-1, max-image-preview:large, max-video-preview:-1\" \/>\n<link rel=\"canonical\" href=\"https:\/\/www.globber.com\/de\/product\/go-up-baby-lights-360\/\" \/>\n<meta property=\"og:locale\" content=\"de_DE\" \/>\n<meta property=\"og:type\" content=\"article\" \/>\n<meta property=\"og:title\" content=\"GO\u2022UP BABY LIGHTS 360\u00b0 Leuchtendes 3-in-1 Kinderfahrzeug\" \/>\n<meta property=\"og:description\" content=\"Der umbaubare GLOBBER - nachhaltig hergestellt und mehrfach ausgezeichnet! Innovatives Design und werkzeuglos transformierbar in vier m\u00f6gliche Modi.\" \/>\n<meta property=\"og:url\" content=\"https:\/\/www.globber.com\/de\/product\/go-up-baby-lights-360\/\" \/>\n<meta property=\"og:site_name\" content=\"Globber Deutschland\" \/>\n<meta property=\"article:modified_time\" content=\"2026-05-13T14:00:26+00:00\" \/>\n<meta property=\"og:image\" content=\"https:\/\/cdn.globber.com\/content\/sites\/13\/2024\/04\/GO-UP-Baby-Lights-360%C2%B0.jpg\" \/>\n\t<meta property=\"og:image:width\" content=\"2048\" \/>\n\t<meta property=\"og:image:height\" content=\"2048\" \/>\n\t<meta property=\"og:image:type\" content=\"image\/jpeg\" \/>\n<meta name=\"twitter:card\" content=\"summary_large_image\" \/>\n<meta name=\"twitter:label1\" content=\"Availability\" \/>\n\t<meta name=\"twitter:data1\" content=\"In stock\" \/>\n<script type=\"application\/ld+json\" class=\"yoast-schema-graph\">{\"@context\":\"https:\/\/schema.org\",\"@graph\":[{\"@type\":[\"WebPage\",\"ItemPage\"],\"@id\":\"https:\/\/www.globber.com\/de\/product\/go-up-baby-lights-360\/\",\"url\":\"https:\/\/www.globber.com\/de\/product\/go-up-baby-lights-360\/\",\"name\":\"GO\u2022UP BABY LIGHTS 360\u00b0 Leuchtendes 3-in-1 Kinderfahrzeug\",\"isPartOf\":{\"@id\":\"https:\/\/www.globber.com\/de\/#website\"},\"primaryImageOfPage\":{\"@id\":\"https:\/\/www.globber.com\/de\/product\/go-up-baby-lights-360\/#primaryimage\"},\"image\":{\"@id\":\"https:\/\/www.globber.com\/de\/product\/go-up-baby-lights-360\/#primaryimage\"},\"thumbnailUrl\":\"https:\/\/cdn.globber.com\/content\/sites\/13\/2024\/04\/GO-UP-Baby-Lights-360%C2%B0.jpg\",\"datePublished\":\"2024-04-26T02:53:26+00:00\",\"dateModified\":\"2026-05-13T14:00:26+00:00\",\"description\":\"Der umbaubare GLOBBER - nachhaltig hergestellt und mehrfach ausgezeichnet! Innovatives Design und werkzeuglos transformierbar in vier m\u00f6gliche Modi.\",\"breadcrumb\":{\"@id\":\"https:\/\/www.globber.com\/de\/product\/go-up-baby-lights-360\/#breadcrumb\"},\"inLanguage\":\"de\",\"potentialAction\":[{\"@type\":\"ReadAction\",\"target\":[\"https:\/\/www.globber.com\/de\/product\/go-up-baby-lights-360\/\"]}]},{\"@type\":\"ImageObject\",\"inLanguage\":\"de\",\"@id\":\"https:\/\/www.globber.com\/de\/product\/go-up-baby-lights-360\/#primaryimage\",\"url\":\"https:\/\/cdn.globber.com\/content\/sites\/13\/2024\/04\/GO-UP-Baby-Lights-360%C2%B0.jpg\",\"contentUrl\":\"https:\/\/cdn.globber.com\/content\/sites\/13\/2024\/04\/GO-UP-Baby-Lights-360%C2%B0.jpg\",\"width\":2048,\"height\":2048},{\"@type\":\"BreadcrumbList\",\"@id\":\"https:\/\/www.globber.com\/de\/product\/go-up-baby-lights-360\/#breadcrumb\",\"itemListElement\":[{\"@type\":\"ListItem\",\"position\":1,\"name\":\"Alle Produkte\",\"item\":\"https:\/\/www.globber.com\/de\/shop-by-product\/\"},{\"@type\":\"ListItem\",\"position\":2,\"name\":\"GO\u2022UP BABY LIGHTS 360\u00b0\"}]},{\"@type\":\"WebSite\",\"@id\":\"https:\/\/www.globber.com\/de\/#website\",\"url\":\"https:\/\/www.globber.com\/de\/\",\"name\":\"Globber Deutschland\",\"description\":\"Die Welt auf R\u00e4dern | Globber.com\",\"publisher\":{\"@id\":\"https:\/\/www.globber.com\/de\/#organization\"},\"potentialAction\":[{\"@type\":\"SearchAction\",\"target\":{\"@type\":\"EntryPoint\",\"urlTemplate\":\"https:\/\/www.globber.com\/de\/?s={search_term_string}\"},\"query-input\":{\"@type\":\"PropertyValueSpecification\",\"valueRequired\":true,\"valueName\":\"search_term_string\"}}],\"inLanguage\":\"de\"},{\"@type\":\"Organization\",\"@id\":\"https:\/\/www.globber.com\/de\/#organization\",\"name\":\"Globber Deutschland\",\"url\":\"https:\/\/www.globber.com\/de\/\",\"logo\":{\"@type\":\"ImageObject\",\"inLanguage\":\"de\",\"@id\":\"https:\/\/www.globber.com\/de\/#\/schema\/logo\/image\/\",\"url\":\"https:\/\/cdn.globber.com\/content\/sites\/13\/2024\/05\/logo.svg\",\"contentUrl\":\"https:\/\/cdn.globber.com\/content\/sites\/13\/2024\/05\/logo.svg\",\"width\":601,\"height\":112,\"caption\":\"Globber Deutschland\"},\"image\":{\"@id\":\"https:\/\/www.globber.com\/de\/#\/schema\/logo\/image\/\"}}]}<\/script>\n<meta property=\"og:availability\" content=\"instock\" \/>\n<meta property=\"product:availability\" content=\"instock\" \/>\n<meta property=\"product:retailer_item_id\" content=\"844-XXX\" \/>\n<meta property=\"product:condition\" content=\"new\" \/>\n<!-- \/ Yoast SEO Premium plugin. -->","yoast_head_json":{"title":"GO\u2022UP BABY LIGHTS 360\u00b0 Leuchtendes 3-in-1 Kinderfahrzeug","description":"Der umbaubare GLOBBER - nachhaltig hergestellt und mehrfach ausgezeichnet! Innovatives Design und werkzeuglos transformierbar in vier m\u00f6gliche Modi.","robots":{"index":"index","follow":"follow","max-snippet":"max-snippet:-1","max-image-preview":"max-image-preview:large","max-video-preview":"max-video-preview:-1"},"canonical":"https:\/\/www.globber.com\/de\/product\/go-up-baby-lights-360\/","og_locale":"de_DE","og_type":"article","og_title":"GO\u2022UP BABY LIGHTS 360\u00b0 Leuchtendes 3-in-1 Kinderfahrzeug","og_description":"Der umbaubare GLOBBER - nachhaltig hergestellt und mehrfach ausgezeichnet! Innovatives Design und werkzeuglos transformierbar in vier m\u00f6gliche Modi.","og_url":"https:\/\/www.globber.com\/de\/product\/go-up-baby-lights-360\/","og_site_name":"Globber Deutschland","article_modified_time":"2026-05-13T14:00:26+00:00","og_image":[{"width":2048,"height":2048,"url":"https:\/\/cdn.globber.com\/content\/sites\/13\/2024\/04\/GO-UP-Baby-Lights-360%C2%B0.jpg","type":"image\/jpeg"}],"twitter_card":"summary_large_image","twitter_misc":{"Availability":"In stock"},"schema":{"@context":"https:\/\/schema.org","@graph":[{"@type":["WebPage","ItemPage"],"@id":"https:\/\/www.globber.com\/de\/product\/go-up-baby-lights-360\/","url":"https:\/\/www.globber.com\/de\/product\/go-up-baby-lights-360\/","name":"GO\u2022UP BABY LIGHTS 360\u00b0 Leuchtendes 3-in-1 Kinderfahrzeug","isPartOf":{"@id":"https:\/\/www.globber.com\/de\/#website"},"primaryImageOfPage":{"@id":"https:\/\/www.globber.com\/de\/product\/go-up-baby-lights-360\/#primaryimage"},"image":{"@id":"https:\/\/www.globber.com\/de\/product\/go-up-baby-lights-360\/#primaryimage"},"thumbnailUrl":"https:\/\/cdn.globber.com\/content\/sites\/13\/2024\/04\/GO-UP-Baby-Lights-360%C2%B0.jpg","datePublished":"2024-04-26T02:53:26+00:00","dateModified":"2026-05-13T14:00:26+00:00","description":"Der umbaubare GLOBBER - nachhaltig hergestellt und mehrfach ausgezeichnet! Innovatives Design und werkzeuglos transformierbar in vier m\u00f6gliche Modi.","breadcrumb":{"@id":"https:\/\/www.globber.com\/de\/product\/go-up-baby-lights-360\/#breadcrumb"},"inLanguage":"de","potentialAction":[{"@type":"ReadAction","target":["https:\/\/www.globber.com\/de\/product\/go-up-baby-lights-360\/"]}]},{"@type":"ImageObject","inLanguage":"de","@id":"https:\/\/www.globber.com\/de\/product\/go-up-baby-lights-360\/#primaryimage","url":"https:\/\/cdn.globber.com\/content\/sites\/13\/2024\/04\/GO-UP-Baby-Lights-360%C2%B0.jpg","contentUrl":"https:\/\/cdn.globber.com\/content\/sites\/13\/2024\/04\/GO-UP-Baby-Lights-360%C2%B0.jpg","width":2048,"height":2048},{"@type":"BreadcrumbList","@id":"https:\/\/www.globber.com\/de\/product\/go-up-baby-lights-360\/#breadcrumb","itemListElement":[{"@type":"ListItem","position":1,"name":"Alle Produkte","item":"https:\/\/www.globber.com\/de\/shop-by-product\/"},{"@type":"ListItem","position":2,"name":"GO\u2022UP BABY LIGHTS 360\u00b0"}]},{"@type":"WebSite","@id":"https:\/\/www.globber.com\/de\/#website","url":"https:\/\/www.globber.com\/de\/","name":"Globber Deutschland","description":"Die Welt auf R\u00e4dern | Globber.com","publisher":{"@id":"https:\/\/www.globber.com\/de\/#organization"},"potentialAction":[{"@type":"SearchAction","target":{"@type":"EntryPoint","urlTemplate":"https:\/\/www.globber.com\/de\/?s={search_term_string}"},"query-input":{"@type":"PropertyValueSpecification","valueRequired":true,"valueName":"search_term_string"}}],"inLanguage":"de"},{"@type":"Organization","@id":"https:\/\/www.globber.com\/de\/#organization","name":"Globber Deutschland","url":"https:\/\/www.globber.com\/de\/","logo":{"@type":"ImageObject","inLanguage":"de","@id":"https:\/\/www.globber.com\/de\/#\/schema\/logo\/image\/","url":"https:\/\/cdn.globber.com\/content\/sites\/13\/2024\/05\/logo.svg","contentUrl":"https:\/\/cdn.globber.com\/content\/sites\/13\/2024\/05\/logo.svg","width":601,"height":112,"caption":"Globber Deutschland"},"image":{"@id":"https:\/\/www.globber.com\/de\/#\/schema\/logo\/image\/"}}]},"og_availability":"instock","product_availability":"instock","product_retailer_item_id":"844-XXX","product_condition":"new"},"_links":{"self":[{"href":"https:\/\/www.globber.com\/de\/wp-json\/wp\/v2\/product\/12232","targetHints":{"allow":["GET"]}}],"collection":[{"href":"https:\/\/www.globber.com\/de\/wp-json\/wp\/v2\/product"}],"about":[{"href":"https:\/\/www.globber.com\/de\/wp-json\/wp\/v2\/types\/product"}],"replies":[{"embeddable":true,"href":"https:\/\/www.globber.com\/de\/wp-json\/wp\/v2\/comments?post=12232"}],"wp:featuredmedia":[{"embeddable":true,"href":"https:\/\/www.globber.com\/de\/wp-json\/wp\/v2\/media\/16861"}],"wp:attachment":[{"href":"https:\/\/www.globber.com\/de\/wp-json\/wp\/v2\/media?parent=12232"}],"wp:term":[{"taxonomy":"product-special-badges","embeddable":true,"href":"https:\/\/www.globber.com\/de\/wp-json\/wp\/v2\/product-special-badges?post=12232"},{"taxonomy":"product_brand","embeddable":true,"href":"https:\/\/www.globber.com\/de\/wp-json\/wp\/v2\/product_brand?post=12232"},{"taxonomy":"product_cat","embeddable":true,"href":"https:\/\/www.globber.com\/de\/wp-json\/wp\/v2\/product_cat?post=12232"},{"taxonomy":"product_tag","embeddable":true,"href":"https:\/\/www.globber.com\/de\/wp-json\/wp\/v2\/product_tag?post=12232"}],"curies":[{"name":"wp","href":"https:\/\/api.w.org\/{rel}","templated":true}]}}