{"id":13073,"date":"2024-12-10T08:16:05","date_gmt":"2024-12-10T07:16:05","guid":{"rendered":"https:\/\/www.globber.com\/de\/?post_type=product&#038;p=13073"},"modified":"2026-04-14T03:01:32","modified_gmt":"2026-04-14T01:01:32","slug":"explorer-trike-4in1-das-perfekte-schubdreirad-fuer-kinder-ab-10-monaten","status":"publish","type":"product","link":"https:\/\/www.globber.com\/de\/product\/explorer-trike-4in1-das-perfekte-schubdreirad-fuer-kinder-ab-10-monaten\/","title":{"rendered":"EXPLORER TRIKE 4in1"},"content":{"rendered":"<p data-start=\"160\" data-end=\"627\">Das <strong data-start=\"164\" data-end=\"187\">EXPLORER TRIKE 4in1<\/strong> ist ein cleveres All-in-One-Dreirad, das mit deinem Kind von den ersten Fahrversuchen bis zum eigenst\u00e4ndigen Laufradfahren mitw\u00e4chst. Entwickelt f\u00fcr Kleinkinder ab 10 Monaten, begleitet es Familien durch vier Entwicklungsphasen \u2013 vom Schubdreirad \u00fcber ein gef\u00fchrtes Trike und ein Trainingsdreirad bis hin zum Laufrad f\u00fcr Kinder bis etwa f\u00fcnf Jahre. So bleibt dein Kind mobil, neugierig und sicher \u2013 Schritt f\u00fcr Schritt.<\/p>\n<p data-start=\"629\" data-end=\"1186\">Mit seinem 100\u202f% werkzeuglosen Design l\u00e4sst sich das Fahrzeug im Handumdrehen in den gew\u00fcnschten Modus verwandeln \u2013 ganz ohne Aufwand. Der patentierte Hinterradmechanismus macht den Umbau besonders einfach, w\u00e4hrend der 2-fach h\u00f6henverstellbare Elterngriff, der verstellbare Sitz mit hoher R\u00fcckenlehne, die EVA-Schaumr\u00e4der und die abnehmbare Fu\u00dfst\u00fctze f\u00fcr Komfort und Flexibilit\u00e4t im Alltag sorgen. Dank durchdachter Details wie der intelligenten Pedalaufbewahrung ist das<strong> EXPLORER TRIKE 4in1<\/strong> ein echtes Multitalent f\u00fcr unterwegs.<\/p>\n<p data-start=\"1188\" data-end=\"1517\">Nicht zuletzt \u00fcberzeugt es auch in Design und Qualit\u00e4t: Das<strong> EXPLORER TRIKE 4in1<\/strong> wurde mit elf renommierten Awards ausgezeichnet \u2013 darunter der National Parenting Product Award, der Mom\u2019s Choice Award sowie der Grand Prix du Jouet \u2013 und gilt als einer der durchdachtesten All-in-One-Begleiter f\u00fcr moderne Familien.<\/p>\n","protected":false},"excerpt":{"rendered":"<ul>\n<li>2-fach h\u00f6henverstellbarer Sitz,<\/li>\n<li>5-Punkt-Gurt System,<\/li>\n<li>Abnehmbare Lenkstange<\/li>\n<\/ul>\n","protected":false},"featured_media":16859,"comment_status":"open","ping_status":"closed","template":"","meta":{"_acf_changed":false,"inline_featured_image":false},"product-special-badges":[],"product_brand":[],"product_cat":[3560,3559,1243],"product_tag":[],"class_list":{"0":"post-13073","1":"product","2":"type-product","3":"status-publish","4":"has-post-thumbnail","6":"product_cat-umbaubare-fahrzeuge","7":"product_cat-globber-4in1-explorer-trike-umbaubares-dreirad-und-laufrad","8":"product_cat-explorer-trike-serie","9":"pa_age-range-ab-3-jahren","10":"pa_age-range-ab-4-jahren","11":"pa_age-range-ab-10-monaten","12":"pa_age-range-ab-12-monaten","13":"pa_age-range-ab-15-monaten","14":"pa_age-range-ab-2-jahren","15":"pa_color-teal","16":"pa_color-royal-blue","17":"pa_color-coral-pink","18":"pa_color-mint","19":"pa_color-red","20":"pa_color-sand","21":"pa_color-black","22":"pa_ean-3938","23":"pa_ean-3939","24":"pa_ean-3940","25":"pa_ean-3941","26":"pa_ean-3942","27":"pa_ean-3943","28":"pa_ean-4104","29":"pa_foldable-no","30":"pa_maximales-benutzergewicht-15-kg-eltern-modus-20-kg-dreirad-modus","31":"pa_product-type-aufsitzfahrzeug","32":"pa_product-type-laufrad","33":"pa_product-type-dreirad","34":"pa_product-type-trike","35":"pa_produktkategorie-umbaubares-fahrzeug","36":"pa_recommended-user-height-65-105cm","37":"pa_series-explorer-trike-serie","38":"pa_t-bar-2-fach-hoehenverstellbar","39":"pa_umbaubar-ja","41":"first","42":"instock","43":"taxable","44":"shipping-taxable","45":"purchasable","46":"product-type-variable"},"bundled_by":[],"bundle_stock_status":"instock","bundle_stock_quantity":null,"bundle_virtual":false,"bundle_layout":"","bundle_add_to_cart_form_location":"","bundle_editable_in_cart":false,"bundle_sold_individually_context":"","bundle_item_grouping":"","bundle_min_size":"","bundle_max_size":"","bundled_items":[],"bundle_sell_ids":[],"acf":[],"yoast_head":"<!-- This site is optimized with the Yoast SEO Premium plugin v20.12 (Yoast SEO v23.4) - https:\/\/yoast.com\/wordpress\/plugins\/seo\/ -->\n<title>EXPLORER TRIKE 4in1: Umbaubares 4-in-1 Dreirad<\/title>\n<meta name=\"description\" content=\"Entdecke das EXPLORER TRIKE 4in1! Ein innovatives Schubdreirad f\u00fcr Kinder ab 10 Monaten, das sich flexibel an die Entwicklung anpasst.\" \/>\n<meta name=\"robots\" content=\"index, follow, max-snippet:-1, max-image-preview:large, max-video-preview:-1\" \/>\n<link rel=\"canonical\" href=\"https:\/\/www.globber.com\/de\/product\/explorer-trike-4in1-das-perfekte-schubdreirad-fuer-kinder-ab-10-monaten\/\" \/>\n<meta property=\"og:locale\" content=\"de_DE\" \/>\n<meta property=\"og:type\" content=\"article\" \/>\n<meta property=\"og:title\" content=\"EXPLORER TRIKE 4in1: Umbaubares 4-in-1 Dreirad\" \/>\n<meta property=\"og:description\" content=\"Entdecke das EXPLORER TRIKE 4in1! Ein innovatives Schubdreirad f\u00fcr Kinder ab 10 Monaten, das sich flexibel an die Entwicklung anpasst.\" \/>\n<meta property=\"og:url\" content=\"https:\/\/www.globber.com\/de\/product\/explorer-trike-4in1-das-perfekte-schubdreirad-fuer-kinder-ab-10-monaten\/\" \/>\n<meta property=\"og:site_name\" content=\"Globber Deutschland\" \/>\n<meta property=\"article:modified_time\" content=\"2026-04-14T01:01:32+00:00\" \/>\n<meta property=\"og:image\" content=\"https:\/\/cdn.globber.com\/content\/sites\/13\/2024\/12\/explorer-trike-4in1.jpg\" \/>\n\t<meta property=\"og:image:width\" content=\"2048\" \/>\n\t<meta property=\"og:image:height\" content=\"2048\" \/>\n\t<meta property=\"og:image:type\" content=\"image\/jpeg\" \/>\n<meta name=\"twitter:card\" content=\"summary_large_image\" \/>\n<meta name=\"twitter:label1\" content=\"Availability\" \/>\n\t<meta name=\"twitter:data1\" content=\"In stock\" \/>\n<script type=\"application\/ld+json\" class=\"yoast-schema-graph\">{\"@context\":\"https:\/\/schema.org\",\"@graph\":[{\"@type\":[\"WebPage\",\"ItemPage\"],\"@id\":\"https:\/\/www.globber.com\/de\/product\/explorer-trike-4in1-das-perfekte-schubdreirad-fuer-kinder-ab-10-monaten\/\",\"url\":\"https:\/\/www.globber.com\/de\/product\/explorer-trike-4in1-das-perfekte-schubdreirad-fuer-kinder-ab-10-monaten\/\",\"name\":\"EXPLORER TRIKE 4in1: Umbaubares 4-in-1 Dreirad\",\"isPartOf\":{\"@id\":\"https:\/\/www.globber.com\/de\/#website\"},\"primaryImageOfPage\":{\"@id\":\"https:\/\/www.globber.com\/de\/product\/explorer-trike-4in1-das-perfekte-schubdreirad-fuer-kinder-ab-10-monaten\/#primaryimage\"},\"image\":{\"@id\":\"https:\/\/www.globber.com\/de\/product\/explorer-trike-4in1-das-perfekte-schubdreirad-fuer-kinder-ab-10-monaten\/#primaryimage\"},\"thumbnailUrl\":\"https:\/\/cdn.globber.com\/content\/sites\/13\/2024\/12\/explorer-trike-4in1.jpg\",\"datePublished\":\"2024-12-10T07:16:05+00:00\",\"dateModified\":\"2026-04-14T01:01:32+00:00\",\"description\":\"Entdecke das EXPLORER TRIKE 4in1! Ein innovatives Schubdreirad f\u00fcr Kinder ab 10 Monaten, das sich flexibel an die Entwicklung anpasst.\",\"breadcrumb\":{\"@id\":\"https:\/\/www.globber.com\/de\/product\/explorer-trike-4in1-das-perfekte-schubdreirad-fuer-kinder-ab-10-monaten\/#breadcrumb\"},\"inLanguage\":\"de\",\"potentialAction\":[{\"@type\":\"ReadAction\",\"target\":[\"https:\/\/www.globber.com\/de\/product\/explorer-trike-4in1-das-perfekte-schubdreirad-fuer-kinder-ab-10-monaten\/\"]}]},{\"@type\":\"ImageObject\",\"inLanguage\":\"de\",\"@id\":\"https:\/\/www.globber.com\/de\/product\/explorer-trike-4in1-das-perfekte-schubdreirad-fuer-kinder-ab-10-monaten\/#primaryimage\",\"url\":\"https:\/\/cdn.globber.com\/content\/sites\/13\/2024\/12\/explorer-trike-4in1.jpg\",\"contentUrl\":\"https:\/\/cdn.globber.com\/content\/sites\/13\/2024\/12\/explorer-trike-4in1.jpg\",\"width\":2048,\"height\":2048},{\"@type\":\"BreadcrumbList\",\"@id\":\"https:\/\/www.globber.com\/de\/product\/explorer-trike-4in1-das-perfekte-schubdreirad-fuer-kinder-ab-10-monaten\/#breadcrumb\",\"itemListElement\":[{\"@type\":\"ListItem\",\"position\":1,\"name\":\"Alle Produkte\",\"item\":\"https:\/\/www.globber.com\/de\/shop-by-product\/\"},{\"@type\":\"ListItem\",\"position\":2,\"name\":\"EXPLORER TRIKE 4in1\"}]},{\"@type\":\"WebSite\",\"@id\":\"https:\/\/www.globber.com\/de\/#website\",\"url\":\"https:\/\/www.globber.com\/de\/\",\"name\":\"Globber Deutschland\",\"description\":\"Die Welt auf R\u00e4dern | Globber.com\",\"publisher\":{\"@id\":\"https:\/\/www.globber.com\/de\/#organization\"},\"potentialAction\":[{\"@type\":\"SearchAction\",\"target\":{\"@type\":\"EntryPoint\",\"urlTemplate\":\"https:\/\/www.globber.com\/de\/?s={search_term_string}\"},\"query-input\":{\"@type\":\"PropertyValueSpecification\",\"valueRequired\":true,\"valueName\":\"search_term_string\"}}],\"inLanguage\":\"de\"},{\"@type\":\"Organization\",\"@id\":\"https:\/\/www.globber.com\/de\/#organization\",\"name\":\"Globber Deutschland\",\"url\":\"https:\/\/www.globber.com\/de\/\",\"logo\":{\"@type\":\"ImageObject\",\"inLanguage\":\"de\",\"@id\":\"https:\/\/www.globber.com\/de\/#\/schema\/logo\/image\/\",\"url\":\"https:\/\/cdn.globber.com\/content\/sites\/13\/2024\/05\/logo.svg\",\"contentUrl\":\"https:\/\/cdn.globber.com\/content\/sites\/13\/2024\/05\/logo.svg\",\"width\":601,\"height\":112,\"caption\":\"Globber Deutschland\"},\"image\":{\"@id\":\"https:\/\/www.globber.com\/de\/#\/schema\/logo\/image\/\"}}]}<\/script>\n<meta property=\"og:availability\" content=\"instock\" \/>\n<meta property=\"product:availability\" content=\"instock\" \/>\n<meta property=\"product:retailer_item_id\" content=\"634-xxx\" \/>\n<meta property=\"product:condition\" content=\"new\" \/>\n<!-- \/ Yoast SEO Premium plugin. -->","yoast_head_json":{"title":"EXPLORER TRIKE 4in1: Umbaubares 4-in-1 Dreirad","description":"Entdecke das EXPLORER TRIKE 4in1! Ein innovatives Schubdreirad f\u00fcr Kinder ab 10 Monaten, das sich flexibel an die Entwicklung anpasst.","robots":{"index":"index","follow":"follow","max-snippet":"max-snippet:-1","max-image-preview":"max-image-preview:large","max-video-preview":"max-video-preview:-1"},"canonical":"https:\/\/www.globber.com\/de\/product\/explorer-trike-4in1-das-perfekte-schubdreirad-fuer-kinder-ab-10-monaten\/","og_locale":"de_DE","og_type":"article","og_title":"EXPLORER TRIKE 4in1: Umbaubares 4-in-1 Dreirad","og_description":"Entdecke das EXPLORER TRIKE 4in1! Ein innovatives Schubdreirad f\u00fcr Kinder ab 10 Monaten, das sich flexibel an die Entwicklung anpasst.","og_url":"https:\/\/www.globber.com\/de\/product\/explorer-trike-4in1-das-perfekte-schubdreirad-fuer-kinder-ab-10-monaten\/","og_site_name":"Globber Deutschland","article_modified_time":"2026-04-14T01:01:32+00:00","og_image":[{"width":2048,"height":2048,"url":"https:\/\/cdn.globber.com\/content\/sites\/13\/2024\/12\/explorer-trike-4in1.jpg","type":"image\/jpeg"}],"twitter_card":"summary_large_image","twitter_misc":{"Availability":"In stock"},"schema":{"@context":"https:\/\/schema.org","@graph":[{"@type":["WebPage","ItemPage"],"@id":"https:\/\/www.globber.com\/de\/product\/explorer-trike-4in1-das-perfekte-schubdreirad-fuer-kinder-ab-10-monaten\/","url":"https:\/\/www.globber.com\/de\/product\/explorer-trike-4in1-das-perfekte-schubdreirad-fuer-kinder-ab-10-monaten\/","name":"EXPLORER TRIKE 4in1: Umbaubares 4-in-1 Dreirad","isPartOf":{"@id":"https:\/\/www.globber.com\/de\/#website"},"primaryImageOfPage":{"@id":"https:\/\/www.globber.com\/de\/product\/explorer-trike-4in1-das-perfekte-schubdreirad-fuer-kinder-ab-10-monaten\/#primaryimage"},"image":{"@id":"https:\/\/www.globber.com\/de\/product\/explorer-trike-4in1-das-perfekte-schubdreirad-fuer-kinder-ab-10-monaten\/#primaryimage"},"thumbnailUrl":"https:\/\/cdn.globber.com\/content\/sites\/13\/2024\/12\/explorer-trike-4in1.jpg","datePublished":"2024-12-10T07:16:05+00:00","dateModified":"2026-04-14T01:01:32+00:00","description":"Entdecke das EXPLORER TRIKE 4in1! Ein innovatives Schubdreirad f\u00fcr Kinder ab 10 Monaten, das sich flexibel an die Entwicklung anpasst.","breadcrumb":{"@id":"https:\/\/www.globber.com\/de\/product\/explorer-trike-4in1-das-perfekte-schubdreirad-fuer-kinder-ab-10-monaten\/#breadcrumb"},"inLanguage":"de","potentialAction":[{"@type":"ReadAction","target":["https:\/\/www.globber.com\/de\/product\/explorer-trike-4in1-das-perfekte-schubdreirad-fuer-kinder-ab-10-monaten\/"]}]},{"@type":"ImageObject","inLanguage":"de","@id":"https:\/\/www.globber.com\/de\/product\/explorer-trike-4in1-das-perfekte-schubdreirad-fuer-kinder-ab-10-monaten\/#primaryimage","url":"https:\/\/cdn.globber.com\/content\/sites\/13\/2024\/12\/explorer-trike-4in1.jpg","contentUrl":"https:\/\/cdn.globber.com\/content\/sites\/13\/2024\/12\/explorer-trike-4in1.jpg","width":2048,"height":2048},{"@type":"BreadcrumbList","@id":"https:\/\/www.globber.com\/de\/product\/explorer-trike-4in1-das-perfekte-schubdreirad-fuer-kinder-ab-10-monaten\/#breadcrumb","itemListElement":[{"@type":"ListItem","position":1,"name":"Alle Produkte","item":"https:\/\/www.globber.com\/de\/shop-by-product\/"},{"@type":"ListItem","position":2,"name":"EXPLORER TRIKE 4in1"}]},{"@type":"WebSite","@id":"https:\/\/www.globber.com\/de\/#website","url":"https:\/\/www.globber.com\/de\/","name":"Globber Deutschland","description":"Die Welt auf R\u00e4dern | Globber.com","publisher":{"@id":"https:\/\/www.globber.com\/de\/#organization"},"potentialAction":[{"@type":"SearchAction","target":{"@type":"EntryPoint","urlTemplate":"https:\/\/www.globber.com\/de\/?s={search_term_string}"},"query-input":{"@type":"PropertyValueSpecification","valueRequired":true,"valueName":"search_term_string"}}],"inLanguage":"de"},{"@type":"Organization","@id":"https:\/\/www.globber.com\/de\/#organization","name":"Globber Deutschland","url":"https:\/\/www.globber.com\/de\/","logo":{"@type":"ImageObject","inLanguage":"de","@id":"https:\/\/www.globber.com\/de\/#\/schema\/logo\/image\/","url":"https:\/\/cdn.globber.com\/content\/sites\/13\/2024\/05\/logo.svg","contentUrl":"https:\/\/cdn.globber.com\/content\/sites\/13\/2024\/05\/logo.svg","width":601,"height":112,"caption":"Globber Deutschland"},"image":{"@id":"https:\/\/www.globber.com\/de\/#\/schema\/logo\/image\/"}}]},"og_availability":"instock","product_availability":"instock","product_retailer_item_id":"634-xxx","product_condition":"new"},"_links":{"self":[{"href":"https:\/\/www.globber.com\/de\/wp-json\/wp\/v2\/product\/13073","targetHints":{"allow":["GET"]}}],"collection":[{"href":"https:\/\/www.globber.com\/de\/wp-json\/wp\/v2\/product"}],"about":[{"href":"https:\/\/www.globber.com\/de\/wp-json\/wp\/v2\/types\/product"}],"replies":[{"embeddable":true,"href":"https:\/\/www.globber.com\/de\/wp-json\/wp\/v2\/comments?post=13073"}],"wp:featuredmedia":[{"embeddable":true,"href":"https:\/\/www.globber.com\/de\/wp-json\/wp\/v2\/media\/16859"}],"wp:attachment":[{"href":"https:\/\/www.globber.com\/de\/wp-json\/wp\/v2\/media?parent=13073"}],"wp:term":[{"taxonomy":"product-special-badges","embeddable":true,"href":"https:\/\/www.globber.com\/de\/wp-json\/wp\/v2\/product-special-badges?post=13073"},{"taxonomy":"product_brand","embeddable":true,"href":"https:\/\/www.globber.com\/de\/wp-json\/wp\/v2\/product_brand?post=13073"},{"taxonomy":"product_cat","embeddable":true,"href":"https:\/\/www.globber.com\/de\/wp-json\/wp\/v2\/product_cat?post=13073"},{"taxonomy":"product_tag","embeddable":true,"href":"https:\/\/www.globber.com\/de\/wp-json\/wp\/v2\/product_tag?post=13073"}],"curies":[{"name":"wp","href":"https:\/\/api.w.org\/{rel}","templated":true}]}}