{"id":14602,"date":"2025-06-11T11:01:27","date_gmt":"2025-06-11T09:01:27","guid":{"rendered":"https:\/\/www.globber.com\/de\/?post_type=product&#038;p=14602"},"modified":"2026-05-13T15:47:23","modified_gmt":"2026-05-13T13:47:23","slug":"stroll-lite","status":"publish","type":"product","link":"https:\/\/www.globber.com\/de\/product\/stroll-lite\/","title":{"rendered":"STROLL\u2022LITE"},"content":{"rendered":"<p data-start=\"645\" data-end=\"922\">Das wahre Gl\u00fcck liegt in den kleinen Momenten \u2013 beim Spaziergang durch den Park, auf dem Schulweg oder beim Stadtbummel mit deinem Kind. Der<strong> STROLL\u2022LITE<\/strong> Kinderwagen begleitet dich und deinen kleinen Entdecker zuverl\u00e4ssig auf jeder Route \u2013 leicht, wendig und durchdacht.<\/p>\n<p data-start=\"924\" data-end=\"1301\">Mit dabei sind viele praktische Funktionen: das schnell faltbare Klappsystem, ein sicherer 5-Punkt-Gurt, eine zuverl\u00e4ssige Feststellbremse, UV-Schutz, ein 3-fach verstellbarer Sitz, atmungsaktiver Stoff mit Bel\u00fcftungsfenstern, gro\u00dfz\u00fcgiger Stauraum und robuste R\u00e4der. So wird jeder Ausflug komfortabel und stressfrei \u2013 ganz gleich, wohin es geht.<\/p>\n<p data-start=\"1303\" data-end=\"1520\">Der<strong> STROLL\u2022LITE<\/strong> ist perfekt f\u00fcr Alltag und Reisen \u2013 und l\u00e4sst sich \u00fcber das CONNECT 360\u00b0-System mit dem GO\u2022UP 360\u00b0 kombinieren. So w\u00e4chst er flexibel mit deiner Familie mit und passt sich jeder Lebensphase an.<\/p>\n<p data-start=\"1522\" data-end=\"1632\">Mehr Leichtigkeit, Sicherheit und Lebensfreude \u2013 mit dem<strong> STROLL\u2022LITE<\/strong> wird jeder Tag zum kleinen Abenteuer.<\/p>\n<p data-start=\"1522\" data-end=\"1632\"><span data-teams=\"true\"><strong>360\u00b0 ECOSYSTEM<\/strong> (STROLL LITE + GO\u2022UP 360\u00b0 ) wurde mit diesen Preisen ausgezeichnet:<\/span><\/p>\n<ul>\n<li><a href=\"https:\/\/gooddesignawards.org\/project\/stroll-360-ecosystem-2024\/\">Good Design Award 2025<\/a><\/li>\n<li><a href=\"https:\/\/www.german-design-award.com\/galerie\/detail\/baby-and-child-care\/stroll-360-ecosystem\">German Design Award 2026<\/a><\/li>\n<li data-start=\"1522\" data-end=\"1632\"><a href=\"https:\/\/www.productdesignaward.eu\/winners\/epda\/2025\/12325\/\"><span data-teams=\"true\">European Product Design Award 2025<\/span><\/a><\/li>\n<\/ul>\n","protected":false},"excerpt":{"rendered":"<ul>\n<li>5-Punkt-Gurt System,<\/li>\n<li>3-fach verstellbarer Sitz,<\/li>\n<li>Feststellbremse,<\/li>\n<li>UV-Schutz,<\/li>\n<li>Stauraum<\/li>\n<\/ul>\n","protected":false},"featured_media":13498,"comment_status":"open","ping_status":"closed","template":"","meta":{"_acf_changed":false,"inline_featured_image":false},"product-special-badges":[3545],"product_brand":[],"product_cat":[4084],"product_tag":[],"class_list":{"0":"post-14602","1":"product","2":"type-product","3":"status-publish","4":"has-post-thumbnail","6":"product_cat-stroller","7":"pa_age-range-ab-12-monaten","8":"pa_color-charcoal-grey","9":"pa_color-teal","10":"pa_color-olive","11":"pa_color-pink","12":"pa_color-black","13":"pa_color-taupe","14":"pa_dimensions-h-103cm-x-l-70cm-x-b-46cm","15":"pa_dimensions-folded-h-74cm-x-l-25cm-x-b-46cm","16":"pa_ean-4090","17":"pa_ean-4091","18":"pa_ean-4092","19":"pa_ean-4093","20":"pa_ean-4094","21":"pa_ean-4095","22":"pa_foldable-yes","23":"pa_maximales-benutzergewicht-22kg","24":"pa_product-type-kinderwagen","25":"pa_series-stroll-series","27":"first","28":"instock","29":"taxable","30":"shipping-taxable","31":"purchasable","32":"product-type-variable"},"bundled_by":[],"bundle_stock_status":"instock","bundle_stock_quantity":null,"bundle_virtual":false,"bundle_layout":"","bundle_add_to_cart_form_location":"","bundle_editable_in_cart":false,"bundle_sold_individually_context":"","bundle_item_grouping":"","bundle_min_size":"","bundle_max_size":"","bundled_items":[],"bundle_sell_ids":[],"acf":[],"yoast_head":"<!-- This site is optimized with the Yoast SEO Premium plugin v20.12 (Yoast SEO v23.4) - https:\/\/yoast.com\/wordpress\/plugins\/seo\/ -->\n<title>STROLL\u2022LITE: Kompakter &amp; zusammenklappbarer Kinderwagen<\/title>\n<meta name=\"description\" content=\"Leichter Kinderwagen f\u00fcr unterwegs \u2013 der Stroll\u2022Lite kombiniert kompakte Ma\u00dfe mit hohem Komfort. Ideal f\u00fcr Alltag, Reisen und spontane Ausfl\u00fcge mit Kind.\" \/>\n<meta name=\"robots\" content=\"index, follow, max-snippet:-1, max-image-preview:large, max-video-preview:-1\" \/>\n<link rel=\"canonical\" href=\"https:\/\/www.globber.com\/de\/product\/stroll-lite\/\" \/>\n<meta property=\"og:locale\" content=\"de_DE\" \/>\n<meta property=\"og:type\" content=\"article\" \/>\n<meta property=\"og:title\" content=\"STROLL\u2022LITE: Kompakter &amp; zusammenklappbarer Kinderwagen\" \/>\n<meta property=\"og:description\" content=\"Leichter Kinderwagen f\u00fcr unterwegs \u2013 der Stroll\u2022Lite kombiniert kompakte Ma\u00dfe mit hohem Komfort. Ideal f\u00fcr Alltag, Reisen und spontane Ausfl\u00fcge mit Kind.\" \/>\n<meta property=\"og:url\" content=\"https:\/\/www.globber.com\/de\/product\/stroll-lite\/\" \/>\n<meta property=\"og:site_name\" content=\"Globber Deutschland\" \/>\n<meta property=\"article:modified_time\" content=\"2026-05-13T13:47:23+00:00\" \/>\n<meta property=\"og:image\" content=\"https:\/\/cdn.globber.com\/content\/sites\/13\/2025\/06\/683d48b6974fa.jpg\" \/>\n\t<meta property=\"og:image:width\" content=\"2048\" \/>\n\t<meta property=\"og:image:height\" content=\"2048\" \/>\n\t<meta property=\"og:image:type\" content=\"image\/jpeg\" \/>\n<meta name=\"twitter:card\" content=\"summary_large_image\" \/>\n<meta name=\"twitter:label1\" content=\"Availability\" \/>\n\t<meta name=\"twitter:data1\" content=\"In stock\" \/>\n<script type=\"application\/ld+json\" class=\"yoast-schema-graph\">{\"@context\":\"https:\/\/schema.org\",\"@graph\":[{\"@type\":[\"WebPage\",\"ItemPage\"],\"@id\":\"https:\/\/www.globber.com\/de\/product\/stroll-lite\/\",\"url\":\"https:\/\/www.globber.com\/de\/product\/stroll-lite\/\",\"name\":\"STROLL\u2022LITE: Kompakter & zusammenklappbarer Kinderwagen\",\"isPartOf\":{\"@id\":\"https:\/\/www.globber.com\/de\/#website\"},\"primaryImageOfPage\":{\"@id\":\"https:\/\/www.globber.com\/de\/product\/stroll-lite\/#primaryimage\"},\"image\":{\"@id\":\"https:\/\/www.globber.com\/de\/product\/stroll-lite\/#primaryimage\"},\"thumbnailUrl\":\"https:\/\/cdn.globber.com\/content\/sites\/13\/2025\/06\/683d48b6974fa.jpg\",\"datePublished\":\"2025-06-11T09:01:27+00:00\",\"dateModified\":\"2026-05-13T13:47:23+00:00\",\"description\":\"Leichter Kinderwagen f\u00fcr unterwegs \u2013 der Stroll\u2022Lite kombiniert kompakte Ma\u00dfe mit hohem Komfort. Ideal f\u00fcr Alltag, Reisen und spontane Ausfl\u00fcge mit Kind.\",\"breadcrumb\":{\"@id\":\"https:\/\/www.globber.com\/de\/product\/stroll-lite\/#breadcrumb\"},\"inLanguage\":\"de\",\"potentialAction\":[{\"@type\":\"ReadAction\",\"target\":[\"https:\/\/www.globber.com\/de\/product\/stroll-lite\/\"]}]},{\"@type\":\"ImageObject\",\"inLanguage\":\"de\",\"@id\":\"https:\/\/www.globber.com\/de\/product\/stroll-lite\/#primaryimage\",\"url\":\"https:\/\/cdn.globber.com\/content\/sites\/13\/2025\/06\/683d48b6974fa.jpg\",\"contentUrl\":\"https:\/\/cdn.globber.com\/content\/sites\/13\/2025\/06\/683d48b6974fa.jpg\",\"width\":2048,\"height\":2048},{\"@type\":\"BreadcrumbList\",\"@id\":\"https:\/\/www.globber.com\/de\/product\/stroll-lite\/#breadcrumb\",\"itemListElement\":[{\"@type\":\"ListItem\",\"position\":1,\"name\":\"Alle Produkte\",\"item\":\"https:\/\/www.globber.com\/de\/shop-by-product\/\"},{\"@type\":\"ListItem\",\"position\":2,\"name\":\"STROLL\u2022LITE\"}]},{\"@type\":\"WebSite\",\"@id\":\"https:\/\/www.globber.com\/de\/#website\",\"url\":\"https:\/\/www.globber.com\/de\/\",\"name\":\"Globber Deutschland\",\"description\":\"Die Welt auf R\u00e4dern | Globber.com\",\"publisher\":{\"@id\":\"https:\/\/www.globber.com\/de\/#organization\"},\"potentialAction\":[{\"@type\":\"SearchAction\",\"target\":{\"@type\":\"EntryPoint\",\"urlTemplate\":\"https:\/\/www.globber.com\/de\/?s={search_term_string}\"},\"query-input\":{\"@type\":\"PropertyValueSpecification\",\"valueRequired\":true,\"valueName\":\"search_term_string\"}}],\"inLanguage\":\"de\"},{\"@type\":\"Organization\",\"@id\":\"https:\/\/www.globber.com\/de\/#organization\",\"name\":\"Globber Deutschland\",\"url\":\"https:\/\/www.globber.com\/de\/\",\"logo\":{\"@type\":\"ImageObject\",\"inLanguage\":\"de\",\"@id\":\"https:\/\/www.globber.com\/de\/#\/schema\/logo\/image\/\",\"url\":\"https:\/\/cdn.globber.com\/content\/sites\/13\/2024\/05\/logo.svg\",\"contentUrl\":\"https:\/\/cdn.globber.com\/content\/sites\/13\/2024\/05\/logo.svg\",\"width\":601,\"height\":112,\"caption\":\"Globber Deutschland\"},\"image\":{\"@id\":\"https:\/\/www.globber.com\/de\/#\/schema\/logo\/image\/\"}}]}<\/script>\n<meta property=\"og:availability\" content=\"instock\" \/>\n<meta property=\"product:availability\" content=\"instock\" \/>\n<meta property=\"product:retailer_item_id\" content=\"925-XXX\" \/>\n<meta property=\"product:condition\" content=\"new\" \/>\n<!-- \/ Yoast SEO Premium plugin. -->","yoast_head_json":{"title":"STROLL\u2022LITE: Kompakter & zusammenklappbarer Kinderwagen","description":"Leichter Kinderwagen f\u00fcr unterwegs \u2013 der Stroll\u2022Lite kombiniert kompakte Ma\u00dfe mit hohem Komfort. Ideal f\u00fcr Alltag, Reisen und spontane Ausfl\u00fcge mit Kind.","robots":{"index":"index","follow":"follow","max-snippet":"max-snippet:-1","max-image-preview":"max-image-preview:large","max-video-preview":"max-video-preview:-1"},"canonical":"https:\/\/www.globber.com\/de\/product\/stroll-lite\/","og_locale":"de_DE","og_type":"article","og_title":"STROLL\u2022LITE: Kompakter & zusammenklappbarer Kinderwagen","og_description":"Leichter Kinderwagen f\u00fcr unterwegs \u2013 der Stroll\u2022Lite kombiniert kompakte Ma\u00dfe mit hohem Komfort. Ideal f\u00fcr Alltag, Reisen und spontane Ausfl\u00fcge mit Kind.","og_url":"https:\/\/www.globber.com\/de\/product\/stroll-lite\/","og_site_name":"Globber Deutschland","article_modified_time":"2026-05-13T13:47:23+00:00","og_image":[{"width":2048,"height":2048,"url":"https:\/\/cdn.globber.com\/content\/sites\/13\/2025\/06\/683d48b6974fa.jpg","type":"image\/jpeg"}],"twitter_card":"summary_large_image","twitter_misc":{"Availability":"In stock"},"schema":{"@context":"https:\/\/schema.org","@graph":[{"@type":["WebPage","ItemPage"],"@id":"https:\/\/www.globber.com\/de\/product\/stroll-lite\/","url":"https:\/\/www.globber.com\/de\/product\/stroll-lite\/","name":"STROLL\u2022LITE: Kompakter & zusammenklappbarer Kinderwagen","isPartOf":{"@id":"https:\/\/www.globber.com\/de\/#website"},"primaryImageOfPage":{"@id":"https:\/\/www.globber.com\/de\/product\/stroll-lite\/#primaryimage"},"image":{"@id":"https:\/\/www.globber.com\/de\/product\/stroll-lite\/#primaryimage"},"thumbnailUrl":"https:\/\/cdn.globber.com\/content\/sites\/13\/2025\/06\/683d48b6974fa.jpg","datePublished":"2025-06-11T09:01:27+00:00","dateModified":"2026-05-13T13:47:23+00:00","description":"Leichter Kinderwagen f\u00fcr unterwegs \u2013 der Stroll\u2022Lite kombiniert kompakte Ma\u00dfe mit hohem Komfort. Ideal f\u00fcr Alltag, Reisen und spontane Ausfl\u00fcge mit Kind.","breadcrumb":{"@id":"https:\/\/www.globber.com\/de\/product\/stroll-lite\/#breadcrumb"},"inLanguage":"de","potentialAction":[{"@type":"ReadAction","target":["https:\/\/www.globber.com\/de\/product\/stroll-lite\/"]}]},{"@type":"ImageObject","inLanguage":"de","@id":"https:\/\/www.globber.com\/de\/product\/stroll-lite\/#primaryimage","url":"https:\/\/cdn.globber.com\/content\/sites\/13\/2025\/06\/683d48b6974fa.jpg","contentUrl":"https:\/\/cdn.globber.com\/content\/sites\/13\/2025\/06\/683d48b6974fa.jpg","width":2048,"height":2048},{"@type":"BreadcrumbList","@id":"https:\/\/www.globber.com\/de\/product\/stroll-lite\/#breadcrumb","itemListElement":[{"@type":"ListItem","position":1,"name":"Alle Produkte","item":"https:\/\/www.globber.com\/de\/shop-by-product\/"},{"@type":"ListItem","position":2,"name":"STROLL\u2022LITE"}]},{"@type":"WebSite","@id":"https:\/\/www.globber.com\/de\/#website","url":"https:\/\/www.globber.com\/de\/","name":"Globber Deutschland","description":"Die Welt auf R\u00e4dern | Globber.com","publisher":{"@id":"https:\/\/www.globber.com\/de\/#organization"},"potentialAction":[{"@type":"SearchAction","target":{"@type":"EntryPoint","urlTemplate":"https:\/\/www.globber.com\/de\/?s={search_term_string}"},"query-input":{"@type":"PropertyValueSpecification","valueRequired":true,"valueName":"search_term_string"}}],"inLanguage":"de"},{"@type":"Organization","@id":"https:\/\/www.globber.com\/de\/#organization","name":"Globber Deutschland","url":"https:\/\/www.globber.com\/de\/","logo":{"@type":"ImageObject","inLanguage":"de","@id":"https:\/\/www.globber.com\/de\/#\/schema\/logo\/image\/","url":"https:\/\/cdn.globber.com\/content\/sites\/13\/2024\/05\/logo.svg","contentUrl":"https:\/\/cdn.globber.com\/content\/sites\/13\/2024\/05\/logo.svg","width":601,"height":112,"caption":"Globber Deutschland"},"image":{"@id":"https:\/\/www.globber.com\/de\/#\/schema\/logo\/image\/"}}]},"og_availability":"instock","product_availability":"instock","product_retailer_item_id":"925-XXX","product_condition":"new"},"_links":{"self":[{"href":"https:\/\/www.globber.com\/de\/wp-json\/wp\/v2\/product\/14602","targetHints":{"allow":["GET"]}}],"collection":[{"href":"https:\/\/www.globber.com\/de\/wp-json\/wp\/v2\/product"}],"about":[{"href":"https:\/\/www.globber.com\/de\/wp-json\/wp\/v2\/types\/product"}],"replies":[{"embeddable":true,"href":"https:\/\/www.globber.com\/de\/wp-json\/wp\/v2\/comments?post=14602"}],"wp:featuredmedia":[{"embeddable":true,"href":"https:\/\/www.globber.com\/de\/wp-json\/wp\/v2\/media\/13498"}],"wp:attachment":[{"href":"https:\/\/www.globber.com\/de\/wp-json\/wp\/v2\/media?parent=14602"}],"wp:term":[{"taxonomy":"product-special-badges","embeddable":true,"href":"https:\/\/www.globber.com\/de\/wp-json\/wp\/v2\/product-special-badges?post=14602"},{"taxonomy":"product_brand","embeddable":true,"href":"https:\/\/www.globber.com\/de\/wp-json\/wp\/v2\/product_brand?post=14602"},{"taxonomy":"product_cat","embeddable":true,"href":"https:\/\/www.globber.com\/de\/wp-json\/wp\/v2\/product_cat?post=14602"},{"taxonomy":"product_tag","embeddable":true,"href":"https:\/\/www.globber.com\/de\/wp-json\/wp\/v2\/product_tag?post=14602"}],"curies":[{"name":"wp","href":"https:\/\/api.w.org\/{rel}","templated":true}]}}