{"id":14623,"date":"2025-06-11T10:56:10","date_gmt":"2025-06-11T08:56:10","guid":{"rendered":"https:\/\/www.globber.com\/de\/?post_type=product&#038;p=14623"},"modified":"2026-05-13T15:53:12","modified_gmt":"2026-05-13T13:53:12","slug":"explorer-trike-4in1-ecologic","status":"publish","type":"product","link":"https:\/\/www.globber.com\/de\/product\/explorer-trike-4in1-ecologic\/","title":{"rendered":"EXPLORER TRIKE 4in1 ECOLOGIC"},"content":{"rendered":"<p data-start=\"221\" data-end=\"625\">Mit dem <strong data-start=\"229\" data-end=\"261\">EXPLORER TRIKE 4in1 ECOLOGIC<\/strong> entdeckst du mit deinem Kind nicht nur die Welt, sondern lebst dabei auch nachhaltige Werte. Das multifunktionale Trike besteht zu 100\u202f% aus GRS-zertifiziertem Recyclingkunststoff und begleitet euch durch vier Entwicklungsphasen \u2013 vom Kleinkindtrike bis zum Laufrad. So w\u00e4chst es mit deinem Kind mit und ersetzt gleich mehrere Produkte in einem einzigen Kauf.<\/p>\n<p data-start=\"627\" data-end=\"907\">Das Trike eignet sich f\u00fcr Kinder ab 10 Monaten und l\u00e4sst sich je nach Alter und Entwicklungsstand flexibel umbauen: vom Kleinkind-Trike (10\u201336 Monate) \u00fcber das Trike mit F\u00fchrung (18\u201336 Monate) und Trainings-Trike (24\u201336 Monate) bis hin zum Laufrad (2\u20135 Jahre).<\/p>\n<p data-start=\"909\" data-end=\"1448\">Dank des 100\u202f% werkzeuglosen Designs gelingt der Umbau schnell und unkompliziert. Ein patentierter Drehmechanismus, ein 2-fach h\u00f6henverstellbarer Elternschiebegriff, ein verstellbarer Sitz, eine hohe R\u00fcckenlehne, Sicherheitsb\u00fcgel und ein gepolsterter 5-Punkt-Gurt sorgen f\u00fcr Sicherheit und Komfort in jeder Phase. Zus\u00e4tzliche Highlights wie das UV-Schutzverdeck (UPF 50+), pannensichere EVA-R\u00e4der, eine abnehmbare Fu\u00dfst\u00fctze und ein praktischer Pedalaufbewahrungsraum machen den Alltag noch leichter.<\/p>\n<p data-start=\"1450\" data-end=\"1669\">Mit dem <strong data-start=\"1458\" data-end=\"1490\">EXPLORER TRIKE 4in1 ECOLOGIC<\/strong> f\u00e4hrst du nicht nur flexibel, sondern auch verantwortungsbewusst \u2013 denn durch die Verwendung von recyceltem Kunststoff wird Abfall reduziert und die Umweltbelastung verringert.<\/p>\n<div>\n<p><strong>GO GLOBBER. GO GREENER.<\/strong><\/p>\n<p>Mehr dazu erf\u00e4hrst du\u00a0<a href=\"https:\/\/www.globber.com\/de\/nachhaltige-scooter\/\">hier.<\/a><\/p>\n<p>*In den entsprechenden Komponenten.<\/p>\n<p><span data-teams=\"true\"><strong data-start=\"1458\" data-end=\"1490\">EXPLORER TRIKE 4in1 ECOLOGIC<\/strong> ist Gewinner des renommierten Preises:<\/span><\/p>\n<ul>\n<li><a href=\"https:\/\/www.top10baby-kind.de\/top10baby-kind\/2020\/Globber-Explorer-Trike-4in1-ECO\">Top10 Baby &amp; Kind Award 2026<\/a><\/li>\n<\/ul>\n<\/div>\n","protected":false},"excerpt":{"rendered":"<ul>\n<li>2-fach h\u00f6henverstellbarer Sitz,<\/li>\n<li>5-Punkt-Gurt System,<\/li>\n<li>Abnehmbare Lenkstange<\/li>\n<\/ul>\n","protected":false},"featured_media":13638,"comment_status":"open","ping_status":"closed","template":"","meta":{"_acf_changed":false,"inline_featured_image":false},"product-special-badges":[3545],"product_brand":[],"product_cat":[4111,3560,3559,1680,1243],"product_tag":[],"class_list":{"0":"post-14623","1":"product","2":"type-product","3":"status-publish","4":"has-post-thumbnail","6":"product-badges-4-in-1","7":"product_cat-baby-trikes","8":"product_cat-umbaubare-fahrzeuge","9":"product_cat-globber-4in1-explorer-trike-umbaubares-dreirad-und-laufrad","10":"product_cat-ecologic-serie","11":"product_cat-explorer-trike-serie","12":"pa_age-range-ab-3-jahren","13":"pa_age-range-ab-10-monaten","14":"pa_age-range-ab-12-monaten","15":"pa_age-range-ab-15-monaten","16":"pa_age-range-ab-2-jahren","17":"pa_color-berry","18":"pa_color-coconut","19":"pa_color-pistachio","20":"pa_ean-4108","21":"pa_ean-4109","22":"pa_ean-4110","23":"pa_foldable-no","24":"pa_material-100-recycelter-kunststoff","25":"pa_maximales-benutzergewicht-15-kg-eltern-modus-20-kg-dreirad-modus","26":"pa_product-type-aufsitzfahrzeug","27":"pa_product-type-laufrad","28":"pa_product-type-dreirad","29":"pa_product-type-trike","30":"pa_produktkategorie-lernfahrzeug","31":"pa_produktkategorie-umbaubares-fahrzeug","32":"pa_recommended-user-height-65-105cm","33":"pa_series-explorer-trike-serie","34":"pa_t-bar-2-fach-hoehenverstellbar","35":"pa_umbaubar-ja","37":"first","38":"instock","39":"taxable","40":"shipping-taxable","41":"purchasable","42":"product-type-variable"},"bundled_by":[],"bundle_stock_status":"instock","bundle_stock_quantity":null,"bundle_virtual":false,"bundle_layout":"","bundle_add_to_cart_form_location":"","bundle_editable_in_cart":false,"bundle_sold_individually_context":"","bundle_item_grouping":"","bundle_min_size":"","bundle_max_size":"","bundled_items":[],"bundle_sell_ids":[],"acf":[],"yoast_head":"<!-- This site is optimized with the Yoast SEO Premium plugin v20.12 (Yoast SEO v23.4) - https:\/\/yoast.com\/wordpress\/plugins\/seo\/ -->\n<title>EXPLORER TRIKE 4in1 ECOLOGIC: Nachhaltiges Kinderdreirad<\/title>\n<meta name=\"description\" content=\"Nachhaltiges 4-in-1-Dreirad f\u00fcr Kinder aus recyceltem Kunststoff \u2013 w\u00e4chst mit, ist werkzeugfrei umbaubar und ideal f\u00fcr unterwegs ab 10 Monaten.\" \/>\n<meta name=\"robots\" content=\"index, follow, max-snippet:-1, max-image-preview:large, max-video-preview:-1\" \/>\n<link rel=\"canonical\" href=\"https:\/\/www.globber.com\/de\/product\/explorer-trike-4in1-ecologic\/\" \/>\n<meta property=\"og:locale\" content=\"de_DE\" \/>\n<meta property=\"og:type\" content=\"article\" \/>\n<meta property=\"og:title\" content=\"EXPLORER TRIKE 4in1 ECOLOGIC: Nachhaltiges Kinderdreirad\" \/>\n<meta property=\"og:description\" content=\"Nachhaltiges 4-in-1-Dreirad f\u00fcr Kinder aus recyceltem Kunststoff \u2013 w\u00e4chst mit, ist werkzeugfrei umbaubar und ideal f\u00fcr unterwegs ab 10 Monaten.\" \/>\n<meta property=\"og:url\" content=\"https:\/\/www.globber.com\/de\/product\/explorer-trike-4in1-ecologic\/\" \/>\n<meta property=\"og:site_name\" content=\"Globber Deutschland\" \/>\n<meta property=\"article:modified_time\" content=\"2026-05-13T13:53:12+00:00\" \/>\n<meta property=\"og:image\" content=\"https:\/\/cdn.globber.com\/content\/sites\/13\/2025\/06\/683d4f1489e6f.jpg\" \/>\n\t<meta property=\"og:image:width\" content=\"1920\" \/>\n\t<meta property=\"og:image:height\" content=\"1920\" \/>\n\t<meta property=\"og:image:type\" content=\"image\/jpeg\" \/>\n<meta name=\"twitter:card\" content=\"summary_large_image\" \/>\n<meta name=\"twitter:label1\" content=\"Availability\" \/>\n\t<meta name=\"twitter:data1\" content=\"In stock\" \/>\n<script type=\"application\/ld+json\" class=\"yoast-schema-graph\">{\"@context\":\"https:\/\/schema.org\",\"@graph\":[{\"@type\":[\"WebPage\",\"ItemPage\"],\"@id\":\"https:\/\/www.globber.com\/de\/product\/explorer-trike-4in1-ecologic\/\",\"url\":\"https:\/\/www.globber.com\/de\/product\/explorer-trike-4in1-ecologic\/\",\"name\":\"EXPLORER TRIKE 4in1 ECOLOGIC: Nachhaltiges Kinderdreirad\",\"isPartOf\":{\"@id\":\"https:\/\/www.globber.com\/de\/#website\"},\"primaryImageOfPage\":{\"@id\":\"https:\/\/www.globber.com\/de\/product\/explorer-trike-4in1-ecologic\/#primaryimage\"},\"image\":{\"@id\":\"https:\/\/www.globber.com\/de\/product\/explorer-trike-4in1-ecologic\/#primaryimage\"},\"thumbnailUrl\":\"https:\/\/cdn.globber.com\/content\/sites\/13\/2025\/06\/683d4f1489e6f.jpg\",\"datePublished\":\"2025-06-11T08:56:10+00:00\",\"dateModified\":\"2026-05-13T13:53:12+00:00\",\"description\":\"Nachhaltiges 4-in-1-Dreirad f\u00fcr Kinder aus recyceltem Kunststoff \u2013 w\u00e4chst mit, ist werkzeugfrei umbaubar und ideal f\u00fcr unterwegs ab 10 Monaten.\",\"breadcrumb\":{\"@id\":\"https:\/\/www.globber.com\/de\/product\/explorer-trike-4in1-ecologic\/#breadcrumb\"},\"inLanguage\":\"de\",\"potentialAction\":[{\"@type\":\"ReadAction\",\"target\":[\"https:\/\/www.globber.com\/de\/product\/explorer-trike-4in1-ecologic\/\"]}]},{\"@type\":\"ImageObject\",\"inLanguage\":\"de\",\"@id\":\"https:\/\/www.globber.com\/de\/product\/explorer-trike-4in1-ecologic\/#primaryimage\",\"url\":\"https:\/\/cdn.globber.com\/content\/sites\/13\/2025\/06\/683d4f1489e6f.jpg\",\"contentUrl\":\"https:\/\/cdn.globber.com\/content\/sites\/13\/2025\/06\/683d4f1489e6f.jpg\",\"width\":1920,\"height\":1920},{\"@type\":\"BreadcrumbList\",\"@id\":\"https:\/\/www.globber.com\/de\/product\/explorer-trike-4in1-ecologic\/#breadcrumb\",\"itemListElement\":[{\"@type\":\"ListItem\",\"position\":1,\"name\":\"Alle Produkte\",\"item\":\"https:\/\/www.globber.com\/de\/shop-by-product\/\"},{\"@type\":\"ListItem\",\"position\":2,\"name\":\"EXPLORER TRIKE 4in1 ECOLOGIC\"}]},{\"@type\":\"WebSite\",\"@id\":\"https:\/\/www.globber.com\/de\/#website\",\"url\":\"https:\/\/www.globber.com\/de\/\",\"name\":\"Globber Deutschland\",\"description\":\"Die Welt auf R\u00e4dern | Globber.com\",\"publisher\":{\"@id\":\"https:\/\/www.globber.com\/de\/#organization\"},\"potentialAction\":[{\"@type\":\"SearchAction\",\"target\":{\"@type\":\"EntryPoint\",\"urlTemplate\":\"https:\/\/www.globber.com\/de\/?s={search_term_string}\"},\"query-input\":{\"@type\":\"PropertyValueSpecification\",\"valueRequired\":true,\"valueName\":\"search_term_string\"}}],\"inLanguage\":\"de\"},{\"@type\":\"Organization\",\"@id\":\"https:\/\/www.globber.com\/de\/#organization\",\"name\":\"Globber Deutschland\",\"url\":\"https:\/\/www.globber.com\/de\/\",\"logo\":{\"@type\":\"ImageObject\",\"inLanguage\":\"de\",\"@id\":\"https:\/\/www.globber.com\/de\/#\/schema\/logo\/image\/\",\"url\":\"https:\/\/cdn.globber.com\/content\/sites\/13\/2024\/05\/logo.svg\",\"contentUrl\":\"https:\/\/cdn.globber.com\/content\/sites\/13\/2024\/05\/logo.svg\",\"width\":601,\"height\":112,\"caption\":\"Globber Deutschland\"},\"image\":{\"@id\":\"https:\/\/www.globber.com\/de\/#\/schema\/logo\/image\/\"}}]}<\/script>\n<meta property=\"og:availability\" content=\"instock\" \/>\n<meta property=\"product:availability\" content=\"instock\" \/>\n<meta property=\"product:retailer_item_id\" content=\"637-xxx\" \/>\n<meta property=\"product:condition\" content=\"new\" \/>\n<!-- \/ Yoast SEO Premium plugin. -->","yoast_head_json":{"title":"EXPLORER TRIKE 4in1 ECOLOGIC: Nachhaltiges Kinderdreirad","description":"Nachhaltiges 4-in-1-Dreirad f\u00fcr Kinder aus recyceltem Kunststoff \u2013 w\u00e4chst mit, ist werkzeugfrei umbaubar und ideal f\u00fcr unterwegs ab 10 Monaten.","robots":{"index":"index","follow":"follow","max-snippet":"max-snippet:-1","max-image-preview":"max-image-preview:large","max-video-preview":"max-video-preview:-1"},"canonical":"https:\/\/www.globber.com\/de\/product\/explorer-trike-4in1-ecologic\/","og_locale":"de_DE","og_type":"article","og_title":"EXPLORER TRIKE 4in1 ECOLOGIC: Nachhaltiges Kinderdreirad","og_description":"Nachhaltiges 4-in-1-Dreirad f\u00fcr Kinder aus recyceltem Kunststoff \u2013 w\u00e4chst mit, ist werkzeugfrei umbaubar und ideal f\u00fcr unterwegs ab 10 Monaten.","og_url":"https:\/\/www.globber.com\/de\/product\/explorer-trike-4in1-ecologic\/","og_site_name":"Globber Deutschland","article_modified_time":"2026-05-13T13:53:12+00:00","og_image":[{"width":1920,"height":1920,"url":"https:\/\/cdn.globber.com\/content\/sites\/13\/2025\/06\/683d4f1489e6f.jpg","type":"image\/jpeg"}],"twitter_card":"summary_large_image","twitter_misc":{"Availability":"In stock"},"schema":{"@context":"https:\/\/schema.org","@graph":[{"@type":["WebPage","ItemPage"],"@id":"https:\/\/www.globber.com\/de\/product\/explorer-trike-4in1-ecologic\/","url":"https:\/\/www.globber.com\/de\/product\/explorer-trike-4in1-ecologic\/","name":"EXPLORER TRIKE 4in1 ECOLOGIC: Nachhaltiges Kinderdreirad","isPartOf":{"@id":"https:\/\/www.globber.com\/de\/#website"},"primaryImageOfPage":{"@id":"https:\/\/www.globber.com\/de\/product\/explorer-trike-4in1-ecologic\/#primaryimage"},"image":{"@id":"https:\/\/www.globber.com\/de\/product\/explorer-trike-4in1-ecologic\/#primaryimage"},"thumbnailUrl":"https:\/\/cdn.globber.com\/content\/sites\/13\/2025\/06\/683d4f1489e6f.jpg","datePublished":"2025-06-11T08:56:10+00:00","dateModified":"2026-05-13T13:53:12+00:00","description":"Nachhaltiges 4-in-1-Dreirad f\u00fcr Kinder aus recyceltem Kunststoff \u2013 w\u00e4chst mit, ist werkzeugfrei umbaubar und ideal f\u00fcr unterwegs ab 10 Monaten.","breadcrumb":{"@id":"https:\/\/www.globber.com\/de\/product\/explorer-trike-4in1-ecologic\/#breadcrumb"},"inLanguage":"de","potentialAction":[{"@type":"ReadAction","target":["https:\/\/www.globber.com\/de\/product\/explorer-trike-4in1-ecologic\/"]}]},{"@type":"ImageObject","inLanguage":"de","@id":"https:\/\/www.globber.com\/de\/product\/explorer-trike-4in1-ecologic\/#primaryimage","url":"https:\/\/cdn.globber.com\/content\/sites\/13\/2025\/06\/683d4f1489e6f.jpg","contentUrl":"https:\/\/cdn.globber.com\/content\/sites\/13\/2025\/06\/683d4f1489e6f.jpg","width":1920,"height":1920},{"@type":"BreadcrumbList","@id":"https:\/\/www.globber.com\/de\/product\/explorer-trike-4in1-ecologic\/#breadcrumb","itemListElement":[{"@type":"ListItem","position":1,"name":"Alle Produkte","item":"https:\/\/www.globber.com\/de\/shop-by-product\/"},{"@type":"ListItem","position":2,"name":"EXPLORER TRIKE 4in1 ECOLOGIC"}]},{"@type":"WebSite","@id":"https:\/\/www.globber.com\/de\/#website","url":"https:\/\/www.globber.com\/de\/","name":"Globber Deutschland","description":"Die Welt auf R\u00e4dern | Globber.com","publisher":{"@id":"https:\/\/www.globber.com\/de\/#organization"},"potentialAction":[{"@type":"SearchAction","target":{"@type":"EntryPoint","urlTemplate":"https:\/\/www.globber.com\/de\/?s={search_term_string}"},"query-input":{"@type":"PropertyValueSpecification","valueRequired":true,"valueName":"search_term_string"}}],"inLanguage":"de"},{"@type":"Organization","@id":"https:\/\/www.globber.com\/de\/#organization","name":"Globber Deutschland","url":"https:\/\/www.globber.com\/de\/","logo":{"@type":"ImageObject","inLanguage":"de","@id":"https:\/\/www.globber.com\/de\/#\/schema\/logo\/image\/","url":"https:\/\/cdn.globber.com\/content\/sites\/13\/2024\/05\/logo.svg","contentUrl":"https:\/\/cdn.globber.com\/content\/sites\/13\/2024\/05\/logo.svg","width":601,"height":112,"caption":"Globber Deutschland"},"image":{"@id":"https:\/\/www.globber.com\/de\/#\/schema\/logo\/image\/"}}]},"og_availability":"instock","product_availability":"instock","product_retailer_item_id":"637-xxx","product_condition":"new"},"_links":{"self":[{"href":"https:\/\/www.globber.com\/de\/wp-json\/wp\/v2\/product\/14623","targetHints":{"allow":["GET"]}}],"collection":[{"href":"https:\/\/www.globber.com\/de\/wp-json\/wp\/v2\/product"}],"about":[{"href":"https:\/\/www.globber.com\/de\/wp-json\/wp\/v2\/types\/product"}],"replies":[{"embeddable":true,"href":"https:\/\/www.globber.com\/de\/wp-json\/wp\/v2\/comments?post=14623"}],"wp:featuredmedia":[{"embeddable":true,"href":"https:\/\/www.globber.com\/de\/wp-json\/wp\/v2\/media\/13638"}],"wp:attachment":[{"href":"https:\/\/www.globber.com\/de\/wp-json\/wp\/v2\/media?parent=14623"}],"wp:term":[{"taxonomy":"product-special-badges","embeddable":true,"href":"https:\/\/www.globber.com\/de\/wp-json\/wp\/v2\/product-special-badges?post=14623"},{"taxonomy":"product_brand","embeddable":true,"href":"https:\/\/www.globber.com\/de\/wp-json\/wp\/v2\/product_brand?post=14623"},{"taxonomy":"product_cat","embeddable":true,"href":"https:\/\/www.globber.com\/de\/wp-json\/wp\/v2\/product_cat?post=14623"},{"taxonomy":"product_tag","embeddable":true,"href":"https:\/\/www.globber.com\/de\/wp-json\/wp\/v2\/product_tag?post=14623"}],"curies":[{"name":"wp","href":"https:\/\/api.w.org\/{rel}","templated":true}]}}