{"id":14665,"date":"2025-06-11T10:54:47","date_gmt":"2025-06-11T08:54:47","guid":{"rendered":"https:\/\/www.globber.com\/de\/?post_type=product&#038;p=14665"},"modified":"2026-05-13T03:01:56","modified_gmt":"2026-05-13T01:01:56","slug":"goup-active-lights-360","status":"publish","type":"product","link":"https:\/\/www.globber.com\/de\/product\/goup-active-lights-360\/","title":{"rendered":"GO\u2022UP ACTIVE LIGHTS 360\u00b0"},"content":{"rendered":"<p data-start=\"157\" data-end=\"483\">Mach dich bereit f\u00fcr aktive Abenteuer \u2013 mit dem <strong>GO\u2022UP ACTIVE LIGHTS 360\u00b0<\/strong>, deinem flexiblen 3-in-1-Roller mit Sitz f\u00fcr Spielplatz, Spaziergang und Alltag. Dank der patentierten 360\u00b0-Elternlenkung steuerst du dein Kind im Aufsitzmodus sicher und bequem \u2013 perfekt f\u00fcr entspannte Ausfl\u00fcge mit voller Kontrolle.<\/p>\n<p data-start=\"485\" data-end=\"798\">Der <strong>GO\u2022UP ACTIVE LIGHTS 360\u00b0<\/strong> l\u00e4sst sich ganz ohne Werkzeug vom Aufsitzfahrzeug zum Laufrad und sp\u00e4ter zum Kickroller umbauen \u2013 ideal f\u00fcr Kinder ab 15 Monaten im Sitz- und Laufradmodus und ab 3 Jahren im Scooter-Modus. So w\u00e4chst er \u00fcber viele Jahre mit und unterst\u00fctzt dein Kind beim Lernen und Fahren.<\/p>\n<p data-start=\"800\" data-end=\"1062\">Dank patentiertem Lenkungsschloss, h\u00f6henverstellbarem Sitz &amp; Lenker, werkzeuglosem Klappmechanismus und batterielosen LED-Leuchtr\u00e4dern bietet dieser faltbare 3-Rad-Roller Komfort, Sicherheit und stylischen Fahrspa\u00df in jeder Entwicklungsphase.<\/p>\n<p data-start=\"800\" data-end=\"1062\">Und auch in Sachen Nachhaltigkeit \u00fcberzeugt er: Der<strong> GO\u2022UP ACTIVE LIGHTS 360\u00b0<\/strong> besteht zu 34\u202f% aus recyceltem Kunststoff gem\u00e4\u00df Global Recycled Standard (GRS). Seit 2022 hat GLOBBER so \u00fcber 118 Tonnen Altmaterialien wie Plastikflaschen, Fischernetze und Spielzeug wiederverwendet.<\/p>\n<p data-start=\"800\" data-end=\"1062\">Ein Scooter, der mit deinem Kind mitw\u00e4chst \u2013 f\u00fcr aktive, leuchtende und nachhaltige Kindheitserinnerungen.<\/p>\n","protected":false},"excerpt":{"rendered":"<ul>\n<li>360\u00b0-Lenkmodul,<\/li>\n<li>2-fach verstellbarer Sitz,<\/li>\n<li>4-fach verstellbare Lenkstange,<\/li>\n<li>LED-Leuchtr\u00e4der<\/li>\n<\/ul>\n","protected":false},"featured_media":16829,"comment_status":"open","ping_status":"closed","template":"","meta":{"_acf_changed":false,"inline_featured_image":false},"product-special-badges":[],"product_brand":[],"product_cat":[4270,3560,4170,1247],"product_tag":[],"class_list":{"0":"post-14665","1":"product","2":"type-product","3":"status-publish","4":"has-post-thumbnail","6":"product_cat-go-up-360-product-list","7":"product_cat-umbaubare-fahrzeuge","8":"product_cat-go-up-360-collection","9":"product_cat-go-up-serie","10":"pa_age-range-ab-3-jahren","11":"pa_age-range-ab-4-jahren","12":"pa_age-range-ab-5-jahren","13":"pa_age-range-ab-15-monaten","14":"pa_age-range-ab-2-jahren","15":"pa_color-aqua","16":"pa_color-mint","17":"pa_color-pastel-pink","18":"pa_ean-4128","19":"pa_ean-4130","20":"pa_ean-4129","21":"pa_foldable-yes","22":"pa_maximales-benutzergewicht-20-kg-aufsitz-laufradmodus-50-kg-scootermodus","23":"pa_product-type-aufsitzfahrzeug","24":"pa_product-type-laufrad","25":"pa_produktkategorie-umbaubarer-roller","26":"pa_recommended-user-height-75-130cm","27":"pa_series-go-up-serie","28":"pa_t-bar-4-fach-hoehenverstellbar","29":"pa_umbaubar-ja","31":"first","32":"instock","33":"taxable","34":"shipping-taxable","35":"purchasable","36":"product-type-variable"},"bundled_by":[],"bundle_stock_status":"instock","bundle_stock_quantity":null,"bundle_virtual":false,"bundle_layout":"","bundle_add_to_cart_form_location":"","bundle_editable_in_cart":false,"bundle_sold_individually_context":"","bundle_item_grouping":"","bundle_min_size":"","bundle_max_size":"","bundled_items":[],"bundle_sell_ids":[],"acf":[],"yoast_head":"<!-- This site is optimized with the Yoast SEO Premium plugin v20.12 (Yoast SEO v23.4) - https:\/\/yoast.com\/wordpress\/plugins\/seo\/ -->\n<title>GO\u2022UP ACTIVE LIGHTS 360\u00b0: 3-in-1 Fahrzeug mit 360\u00b0-Lenkung<\/title>\n<meta name=\"description\" content=\"Faltbarer 3-Rad-Roller mit Sitz, 360\u00b0-Elternlenkung und LED-R\u00e4dern \u2013 f\u00fcr Kinder ab 15 Monaten. Werkzeuglos umbaubar &amp; nachhaltig mit recyceltem Kunststoff.\" \/>\n<meta name=\"robots\" content=\"index, follow, max-snippet:-1, max-image-preview:large, max-video-preview:-1\" \/>\n<link rel=\"canonical\" href=\"https:\/\/www.globber.com\/de\/product\/goup-active-lights-360\/\" \/>\n<meta property=\"og:locale\" content=\"de_DE\" \/>\n<meta property=\"og:type\" content=\"article\" \/>\n<meta property=\"og:title\" content=\"GO\u2022UP ACTIVE LIGHTS 360\u00b0: 3-in-1 Fahrzeug mit 360\u00b0-Lenkung\" \/>\n<meta property=\"og:description\" content=\"Faltbarer 3-Rad-Roller mit Sitz, 360\u00b0-Elternlenkung und LED-R\u00e4dern \u2013 f\u00fcr Kinder ab 15 Monaten. Werkzeuglos umbaubar &amp; nachhaltig mit recyceltem Kunststoff.\" \/>\n<meta property=\"og:url\" content=\"https:\/\/www.globber.com\/de\/product\/goup-active-lights-360\/\" \/>\n<meta property=\"og:site_name\" content=\"Globber Deutschland\" \/>\n<meta property=\"article:modified_time\" content=\"2026-05-13T01:01:56+00:00\" \/>\n<meta property=\"og:image\" content=\"https:\/\/cdn.globber.com\/content\/sites\/13\/2025\/06\/go-up-active-lights-360%C2%B0.jpg\" \/>\n\t<meta property=\"og:image:width\" content=\"2048\" \/>\n\t<meta property=\"og:image:height\" content=\"2048\" \/>\n\t<meta property=\"og:image:type\" content=\"image\/jpeg\" \/>\n<meta name=\"twitter:card\" content=\"summary_large_image\" \/>\n<meta name=\"twitter:label1\" content=\"Availability\" \/>\n\t<meta name=\"twitter:data1\" content=\"In stock\" \/>\n<script type=\"application\/ld+json\" class=\"yoast-schema-graph\">{\"@context\":\"https:\/\/schema.org\",\"@graph\":[{\"@type\":[\"WebPage\",\"ItemPage\"],\"@id\":\"https:\/\/www.globber.com\/de\/product\/goup-active-lights-360\/\",\"url\":\"https:\/\/www.globber.com\/de\/product\/goup-active-lights-360\/\",\"name\":\"GO\u2022UP ACTIVE LIGHTS 360\u00b0: 3-in-1 Fahrzeug mit 360\u00b0-Lenkung\",\"isPartOf\":{\"@id\":\"https:\/\/www.globber.com\/de\/#website\"},\"primaryImageOfPage\":{\"@id\":\"https:\/\/www.globber.com\/de\/product\/goup-active-lights-360\/#primaryimage\"},\"image\":{\"@id\":\"https:\/\/www.globber.com\/de\/product\/goup-active-lights-360\/#primaryimage\"},\"thumbnailUrl\":\"https:\/\/cdn.globber.com\/content\/sites\/13\/2025\/06\/go-up-active-lights-360%C2%B0.jpg\",\"datePublished\":\"2025-06-11T08:54:47+00:00\",\"dateModified\":\"2026-05-13T01:01:56+00:00\",\"description\":\"Faltbarer 3-Rad-Roller mit Sitz, 360\u00b0-Elternlenkung und LED-R\u00e4dern \u2013 f\u00fcr Kinder ab 15 Monaten. Werkzeuglos umbaubar & nachhaltig mit recyceltem Kunststoff.\",\"breadcrumb\":{\"@id\":\"https:\/\/www.globber.com\/de\/product\/goup-active-lights-360\/#breadcrumb\"},\"inLanguage\":\"de\",\"potentialAction\":[{\"@type\":\"ReadAction\",\"target\":[\"https:\/\/www.globber.com\/de\/product\/goup-active-lights-360\/\"]}]},{\"@type\":\"ImageObject\",\"inLanguage\":\"de\",\"@id\":\"https:\/\/www.globber.com\/de\/product\/goup-active-lights-360\/#primaryimage\",\"url\":\"https:\/\/cdn.globber.com\/content\/sites\/13\/2025\/06\/go-up-active-lights-360%C2%B0.jpg\",\"contentUrl\":\"https:\/\/cdn.globber.com\/content\/sites\/13\/2025\/06\/go-up-active-lights-360%C2%B0.jpg\",\"width\":2048,\"height\":2048},{\"@type\":\"BreadcrumbList\",\"@id\":\"https:\/\/www.globber.com\/de\/product\/goup-active-lights-360\/#breadcrumb\",\"itemListElement\":[{\"@type\":\"ListItem\",\"position\":1,\"name\":\"Alle Produkte\",\"item\":\"https:\/\/www.globber.com\/de\/shop-by-product\/\"},{\"@type\":\"ListItem\",\"position\":2,\"name\":\"GO\u2022UP ACTIVE LIGHTS 360\u00b0\"}]},{\"@type\":\"WebSite\",\"@id\":\"https:\/\/www.globber.com\/de\/#website\",\"url\":\"https:\/\/www.globber.com\/de\/\",\"name\":\"Globber Deutschland\",\"description\":\"Die Welt auf R\u00e4dern | Globber.com\",\"publisher\":{\"@id\":\"https:\/\/www.globber.com\/de\/#organization\"},\"potentialAction\":[{\"@type\":\"SearchAction\",\"target\":{\"@type\":\"EntryPoint\",\"urlTemplate\":\"https:\/\/www.globber.com\/de\/?s={search_term_string}\"},\"query-input\":{\"@type\":\"PropertyValueSpecification\",\"valueRequired\":true,\"valueName\":\"search_term_string\"}}],\"inLanguage\":\"de\"},{\"@type\":\"Organization\",\"@id\":\"https:\/\/www.globber.com\/de\/#organization\",\"name\":\"Globber Deutschland\",\"url\":\"https:\/\/www.globber.com\/de\/\",\"logo\":{\"@type\":\"ImageObject\",\"inLanguage\":\"de\",\"@id\":\"https:\/\/www.globber.com\/de\/#\/schema\/logo\/image\/\",\"url\":\"https:\/\/cdn.globber.com\/content\/sites\/13\/2024\/05\/logo.svg\",\"contentUrl\":\"https:\/\/cdn.globber.com\/content\/sites\/13\/2024\/05\/logo.svg\",\"width\":601,\"height\":112,\"caption\":\"Globber Deutschland\"},\"image\":{\"@id\":\"https:\/\/www.globber.com\/de\/#\/schema\/logo\/image\/\"}}]}<\/script>\n<meta property=\"og:availability\" content=\"instock\" \/>\n<meta property=\"product:availability\" content=\"instock\" \/>\n<meta property=\"product:retailer_item_id\" content=\"749-XXX\" \/>\n<meta property=\"product:condition\" content=\"new\" \/>\n<!-- \/ Yoast SEO Premium plugin. -->","yoast_head_json":{"title":"GO\u2022UP ACTIVE LIGHTS 360\u00b0: 3-in-1 Fahrzeug mit 360\u00b0-Lenkung","description":"Faltbarer 3-Rad-Roller mit Sitz, 360\u00b0-Elternlenkung und LED-R\u00e4dern \u2013 f\u00fcr Kinder ab 15 Monaten. Werkzeuglos umbaubar & nachhaltig mit recyceltem Kunststoff.","robots":{"index":"index","follow":"follow","max-snippet":"max-snippet:-1","max-image-preview":"max-image-preview:large","max-video-preview":"max-video-preview:-1"},"canonical":"https:\/\/www.globber.com\/de\/product\/goup-active-lights-360\/","og_locale":"de_DE","og_type":"article","og_title":"GO\u2022UP ACTIVE LIGHTS 360\u00b0: 3-in-1 Fahrzeug mit 360\u00b0-Lenkung","og_description":"Faltbarer 3-Rad-Roller mit Sitz, 360\u00b0-Elternlenkung und LED-R\u00e4dern \u2013 f\u00fcr Kinder ab 15 Monaten. Werkzeuglos umbaubar & nachhaltig mit recyceltem Kunststoff.","og_url":"https:\/\/www.globber.com\/de\/product\/goup-active-lights-360\/","og_site_name":"Globber Deutschland","article_modified_time":"2026-05-13T01:01:56+00:00","og_image":[{"width":2048,"height":2048,"url":"https:\/\/cdn.globber.com\/content\/sites\/13\/2025\/06\/go-up-active-lights-360%C2%B0.jpg","type":"image\/jpeg"}],"twitter_card":"summary_large_image","twitter_misc":{"Availability":"In stock"},"schema":{"@context":"https:\/\/schema.org","@graph":[{"@type":["WebPage","ItemPage"],"@id":"https:\/\/www.globber.com\/de\/product\/goup-active-lights-360\/","url":"https:\/\/www.globber.com\/de\/product\/goup-active-lights-360\/","name":"GO\u2022UP ACTIVE LIGHTS 360\u00b0: 3-in-1 Fahrzeug mit 360\u00b0-Lenkung","isPartOf":{"@id":"https:\/\/www.globber.com\/de\/#website"},"primaryImageOfPage":{"@id":"https:\/\/www.globber.com\/de\/product\/goup-active-lights-360\/#primaryimage"},"image":{"@id":"https:\/\/www.globber.com\/de\/product\/goup-active-lights-360\/#primaryimage"},"thumbnailUrl":"https:\/\/cdn.globber.com\/content\/sites\/13\/2025\/06\/go-up-active-lights-360%C2%B0.jpg","datePublished":"2025-06-11T08:54:47+00:00","dateModified":"2026-05-13T01:01:56+00:00","description":"Faltbarer 3-Rad-Roller mit Sitz, 360\u00b0-Elternlenkung und LED-R\u00e4dern \u2013 f\u00fcr Kinder ab 15 Monaten. Werkzeuglos umbaubar & nachhaltig mit recyceltem Kunststoff.","breadcrumb":{"@id":"https:\/\/www.globber.com\/de\/product\/goup-active-lights-360\/#breadcrumb"},"inLanguage":"de","potentialAction":[{"@type":"ReadAction","target":["https:\/\/www.globber.com\/de\/product\/goup-active-lights-360\/"]}]},{"@type":"ImageObject","inLanguage":"de","@id":"https:\/\/www.globber.com\/de\/product\/goup-active-lights-360\/#primaryimage","url":"https:\/\/cdn.globber.com\/content\/sites\/13\/2025\/06\/go-up-active-lights-360%C2%B0.jpg","contentUrl":"https:\/\/cdn.globber.com\/content\/sites\/13\/2025\/06\/go-up-active-lights-360%C2%B0.jpg","width":2048,"height":2048},{"@type":"BreadcrumbList","@id":"https:\/\/www.globber.com\/de\/product\/goup-active-lights-360\/#breadcrumb","itemListElement":[{"@type":"ListItem","position":1,"name":"Alle Produkte","item":"https:\/\/www.globber.com\/de\/shop-by-product\/"},{"@type":"ListItem","position":2,"name":"GO\u2022UP ACTIVE LIGHTS 360\u00b0"}]},{"@type":"WebSite","@id":"https:\/\/www.globber.com\/de\/#website","url":"https:\/\/www.globber.com\/de\/","name":"Globber Deutschland","description":"Die Welt auf R\u00e4dern | Globber.com","publisher":{"@id":"https:\/\/www.globber.com\/de\/#organization"},"potentialAction":[{"@type":"SearchAction","target":{"@type":"EntryPoint","urlTemplate":"https:\/\/www.globber.com\/de\/?s={search_term_string}"},"query-input":{"@type":"PropertyValueSpecification","valueRequired":true,"valueName":"search_term_string"}}],"inLanguage":"de"},{"@type":"Organization","@id":"https:\/\/www.globber.com\/de\/#organization","name":"Globber Deutschland","url":"https:\/\/www.globber.com\/de\/","logo":{"@type":"ImageObject","inLanguage":"de","@id":"https:\/\/www.globber.com\/de\/#\/schema\/logo\/image\/","url":"https:\/\/cdn.globber.com\/content\/sites\/13\/2024\/05\/logo.svg","contentUrl":"https:\/\/cdn.globber.com\/content\/sites\/13\/2024\/05\/logo.svg","width":601,"height":112,"caption":"Globber Deutschland"},"image":{"@id":"https:\/\/www.globber.com\/de\/#\/schema\/logo\/image\/"}}]},"og_availability":"instock","product_availability":"instock","product_retailer_item_id":"749-XXX","product_condition":"new"},"_links":{"self":[{"href":"https:\/\/www.globber.com\/de\/wp-json\/wp\/v2\/product\/14665","targetHints":{"allow":["GET"]}}],"collection":[{"href":"https:\/\/www.globber.com\/de\/wp-json\/wp\/v2\/product"}],"about":[{"href":"https:\/\/www.globber.com\/de\/wp-json\/wp\/v2\/types\/product"}],"replies":[{"embeddable":true,"href":"https:\/\/www.globber.com\/de\/wp-json\/wp\/v2\/comments?post=14665"}],"wp:featuredmedia":[{"embeddable":true,"href":"https:\/\/www.globber.com\/de\/wp-json\/wp\/v2\/media\/16829"}],"wp:attachment":[{"href":"https:\/\/www.globber.com\/de\/wp-json\/wp\/v2\/media?parent=14665"}],"wp:term":[{"taxonomy":"product-special-badges","embeddable":true,"href":"https:\/\/www.globber.com\/de\/wp-json\/wp\/v2\/product-special-badges?post=14665"},{"taxonomy":"product_brand","embeddable":true,"href":"https:\/\/www.globber.com\/de\/wp-json\/wp\/v2\/product_brand?post=14665"},{"taxonomy":"product_cat","embeddable":true,"href":"https:\/\/www.globber.com\/de\/wp-json\/wp\/v2\/product_cat?post=14665"},{"taxonomy":"product_tag","embeddable":true,"href":"https:\/\/www.globber.com\/de\/wp-json\/wp\/v2\/product_tag?post=14665"}],"curies":[{"name":"wp","href":"https:\/\/api.w.org\/{rel}","templated":true}]}}