{"id":14676,"date":"2025-06-11T10:52:41","date_gmt":"2025-06-11T08:52:41","guid":{"rendered":"https:\/\/www.globber.com\/de\/?post_type=product&#038;p=14676"},"modified":"2026-05-12T03:02:32","modified_gmt":"2026-05-12T01:02:32","slug":"goup-deluxe-lights","status":"publish","type":"product","link":"https:\/\/www.globber.com\/de\/product\/goup-deluxe-lights\/","title":{"rendered":"GO\u2022UP DELUXE LIGHTS MIT LEUCHTMODUL"},"content":{"rendered":"<p data-start=\"250\" data-end=\"841\">Der <strong data-start=\"375\" data-end=\"398\">GO\u2022UP DELUXE LIGHTS<\/strong> ist ein vielseitiger Kinderroller mit Sitz, der mit deinem Kind mitw\u00e4chst. Er l\u00e4sst sich werkzeuglos in drei Modi umwandeln: vom Aufsitzfahrzeug \u00fcber das Laufrad bis hin zum klassischen 3-Rad-Kickroller. Der Sitz- und Laufradmodus ist ideal f\u00fcr Kleinkinder von 15 bis 36 Monaten, w\u00e4hrend der Rollermodus f\u00fcr Kinder ab 3 Jahren empfohlen wird \u2013 f\u00fcr langanhaltenden Spielspa\u00df und eine gesunde motorische Entwicklung. Jetzt noch besser mit coolem Leuchtmodul im Griff, aktiviert durch Vibration!<\/p>\n<p data-start=\"843\" data-end=\"1255\">Mit seinen batterielosen LED-Vorderr\u00e4dern, die beim wei\u00df leuchten, ist der<strong> GO\u2022UP DELUXE LIGHTS<\/strong> ein echter Hingucker. Das patentierte Klappsystem, die Lenkungssperre zum Balance-Training und die h\u00f6henverstellbare Sitz- und Lenkstange machen ihn besonders funktional, sicher und bequem. Das robuste Zweikomponenten-Deck sorgt f\u00fcr Stabilit\u00e4t auf jedem Untergrund.<\/p>\n<p data-start=\"1257\" data-end=\"1627\">Besonders nachhaltig: Der <strong>GO\u2022UP DELUXE LIGHTS<\/strong> besteht zu 35\u201338\u202f% aus recyceltem Kunststoff, der nach dem Global Recycled Standard (GRS) zertifiziert ist. So tr\u00e4gst du aktiv zu einer umweltfreundlichen Mobilit\u00e4t bei. Seit 2022 konnte GLOBBER bereits \u00fcber 118 Tonnen recycelte Materialien wie alte Spielzeuge, Fischernetze und Verpackungen wiederverwenden.<\/p>\n<p data-start=\"1629\" data-end=\"1757\"><strong>GO\u2022UP DELUXE LIGHTS<\/strong> \u2013 der nachhaltige, leuchtende und multifunktionale Roller, der dein Kind \u00fcber viele Jahre begleitet.<\/p>\n","protected":false},"excerpt":{"rendered":"<ul>\n<li>3-fach h\u00f6henverstellbarer Sitz,<\/li>\n<li>4-fach h\u00f6henverstellbare Lenkstange,<\/li>\n<li>LED-Leuchtr\u00e4der<\/li>\n<\/ul>\n","protected":false},"featured_media":16839,"comment_status":"open","ping_status":"closed","template":"","meta":{"_acf_changed":false,"inline_featured_image":false},"product-special-badges":[],"product_brand":[],"product_cat":[4269,1696,3560,1247],"product_tag":[],"class_list":{"0":"post-14676","1":"product","2":"type-product","3":"status-publish","4":"has-post-thumbnail","6":"product_cat-go-up-product-list","7":"product_cat-faltbare-roller","8":"product_cat-umbaubare-fahrzeuge","9":"product_cat-go-up-serie","10":"pa_age-range-ab-3-jahren","11":"pa_age-range-ab-4-jahren","12":"pa_age-range-ab-5-jahren","13":"pa_age-range-ab-15-monaten","14":"pa_age-range-ab-2-jahren","15":"pa_color-dark-mint","16":"pa_color-navy-blue","17":"pa_color-pastel-pink","18":"pa_ean-4134","19":"pa_ean-4135","20":"pa_ean-4136","21":"pa_foldable-yes","22":"pa_maximales-benutzergewicht-20-kg-aufsitz-laufradmodus-50-kg-scootermodus","23":"pa_product-type-aufsitzfahrzeug","24":"pa_product-type-laufrad","25":"pa_produktkategorie-umbaubarer-roller","26":"pa_recommended-user-height-75-130cm","27":"pa_series-go-up-serie","28":"pa_t-bar-4-fach-hoehenverstellbar","29":"pa_umbaubar-ja","31":"first","32":"instock","33":"taxable","34":"shipping-taxable","35":"purchasable","36":"product-type-variable"},"bundled_by":[],"bundle_stock_status":"instock","bundle_stock_quantity":null,"bundle_virtual":false,"bundle_layout":"","bundle_add_to_cart_form_location":"","bundle_editable_in_cart":false,"bundle_sold_individually_context":"","bundle_item_grouping":"","bundle_min_size":"","bundle_max_size":"","bundled_items":[],"bundle_sell_ids":[],"acf":[],"yoast_head":"<!-- This site is optimized with the Yoast SEO Premium plugin v20.12 (Yoast SEO v23.4) - https:\/\/yoast.com\/wordpress\/plugins\/seo\/ -->\n<title>GO\u2022UP DELUXE LIGHTS: 3-in-1-Scooter mit Leuchtmodul<\/title>\n<meta name=\"description\" content=\"Der GO\u2022UP DELUXE LIGHTS ist ein vielseitiger 3-in-1-Roller mit Sitz, LED-R\u00e4dern und patentiertem Klappsystem \u2013 ideal f\u00fcr Kinder ab 15 Monaten.\" \/>\n<meta name=\"robots\" content=\"index, follow, max-snippet:-1, max-image-preview:large, max-video-preview:-1\" \/>\n<link rel=\"canonical\" href=\"https:\/\/www.globber.com\/de\/product\/goup-deluxe-lights\/\" \/>\n<meta property=\"og:locale\" content=\"de_DE\" \/>\n<meta property=\"og:type\" content=\"article\" \/>\n<meta property=\"og:title\" content=\"GO\u2022UP DELUXE LIGHTS: 3-in-1-Scooter mit Leuchtmodul\" \/>\n<meta property=\"og:description\" content=\"Der GO\u2022UP DELUXE LIGHTS ist ein vielseitiger 3-in-1-Roller mit Sitz, LED-R\u00e4dern und patentiertem Klappsystem \u2013 ideal f\u00fcr Kinder ab 15 Monaten.\" \/>\n<meta property=\"og:url\" content=\"https:\/\/www.globber.com\/de\/product\/goup-deluxe-lights\/\" \/>\n<meta property=\"og:site_name\" content=\"Globber Deutschland\" \/>\n<meta property=\"article:modified_time\" content=\"2026-05-12T01:02:32+00:00\" \/>\n<meta property=\"og:image\" content=\"https:\/\/cdn.globber.com\/content\/sites\/13\/2025\/06\/GO-UP-Deluxe-Lights-mit-Leuchtmodul.jpg\" \/>\n\t<meta property=\"og:image:width\" content=\"2048\" \/>\n\t<meta property=\"og:image:height\" content=\"2048\" \/>\n\t<meta property=\"og:image:type\" content=\"image\/jpeg\" \/>\n<meta name=\"twitter:card\" content=\"summary_large_image\" \/>\n<meta name=\"twitter:label1\" content=\"Availability\" \/>\n\t<meta name=\"twitter:data1\" content=\"In stock\" \/>\n<script type=\"application\/ld+json\" class=\"yoast-schema-graph\">{\"@context\":\"https:\/\/schema.org\",\"@graph\":[{\"@type\":[\"WebPage\",\"ItemPage\"],\"@id\":\"https:\/\/www.globber.com\/de\/product\/goup-deluxe-lights\/\",\"url\":\"https:\/\/www.globber.com\/de\/product\/goup-deluxe-lights\/\",\"name\":\"GO\u2022UP DELUXE LIGHTS: 3-in-1-Scooter mit Leuchtmodul\",\"isPartOf\":{\"@id\":\"https:\/\/www.globber.com\/de\/#website\"},\"primaryImageOfPage\":{\"@id\":\"https:\/\/www.globber.com\/de\/product\/goup-deluxe-lights\/#primaryimage\"},\"image\":{\"@id\":\"https:\/\/www.globber.com\/de\/product\/goup-deluxe-lights\/#primaryimage\"},\"thumbnailUrl\":\"https:\/\/cdn.globber.com\/content\/sites\/13\/2025\/06\/GO-UP-Deluxe-Lights-mit-Leuchtmodul.jpg\",\"datePublished\":\"2025-06-11T08:52:41+00:00\",\"dateModified\":\"2026-05-12T01:02:32+00:00\",\"description\":\"Der GO\u2022UP DELUXE LIGHTS ist ein vielseitiger 3-in-1-Roller mit Sitz, LED-R\u00e4dern und patentiertem Klappsystem \u2013 ideal f\u00fcr Kinder ab 15 Monaten.\",\"breadcrumb\":{\"@id\":\"https:\/\/www.globber.com\/de\/product\/goup-deluxe-lights\/#breadcrumb\"},\"inLanguage\":\"de\",\"potentialAction\":[{\"@type\":\"ReadAction\",\"target\":[\"https:\/\/www.globber.com\/de\/product\/goup-deluxe-lights\/\"]}]},{\"@type\":\"ImageObject\",\"inLanguage\":\"de\",\"@id\":\"https:\/\/www.globber.com\/de\/product\/goup-deluxe-lights\/#primaryimage\",\"url\":\"https:\/\/cdn.globber.com\/content\/sites\/13\/2025\/06\/GO-UP-Deluxe-Lights-mit-Leuchtmodul.jpg\",\"contentUrl\":\"https:\/\/cdn.globber.com\/content\/sites\/13\/2025\/06\/GO-UP-Deluxe-Lights-mit-Leuchtmodul.jpg\",\"width\":2048,\"height\":2048},{\"@type\":\"BreadcrumbList\",\"@id\":\"https:\/\/www.globber.com\/de\/product\/goup-deluxe-lights\/#breadcrumb\",\"itemListElement\":[{\"@type\":\"ListItem\",\"position\":1,\"name\":\"Alle Produkte\",\"item\":\"https:\/\/www.globber.com\/de\/shop-by-product\/\"},{\"@type\":\"ListItem\",\"position\":2,\"name\":\"GO\u2022UP DELUXE LIGHTS MIT LEUCHTMODUL\"}]},{\"@type\":\"WebSite\",\"@id\":\"https:\/\/www.globber.com\/de\/#website\",\"url\":\"https:\/\/www.globber.com\/de\/\",\"name\":\"Globber Deutschland\",\"description\":\"Die Welt auf R\u00e4dern | Globber.com\",\"publisher\":{\"@id\":\"https:\/\/www.globber.com\/de\/#organization\"},\"potentialAction\":[{\"@type\":\"SearchAction\",\"target\":{\"@type\":\"EntryPoint\",\"urlTemplate\":\"https:\/\/www.globber.com\/de\/?s={search_term_string}\"},\"query-input\":{\"@type\":\"PropertyValueSpecification\",\"valueRequired\":true,\"valueName\":\"search_term_string\"}}],\"inLanguage\":\"de\"},{\"@type\":\"Organization\",\"@id\":\"https:\/\/www.globber.com\/de\/#organization\",\"name\":\"Globber Deutschland\",\"url\":\"https:\/\/www.globber.com\/de\/\",\"logo\":{\"@type\":\"ImageObject\",\"inLanguage\":\"de\",\"@id\":\"https:\/\/www.globber.com\/de\/#\/schema\/logo\/image\/\",\"url\":\"https:\/\/cdn.globber.com\/content\/sites\/13\/2024\/05\/logo.svg\",\"contentUrl\":\"https:\/\/cdn.globber.com\/content\/sites\/13\/2024\/05\/logo.svg\",\"width\":601,\"height\":112,\"caption\":\"Globber Deutschland\"},\"image\":{\"@id\":\"https:\/\/www.globber.com\/de\/#\/schema\/logo\/image\/\"}}]}<\/script>\n<meta property=\"og:availability\" content=\"instock\" \/>\n<meta property=\"product:availability\" content=\"instock\" \/>\n<meta property=\"product:retailer_item_id\" content=\"748-XXX\" \/>\n<meta property=\"product:condition\" content=\"new\" \/>\n<!-- \/ Yoast SEO Premium plugin. -->","yoast_head_json":{"title":"GO\u2022UP DELUXE LIGHTS: 3-in-1-Scooter mit Leuchtmodul","description":"Der GO\u2022UP DELUXE LIGHTS ist ein vielseitiger 3-in-1-Roller mit Sitz, LED-R\u00e4dern und patentiertem Klappsystem \u2013 ideal f\u00fcr Kinder ab 15 Monaten.","robots":{"index":"index","follow":"follow","max-snippet":"max-snippet:-1","max-image-preview":"max-image-preview:large","max-video-preview":"max-video-preview:-1"},"canonical":"https:\/\/www.globber.com\/de\/product\/goup-deluxe-lights\/","og_locale":"de_DE","og_type":"article","og_title":"GO\u2022UP DELUXE LIGHTS: 3-in-1-Scooter mit Leuchtmodul","og_description":"Der GO\u2022UP DELUXE LIGHTS ist ein vielseitiger 3-in-1-Roller mit Sitz, LED-R\u00e4dern und patentiertem Klappsystem \u2013 ideal f\u00fcr Kinder ab 15 Monaten.","og_url":"https:\/\/www.globber.com\/de\/product\/goup-deluxe-lights\/","og_site_name":"Globber Deutschland","article_modified_time":"2026-05-12T01:02:32+00:00","og_image":[{"width":2048,"height":2048,"url":"https:\/\/cdn.globber.com\/content\/sites\/13\/2025\/06\/GO-UP-Deluxe-Lights-mit-Leuchtmodul.jpg","type":"image\/jpeg"}],"twitter_card":"summary_large_image","twitter_misc":{"Availability":"In stock"},"schema":{"@context":"https:\/\/schema.org","@graph":[{"@type":["WebPage","ItemPage"],"@id":"https:\/\/www.globber.com\/de\/product\/goup-deluxe-lights\/","url":"https:\/\/www.globber.com\/de\/product\/goup-deluxe-lights\/","name":"GO\u2022UP DELUXE LIGHTS: 3-in-1-Scooter mit Leuchtmodul","isPartOf":{"@id":"https:\/\/www.globber.com\/de\/#website"},"primaryImageOfPage":{"@id":"https:\/\/www.globber.com\/de\/product\/goup-deluxe-lights\/#primaryimage"},"image":{"@id":"https:\/\/www.globber.com\/de\/product\/goup-deluxe-lights\/#primaryimage"},"thumbnailUrl":"https:\/\/cdn.globber.com\/content\/sites\/13\/2025\/06\/GO-UP-Deluxe-Lights-mit-Leuchtmodul.jpg","datePublished":"2025-06-11T08:52:41+00:00","dateModified":"2026-05-12T01:02:32+00:00","description":"Der GO\u2022UP DELUXE LIGHTS ist ein vielseitiger 3-in-1-Roller mit Sitz, LED-R\u00e4dern und patentiertem Klappsystem \u2013 ideal f\u00fcr Kinder ab 15 Monaten.","breadcrumb":{"@id":"https:\/\/www.globber.com\/de\/product\/goup-deluxe-lights\/#breadcrumb"},"inLanguage":"de","potentialAction":[{"@type":"ReadAction","target":["https:\/\/www.globber.com\/de\/product\/goup-deluxe-lights\/"]}]},{"@type":"ImageObject","inLanguage":"de","@id":"https:\/\/www.globber.com\/de\/product\/goup-deluxe-lights\/#primaryimage","url":"https:\/\/cdn.globber.com\/content\/sites\/13\/2025\/06\/GO-UP-Deluxe-Lights-mit-Leuchtmodul.jpg","contentUrl":"https:\/\/cdn.globber.com\/content\/sites\/13\/2025\/06\/GO-UP-Deluxe-Lights-mit-Leuchtmodul.jpg","width":2048,"height":2048},{"@type":"BreadcrumbList","@id":"https:\/\/www.globber.com\/de\/product\/goup-deluxe-lights\/#breadcrumb","itemListElement":[{"@type":"ListItem","position":1,"name":"Alle Produkte","item":"https:\/\/www.globber.com\/de\/shop-by-product\/"},{"@type":"ListItem","position":2,"name":"GO\u2022UP DELUXE LIGHTS MIT LEUCHTMODUL"}]},{"@type":"WebSite","@id":"https:\/\/www.globber.com\/de\/#website","url":"https:\/\/www.globber.com\/de\/","name":"Globber Deutschland","description":"Die Welt auf R\u00e4dern | Globber.com","publisher":{"@id":"https:\/\/www.globber.com\/de\/#organization"},"potentialAction":[{"@type":"SearchAction","target":{"@type":"EntryPoint","urlTemplate":"https:\/\/www.globber.com\/de\/?s={search_term_string}"},"query-input":{"@type":"PropertyValueSpecification","valueRequired":true,"valueName":"search_term_string"}}],"inLanguage":"de"},{"@type":"Organization","@id":"https:\/\/www.globber.com\/de\/#organization","name":"Globber Deutschland","url":"https:\/\/www.globber.com\/de\/","logo":{"@type":"ImageObject","inLanguage":"de","@id":"https:\/\/www.globber.com\/de\/#\/schema\/logo\/image\/","url":"https:\/\/cdn.globber.com\/content\/sites\/13\/2024\/05\/logo.svg","contentUrl":"https:\/\/cdn.globber.com\/content\/sites\/13\/2024\/05\/logo.svg","width":601,"height":112,"caption":"Globber Deutschland"},"image":{"@id":"https:\/\/www.globber.com\/de\/#\/schema\/logo\/image\/"}}]},"og_availability":"instock","product_availability":"instock","product_retailer_item_id":"748-XXX","product_condition":"new"},"_links":{"self":[{"href":"https:\/\/www.globber.com\/de\/wp-json\/wp\/v2\/product\/14676","targetHints":{"allow":["GET"]}}],"collection":[{"href":"https:\/\/www.globber.com\/de\/wp-json\/wp\/v2\/product"}],"about":[{"href":"https:\/\/www.globber.com\/de\/wp-json\/wp\/v2\/types\/product"}],"replies":[{"embeddable":true,"href":"https:\/\/www.globber.com\/de\/wp-json\/wp\/v2\/comments?post=14676"}],"wp:featuredmedia":[{"embeddable":true,"href":"https:\/\/www.globber.com\/de\/wp-json\/wp\/v2\/media\/16839"}],"wp:attachment":[{"href":"https:\/\/www.globber.com\/de\/wp-json\/wp\/v2\/media?parent=14676"}],"wp:term":[{"taxonomy":"product-special-badges","embeddable":true,"href":"https:\/\/www.globber.com\/de\/wp-json\/wp\/v2\/product-special-badges?post=14676"},{"taxonomy":"product_brand","embeddable":true,"href":"https:\/\/www.globber.com\/de\/wp-json\/wp\/v2\/product_brand?post=14676"},{"taxonomy":"product_cat","embeddable":true,"href":"https:\/\/www.globber.com\/de\/wp-json\/wp\/v2\/product_cat?post=14676"},{"taxonomy":"product_tag","embeddable":true,"href":"https:\/\/www.globber.com\/de\/wp-json\/wp\/v2\/product_tag?post=14676"}],"curies":[{"name":"wp","href":"https:\/\/api.w.org\/{rel}","templated":true}]}}