{"id":14680,"date":"2025-06-11T10:52:20","date_gmt":"2025-06-11T08:52:20","guid":{"rendered":"https:\/\/www.globber.com\/de\/?post_type=product&#038;p=14680"},"modified":"2026-05-13T16:01:11","modified_gmt":"2026-05-13T14:01:11","slug":"goup-deluxe-lights-ecologic-360","status":"publish","type":"product","link":"https:\/\/www.globber.com\/de\/product\/goup-deluxe-lights-ecologic-360\/","title":{"rendered":"GO\u2022UP DELUXE LIGHTS ECOLOGIC 360\u00b0"},"content":{"rendered":"<p data-start=\"216\" data-end=\"712\">Ein nachhaltiger Begleiter f\u00fcr eine gr\u00fcnere Kindheit \u2013 mit dem<strong> GO\u2022UP DELUXE LIGHTS ECOLOGIC 360<\/strong>\u00b0<br data-start=\"316\" data-end=\"319\" \/><br \/>\nWachse mit deinem GO\u2022UP auf \u2013 und entdecke eine neue Art von Mobilit\u00e4t: Der <strong>GO\u2022UP DELUXE LIGHTS ECOLOGIC 360\u00b0<\/strong> ist ein umweltfreundlicher 3-in-1-Roller mit Sitz, der sich flexibel an die Entwicklung deines Kindes anpasst. Ob als Aufsitzfahrzeug, Laufrad oder Kinderroller \u2013 dieser nachhaltige 3-Rad-Roller begleitet Kinder von 15 Monaten bis 9 Jahren+ durch alle Fahrphasen.<\/p>\n<p data-start=\"714\" data-end=\"1057\">Das Besondere: Der <strong>GO\u2022UP DELUXE LIGHTS ECOLOGIC 360\u00b0<\/strong> besteht zu 100\u202f% aus GRS-zertifiziertem recyceltem Kunststoff und biologisch abbaubarem Weizenstroh \u2013 ein Biokunststoff, der aus landwirtschaftlichen Abf\u00e4llen gewonnen wird. So tr\u00e4gst du aktiv zu einer reduzierten Umweltbelastung und einer kreislauforientierten Zukunft bei.<\/p>\n<p data-start=\"1059\" data-end=\"1359\">Dank der patentierten 360\u00b0-Elternlenkung steuerst du dein Kind im Aufsitzmodus sicher und m\u00fchelos durch Kurven. Der Roller l\u00e4sst sich ohne Werkzeug umbauen, hat batterielose LED-Leuchtr\u00e4der, ein robustes, rutschfestes Deck und w\u00e4chst durch verstellbaren Sitz und Lenker einfach mit.<\/p>\n<p><strong>GO GLOBBER. GO GREENER.<\/strong><\/p>\n<p>Mehr dazu erf\u00e4hrst du\u00a0<a href=\"https:\/\/www.globber.com\/de\/nachhaltige-scooter\/\">hier.<\/a><\/p>\n<p>*In den entsprechenden Komponenten.<\/p>\n<p data-start=\"1361\" data-end=\"1528\">\u00a0<\/p>\n<p><strong>GO\u2022UP DELUXE LIGHTS ECOLOGIC 360\u00b0<\/strong> ist Gewinner des renommierten Preises:<\/p>\n<ul>\n<li><a href=\"https:\/\/gooddesignawards.org\/project\/goup-deluxe-lights-ecologic-360-2024\/\">Green Good Design Award<\/a><\/li>\n<\/ul>\n<p><strong>360\u00b0 ECOSYSTEM<\/strong> (GO\u2022UP 360\u00b0 + STROLL LITE) wurde mit diesen Preisen ausgezeichnet:<\/p>\n<ul style=\"list-style-type: disc;\">\n<li><a href=\"https:\/\/gooddesignawards.org\/project\/stroll-360-ecosystem-2024\/\">Good Design Award 2025<\/a><\/li>\n<li><a href=\"https:\/\/www.german-design-award.com\/galerie\/detail\/baby-and-child-care\/stroll-360-ecosystem\">German Design Award 2026<\/a><\/li>\n<li><a href=\"https:\/\/www.productdesignaward.eu\/winners\/epda\/2025\/12325\/\"><span data-teams=\"true\">European Product Design Award 2025<\/span><\/a><\/li>\n<\/ul>\n","protected":false},"excerpt":{"rendered":"<ul>\n<li>360\u00b0-Lenkmodul,<\/li>\n<li>3-fach verstellbarer Sitz,<\/li>\n<li>4-fach verstellbare Lenkstange,<\/li>\n<li>LED-Leuchtr\u00e4der<\/li>\n<\/ul>\n","protected":false},"featured_media":16843,"comment_status":"open","ping_status":"closed","template":"","meta":{"_acf_changed":false,"inline_featured_image":false},"product-special-badges":[3545],"product_brand":[],"product_cat":[4270,1696,3560,4170,1680,1247],"product_tag":[],"class_list":{"0":"post-14680","1":"product","2":"type-product","3":"status-publish","4":"has-post-thumbnail","6":"product_cat-go-up-360-product-list","7":"product_cat-faltbare-roller","8":"product_cat-umbaubare-fahrzeuge","9":"product_cat-go-up-360-collection","10":"product_cat-ecologic-serie","11":"product_cat-go-up-serie","12":"pa_age-range-ab-3-jahren","13":"pa_age-range-ab-4-jahren","14":"pa_age-range-ab-5-jahren","15":"pa_age-range-ab-15-monaten","16":"pa_age-range-ab-2-jahren","17":"pa_color-berry","18":"pa_color-blueberry","19":"pa_color-coconut","20":"pa_ean-4138","21":"pa_ean-4137","22":"pa_ean-4139","23":"pa_foldable-yes","24":"pa_material-100-recycelter-kunststoff","25":"pa_maximales-benutzergewicht-20-kg-aufsitz-laufradmodus-50-kg-scootermodus","26":"pa_product-type-aufsitzfahrzeug","27":"pa_product-type-laufrad","28":"pa_produktkategorie-umbaubarer-roller","29":"pa_recommended-user-height-75-130cm","30":"pa_series-go-up-serie","31":"pa_t-bar-4-fach-hoehenverstellbar","32":"pa_umbaubar-ja","34":"first","35":"instock","36":"taxable","37":"shipping-taxable","38":"purchasable","39":"product-type-variable"},"bundled_by":[],"bundle_stock_status":"instock","bundle_stock_quantity":null,"bundle_virtual":false,"bundle_layout":"","bundle_add_to_cart_form_location":"","bundle_editable_in_cart":false,"bundle_sold_individually_context":"","bundle_item_grouping":"","bundle_min_size":"","bundle_max_size":"","bundled_items":[],"bundle_sell_ids":[],"acf":[],"yoast_head":"<!-- This site is optimized with the Yoast SEO Premium plugin v20.12 (Yoast SEO v23.4) - https:\/\/yoast.com\/wordpress\/plugins\/seo\/ -->\n<title>GO\u2022UP DELUXE LIGHTS ECOLOGIC 360\u00b0: 3-in-1-Scooter<\/title>\n<meta name=\"description\" content=\"Nachhaltiger 3-in-1-Scooter mit Sitz und 360\u00b0-Elternlenkung aus recyceltem Kunststoff &amp; Weizenstroh. F\u00fcr Kinder von 15 Monaten bis 9 Jahren.\" \/>\n<meta name=\"robots\" content=\"index, follow, max-snippet:-1, max-image-preview:large, max-video-preview:-1\" \/>\n<link rel=\"canonical\" href=\"https:\/\/www.globber.com\/de\/product\/goup-deluxe-lights-ecologic-360\/\" \/>\n<meta property=\"og:locale\" content=\"de_DE\" \/>\n<meta property=\"og:type\" content=\"article\" \/>\n<meta property=\"og:title\" content=\"GO\u2022UP DELUXE LIGHTS ECOLOGIC 360\u00b0: 3-in-1-Scooter\" \/>\n<meta property=\"og:description\" content=\"Nachhaltiger 3-in-1-Scooter mit Sitz und 360\u00b0-Elternlenkung aus recyceltem Kunststoff &amp; Weizenstroh. F\u00fcr Kinder von 15 Monaten bis 9 Jahren.\" \/>\n<meta property=\"og:url\" content=\"https:\/\/www.globber.com\/de\/product\/goup-deluxe-lights-ecologic-360\/\" \/>\n<meta property=\"og:site_name\" content=\"Globber Deutschland\" \/>\n<meta property=\"article:modified_time\" content=\"2026-05-13T14:01:11+00:00\" \/>\n<meta property=\"og:image\" content=\"https:\/\/cdn.globber.com\/content\/sites\/13\/2025\/06\/go-up-deluxe-lights-eco-360%C2%B0.jpg\" \/>\n\t<meta property=\"og:image:width\" content=\"2048\" \/>\n\t<meta property=\"og:image:height\" content=\"2048\" \/>\n\t<meta property=\"og:image:type\" content=\"image\/jpeg\" \/>\n<meta name=\"twitter:card\" content=\"summary_large_image\" \/>\n<meta name=\"twitter:label1\" content=\"Availability\" \/>\n\t<meta name=\"twitter:data1\" content=\"In stock\" \/>\n<script type=\"application\/ld+json\" class=\"yoast-schema-graph\">{\"@context\":\"https:\/\/schema.org\",\"@graph\":[{\"@type\":[\"WebPage\",\"ItemPage\"],\"@id\":\"https:\/\/www.globber.com\/de\/product\/goup-deluxe-lights-ecologic-360\/\",\"url\":\"https:\/\/www.globber.com\/de\/product\/goup-deluxe-lights-ecologic-360\/\",\"name\":\"GO\u2022UP DELUXE LIGHTS ECOLOGIC 360\u00b0: 3-in-1-Scooter\",\"isPartOf\":{\"@id\":\"https:\/\/www.globber.com\/de\/#website\"},\"primaryImageOfPage\":{\"@id\":\"https:\/\/www.globber.com\/de\/product\/goup-deluxe-lights-ecologic-360\/#primaryimage\"},\"image\":{\"@id\":\"https:\/\/www.globber.com\/de\/product\/goup-deluxe-lights-ecologic-360\/#primaryimage\"},\"thumbnailUrl\":\"https:\/\/cdn.globber.com\/content\/sites\/13\/2025\/06\/go-up-deluxe-lights-eco-360%C2%B0.jpg\",\"datePublished\":\"2025-06-11T08:52:20+00:00\",\"dateModified\":\"2026-05-13T14:01:11+00:00\",\"description\":\"Nachhaltiger 3-in-1-Scooter mit Sitz und 360\u00b0-Elternlenkung aus recyceltem Kunststoff & Weizenstroh. F\u00fcr Kinder von 15 Monaten bis 9 Jahren.\",\"breadcrumb\":{\"@id\":\"https:\/\/www.globber.com\/de\/product\/goup-deluxe-lights-ecologic-360\/#breadcrumb\"},\"inLanguage\":\"de\",\"potentialAction\":[{\"@type\":\"ReadAction\",\"target\":[\"https:\/\/www.globber.com\/de\/product\/goup-deluxe-lights-ecologic-360\/\"]}]},{\"@type\":\"ImageObject\",\"inLanguage\":\"de\",\"@id\":\"https:\/\/www.globber.com\/de\/product\/goup-deluxe-lights-ecologic-360\/#primaryimage\",\"url\":\"https:\/\/cdn.globber.com\/content\/sites\/13\/2025\/06\/go-up-deluxe-lights-eco-360%C2%B0.jpg\",\"contentUrl\":\"https:\/\/cdn.globber.com\/content\/sites\/13\/2025\/06\/go-up-deluxe-lights-eco-360%C2%B0.jpg\",\"width\":2048,\"height\":2048},{\"@type\":\"BreadcrumbList\",\"@id\":\"https:\/\/www.globber.com\/de\/product\/goup-deluxe-lights-ecologic-360\/#breadcrumb\",\"itemListElement\":[{\"@type\":\"ListItem\",\"position\":1,\"name\":\"Alle Produkte\",\"item\":\"https:\/\/www.globber.com\/de\/shop-by-product\/\"},{\"@type\":\"ListItem\",\"position\":2,\"name\":\"GO\u2022UP DELUXE LIGHTS ECOLOGIC 360\u00b0\"}]},{\"@type\":\"WebSite\",\"@id\":\"https:\/\/www.globber.com\/de\/#website\",\"url\":\"https:\/\/www.globber.com\/de\/\",\"name\":\"Globber Deutschland\",\"description\":\"Die Welt auf R\u00e4dern | Globber.com\",\"publisher\":{\"@id\":\"https:\/\/www.globber.com\/de\/#organization\"},\"potentialAction\":[{\"@type\":\"SearchAction\",\"target\":{\"@type\":\"EntryPoint\",\"urlTemplate\":\"https:\/\/www.globber.com\/de\/?s={search_term_string}\"},\"query-input\":{\"@type\":\"PropertyValueSpecification\",\"valueRequired\":true,\"valueName\":\"search_term_string\"}}],\"inLanguage\":\"de\"},{\"@type\":\"Organization\",\"@id\":\"https:\/\/www.globber.com\/de\/#organization\",\"name\":\"Globber Deutschland\",\"url\":\"https:\/\/www.globber.com\/de\/\",\"logo\":{\"@type\":\"ImageObject\",\"inLanguage\":\"de\",\"@id\":\"https:\/\/www.globber.com\/de\/#\/schema\/logo\/image\/\",\"url\":\"https:\/\/cdn.globber.com\/content\/sites\/13\/2024\/05\/logo.svg\",\"contentUrl\":\"https:\/\/cdn.globber.com\/content\/sites\/13\/2024\/05\/logo.svg\",\"width\":601,\"height\":112,\"caption\":\"Globber Deutschland\"},\"image\":{\"@id\":\"https:\/\/www.globber.com\/de\/#\/schema\/logo\/image\/\"}}]}<\/script>\n<meta property=\"og:availability\" content=\"instock\" \/>\n<meta property=\"product:availability\" content=\"instock\" \/>\n<meta property=\"product:retailer_item_id\" content=\"697-XXX\" \/>\n<meta property=\"product:condition\" content=\"new\" \/>\n<!-- \/ Yoast SEO Premium plugin. -->","yoast_head_json":{"title":"GO\u2022UP DELUXE LIGHTS ECOLOGIC 360\u00b0: 3-in-1-Scooter","description":"Nachhaltiger 3-in-1-Scooter mit Sitz und 360\u00b0-Elternlenkung aus recyceltem Kunststoff & Weizenstroh. F\u00fcr Kinder von 15 Monaten bis 9 Jahren.","robots":{"index":"index","follow":"follow","max-snippet":"max-snippet:-1","max-image-preview":"max-image-preview:large","max-video-preview":"max-video-preview:-1"},"canonical":"https:\/\/www.globber.com\/de\/product\/goup-deluxe-lights-ecologic-360\/","og_locale":"de_DE","og_type":"article","og_title":"GO\u2022UP DELUXE LIGHTS ECOLOGIC 360\u00b0: 3-in-1-Scooter","og_description":"Nachhaltiger 3-in-1-Scooter mit Sitz und 360\u00b0-Elternlenkung aus recyceltem Kunststoff & Weizenstroh. F\u00fcr Kinder von 15 Monaten bis 9 Jahren.","og_url":"https:\/\/www.globber.com\/de\/product\/goup-deluxe-lights-ecologic-360\/","og_site_name":"Globber Deutschland","article_modified_time":"2026-05-13T14:01:11+00:00","og_image":[{"width":2048,"height":2048,"url":"https:\/\/cdn.globber.com\/content\/sites\/13\/2025\/06\/go-up-deluxe-lights-eco-360%C2%B0.jpg","type":"image\/jpeg"}],"twitter_card":"summary_large_image","twitter_misc":{"Availability":"In stock"},"schema":{"@context":"https:\/\/schema.org","@graph":[{"@type":["WebPage","ItemPage"],"@id":"https:\/\/www.globber.com\/de\/product\/goup-deluxe-lights-ecologic-360\/","url":"https:\/\/www.globber.com\/de\/product\/goup-deluxe-lights-ecologic-360\/","name":"GO\u2022UP DELUXE LIGHTS ECOLOGIC 360\u00b0: 3-in-1-Scooter","isPartOf":{"@id":"https:\/\/www.globber.com\/de\/#website"},"primaryImageOfPage":{"@id":"https:\/\/www.globber.com\/de\/product\/goup-deluxe-lights-ecologic-360\/#primaryimage"},"image":{"@id":"https:\/\/www.globber.com\/de\/product\/goup-deluxe-lights-ecologic-360\/#primaryimage"},"thumbnailUrl":"https:\/\/cdn.globber.com\/content\/sites\/13\/2025\/06\/go-up-deluxe-lights-eco-360%C2%B0.jpg","datePublished":"2025-06-11T08:52:20+00:00","dateModified":"2026-05-13T14:01:11+00:00","description":"Nachhaltiger 3-in-1-Scooter mit Sitz und 360\u00b0-Elternlenkung aus recyceltem Kunststoff & Weizenstroh. F\u00fcr Kinder von 15 Monaten bis 9 Jahren.","breadcrumb":{"@id":"https:\/\/www.globber.com\/de\/product\/goup-deluxe-lights-ecologic-360\/#breadcrumb"},"inLanguage":"de","potentialAction":[{"@type":"ReadAction","target":["https:\/\/www.globber.com\/de\/product\/goup-deluxe-lights-ecologic-360\/"]}]},{"@type":"ImageObject","inLanguage":"de","@id":"https:\/\/www.globber.com\/de\/product\/goup-deluxe-lights-ecologic-360\/#primaryimage","url":"https:\/\/cdn.globber.com\/content\/sites\/13\/2025\/06\/go-up-deluxe-lights-eco-360%C2%B0.jpg","contentUrl":"https:\/\/cdn.globber.com\/content\/sites\/13\/2025\/06\/go-up-deluxe-lights-eco-360%C2%B0.jpg","width":2048,"height":2048},{"@type":"BreadcrumbList","@id":"https:\/\/www.globber.com\/de\/product\/goup-deluxe-lights-ecologic-360\/#breadcrumb","itemListElement":[{"@type":"ListItem","position":1,"name":"Alle Produkte","item":"https:\/\/www.globber.com\/de\/shop-by-product\/"},{"@type":"ListItem","position":2,"name":"GO\u2022UP DELUXE LIGHTS ECOLOGIC 360\u00b0"}]},{"@type":"WebSite","@id":"https:\/\/www.globber.com\/de\/#website","url":"https:\/\/www.globber.com\/de\/","name":"Globber Deutschland","description":"Die Welt auf R\u00e4dern | Globber.com","publisher":{"@id":"https:\/\/www.globber.com\/de\/#organization"},"potentialAction":[{"@type":"SearchAction","target":{"@type":"EntryPoint","urlTemplate":"https:\/\/www.globber.com\/de\/?s={search_term_string}"},"query-input":{"@type":"PropertyValueSpecification","valueRequired":true,"valueName":"search_term_string"}}],"inLanguage":"de"},{"@type":"Organization","@id":"https:\/\/www.globber.com\/de\/#organization","name":"Globber Deutschland","url":"https:\/\/www.globber.com\/de\/","logo":{"@type":"ImageObject","inLanguage":"de","@id":"https:\/\/www.globber.com\/de\/#\/schema\/logo\/image\/","url":"https:\/\/cdn.globber.com\/content\/sites\/13\/2024\/05\/logo.svg","contentUrl":"https:\/\/cdn.globber.com\/content\/sites\/13\/2024\/05\/logo.svg","width":601,"height":112,"caption":"Globber Deutschland"},"image":{"@id":"https:\/\/www.globber.com\/de\/#\/schema\/logo\/image\/"}}]},"og_availability":"instock","product_availability":"instock","product_retailer_item_id":"697-XXX","product_condition":"new"},"_links":{"self":[{"href":"https:\/\/www.globber.com\/de\/wp-json\/wp\/v2\/product\/14680","targetHints":{"allow":["GET"]}}],"collection":[{"href":"https:\/\/www.globber.com\/de\/wp-json\/wp\/v2\/product"}],"about":[{"href":"https:\/\/www.globber.com\/de\/wp-json\/wp\/v2\/types\/product"}],"replies":[{"embeddable":true,"href":"https:\/\/www.globber.com\/de\/wp-json\/wp\/v2\/comments?post=14680"}],"wp:featuredmedia":[{"embeddable":true,"href":"https:\/\/www.globber.com\/de\/wp-json\/wp\/v2\/media\/16843"}],"wp:attachment":[{"href":"https:\/\/www.globber.com\/de\/wp-json\/wp\/v2\/media?parent=14680"}],"wp:term":[{"taxonomy":"product-special-badges","embeddable":true,"href":"https:\/\/www.globber.com\/de\/wp-json\/wp\/v2\/product-special-badges?post=14680"},{"taxonomy":"product_brand","embeddable":true,"href":"https:\/\/www.globber.com\/de\/wp-json\/wp\/v2\/product_brand?post=14680"},{"taxonomy":"product_cat","embeddable":true,"href":"https:\/\/www.globber.com\/de\/wp-json\/wp\/v2\/product_cat?post=14680"},{"taxonomy":"product_tag","embeddable":true,"href":"https:\/\/www.globber.com\/de\/wp-json\/wp\/v2\/product_tag?post=14680"}],"curies":[{"name":"wp","href":"https:\/\/api.w.org\/{rel}","templated":true}]}}