{"id":14684,"date":"2025-06-11T10:51:53","date_gmt":"2025-06-11T08:51:53","guid":{"rendered":"https:\/\/www.globber.com\/de\/?post_type=product&#038;p=14684"},"modified":"2026-05-13T12:08:18","modified_gmt":"2026-05-13T10:08:18","slug":"goup-deluxe-lights-360","status":"publish","type":"product","link":"https:\/\/www.globber.com\/de\/product\/goup-deluxe-lights-360\/","title":{"rendered":"GO\u2022UP DELUXE LIGHTS 360\u00b0"},"content":{"rendered":"<p data-start=\"167\" data-end=\"233\"><strong data-start=\"167\" data-end=\"233\">Bereit f\u00fcr jedes Abenteuer \u2013 mit dem GO\u2022UP DELUXE LIGHTS 360\u00b0!<\/strong><\/p>\n<p data-start=\"235\" data-end=\"633\">Dieses vielseitige 3-in-1-Fahrzeug f\u00fcr Kleinkinder und Kinder w\u00e4chst mit und passt sich flexibel an jede Entwicklungsphase an. Ob als Aufsitzfahrzeug, Laufrad oder klassischer 3-Rad-Roller: Der <strong>GO\u2022UP DELUXE LIGHTS 360\u00b0<\/strong> begleitet dein Kind ab 15 Monaten bis ins Schulalter \u2013 f\u00fcr viele Jahre voller Bewegung und Fahrspa\u00df.<\/p>\n<p data-start=\"635\" data-end=\"1071\">Dank der patentierten 360\u00b0-Elternlenkung steuerst du dein Kind im Aufsitzmodus ganz bequem durch jede Kurve \u2013 perfekt f\u00fcr entspannte Spazierg\u00e4nge auf unebenen oder engen Wegen. Der Scooter punktet zudem mit cleveren Features wie einem patentierten Klappmechanismus, werkzeuglosem Umbau, einem patentierten Lenkungssperrsystem zum Balancelernen und einem verstellbaren Sitz sowie 4-fach h\u00f6henverstellbarer Lenkstange.<\/p>\n<p data-start=\"1073\" data-end=\"1264\">Ein echtes Highlight: Die batterielosen LED-Leuchtr\u00e4der sowie das integrierte LED-Lichtmodul sorgen f\u00fcr leuchtenden Fahrspa\u00df bei jeder Fahrt \u2013 ganz ohne Batterien, nur durch Bewegung.<\/p>\n<p data-start=\"1266\" data-end=\"1621\">Nachhaltigkeit trifft auf Qualit\u00e4t: Der<strong> GO\u2022UP DELUXE LIGHTS 360\u00b0<\/strong> besteht zu 42\u202f% aus recyceltem Kunststoff, zertifiziert nach dem Global Recycled Standard (GRS). Durch die Wiederverwertung von Materialien wie Flaschen, Fischernetzen und alten Spielzeugen tragen wir aktiv zur Reduzierung von Abfall und zur F\u00f6rderung einer Kreislaufwirtschaft bei.<\/p>\n<p data-start=\"1623\" data-end=\"1706\">Ein Scooter, der mitw\u00e4chst, leuchtet \u2013 und Gutes tut.<\/p>\n<p data-start=\"1623\" data-end=\"1706\"><strong>GO GLOBBER. GO GREENER.<\/strong><\/p>\n","protected":false},"excerpt":{"rendered":"<div class=\"product-details__excerpt order-2\">\n<ul>\n<li>360\u00b0-Lenkmodul<\/li>\n<li>3-fach verstellbarer Sitz,<\/li>\n<li>4-fach verstellbare Lenkstange,<\/li>\n<li>LED-Leuchtr\u00e4der<\/li>\n<\/ul>\n<\/div>\n","protected":false},"featured_media":16845,"comment_status":"open","ping_status":"closed","template":"","meta":{"_acf_changed":false,"inline_featured_image":false},"product-special-badges":[],"product_brand":[],"product_cat":[4270,1696,3560,4170,1247],"product_tag":[],"class_list":{"0":"post-14684","1":"product","2":"type-product","3":"status-publish","4":"has-post-thumbnail","6":"product_cat-go-up-360-product-list","7":"product_cat-faltbare-roller","8":"product_cat-umbaubare-fahrzeuge","9":"product_cat-go-up-360-collection","10":"product_cat-go-up-serie","11":"pa_age-range-ab-3-jahren","12":"pa_age-range-ab-4-jahren","13":"pa_age-range-ab-5-jahren","14":"pa_age-range-ab-15-monaten","15":"pa_age-range-ab-2-jahren","16":"pa_color-mint","17":"pa_color-pastel-pink","18":"pa_color-black","19":"pa_ean-4143","20":"pa_ean-4144","21":"pa_ean-4145","22":"pa_foldable-yes","23":"pa_maximales-benutzergewicht-20-kg-aufsitz-laufradmodus-50-kg-scootermodus","24":"pa_product-type-aufsitzfahrzeug","25":"pa_product-type-laufrad","26":"pa_produktkategorie-umbaubarer-roller","27":"pa_recommended-user-height-75-130cm","28":"pa_series-go-up-serie","29":"pa_t-bar-4-fach-hoehenverstellbar","30":"pa_umbaubar-ja","32":"first","33":"instock","34":"taxable","35":"shipping-taxable","36":"purchasable","37":"product-type-variable"},"bundled_by":[],"bundle_stock_status":"instock","bundle_stock_quantity":null,"bundle_virtual":false,"bundle_layout":"","bundle_add_to_cart_form_location":"","bundle_editable_in_cart":false,"bundle_sold_individually_context":"","bundle_item_grouping":"","bundle_min_size":"","bundle_max_size":"","bundled_items":[],"bundle_sell_ids":[],"acf":[],"yoast_head":"<!-- This site is optimized with the Yoast SEO Premium plugin v20.12 (Yoast SEO v23.4) - https:\/\/yoast.com\/wordpress\/plugins\/seo\/ -->\n<title>GO\u2022UP DELUXE LIGHTS 360\u00b0: 3-in-1 Scooter mit 360\u00b0-Lenkmodul<\/title>\n<meta name=\"description\" content=\"3-in-1-Fahrzeug mit 360\u00b0-Lenkmodul, batterielosen Leuchtr\u00e4dern, extrabreitem Sitz und 4-fach h\u00f6henverstellbarer Lenkstange (15 Monate bis 9 Jahre).\" \/>\n<meta name=\"robots\" content=\"index, follow, max-snippet:-1, max-image-preview:large, max-video-preview:-1\" \/>\n<link rel=\"canonical\" href=\"https:\/\/www.globber.com\/de\/product\/goup-deluxe-lights-360\/\" \/>\n<meta property=\"og:locale\" content=\"de_DE\" \/>\n<meta property=\"og:type\" content=\"article\" \/>\n<meta property=\"og:title\" content=\"GO\u2022UP DELUXE LIGHTS 360\u00b0: 3-in-1 Scooter mit 360\u00b0-Lenkmodul\" \/>\n<meta property=\"og:description\" content=\"3-in-1-Fahrzeug mit 360\u00b0-Lenkmodul, batterielosen Leuchtr\u00e4dern, extrabreitem Sitz und 4-fach h\u00f6henverstellbarer Lenkstange (15 Monate bis 9 Jahre).\" \/>\n<meta property=\"og:url\" content=\"https:\/\/www.globber.com\/de\/product\/goup-deluxe-lights-360\/\" \/>\n<meta property=\"og:site_name\" content=\"Globber Deutschland\" \/>\n<meta property=\"article:modified_time\" content=\"2026-05-13T10:08:18+00:00\" \/>\n<meta property=\"og:image\" content=\"https:\/\/cdn.globber.com\/content\/sites\/13\/2025\/06\/go-up-deluxe-lights-360%C2%B0.jpg\" \/>\n\t<meta property=\"og:image:width\" content=\"2048\" \/>\n\t<meta property=\"og:image:height\" content=\"2048\" \/>\n\t<meta property=\"og:image:type\" content=\"image\/jpeg\" \/>\n<meta name=\"twitter:card\" content=\"summary_large_image\" \/>\n<meta name=\"twitter:label1\" content=\"Availability\" \/>\n\t<meta name=\"twitter:data1\" content=\"In stock\" \/>\n<script type=\"application\/ld+json\" class=\"yoast-schema-graph\">{\"@context\":\"https:\/\/schema.org\",\"@graph\":[{\"@type\":[\"WebPage\",\"ItemPage\"],\"@id\":\"https:\/\/www.globber.com\/de\/product\/goup-deluxe-lights-360\/\",\"url\":\"https:\/\/www.globber.com\/de\/product\/goup-deluxe-lights-360\/\",\"name\":\"GO\u2022UP DELUXE LIGHTS 360\u00b0: 3-in-1 Scooter mit 360\u00b0-Lenkmodul\",\"isPartOf\":{\"@id\":\"https:\/\/www.globber.com\/de\/#website\"},\"primaryImageOfPage\":{\"@id\":\"https:\/\/www.globber.com\/de\/product\/goup-deluxe-lights-360\/#primaryimage\"},\"image\":{\"@id\":\"https:\/\/www.globber.com\/de\/product\/goup-deluxe-lights-360\/#primaryimage\"},\"thumbnailUrl\":\"https:\/\/cdn.globber.com\/content\/sites\/13\/2025\/06\/go-up-deluxe-lights-360%C2%B0.jpg\",\"datePublished\":\"2025-06-11T08:51:53+00:00\",\"dateModified\":\"2026-05-13T10:08:18+00:00\",\"description\":\"3-in-1-Fahrzeug mit 360\u00b0-Lenkmodul, batterielosen Leuchtr\u00e4dern, extrabreitem Sitz und 4-fach h\u00f6henverstellbarer Lenkstange (15 Monate bis 9 Jahre).\",\"breadcrumb\":{\"@id\":\"https:\/\/www.globber.com\/de\/product\/goup-deluxe-lights-360\/#breadcrumb\"},\"inLanguage\":\"de\",\"potentialAction\":[{\"@type\":\"ReadAction\",\"target\":[\"https:\/\/www.globber.com\/de\/product\/goup-deluxe-lights-360\/\"]}]},{\"@type\":\"ImageObject\",\"inLanguage\":\"de\",\"@id\":\"https:\/\/www.globber.com\/de\/product\/goup-deluxe-lights-360\/#primaryimage\",\"url\":\"https:\/\/cdn.globber.com\/content\/sites\/13\/2025\/06\/go-up-deluxe-lights-360%C2%B0.jpg\",\"contentUrl\":\"https:\/\/cdn.globber.com\/content\/sites\/13\/2025\/06\/go-up-deluxe-lights-360%C2%B0.jpg\",\"width\":2048,\"height\":2048},{\"@type\":\"BreadcrumbList\",\"@id\":\"https:\/\/www.globber.com\/de\/product\/goup-deluxe-lights-360\/#breadcrumb\",\"itemListElement\":[{\"@type\":\"ListItem\",\"position\":1,\"name\":\"Alle Produkte\",\"item\":\"https:\/\/www.globber.com\/de\/shop-by-product\/\"},{\"@type\":\"ListItem\",\"position\":2,\"name\":\"GO\u2022UP DELUXE LIGHTS 360\u00b0\"}]},{\"@type\":\"WebSite\",\"@id\":\"https:\/\/www.globber.com\/de\/#website\",\"url\":\"https:\/\/www.globber.com\/de\/\",\"name\":\"Globber Deutschland\",\"description\":\"Die Welt auf R\u00e4dern | Globber.com\",\"publisher\":{\"@id\":\"https:\/\/www.globber.com\/de\/#organization\"},\"potentialAction\":[{\"@type\":\"SearchAction\",\"target\":{\"@type\":\"EntryPoint\",\"urlTemplate\":\"https:\/\/www.globber.com\/de\/?s={search_term_string}\"},\"query-input\":{\"@type\":\"PropertyValueSpecification\",\"valueRequired\":true,\"valueName\":\"search_term_string\"}}],\"inLanguage\":\"de\"},{\"@type\":\"Organization\",\"@id\":\"https:\/\/www.globber.com\/de\/#organization\",\"name\":\"Globber Deutschland\",\"url\":\"https:\/\/www.globber.com\/de\/\",\"logo\":{\"@type\":\"ImageObject\",\"inLanguage\":\"de\",\"@id\":\"https:\/\/www.globber.com\/de\/#\/schema\/logo\/image\/\",\"url\":\"https:\/\/cdn.globber.com\/content\/sites\/13\/2024\/05\/logo.svg\",\"contentUrl\":\"https:\/\/cdn.globber.com\/content\/sites\/13\/2024\/05\/logo.svg\",\"width\":601,\"height\":112,\"caption\":\"Globber Deutschland\"},\"image\":{\"@id\":\"https:\/\/www.globber.com\/de\/#\/schema\/logo\/image\/\"}}]}<\/script>\n<meta property=\"og:availability\" content=\"instock\" \/>\n<meta property=\"product:availability\" content=\"instock\" \/>\n<meta property=\"product:retailer_item_id\" content=\"699-XXX\" \/>\n<meta property=\"product:condition\" content=\"new\" \/>\n<!-- \/ Yoast SEO Premium plugin. -->","yoast_head_json":{"title":"GO\u2022UP DELUXE LIGHTS 360\u00b0: 3-in-1 Scooter mit 360\u00b0-Lenkmodul","description":"3-in-1-Fahrzeug mit 360\u00b0-Lenkmodul, batterielosen Leuchtr\u00e4dern, extrabreitem Sitz und 4-fach h\u00f6henverstellbarer Lenkstange (15 Monate bis 9 Jahre).","robots":{"index":"index","follow":"follow","max-snippet":"max-snippet:-1","max-image-preview":"max-image-preview:large","max-video-preview":"max-video-preview:-1"},"canonical":"https:\/\/www.globber.com\/de\/product\/goup-deluxe-lights-360\/","og_locale":"de_DE","og_type":"article","og_title":"GO\u2022UP DELUXE LIGHTS 360\u00b0: 3-in-1 Scooter mit 360\u00b0-Lenkmodul","og_description":"3-in-1-Fahrzeug mit 360\u00b0-Lenkmodul, batterielosen Leuchtr\u00e4dern, extrabreitem Sitz und 4-fach h\u00f6henverstellbarer Lenkstange (15 Monate bis 9 Jahre).","og_url":"https:\/\/www.globber.com\/de\/product\/goup-deluxe-lights-360\/","og_site_name":"Globber Deutschland","article_modified_time":"2026-05-13T10:08:18+00:00","og_image":[{"width":2048,"height":2048,"url":"https:\/\/cdn.globber.com\/content\/sites\/13\/2025\/06\/go-up-deluxe-lights-360%C2%B0.jpg","type":"image\/jpeg"}],"twitter_card":"summary_large_image","twitter_misc":{"Availability":"In stock"},"schema":{"@context":"https:\/\/schema.org","@graph":[{"@type":["WebPage","ItemPage"],"@id":"https:\/\/www.globber.com\/de\/product\/goup-deluxe-lights-360\/","url":"https:\/\/www.globber.com\/de\/product\/goup-deluxe-lights-360\/","name":"GO\u2022UP DELUXE LIGHTS 360\u00b0: 3-in-1 Scooter mit 360\u00b0-Lenkmodul","isPartOf":{"@id":"https:\/\/www.globber.com\/de\/#website"},"primaryImageOfPage":{"@id":"https:\/\/www.globber.com\/de\/product\/goup-deluxe-lights-360\/#primaryimage"},"image":{"@id":"https:\/\/www.globber.com\/de\/product\/goup-deluxe-lights-360\/#primaryimage"},"thumbnailUrl":"https:\/\/cdn.globber.com\/content\/sites\/13\/2025\/06\/go-up-deluxe-lights-360%C2%B0.jpg","datePublished":"2025-06-11T08:51:53+00:00","dateModified":"2026-05-13T10:08:18+00:00","description":"3-in-1-Fahrzeug mit 360\u00b0-Lenkmodul, batterielosen Leuchtr\u00e4dern, extrabreitem Sitz und 4-fach h\u00f6henverstellbarer Lenkstange (15 Monate bis 9 Jahre).","breadcrumb":{"@id":"https:\/\/www.globber.com\/de\/product\/goup-deluxe-lights-360\/#breadcrumb"},"inLanguage":"de","potentialAction":[{"@type":"ReadAction","target":["https:\/\/www.globber.com\/de\/product\/goup-deluxe-lights-360\/"]}]},{"@type":"ImageObject","inLanguage":"de","@id":"https:\/\/www.globber.com\/de\/product\/goup-deluxe-lights-360\/#primaryimage","url":"https:\/\/cdn.globber.com\/content\/sites\/13\/2025\/06\/go-up-deluxe-lights-360%C2%B0.jpg","contentUrl":"https:\/\/cdn.globber.com\/content\/sites\/13\/2025\/06\/go-up-deluxe-lights-360%C2%B0.jpg","width":2048,"height":2048},{"@type":"BreadcrumbList","@id":"https:\/\/www.globber.com\/de\/product\/goup-deluxe-lights-360\/#breadcrumb","itemListElement":[{"@type":"ListItem","position":1,"name":"Alle Produkte","item":"https:\/\/www.globber.com\/de\/shop-by-product\/"},{"@type":"ListItem","position":2,"name":"GO\u2022UP DELUXE LIGHTS 360\u00b0"}]},{"@type":"WebSite","@id":"https:\/\/www.globber.com\/de\/#website","url":"https:\/\/www.globber.com\/de\/","name":"Globber Deutschland","description":"Die Welt auf R\u00e4dern | Globber.com","publisher":{"@id":"https:\/\/www.globber.com\/de\/#organization"},"potentialAction":[{"@type":"SearchAction","target":{"@type":"EntryPoint","urlTemplate":"https:\/\/www.globber.com\/de\/?s={search_term_string}"},"query-input":{"@type":"PropertyValueSpecification","valueRequired":true,"valueName":"search_term_string"}}],"inLanguage":"de"},{"@type":"Organization","@id":"https:\/\/www.globber.com\/de\/#organization","name":"Globber Deutschland","url":"https:\/\/www.globber.com\/de\/","logo":{"@type":"ImageObject","inLanguage":"de","@id":"https:\/\/www.globber.com\/de\/#\/schema\/logo\/image\/","url":"https:\/\/cdn.globber.com\/content\/sites\/13\/2024\/05\/logo.svg","contentUrl":"https:\/\/cdn.globber.com\/content\/sites\/13\/2024\/05\/logo.svg","width":601,"height":112,"caption":"Globber Deutschland"},"image":{"@id":"https:\/\/www.globber.com\/de\/#\/schema\/logo\/image\/"}}]},"og_availability":"instock","product_availability":"instock","product_retailer_item_id":"699-XXX","product_condition":"new"},"_links":{"self":[{"href":"https:\/\/www.globber.com\/de\/wp-json\/wp\/v2\/product\/14684","targetHints":{"allow":["GET"]}}],"collection":[{"href":"https:\/\/www.globber.com\/de\/wp-json\/wp\/v2\/product"}],"about":[{"href":"https:\/\/www.globber.com\/de\/wp-json\/wp\/v2\/types\/product"}],"replies":[{"embeddable":true,"href":"https:\/\/www.globber.com\/de\/wp-json\/wp\/v2\/comments?post=14684"}],"wp:featuredmedia":[{"embeddable":true,"href":"https:\/\/www.globber.com\/de\/wp-json\/wp\/v2\/media\/16845"}],"wp:attachment":[{"href":"https:\/\/www.globber.com\/de\/wp-json\/wp\/v2\/media?parent=14684"}],"wp:term":[{"taxonomy":"product-special-badges","embeddable":true,"href":"https:\/\/www.globber.com\/de\/wp-json\/wp\/v2\/product-special-badges?post=14684"},{"taxonomy":"product_brand","embeddable":true,"href":"https:\/\/www.globber.com\/de\/wp-json\/wp\/v2\/product_brand?post=14684"},{"taxonomy":"product_cat","embeddable":true,"href":"https:\/\/www.globber.com\/de\/wp-json\/wp\/v2\/product_cat?post=14684"},{"taxonomy":"product_tag","embeddable":true,"href":"https:\/\/www.globber.com\/de\/wp-json\/wp\/v2\/product_tag?post=14684"}],"curies":[{"name":"wp","href":"https:\/\/api.w.org\/{rel}","templated":true}]}}