{"id":14690,"date":"2025-06-11T10:51:26","date_gmt":"2025-06-11T08:51:26","guid":{"rendered":"https:\/\/www.globber.com\/de\/?post_type=product&#038;p=14690"},"modified":"2026-04-14T03:01:33","modified_gmt":"2026-04-14T01:01:33","slug":"globber-junior-foldable-lights-mit-leuchtrollen","status":"publish","type":"product","link":"https:\/\/www.globber.com\/de\/product\/globber-junior-foldable-lights-mit-leuchtrollen\/","title":{"rendered":"JUNIOR FOLDABLE LIGHTS"},"content":{"rendered":"<p data-start=\"52\" data-end=\"409\">Der <strong data-start=\"52\" data-end=\"128\">JUNIOR FOLDABLE LIGHTS<\/strong> Kinderroller wurde speziell f\u00fcr die Kleinsten entwickelt und verbindet kindgerechtes Design mit smarter Technik. Das breite, extra niedrige Deck, die batterielosen LED-R\u00e4der und der verstellbare Lenker sorgen f\u00fcr Stabilit\u00e4t und Sicherheit beim ersten Fahrspa\u00df.<\/p>\n<p data-start=\"411\" data-end=\"692\">Dank patentiertem Lenk- und Klappsystem mit einfachem Druckknopf ist der Scooter im Handumdrehen zusammengeklappt und \u00fcberallhin mitgenommen \u2013 perfekt f\u00fcr aktive Familien.<br data-start=\"582\" data-end=\"585\" \/><br \/>\nDer <strong>JUNIOR FOLDABLE LIGHTS<\/strong> ist der ideale Einstieg in die Scooterwelt: sicher, bunt und voller Abenteuer!<\/p>\n","protected":false},"excerpt":{"rendered":"<ul>\n<li>3-fach h\u00f6henverstellbare Lenkstange,<\/li>\n<li>One-Click-System,<\/li>\n<li>LED-Leuchtr\u00e4der<\/li>\n<\/ul>\n","protected":false},"featured_media":16847,"comment_status":"open","ping_status":"closed","template":"","meta":{"_acf_changed":false,"inline_featured_image":false},"product-special-badges":[],"product_brand":[],"product_cat":[1696,1694,1691,1679,1630,15],"product_tag":[],"class_list":{"0":"post-14690","1":"product","2":"type-product","3":"status-publish","4":"has-post-thumbnail","6":"product_cat-faltbare-roller","7":"product_cat-light-up-scooter","8":"product_cat-3-rad-scooter-fuer-alle-altersgruppen","9":"product_cat-junior-serie","10":"product_cat-kleinkind-scooter-trikes-balance-bikes-2","11":"product_cat-roller-kleinkinder","12":"pa_age-range-ab-3-jahren","13":"pa_age-range-ab-4-jahren","14":"pa_age-range-ab-5-jahren","15":"pa_age-range-ab-2-jahren","16":"pa_color-fuchsia","17":"pa_color-navy-blue","18":"pa_color-mint","19":"pa_color-pastel-pink","20":"pa_ean-3268","21":"pa_ean-3272","22":"pa_ean-4146","23":"pa_ean-4147","24":"pa_foldable-yes","25":"pa_maximales-benutzergewicht-50kg","26":"pa_product-type-3-rad-scooter","27":"pa_produktkategorie-roller","28":"pa_recommended-user-height-85-110cm","29":"pa_series-junior-serie","30":"pa_t-bar-3-fach-hoehenverstellbar","32":"first","33":"instock","34":"taxable","35":"shipping-taxable","36":"purchasable","37":"product-type-variable"},"bundled_by":[],"bundle_stock_status":"instock","bundle_stock_quantity":null,"bundle_virtual":false,"bundle_layout":"","bundle_add_to_cart_form_location":"","bundle_editable_in_cart":false,"bundle_sold_individually_context":"","bundle_item_grouping":"","bundle_min_size":"","bundle_max_size":"","bundled_items":[],"bundle_sell_ids":[],"acf":[],"yoast_head":"<!-- This site is optimized with the Yoast SEO Premium plugin v20.12 (Yoast SEO v23.4) - https:\/\/yoast.com\/wordpress\/plugins\/seo\/ -->\n<title>JUNIOR FOLDABLE LIGHTS: Faltbarer 3-Rad-Scooter<\/title>\n<meta name=\"description\" content=\"Erlebe grenzenlosen Fahrspa\u00df mit dem beleuchteten Kleinkind-Scooter \u2013 hell, kompakt faltbar und immer bereit f\u00fcr neue Abenteuer auf drei R\u00e4dern!\" \/>\n<meta name=\"robots\" content=\"index, follow, max-snippet:-1, max-image-preview:large, max-video-preview:-1\" \/>\n<link rel=\"canonical\" href=\"https:\/\/www.globber.com\/de\/product\/globber-junior-foldable-lights-mit-leuchtrollen\/\" \/>\n<meta property=\"og:locale\" content=\"de_DE\" \/>\n<meta property=\"og:type\" content=\"article\" \/>\n<meta property=\"og:title\" content=\"JUNIOR FOLDABLE LIGHTS: Faltbarer 3-Rad-Scooter\" \/>\n<meta property=\"og:description\" content=\"Erlebe grenzenlosen Fahrspa\u00df mit dem beleuchteten Kleinkind-Scooter \u2013 hell, kompakt faltbar und immer bereit f\u00fcr neue Abenteuer auf drei R\u00e4dern!\" \/>\n<meta property=\"og:url\" content=\"https:\/\/www.globber.com\/de\/product\/globber-junior-foldable-lights-mit-leuchtrollen\/\" \/>\n<meta property=\"og:site_name\" content=\"Globber Deutschland\" \/>\n<meta property=\"article:modified_time\" content=\"2026-04-14T01:01:33+00:00\" \/>\n<meta property=\"og:image\" content=\"https:\/\/cdn.globber.com\/content\/sites\/13\/2025\/06\/junior-foldable-lights.jpg\" \/>\n\t<meta property=\"og:image:width\" content=\"2048\" \/>\n\t<meta property=\"og:image:height\" content=\"2048\" \/>\n\t<meta property=\"og:image:type\" content=\"image\/jpeg\" \/>\n<meta name=\"twitter:card\" content=\"summary_large_image\" \/>\n<meta name=\"twitter:label1\" content=\"Availability\" \/>\n\t<meta name=\"twitter:data1\" content=\"In stock\" \/>\n<script type=\"application\/ld+json\" class=\"yoast-schema-graph\">{\"@context\":\"https:\/\/schema.org\",\"@graph\":[{\"@type\":[\"WebPage\",\"ItemPage\"],\"@id\":\"https:\/\/www.globber.com\/de\/product\/globber-junior-foldable-lights-mit-leuchtrollen\/\",\"url\":\"https:\/\/www.globber.com\/de\/product\/globber-junior-foldable-lights-mit-leuchtrollen\/\",\"name\":\"JUNIOR FOLDABLE LIGHTS: Faltbarer 3-Rad-Scooter\",\"isPartOf\":{\"@id\":\"https:\/\/www.globber.com\/de\/#website\"},\"primaryImageOfPage\":{\"@id\":\"https:\/\/www.globber.com\/de\/product\/globber-junior-foldable-lights-mit-leuchtrollen\/#primaryimage\"},\"image\":{\"@id\":\"https:\/\/www.globber.com\/de\/product\/globber-junior-foldable-lights-mit-leuchtrollen\/#primaryimage\"},\"thumbnailUrl\":\"https:\/\/cdn.globber.com\/content\/sites\/13\/2025\/06\/junior-foldable-lights.jpg\",\"datePublished\":\"2025-06-11T08:51:26+00:00\",\"dateModified\":\"2026-04-14T01:01:33+00:00\",\"description\":\"Erlebe grenzenlosen Fahrspa\u00df mit dem beleuchteten Kleinkind-Scooter \u2013 hell, kompakt faltbar und immer bereit f\u00fcr neue Abenteuer auf drei R\u00e4dern!\",\"breadcrumb\":{\"@id\":\"https:\/\/www.globber.com\/de\/product\/globber-junior-foldable-lights-mit-leuchtrollen\/#breadcrumb\"},\"inLanguage\":\"de\",\"potentialAction\":[{\"@type\":\"ReadAction\",\"target\":[\"https:\/\/www.globber.com\/de\/product\/globber-junior-foldable-lights-mit-leuchtrollen\/\"]}]},{\"@type\":\"ImageObject\",\"inLanguage\":\"de\",\"@id\":\"https:\/\/www.globber.com\/de\/product\/globber-junior-foldable-lights-mit-leuchtrollen\/#primaryimage\",\"url\":\"https:\/\/cdn.globber.com\/content\/sites\/13\/2025\/06\/junior-foldable-lights.jpg\",\"contentUrl\":\"https:\/\/cdn.globber.com\/content\/sites\/13\/2025\/06\/junior-foldable-lights.jpg\",\"width\":2048,\"height\":2048},{\"@type\":\"BreadcrumbList\",\"@id\":\"https:\/\/www.globber.com\/de\/product\/globber-junior-foldable-lights-mit-leuchtrollen\/#breadcrumb\",\"itemListElement\":[{\"@type\":\"ListItem\",\"position\":1,\"name\":\"Alle Produkte\",\"item\":\"https:\/\/www.globber.com\/de\/shop-by-product\/\"},{\"@type\":\"ListItem\",\"position\":2,\"name\":\"JUNIOR FOLDABLE LIGHTS\"}]},{\"@type\":\"WebSite\",\"@id\":\"https:\/\/www.globber.com\/de\/#website\",\"url\":\"https:\/\/www.globber.com\/de\/\",\"name\":\"Globber Deutschland\",\"description\":\"Die Welt auf R\u00e4dern | Globber.com\",\"publisher\":{\"@id\":\"https:\/\/www.globber.com\/de\/#organization\"},\"potentialAction\":[{\"@type\":\"SearchAction\",\"target\":{\"@type\":\"EntryPoint\",\"urlTemplate\":\"https:\/\/www.globber.com\/de\/?s={search_term_string}\"},\"query-input\":{\"@type\":\"PropertyValueSpecification\",\"valueRequired\":true,\"valueName\":\"search_term_string\"}}],\"inLanguage\":\"de\"},{\"@type\":\"Organization\",\"@id\":\"https:\/\/www.globber.com\/de\/#organization\",\"name\":\"Globber Deutschland\",\"url\":\"https:\/\/www.globber.com\/de\/\",\"logo\":{\"@type\":\"ImageObject\",\"inLanguage\":\"de\",\"@id\":\"https:\/\/www.globber.com\/de\/#\/schema\/logo\/image\/\",\"url\":\"https:\/\/cdn.globber.com\/content\/sites\/13\/2024\/05\/logo.svg\",\"contentUrl\":\"https:\/\/cdn.globber.com\/content\/sites\/13\/2024\/05\/logo.svg\",\"width\":601,\"height\":112,\"caption\":\"Globber Deutschland\"},\"image\":{\"@id\":\"https:\/\/www.globber.com\/de\/#\/schema\/logo\/image\/\"}}]}<\/script>\n<meta property=\"og:availability\" content=\"instock\" \/>\n<meta property=\"product:availability\" content=\"instock\" \/>\n<meta property=\"product:retailer_item_id\" content=\"437-XXX-2\" \/>\n<meta property=\"product:condition\" content=\"new\" \/>\n<!-- \/ Yoast SEO Premium plugin. -->","yoast_head_json":{"title":"JUNIOR FOLDABLE LIGHTS: Faltbarer 3-Rad-Scooter","description":"Erlebe grenzenlosen Fahrspa\u00df mit dem beleuchteten Kleinkind-Scooter \u2013 hell, kompakt faltbar und immer bereit f\u00fcr neue Abenteuer auf drei R\u00e4dern!","robots":{"index":"index","follow":"follow","max-snippet":"max-snippet:-1","max-image-preview":"max-image-preview:large","max-video-preview":"max-video-preview:-1"},"canonical":"https:\/\/www.globber.com\/de\/product\/globber-junior-foldable-lights-mit-leuchtrollen\/","og_locale":"de_DE","og_type":"article","og_title":"JUNIOR FOLDABLE LIGHTS: Faltbarer 3-Rad-Scooter","og_description":"Erlebe grenzenlosen Fahrspa\u00df mit dem beleuchteten Kleinkind-Scooter \u2013 hell, kompakt faltbar und immer bereit f\u00fcr neue Abenteuer auf drei R\u00e4dern!","og_url":"https:\/\/www.globber.com\/de\/product\/globber-junior-foldable-lights-mit-leuchtrollen\/","og_site_name":"Globber Deutschland","article_modified_time":"2026-04-14T01:01:33+00:00","og_image":[{"width":2048,"height":2048,"url":"https:\/\/cdn.globber.com\/content\/sites\/13\/2025\/06\/junior-foldable-lights.jpg","type":"image\/jpeg"}],"twitter_card":"summary_large_image","twitter_misc":{"Availability":"In stock"},"schema":{"@context":"https:\/\/schema.org","@graph":[{"@type":["WebPage","ItemPage"],"@id":"https:\/\/www.globber.com\/de\/product\/globber-junior-foldable-lights-mit-leuchtrollen\/","url":"https:\/\/www.globber.com\/de\/product\/globber-junior-foldable-lights-mit-leuchtrollen\/","name":"JUNIOR FOLDABLE LIGHTS: Faltbarer 3-Rad-Scooter","isPartOf":{"@id":"https:\/\/www.globber.com\/de\/#website"},"primaryImageOfPage":{"@id":"https:\/\/www.globber.com\/de\/product\/globber-junior-foldable-lights-mit-leuchtrollen\/#primaryimage"},"image":{"@id":"https:\/\/www.globber.com\/de\/product\/globber-junior-foldable-lights-mit-leuchtrollen\/#primaryimage"},"thumbnailUrl":"https:\/\/cdn.globber.com\/content\/sites\/13\/2025\/06\/junior-foldable-lights.jpg","datePublished":"2025-06-11T08:51:26+00:00","dateModified":"2026-04-14T01:01:33+00:00","description":"Erlebe grenzenlosen Fahrspa\u00df mit dem beleuchteten Kleinkind-Scooter \u2013 hell, kompakt faltbar und immer bereit f\u00fcr neue Abenteuer auf drei R\u00e4dern!","breadcrumb":{"@id":"https:\/\/www.globber.com\/de\/product\/globber-junior-foldable-lights-mit-leuchtrollen\/#breadcrumb"},"inLanguage":"de","potentialAction":[{"@type":"ReadAction","target":["https:\/\/www.globber.com\/de\/product\/globber-junior-foldable-lights-mit-leuchtrollen\/"]}]},{"@type":"ImageObject","inLanguage":"de","@id":"https:\/\/www.globber.com\/de\/product\/globber-junior-foldable-lights-mit-leuchtrollen\/#primaryimage","url":"https:\/\/cdn.globber.com\/content\/sites\/13\/2025\/06\/junior-foldable-lights.jpg","contentUrl":"https:\/\/cdn.globber.com\/content\/sites\/13\/2025\/06\/junior-foldable-lights.jpg","width":2048,"height":2048},{"@type":"BreadcrumbList","@id":"https:\/\/www.globber.com\/de\/product\/globber-junior-foldable-lights-mit-leuchtrollen\/#breadcrumb","itemListElement":[{"@type":"ListItem","position":1,"name":"Alle Produkte","item":"https:\/\/www.globber.com\/de\/shop-by-product\/"},{"@type":"ListItem","position":2,"name":"JUNIOR FOLDABLE LIGHTS"}]},{"@type":"WebSite","@id":"https:\/\/www.globber.com\/de\/#website","url":"https:\/\/www.globber.com\/de\/","name":"Globber Deutschland","description":"Die Welt auf R\u00e4dern | Globber.com","publisher":{"@id":"https:\/\/www.globber.com\/de\/#organization"},"potentialAction":[{"@type":"SearchAction","target":{"@type":"EntryPoint","urlTemplate":"https:\/\/www.globber.com\/de\/?s={search_term_string}"},"query-input":{"@type":"PropertyValueSpecification","valueRequired":true,"valueName":"search_term_string"}}],"inLanguage":"de"},{"@type":"Organization","@id":"https:\/\/www.globber.com\/de\/#organization","name":"Globber Deutschland","url":"https:\/\/www.globber.com\/de\/","logo":{"@type":"ImageObject","inLanguage":"de","@id":"https:\/\/www.globber.com\/de\/#\/schema\/logo\/image\/","url":"https:\/\/cdn.globber.com\/content\/sites\/13\/2024\/05\/logo.svg","contentUrl":"https:\/\/cdn.globber.com\/content\/sites\/13\/2024\/05\/logo.svg","width":601,"height":112,"caption":"Globber Deutschland"},"image":{"@id":"https:\/\/www.globber.com\/de\/#\/schema\/logo\/image\/"}}]},"og_availability":"instock","product_availability":"instock","product_retailer_item_id":"437-XXX-2","product_condition":"new"},"_links":{"self":[{"href":"https:\/\/www.globber.com\/de\/wp-json\/wp\/v2\/product\/14690","targetHints":{"allow":["GET"]}}],"collection":[{"href":"https:\/\/www.globber.com\/de\/wp-json\/wp\/v2\/product"}],"about":[{"href":"https:\/\/www.globber.com\/de\/wp-json\/wp\/v2\/types\/product"}],"replies":[{"embeddable":true,"href":"https:\/\/www.globber.com\/de\/wp-json\/wp\/v2\/comments?post=14690"}],"wp:featuredmedia":[{"embeddable":true,"href":"https:\/\/www.globber.com\/de\/wp-json\/wp\/v2\/media\/16847"}],"wp:attachment":[{"href":"https:\/\/www.globber.com\/de\/wp-json\/wp\/v2\/media?parent=14690"}],"wp:term":[{"taxonomy":"product-special-badges","embeddable":true,"href":"https:\/\/www.globber.com\/de\/wp-json\/wp\/v2\/product-special-badges?post=14690"},{"taxonomy":"product_brand","embeddable":true,"href":"https:\/\/www.globber.com\/de\/wp-json\/wp\/v2\/product_brand?post=14690"},{"taxonomy":"product_cat","embeddable":true,"href":"https:\/\/www.globber.com\/de\/wp-json\/wp\/v2\/product_cat?post=14690"},{"taxonomy":"product_tag","embeddable":true,"href":"https:\/\/www.globber.com\/de\/wp-json\/wp\/v2\/product_tag?post=14690"}],"curies":[{"name":"wp","href":"https:\/\/api.w.org\/{rel}","templated":true}]}}