{"id":14704,"date":"2025-06-11T10:49:44","date_gmt":"2025-06-11T08:49:44","guid":{"rendered":"https:\/\/www.globber.com\/de\/?post_type=product&#038;p=14704"},"modified":"2026-04-30T12:41:46","modified_gmt":"2026-04-30T10:41:46","slug":"globber-primo-foldable-lights-mit-leuchtrollen","status":"publish","type":"product","link":"https:\/\/www.globber.com\/de\/product\/globber-primo-foldable-lights-mit-leuchtrollen\/","title":{"rendered":"PRIMO FOLDABLE LIGHTS"},"content":{"rendered":"<p data-start=\"335\" data-end=\"688\">Der <strong data-start=\"339\" data-end=\"364\">PRIMO FOLDABLE LIGHTS<\/strong> ist der ideale 3-Rad-Scooter mit LED-R\u00e4dern f\u00fcr Kinder von 3 bis\u00a0 7+ Jahren. Mit seinem durchdachten Design, dem patentierten Lenkungssperrsystem, der 3-fach h\u00f6henverstellbaren Lenkstange und den batterielosen Leuchtr\u00e4dern bietet er alles, was kleine Abenteurer f\u00fcr sicheres und spa\u00dfiges Scootern brauchen.<\/p>\n<p data-start=\"690\" data-end=\"1060\">Die LED-Vorderr\u00e4der leuchten durch kinetische Energie \u2013 je schneller dein Kind f\u00e4hrt, desto heller blinken sie in bunten Farben. Gleichzeitig unterst\u00fctzt das Lenkungssperrsystem beim sicheren Erlernen von Balance und Koordination. Sobald das n\u00f6tige Selbstvertrauen da ist, kann die Sperre gel\u00f6st werden \u2013 und schon geht\u2019s los mit dem echten Lean-to-Steer-Fahrgef\u00fchl.<\/p>\n<p data-start=\"1062\" data-end=\"1367\">Dank des praktischen Klappmechanismus l\u00e4sst sich der Scooter ganz einfach zusammenklappen und transportieren \u2013 perfekt f\u00fcr unterwegs, den Kindergarten oder kleine Wohnr\u00e4ume. Der <strong>PRIMO FOLDABLE LIGHTS<\/strong> ist ein robuster, mitwachsender Kinderroller, der Spa\u00df, Sicherheit und Style auf drei R\u00e4dern vereint.<\/p>\n","protected":false},"excerpt":{"rendered":"<ul>\n<li>3-fach h\u00f6henverstellbare Lenkstange,<\/li>\n<li>One-Click-Klappsystem,<\/li>\n<li>LED-Leuchtr\u00e4der<\/li>\n<\/ul>\n","protected":false},"featured_media":14409,"comment_status":"open","ping_status":"closed","template":"","meta":{"_acf_changed":false,"inline_featured_image":false},"product-special-badges":[],"product_brand":[],"product_cat":[1681],"product_tag":[],"class_list":{"0":"post-14704","1":"product","2":"type-product","3":"status-publish","4":"has-post-thumbnail","6":"product_cat-primo-serie","7":"pa_age-range-ab-3-jahren","8":"pa_age-range-ab-4-jahren","9":"pa_age-range-ab-5-jahren","10":"pa_age-range-ab-6-jahren","11":"pa_color-mint","12":"pa_color-pastel-pink","13":"pa_ean-4149","14":"pa_ean-4150","15":"pa_foldable-yes","16":"pa_maximales-benutzergewicht-50kg","17":"pa_product-type-3-rad-scooter","18":"pa_produktkategorie-roller","19":"pa_recommended-user-height-95-120cm","20":"pa_series-primo-serie","21":"pa_t-bar-3-fach-hoehenverstellbar","23":"first","24":"instock","25":"taxable","26":"shipping-taxable","27":"purchasable","28":"product-type-variable"},"bundled_by":[],"bundle_stock_status":"instock","bundle_stock_quantity":null,"bundle_virtual":false,"bundle_layout":"","bundle_add_to_cart_form_location":"","bundle_editable_in_cart":false,"bundle_sold_individually_context":"","bundle_item_grouping":"","bundle_min_size":"","bundle_max_size":"","bundled_items":[],"bundle_sell_ids":[],"acf":[],"yoast_head":"<!-- This site is optimized with the Yoast SEO Premium plugin v20.12 (Yoast SEO v23.4) - https:\/\/yoast.com\/wordpress\/plugins\/seo\/ -->\n<title>PRIMO FOLDABLE LIGHTS: Faltbarer 3-Rad-Leuchtroller<\/title>\n<meta name=\"description\" content=\"3-Rad-Kinderroller mit LED-Leuchtr\u00e4dern, patentierter Lenkverriegelung, h\u00f6henverstellbarer Lenkstange und praktischem Klappsystem\" \/>\n<meta name=\"robots\" content=\"index, follow, max-snippet:-1, max-image-preview:large, max-video-preview:-1\" \/>\n<link rel=\"canonical\" href=\"https:\/\/www.globber.com\/de\/product\/globber-primo-foldable-lights-mit-leuchtrollen\/\" \/>\n<meta property=\"og:locale\" content=\"de_DE\" \/>\n<meta property=\"og:type\" content=\"article\" \/>\n<meta property=\"og:title\" content=\"PRIMO FOLDABLE LIGHTS: Faltbarer 3-Rad-Leuchtroller\" \/>\n<meta property=\"og:description\" content=\"3-Rad-Kinderroller mit LED-Leuchtr\u00e4dern, patentierter Lenkverriegelung, h\u00f6henverstellbarer Lenkstange und praktischem Klappsystem\" \/>\n<meta property=\"og:url\" content=\"https:\/\/www.globber.com\/de\/product\/globber-primo-foldable-lights-mit-leuchtrollen\/\" \/>\n<meta property=\"og:site_name\" content=\"Globber Deutschland\" \/>\n<meta property=\"article:modified_time\" content=\"2026-04-30T10:41:46+00:00\" \/>\n<meta property=\"og:image\" content=\"https:\/\/cdn.globber.com\/content\/sites\/13\/2025\/06\/683e5841e37c3.jpg\" \/>\n\t<meta property=\"og:image:width\" content=\"2048\" \/>\n\t<meta property=\"og:image:height\" content=\"2048\" \/>\n\t<meta property=\"og:image:type\" content=\"image\/jpeg\" \/>\n<meta name=\"twitter:card\" content=\"summary_large_image\" \/>\n<meta name=\"twitter:label1\" content=\"Availability\" \/>\n\t<meta name=\"twitter:data1\" content=\"In stock\" \/>\n<script type=\"application\/ld+json\" class=\"yoast-schema-graph\">{\"@context\":\"https:\/\/schema.org\",\"@graph\":[{\"@type\":[\"WebPage\",\"ItemPage\"],\"@id\":\"https:\/\/www.globber.com\/de\/product\/globber-primo-foldable-lights-mit-leuchtrollen\/\",\"url\":\"https:\/\/www.globber.com\/de\/product\/globber-primo-foldable-lights-mit-leuchtrollen\/\",\"name\":\"PRIMO FOLDABLE LIGHTS: Faltbarer 3-Rad-Leuchtroller\",\"isPartOf\":{\"@id\":\"https:\/\/www.globber.com\/de\/#website\"},\"primaryImageOfPage\":{\"@id\":\"https:\/\/www.globber.com\/de\/product\/globber-primo-foldable-lights-mit-leuchtrollen\/#primaryimage\"},\"image\":{\"@id\":\"https:\/\/www.globber.com\/de\/product\/globber-primo-foldable-lights-mit-leuchtrollen\/#primaryimage\"},\"thumbnailUrl\":\"https:\/\/cdn.globber.com\/content\/sites\/13\/2025\/06\/683e5841e37c3.jpg\",\"datePublished\":\"2025-06-11T08:49:44+00:00\",\"dateModified\":\"2026-04-30T10:41:46+00:00\",\"description\":\"3-Rad-Kinderroller mit LED-Leuchtr\u00e4dern, patentierter Lenkverriegelung, h\u00f6henverstellbarer Lenkstange und praktischem Klappsystem\",\"breadcrumb\":{\"@id\":\"https:\/\/www.globber.com\/de\/product\/globber-primo-foldable-lights-mit-leuchtrollen\/#breadcrumb\"},\"inLanguage\":\"de\",\"potentialAction\":[{\"@type\":\"ReadAction\",\"target\":[\"https:\/\/www.globber.com\/de\/product\/globber-primo-foldable-lights-mit-leuchtrollen\/\"]}]},{\"@type\":\"ImageObject\",\"inLanguage\":\"de\",\"@id\":\"https:\/\/www.globber.com\/de\/product\/globber-primo-foldable-lights-mit-leuchtrollen\/#primaryimage\",\"url\":\"https:\/\/cdn.globber.com\/content\/sites\/13\/2025\/06\/683e5841e37c3.jpg\",\"contentUrl\":\"https:\/\/cdn.globber.com\/content\/sites\/13\/2025\/06\/683e5841e37c3.jpg\",\"width\":2048,\"height\":2048},{\"@type\":\"BreadcrumbList\",\"@id\":\"https:\/\/www.globber.com\/de\/product\/globber-primo-foldable-lights-mit-leuchtrollen\/#breadcrumb\",\"itemListElement\":[{\"@type\":\"ListItem\",\"position\":1,\"name\":\"Alle Produkte\",\"item\":\"https:\/\/www.globber.com\/de\/shop-by-product\/\"},{\"@type\":\"ListItem\",\"position\":2,\"name\":\"PRIMO FOLDABLE LIGHTS\"}]},{\"@type\":\"WebSite\",\"@id\":\"https:\/\/www.globber.com\/de\/#website\",\"url\":\"https:\/\/www.globber.com\/de\/\",\"name\":\"Globber Deutschland\",\"description\":\"Die Welt auf R\u00e4dern | Globber.com\",\"publisher\":{\"@id\":\"https:\/\/www.globber.com\/de\/#organization\"},\"potentialAction\":[{\"@type\":\"SearchAction\",\"target\":{\"@type\":\"EntryPoint\",\"urlTemplate\":\"https:\/\/www.globber.com\/de\/?s={search_term_string}\"},\"query-input\":{\"@type\":\"PropertyValueSpecification\",\"valueRequired\":true,\"valueName\":\"search_term_string\"}}],\"inLanguage\":\"de\"},{\"@type\":\"Organization\",\"@id\":\"https:\/\/www.globber.com\/de\/#organization\",\"name\":\"Globber Deutschland\",\"url\":\"https:\/\/www.globber.com\/de\/\",\"logo\":{\"@type\":\"ImageObject\",\"inLanguage\":\"de\",\"@id\":\"https:\/\/www.globber.com\/de\/#\/schema\/logo\/image\/\",\"url\":\"https:\/\/cdn.globber.com\/content\/sites\/13\/2024\/05\/logo.svg\",\"contentUrl\":\"https:\/\/cdn.globber.com\/content\/sites\/13\/2024\/05\/logo.svg\",\"width\":601,\"height\":112,\"caption\":\"Globber Deutschland\"},\"image\":{\"@id\":\"https:\/\/www.globber.com\/de\/#\/schema\/logo\/image\/\"}}]}<\/script>\n<meta property=\"og:availability\" content=\"instock\" \/>\n<meta property=\"product:availability\" content=\"instock\" \/>\n<meta property=\"product:retailer_item_id\" content=\"432-XXX-3\" \/>\n<meta property=\"product:condition\" content=\"new\" \/>\n<!-- \/ Yoast SEO Premium plugin. -->","yoast_head_json":{"title":"PRIMO FOLDABLE LIGHTS: Faltbarer 3-Rad-Leuchtroller","description":"3-Rad-Kinderroller mit LED-Leuchtr\u00e4dern, patentierter Lenkverriegelung, h\u00f6henverstellbarer Lenkstange und praktischem Klappsystem","robots":{"index":"index","follow":"follow","max-snippet":"max-snippet:-1","max-image-preview":"max-image-preview:large","max-video-preview":"max-video-preview:-1"},"canonical":"https:\/\/www.globber.com\/de\/product\/globber-primo-foldable-lights-mit-leuchtrollen\/","og_locale":"de_DE","og_type":"article","og_title":"PRIMO FOLDABLE LIGHTS: Faltbarer 3-Rad-Leuchtroller","og_description":"3-Rad-Kinderroller mit LED-Leuchtr\u00e4dern, patentierter Lenkverriegelung, h\u00f6henverstellbarer Lenkstange und praktischem Klappsystem","og_url":"https:\/\/www.globber.com\/de\/product\/globber-primo-foldable-lights-mit-leuchtrollen\/","og_site_name":"Globber Deutschland","article_modified_time":"2026-04-30T10:41:46+00:00","og_image":[{"width":2048,"height":2048,"url":"https:\/\/cdn.globber.com\/content\/sites\/13\/2025\/06\/683e5841e37c3.jpg","type":"image\/jpeg"}],"twitter_card":"summary_large_image","twitter_misc":{"Availability":"In stock"},"schema":{"@context":"https:\/\/schema.org","@graph":[{"@type":["WebPage","ItemPage"],"@id":"https:\/\/www.globber.com\/de\/product\/globber-primo-foldable-lights-mit-leuchtrollen\/","url":"https:\/\/www.globber.com\/de\/product\/globber-primo-foldable-lights-mit-leuchtrollen\/","name":"PRIMO FOLDABLE LIGHTS: Faltbarer 3-Rad-Leuchtroller","isPartOf":{"@id":"https:\/\/www.globber.com\/de\/#website"},"primaryImageOfPage":{"@id":"https:\/\/www.globber.com\/de\/product\/globber-primo-foldable-lights-mit-leuchtrollen\/#primaryimage"},"image":{"@id":"https:\/\/www.globber.com\/de\/product\/globber-primo-foldable-lights-mit-leuchtrollen\/#primaryimage"},"thumbnailUrl":"https:\/\/cdn.globber.com\/content\/sites\/13\/2025\/06\/683e5841e37c3.jpg","datePublished":"2025-06-11T08:49:44+00:00","dateModified":"2026-04-30T10:41:46+00:00","description":"3-Rad-Kinderroller mit LED-Leuchtr\u00e4dern, patentierter Lenkverriegelung, h\u00f6henverstellbarer Lenkstange und praktischem Klappsystem","breadcrumb":{"@id":"https:\/\/www.globber.com\/de\/product\/globber-primo-foldable-lights-mit-leuchtrollen\/#breadcrumb"},"inLanguage":"de","potentialAction":[{"@type":"ReadAction","target":["https:\/\/www.globber.com\/de\/product\/globber-primo-foldable-lights-mit-leuchtrollen\/"]}]},{"@type":"ImageObject","inLanguage":"de","@id":"https:\/\/www.globber.com\/de\/product\/globber-primo-foldable-lights-mit-leuchtrollen\/#primaryimage","url":"https:\/\/cdn.globber.com\/content\/sites\/13\/2025\/06\/683e5841e37c3.jpg","contentUrl":"https:\/\/cdn.globber.com\/content\/sites\/13\/2025\/06\/683e5841e37c3.jpg","width":2048,"height":2048},{"@type":"BreadcrumbList","@id":"https:\/\/www.globber.com\/de\/product\/globber-primo-foldable-lights-mit-leuchtrollen\/#breadcrumb","itemListElement":[{"@type":"ListItem","position":1,"name":"Alle Produkte","item":"https:\/\/www.globber.com\/de\/shop-by-product\/"},{"@type":"ListItem","position":2,"name":"PRIMO FOLDABLE LIGHTS"}]},{"@type":"WebSite","@id":"https:\/\/www.globber.com\/de\/#website","url":"https:\/\/www.globber.com\/de\/","name":"Globber Deutschland","description":"Die Welt auf R\u00e4dern | Globber.com","publisher":{"@id":"https:\/\/www.globber.com\/de\/#organization"},"potentialAction":[{"@type":"SearchAction","target":{"@type":"EntryPoint","urlTemplate":"https:\/\/www.globber.com\/de\/?s={search_term_string}"},"query-input":{"@type":"PropertyValueSpecification","valueRequired":true,"valueName":"search_term_string"}}],"inLanguage":"de"},{"@type":"Organization","@id":"https:\/\/www.globber.com\/de\/#organization","name":"Globber Deutschland","url":"https:\/\/www.globber.com\/de\/","logo":{"@type":"ImageObject","inLanguage":"de","@id":"https:\/\/www.globber.com\/de\/#\/schema\/logo\/image\/","url":"https:\/\/cdn.globber.com\/content\/sites\/13\/2024\/05\/logo.svg","contentUrl":"https:\/\/cdn.globber.com\/content\/sites\/13\/2024\/05\/logo.svg","width":601,"height":112,"caption":"Globber Deutschland"},"image":{"@id":"https:\/\/www.globber.com\/de\/#\/schema\/logo\/image\/"}}]},"og_availability":"instock","product_availability":"instock","product_retailer_item_id":"432-XXX-3","product_condition":"new"},"_links":{"self":[{"href":"https:\/\/www.globber.com\/de\/wp-json\/wp\/v2\/product\/14704","targetHints":{"allow":["GET"]}}],"collection":[{"href":"https:\/\/www.globber.com\/de\/wp-json\/wp\/v2\/product"}],"about":[{"href":"https:\/\/www.globber.com\/de\/wp-json\/wp\/v2\/types\/product"}],"replies":[{"embeddable":true,"href":"https:\/\/www.globber.com\/de\/wp-json\/wp\/v2\/comments?post=14704"}],"wp:featuredmedia":[{"embeddable":true,"href":"https:\/\/www.globber.com\/de\/wp-json\/wp\/v2\/media\/14409"}],"wp:attachment":[{"href":"https:\/\/www.globber.com\/de\/wp-json\/wp\/v2\/media?parent=14704"}],"wp:term":[{"taxonomy":"product-special-badges","embeddable":true,"href":"https:\/\/www.globber.com\/de\/wp-json\/wp\/v2\/product-special-badges?post=14704"},{"taxonomy":"product_brand","embeddable":true,"href":"https:\/\/www.globber.com\/de\/wp-json\/wp\/v2\/product_brand?post=14704"},{"taxonomy":"product_cat","embeddable":true,"href":"https:\/\/www.globber.com\/de\/wp-json\/wp\/v2\/product_cat?post=14704"},{"taxonomy":"product_tag","embeddable":true,"href":"https:\/\/www.globber.com\/de\/wp-json\/wp\/v2\/product_tag?post=14704"}],"curies":[{"name":"wp","href":"https:\/\/api.w.org\/{rel}","templated":true}]}}