{"id":14710,"date":"2025-06-11T11:03:39","date_gmt":"2025-06-11T09:03:39","guid":{"rendered":"https:\/\/www.globber.com\/de\/?post_type=product&#038;p=14710"},"modified":"2026-04-14T03:01:33","modified_gmt":"2026-04-14T01:01:33","slug":"elite-lights","status":"publish","type":"product","link":"https:\/\/www.globber.com\/de\/product\/elite-lights\/","title":{"rendered":"ELITE LIGHTS"},"content":{"rendered":"<p>Der <strong>ELITE LIGHTS<\/strong> ist dein hochwertiger 3-Rad-Scooter f\u00fcr Kinder von 3-9+ Jahren. Sicher, langlebig und top im Preis-Leistungs-Verh\u00e4ltnis.<\/p>\n<p>Die wei\u00dfen, batteriefreien LED-Vorderr\u00e4der leuchten dynamo-betrieben umso heller, je schneller du f\u00e4hrst, und sorgen f\u00fcr zus\u00e4tzlichen Spa\u00df und Sichtbarkeit. Dank 4-fach h\u00f6henverstellbarer T-Lenkstange (68-83 cm) w\u00e4chst der Scooter mit, w\u00e4hrend das patentierte Lenkschlosssystem beim Balance-Training unterst\u00fctzt.<\/p>\n<p>F\u00fcr einfachen Transport und platzsparende Aufbewahrung klappt das patentierte Klappsystem den <strong>ELITE LIGHTS<\/strong> mit einem Knopfdruck zusammen.<\/p>\n<p>Umweltbewusst 25-28 % GRS-Recyclingkunststoff f\u00fcr nachhaltiges Fahrvergn\u00fcgen!<\/p>\n","protected":false},"excerpt":{"rendered":"<ul>\n<li>4-fach h\u00f6henverstellbare Lenkstange,<\/li>\n<li>One-Click-Klappsystem,<\/li>\n<li>LED-Leuchtr\u00e4der<\/li>\n<\/ul>\n","protected":false},"featured_media":16824,"comment_status":"closed","ping_status":"closed","template":"","meta":{"_acf_changed":false,"inline_featured_image":false},"product-special-badges":[],"product_brand":[],"product_cat":[4291,1691,1682],"product_tag":[],"class_list":{"0":"post-14710","1":"product","2":"type-product","3":"status-publish","4":"has-post-thumbnail","6":"product_cat-3-rad-scooter-fuer-kinder","7":"product_cat-3-rad-scooter-fuer-alle-altersgruppen","8":"product_cat-elite-serie","9":"pa_age-range-ab-3-jahren","10":"pa_age-range-ab-4-jahren","11":"pa_age-range-ab-5-jahren","12":"pa_age-range-ab-6-jahren","13":"pa_age-range-ab-7-jahren","14":"pa_color-apple-green","15":"pa_color-dark-purple","16":"pa_color-dark-mint","17":"pa_color-fuchsia","18":"pa_color-navy-blue","19":"pa_color-pastel-pink","20":"pa_color-emerald-green","21":"pa_ean-3749","22":"pa_ean-3751","23":"pa_ean-3753","24":"pa_ean-3755","25":"pa_ean-3757","26":"pa_ean-3759","27":"pa_ean-3761","28":"pa_foldable-yes","29":"pa_maximales-benutzergewicht-50kg","30":"pa_product-type-3-rad-scooter","31":"pa_produktkategorie-roller","32":"pa_recommended-user-height-95-130cm","33":"pa_series-elite-serie","34":"pa_t-bar-4-fach-hoehenverstellbar","36":"first","37":"instock","38":"taxable","39":"shipping-taxable","40":"purchasable","41":"product-type-variable"},"bundled_by":[],"bundle_stock_status":"instock","bundle_stock_quantity":null,"bundle_virtual":false,"bundle_layout":"","bundle_add_to_cart_form_location":"","bundle_editable_in_cart":false,"bundle_sold_individually_context":"","bundle_item_grouping":"","bundle_min_size":"","bundle_max_size":"","bundled_items":[],"bundle_sell_ids":[],"acf":[],"yoast_head":"<!-- This site is optimized with the Yoast SEO Premium plugin v20.12 (Yoast SEO v23.4) - https:\/\/yoast.com\/wordpress\/plugins\/seo\/ -->\n<title>ELITE LIGHTS: LED-Scooter mit patentiertem Klappmechanismus<\/title>\n<meta name=\"description\" content=\"Der Globber Elite Lights ist ein 3-Rad-Kinderscooter mit LED-Rollen, Klappmechanismus &amp; h\u00f6henverstellbarem Lenker \u2013 ideal f\u00fcr Kinder von 3 bis 9+ Jahren.\" \/>\n<meta name=\"robots\" content=\"index, follow, max-snippet:-1, max-image-preview:large, max-video-preview:-1\" \/>\n<link rel=\"canonical\" href=\"https:\/\/www.globber.com\/de\/product\/elite-lights\/\" \/>\n<meta property=\"og:locale\" content=\"de_DE\" \/>\n<meta property=\"og:type\" content=\"article\" \/>\n<meta property=\"og:title\" content=\"ELITE LIGHTS: LED-Scooter mit patentiertem Klappmechanismus\" \/>\n<meta property=\"og:description\" content=\"Der Globber Elite Lights ist ein 3-Rad-Kinderscooter mit LED-Rollen, Klappmechanismus &amp; h\u00f6henverstellbarem Lenker \u2013 ideal f\u00fcr Kinder von 3 bis 9+ Jahren.\" \/>\n<meta property=\"og:url\" content=\"https:\/\/www.globber.com\/de\/product\/elite-lights\/\" \/>\n<meta property=\"og:site_name\" content=\"Globber Deutschland\" \/>\n<meta property=\"article:modified_time\" content=\"2026-04-14T01:01:33+00:00\" \/>\n<meta property=\"og:image\" content=\"https:\/\/cdn.globber.com\/content\/sites\/13\/2025\/06\/elite-lights.jpg\" \/>\n\t<meta property=\"og:image:width\" content=\"2048\" \/>\n\t<meta property=\"og:image:height\" content=\"2048\" \/>\n\t<meta property=\"og:image:type\" content=\"image\/jpeg\" \/>\n<meta name=\"twitter:card\" content=\"summary_large_image\" \/>\n<meta name=\"twitter:label1\" content=\"Availability\" \/>\n\t<meta name=\"twitter:data1\" content=\"In stock\" \/>\n<script type=\"application\/ld+json\" class=\"yoast-schema-graph\">{\"@context\":\"https:\/\/schema.org\",\"@graph\":[{\"@type\":[\"WebPage\",\"ItemPage\"],\"@id\":\"https:\/\/www.globber.com\/de\/product\/elite-lights\/\",\"url\":\"https:\/\/www.globber.com\/de\/product\/elite-lights\/\",\"name\":\"ELITE LIGHTS: LED-Scooter mit patentiertem Klappmechanismus\",\"isPartOf\":{\"@id\":\"https:\/\/www.globber.com\/de\/#website\"},\"primaryImageOfPage\":{\"@id\":\"https:\/\/www.globber.com\/de\/product\/elite-lights\/#primaryimage\"},\"image\":{\"@id\":\"https:\/\/www.globber.com\/de\/product\/elite-lights\/#primaryimage\"},\"thumbnailUrl\":\"https:\/\/cdn.globber.com\/content\/sites\/13\/2025\/06\/elite-lights.jpg\",\"datePublished\":\"2025-06-11T09:03:39+00:00\",\"dateModified\":\"2026-04-14T01:01:33+00:00\",\"description\":\"Der Globber Elite Lights ist ein 3-Rad-Kinderscooter mit LED-Rollen, Klappmechanismus & h\u00f6henverstellbarem Lenker \u2013 ideal f\u00fcr Kinder von 3 bis 9+ Jahren.\",\"breadcrumb\":{\"@id\":\"https:\/\/www.globber.com\/de\/product\/elite-lights\/#breadcrumb\"},\"inLanguage\":\"de\",\"potentialAction\":[{\"@type\":\"ReadAction\",\"target\":[\"https:\/\/www.globber.com\/de\/product\/elite-lights\/\"]}]},{\"@type\":\"ImageObject\",\"inLanguage\":\"de\",\"@id\":\"https:\/\/www.globber.com\/de\/product\/elite-lights\/#primaryimage\",\"url\":\"https:\/\/cdn.globber.com\/content\/sites\/13\/2025\/06\/elite-lights.jpg\",\"contentUrl\":\"https:\/\/cdn.globber.com\/content\/sites\/13\/2025\/06\/elite-lights.jpg\",\"width\":2048,\"height\":2048},{\"@type\":\"BreadcrumbList\",\"@id\":\"https:\/\/www.globber.com\/de\/product\/elite-lights\/#breadcrumb\",\"itemListElement\":[{\"@type\":\"ListItem\",\"position\":1,\"name\":\"Alle Produkte\",\"item\":\"https:\/\/www.globber.com\/de\/shop-by-product\/\"},{\"@type\":\"ListItem\",\"position\":2,\"name\":\"ELITE LIGHTS\"}]},{\"@type\":\"WebSite\",\"@id\":\"https:\/\/www.globber.com\/de\/#website\",\"url\":\"https:\/\/www.globber.com\/de\/\",\"name\":\"Globber Deutschland\",\"description\":\"Die Welt auf R\u00e4dern | Globber.com\",\"publisher\":{\"@id\":\"https:\/\/www.globber.com\/de\/#organization\"},\"potentialAction\":[{\"@type\":\"SearchAction\",\"target\":{\"@type\":\"EntryPoint\",\"urlTemplate\":\"https:\/\/www.globber.com\/de\/?s={search_term_string}\"},\"query-input\":{\"@type\":\"PropertyValueSpecification\",\"valueRequired\":true,\"valueName\":\"search_term_string\"}}],\"inLanguage\":\"de\"},{\"@type\":\"Organization\",\"@id\":\"https:\/\/www.globber.com\/de\/#organization\",\"name\":\"Globber Deutschland\",\"url\":\"https:\/\/www.globber.com\/de\/\",\"logo\":{\"@type\":\"ImageObject\",\"inLanguage\":\"de\",\"@id\":\"https:\/\/www.globber.com\/de\/#\/schema\/logo\/image\/\",\"url\":\"https:\/\/cdn.globber.com\/content\/sites\/13\/2024\/05\/logo.svg\",\"contentUrl\":\"https:\/\/cdn.globber.com\/content\/sites\/13\/2024\/05\/logo.svg\",\"width\":601,\"height\":112,\"caption\":\"Globber Deutschland\"},\"image\":{\"@id\":\"https:\/\/www.globber.com\/de\/#\/schema\/logo\/image\/\"}}]}<\/script>\n<meta property=\"og:availability\" content=\"instock\" \/>\n<meta property=\"product:availability\" content=\"instock\" \/>\n<meta property=\"product:retailer_item_id\" content=\"439-XXX-3\" \/>\n<meta property=\"product:condition\" content=\"new\" \/>\n<!-- \/ Yoast SEO Premium plugin. -->","yoast_head_json":{"title":"ELITE LIGHTS: LED-Scooter mit patentiertem Klappmechanismus","description":"Der Globber Elite Lights ist ein 3-Rad-Kinderscooter mit LED-Rollen, Klappmechanismus & h\u00f6henverstellbarem Lenker \u2013 ideal f\u00fcr Kinder von 3 bis 9+ Jahren.","robots":{"index":"index","follow":"follow","max-snippet":"max-snippet:-1","max-image-preview":"max-image-preview:large","max-video-preview":"max-video-preview:-1"},"canonical":"https:\/\/www.globber.com\/de\/product\/elite-lights\/","og_locale":"de_DE","og_type":"article","og_title":"ELITE LIGHTS: LED-Scooter mit patentiertem Klappmechanismus","og_description":"Der Globber Elite Lights ist ein 3-Rad-Kinderscooter mit LED-Rollen, Klappmechanismus & h\u00f6henverstellbarem Lenker \u2013 ideal f\u00fcr Kinder von 3 bis 9+ Jahren.","og_url":"https:\/\/www.globber.com\/de\/product\/elite-lights\/","og_site_name":"Globber Deutschland","article_modified_time":"2026-04-14T01:01:33+00:00","og_image":[{"width":2048,"height":2048,"url":"https:\/\/cdn.globber.com\/content\/sites\/13\/2025\/06\/elite-lights.jpg","type":"image\/jpeg"}],"twitter_card":"summary_large_image","twitter_misc":{"Availability":"In stock"},"schema":{"@context":"https:\/\/schema.org","@graph":[{"@type":["WebPage","ItemPage"],"@id":"https:\/\/www.globber.com\/de\/product\/elite-lights\/","url":"https:\/\/www.globber.com\/de\/product\/elite-lights\/","name":"ELITE LIGHTS: LED-Scooter mit patentiertem Klappmechanismus","isPartOf":{"@id":"https:\/\/www.globber.com\/de\/#website"},"primaryImageOfPage":{"@id":"https:\/\/www.globber.com\/de\/product\/elite-lights\/#primaryimage"},"image":{"@id":"https:\/\/www.globber.com\/de\/product\/elite-lights\/#primaryimage"},"thumbnailUrl":"https:\/\/cdn.globber.com\/content\/sites\/13\/2025\/06\/elite-lights.jpg","datePublished":"2025-06-11T09:03:39+00:00","dateModified":"2026-04-14T01:01:33+00:00","description":"Der Globber Elite Lights ist ein 3-Rad-Kinderscooter mit LED-Rollen, Klappmechanismus & h\u00f6henverstellbarem Lenker \u2013 ideal f\u00fcr Kinder von 3 bis 9+ Jahren.","breadcrumb":{"@id":"https:\/\/www.globber.com\/de\/product\/elite-lights\/#breadcrumb"},"inLanguage":"de","potentialAction":[{"@type":"ReadAction","target":["https:\/\/www.globber.com\/de\/product\/elite-lights\/"]}]},{"@type":"ImageObject","inLanguage":"de","@id":"https:\/\/www.globber.com\/de\/product\/elite-lights\/#primaryimage","url":"https:\/\/cdn.globber.com\/content\/sites\/13\/2025\/06\/elite-lights.jpg","contentUrl":"https:\/\/cdn.globber.com\/content\/sites\/13\/2025\/06\/elite-lights.jpg","width":2048,"height":2048},{"@type":"BreadcrumbList","@id":"https:\/\/www.globber.com\/de\/product\/elite-lights\/#breadcrumb","itemListElement":[{"@type":"ListItem","position":1,"name":"Alle Produkte","item":"https:\/\/www.globber.com\/de\/shop-by-product\/"},{"@type":"ListItem","position":2,"name":"ELITE LIGHTS"}]},{"@type":"WebSite","@id":"https:\/\/www.globber.com\/de\/#website","url":"https:\/\/www.globber.com\/de\/","name":"Globber Deutschland","description":"Die Welt auf R\u00e4dern | Globber.com","publisher":{"@id":"https:\/\/www.globber.com\/de\/#organization"},"potentialAction":[{"@type":"SearchAction","target":{"@type":"EntryPoint","urlTemplate":"https:\/\/www.globber.com\/de\/?s={search_term_string}"},"query-input":{"@type":"PropertyValueSpecification","valueRequired":true,"valueName":"search_term_string"}}],"inLanguage":"de"},{"@type":"Organization","@id":"https:\/\/www.globber.com\/de\/#organization","name":"Globber Deutschland","url":"https:\/\/www.globber.com\/de\/","logo":{"@type":"ImageObject","inLanguage":"de","@id":"https:\/\/www.globber.com\/de\/#\/schema\/logo\/image\/","url":"https:\/\/cdn.globber.com\/content\/sites\/13\/2024\/05\/logo.svg","contentUrl":"https:\/\/cdn.globber.com\/content\/sites\/13\/2024\/05\/logo.svg","width":601,"height":112,"caption":"Globber Deutschland"},"image":{"@id":"https:\/\/www.globber.com\/de\/#\/schema\/logo\/image\/"}}]},"og_availability":"instock","product_availability":"instock","product_retailer_item_id":"439-XXX-3","product_condition":"new"},"_links":{"self":[{"href":"https:\/\/www.globber.com\/de\/wp-json\/wp\/v2\/product\/14710","targetHints":{"allow":["GET"]}}],"collection":[{"href":"https:\/\/www.globber.com\/de\/wp-json\/wp\/v2\/product"}],"about":[{"href":"https:\/\/www.globber.com\/de\/wp-json\/wp\/v2\/types\/product"}],"replies":[{"embeddable":true,"href":"https:\/\/www.globber.com\/de\/wp-json\/wp\/v2\/comments?post=14710"}],"wp:featuredmedia":[{"embeddable":true,"href":"https:\/\/www.globber.com\/de\/wp-json\/wp\/v2\/media\/16824"}],"wp:attachment":[{"href":"https:\/\/www.globber.com\/de\/wp-json\/wp\/v2\/media?parent=14710"}],"wp:term":[{"taxonomy":"product-special-badges","embeddable":true,"href":"https:\/\/www.globber.com\/de\/wp-json\/wp\/v2\/product-special-badges?post=14710"},{"taxonomy":"product_brand","embeddable":true,"href":"https:\/\/www.globber.com\/de\/wp-json\/wp\/v2\/product_brand?post=14710"},{"taxonomy":"product_cat","embeddable":true,"href":"https:\/\/www.globber.com\/de\/wp-json\/wp\/v2\/product_cat?post=14710"},{"taxonomy":"product_tag","embeddable":true,"href":"https:\/\/www.globber.com\/de\/wp-json\/wp\/v2\/product_tag?post=14710"}],"curies":[{"name":"wp","href":"https:\/\/api.w.org\/{rel}","templated":true}]}}