{"id":14724,"date":"2025-06-11T11:03:53","date_gmt":"2025-06-11T09:03:53","guid":{"rendered":"https:\/\/www.globber.com\/de\/?post_type=product&#038;p=14724"},"modified":"2026-05-12T03:02:31","modified_gmt":"2026-05-12T01:02:31","slug":"primo-plus-lights-mit-helm","status":"publish","type":"product","link":"https:\/\/www.globber.com\/de\/product\/primo-plus-lights-mit-helm\/","title":{"rendered":"PRIMO PLUS LIGHTS MIT HELM"},"content":{"rendered":"<p data-start=\"211\" data-end=\"490\">Der<strong data-start=\"215\" data-end=\"253\"> PRIMO PLUS LIGHTS MIT HELM<\/strong> ist das ideale 3-Rad-Scooter-Set f\u00fcr Kinder \u2013 stylisch, sicher und funktional in einem! Die wei\u00df blinkenden LED-Vorderr\u00e4der leuchten ganz ohne Batterien dank Dynamo-Technologie und sorgen f\u00fcr extra Sichtbarkeit und Spa\u00df beim Fahren.<\/p>\n<p data-start=\"492\" data-end=\"803\">Mit der 4-fach h\u00f6henverstellbaren Lenkstange (68\u201383\u202fcm), ergonomischen TPR-Griffen und der zuschaltbaren Lenkeinrastung lernen Kinder spielerisch das Gleichgewicht zu halten. Das verst\u00e4rkte, rutschfeste Trittbrett und die zuverl\u00e4ssige Hinterradbremse bieten dabei maximale Stabilit\u00e4t und Sicherheit.<\/p>\n<p data-start=\"805\" data-end=\"1058\">Passend zum Scooter ist der mitgelieferte Kinderhelm (Gr\u00f6\u00dfe XXS\/XS, 45\u201351\u202fcm) \u2013 ausgestattet mit einem LED-R\u00fccklicht (3 Modi), sto\u00dffester ABS-Schale, EPS-Innenschutz und einem verstellbaren Kopfbandsystem f\u00fcr optimalen Sitz und Tragekomfort.<\/p>\n<p data-start=\"1060\" data-end=\"1241\">Der <strong>PRIMO PLUS LIGHTS<\/strong>\u00a0eignet sich f\u00fcr Kinder ab ca. 3 Jahren und ist bis 50\u202fkg belastbar \u2013 perfekt f\u00fcr Alltag, Freizeit und die ersten gro\u00dfen Abenteuer auf drei R\u00e4dern.<\/p>\n","protected":false},"excerpt":{"rendered":"<ul>\n<li>4-fach h\u00f6henverstellbare Lenkstange,<\/li>\n<li>LED-Leuchtr\u00e4der,<\/li>\n<li>inkl. passendem Helm<\/li>\n<\/ul>\n","protected":false},"featured_media":18199,"comment_status":"open","ping_status":"closed","template":"","meta":{"_acf_changed":false,"inline_featured_image":false},"product-special-badges":[4172],"product_brand":[],"product_cat":[4291,4173,1691,1681],"product_tag":[],"class_list":{"0":"post-14724","1":"product","2":"type-product","3":"status-publish","4":"has-post-thumbnail","6":"product_cat-3-rad-scooter-fuer-kinder","7":"product_cat-sale","8":"product_cat-3-rad-scooter-fuer-alle-altersgruppen","9":"product_cat-primo-serie","10":"pa_age-range-ab-3-jahren","11":"pa_age-range-ab-4-jahren","12":"pa_age-range-ab-5-jahren","13":"pa_age-range-ab-6-jahren","14":"pa_age-range-ab-7-jahren","15":"pa_age-range-8y-to-adults","16":"pa_color-navy-blue","17":"pa_color-pastel-pink","18":"pa_ean-4153","19":"pa_ean-4152","20":"pa_foldable-no","21":"pa_maximales-benutzergewicht-50kg","22":"pa_product-type-3-rad-scooter","23":"pa_product-type-schutzausruestung","24":"pa_produktkategorie-roller","25":"pa_produktkategorie-schutzausruestung","26":"pa_recommended-user-height-95-130cm","27":"pa_series-primo-serie","28":"pa_t-bar-4-fach-hoehenverstellbar","30":"first","31":"instock","32":"sale","33":"taxable","34":"shipping-taxable","35":"purchasable","36":"product-type-variable"},"bundled_by":[],"bundle_stock_status":"instock","bundle_stock_quantity":null,"bundle_virtual":false,"bundle_layout":"","bundle_add_to_cart_form_location":"","bundle_editable_in_cart":false,"bundle_sold_individually_context":"","bundle_item_grouping":"","bundle_min_size":"","bundle_max_size":"","bundled_items":[],"bundle_sell_ids":[],"acf":[],"yoast_head":"<!-- This site is optimized with the Yoast SEO Premium plugin v20.12 (Yoast SEO v23.4) - https:\/\/yoast.com\/wordpress\/plugins\/seo\/ -->\n<title>PRIMO PLUS LIGHTS SET: Leuchtender Kinder-Scooter mit Helm<\/title>\n<meta name=\"description\" content=\"Stylischer 3-Rad-Scooter f\u00fcr Kinder ab 3 Jahren mit LED-Leuchtr\u00e4dern inkl. passendem Helm mit LED-R\u00fccklicht \u2013 f\u00fcr die ersten gro\u00dfen Abenteuer R\u00e4dern.\" \/>\n<meta name=\"robots\" content=\"index, follow, max-snippet:-1, max-image-preview:large, max-video-preview:-1\" \/>\n<link rel=\"canonical\" href=\"https:\/\/www.globber.com\/de\/product\/primo-plus-lights-mit-helm\/\" \/>\n<meta property=\"og:locale\" content=\"de_DE\" \/>\n<meta property=\"og:type\" content=\"article\" \/>\n<meta property=\"og:title\" content=\"PRIMO PLUS LIGHTS SET: Leuchtender Kinder-Scooter mit Helm\" \/>\n<meta property=\"og:description\" content=\"Stylischer 3-Rad-Scooter f\u00fcr Kinder ab 3 Jahren mit LED-Leuchtr\u00e4dern inkl. passendem Helm mit LED-R\u00fccklicht \u2013 f\u00fcr die ersten gro\u00dfen Abenteuer R\u00e4dern.\" \/>\n<meta property=\"og:url\" content=\"https:\/\/www.globber.com\/de\/product\/primo-plus-lights-mit-helm\/\" \/>\n<meta property=\"og:site_name\" content=\"Globber Deutschland\" \/>\n<meta property=\"article:modified_time\" content=\"2026-05-12T01:02:31+00:00\" \/>\n<meta property=\"og:image\" content=\"https:\/\/cdn.globber.com\/content\/sites\/13\/2025\/06\/PR-442.jpg\" \/>\n\t<meta property=\"og:image:width\" content=\"1280\" \/>\n\t<meta property=\"og:image:height\" content=\"1280\" \/>\n\t<meta property=\"og:image:type\" content=\"image\/jpeg\" \/>\n<meta name=\"twitter:card\" content=\"summary_large_image\" \/>\n<meta name=\"twitter:label1\" content=\"Availability\" \/>\n\t<meta name=\"twitter:data1\" content=\"In stock\" \/>\n<script type=\"application\/ld+json\" class=\"yoast-schema-graph\">{\"@context\":\"https:\/\/schema.org\",\"@graph\":[{\"@type\":[\"WebPage\",\"ItemPage\"],\"@id\":\"https:\/\/www.globber.com\/de\/product\/primo-plus-lights-mit-helm\/\",\"url\":\"https:\/\/www.globber.com\/de\/product\/primo-plus-lights-mit-helm\/\",\"name\":\"PRIMO PLUS LIGHTS SET: Leuchtender Kinder-Scooter mit Helm\",\"isPartOf\":{\"@id\":\"https:\/\/www.globber.com\/de\/#website\"},\"primaryImageOfPage\":{\"@id\":\"https:\/\/www.globber.com\/de\/product\/primo-plus-lights-mit-helm\/#primaryimage\"},\"image\":{\"@id\":\"https:\/\/www.globber.com\/de\/product\/primo-plus-lights-mit-helm\/#primaryimage\"},\"thumbnailUrl\":\"https:\/\/cdn.globber.com\/content\/sites\/13\/2025\/06\/PR-442.jpg\",\"datePublished\":\"2025-06-11T09:03:53+00:00\",\"dateModified\":\"2026-05-12T01:02:31+00:00\",\"description\":\"Stylischer 3-Rad-Scooter f\u00fcr Kinder ab 3 Jahren mit LED-Leuchtr\u00e4dern inkl. passendem Helm mit LED-R\u00fccklicht \u2013 f\u00fcr die ersten gro\u00dfen Abenteuer R\u00e4dern.\",\"breadcrumb\":{\"@id\":\"https:\/\/www.globber.com\/de\/product\/primo-plus-lights-mit-helm\/#breadcrumb\"},\"inLanguage\":\"de\",\"potentialAction\":[{\"@type\":\"ReadAction\",\"target\":[\"https:\/\/www.globber.com\/de\/product\/primo-plus-lights-mit-helm\/\"]}]},{\"@type\":\"ImageObject\",\"inLanguage\":\"de\",\"@id\":\"https:\/\/www.globber.com\/de\/product\/primo-plus-lights-mit-helm\/#primaryimage\",\"url\":\"https:\/\/cdn.globber.com\/content\/sites\/13\/2025\/06\/PR-442.jpg\",\"contentUrl\":\"https:\/\/cdn.globber.com\/content\/sites\/13\/2025\/06\/PR-442.jpg\",\"width\":1280,\"height\":1280},{\"@type\":\"BreadcrumbList\",\"@id\":\"https:\/\/www.globber.com\/de\/product\/primo-plus-lights-mit-helm\/#breadcrumb\",\"itemListElement\":[{\"@type\":\"ListItem\",\"position\":1,\"name\":\"Alle Produkte\",\"item\":\"https:\/\/www.globber.com\/de\/shop-by-product\/\"},{\"@type\":\"ListItem\",\"position\":2,\"name\":\"PRIMO PLUS LIGHTS MIT HELM\"}]},{\"@type\":\"WebSite\",\"@id\":\"https:\/\/www.globber.com\/de\/#website\",\"url\":\"https:\/\/www.globber.com\/de\/\",\"name\":\"Globber Deutschland\",\"description\":\"Die Welt auf R\u00e4dern | Globber.com\",\"publisher\":{\"@id\":\"https:\/\/www.globber.com\/de\/#organization\"},\"potentialAction\":[{\"@type\":\"SearchAction\",\"target\":{\"@type\":\"EntryPoint\",\"urlTemplate\":\"https:\/\/www.globber.com\/de\/?s={search_term_string}\"},\"query-input\":{\"@type\":\"PropertyValueSpecification\",\"valueRequired\":true,\"valueName\":\"search_term_string\"}}],\"inLanguage\":\"de\"},{\"@type\":\"Organization\",\"@id\":\"https:\/\/www.globber.com\/de\/#organization\",\"name\":\"Globber Deutschland\",\"url\":\"https:\/\/www.globber.com\/de\/\",\"logo\":{\"@type\":\"ImageObject\",\"inLanguage\":\"de\",\"@id\":\"https:\/\/www.globber.com\/de\/#\/schema\/logo\/image\/\",\"url\":\"https:\/\/cdn.globber.com\/content\/sites\/13\/2024\/05\/logo.svg\",\"contentUrl\":\"https:\/\/cdn.globber.com\/content\/sites\/13\/2024\/05\/logo.svg\",\"width\":601,\"height\":112,\"caption\":\"Globber Deutschland\"},\"image\":{\"@id\":\"https:\/\/www.globber.com\/de\/#\/schema\/logo\/image\/\"}}]}<\/script>\n<meta property=\"og:availability\" content=\"instock\" \/>\n<meta property=\"product:availability\" content=\"instock\" \/>\n<meta property=\"product:retailer_item_id\" content=\"PR-442-XXX\" \/>\n<meta property=\"product:condition\" content=\"new\" \/>\n<!-- \/ Yoast SEO Premium plugin. -->","yoast_head_json":{"title":"PRIMO PLUS LIGHTS SET: Leuchtender Kinder-Scooter mit Helm","description":"Stylischer 3-Rad-Scooter f\u00fcr Kinder ab 3 Jahren mit LED-Leuchtr\u00e4dern inkl. passendem Helm mit LED-R\u00fccklicht \u2013 f\u00fcr die ersten gro\u00dfen Abenteuer R\u00e4dern.","robots":{"index":"index","follow":"follow","max-snippet":"max-snippet:-1","max-image-preview":"max-image-preview:large","max-video-preview":"max-video-preview:-1"},"canonical":"https:\/\/www.globber.com\/de\/product\/primo-plus-lights-mit-helm\/","og_locale":"de_DE","og_type":"article","og_title":"PRIMO PLUS LIGHTS SET: Leuchtender Kinder-Scooter mit Helm","og_description":"Stylischer 3-Rad-Scooter f\u00fcr Kinder ab 3 Jahren mit LED-Leuchtr\u00e4dern inkl. passendem Helm mit LED-R\u00fccklicht \u2013 f\u00fcr die ersten gro\u00dfen Abenteuer R\u00e4dern.","og_url":"https:\/\/www.globber.com\/de\/product\/primo-plus-lights-mit-helm\/","og_site_name":"Globber Deutschland","article_modified_time":"2026-05-12T01:02:31+00:00","og_image":[{"width":1280,"height":1280,"url":"https:\/\/cdn.globber.com\/content\/sites\/13\/2025\/06\/PR-442.jpg","type":"image\/jpeg"}],"twitter_card":"summary_large_image","twitter_misc":{"Availability":"In stock"},"schema":{"@context":"https:\/\/schema.org","@graph":[{"@type":["WebPage","ItemPage"],"@id":"https:\/\/www.globber.com\/de\/product\/primo-plus-lights-mit-helm\/","url":"https:\/\/www.globber.com\/de\/product\/primo-plus-lights-mit-helm\/","name":"PRIMO PLUS LIGHTS SET: Leuchtender Kinder-Scooter mit Helm","isPartOf":{"@id":"https:\/\/www.globber.com\/de\/#website"},"primaryImageOfPage":{"@id":"https:\/\/www.globber.com\/de\/product\/primo-plus-lights-mit-helm\/#primaryimage"},"image":{"@id":"https:\/\/www.globber.com\/de\/product\/primo-plus-lights-mit-helm\/#primaryimage"},"thumbnailUrl":"https:\/\/cdn.globber.com\/content\/sites\/13\/2025\/06\/PR-442.jpg","datePublished":"2025-06-11T09:03:53+00:00","dateModified":"2026-05-12T01:02:31+00:00","description":"Stylischer 3-Rad-Scooter f\u00fcr Kinder ab 3 Jahren mit LED-Leuchtr\u00e4dern inkl. passendem Helm mit LED-R\u00fccklicht \u2013 f\u00fcr die ersten gro\u00dfen Abenteuer R\u00e4dern.","breadcrumb":{"@id":"https:\/\/www.globber.com\/de\/product\/primo-plus-lights-mit-helm\/#breadcrumb"},"inLanguage":"de","potentialAction":[{"@type":"ReadAction","target":["https:\/\/www.globber.com\/de\/product\/primo-plus-lights-mit-helm\/"]}]},{"@type":"ImageObject","inLanguage":"de","@id":"https:\/\/www.globber.com\/de\/product\/primo-plus-lights-mit-helm\/#primaryimage","url":"https:\/\/cdn.globber.com\/content\/sites\/13\/2025\/06\/PR-442.jpg","contentUrl":"https:\/\/cdn.globber.com\/content\/sites\/13\/2025\/06\/PR-442.jpg","width":1280,"height":1280},{"@type":"BreadcrumbList","@id":"https:\/\/www.globber.com\/de\/product\/primo-plus-lights-mit-helm\/#breadcrumb","itemListElement":[{"@type":"ListItem","position":1,"name":"Alle Produkte","item":"https:\/\/www.globber.com\/de\/shop-by-product\/"},{"@type":"ListItem","position":2,"name":"PRIMO PLUS LIGHTS MIT HELM"}]},{"@type":"WebSite","@id":"https:\/\/www.globber.com\/de\/#website","url":"https:\/\/www.globber.com\/de\/","name":"Globber Deutschland","description":"Die Welt auf R\u00e4dern | Globber.com","publisher":{"@id":"https:\/\/www.globber.com\/de\/#organization"},"potentialAction":[{"@type":"SearchAction","target":{"@type":"EntryPoint","urlTemplate":"https:\/\/www.globber.com\/de\/?s={search_term_string}"},"query-input":{"@type":"PropertyValueSpecification","valueRequired":true,"valueName":"search_term_string"}}],"inLanguage":"de"},{"@type":"Organization","@id":"https:\/\/www.globber.com\/de\/#organization","name":"Globber Deutschland","url":"https:\/\/www.globber.com\/de\/","logo":{"@type":"ImageObject","inLanguage":"de","@id":"https:\/\/www.globber.com\/de\/#\/schema\/logo\/image\/","url":"https:\/\/cdn.globber.com\/content\/sites\/13\/2024\/05\/logo.svg","contentUrl":"https:\/\/cdn.globber.com\/content\/sites\/13\/2024\/05\/logo.svg","width":601,"height":112,"caption":"Globber Deutschland"},"image":{"@id":"https:\/\/www.globber.com\/de\/#\/schema\/logo\/image\/"}}]},"og_availability":"instock","product_availability":"instock","product_retailer_item_id":"PR-442-XXX","product_condition":"new"},"_links":{"self":[{"href":"https:\/\/www.globber.com\/de\/wp-json\/wp\/v2\/product\/14724","targetHints":{"allow":["GET"]}}],"collection":[{"href":"https:\/\/www.globber.com\/de\/wp-json\/wp\/v2\/product"}],"about":[{"href":"https:\/\/www.globber.com\/de\/wp-json\/wp\/v2\/types\/product"}],"replies":[{"embeddable":true,"href":"https:\/\/www.globber.com\/de\/wp-json\/wp\/v2\/comments?post=14724"}],"wp:featuredmedia":[{"embeddable":true,"href":"https:\/\/www.globber.com\/de\/wp-json\/wp\/v2\/media\/18199"}],"wp:attachment":[{"href":"https:\/\/www.globber.com\/de\/wp-json\/wp\/v2\/media?parent=14724"}],"wp:term":[{"taxonomy":"product-special-badges","embeddable":true,"href":"https:\/\/www.globber.com\/de\/wp-json\/wp\/v2\/product-special-badges?post=14724"},{"taxonomy":"product_brand","embeddable":true,"href":"https:\/\/www.globber.com\/de\/wp-json\/wp\/v2\/product_brand?post=14724"},{"taxonomy":"product_cat","embeddable":true,"href":"https:\/\/www.globber.com\/de\/wp-json\/wp\/v2\/product_cat?post=14724"},{"taxonomy":"product_tag","embeddable":true,"href":"https:\/\/www.globber.com\/de\/wp-json\/wp\/v2\/product_tag?post=14724"}],"curies":[{"name":"wp","href":"https:\/\/api.w.org\/{rel}","templated":true}]}}