{"id":14757,"date":"2025-06-11T10:48:06","date_gmt":"2025-06-11T08:48:06","guid":{"rendered":"https:\/\/www.globber.com\/de\/?post_type=product&#038;p=14757"},"modified":"2026-04-08T03:01:55","modified_gmt":"2026-04-08T01:01:55","slug":"elite-lights-glow","status":"publish","type":"product","link":"https:\/\/www.globber.com\/de\/product\/elite-lights-glow\/","title":{"rendered":"ELITE LIGHTS GLOW"},"content":{"rendered":"<p data-start=\"283\" data-end=\"741\">Der <strong data-start=\"4\" data-end=\"25\">ELITE LIGHTS GLOW<\/strong> ist der erste 3-Rad-Scooter, der in jeder Hinsicht leuchtet: Lenkstange, Deck, Hinterradbremse und Griffe ,erg\u00e4nzt durch batterielose LED-R\u00e4der, die allein durch Fahrtbewegung strahlen.<\/p>\n<p data-start=\"283\" data-end=\"741\">F\u00fcr Kinder von 3 bis 9+ Jahren w\u00e4chst er dank der 4-fach h\u00f6henverstellbaren T-Bar (67,5\u201382,5 cm) mit und bietet mit der patentierten Lenksperre zun\u00e4chst sicheren Balance-Spa\u00df, bevor der Lean-to-Steer-Modus freigeschaltet wird.<\/p>\n<p data-start=\"283\" data-end=\"741\">Ein Knopfdruck-Klappsystem verwandelt ihn im Handumdrehen in den Trolley-Mode f\u00fcr kompakten Transport. Hergestellt aus 25\u201328 % GRS-zertifiziertem Recyclingkunststoff, verbindet der <strong>ELITE LIGHTS GLOW<\/strong> stilvolle Nachhaltigkeit mit maximalem Fahrvergn\u00fcgen.<\/p>\n","protected":false},"excerpt":{"rendered":"<div class=\"product-details__excerpt order-2\">\n<ul>\n<li>Leuchtet im Dunkeln,<\/li>\n<li>4-fach h\u00f6henverstellbare Lenkstange,<\/li>\n<li>One-Click-Klappsystem<\/li>\n<\/ul>\n<\/div>\n","protected":false},"featured_media":16852,"comment_status":"open","ping_status":"closed","template":"","meta":{"_acf_changed":false,"inline_featured_image":false},"product-special-badges":[],"product_brand":[],"product_cat":[4291,1691,1682],"product_tag":[],"class_list":{"0":"post-14757","1":"product","2":"type-product","3":"status-publish","4":"has-post-thumbnail","6":"product_cat-3-rad-scooter-fuer-kinder","7":"product_cat-3-rad-scooter-fuer-alle-altersgruppen","8":"product_cat-elite-serie","9":"pa_age-range-ab-3-jahren","10":"pa_age-range-ab-4-jahren","11":"pa_age-range-ab-5-jahren","12":"pa_age-range-ab-6-jahren","13":"pa_age-range-ab-7-jahren","14":"pa_age-range-8y-to-adults","15":"pa_color-dark-mint","16":"pa_color-pastel-pink","17":"pa_color-deep-blue","18":"pa_ean-4154","19":"pa_ean-4155","20":"pa_ean-4156","21":"pa_foldable-yes","22":"pa_maximales-benutzergewicht-50kg","23":"pa_product-type-3-rad-scooter","24":"pa_produktkategorie-roller","25":"pa_recommended-user-height-95-130cm","26":"pa_series-elite-serie","27":"pa_t-bar-4-fach-hoehenverstellbar","29":"first","30":"instock","31":"taxable","32":"shipping-taxable","33":"purchasable","34":"product-type-variable"},"bundled_by":[],"bundle_stock_status":"instock","bundle_stock_quantity":null,"bundle_virtual":false,"bundle_layout":"","bundle_add_to_cart_form_location":"","bundle_editable_in_cart":false,"bundle_sold_individually_context":"","bundle_item_grouping":"","bundle_min_size":"","bundle_max_size":"","bundled_items":[],"bundle_sell_ids":[],"acf":[],"yoast_head":"<!-- This site is optimized with the Yoast SEO Premium plugin v20.12 (Yoast SEO v23.4) - https:\/\/yoast.com\/wordpress\/plugins\/seo\/ -->\n<title>ELITE LIGHTS GLOW: Im Dunkeln leuchtender 3-Rad-Scooter<\/title>\n<meta name=\"description\" content=\"3-Rad-Kinderroller mit LED-R\u00e4dern, Glow-in-the-Dark-Teilen &amp; patentierter Lenkverriegelung und 4-fach h\u00f6henverstellbarer Lenkstange (3\u20139+ Jahre).\" \/>\n<meta name=\"robots\" content=\"index, follow, max-snippet:-1, max-image-preview:large, max-video-preview:-1\" \/>\n<link rel=\"canonical\" href=\"https:\/\/www.globber.com\/de\/product\/elite-lights-glow\/\" \/>\n<meta property=\"og:locale\" content=\"de_DE\" \/>\n<meta property=\"og:type\" content=\"article\" \/>\n<meta property=\"og:title\" content=\"ELITE LIGHTS GLOW: Im Dunkeln leuchtender 3-Rad-Scooter\" \/>\n<meta property=\"og:description\" content=\"3-Rad-Kinderroller mit LED-R\u00e4dern, Glow-in-the-Dark-Teilen &amp; patentierter Lenkverriegelung und 4-fach h\u00f6henverstellbarer Lenkstange (3\u20139+ Jahre).\" \/>\n<meta property=\"og:url\" content=\"https:\/\/www.globber.com\/de\/product\/elite-lights-glow\/\" \/>\n<meta property=\"og:site_name\" content=\"Globber Deutschland\" \/>\n<meta property=\"article:modified_time\" content=\"2026-04-08T01:01:55+00:00\" \/>\n<meta property=\"og:image\" content=\"https:\/\/cdn.globber.com\/content\/sites\/13\/2025\/06\/elite-lights-glow.jpg\" \/>\n\t<meta property=\"og:image:width\" content=\"2048\" \/>\n\t<meta property=\"og:image:height\" content=\"2048\" \/>\n\t<meta property=\"og:image:type\" content=\"image\/jpeg\" \/>\n<meta name=\"twitter:card\" content=\"summary_large_image\" \/>\n<meta name=\"twitter:label1\" content=\"Availability\" \/>\n\t<meta name=\"twitter:data1\" content=\"In stock\" \/>\n<script type=\"application\/ld+json\" class=\"yoast-schema-graph\">{\"@context\":\"https:\/\/schema.org\",\"@graph\":[{\"@type\":[\"WebPage\",\"ItemPage\"],\"@id\":\"https:\/\/www.globber.com\/de\/product\/elite-lights-glow\/\",\"url\":\"https:\/\/www.globber.com\/de\/product\/elite-lights-glow\/\",\"name\":\"ELITE LIGHTS GLOW: Im Dunkeln leuchtender 3-Rad-Scooter\",\"isPartOf\":{\"@id\":\"https:\/\/www.globber.com\/de\/#website\"},\"primaryImageOfPage\":{\"@id\":\"https:\/\/www.globber.com\/de\/product\/elite-lights-glow\/#primaryimage\"},\"image\":{\"@id\":\"https:\/\/www.globber.com\/de\/product\/elite-lights-glow\/#primaryimage\"},\"thumbnailUrl\":\"https:\/\/cdn.globber.com\/content\/sites\/13\/2025\/06\/elite-lights-glow.jpg\",\"datePublished\":\"2025-06-11T08:48:06+00:00\",\"dateModified\":\"2026-04-08T01:01:55+00:00\",\"description\":\"3-Rad-Kinderroller mit LED-R\u00e4dern, Glow-in-the-Dark-Teilen & patentierter Lenkverriegelung und 4-fach h\u00f6henverstellbarer Lenkstange (3\u20139+ Jahre).\",\"breadcrumb\":{\"@id\":\"https:\/\/www.globber.com\/de\/product\/elite-lights-glow\/#breadcrumb\"},\"inLanguage\":\"de\",\"potentialAction\":[{\"@type\":\"ReadAction\",\"target\":[\"https:\/\/www.globber.com\/de\/product\/elite-lights-glow\/\"]}]},{\"@type\":\"ImageObject\",\"inLanguage\":\"de\",\"@id\":\"https:\/\/www.globber.com\/de\/product\/elite-lights-glow\/#primaryimage\",\"url\":\"https:\/\/cdn.globber.com\/content\/sites\/13\/2025\/06\/elite-lights-glow.jpg\",\"contentUrl\":\"https:\/\/cdn.globber.com\/content\/sites\/13\/2025\/06\/elite-lights-glow.jpg\",\"width\":2048,\"height\":2048},{\"@type\":\"BreadcrumbList\",\"@id\":\"https:\/\/www.globber.com\/de\/product\/elite-lights-glow\/#breadcrumb\",\"itemListElement\":[{\"@type\":\"ListItem\",\"position\":1,\"name\":\"Alle Produkte\",\"item\":\"https:\/\/www.globber.com\/de\/shop-by-product\/\"},{\"@type\":\"ListItem\",\"position\":2,\"name\":\"ELITE LIGHTS GLOW\"}]},{\"@type\":\"WebSite\",\"@id\":\"https:\/\/www.globber.com\/de\/#website\",\"url\":\"https:\/\/www.globber.com\/de\/\",\"name\":\"Globber Deutschland\",\"description\":\"Die Welt auf R\u00e4dern | Globber.com\",\"publisher\":{\"@id\":\"https:\/\/www.globber.com\/de\/#organization\"},\"potentialAction\":[{\"@type\":\"SearchAction\",\"target\":{\"@type\":\"EntryPoint\",\"urlTemplate\":\"https:\/\/www.globber.com\/de\/?s={search_term_string}\"},\"query-input\":{\"@type\":\"PropertyValueSpecification\",\"valueRequired\":true,\"valueName\":\"search_term_string\"}}],\"inLanguage\":\"de\"},{\"@type\":\"Organization\",\"@id\":\"https:\/\/www.globber.com\/de\/#organization\",\"name\":\"Globber Deutschland\",\"url\":\"https:\/\/www.globber.com\/de\/\",\"logo\":{\"@type\":\"ImageObject\",\"inLanguage\":\"de\",\"@id\":\"https:\/\/www.globber.com\/de\/#\/schema\/logo\/image\/\",\"url\":\"https:\/\/cdn.globber.com\/content\/sites\/13\/2024\/05\/logo.svg\",\"contentUrl\":\"https:\/\/cdn.globber.com\/content\/sites\/13\/2024\/05\/logo.svg\",\"width\":601,\"height\":112,\"caption\":\"Globber Deutschland\"},\"image\":{\"@id\":\"https:\/\/www.globber.com\/de\/#\/schema\/logo\/image\/\"}}]}<\/script>\n<meta property=\"og:availability\" content=\"instock\" \/>\n<meta property=\"product:availability\" content=\"instock\" \/>\n<meta property=\"product:retailer_item_id\" content=\"839-XXX\" \/>\n<meta property=\"product:condition\" content=\"new\" \/>\n<!-- \/ Yoast SEO Premium plugin. -->","yoast_head_json":{"title":"ELITE LIGHTS GLOW: Im Dunkeln leuchtender 3-Rad-Scooter","description":"3-Rad-Kinderroller mit LED-R\u00e4dern, Glow-in-the-Dark-Teilen & patentierter Lenkverriegelung und 4-fach h\u00f6henverstellbarer Lenkstange (3\u20139+ Jahre).","robots":{"index":"index","follow":"follow","max-snippet":"max-snippet:-1","max-image-preview":"max-image-preview:large","max-video-preview":"max-video-preview:-1"},"canonical":"https:\/\/www.globber.com\/de\/product\/elite-lights-glow\/","og_locale":"de_DE","og_type":"article","og_title":"ELITE LIGHTS GLOW: Im Dunkeln leuchtender 3-Rad-Scooter","og_description":"3-Rad-Kinderroller mit LED-R\u00e4dern, Glow-in-the-Dark-Teilen & patentierter Lenkverriegelung und 4-fach h\u00f6henverstellbarer Lenkstange (3\u20139+ Jahre).","og_url":"https:\/\/www.globber.com\/de\/product\/elite-lights-glow\/","og_site_name":"Globber Deutschland","article_modified_time":"2026-04-08T01:01:55+00:00","og_image":[{"width":2048,"height":2048,"url":"https:\/\/cdn.globber.com\/content\/sites\/13\/2025\/06\/elite-lights-glow.jpg","type":"image\/jpeg"}],"twitter_card":"summary_large_image","twitter_misc":{"Availability":"In stock"},"schema":{"@context":"https:\/\/schema.org","@graph":[{"@type":["WebPage","ItemPage"],"@id":"https:\/\/www.globber.com\/de\/product\/elite-lights-glow\/","url":"https:\/\/www.globber.com\/de\/product\/elite-lights-glow\/","name":"ELITE LIGHTS GLOW: Im Dunkeln leuchtender 3-Rad-Scooter","isPartOf":{"@id":"https:\/\/www.globber.com\/de\/#website"},"primaryImageOfPage":{"@id":"https:\/\/www.globber.com\/de\/product\/elite-lights-glow\/#primaryimage"},"image":{"@id":"https:\/\/www.globber.com\/de\/product\/elite-lights-glow\/#primaryimage"},"thumbnailUrl":"https:\/\/cdn.globber.com\/content\/sites\/13\/2025\/06\/elite-lights-glow.jpg","datePublished":"2025-06-11T08:48:06+00:00","dateModified":"2026-04-08T01:01:55+00:00","description":"3-Rad-Kinderroller mit LED-R\u00e4dern, Glow-in-the-Dark-Teilen & patentierter Lenkverriegelung und 4-fach h\u00f6henverstellbarer Lenkstange (3\u20139+ Jahre).","breadcrumb":{"@id":"https:\/\/www.globber.com\/de\/product\/elite-lights-glow\/#breadcrumb"},"inLanguage":"de","potentialAction":[{"@type":"ReadAction","target":["https:\/\/www.globber.com\/de\/product\/elite-lights-glow\/"]}]},{"@type":"ImageObject","inLanguage":"de","@id":"https:\/\/www.globber.com\/de\/product\/elite-lights-glow\/#primaryimage","url":"https:\/\/cdn.globber.com\/content\/sites\/13\/2025\/06\/elite-lights-glow.jpg","contentUrl":"https:\/\/cdn.globber.com\/content\/sites\/13\/2025\/06\/elite-lights-glow.jpg","width":2048,"height":2048},{"@type":"BreadcrumbList","@id":"https:\/\/www.globber.com\/de\/product\/elite-lights-glow\/#breadcrumb","itemListElement":[{"@type":"ListItem","position":1,"name":"Alle Produkte","item":"https:\/\/www.globber.com\/de\/shop-by-product\/"},{"@type":"ListItem","position":2,"name":"ELITE LIGHTS GLOW"}]},{"@type":"WebSite","@id":"https:\/\/www.globber.com\/de\/#website","url":"https:\/\/www.globber.com\/de\/","name":"Globber Deutschland","description":"Die Welt auf R\u00e4dern | Globber.com","publisher":{"@id":"https:\/\/www.globber.com\/de\/#organization"},"potentialAction":[{"@type":"SearchAction","target":{"@type":"EntryPoint","urlTemplate":"https:\/\/www.globber.com\/de\/?s={search_term_string}"},"query-input":{"@type":"PropertyValueSpecification","valueRequired":true,"valueName":"search_term_string"}}],"inLanguage":"de"},{"@type":"Organization","@id":"https:\/\/www.globber.com\/de\/#organization","name":"Globber Deutschland","url":"https:\/\/www.globber.com\/de\/","logo":{"@type":"ImageObject","inLanguage":"de","@id":"https:\/\/www.globber.com\/de\/#\/schema\/logo\/image\/","url":"https:\/\/cdn.globber.com\/content\/sites\/13\/2024\/05\/logo.svg","contentUrl":"https:\/\/cdn.globber.com\/content\/sites\/13\/2024\/05\/logo.svg","width":601,"height":112,"caption":"Globber Deutschland"},"image":{"@id":"https:\/\/www.globber.com\/de\/#\/schema\/logo\/image\/"}}]},"og_availability":"instock","product_availability":"instock","product_retailer_item_id":"839-XXX","product_condition":"new"},"_links":{"self":[{"href":"https:\/\/www.globber.com\/de\/wp-json\/wp\/v2\/product\/14757","targetHints":{"allow":["GET"]}}],"collection":[{"href":"https:\/\/www.globber.com\/de\/wp-json\/wp\/v2\/product"}],"about":[{"href":"https:\/\/www.globber.com\/de\/wp-json\/wp\/v2\/types\/product"}],"replies":[{"embeddable":true,"href":"https:\/\/www.globber.com\/de\/wp-json\/wp\/v2\/comments?post=14757"}],"wp:featuredmedia":[{"embeddable":true,"href":"https:\/\/www.globber.com\/de\/wp-json\/wp\/v2\/media\/16852"}],"wp:attachment":[{"href":"https:\/\/www.globber.com\/de\/wp-json\/wp\/v2\/media?parent=14757"}],"wp:term":[{"taxonomy":"product-special-badges","embeddable":true,"href":"https:\/\/www.globber.com\/de\/wp-json\/wp\/v2\/product-special-badges?post=14757"},{"taxonomy":"product_brand","embeddable":true,"href":"https:\/\/www.globber.com\/de\/wp-json\/wp\/v2\/product_brand?post=14757"},{"taxonomy":"product_cat","embeddable":true,"href":"https:\/\/www.globber.com\/de\/wp-json\/wp\/v2\/product_cat?post=14757"},{"taxonomy":"product_tag","embeddable":true,"href":"https:\/\/www.globber.com\/de\/wp-json\/wp\/v2\/product_tag?post=14757"}],"curies":[{"name":"wp","href":"https:\/\/api.w.org\/{rel}","templated":true}]}}