{"id":14771,"date":"2025-06-11T10:43:56","date_gmt":"2025-06-11T08:43:56","guid":{"rendered":"https:\/\/www.globber.com\/de\/?post_type=product&#038;p=14771"},"modified":"2026-04-15T03:01:22","modified_gmt":"2026-04-15T01:01:22","slug":"globber-ultimum","status":"publish","type":"product","link":"https:\/\/www.globber.com\/de\/product\/globber-ultimum\/","title":{"rendered":"ULTIMUM"},"content":{"rendered":"<p data-start=\"154\" data-end=\"530\">Der hochwertige <strong>ULTIMUM<\/strong> 3-Rad-Scooter \u00fcberzeugt mit seinem patentierten, einstellbaren Lenkwinkel-Kontrollsystem, das es dir erm\u00f6glicht, den Lenkradius der Vorderr\u00e4der flexibel an deinen Fahrstil und dein K\u00f6nnen anzupassen \u2013 f\u00fcr mehr Sicherheit, Stabilit\u00e4t und individuellen Fahrspa\u00df.<\/p>\n<p data-start=\"532\" data-end=\"941\">Dank des patentierten elliptischen Klappsystems l\u00e4sst sich der Scooter schnell und platzsparend zusammenklappen \u2013 ideal f\u00fcr den Transport oder die Aufbewahrung. Die extrabreite, rutschfeste Trittfl\u00e4che und die 6-fach h\u00f6henverstellbare Lenkstange mit ergonomischen TPR-Griffen bieten Fahrkomfort auf h\u00f6chstem Niveau \u2013 egal ob auf dem Schulweg, in der Freizeit oder f\u00fcr den t\u00e4glichen Arbeitsweg.<\/p>\n<p data-start=\"943\" data-end=\"1091\">Der <strong>ULTIMUM<\/strong> 3-Rad-Scooter\u00a0ist der perfekte Begleiter f\u00fcr Kinder ab 5 Jahren, Jugendliche und Erwachsene \u2013 f\u00fcr m\u00fchelosen Fahrspa\u00df auf drei R\u00e4dern!<\/p>\n","protected":false},"excerpt":{"rendered":"<ul>\n<li>6-fach h\u00f6henverstellbare Lenkstange,<\/li>\n<li>One-Click-Klappsystem<\/li>\n<\/ul>\n","protected":false},"featured_media":18674,"comment_status":"open","ping_status":"closed","template":"","meta":{"_acf_changed":false,"inline_featured_image":false},"product-special-badges":[],"product_brand":[],"product_cat":[4292,4291,1696,1691,1684,534,485],"product_tag":[],"class_list":{"0":"post-14771","1":"product","2":"type-product","3":"status-publish","4":"has-post-thumbnail","6":"product_cat-3-rad-scooter-fuer-teens-und-erwachsene","7":"product_cat-3-rad-scooter-fuer-kinder","8":"product_cat-faltbare-roller","9":"product_cat-3-rad-scooter-fuer-alle-altersgruppen","10":"product_cat-ultimum-serie","11":"product_cat-roller-fuer-erwachsene","12":"product_cat-roller-fuer-teenager","13":"pa_age-range-ab-5-jahren","14":"pa_color-charcoal-grey","15":"pa_color-aqua","16":"pa_color-coral-pink","17":"pa_color-neochrome","18":"pa_ean-3354","19":"pa_ean-3357","20":"pa_ean-3358","21":"pa_foldable-yes","22":"pa_maximales-benutzergewicht-100kg","23":"pa_product-type-3-rad-scooter","24":"pa_produktkategorie-roller","25":"pa_recommended-user-height-105-200cm","26":"pa_series-ultimum-serie","27":"pa_t-bar-6-fach-hoehenverstellbar","29":"first","30":"instock","31":"taxable","32":"shipping-taxable","33":"purchasable","34":"product-type-variable"},"bundled_by":[],"bundle_stock_status":"instock","bundle_stock_quantity":null,"bundle_virtual":false,"bundle_layout":"","bundle_add_to_cart_form_location":"","bundle_editable_in_cart":false,"bundle_sold_individually_context":"","bundle_item_grouping":"","bundle_min_size":"","bundle_max_size":"","bundled_items":[],"bundle_sell_ids":[],"acf":[],"yoast_head":"<!-- This site is optimized with the Yoast SEO Premium plugin v20.12 (Yoast SEO v23.4) - https:\/\/yoast.com\/wordpress\/plugins\/seo\/ -->\n<title>ULTIMUM: Robuster-3-Rad-Scooter mit Klappsystem<\/title>\n<meta name=\"description\" content=\"Der ULTIMUM 3-Rad-Scooter passt f\u00fcr Kinder, Teens &amp; Erwachsene: mit einstellbarem Lenkwinkel, schnellem Klappmechanismus und h\u00f6henverstellbarer T-Bar.\" \/>\n<meta name=\"robots\" content=\"index, follow, max-snippet:-1, max-image-preview:large, max-video-preview:-1\" \/>\n<link rel=\"canonical\" href=\"https:\/\/www.globber.com\/de\/product\/globber-ultimum\/\" \/>\n<meta property=\"og:locale\" content=\"de_DE\" \/>\n<meta property=\"og:type\" content=\"article\" \/>\n<meta property=\"og:title\" content=\"ULTIMUM: Robuster-3-Rad-Scooter mit Klappsystem\" \/>\n<meta property=\"og:description\" content=\"Der ULTIMUM 3-Rad-Scooter passt f\u00fcr Kinder, Teens &amp; Erwachsene: mit einstellbarem Lenkwinkel, schnellem Klappmechanismus und h\u00f6henverstellbarer T-Bar.\" \/>\n<meta property=\"og:url\" content=\"https:\/\/www.globber.com\/de\/product\/globber-ultimum\/\" \/>\n<meta property=\"og:site_name\" content=\"Globber Deutschland\" \/>\n<meta property=\"article:modified_time\" content=\"2026-04-15T01:01:22+00:00\" \/>\n<meta property=\"og:image\" content=\"https:\/\/cdn.globber.com\/content\/sites\/13\/2025\/06\/ultimum-1.jpg\" \/>\n\t<meta property=\"og:image:width\" content=\"2048\" \/>\n\t<meta property=\"og:image:height\" content=\"2048\" \/>\n\t<meta property=\"og:image:type\" content=\"image\/jpeg\" \/>\n<meta name=\"twitter:card\" content=\"summary_large_image\" \/>\n<meta name=\"twitter:label1\" content=\"Availability\" \/>\n\t<meta name=\"twitter:data1\" content=\"In stock\" \/>\n<script type=\"application\/ld+json\" class=\"yoast-schema-graph\">{\"@context\":\"https:\/\/schema.org\",\"@graph\":[{\"@type\":[\"WebPage\",\"ItemPage\"],\"@id\":\"https:\/\/www.globber.com\/de\/product\/globber-ultimum\/\",\"url\":\"https:\/\/www.globber.com\/de\/product\/globber-ultimum\/\",\"name\":\"ULTIMUM: Robuster-3-Rad-Scooter mit Klappsystem\",\"isPartOf\":{\"@id\":\"https:\/\/www.globber.com\/de\/#website\"},\"primaryImageOfPage\":{\"@id\":\"https:\/\/www.globber.com\/de\/product\/globber-ultimum\/#primaryimage\"},\"image\":{\"@id\":\"https:\/\/www.globber.com\/de\/product\/globber-ultimum\/#primaryimage\"},\"thumbnailUrl\":\"https:\/\/cdn.globber.com\/content\/sites\/13\/2025\/06\/ultimum-1.jpg\",\"datePublished\":\"2025-06-11T08:43:56+00:00\",\"dateModified\":\"2026-04-15T01:01:22+00:00\",\"description\":\"Der ULTIMUM 3-Rad-Scooter passt f\u00fcr Kinder, Teens & Erwachsene: mit einstellbarem Lenkwinkel, schnellem Klappmechanismus und h\u00f6henverstellbarer T-Bar.\",\"breadcrumb\":{\"@id\":\"https:\/\/www.globber.com\/de\/product\/globber-ultimum\/#breadcrumb\"},\"inLanguage\":\"de\",\"potentialAction\":[{\"@type\":\"ReadAction\",\"target\":[\"https:\/\/www.globber.com\/de\/product\/globber-ultimum\/\"]}]},{\"@type\":\"ImageObject\",\"inLanguage\":\"de\",\"@id\":\"https:\/\/www.globber.com\/de\/product\/globber-ultimum\/#primaryimage\",\"url\":\"https:\/\/cdn.globber.com\/content\/sites\/13\/2025\/06\/ultimum-1.jpg\",\"contentUrl\":\"https:\/\/cdn.globber.com\/content\/sites\/13\/2025\/06\/ultimum-1.jpg\",\"width\":2048,\"height\":2048},{\"@type\":\"BreadcrumbList\",\"@id\":\"https:\/\/www.globber.com\/de\/product\/globber-ultimum\/#breadcrumb\",\"itemListElement\":[{\"@type\":\"ListItem\",\"position\":1,\"name\":\"Alle Produkte\",\"item\":\"https:\/\/www.globber.com\/de\/shop-by-product\/\"},{\"@type\":\"ListItem\",\"position\":2,\"name\":\"ULTIMUM\"}]},{\"@type\":\"WebSite\",\"@id\":\"https:\/\/www.globber.com\/de\/#website\",\"url\":\"https:\/\/www.globber.com\/de\/\",\"name\":\"Globber Deutschland\",\"description\":\"Die Welt auf R\u00e4dern | Globber.com\",\"publisher\":{\"@id\":\"https:\/\/www.globber.com\/de\/#organization\"},\"potentialAction\":[{\"@type\":\"SearchAction\",\"target\":{\"@type\":\"EntryPoint\",\"urlTemplate\":\"https:\/\/www.globber.com\/de\/?s={search_term_string}\"},\"query-input\":{\"@type\":\"PropertyValueSpecification\",\"valueRequired\":true,\"valueName\":\"search_term_string\"}}],\"inLanguage\":\"de\"},{\"@type\":\"Organization\",\"@id\":\"https:\/\/www.globber.com\/de\/#organization\",\"name\":\"Globber Deutschland\",\"url\":\"https:\/\/www.globber.com\/de\/\",\"logo\":{\"@type\":\"ImageObject\",\"inLanguage\":\"de\",\"@id\":\"https:\/\/www.globber.com\/de\/#\/schema\/logo\/image\/\",\"url\":\"https:\/\/cdn.globber.com\/content\/sites\/13\/2024\/05\/logo.svg\",\"contentUrl\":\"https:\/\/cdn.globber.com\/content\/sites\/13\/2024\/05\/logo.svg\",\"width\":601,\"height\":112,\"caption\":\"Globber Deutschland\"},\"image\":{\"@id\":\"https:\/\/www.globber.com\/de\/#\/schema\/logo\/image\/\"}}]}<\/script>\n<meta property=\"og:availability\" content=\"instock\" \/>\n<meta property=\"product:availability\" content=\"instock\" \/>\n<meta property=\"product:retailer_item_id\" content=\"612-XXX-2\" \/>\n<meta property=\"product:condition\" content=\"new\" \/>\n<!-- \/ Yoast SEO Premium plugin. -->","yoast_head_json":{"title":"ULTIMUM: Robuster-3-Rad-Scooter mit Klappsystem","description":"Der ULTIMUM 3-Rad-Scooter passt f\u00fcr Kinder, Teens & Erwachsene: mit einstellbarem Lenkwinkel, schnellem Klappmechanismus und h\u00f6henverstellbarer T-Bar.","robots":{"index":"index","follow":"follow","max-snippet":"max-snippet:-1","max-image-preview":"max-image-preview:large","max-video-preview":"max-video-preview:-1"},"canonical":"https:\/\/www.globber.com\/de\/product\/globber-ultimum\/","og_locale":"de_DE","og_type":"article","og_title":"ULTIMUM: Robuster-3-Rad-Scooter mit Klappsystem","og_description":"Der ULTIMUM 3-Rad-Scooter passt f\u00fcr Kinder, Teens & Erwachsene: mit einstellbarem Lenkwinkel, schnellem Klappmechanismus und h\u00f6henverstellbarer T-Bar.","og_url":"https:\/\/www.globber.com\/de\/product\/globber-ultimum\/","og_site_name":"Globber Deutschland","article_modified_time":"2026-04-15T01:01:22+00:00","og_image":[{"width":2048,"height":2048,"url":"https:\/\/cdn.globber.com\/content\/sites\/13\/2025\/06\/ultimum-1.jpg","type":"image\/jpeg"}],"twitter_card":"summary_large_image","twitter_misc":{"Availability":"In stock"},"schema":{"@context":"https:\/\/schema.org","@graph":[{"@type":["WebPage","ItemPage"],"@id":"https:\/\/www.globber.com\/de\/product\/globber-ultimum\/","url":"https:\/\/www.globber.com\/de\/product\/globber-ultimum\/","name":"ULTIMUM: Robuster-3-Rad-Scooter mit Klappsystem","isPartOf":{"@id":"https:\/\/www.globber.com\/de\/#website"},"primaryImageOfPage":{"@id":"https:\/\/www.globber.com\/de\/product\/globber-ultimum\/#primaryimage"},"image":{"@id":"https:\/\/www.globber.com\/de\/product\/globber-ultimum\/#primaryimage"},"thumbnailUrl":"https:\/\/cdn.globber.com\/content\/sites\/13\/2025\/06\/ultimum-1.jpg","datePublished":"2025-06-11T08:43:56+00:00","dateModified":"2026-04-15T01:01:22+00:00","description":"Der ULTIMUM 3-Rad-Scooter passt f\u00fcr Kinder, Teens & Erwachsene: mit einstellbarem Lenkwinkel, schnellem Klappmechanismus und h\u00f6henverstellbarer T-Bar.","breadcrumb":{"@id":"https:\/\/www.globber.com\/de\/product\/globber-ultimum\/#breadcrumb"},"inLanguage":"de","potentialAction":[{"@type":"ReadAction","target":["https:\/\/www.globber.com\/de\/product\/globber-ultimum\/"]}]},{"@type":"ImageObject","inLanguage":"de","@id":"https:\/\/www.globber.com\/de\/product\/globber-ultimum\/#primaryimage","url":"https:\/\/cdn.globber.com\/content\/sites\/13\/2025\/06\/ultimum-1.jpg","contentUrl":"https:\/\/cdn.globber.com\/content\/sites\/13\/2025\/06\/ultimum-1.jpg","width":2048,"height":2048},{"@type":"BreadcrumbList","@id":"https:\/\/www.globber.com\/de\/product\/globber-ultimum\/#breadcrumb","itemListElement":[{"@type":"ListItem","position":1,"name":"Alle Produkte","item":"https:\/\/www.globber.com\/de\/shop-by-product\/"},{"@type":"ListItem","position":2,"name":"ULTIMUM"}]},{"@type":"WebSite","@id":"https:\/\/www.globber.com\/de\/#website","url":"https:\/\/www.globber.com\/de\/","name":"Globber Deutschland","description":"Die Welt auf R\u00e4dern | Globber.com","publisher":{"@id":"https:\/\/www.globber.com\/de\/#organization"},"potentialAction":[{"@type":"SearchAction","target":{"@type":"EntryPoint","urlTemplate":"https:\/\/www.globber.com\/de\/?s={search_term_string}"},"query-input":{"@type":"PropertyValueSpecification","valueRequired":true,"valueName":"search_term_string"}}],"inLanguage":"de"},{"@type":"Organization","@id":"https:\/\/www.globber.com\/de\/#organization","name":"Globber Deutschland","url":"https:\/\/www.globber.com\/de\/","logo":{"@type":"ImageObject","inLanguage":"de","@id":"https:\/\/www.globber.com\/de\/#\/schema\/logo\/image\/","url":"https:\/\/cdn.globber.com\/content\/sites\/13\/2024\/05\/logo.svg","contentUrl":"https:\/\/cdn.globber.com\/content\/sites\/13\/2024\/05\/logo.svg","width":601,"height":112,"caption":"Globber Deutschland"},"image":{"@id":"https:\/\/www.globber.com\/de\/#\/schema\/logo\/image\/"}}]},"og_availability":"instock","product_availability":"instock","product_retailer_item_id":"612-XXX-2","product_condition":"new"},"_links":{"self":[{"href":"https:\/\/www.globber.com\/de\/wp-json\/wp\/v2\/product\/14771","targetHints":{"allow":["GET"]}}],"collection":[{"href":"https:\/\/www.globber.com\/de\/wp-json\/wp\/v2\/product"}],"about":[{"href":"https:\/\/www.globber.com\/de\/wp-json\/wp\/v2\/types\/product"}],"replies":[{"embeddable":true,"href":"https:\/\/www.globber.com\/de\/wp-json\/wp\/v2\/comments?post=14771"}],"wp:featuredmedia":[{"embeddable":true,"href":"https:\/\/www.globber.com\/de\/wp-json\/wp\/v2\/media\/18674"}],"wp:attachment":[{"href":"https:\/\/www.globber.com\/de\/wp-json\/wp\/v2\/media?parent=14771"}],"wp:term":[{"taxonomy":"product-special-badges","embeddable":true,"href":"https:\/\/www.globber.com\/de\/wp-json\/wp\/v2\/product-special-badges?post=14771"},{"taxonomy":"product_brand","embeddable":true,"href":"https:\/\/www.globber.com\/de\/wp-json\/wp\/v2\/product_brand?post=14771"},{"taxonomy":"product_cat","embeddable":true,"href":"https:\/\/www.globber.com\/de\/wp-json\/wp\/v2\/product_cat?post=14771"},{"taxonomy":"product_tag","embeddable":true,"href":"https:\/\/www.globber.com\/de\/wp-json\/wp\/v2\/product_tag?post=14771"}],"curies":[{"name":"wp","href":"https:\/\/api.w.org\/{rel}","templated":true}]}}