{"id":14781,"date":"2025-06-11T10:43:35","date_gmt":"2025-06-11T08:43:35","guid":{"rendered":"https:\/\/www.globber.com\/de\/?post_type=product&#038;p=14781"},"modified":"2026-04-14T03:01:34","modified_gmt":"2026-04-14T01:01:34","slug":"flow-125-lights","status":"publish","type":"product","link":"https:\/\/www.globber.com\/de\/product\/flow-125-lights\/","title":{"rendered":"FLOW 125 LIGHTS"},"content":{"rendered":"<p>Ob auf dem Schulweg oder beim Treffen mit Freunden: Der <strong>FLOW 125 LIGHTS<\/strong> ist der ideale Einstieg in die Welt der 2-Rad-Roller f\u00fcr Kinder und Jugendliche ab 5 Jahren.<\/p>\n<p>Ausgestattet mit einer 4-fach h\u00f6henverstellbaren Lenkstange, batterielosen LED-Leuchtr\u00e4dern und einem verst\u00e4rkten, rutschfesten Deck, kombiniert dieser Scooter Sicherheit mit stylischem Fahrspa\u00df.\u00a0 Die robuste Bremsstruktur sorgt f\u00fcr zuverl\u00e4ssiges Anhalten, w\u00e4hrend das langlebige Design auch bei intensiver Nutzung \u00fcberzeugt.<\/p>\n<p>Perfekt f\u00fcr junge Fahrer, die den n\u00e4chsten Schritt machen wollen \u2013 auf zwei R\u00e4dern, mit Leuchteffekt!<\/p>\n","protected":false},"excerpt":{"rendered":"<div class=\"product-details__excerpt order-2\">\n<ul>\n<li>4-fach h\u00f6henverstellbare Lenkstange,<\/li>\n<li>LED-Leuchtr\u00e4der<\/li>\n<\/ul>\n<\/div>\n","protected":false},"featured_media":13781,"comment_status":"open","ping_status":"closed","template":"","meta":{"_acf_changed":false,"inline_featured_image":false},"product-special-badges":[],"product_brand":[],"product_cat":[4289,1692,1696,1694,1686,399],"product_tag":[],"class_list":{"0":"post-14781","1":"product","2":"type-product","3":"status-publish","4":"has-post-thumbnail","6":"product_cat-2-rad-scooter-fuer-kinder","7":"product_cat-2-rad-scooter-fuer-alle-altersgruppen","8":"product_cat-faltbare-roller","9":"product_cat-light-up-scooter","10":"product_cat-flow-serie","11":"product_cat-roller-fuer-kinder","12":"pa_age-range-ab-5-jahren","13":"pa_age-range-ab-6-jahren","14":"pa_age-range-ab-7-jahren","15":"pa_age-range-8y-to-adults","16":"pa_age-range-ab-9-jahren","17":"pa_color-teal","18":"pa_color-navy-blue","19":"pa_ean-3375","20":"pa_ean-3377","21":"pa_foldable-no","22":"pa_maximales-benutzergewicht-100kg","23":"pa_product-type-zweirad-scooter","24":"pa_produktkategorie-roller","25":"pa_recommended-user-height-110-200cm","26":"pa_series-flow-serie","27":"pa_t-bar-4-fach-hoehenverstellbar","29":"first","30":"instock","31":"taxable","32":"shipping-taxable","33":"purchasable","34":"product-type-variable"},"bundled_by":[],"bundle_stock_status":"instock","bundle_stock_quantity":null,"bundle_virtual":false,"bundle_layout":"","bundle_add_to_cart_form_location":"","bundle_editable_in_cart":false,"bundle_sold_individually_context":"","bundle_item_grouping":"","bundle_min_size":"","bundle_max_size":"","bundled_items":[],"bundle_sell_ids":[],"acf":[],"yoast_head":"<!-- This site is optimized with the Yoast SEO Premium plugin v20.12 (Yoast SEO v23.4) - https:\/\/yoast.com\/wordpress\/plugins\/seo\/ -->\n<title>FLOW 125 LIGHTS: Verstellbarer 2-Rad Leuchtroller<\/title>\n<meta name=\"description\" content=\"Robuster 2-Rad-Roller mit batterielosen LED-Leuchtr\u00e4dern und einem verst\u00e4rkten, rutschfesten Deck\u00a0f\u00fcr Kinder und Jugendliche (ab 5 Jahren)\" \/>\n<meta name=\"robots\" content=\"index, follow, max-snippet:-1, max-image-preview:large, max-video-preview:-1\" \/>\n<link rel=\"canonical\" href=\"https:\/\/www.globber.com\/de\/product\/flow-125-lights\/\" \/>\n<meta property=\"og:locale\" content=\"de_DE\" \/>\n<meta property=\"og:type\" content=\"article\" \/>\n<meta property=\"og:title\" content=\"FLOW 125 LIGHTS: Verstellbarer 2-Rad Leuchtroller\" \/>\n<meta property=\"og:description\" content=\"Robuster 2-Rad-Roller mit batterielosen LED-Leuchtr\u00e4dern und einem verst\u00e4rkten, rutschfesten Deck\u00a0f\u00fcr Kinder und Jugendliche (ab 5 Jahren)\" \/>\n<meta property=\"og:url\" content=\"https:\/\/www.globber.com\/de\/product\/flow-125-lights\/\" \/>\n<meta property=\"og:site_name\" content=\"Globber Deutschland\" \/>\n<meta property=\"article:modified_time\" content=\"2026-04-14T01:01:34+00:00\" \/>\n<meta property=\"og:image\" content=\"https:\/\/cdn.globber.com\/content\/sites\/13\/2025\/06\/683d54bed8cfb.jpg\" \/>\n\t<meta property=\"og:image:width\" content=\"2048\" \/>\n\t<meta property=\"og:image:height\" content=\"2048\" \/>\n\t<meta property=\"og:image:type\" content=\"image\/jpeg\" \/>\n<meta name=\"twitter:card\" content=\"summary_large_image\" \/>\n<meta name=\"twitter:label1\" content=\"Availability\" \/>\n\t<meta name=\"twitter:data1\" content=\"In stock\" \/>\n<script type=\"application\/ld+json\" class=\"yoast-schema-graph\">{\"@context\":\"https:\/\/schema.org\",\"@graph\":[{\"@type\":[\"WebPage\",\"ItemPage\"],\"@id\":\"https:\/\/www.globber.com\/de\/product\/flow-125-lights\/\",\"url\":\"https:\/\/www.globber.com\/de\/product\/flow-125-lights\/\",\"name\":\"FLOW 125 LIGHTS: Verstellbarer 2-Rad Leuchtroller\",\"isPartOf\":{\"@id\":\"https:\/\/www.globber.com\/de\/#website\"},\"primaryImageOfPage\":{\"@id\":\"https:\/\/www.globber.com\/de\/product\/flow-125-lights\/#primaryimage\"},\"image\":{\"@id\":\"https:\/\/www.globber.com\/de\/product\/flow-125-lights\/#primaryimage\"},\"thumbnailUrl\":\"https:\/\/cdn.globber.com\/content\/sites\/13\/2025\/06\/683d54bed8cfb.jpg\",\"datePublished\":\"2025-06-11T08:43:35+00:00\",\"dateModified\":\"2026-04-14T01:01:34+00:00\",\"description\":\"Robuster 2-Rad-Roller mit batterielosen LED-Leuchtr\u00e4dern und einem verst\u00e4rkten, rutschfesten Deck\u00a0f\u00fcr Kinder und Jugendliche (ab 5 Jahren)\",\"breadcrumb\":{\"@id\":\"https:\/\/www.globber.com\/de\/product\/flow-125-lights\/#breadcrumb\"},\"inLanguage\":\"de\",\"potentialAction\":[{\"@type\":\"ReadAction\",\"target\":[\"https:\/\/www.globber.com\/de\/product\/flow-125-lights\/\"]}]},{\"@type\":\"ImageObject\",\"inLanguage\":\"de\",\"@id\":\"https:\/\/www.globber.com\/de\/product\/flow-125-lights\/#primaryimage\",\"url\":\"https:\/\/cdn.globber.com\/content\/sites\/13\/2025\/06\/683d54bed8cfb.jpg\",\"contentUrl\":\"https:\/\/cdn.globber.com\/content\/sites\/13\/2025\/06\/683d54bed8cfb.jpg\",\"width\":2048,\"height\":2048},{\"@type\":\"BreadcrumbList\",\"@id\":\"https:\/\/www.globber.com\/de\/product\/flow-125-lights\/#breadcrumb\",\"itemListElement\":[{\"@type\":\"ListItem\",\"position\":1,\"name\":\"Alle Produkte\",\"item\":\"https:\/\/www.globber.com\/de\/shop-by-product\/\"},{\"@type\":\"ListItem\",\"position\":2,\"name\":\"FLOW 125 LIGHTS\"}]},{\"@type\":\"WebSite\",\"@id\":\"https:\/\/www.globber.com\/de\/#website\",\"url\":\"https:\/\/www.globber.com\/de\/\",\"name\":\"Globber Deutschland\",\"description\":\"Die Welt auf R\u00e4dern | Globber.com\",\"publisher\":{\"@id\":\"https:\/\/www.globber.com\/de\/#organization\"},\"potentialAction\":[{\"@type\":\"SearchAction\",\"target\":{\"@type\":\"EntryPoint\",\"urlTemplate\":\"https:\/\/www.globber.com\/de\/?s={search_term_string}\"},\"query-input\":{\"@type\":\"PropertyValueSpecification\",\"valueRequired\":true,\"valueName\":\"search_term_string\"}}],\"inLanguage\":\"de\"},{\"@type\":\"Organization\",\"@id\":\"https:\/\/www.globber.com\/de\/#organization\",\"name\":\"Globber Deutschland\",\"url\":\"https:\/\/www.globber.com\/de\/\",\"logo\":{\"@type\":\"ImageObject\",\"inLanguage\":\"de\",\"@id\":\"https:\/\/www.globber.com\/de\/#\/schema\/logo\/image\/\",\"url\":\"https:\/\/cdn.globber.com\/content\/sites\/13\/2024\/05\/logo.svg\",\"contentUrl\":\"https:\/\/cdn.globber.com\/content\/sites\/13\/2024\/05\/logo.svg\",\"width\":601,\"height\":112,\"caption\":\"Globber Deutschland\"},\"image\":{\"@id\":\"https:\/\/www.globber.com\/de\/#\/schema\/logo\/image\/\"}}]}<\/script>\n<meta property=\"og:availability\" content=\"instock\" \/>\n<meta property=\"product:availability\" content=\"instock\" \/>\n<meta property=\"product:retailer_item_id\" content=\"772-XXX\" \/>\n<meta property=\"product:condition\" content=\"new\" \/>\n<!-- \/ Yoast SEO Premium plugin. -->","yoast_head_json":{"title":"FLOW 125 LIGHTS: Verstellbarer 2-Rad Leuchtroller","description":"Robuster 2-Rad-Roller mit batterielosen LED-Leuchtr\u00e4dern und einem verst\u00e4rkten, rutschfesten Deck\u00a0f\u00fcr Kinder und Jugendliche (ab 5 Jahren)","robots":{"index":"index","follow":"follow","max-snippet":"max-snippet:-1","max-image-preview":"max-image-preview:large","max-video-preview":"max-video-preview:-1"},"canonical":"https:\/\/www.globber.com\/de\/product\/flow-125-lights\/","og_locale":"de_DE","og_type":"article","og_title":"FLOW 125 LIGHTS: Verstellbarer 2-Rad Leuchtroller","og_description":"Robuster 2-Rad-Roller mit batterielosen LED-Leuchtr\u00e4dern und einem verst\u00e4rkten, rutschfesten Deck\u00a0f\u00fcr Kinder und Jugendliche (ab 5 Jahren)","og_url":"https:\/\/www.globber.com\/de\/product\/flow-125-lights\/","og_site_name":"Globber Deutschland","article_modified_time":"2026-04-14T01:01:34+00:00","og_image":[{"width":2048,"height":2048,"url":"https:\/\/cdn.globber.com\/content\/sites\/13\/2025\/06\/683d54bed8cfb.jpg","type":"image\/jpeg"}],"twitter_card":"summary_large_image","twitter_misc":{"Availability":"In stock"},"schema":{"@context":"https:\/\/schema.org","@graph":[{"@type":["WebPage","ItemPage"],"@id":"https:\/\/www.globber.com\/de\/product\/flow-125-lights\/","url":"https:\/\/www.globber.com\/de\/product\/flow-125-lights\/","name":"FLOW 125 LIGHTS: Verstellbarer 2-Rad Leuchtroller","isPartOf":{"@id":"https:\/\/www.globber.com\/de\/#website"},"primaryImageOfPage":{"@id":"https:\/\/www.globber.com\/de\/product\/flow-125-lights\/#primaryimage"},"image":{"@id":"https:\/\/www.globber.com\/de\/product\/flow-125-lights\/#primaryimage"},"thumbnailUrl":"https:\/\/cdn.globber.com\/content\/sites\/13\/2025\/06\/683d54bed8cfb.jpg","datePublished":"2025-06-11T08:43:35+00:00","dateModified":"2026-04-14T01:01:34+00:00","description":"Robuster 2-Rad-Roller mit batterielosen LED-Leuchtr\u00e4dern und einem verst\u00e4rkten, rutschfesten Deck\u00a0f\u00fcr Kinder und Jugendliche (ab 5 Jahren)","breadcrumb":{"@id":"https:\/\/www.globber.com\/de\/product\/flow-125-lights\/#breadcrumb"},"inLanguage":"de","potentialAction":[{"@type":"ReadAction","target":["https:\/\/www.globber.com\/de\/product\/flow-125-lights\/"]}]},{"@type":"ImageObject","inLanguage":"de","@id":"https:\/\/www.globber.com\/de\/product\/flow-125-lights\/#primaryimage","url":"https:\/\/cdn.globber.com\/content\/sites\/13\/2025\/06\/683d54bed8cfb.jpg","contentUrl":"https:\/\/cdn.globber.com\/content\/sites\/13\/2025\/06\/683d54bed8cfb.jpg","width":2048,"height":2048},{"@type":"BreadcrumbList","@id":"https:\/\/www.globber.com\/de\/product\/flow-125-lights\/#breadcrumb","itemListElement":[{"@type":"ListItem","position":1,"name":"Alle Produkte","item":"https:\/\/www.globber.com\/de\/shop-by-product\/"},{"@type":"ListItem","position":2,"name":"FLOW 125 LIGHTS"}]},{"@type":"WebSite","@id":"https:\/\/www.globber.com\/de\/#website","url":"https:\/\/www.globber.com\/de\/","name":"Globber Deutschland","description":"Die Welt auf R\u00e4dern | Globber.com","publisher":{"@id":"https:\/\/www.globber.com\/de\/#organization"},"potentialAction":[{"@type":"SearchAction","target":{"@type":"EntryPoint","urlTemplate":"https:\/\/www.globber.com\/de\/?s={search_term_string}"},"query-input":{"@type":"PropertyValueSpecification","valueRequired":true,"valueName":"search_term_string"}}],"inLanguage":"de"},{"@type":"Organization","@id":"https:\/\/www.globber.com\/de\/#organization","name":"Globber Deutschland","url":"https:\/\/www.globber.com\/de\/","logo":{"@type":"ImageObject","inLanguage":"de","@id":"https:\/\/www.globber.com\/de\/#\/schema\/logo\/image\/","url":"https:\/\/cdn.globber.com\/content\/sites\/13\/2024\/05\/logo.svg","contentUrl":"https:\/\/cdn.globber.com\/content\/sites\/13\/2024\/05\/logo.svg","width":601,"height":112,"caption":"Globber Deutschland"},"image":{"@id":"https:\/\/www.globber.com\/de\/#\/schema\/logo\/image\/"}}]},"og_availability":"instock","product_availability":"instock","product_retailer_item_id":"772-XXX","product_condition":"new"},"_links":{"self":[{"href":"https:\/\/www.globber.com\/de\/wp-json\/wp\/v2\/product\/14781","targetHints":{"allow":["GET"]}}],"collection":[{"href":"https:\/\/www.globber.com\/de\/wp-json\/wp\/v2\/product"}],"about":[{"href":"https:\/\/www.globber.com\/de\/wp-json\/wp\/v2\/types\/product"}],"replies":[{"embeddable":true,"href":"https:\/\/www.globber.com\/de\/wp-json\/wp\/v2\/comments?post=14781"}],"wp:featuredmedia":[{"embeddable":true,"href":"https:\/\/www.globber.com\/de\/wp-json\/wp\/v2\/media\/13781"}],"wp:attachment":[{"href":"https:\/\/www.globber.com\/de\/wp-json\/wp\/v2\/media?parent=14781"}],"wp:term":[{"taxonomy":"product-special-badges","embeddable":true,"href":"https:\/\/www.globber.com\/de\/wp-json\/wp\/v2\/product-special-badges?post=14781"},{"taxonomy":"product_brand","embeddable":true,"href":"https:\/\/www.globber.com\/de\/wp-json\/wp\/v2\/product_brand?post=14781"},{"taxonomy":"product_cat","embeddable":true,"href":"https:\/\/www.globber.com\/de\/wp-json\/wp\/v2\/product_cat?post=14781"},{"taxonomy":"product_tag","embeddable":true,"href":"https:\/\/www.globber.com\/de\/wp-json\/wp\/v2\/product_tag?post=14781"}],"curies":[{"name":"wp","href":"https:\/\/api.w.org\/{rel}","templated":true}]}}