{"id":15521,"date":"2025-07-10T13:06:17","date_gmt":"2025-07-10T11:06:17","guid":{"rendered":"https:\/\/www.globber.com\/de\/?post_type=product&#038;p=15521"},"modified":"2026-05-13T03:01:50","modified_gmt":"2026-05-13T01:01:50","slug":"connect-360","status":"publish","type":"product","link":"https:\/\/www.globber.com\/de\/product\/connect-360\/","title":{"rendered":"CONNECT 360\u00b0"},"content":{"rendered":"<p data-start=\"0\" data-end=\"203\">Entdecke <strong>CONNECT 360\u00b0<\/strong> \u2013 dein smarter Helfer f\u00fcr grenzenlose Mobilit\u00e4t. Kombiniere ganz einfach deinen STROLL\u2022LITE Kinderwagen mit dem GO\u2022UP 360\u00b0 Aufsitzroller und erlebe doppelten Fahrspa\u00df f\u00fcr zwei Kids.<\/p>\n<p data-start=\"205\" data-end=\"505\">Ideal f\u00fcr Familien, die gemeinsam Abenteuer suchen: W\u00e4hrend das eine Kind bequem im STROLL\u2022LITE sitzt, kann das andere bereits auf dem GO\u2022UP 360\u00b0 die ersten Runden drehen. Und wenn dein Gro\u00dfer mutig genug ist, l\u00e4sst du ihn solo losflitzen, w\u00e4hrend du entspannt mit dem STROLL\u2022LITE hinterhergehst.<\/p>\n<p data-start=\"507\" data-end=\"663\">Ob Cruisen oder Chillen \u2013 mit <strong>CONNECT 360\u00b0<\/strong> wechselst du im Handumdrehen zwischen Spaziergang und Roller-Action. Mach jeden Ausflug zum gemeinsamen Erlebnis!<\/p>\n<p>&nbsp;<\/p>\n","protected":false},"excerpt":{"rendered":"<p>Kompatibel mit allen Modellen<\/p>\n","protected":false},"featured_media":15262,"comment_status":"open","ping_status":"closed","template":"","meta":{"_acf_changed":false,"inline_featured_image":false},"product-special-badges":[],"product_brand":[],"product_cat":[601,4084],"product_tag":[4244],"class_list":{"0":"post-15521","1":"product","2":"type-product","3":"status-publish","4":"has-post-thumbnail","6":"product_cat-scooter-zubehoer","7":"product_cat-stroller","8":"product_tag-translate","9":"pa_color-black","10":"pa_ean-4895224412779-2","11":"pa_product-type-zusatzteile","12":"pa_produktkategorie-zubehoer","14":"first","15":"instock","16":"taxable","17":"shipping-taxable","18":"purchasable","19":"product-type-simple"},"bundled_by":[],"bundle_stock_status":"instock","bundle_stock_quantity":null,"bundle_virtual":false,"bundle_layout":"","bundle_add_to_cart_form_location":"","bundle_editable_in_cart":false,"bundle_sold_individually_context":"","bundle_item_grouping":"","bundle_min_size":"","bundle_max_size":"","bundled_items":[],"bundle_sell_ids":[],"acf":[],"yoast_head":"<!-- This site is optimized with the Yoast SEO Premium plugin v20.12 (Yoast SEO v23.4) - https:\/\/yoast.com\/wordpress\/plugins\/seo\/ -->\n<title>CONNECT 360\u00b0: Praktisches Verbindungsmodul<\/title>\n<meta name=\"description\" content=\"Verbinde STROLL\u2022LITE und GO\u2022UP 360\u00b0 mit dem CONNECT-360\u00b0-System f\u00fcr Doppelspa\u00df: Nahtloser Wechsel zwischen Kinderwagen und Aufsitzroller.\" \/>\n<meta name=\"robots\" content=\"index, follow, max-snippet:-1, max-image-preview:large, max-video-preview:-1\" \/>\n<link rel=\"canonical\" href=\"https:\/\/www.globber.com\/de\/product\/connect-360\/\" \/>\n<meta property=\"og:locale\" content=\"de_DE\" \/>\n<meta property=\"og:type\" content=\"article\" \/>\n<meta property=\"og:title\" content=\"CONNECT 360\u00b0: Praktisches Verbindungsmodul\" \/>\n<meta property=\"og:description\" content=\"Verbinde STROLL\u2022LITE und GO\u2022UP 360\u00b0 mit dem CONNECT-360\u00b0-System f\u00fcr Doppelspa\u00df: Nahtloser Wechsel zwischen Kinderwagen und Aufsitzroller.\" \/>\n<meta property=\"og:url\" content=\"https:\/\/www.globber.com\/de\/product\/connect-360\/\" \/>\n<meta property=\"og:site_name\" content=\"Globber Deutschland\" \/>\n<meta property=\"article:modified_time\" content=\"2026-05-13T01:01:50+00:00\" \/>\n<meta property=\"og:image\" content=\"https:\/\/cdn.globber.com\/content\/sites\/13\/2025\/07\/686f573496783.jpg\" \/>\n\t<meta property=\"og:image:width\" content=\"2048\" \/>\n\t<meta property=\"og:image:height\" content=\"2048\" \/>\n\t<meta property=\"og:image:type\" content=\"image\/jpeg\" \/>\n<meta name=\"twitter:card\" content=\"summary_large_image\" \/>\n<meta name=\"twitter:label1\" content=\"Preis\" \/>\n\t<meta name=\"twitter:data1\" content=\"&euro;39,99\" \/>\n\t<meta name=\"twitter:label2\" content=\"Availability\" \/>\n\t<meta name=\"twitter:data2\" content=\"In stock\" \/>\n<script type=\"application\/ld+json\" class=\"yoast-schema-graph\">{\"@context\":\"https:\/\/schema.org\",\"@graph\":[{\"@type\":[\"WebPage\",\"ItemPage\"],\"@id\":\"https:\/\/www.globber.com\/de\/product\/connect-360\/\",\"url\":\"https:\/\/www.globber.com\/de\/product\/connect-360\/\",\"name\":\"CONNECT 360\u00b0: Praktisches Verbindungsmodul\",\"isPartOf\":{\"@id\":\"https:\/\/www.globber.com\/de\/#website\"},\"primaryImageOfPage\":{\"@id\":\"https:\/\/www.globber.com\/de\/product\/connect-360\/#primaryimage\"},\"image\":{\"@id\":\"https:\/\/www.globber.com\/de\/product\/connect-360\/#primaryimage\"},\"thumbnailUrl\":\"https:\/\/cdn.globber.com\/content\/sites\/13\/2025\/07\/686f573496783.jpg\",\"datePublished\":\"2025-07-10T11:06:17+00:00\",\"dateModified\":\"2026-05-13T01:01:50+00:00\",\"description\":\"Verbinde STROLL\u2022LITE und GO\u2022UP 360\u00b0 mit dem CONNECT-360\u00b0-System f\u00fcr Doppelspa\u00df: Nahtloser Wechsel zwischen Kinderwagen und Aufsitzroller.\",\"breadcrumb\":{\"@id\":\"https:\/\/www.globber.com\/de\/product\/connect-360\/#breadcrumb\"},\"inLanguage\":\"de\",\"potentialAction\":[{\"@type\":\"ReadAction\",\"target\":[\"https:\/\/www.globber.com\/de\/product\/connect-360\/\"]}]},{\"@type\":\"ImageObject\",\"inLanguage\":\"de\",\"@id\":\"https:\/\/www.globber.com\/de\/product\/connect-360\/#primaryimage\",\"url\":\"https:\/\/cdn.globber.com\/content\/sites\/13\/2025\/07\/686f573496783.jpg\",\"contentUrl\":\"https:\/\/cdn.globber.com\/content\/sites\/13\/2025\/07\/686f573496783.jpg\",\"width\":2048,\"height\":2048},{\"@type\":\"BreadcrumbList\",\"@id\":\"https:\/\/www.globber.com\/de\/product\/connect-360\/#breadcrumb\",\"itemListElement\":[{\"@type\":\"ListItem\",\"position\":1,\"name\":\"Alle Produkte\",\"item\":\"https:\/\/www.globber.com\/de\/shop-by-product\/\"},{\"@type\":\"ListItem\",\"position\":2,\"name\":\"CONNECT 360\u00b0\"}]},{\"@type\":\"WebSite\",\"@id\":\"https:\/\/www.globber.com\/de\/#website\",\"url\":\"https:\/\/www.globber.com\/de\/\",\"name\":\"Globber Deutschland\",\"description\":\"Die Welt auf R\u00e4dern | Globber.com\",\"publisher\":{\"@id\":\"https:\/\/www.globber.com\/de\/#organization\"},\"potentialAction\":[{\"@type\":\"SearchAction\",\"target\":{\"@type\":\"EntryPoint\",\"urlTemplate\":\"https:\/\/www.globber.com\/de\/?s={search_term_string}\"},\"query-input\":{\"@type\":\"PropertyValueSpecification\",\"valueRequired\":true,\"valueName\":\"search_term_string\"}}],\"inLanguage\":\"de\"},{\"@type\":\"Organization\",\"@id\":\"https:\/\/www.globber.com\/de\/#organization\",\"name\":\"Globber Deutschland\",\"url\":\"https:\/\/www.globber.com\/de\/\",\"logo\":{\"@type\":\"ImageObject\",\"inLanguage\":\"de\",\"@id\":\"https:\/\/www.globber.com\/de\/#\/schema\/logo\/image\/\",\"url\":\"https:\/\/cdn.globber.com\/content\/sites\/13\/2024\/05\/logo.svg\",\"contentUrl\":\"https:\/\/cdn.globber.com\/content\/sites\/13\/2024\/05\/logo.svg\",\"width\":601,\"height\":112,\"caption\":\"Globber Deutschland\"},\"image\":{\"@id\":\"https:\/\/www.globber.com\/de\/#\/schema\/logo\/image\/\"}}]}<\/script>\n<meta property=\"product:price:amount\" content=\"39.99\" \/>\n<meta property=\"product:price:currency\" content=\"EUR\" \/>\n<meta property=\"og:availability\" content=\"instock\" \/>\n<meta property=\"product:availability\" content=\"instock\" \/>\n<meta property=\"product:retailer_item_id\" content=\"539-001\" \/>\n<meta property=\"product:condition\" content=\"new\" \/>\n<!-- \/ Yoast SEO Premium plugin. -->","yoast_head_json":{"title":"CONNECT 360\u00b0: Praktisches Verbindungsmodul","description":"Verbinde STROLL\u2022LITE und GO\u2022UP 360\u00b0 mit dem CONNECT-360\u00b0-System f\u00fcr Doppelspa\u00df: Nahtloser Wechsel zwischen Kinderwagen und Aufsitzroller.","robots":{"index":"index","follow":"follow","max-snippet":"max-snippet:-1","max-image-preview":"max-image-preview:large","max-video-preview":"max-video-preview:-1"},"canonical":"https:\/\/www.globber.com\/de\/product\/connect-360\/","og_locale":"de_DE","og_type":"article","og_title":"CONNECT 360\u00b0: Praktisches Verbindungsmodul","og_description":"Verbinde STROLL\u2022LITE und GO\u2022UP 360\u00b0 mit dem CONNECT-360\u00b0-System f\u00fcr Doppelspa\u00df: Nahtloser Wechsel zwischen Kinderwagen und Aufsitzroller.","og_url":"https:\/\/www.globber.com\/de\/product\/connect-360\/","og_site_name":"Globber Deutschland","article_modified_time":"2026-05-13T01:01:50+00:00","og_image":[{"width":2048,"height":2048,"url":"https:\/\/cdn.globber.com\/content\/sites\/13\/2025\/07\/686f573496783.jpg","type":"image\/jpeg"}],"twitter_card":"summary_large_image","twitter_misc":{"Preis":"&euro;39,99","Availability":"In stock"},"schema":{"@context":"https:\/\/schema.org","@graph":[{"@type":["WebPage","ItemPage"],"@id":"https:\/\/www.globber.com\/de\/product\/connect-360\/","url":"https:\/\/www.globber.com\/de\/product\/connect-360\/","name":"CONNECT 360\u00b0: Praktisches Verbindungsmodul","isPartOf":{"@id":"https:\/\/www.globber.com\/de\/#website"},"primaryImageOfPage":{"@id":"https:\/\/www.globber.com\/de\/product\/connect-360\/#primaryimage"},"image":{"@id":"https:\/\/www.globber.com\/de\/product\/connect-360\/#primaryimage"},"thumbnailUrl":"https:\/\/cdn.globber.com\/content\/sites\/13\/2025\/07\/686f573496783.jpg","datePublished":"2025-07-10T11:06:17+00:00","dateModified":"2026-05-13T01:01:50+00:00","description":"Verbinde STROLL\u2022LITE und GO\u2022UP 360\u00b0 mit dem CONNECT-360\u00b0-System f\u00fcr Doppelspa\u00df: Nahtloser Wechsel zwischen Kinderwagen und Aufsitzroller.","breadcrumb":{"@id":"https:\/\/www.globber.com\/de\/product\/connect-360\/#breadcrumb"},"inLanguage":"de","potentialAction":[{"@type":"ReadAction","target":["https:\/\/www.globber.com\/de\/product\/connect-360\/"]}]},{"@type":"ImageObject","inLanguage":"de","@id":"https:\/\/www.globber.com\/de\/product\/connect-360\/#primaryimage","url":"https:\/\/cdn.globber.com\/content\/sites\/13\/2025\/07\/686f573496783.jpg","contentUrl":"https:\/\/cdn.globber.com\/content\/sites\/13\/2025\/07\/686f573496783.jpg","width":2048,"height":2048},{"@type":"BreadcrumbList","@id":"https:\/\/www.globber.com\/de\/product\/connect-360\/#breadcrumb","itemListElement":[{"@type":"ListItem","position":1,"name":"Alle Produkte","item":"https:\/\/www.globber.com\/de\/shop-by-product\/"},{"@type":"ListItem","position":2,"name":"CONNECT 360\u00b0"}]},{"@type":"WebSite","@id":"https:\/\/www.globber.com\/de\/#website","url":"https:\/\/www.globber.com\/de\/","name":"Globber Deutschland","description":"Die Welt auf R\u00e4dern | Globber.com","publisher":{"@id":"https:\/\/www.globber.com\/de\/#organization"},"potentialAction":[{"@type":"SearchAction","target":{"@type":"EntryPoint","urlTemplate":"https:\/\/www.globber.com\/de\/?s={search_term_string}"},"query-input":{"@type":"PropertyValueSpecification","valueRequired":true,"valueName":"search_term_string"}}],"inLanguage":"de"},{"@type":"Organization","@id":"https:\/\/www.globber.com\/de\/#organization","name":"Globber Deutschland","url":"https:\/\/www.globber.com\/de\/","logo":{"@type":"ImageObject","inLanguage":"de","@id":"https:\/\/www.globber.com\/de\/#\/schema\/logo\/image\/","url":"https:\/\/cdn.globber.com\/content\/sites\/13\/2024\/05\/logo.svg","contentUrl":"https:\/\/cdn.globber.com\/content\/sites\/13\/2024\/05\/logo.svg","width":601,"height":112,"caption":"Globber Deutschland"},"image":{"@id":"https:\/\/www.globber.com\/de\/#\/schema\/logo\/image\/"}}]},"product_price_amount":"39.99","product_price_currency":"EUR","og_availability":"instock","product_availability":"instock","product_retailer_item_id":"539-001","product_condition":"new"},"_links":{"self":[{"href":"https:\/\/www.globber.com\/de\/wp-json\/wp\/v2\/product\/15521","targetHints":{"allow":["GET"]}}],"collection":[{"href":"https:\/\/www.globber.com\/de\/wp-json\/wp\/v2\/product"}],"about":[{"href":"https:\/\/www.globber.com\/de\/wp-json\/wp\/v2\/types\/product"}],"replies":[{"embeddable":true,"href":"https:\/\/www.globber.com\/de\/wp-json\/wp\/v2\/comments?post=15521"}],"wp:featuredmedia":[{"embeddable":true,"href":"https:\/\/www.globber.com\/de\/wp-json\/wp\/v2\/media\/15262"}],"wp:attachment":[{"href":"https:\/\/www.globber.com\/de\/wp-json\/wp\/v2\/media?parent=15521"}],"wp:term":[{"taxonomy":"product-special-badges","embeddable":true,"href":"https:\/\/www.globber.com\/de\/wp-json\/wp\/v2\/product-special-badges?post=15521"},{"taxonomy":"product_brand","embeddable":true,"href":"https:\/\/www.globber.com\/de\/wp-json\/wp\/v2\/product_brand?post=15521"},{"taxonomy":"product_cat","embeddable":true,"href":"https:\/\/www.globber.com\/de\/wp-json\/wp\/v2\/product_cat?post=15521"},{"taxonomy":"product_tag","embeddable":true,"href":"https:\/\/www.globber.com\/de\/wp-json\/wp\/v2\/product_tag?post=15521"}],"curies":[{"name":"wp","href":"https:\/\/api.w.org\/{rel}","templated":true}]}}