{"id":15638,"date":"2025-07-22T12:07:07","date_gmt":"2025-07-22T10:07:07","guid":{"rendered":"https:\/\/www.globber.com\/de\/?post_type=product&#038;p=15638"},"modified":"2026-05-12T03:02:34","modified_gmt":"2026-05-12T01:02:34","slug":"learning-trike-2in1-plus-ecologic","status":"publish","type":"product","link":"https:\/\/www.globber.com\/de\/product\/learning-trike-2in1-plus-ecologic\/","title":{"rendered":"LEARNING TRIKE 2in1 PLUS ECOLOGIC"},"content":{"rendered":"<p data-start=\"0\" data-end=\"416\">Entdecke das <strong>LEARNING TRIKE 2in1 PLUS ECOLOGIC<\/strong> \u2013 dein umbaubares Dreirad, das spielerisch Motorik und Gleichgewicht f\u00f6rdert! Im Trainingsmodus trittst und lenkst du, im Laufradmodus rollst du ohne Pedale auf zwei R\u00e4dern. F\u00fcr Kids von 12\u201336 Monaten, komplett werkzeuglos zusammenbaubar, mit h\u00f6henverstellbarem Sitz, abnehmbaren Pedalen und Korb, ergonomischen TPR-Griffen, leichtem Verbundrahmen und EVA-Schaumr\u00e4dern.<\/p>\n<p data-start=\"418\" data-end=\"855\">Nachhaltig unterwegs: Der Trike-Rahmen besteht zu 100 % aus GRS-zertifiziertem Recyclingkunststoff und biologisch abbaubarem Weizenstroh*. GRS garantiert den gepr\u00fcften Recyclinganteil in Alltagsprodukten \u2013 so schonst du Ressourcen und unterst\u00fctzt eine echte Kreislaufwirtschaft. Seit Oktober 2022 haben wir so \u00fcber 118 Tonnen Materialien wie Flaschen, Fischernetze und altes Spielzeug wiederverwertet.<\/p>\n<div>\n<p><strong>GO GLOBBER. GO GREENER.<\/strong><\/p>\n<p>Mehr dazu erf\u00e4hrst du\u00a0<a href=\"https:\/\/www.globber.com\/de\/nachhaltige-scooter\/\">hier.<\/a><\/p>\n<p>*In den entsprechenden Komponenten.<\/p>\n<\/div>\n","protected":false},"excerpt":{"rendered":"<ul>\n<li>Vom Dreirad zum Laufrad,<\/li>\n<li>2-fach h\u00f6henverstellbarer Sattel,<\/li>\n<li>Abnehmbare Pedale<\/li>\n<\/ul>\n","protected":false},"featured_media":16805,"comment_status":"open","ping_status":"closed","template":"","meta":{"_acf_changed":false,"inline_featured_image":false},"product-special-badges":[4172],"product_brand":[],"product_cat":[4173,4111,3560,3559,1680,1245,1630],"product_tag":[4244],"class_list":{"0":"post-15638","1":"product","2":"type-product","3":"status-publish","4":"has-post-thumbnail","6":"product_cat-sale","7":"product_cat-baby-trikes","8":"product_cat-umbaubare-fahrzeuge","9":"product_cat-globber-4in1-explorer-trike-umbaubares-dreirad-und-laufrad","10":"product_cat-ecologic-serie","11":"product_cat-learning-serie","12":"product_cat-kleinkind-scooter-trikes-balance-bikes-2","13":"product_tag-translate","14":"pa_age-range-ab-12-monaten","15":"pa_color-coconut","16":"pa_color-pistachio","17":"pa_ean-4229","18":"pa_ean-4230","19":"pa_material-100-recycelter-kunststoff","20":"pa_maximales-benutzergewicht-20kg","21":"pa_product-type-aufsitzfahrzeug","22":"pa_product-type-laufrad","23":"pa_product-type-dreirad","24":"pa_produktkategorie-lernfahrzeug","25":"pa_produktkategorie-umbaubares-fahrzeug","26":"pa_recommended-user-height-70-95cm","27":"pa_series-ecologic-serie","28":"pa_series-learning-serie","29":"pa_umbaubar-ja","31":"first","32":"instock","33":"sale","34":"taxable","35":"shipping-taxable","36":"purchasable","37":"product-type-variable"},"bundled_by":[],"bundle_stock_status":"instock","bundle_stock_quantity":null,"bundle_virtual":false,"bundle_layout":"","bundle_add_to_cart_form_location":"","bundle_editable_in_cart":false,"bundle_sold_individually_context":"","bundle_item_grouping":"","bundle_min_size":"","bundle_max_size":"","bundled_items":[],"bundle_sell_ids":[],"acf":[],"yoast_head":"<!-- This site is optimized with the Yoast SEO Premium plugin v20.12 (Yoast SEO v23.4) - https:\/\/yoast.com\/wordpress\/plugins\/seo\/ -->\n<title>LEARNING TRIKE 2in1 PLUS ECOLOGIC: 2-in-1 Dreirad<\/title>\n<meta name=\"description\" content=\"Entdecke das LEARNING TRIKE 2in1 PLUS ECOLOGIC \u2013 das nachhaltige 2-in-1-Dreirad f\u00fcr Kleinkinder (12\u201336 Monate) mit werkzeuglosem Umbau.\" \/>\n<meta name=\"robots\" content=\"index, follow, max-snippet:-1, max-image-preview:large, max-video-preview:-1\" \/>\n<link rel=\"canonical\" href=\"https:\/\/www.globber.com\/de\/product\/learning-trike-2in1-plus-ecologic\/\" \/>\n<meta property=\"og:locale\" content=\"de_DE\" \/>\n<meta property=\"og:type\" content=\"article\" \/>\n<meta property=\"og:title\" content=\"LEARNING TRIKE 2in1 PLUS ECOLOGIC: 2-in-1 Dreirad\" \/>\n<meta property=\"og:description\" content=\"Entdecke das LEARNING TRIKE 2in1 PLUS ECOLOGIC \u2013 das nachhaltige 2-in-1-Dreirad f\u00fcr Kleinkinder (12\u201336 Monate) mit werkzeuglosem Umbau.\" \/>\n<meta property=\"og:url\" content=\"https:\/\/www.globber.com\/de\/product\/learning-trike-2in1-plus-ecologic\/\" \/>\n<meta property=\"og:site_name\" content=\"Globber Deutschland\" \/>\n<meta property=\"article:modified_time\" content=\"2026-05-12T01:02:34+00:00\" \/>\n<meta property=\"og:image\" content=\"https:\/\/cdn.globber.com\/content\/sites\/13\/2025\/07\/Learning-Trike-2in1.jpg\" \/>\n\t<meta property=\"og:image:width\" content=\"2048\" \/>\n\t<meta property=\"og:image:height\" content=\"2048\" \/>\n\t<meta property=\"og:image:type\" content=\"image\/jpeg\" \/>\n<meta name=\"twitter:card\" content=\"summary_large_image\" \/>\n<meta name=\"twitter:label1\" content=\"Availability\" \/>\n\t<meta name=\"twitter:data1\" content=\"In stock\" \/>\n<script type=\"application\/ld+json\" class=\"yoast-schema-graph\">{\"@context\":\"https:\/\/schema.org\",\"@graph\":[{\"@type\":[\"WebPage\",\"ItemPage\"],\"@id\":\"https:\/\/www.globber.com\/de\/product\/learning-trike-2in1-plus-ecologic\/\",\"url\":\"https:\/\/www.globber.com\/de\/product\/learning-trike-2in1-plus-ecologic\/\",\"name\":\"LEARNING TRIKE 2in1 PLUS ECOLOGIC: 2-in-1 Dreirad\",\"isPartOf\":{\"@id\":\"https:\/\/www.globber.com\/de\/#website\"},\"primaryImageOfPage\":{\"@id\":\"https:\/\/www.globber.com\/de\/product\/learning-trike-2in1-plus-ecologic\/#primaryimage\"},\"image\":{\"@id\":\"https:\/\/www.globber.com\/de\/product\/learning-trike-2in1-plus-ecologic\/#primaryimage\"},\"thumbnailUrl\":\"https:\/\/cdn.globber.com\/content\/sites\/13\/2025\/07\/Learning-Trike-2in1.jpg\",\"datePublished\":\"2025-07-22T10:07:07+00:00\",\"dateModified\":\"2026-05-12T01:02:34+00:00\",\"description\":\"Entdecke das LEARNING TRIKE 2in1 PLUS ECOLOGIC \u2013 das nachhaltige 2-in-1-Dreirad f\u00fcr Kleinkinder (12\u201336 Monate) mit werkzeuglosem Umbau.\",\"breadcrumb\":{\"@id\":\"https:\/\/www.globber.com\/de\/product\/learning-trike-2in1-plus-ecologic\/#breadcrumb\"},\"inLanguage\":\"de\",\"potentialAction\":[{\"@type\":\"ReadAction\",\"target\":[\"https:\/\/www.globber.com\/de\/product\/learning-trike-2in1-plus-ecologic\/\"]}]},{\"@type\":\"ImageObject\",\"inLanguage\":\"de\",\"@id\":\"https:\/\/www.globber.com\/de\/product\/learning-trike-2in1-plus-ecologic\/#primaryimage\",\"url\":\"https:\/\/cdn.globber.com\/content\/sites\/13\/2025\/07\/Learning-Trike-2in1.jpg\",\"contentUrl\":\"https:\/\/cdn.globber.com\/content\/sites\/13\/2025\/07\/Learning-Trike-2in1.jpg\",\"width\":2048,\"height\":2048},{\"@type\":\"BreadcrumbList\",\"@id\":\"https:\/\/www.globber.com\/de\/product\/learning-trike-2in1-plus-ecologic\/#breadcrumb\",\"itemListElement\":[{\"@type\":\"ListItem\",\"position\":1,\"name\":\"Alle Produkte\",\"item\":\"https:\/\/www.globber.com\/de\/shop-by-product\/\"},{\"@type\":\"ListItem\",\"position\":2,\"name\":\"LEARNING TRIKE 2in1 PLUS ECOLOGIC\"}]},{\"@type\":\"WebSite\",\"@id\":\"https:\/\/www.globber.com\/de\/#website\",\"url\":\"https:\/\/www.globber.com\/de\/\",\"name\":\"Globber Deutschland\",\"description\":\"Die Welt auf R\u00e4dern | Globber.com\",\"publisher\":{\"@id\":\"https:\/\/www.globber.com\/de\/#organization\"},\"potentialAction\":[{\"@type\":\"SearchAction\",\"target\":{\"@type\":\"EntryPoint\",\"urlTemplate\":\"https:\/\/www.globber.com\/de\/?s={search_term_string}\"},\"query-input\":{\"@type\":\"PropertyValueSpecification\",\"valueRequired\":true,\"valueName\":\"search_term_string\"}}],\"inLanguage\":\"de\"},{\"@type\":\"Organization\",\"@id\":\"https:\/\/www.globber.com\/de\/#organization\",\"name\":\"Globber Deutschland\",\"url\":\"https:\/\/www.globber.com\/de\/\",\"logo\":{\"@type\":\"ImageObject\",\"inLanguage\":\"de\",\"@id\":\"https:\/\/www.globber.com\/de\/#\/schema\/logo\/image\/\",\"url\":\"https:\/\/cdn.globber.com\/content\/sites\/13\/2024\/05\/logo.svg\",\"contentUrl\":\"https:\/\/cdn.globber.com\/content\/sites\/13\/2024\/05\/logo.svg\",\"width\":601,\"height\":112,\"caption\":\"Globber Deutschland\"},\"image\":{\"@id\":\"https:\/\/www.globber.com\/de\/#\/schema\/logo\/image\/\"}}]}<\/script>\n<meta property=\"og:availability\" content=\"instock\" \/>\n<meta property=\"product:availability\" content=\"instock\" \/>\n<meta property=\"product:retailer_item_id\" content=\"737-XXX\" \/>\n<meta property=\"product:condition\" content=\"new\" \/>\n<!-- \/ Yoast SEO Premium plugin. -->","yoast_head_json":{"title":"LEARNING TRIKE 2in1 PLUS ECOLOGIC: 2-in-1 Dreirad","description":"Entdecke das LEARNING TRIKE 2in1 PLUS ECOLOGIC \u2013 das nachhaltige 2-in-1-Dreirad f\u00fcr Kleinkinder (12\u201336 Monate) mit werkzeuglosem Umbau.","robots":{"index":"index","follow":"follow","max-snippet":"max-snippet:-1","max-image-preview":"max-image-preview:large","max-video-preview":"max-video-preview:-1"},"canonical":"https:\/\/www.globber.com\/de\/product\/learning-trike-2in1-plus-ecologic\/","og_locale":"de_DE","og_type":"article","og_title":"LEARNING TRIKE 2in1 PLUS ECOLOGIC: 2-in-1 Dreirad","og_description":"Entdecke das LEARNING TRIKE 2in1 PLUS ECOLOGIC \u2013 das nachhaltige 2-in-1-Dreirad f\u00fcr Kleinkinder (12\u201336 Monate) mit werkzeuglosem Umbau.","og_url":"https:\/\/www.globber.com\/de\/product\/learning-trike-2in1-plus-ecologic\/","og_site_name":"Globber Deutschland","article_modified_time":"2026-05-12T01:02:34+00:00","og_image":[{"width":2048,"height":2048,"url":"https:\/\/cdn.globber.com\/content\/sites\/13\/2025\/07\/Learning-Trike-2in1.jpg","type":"image\/jpeg"}],"twitter_card":"summary_large_image","twitter_misc":{"Availability":"In stock"},"schema":{"@context":"https:\/\/schema.org","@graph":[{"@type":["WebPage","ItemPage"],"@id":"https:\/\/www.globber.com\/de\/product\/learning-trike-2in1-plus-ecologic\/","url":"https:\/\/www.globber.com\/de\/product\/learning-trike-2in1-plus-ecologic\/","name":"LEARNING TRIKE 2in1 PLUS ECOLOGIC: 2-in-1 Dreirad","isPartOf":{"@id":"https:\/\/www.globber.com\/de\/#website"},"primaryImageOfPage":{"@id":"https:\/\/www.globber.com\/de\/product\/learning-trike-2in1-plus-ecologic\/#primaryimage"},"image":{"@id":"https:\/\/www.globber.com\/de\/product\/learning-trike-2in1-plus-ecologic\/#primaryimage"},"thumbnailUrl":"https:\/\/cdn.globber.com\/content\/sites\/13\/2025\/07\/Learning-Trike-2in1.jpg","datePublished":"2025-07-22T10:07:07+00:00","dateModified":"2026-05-12T01:02:34+00:00","description":"Entdecke das LEARNING TRIKE 2in1 PLUS ECOLOGIC \u2013 das nachhaltige 2-in-1-Dreirad f\u00fcr Kleinkinder (12\u201336 Monate) mit werkzeuglosem Umbau.","breadcrumb":{"@id":"https:\/\/www.globber.com\/de\/product\/learning-trike-2in1-plus-ecologic\/#breadcrumb"},"inLanguage":"de","potentialAction":[{"@type":"ReadAction","target":["https:\/\/www.globber.com\/de\/product\/learning-trike-2in1-plus-ecologic\/"]}]},{"@type":"ImageObject","inLanguage":"de","@id":"https:\/\/www.globber.com\/de\/product\/learning-trike-2in1-plus-ecologic\/#primaryimage","url":"https:\/\/cdn.globber.com\/content\/sites\/13\/2025\/07\/Learning-Trike-2in1.jpg","contentUrl":"https:\/\/cdn.globber.com\/content\/sites\/13\/2025\/07\/Learning-Trike-2in1.jpg","width":2048,"height":2048},{"@type":"BreadcrumbList","@id":"https:\/\/www.globber.com\/de\/product\/learning-trike-2in1-plus-ecologic\/#breadcrumb","itemListElement":[{"@type":"ListItem","position":1,"name":"Alle Produkte","item":"https:\/\/www.globber.com\/de\/shop-by-product\/"},{"@type":"ListItem","position":2,"name":"LEARNING TRIKE 2in1 PLUS ECOLOGIC"}]},{"@type":"WebSite","@id":"https:\/\/www.globber.com\/de\/#website","url":"https:\/\/www.globber.com\/de\/","name":"Globber Deutschland","description":"Die Welt auf R\u00e4dern | Globber.com","publisher":{"@id":"https:\/\/www.globber.com\/de\/#organization"},"potentialAction":[{"@type":"SearchAction","target":{"@type":"EntryPoint","urlTemplate":"https:\/\/www.globber.com\/de\/?s={search_term_string}"},"query-input":{"@type":"PropertyValueSpecification","valueRequired":true,"valueName":"search_term_string"}}],"inLanguage":"de"},{"@type":"Organization","@id":"https:\/\/www.globber.com\/de\/#organization","name":"Globber Deutschland","url":"https:\/\/www.globber.com\/de\/","logo":{"@type":"ImageObject","inLanguage":"de","@id":"https:\/\/www.globber.com\/de\/#\/schema\/logo\/image\/","url":"https:\/\/cdn.globber.com\/content\/sites\/13\/2024\/05\/logo.svg","contentUrl":"https:\/\/cdn.globber.com\/content\/sites\/13\/2024\/05\/logo.svg","width":601,"height":112,"caption":"Globber Deutschland"},"image":{"@id":"https:\/\/www.globber.com\/de\/#\/schema\/logo\/image\/"}}]},"og_availability":"instock","product_availability":"instock","product_retailer_item_id":"737-XXX","product_condition":"new"},"_links":{"self":[{"href":"https:\/\/www.globber.com\/de\/wp-json\/wp\/v2\/product\/15638","targetHints":{"allow":["GET"]}}],"collection":[{"href":"https:\/\/www.globber.com\/de\/wp-json\/wp\/v2\/product"}],"about":[{"href":"https:\/\/www.globber.com\/de\/wp-json\/wp\/v2\/types\/product"}],"replies":[{"embeddable":true,"href":"https:\/\/www.globber.com\/de\/wp-json\/wp\/v2\/comments?post=15638"}],"wp:featuredmedia":[{"embeddable":true,"href":"https:\/\/www.globber.com\/de\/wp-json\/wp\/v2\/media\/16805"}],"wp:attachment":[{"href":"https:\/\/www.globber.com\/de\/wp-json\/wp\/v2\/media?parent=15638"}],"wp:term":[{"taxonomy":"product-special-badges","embeddable":true,"href":"https:\/\/www.globber.com\/de\/wp-json\/wp\/v2\/product-special-badges?post=15638"},{"taxonomy":"product_brand","embeddable":true,"href":"https:\/\/www.globber.com\/de\/wp-json\/wp\/v2\/product_brand?post=15638"},{"taxonomy":"product_cat","embeddable":true,"href":"https:\/\/www.globber.com\/de\/wp-json\/wp\/v2\/product_cat?post=15638"},{"taxonomy":"product_tag","embeddable":true,"href":"https:\/\/www.globber.com\/de\/wp-json\/wp\/v2\/product_tag?post=15638"}],"curies":[{"name":"wp","href":"https:\/\/api.w.org\/{rel}","templated":true}]}}