{"id":15641,"date":"2025-07-22T12:07:08","date_gmt":"2025-07-22T10:07:08","guid":{"rendered":"https:\/\/www.globber.com\/de\/?post_type=product&#038;p=15641"},"modified":"2026-03-24T14:48:04","modified_gmt":"2026-03-24T13:48:04","slug":"learning-trike-3in1-plus-ecologic","status":"publish","type":"product","link":"https:\/\/www.globber.com\/de\/product\/learning-trike-3in1-plus-ecologic\/","title":{"rendered":"LEARNING TRIKE 3in1 PLUS ECOLOGIC"},"content":{"rendered":"<p data-start=\"0\" data-end=\"667\">Mit dem <strong data-start=\"8\" data-end=\"45\">LEARNING TRIKE 3in1 PLUS ECOLOGIC<\/strong> entdeckst du eine rundum nachhaltige Mobilit\u00e4tsl\u00f6sung f\u00fcr Kleinkinder von 12 bis 36 Monaten. Dank des patentierten Radwechsel-Mechanismus wandelst du das Gef\u00e4hrt im Handumdrehen vom gef\u00fchrten Dreirad zum Trainings-Trike und schlie\u00dflich zum Laufrad \u2013 ganz ohne Werkzeug.<\/p>\n<p data-start=\"0\" data-end=\"667\">Der h\u00f6henverstellbare Sattel und der anpassbare Elterngriff wachsen mit deinem Kind mit, w\u00e4hrend abnehmbare Pedale und ein praktischer Korb zus\u00e4tzlichen Komfort bieten. Der robuste Rahmen, die leichten EVA-Schaumr\u00e4der und die ergonomischen TPR-Griffe f\u00f6rdern Balance, Koordination und Selbstvertrauen in jeder Entwicklungsphase.<\/p>\n<p data-start=\"669\" data-end=\"1106\">Hergestellt aus 100 % GRS-zertifiziertem Recycling-Kunststoff und biologisch abbaubarem Weizenstroh*, leistet das ECOLOGIC-Design einen aktiven Beitrag zur Kreislaufwirtschaft \u2013 seit Oktober 2022 wurden so \u00fcber 118 Tonnen Material eingespart. Mit dem <strong>LEARNING TRIKE 3in1 PLUS ECOLOGIC<\/strong> gibst du deinem Kind nicht nur ein vielseitiges Lernfahrzeug, sondern auch ein St\u00fcck Umweltverantwortung mit auf die ersten Abenteuer auf R\u00e4dern.<\/p>\n<div>\n<p><strong>GO GLOBBER. GO GREENER.<\/strong><\/p>\n<p>Mehr dazu erf\u00e4hrst du\u00a0<a href=\"https:\/\/www.globber.com\/de\/nachhaltige-scooter\/\">hier.<\/a><\/p>\n<p>*In den entsprechenden Komponenten.<\/p>\n<\/div>\n","protected":false},"excerpt":{"rendered":"<ul>\n<li>Vom (gef\u00fchrten) Dreirad zum Laufrad,<\/li>\n<li>2-fach h\u00f6henverstellbarer Sattel,<\/li>\n<li>Abnehmbare Pedale\u00a0<\/li>\n<\/ul>\n","protected":false},"featured_media":16804,"comment_status":"open","ping_status":"closed","template":"","meta":{"_acf_changed":false,"inline_featured_image":false},"product-special-badges":[4174],"product_brand":[],"product_cat":[4111,3560,3559,1680,1245,1630],"product_tag":[4244],"class_list":{"0":"post-15641","1":"product","2":"type-product","3":"status-publish","4":"has-post-thumbnail","6":"product_cat-baby-trikes","7":"product_cat-umbaubare-fahrzeuge","8":"product_cat-globber-4in1-explorer-trike-umbaubares-dreirad-und-laufrad","9":"product_cat-ecologic-serie","10":"product_cat-learning-serie","11":"product_cat-kleinkind-scooter-trikes-balance-bikes-2","12":"product_tag-translate","13":"pa_age-range-ab-12-monaten","14":"pa_color-coconut","15":"pa_color-pistachio","16":"pa_ean-4231","17":"pa_ean-4232","18":"pa_material-100-recycelter-kunststoff","19":"pa_maximales-benutzergewicht-20kg","20":"pa_product-type-aufsitzfahrzeug","21":"pa_product-type-dreirad","22":"pa_product-type-trike","23":"pa_produktkategorie-lernfahrzeug","24":"pa_produktkategorie-umbaubares-fahrzeug","25":"pa_recommended-user-height-70-95cm","26":"pa_series-ecologic-serie","27":"pa_series-learning-serie","28":"pa_t-bar-2-fach-hoehenverstellbar","29":"pa_umbaubar-ja","31":"first","32":"outofstock","33":"taxable","34":"shipping-taxable","35":"product-type-variable"},"bundled_by":[],"bundle_stock_status":"outofstock","bundle_stock_quantity":null,"bundle_virtual":false,"bundle_layout":"","bundle_add_to_cart_form_location":"","bundle_editable_in_cart":false,"bundle_sold_individually_context":"","bundle_item_grouping":"","bundle_min_size":"","bundle_max_size":"","bundled_items":[],"bundle_sell_ids":[],"acf":[],"yoast_head":"<!-- This site is optimized with the Yoast SEO Premium plugin v20.12 (Yoast SEO v23.4) - https:\/\/yoast.com\/wordpress\/plugins\/seo\/ -->\n<title>LEARNING TRIKE 3in1 PLUS ECOLOGIC: 3-in-1 Lauflernrad<\/title>\n<meta name=\"description\" content=\"Vielseitiges 3-in-1-Lauflernrad f\u00fcr Kleinkinder (12\u201336 Monate) mit werkzeuglosem Modus-Wechsel und 100% nachhaltigem GRS-Kunststoff.\" \/>\n<meta name=\"robots\" content=\"index, follow, max-snippet:-1, max-image-preview:large, max-video-preview:-1\" \/>\n<link rel=\"canonical\" href=\"https:\/\/www.globber.com\/de\/product\/learning-trike-3in1-plus-ecologic\/\" \/>\n<meta property=\"og:locale\" content=\"de_DE\" \/>\n<meta property=\"og:type\" content=\"article\" \/>\n<meta property=\"og:title\" content=\"LEARNING TRIKE 3in1 PLUS ECOLOGIC: 3-in-1 Lauflernrad\" \/>\n<meta property=\"og:description\" content=\"Vielseitiges 3-in-1-Lauflernrad f\u00fcr Kleinkinder (12\u201336 Monate) mit werkzeuglosem Modus-Wechsel und 100% nachhaltigem GRS-Kunststoff.\" \/>\n<meta property=\"og:url\" content=\"https:\/\/www.globber.com\/de\/product\/learning-trike-3in1-plus-ecologic\/\" \/>\n<meta property=\"og:site_name\" content=\"Globber Deutschland\" \/>\n<meta property=\"article:modified_time\" content=\"2026-03-24T13:48:04+00:00\" \/>\n<meta property=\"og:image\" content=\"https:\/\/cdn.globber.com\/content\/sites\/13\/2025\/07\/Learning-Trike-3in1.jpg\" \/>\n\t<meta property=\"og:image:width\" content=\"2048\" \/>\n\t<meta property=\"og:image:height\" content=\"2048\" \/>\n\t<meta property=\"og:image:type\" content=\"image\/jpeg\" \/>\n<meta name=\"twitter:card\" content=\"summary_large_image\" \/>\n<meta name=\"twitter:label1\" content=\"Availability\" \/>\n\t<meta name=\"twitter:data1\" content=\"Out of stock\" \/>\n<script type=\"application\/ld+json\" class=\"yoast-schema-graph\">{\"@context\":\"https:\/\/schema.org\",\"@graph\":[{\"@type\":[\"WebPage\",\"ItemPage\"],\"@id\":\"https:\/\/www.globber.com\/de\/product\/learning-trike-3in1-plus-ecologic\/\",\"url\":\"https:\/\/www.globber.com\/de\/product\/learning-trike-3in1-plus-ecologic\/\",\"name\":\"LEARNING TRIKE 3in1 PLUS ECOLOGIC: 3-in-1 Lauflernrad\",\"isPartOf\":{\"@id\":\"https:\/\/www.globber.com\/de\/#website\"},\"primaryImageOfPage\":{\"@id\":\"https:\/\/www.globber.com\/de\/product\/learning-trike-3in1-plus-ecologic\/#primaryimage\"},\"image\":{\"@id\":\"https:\/\/www.globber.com\/de\/product\/learning-trike-3in1-plus-ecologic\/#primaryimage\"},\"thumbnailUrl\":\"https:\/\/cdn.globber.com\/content\/sites\/13\/2025\/07\/Learning-Trike-3in1.jpg\",\"datePublished\":\"2025-07-22T10:07:08+00:00\",\"dateModified\":\"2026-03-24T13:48:04+00:00\",\"description\":\"Vielseitiges 3-in-1-Lauflernrad f\u00fcr Kleinkinder (12\u201336 Monate) mit werkzeuglosem Modus-Wechsel und 100% nachhaltigem GRS-Kunststoff.\",\"breadcrumb\":{\"@id\":\"https:\/\/www.globber.com\/de\/product\/learning-trike-3in1-plus-ecologic\/#breadcrumb\"},\"inLanguage\":\"de\",\"potentialAction\":[{\"@type\":\"ReadAction\",\"target\":[\"https:\/\/www.globber.com\/de\/product\/learning-trike-3in1-plus-ecologic\/\"]}]},{\"@type\":\"ImageObject\",\"inLanguage\":\"de\",\"@id\":\"https:\/\/www.globber.com\/de\/product\/learning-trike-3in1-plus-ecologic\/#primaryimage\",\"url\":\"https:\/\/cdn.globber.com\/content\/sites\/13\/2025\/07\/Learning-Trike-3in1.jpg\",\"contentUrl\":\"https:\/\/cdn.globber.com\/content\/sites\/13\/2025\/07\/Learning-Trike-3in1.jpg\",\"width\":2048,\"height\":2048},{\"@type\":\"BreadcrumbList\",\"@id\":\"https:\/\/www.globber.com\/de\/product\/learning-trike-3in1-plus-ecologic\/#breadcrumb\",\"itemListElement\":[{\"@type\":\"ListItem\",\"position\":1,\"name\":\"Alle Produkte\",\"item\":\"https:\/\/www.globber.com\/de\/shop-by-product\/\"},{\"@type\":\"ListItem\",\"position\":2,\"name\":\"LEARNING TRIKE 3in1 PLUS ECOLOGIC\"}]},{\"@type\":\"WebSite\",\"@id\":\"https:\/\/www.globber.com\/de\/#website\",\"url\":\"https:\/\/www.globber.com\/de\/\",\"name\":\"Globber Deutschland\",\"description\":\"Die Welt auf R\u00e4dern | Globber.com\",\"publisher\":{\"@id\":\"https:\/\/www.globber.com\/de\/#organization\"},\"potentialAction\":[{\"@type\":\"SearchAction\",\"target\":{\"@type\":\"EntryPoint\",\"urlTemplate\":\"https:\/\/www.globber.com\/de\/?s={search_term_string}\"},\"query-input\":{\"@type\":\"PropertyValueSpecification\",\"valueRequired\":true,\"valueName\":\"search_term_string\"}}],\"inLanguage\":\"de\"},{\"@type\":\"Organization\",\"@id\":\"https:\/\/www.globber.com\/de\/#organization\",\"name\":\"Globber Deutschland\",\"url\":\"https:\/\/www.globber.com\/de\/\",\"logo\":{\"@type\":\"ImageObject\",\"inLanguage\":\"de\",\"@id\":\"https:\/\/www.globber.com\/de\/#\/schema\/logo\/image\/\",\"url\":\"https:\/\/cdn.globber.com\/content\/sites\/13\/2024\/05\/logo.svg\",\"contentUrl\":\"https:\/\/cdn.globber.com\/content\/sites\/13\/2024\/05\/logo.svg\",\"width\":601,\"height\":112,\"caption\":\"Globber Deutschland\"},\"image\":{\"@id\":\"https:\/\/www.globber.com\/de\/#\/schema\/logo\/image\/\"}}]}<\/script>\n<meta property=\"og:availability\" content=\"out of stock\" \/>\n<meta property=\"product:availability\" content=\"out of stock\" \/>\n<meta property=\"product:retailer_item_id\" content=\"738-XXX\" \/>\n<meta property=\"product:condition\" content=\"new\" \/>\n<!-- \/ Yoast SEO Premium plugin. -->","yoast_head_json":{"title":"LEARNING TRIKE 3in1 PLUS ECOLOGIC: 3-in-1 Lauflernrad","description":"Vielseitiges 3-in-1-Lauflernrad f\u00fcr Kleinkinder (12\u201336 Monate) mit werkzeuglosem Modus-Wechsel und 100% nachhaltigem GRS-Kunststoff.","robots":{"index":"index","follow":"follow","max-snippet":"max-snippet:-1","max-image-preview":"max-image-preview:large","max-video-preview":"max-video-preview:-1"},"canonical":"https:\/\/www.globber.com\/de\/product\/learning-trike-3in1-plus-ecologic\/","og_locale":"de_DE","og_type":"article","og_title":"LEARNING TRIKE 3in1 PLUS ECOLOGIC: 3-in-1 Lauflernrad","og_description":"Vielseitiges 3-in-1-Lauflernrad f\u00fcr Kleinkinder (12\u201336 Monate) mit werkzeuglosem Modus-Wechsel und 100% nachhaltigem GRS-Kunststoff.","og_url":"https:\/\/www.globber.com\/de\/product\/learning-trike-3in1-plus-ecologic\/","og_site_name":"Globber Deutschland","article_modified_time":"2026-03-24T13:48:04+00:00","og_image":[{"width":2048,"height":2048,"url":"https:\/\/cdn.globber.com\/content\/sites\/13\/2025\/07\/Learning-Trike-3in1.jpg","type":"image\/jpeg"}],"twitter_card":"summary_large_image","twitter_misc":{"Availability":"Out of stock"},"schema":{"@context":"https:\/\/schema.org","@graph":[{"@type":["WebPage","ItemPage"],"@id":"https:\/\/www.globber.com\/de\/product\/learning-trike-3in1-plus-ecologic\/","url":"https:\/\/www.globber.com\/de\/product\/learning-trike-3in1-plus-ecologic\/","name":"LEARNING TRIKE 3in1 PLUS ECOLOGIC: 3-in-1 Lauflernrad","isPartOf":{"@id":"https:\/\/www.globber.com\/de\/#website"},"primaryImageOfPage":{"@id":"https:\/\/www.globber.com\/de\/product\/learning-trike-3in1-plus-ecologic\/#primaryimage"},"image":{"@id":"https:\/\/www.globber.com\/de\/product\/learning-trike-3in1-plus-ecologic\/#primaryimage"},"thumbnailUrl":"https:\/\/cdn.globber.com\/content\/sites\/13\/2025\/07\/Learning-Trike-3in1.jpg","datePublished":"2025-07-22T10:07:08+00:00","dateModified":"2026-03-24T13:48:04+00:00","description":"Vielseitiges 3-in-1-Lauflernrad f\u00fcr Kleinkinder (12\u201336 Monate) mit werkzeuglosem Modus-Wechsel und 100% nachhaltigem GRS-Kunststoff.","breadcrumb":{"@id":"https:\/\/www.globber.com\/de\/product\/learning-trike-3in1-plus-ecologic\/#breadcrumb"},"inLanguage":"de","potentialAction":[{"@type":"ReadAction","target":["https:\/\/www.globber.com\/de\/product\/learning-trike-3in1-plus-ecologic\/"]}]},{"@type":"ImageObject","inLanguage":"de","@id":"https:\/\/www.globber.com\/de\/product\/learning-trike-3in1-plus-ecologic\/#primaryimage","url":"https:\/\/cdn.globber.com\/content\/sites\/13\/2025\/07\/Learning-Trike-3in1.jpg","contentUrl":"https:\/\/cdn.globber.com\/content\/sites\/13\/2025\/07\/Learning-Trike-3in1.jpg","width":2048,"height":2048},{"@type":"BreadcrumbList","@id":"https:\/\/www.globber.com\/de\/product\/learning-trike-3in1-plus-ecologic\/#breadcrumb","itemListElement":[{"@type":"ListItem","position":1,"name":"Alle Produkte","item":"https:\/\/www.globber.com\/de\/shop-by-product\/"},{"@type":"ListItem","position":2,"name":"LEARNING TRIKE 3in1 PLUS ECOLOGIC"}]},{"@type":"WebSite","@id":"https:\/\/www.globber.com\/de\/#website","url":"https:\/\/www.globber.com\/de\/","name":"Globber Deutschland","description":"Die Welt auf R\u00e4dern | Globber.com","publisher":{"@id":"https:\/\/www.globber.com\/de\/#organization"},"potentialAction":[{"@type":"SearchAction","target":{"@type":"EntryPoint","urlTemplate":"https:\/\/www.globber.com\/de\/?s={search_term_string}"},"query-input":{"@type":"PropertyValueSpecification","valueRequired":true,"valueName":"search_term_string"}}],"inLanguage":"de"},{"@type":"Organization","@id":"https:\/\/www.globber.com\/de\/#organization","name":"Globber Deutschland","url":"https:\/\/www.globber.com\/de\/","logo":{"@type":"ImageObject","inLanguage":"de","@id":"https:\/\/www.globber.com\/de\/#\/schema\/logo\/image\/","url":"https:\/\/cdn.globber.com\/content\/sites\/13\/2024\/05\/logo.svg","contentUrl":"https:\/\/cdn.globber.com\/content\/sites\/13\/2024\/05\/logo.svg","width":601,"height":112,"caption":"Globber Deutschland"},"image":{"@id":"https:\/\/www.globber.com\/de\/#\/schema\/logo\/image\/"}}]},"og_availability":"out of stock","product_availability":"out of stock","product_retailer_item_id":"738-XXX","product_condition":"new"},"_links":{"self":[{"href":"https:\/\/www.globber.com\/de\/wp-json\/wp\/v2\/product\/15641","targetHints":{"allow":["GET"]}}],"collection":[{"href":"https:\/\/www.globber.com\/de\/wp-json\/wp\/v2\/product"}],"about":[{"href":"https:\/\/www.globber.com\/de\/wp-json\/wp\/v2\/types\/product"}],"replies":[{"embeddable":true,"href":"https:\/\/www.globber.com\/de\/wp-json\/wp\/v2\/comments?post=15641"}],"wp:featuredmedia":[{"embeddable":true,"href":"https:\/\/www.globber.com\/de\/wp-json\/wp\/v2\/media\/16804"}],"wp:attachment":[{"href":"https:\/\/www.globber.com\/de\/wp-json\/wp\/v2\/media?parent=15641"}],"wp:term":[{"taxonomy":"product-special-badges","embeddable":true,"href":"https:\/\/www.globber.com\/de\/wp-json\/wp\/v2\/product-special-badges?post=15641"},{"taxonomy":"product_brand","embeddable":true,"href":"https:\/\/www.globber.com\/de\/wp-json\/wp\/v2\/product_brand?post=15641"},{"taxonomy":"product_cat","embeddable":true,"href":"https:\/\/www.globber.com\/de\/wp-json\/wp\/v2\/product_cat?post=15641"},{"taxonomy":"product_tag","embeddable":true,"href":"https:\/\/www.globber.com\/de\/wp-json\/wp\/v2\/product_tag?post=15641"}],"curies":[{"name":"wp","href":"https:\/\/api.w.org\/{rel}","templated":true}]}}