{"id":15645,"date":"2025-07-22T12:07:10","date_gmt":"2025-07-22T10:07:10","guid":{"rendered":"https:\/\/www.globber.com\/de\/?post_type=product&#038;p=15645"},"modified":"2026-05-07T03:02:05","modified_gmt":"2026-05-07T01:02:05","slug":"go-bike-elite","status":"publish","type":"product","link":"https:\/\/www.globber.com\/de\/product\/go-bike-elite\/","title":{"rendered":"GO BIKE ELITE"},"content":{"rendered":"<p>Lass dein Kind mit dem <strong data-start=\"23\" data-end=\"40\">GO BIKE ELITE<\/strong> (f\u00fcr 2\u20135 Jahre) sorglos die ersten Runden drehen: Dank des 100 % werkzeuglosen GLOBBER-Designs montierst du Laufrad in Sekundenschnelle. Der robuste Rahmen tr\u00e4gt bis zu 25 kg und verf\u00fcgt \u00fcber einen praktischen Tragegriff.<\/p>\n<p>Der 2-fach h\u00f6henverstellbare Sattel passt sich m\u00fchelos dem Wachstum an, w\u00e4hrend die 10\u2033 TPE-Reifen sanft jede Unebenheit d\u00e4mpfen. F\u00fcr vollen Fahrkomfort sorgt der gebogene BMX-Lenker mit ergonomischen TPR-Sicherheitsgriffen \u2013 perfekt f\u00fcr kleine Abenteurer, die Balance, Koordination und Motorik spielerisch verbessern m\u00f6chten.<\/p>\n","protected":false},"excerpt":{"rendered":"<ul>\n<li>10'' TPE-Reifen,<\/li>\n<li>2-fach h\u00f6henverstellbarer Sattel,<\/li>\n<li>Integrierter Tragegriff<\/li>\n<\/ul>\n","protected":false},"featured_media":15399,"comment_status":"open","ping_status":"closed","template":"","meta":{"_acf_changed":false,"inline_featured_image":false},"product-special-badges":[],"product_brand":[],"product_cat":[1693,1678,1630],"product_tag":[4244],"class_list":{"0":"post-15645","1":"product","2":"type-product","3":"status-publish","4":"has-post-thumbnail","6":"product_cat-balance-bikes-fuer-kleinkinder","7":"product_cat-go-bike-serie","8":"product_cat-kleinkind-scooter-trikes-balance-bikes-2","9":"product_tag-translate","10":"pa_age-range-ab-3-jahren","11":"pa_age-range-ab-4-jahren","12":"pa_age-range-ab-2-jahren","13":"pa_color-sage","14":"pa_color-taupe","15":"pa_ean-4234","16":"pa_ean-4233","17":"pa_maximales-benutzergewicht-20kg","18":"pa_product-type-laufrad","19":"pa_produktkategorie-lernfahrzeug","20":"pa_recommended-user-height-85-105cm","21":"pa_series-learning-serie","23":"first","24":"instock","25":"taxable","26":"shipping-taxable","27":"purchasable","28":"product-type-variable"},"bundled_by":[],"bundle_stock_status":"instock","bundle_stock_quantity":null,"bundle_virtual":false,"bundle_layout":"","bundle_add_to_cart_form_location":"","bundle_editable_in_cart":false,"bundle_sold_individually_context":"","bundle_item_grouping":"","bundle_min_size":"","bundle_max_size":"","bundled_items":[],"bundle_sell_ids":[],"acf":[],"yoast_head":"<!-- This site is optimized with the Yoast SEO Premium plugin v20.12 (Yoast SEO v23.4) - https:\/\/yoast.com\/wordpress\/plugins\/seo\/ -->\n<title>GO BIKE ELITE: Verstellbares Kinder-Laufrad von 2\u20135 Jahren<\/title>\n<meta name=\"description\" content=\"Entdecke das GO BIKE ELITE Laufrad f\u00fcr Kinder von 2\u20135 Jahren: Robust und 100 % werkzeuglos montierbar und mit verstellbarem TPE-Sattel sowie 10\u2033-TPE-R\u00e4dern.\" \/>\n<meta name=\"robots\" content=\"index, follow, max-snippet:-1, max-image-preview:large, max-video-preview:-1\" \/>\n<link rel=\"canonical\" href=\"https:\/\/www.globber.com\/de\/product\/go-bike-elite\/\" \/>\n<meta property=\"og:locale\" content=\"de_DE\" \/>\n<meta property=\"og:type\" content=\"article\" \/>\n<meta property=\"og:title\" content=\"GO BIKE ELITE: Verstellbares Kinder-Laufrad von 2\u20135 Jahren\" \/>\n<meta property=\"og:description\" content=\"Entdecke das GO BIKE ELITE Laufrad f\u00fcr Kinder von 2\u20135 Jahren: Robust und 100 % werkzeuglos montierbar und mit verstellbarem TPE-Sattel sowie 10\u2033-TPE-R\u00e4dern.\" \/>\n<meta property=\"og:url\" content=\"https:\/\/www.globber.com\/de\/product\/go-bike-elite\/\" \/>\n<meta property=\"og:site_name\" content=\"Globber Deutschland\" \/>\n<meta property=\"article:modified_time\" content=\"2026-05-07T01:02:05+00:00\" \/>\n<meta property=\"og:image\" content=\"https:\/\/cdn.globber.com\/content\/sites\/13\/2025\/07\/686f5aeade9fe.jpg\" \/>\n\t<meta property=\"og:image:width\" content=\"2048\" \/>\n\t<meta property=\"og:image:height\" content=\"2048\" \/>\n\t<meta property=\"og:image:type\" content=\"image\/jpeg\" \/>\n<meta name=\"twitter:card\" content=\"summary_large_image\" \/>\n<meta name=\"twitter:label1\" content=\"Availability\" \/>\n\t<meta name=\"twitter:data1\" content=\"In stock\" \/>\n<script type=\"application\/ld+json\" class=\"yoast-schema-graph\">{\"@context\":\"https:\/\/schema.org\",\"@graph\":[{\"@type\":[\"WebPage\",\"ItemPage\"],\"@id\":\"https:\/\/www.globber.com\/de\/product\/go-bike-elite\/\",\"url\":\"https:\/\/www.globber.com\/de\/product\/go-bike-elite\/\",\"name\":\"GO BIKE ELITE: Verstellbares Kinder-Laufrad von 2\u20135 Jahren\",\"isPartOf\":{\"@id\":\"https:\/\/www.globber.com\/de\/#website\"},\"primaryImageOfPage\":{\"@id\":\"https:\/\/www.globber.com\/de\/product\/go-bike-elite\/#primaryimage\"},\"image\":{\"@id\":\"https:\/\/www.globber.com\/de\/product\/go-bike-elite\/#primaryimage\"},\"thumbnailUrl\":\"https:\/\/cdn.globber.com\/content\/sites\/13\/2025\/07\/686f5aeade9fe.jpg\",\"datePublished\":\"2025-07-22T10:07:10+00:00\",\"dateModified\":\"2026-05-07T01:02:05+00:00\",\"description\":\"Entdecke das GO BIKE ELITE Laufrad f\u00fcr Kinder von 2\u20135 Jahren: Robust und 100 % werkzeuglos montierbar und mit verstellbarem TPE-Sattel sowie 10\u2033-TPE-R\u00e4dern.\",\"breadcrumb\":{\"@id\":\"https:\/\/www.globber.com\/de\/product\/go-bike-elite\/#breadcrumb\"},\"inLanguage\":\"de\",\"potentialAction\":[{\"@type\":\"ReadAction\",\"target\":[\"https:\/\/www.globber.com\/de\/product\/go-bike-elite\/\"]}]},{\"@type\":\"ImageObject\",\"inLanguage\":\"de\",\"@id\":\"https:\/\/www.globber.com\/de\/product\/go-bike-elite\/#primaryimage\",\"url\":\"https:\/\/cdn.globber.com\/content\/sites\/13\/2025\/07\/686f5aeade9fe.jpg\",\"contentUrl\":\"https:\/\/cdn.globber.com\/content\/sites\/13\/2025\/07\/686f5aeade9fe.jpg\",\"width\":2048,\"height\":2048},{\"@type\":\"BreadcrumbList\",\"@id\":\"https:\/\/www.globber.com\/de\/product\/go-bike-elite\/#breadcrumb\",\"itemListElement\":[{\"@type\":\"ListItem\",\"position\":1,\"name\":\"Alle Produkte\",\"item\":\"https:\/\/www.globber.com\/de\/shop-by-product\/\"},{\"@type\":\"ListItem\",\"position\":2,\"name\":\"GO BIKE ELITE\"}]},{\"@type\":\"WebSite\",\"@id\":\"https:\/\/www.globber.com\/de\/#website\",\"url\":\"https:\/\/www.globber.com\/de\/\",\"name\":\"Globber Deutschland\",\"description\":\"Die Welt auf R\u00e4dern | Globber.com\",\"publisher\":{\"@id\":\"https:\/\/www.globber.com\/de\/#organization\"},\"potentialAction\":[{\"@type\":\"SearchAction\",\"target\":{\"@type\":\"EntryPoint\",\"urlTemplate\":\"https:\/\/www.globber.com\/de\/?s={search_term_string}\"},\"query-input\":{\"@type\":\"PropertyValueSpecification\",\"valueRequired\":true,\"valueName\":\"search_term_string\"}}],\"inLanguage\":\"de\"},{\"@type\":\"Organization\",\"@id\":\"https:\/\/www.globber.com\/de\/#organization\",\"name\":\"Globber Deutschland\",\"url\":\"https:\/\/www.globber.com\/de\/\",\"logo\":{\"@type\":\"ImageObject\",\"inLanguage\":\"de\",\"@id\":\"https:\/\/www.globber.com\/de\/#\/schema\/logo\/image\/\",\"url\":\"https:\/\/cdn.globber.com\/content\/sites\/13\/2024\/05\/logo.svg\",\"contentUrl\":\"https:\/\/cdn.globber.com\/content\/sites\/13\/2024\/05\/logo.svg\",\"width\":601,\"height\":112,\"caption\":\"Globber Deutschland\"},\"image\":{\"@id\":\"https:\/\/www.globber.com\/de\/#\/schema\/logo\/image\/\"}}]}<\/script>\n<meta property=\"og:availability\" content=\"instock\" \/>\n<meta property=\"product:availability\" content=\"instock\" \/>\n<meta property=\"product:retailer_item_id\" content=\"710-xxx\" \/>\n<meta property=\"product:condition\" content=\"new\" \/>\n<!-- \/ Yoast SEO Premium plugin. -->","yoast_head_json":{"title":"GO BIKE ELITE: Verstellbares Kinder-Laufrad von 2\u20135 Jahren","description":"Entdecke das GO BIKE ELITE Laufrad f\u00fcr Kinder von 2\u20135 Jahren: Robust und 100 % werkzeuglos montierbar und mit verstellbarem TPE-Sattel sowie 10\u2033-TPE-R\u00e4dern.","robots":{"index":"index","follow":"follow","max-snippet":"max-snippet:-1","max-image-preview":"max-image-preview:large","max-video-preview":"max-video-preview:-1"},"canonical":"https:\/\/www.globber.com\/de\/product\/go-bike-elite\/","og_locale":"de_DE","og_type":"article","og_title":"GO BIKE ELITE: Verstellbares Kinder-Laufrad von 2\u20135 Jahren","og_description":"Entdecke das GO BIKE ELITE Laufrad f\u00fcr Kinder von 2\u20135 Jahren: Robust und 100 % werkzeuglos montierbar und mit verstellbarem TPE-Sattel sowie 10\u2033-TPE-R\u00e4dern.","og_url":"https:\/\/www.globber.com\/de\/product\/go-bike-elite\/","og_site_name":"Globber Deutschland","article_modified_time":"2026-05-07T01:02:05+00:00","og_image":[{"width":2048,"height":2048,"url":"https:\/\/cdn.globber.com\/content\/sites\/13\/2025\/07\/686f5aeade9fe.jpg","type":"image\/jpeg"}],"twitter_card":"summary_large_image","twitter_misc":{"Availability":"In stock"},"schema":{"@context":"https:\/\/schema.org","@graph":[{"@type":["WebPage","ItemPage"],"@id":"https:\/\/www.globber.com\/de\/product\/go-bike-elite\/","url":"https:\/\/www.globber.com\/de\/product\/go-bike-elite\/","name":"GO BIKE ELITE: Verstellbares Kinder-Laufrad von 2\u20135 Jahren","isPartOf":{"@id":"https:\/\/www.globber.com\/de\/#website"},"primaryImageOfPage":{"@id":"https:\/\/www.globber.com\/de\/product\/go-bike-elite\/#primaryimage"},"image":{"@id":"https:\/\/www.globber.com\/de\/product\/go-bike-elite\/#primaryimage"},"thumbnailUrl":"https:\/\/cdn.globber.com\/content\/sites\/13\/2025\/07\/686f5aeade9fe.jpg","datePublished":"2025-07-22T10:07:10+00:00","dateModified":"2026-05-07T01:02:05+00:00","description":"Entdecke das GO BIKE ELITE Laufrad f\u00fcr Kinder von 2\u20135 Jahren: Robust und 100 % werkzeuglos montierbar und mit verstellbarem TPE-Sattel sowie 10\u2033-TPE-R\u00e4dern.","breadcrumb":{"@id":"https:\/\/www.globber.com\/de\/product\/go-bike-elite\/#breadcrumb"},"inLanguage":"de","potentialAction":[{"@type":"ReadAction","target":["https:\/\/www.globber.com\/de\/product\/go-bike-elite\/"]}]},{"@type":"ImageObject","inLanguage":"de","@id":"https:\/\/www.globber.com\/de\/product\/go-bike-elite\/#primaryimage","url":"https:\/\/cdn.globber.com\/content\/sites\/13\/2025\/07\/686f5aeade9fe.jpg","contentUrl":"https:\/\/cdn.globber.com\/content\/sites\/13\/2025\/07\/686f5aeade9fe.jpg","width":2048,"height":2048},{"@type":"BreadcrumbList","@id":"https:\/\/www.globber.com\/de\/product\/go-bike-elite\/#breadcrumb","itemListElement":[{"@type":"ListItem","position":1,"name":"Alle Produkte","item":"https:\/\/www.globber.com\/de\/shop-by-product\/"},{"@type":"ListItem","position":2,"name":"GO BIKE ELITE"}]},{"@type":"WebSite","@id":"https:\/\/www.globber.com\/de\/#website","url":"https:\/\/www.globber.com\/de\/","name":"Globber Deutschland","description":"Die Welt auf R\u00e4dern | Globber.com","publisher":{"@id":"https:\/\/www.globber.com\/de\/#organization"},"potentialAction":[{"@type":"SearchAction","target":{"@type":"EntryPoint","urlTemplate":"https:\/\/www.globber.com\/de\/?s={search_term_string}"},"query-input":{"@type":"PropertyValueSpecification","valueRequired":true,"valueName":"search_term_string"}}],"inLanguage":"de"},{"@type":"Organization","@id":"https:\/\/www.globber.com\/de\/#organization","name":"Globber Deutschland","url":"https:\/\/www.globber.com\/de\/","logo":{"@type":"ImageObject","inLanguage":"de","@id":"https:\/\/www.globber.com\/de\/#\/schema\/logo\/image\/","url":"https:\/\/cdn.globber.com\/content\/sites\/13\/2024\/05\/logo.svg","contentUrl":"https:\/\/cdn.globber.com\/content\/sites\/13\/2024\/05\/logo.svg","width":601,"height":112,"caption":"Globber Deutschland"},"image":{"@id":"https:\/\/www.globber.com\/de\/#\/schema\/logo\/image\/"}}]},"og_availability":"instock","product_availability":"instock","product_retailer_item_id":"710-xxx","product_condition":"new"},"_links":{"self":[{"href":"https:\/\/www.globber.com\/de\/wp-json\/wp\/v2\/product\/15645","targetHints":{"allow":["GET"]}}],"collection":[{"href":"https:\/\/www.globber.com\/de\/wp-json\/wp\/v2\/product"}],"about":[{"href":"https:\/\/www.globber.com\/de\/wp-json\/wp\/v2\/types\/product"}],"replies":[{"embeddable":true,"href":"https:\/\/www.globber.com\/de\/wp-json\/wp\/v2\/comments?post=15645"}],"wp:featuredmedia":[{"embeddable":true,"href":"https:\/\/www.globber.com\/de\/wp-json\/wp\/v2\/media\/15399"}],"wp:attachment":[{"href":"https:\/\/www.globber.com\/de\/wp-json\/wp\/v2\/media?parent=15645"}],"wp:term":[{"taxonomy":"product-special-badges","embeddable":true,"href":"https:\/\/www.globber.com\/de\/wp-json\/wp\/v2\/product-special-badges?post=15645"},{"taxonomy":"product_brand","embeddable":true,"href":"https:\/\/www.globber.com\/de\/wp-json\/wp\/v2\/product_brand?post=15645"},{"taxonomy":"product_cat","embeddable":true,"href":"https:\/\/www.globber.com\/de\/wp-json\/wp\/v2\/product_cat?post=15645"},{"taxonomy":"product_tag","embeddable":true,"href":"https:\/\/www.globber.com\/de\/wp-json\/wp\/v2\/product_tag?post=15645"}],"curies":[{"name":"wp","href":"https:\/\/api.w.org\/{rel}","templated":true}]}}