{"id":15874,"date":"2025-07-24T10:25:12","date_gmt":"2025-07-24T08:25:12","guid":{"rendered":"https:\/\/www.globber.com\/de\/?post_type=product&#038;p=15874"},"modified":"2026-04-14T03:01:34","modified_gmt":"2026-04-14T01:01:34","slug":"ace-lights","status":"publish","type":"product","link":"https:\/\/www.globber.com\/de\/product\/ace-lights\/","title":{"rendered":"ACE LIGHTS"},"content":{"rendered":"<p>Entdecke mit dem <strong>ACE \u202fLIGHTS <\/strong>3\u2011Rad\u2011Roller die perfekte Kombination aus stylischem Design und durchdachter Funktionalit\u00e4t \u2013 ideal f\u00fcr alle Kinder ab 4 Jahren und bis 100\u202fkg.<\/p>\n<p>Das breite Deck mit weichem EVA\u2011Schaumstoff sorgt f\u00fcr optimalen Komfort, w\u00e4hrend die dicken, integrierten Leuchtreifen vorne dir auch in der D\u00e4mmerung ein cooles Fahrerlebnis bieten.<\/p>\n<p>Die Lenkstange mit Wirbel\u2011Griffen l\u00e4sst sich in f\u00fcnf Stufen h\u00f6henverstellen und passt sich deinem Wachstum an, und dank des patentierten Klappsystems verstaust du deinen Roller im Handumdrehen platzsparend. Das patentierte Lenkungssperrsystem gibt dir auf jeder Fahrt absolute Kontrolle \u2013 so f\u00fchlst du dich wie ein echter ACE auf zwei R\u00e4dern.<\/p>\n<p>Au\u00dferdem leisten wir mit 27\u201330\u202f% GRS\u2011zertifiziertem Recyclingkunststoff einen aktiven Beitrag zum Umweltschutz: Seit Oktober 2022 haben wir \u00fcber 118\u202fTonnen PET\u2011Flaschen, Fischernetze, altes Spielzeug und Polster recycelt und in unsere Roller integriert. Steig auf und erlebe nachhaltigen Fahrspa\u00df, der begeistert!<\/p>\n","protected":false},"excerpt":{"rendered":"<ul>\n<li>5-fach h\u00f6henverstellbare Lenkstange,<\/li>\n<li>One-Click-Klappsystem,<\/li>\n<li>LED-Leuchtr\u00e4der<\/li>\n<\/ul>\n","protected":false},"featured_media":19593,"comment_status":"open","ping_status":"closed","template":"","meta":{"_acf_changed":false,"inline_featured_image":false},"product-special-badges":[],"product_brand":[],"product_cat":[4291,1696,1694,1691,4250,399],"product_tag":[],"class_list":{"0":"post-15874","1":"product","2":"type-product","3":"status-publish","4":"has-post-thumbnail","6":"product_cat-3-rad-scooter-fuer-kinder","7":"product_cat-faltbare-roller","8":"product_cat-light-up-scooter","9":"product_cat-3-rad-scooter-fuer-alle-altersgruppen","10":"product_cat-ace-serie","11":"product_cat-roller-fuer-kinder","12":"pa_age-range-ab-10-jahren","13":"pa_age-range-ab-11-jahren","14":"pa_age-range-12y-to-adults","15":"pa_age-range-ab-4-jahren","16":"pa_age-range-ab-5-jahren","17":"pa_age-range-ab-6-jahren","18":"pa_age-range-ab-7-jahren","19":"pa_age-range-8y-to-adults","20":"pa_age-range-ab-9-jahren","21":"pa_color-aqua","22":"pa_color-fuchsia","23":"pa_ean-4252","24":"pa_ean-4253","25":"pa_foldable-yes","26":"pa_maximales-benutzergewicht-100kg","27":"pa_product-type-3-rad-scooter","28":"pa_produktkategorie-roller","29":"pa_recommended-user-height-100-160cm","30":"pa_series-ace-serie","31":"pa_t-bar-5-fach-hoehenverstellbar","33":"first","34":"instock","35":"taxable","36":"shipping-taxable","37":"purchasable","38":"product-type-variable"},"bundled_by":[],"bundle_stock_status":"instock","bundle_stock_quantity":null,"bundle_virtual":false,"bundle_layout":"","bundle_add_to_cart_form_location":"","bundle_editable_in_cart":false,"bundle_sold_individually_context":"","bundle_item_grouping":"","bundle_min_size":"","bundle_max_size":"","bundled_items":[],"bundle_sell_ids":[],"acf":[],"yoast_head":"<!-- This site is optimized with the Yoast SEO Premium plugin v20.12 (Yoast SEO v23.4) - https:\/\/yoast.com\/wordpress\/plugins\/seo\/ -->\n<title>ACE LIGHTS: faltbarer 3-Rad-Roller f\u00fcr Kinder<\/title>\n<meta name=\"description\" content=\"Entdecke ACE LIGHTS: Ein gro\u00dfer 3-r\u00e4driger Leuchtscooter, der hochwertiges Design und coole Farben vereint. Perfekt f\u00fcr Kinder ab 4 Jahren bis zu 100 kg.\" \/>\n<meta name=\"robots\" content=\"index, follow, max-snippet:-1, max-image-preview:large, max-video-preview:-1\" \/>\n<link rel=\"canonical\" href=\"https:\/\/www.globber.com\/de\/product\/ace-lights\/\" \/>\n<meta property=\"og:locale\" content=\"de_DE\" \/>\n<meta property=\"og:type\" content=\"article\" \/>\n<meta property=\"og:title\" content=\"ACE LIGHTS: faltbarer 3-Rad-Roller f\u00fcr Kinder\" \/>\n<meta property=\"og:description\" content=\"Entdecke ACE LIGHTS: Ein gro\u00dfer 3-r\u00e4driger Leuchtscooter, der hochwertiges Design und coole Farben vereint. Perfekt f\u00fcr Kinder ab 4 Jahren bis zu 100 kg.\" \/>\n<meta property=\"og:url\" content=\"https:\/\/www.globber.com\/de\/product\/ace-lights\/\" \/>\n<meta property=\"og:site_name\" content=\"Globber Deutschland\" \/>\n<meta property=\"article:modified_time\" content=\"2026-04-14T01:01:34+00:00\" \/>\n<meta property=\"og:image\" content=\"https:\/\/cdn.globber.com\/content\/sites\/13\/2025\/07\/ace-lights-1.jpg\" \/>\n\t<meta property=\"og:image:width\" content=\"2048\" \/>\n\t<meta property=\"og:image:height\" content=\"2048\" \/>\n\t<meta property=\"og:image:type\" content=\"image\/jpeg\" \/>\n<meta name=\"twitter:card\" content=\"summary_large_image\" \/>\n<meta name=\"twitter:label1\" content=\"Availability\" \/>\n\t<meta name=\"twitter:data1\" content=\"In stock\" \/>\n<script type=\"application\/ld+json\" class=\"yoast-schema-graph\">{\"@context\":\"https:\/\/schema.org\",\"@graph\":[{\"@type\":[\"WebPage\",\"ItemPage\"],\"@id\":\"https:\/\/www.globber.com\/de\/product\/ace-lights\/\",\"url\":\"https:\/\/www.globber.com\/de\/product\/ace-lights\/\",\"name\":\"ACE LIGHTS: faltbarer 3-Rad-Roller f\u00fcr Kinder\",\"isPartOf\":{\"@id\":\"https:\/\/www.globber.com\/de\/#website\"},\"primaryImageOfPage\":{\"@id\":\"https:\/\/www.globber.com\/de\/product\/ace-lights\/#primaryimage\"},\"image\":{\"@id\":\"https:\/\/www.globber.com\/de\/product\/ace-lights\/#primaryimage\"},\"thumbnailUrl\":\"https:\/\/cdn.globber.com\/content\/sites\/13\/2025\/07\/ace-lights-1.jpg\",\"datePublished\":\"2025-07-24T08:25:12+00:00\",\"dateModified\":\"2026-04-14T01:01:34+00:00\",\"description\":\"Entdecke ACE LIGHTS: Ein gro\u00dfer 3-r\u00e4driger Leuchtscooter, der hochwertiges Design und coole Farben vereint. Perfekt f\u00fcr Kinder ab 4 Jahren bis zu 100 kg.\",\"breadcrumb\":{\"@id\":\"https:\/\/www.globber.com\/de\/product\/ace-lights\/#breadcrumb\"},\"inLanguage\":\"de\",\"potentialAction\":[{\"@type\":\"ReadAction\",\"target\":[\"https:\/\/www.globber.com\/de\/product\/ace-lights\/\"]}]},{\"@type\":\"ImageObject\",\"inLanguage\":\"de\",\"@id\":\"https:\/\/www.globber.com\/de\/product\/ace-lights\/#primaryimage\",\"url\":\"https:\/\/cdn.globber.com\/content\/sites\/13\/2025\/07\/ace-lights-1.jpg\",\"contentUrl\":\"https:\/\/cdn.globber.com\/content\/sites\/13\/2025\/07\/ace-lights-1.jpg\",\"width\":2048,\"height\":2048},{\"@type\":\"BreadcrumbList\",\"@id\":\"https:\/\/www.globber.com\/de\/product\/ace-lights\/#breadcrumb\",\"itemListElement\":[{\"@type\":\"ListItem\",\"position\":1,\"name\":\"Alle Produkte\",\"item\":\"https:\/\/www.globber.com\/de\/shop-by-product\/\"},{\"@type\":\"ListItem\",\"position\":2,\"name\":\"ACE LIGHTS\"}]},{\"@type\":\"WebSite\",\"@id\":\"https:\/\/www.globber.com\/de\/#website\",\"url\":\"https:\/\/www.globber.com\/de\/\",\"name\":\"Globber Deutschland\",\"description\":\"Die Welt auf R\u00e4dern | Globber.com\",\"publisher\":{\"@id\":\"https:\/\/www.globber.com\/de\/#organization\"},\"potentialAction\":[{\"@type\":\"SearchAction\",\"target\":{\"@type\":\"EntryPoint\",\"urlTemplate\":\"https:\/\/www.globber.com\/de\/?s={search_term_string}\"},\"query-input\":{\"@type\":\"PropertyValueSpecification\",\"valueRequired\":true,\"valueName\":\"search_term_string\"}}],\"inLanguage\":\"de\"},{\"@type\":\"Organization\",\"@id\":\"https:\/\/www.globber.com\/de\/#organization\",\"name\":\"Globber Deutschland\",\"url\":\"https:\/\/www.globber.com\/de\/\",\"logo\":{\"@type\":\"ImageObject\",\"inLanguage\":\"de\",\"@id\":\"https:\/\/www.globber.com\/de\/#\/schema\/logo\/image\/\",\"url\":\"https:\/\/cdn.globber.com\/content\/sites\/13\/2024\/05\/logo.svg\",\"contentUrl\":\"https:\/\/cdn.globber.com\/content\/sites\/13\/2024\/05\/logo.svg\",\"width\":601,\"height\":112,\"caption\":\"Globber Deutschland\"},\"image\":{\"@id\":\"https:\/\/www.globber.com\/de\/#\/schema\/logo\/image\/\"}}]}<\/script>\n<meta property=\"og:availability\" content=\"instock\" \/>\n<meta property=\"product:availability\" content=\"instock\" \/>\n<meta property=\"product:retailer_item_id\" content=\"667-XXX\" \/>\n<meta property=\"product:condition\" content=\"new\" \/>\n<!-- \/ Yoast SEO Premium plugin. -->","yoast_head_json":{"title":"ACE LIGHTS: faltbarer 3-Rad-Roller f\u00fcr Kinder","description":"Entdecke ACE LIGHTS: Ein gro\u00dfer 3-r\u00e4driger Leuchtscooter, der hochwertiges Design und coole Farben vereint. Perfekt f\u00fcr Kinder ab 4 Jahren bis zu 100 kg.","robots":{"index":"index","follow":"follow","max-snippet":"max-snippet:-1","max-image-preview":"max-image-preview:large","max-video-preview":"max-video-preview:-1"},"canonical":"https:\/\/www.globber.com\/de\/product\/ace-lights\/","og_locale":"de_DE","og_type":"article","og_title":"ACE LIGHTS: faltbarer 3-Rad-Roller f\u00fcr Kinder","og_description":"Entdecke ACE LIGHTS: Ein gro\u00dfer 3-r\u00e4driger Leuchtscooter, der hochwertiges Design und coole Farben vereint. Perfekt f\u00fcr Kinder ab 4 Jahren bis zu 100 kg.","og_url":"https:\/\/www.globber.com\/de\/product\/ace-lights\/","og_site_name":"Globber Deutschland","article_modified_time":"2026-04-14T01:01:34+00:00","og_image":[{"width":2048,"height":2048,"url":"https:\/\/cdn.globber.com\/content\/sites\/13\/2025\/07\/ace-lights-1.jpg","type":"image\/jpeg"}],"twitter_card":"summary_large_image","twitter_misc":{"Availability":"In stock"},"schema":{"@context":"https:\/\/schema.org","@graph":[{"@type":["WebPage","ItemPage"],"@id":"https:\/\/www.globber.com\/de\/product\/ace-lights\/","url":"https:\/\/www.globber.com\/de\/product\/ace-lights\/","name":"ACE LIGHTS: faltbarer 3-Rad-Roller f\u00fcr Kinder","isPartOf":{"@id":"https:\/\/www.globber.com\/de\/#website"},"primaryImageOfPage":{"@id":"https:\/\/www.globber.com\/de\/product\/ace-lights\/#primaryimage"},"image":{"@id":"https:\/\/www.globber.com\/de\/product\/ace-lights\/#primaryimage"},"thumbnailUrl":"https:\/\/cdn.globber.com\/content\/sites\/13\/2025\/07\/ace-lights-1.jpg","datePublished":"2025-07-24T08:25:12+00:00","dateModified":"2026-04-14T01:01:34+00:00","description":"Entdecke ACE LIGHTS: Ein gro\u00dfer 3-r\u00e4driger Leuchtscooter, der hochwertiges Design und coole Farben vereint. Perfekt f\u00fcr Kinder ab 4 Jahren bis zu 100 kg.","breadcrumb":{"@id":"https:\/\/www.globber.com\/de\/product\/ace-lights\/#breadcrumb"},"inLanguage":"de","potentialAction":[{"@type":"ReadAction","target":["https:\/\/www.globber.com\/de\/product\/ace-lights\/"]}]},{"@type":"ImageObject","inLanguage":"de","@id":"https:\/\/www.globber.com\/de\/product\/ace-lights\/#primaryimage","url":"https:\/\/cdn.globber.com\/content\/sites\/13\/2025\/07\/ace-lights-1.jpg","contentUrl":"https:\/\/cdn.globber.com\/content\/sites\/13\/2025\/07\/ace-lights-1.jpg","width":2048,"height":2048},{"@type":"BreadcrumbList","@id":"https:\/\/www.globber.com\/de\/product\/ace-lights\/#breadcrumb","itemListElement":[{"@type":"ListItem","position":1,"name":"Alle Produkte","item":"https:\/\/www.globber.com\/de\/shop-by-product\/"},{"@type":"ListItem","position":2,"name":"ACE LIGHTS"}]},{"@type":"WebSite","@id":"https:\/\/www.globber.com\/de\/#website","url":"https:\/\/www.globber.com\/de\/","name":"Globber Deutschland","description":"Die Welt auf R\u00e4dern | Globber.com","publisher":{"@id":"https:\/\/www.globber.com\/de\/#organization"},"potentialAction":[{"@type":"SearchAction","target":{"@type":"EntryPoint","urlTemplate":"https:\/\/www.globber.com\/de\/?s={search_term_string}"},"query-input":{"@type":"PropertyValueSpecification","valueRequired":true,"valueName":"search_term_string"}}],"inLanguage":"de"},{"@type":"Organization","@id":"https:\/\/www.globber.com\/de\/#organization","name":"Globber Deutschland","url":"https:\/\/www.globber.com\/de\/","logo":{"@type":"ImageObject","inLanguage":"de","@id":"https:\/\/www.globber.com\/de\/#\/schema\/logo\/image\/","url":"https:\/\/cdn.globber.com\/content\/sites\/13\/2024\/05\/logo.svg","contentUrl":"https:\/\/cdn.globber.com\/content\/sites\/13\/2024\/05\/logo.svg","width":601,"height":112,"caption":"Globber Deutschland"},"image":{"@id":"https:\/\/www.globber.com\/de\/#\/schema\/logo\/image\/"}}]},"og_availability":"instock","product_availability":"instock","product_retailer_item_id":"667-XXX","product_condition":"new"},"_links":{"self":[{"href":"https:\/\/www.globber.com\/de\/wp-json\/wp\/v2\/product\/15874","targetHints":{"allow":["GET"]}}],"collection":[{"href":"https:\/\/www.globber.com\/de\/wp-json\/wp\/v2\/product"}],"about":[{"href":"https:\/\/www.globber.com\/de\/wp-json\/wp\/v2\/types\/product"}],"replies":[{"embeddable":true,"href":"https:\/\/www.globber.com\/de\/wp-json\/wp\/v2\/comments?post=15874"}],"wp:featuredmedia":[{"embeddable":true,"href":"https:\/\/www.globber.com\/de\/wp-json\/wp\/v2\/media\/19593"}],"wp:attachment":[{"href":"https:\/\/www.globber.com\/de\/wp-json\/wp\/v2\/media?parent=15874"}],"wp:term":[{"taxonomy":"product-special-badges","embeddable":true,"href":"https:\/\/www.globber.com\/de\/wp-json\/wp\/v2\/product-special-badges?post=15874"},{"taxonomy":"product_brand","embeddable":true,"href":"https:\/\/www.globber.com\/de\/wp-json\/wp\/v2\/product_brand?post=15874"},{"taxonomy":"product_cat","embeddable":true,"href":"https:\/\/www.globber.com\/de\/wp-json\/wp\/v2\/product_cat?post=15874"},{"taxonomy":"product_tag","embeddable":true,"href":"https:\/\/www.globber.com\/de\/wp-json\/wp\/v2\/product_tag?post=15874"}],"curies":[{"name":"wp","href":"https:\/\/api.w.org\/{rel}","templated":true}]}}