{"id":17209,"date":"2025-11-07T10:31:42","date_gmt":"2025-11-07T09:31:42","guid":{"rendered":"https:\/\/www.globber.com\/de\/?post_type=product&#038;p=17209"},"modified":"2026-05-14T03:02:27","modified_gmt":"2026-05-14T01:02:27","slug":"junior-foldable-lights","status":"publish","type":"product","link":"https:\/\/www.globber.com\/de\/product\/junior-foldable-lights\/","title":{"rendered":"JUNIOR FOLDABLE LIGHTS"},"content":{"rendered":"<p data-start=\"52\" data-end=\"409\">Der <strong data-start=\"52\" data-end=\"128\">JUNIOR FOLDABLE LIGHTS<\/strong> Kinderroller wurde speziell f\u00fcr die Kleinsten entwickelt und verbindet kindgerechtes Design mit smarter Technik. Das breite, extra niedrige Deck, die batterielosen LED-R\u00e4der und der verstellbare Lenker sorgen f\u00fcr Stabilit\u00e4t und Sicherheit beim ersten Fahrspa\u00df.<\/p>\n<p data-start=\"411\" data-end=\"692\">Dank patentiertem Lenk- und Klappsystem mit einfachem Druckknopf ist der Scooter im Handumdrehen zusammengeklappt und \u00fcberallhin mitgenommen \u2013 perfekt f\u00fcr aktive Familien.<br data-start=\"582\" data-end=\"585\" \/><br \/>\nDer <strong>JUNIOR FOLDABLE LIGHTS<\/strong> ist der ideale Einstieg in die Scooterwelt: sicher, bunt und voller Abenteuer!<\/p>\n<p>Er besteht zu 25\u201328 % aus Kunststoff nach dem Global Recycled Standard (GRS)*.<\/p>\n<p><span style=\"font-size: 12px;\">*In den entsprechenden Komponenten; welche Komponenten das sind, erfahren Sie <a href=\"https:\/\/www.globber.com\/de\/nachhaltige-scooter\/\">hier<\/a>.<\/span><\/p>\n","protected":false},"excerpt":{"rendered":"<ul>\n<li>3-fach h\u00f6henverstellbare Lenkstange,<\/li>\n<li>One-Click-System,<\/li>\n<li>LED-Leuchtr\u00e4der<\/li>\n<\/ul>\n","protected":false},"featured_media":17230,"comment_status":"open","ping_status":"closed","template":"","meta":{"_acf_changed":false,"inline_featured_image":false},"product-special-badges":[4172],"product_brand":[],"product_cat":[4173,1694,1691,1679,1630],"product_tag":[],"class_list":{"0":"post-17209","1":"product","2":"type-product","3":"status-publish","4":"has-post-thumbnail","6":"product_cat-sale","7":"product_cat-light-up-scooter","8":"product_cat-3-rad-scooter-fuer-alle-altersgruppen","9":"product_cat-junior-serie","10":"product_cat-kleinkind-scooter-trikes-balance-bikes-2","11":"pa_age-range-ab-3-jahren","12":"pa_age-range-ab-4-jahren","13":"pa_age-range-ab-2-jahren","14":"pa_color-dunkelblau","15":"pa_color-fuchsia-pink","16":"pa_color-lime-green","17":"pa_color-emerald-green","18":"pa_ean-3268","19":"pa_ean-3270","20":"pa_ean-3272","21":"pa_ean-3271","22":"pa_foldable-yes","23":"pa_maximales-benutzergewicht-50kg","24":"pa_product-type-3-rad-scooter","25":"pa_produktkategorie-roller","26":"pa_recommended-user-height-85-110cm","27":"pa_series-junior-serie","29":"first","30":"instock","31":"sale","32":"taxable","33":"shipping-taxable","34":"purchasable","35":"product-type-variable"},"bundled_by":[],"bundle_stock_status":"instock","bundle_stock_quantity":null,"bundle_virtual":false,"bundle_layout":"","bundle_add_to_cart_form_location":"","bundle_editable_in_cart":false,"bundle_sold_individually_context":"","bundle_item_grouping":"","bundle_min_size":"","bundle_max_size":"","bundled_items":[],"bundle_sell_ids":[],"acf":[],"yoast_head":"<!-- This site is optimized with the Yoast SEO Premium plugin v20.12 (Yoast SEO v23.4) - https:\/\/yoast.com\/wordpress\/plugins\/seo\/ -->\n<title>JUNIOR FOLDABLE LIGHTS - Globber Deutschland<\/title>\n<meta name=\"robots\" content=\"index, follow, max-snippet:-1, max-image-preview:large, max-video-preview:-1\" \/>\n<link rel=\"canonical\" href=\"https:\/\/www.globber.com\/de\/product\/junior-foldable-lights\/\" \/>\n<meta property=\"og:locale\" content=\"de_DE\" \/>\n<meta property=\"og:type\" content=\"article\" \/>\n<meta property=\"og:title\" content=\"JUNIOR FOLDABLE LIGHTS - Globber Deutschland\" \/>\n<meta property=\"og:description\" content=\"3-fach h\u00f6henverstellbare Lenkstange,  One-Click-System,  LED-Leuchtr\u00e4der\" \/>\n<meta property=\"og:url\" content=\"https:\/\/www.globber.com\/de\/product\/junior-foldable-lights\/\" \/>\n<meta property=\"og:site_name\" content=\"Globber Deutschland\" \/>\n<meta property=\"article:modified_time\" content=\"2026-05-14T01:02:27+00:00\" \/>\n<meta property=\"og:image\" content=\"https:\/\/cdn.globber.com\/content\/sites\/13\/2025\/11\/Junior-Foldable-lights-alt-V.jpg\" \/>\n\t<meta property=\"og:image:width\" content=\"2048\" \/>\n\t<meta property=\"og:image:height\" content=\"2048\" \/>\n\t<meta property=\"og:image:type\" content=\"image\/jpeg\" \/>\n<meta name=\"twitter:card\" content=\"summary_large_image\" \/>\n<meta name=\"twitter:label1\" content=\"Availability\" \/>\n\t<meta name=\"twitter:data1\" content=\"In stock\" \/>\n<script type=\"application\/ld+json\" class=\"yoast-schema-graph\">{\"@context\":\"https:\/\/schema.org\",\"@graph\":[{\"@type\":[\"WebPage\",\"ItemPage\"],\"@id\":\"https:\/\/www.globber.com\/de\/product\/junior-foldable-lights\/\",\"url\":\"https:\/\/www.globber.com\/de\/product\/junior-foldable-lights\/\",\"name\":\"JUNIOR FOLDABLE LIGHTS - Globber Deutschland\",\"isPartOf\":{\"@id\":\"https:\/\/www.globber.com\/de\/#website\"},\"primaryImageOfPage\":{\"@id\":\"https:\/\/www.globber.com\/de\/product\/junior-foldable-lights\/#primaryimage\"},\"image\":{\"@id\":\"https:\/\/www.globber.com\/de\/product\/junior-foldable-lights\/#primaryimage\"},\"thumbnailUrl\":\"https:\/\/cdn.globber.com\/content\/sites\/13\/2025\/11\/Junior-Foldable-lights-alt-V.jpg\",\"datePublished\":\"2025-11-07T09:31:42+00:00\",\"dateModified\":\"2026-05-14T01:02:27+00:00\",\"breadcrumb\":{\"@id\":\"https:\/\/www.globber.com\/de\/product\/junior-foldable-lights\/#breadcrumb\"},\"inLanguage\":\"de\",\"potentialAction\":[{\"@type\":\"ReadAction\",\"target\":[\"https:\/\/www.globber.com\/de\/product\/junior-foldable-lights\/\"]}]},{\"@type\":\"ImageObject\",\"inLanguage\":\"de\",\"@id\":\"https:\/\/www.globber.com\/de\/product\/junior-foldable-lights\/#primaryimage\",\"url\":\"https:\/\/cdn.globber.com\/content\/sites\/13\/2025\/11\/Junior-Foldable-lights-alt-V.jpg\",\"contentUrl\":\"https:\/\/cdn.globber.com\/content\/sites\/13\/2025\/11\/Junior-Foldable-lights-alt-V.jpg\",\"width\":2048,\"height\":2048},{\"@type\":\"BreadcrumbList\",\"@id\":\"https:\/\/www.globber.com\/de\/product\/junior-foldable-lights\/#breadcrumb\",\"itemListElement\":[{\"@type\":\"ListItem\",\"position\":1,\"name\":\"Alle Produkte\",\"item\":\"https:\/\/www.globber.com\/de\/shop-by-product\/\"},{\"@type\":\"ListItem\",\"position\":2,\"name\":\"JUNIOR FOLDABLE LIGHTS\"}]},{\"@type\":\"WebSite\",\"@id\":\"https:\/\/www.globber.com\/de\/#website\",\"url\":\"https:\/\/www.globber.com\/de\/\",\"name\":\"Globber Deutschland\",\"description\":\"Die Welt auf R\u00e4dern | Globber.com\",\"publisher\":{\"@id\":\"https:\/\/www.globber.com\/de\/#organization\"},\"potentialAction\":[{\"@type\":\"SearchAction\",\"target\":{\"@type\":\"EntryPoint\",\"urlTemplate\":\"https:\/\/www.globber.com\/de\/?s={search_term_string}\"},\"query-input\":{\"@type\":\"PropertyValueSpecification\",\"valueRequired\":true,\"valueName\":\"search_term_string\"}}],\"inLanguage\":\"de\"},{\"@type\":\"Organization\",\"@id\":\"https:\/\/www.globber.com\/de\/#organization\",\"name\":\"Globber Deutschland\",\"url\":\"https:\/\/www.globber.com\/de\/\",\"logo\":{\"@type\":\"ImageObject\",\"inLanguage\":\"de\",\"@id\":\"https:\/\/www.globber.com\/de\/#\/schema\/logo\/image\/\",\"url\":\"https:\/\/cdn.globber.com\/content\/sites\/13\/2024\/05\/logo.svg\",\"contentUrl\":\"https:\/\/cdn.globber.com\/content\/sites\/13\/2024\/05\/logo.svg\",\"width\":601,\"height\":112,\"caption\":\"Globber Deutschland\"},\"image\":{\"@id\":\"https:\/\/www.globber.com\/de\/#\/schema\/logo\/image\/\"}}]}<\/script>\n<meta property=\"og:availability\" content=\"instock\" \/>\n<meta property=\"product:availability\" content=\"instock\" \/>\n<meta property=\"product:retailer_item_id\" content=\"437-xxx\" \/>\n<meta property=\"product:condition\" content=\"new\" \/>\n<!-- \/ Yoast SEO Premium plugin. -->","yoast_head_json":{"title":"JUNIOR FOLDABLE LIGHTS - Globber Deutschland","robots":{"index":"index","follow":"follow","max-snippet":"max-snippet:-1","max-image-preview":"max-image-preview:large","max-video-preview":"max-video-preview:-1"},"canonical":"https:\/\/www.globber.com\/de\/product\/junior-foldable-lights\/","og_locale":"de_DE","og_type":"article","og_title":"JUNIOR FOLDABLE LIGHTS - Globber Deutschland","og_description":"3-fach h\u00f6henverstellbare Lenkstange,  One-Click-System,  LED-Leuchtr\u00e4der","og_url":"https:\/\/www.globber.com\/de\/product\/junior-foldable-lights\/","og_site_name":"Globber Deutschland","article_modified_time":"2026-05-14T01:02:27+00:00","og_image":[{"width":2048,"height":2048,"url":"https:\/\/cdn.globber.com\/content\/sites\/13\/2025\/11\/Junior-Foldable-lights-alt-V.jpg","type":"image\/jpeg"}],"twitter_card":"summary_large_image","twitter_misc":{"Availability":"In stock"},"schema":{"@context":"https:\/\/schema.org","@graph":[{"@type":["WebPage","ItemPage"],"@id":"https:\/\/www.globber.com\/de\/product\/junior-foldable-lights\/","url":"https:\/\/www.globber.com\/de\/product\/junior-foldable-lights\/","name":"JUNIOR FOLDABLE LIGHTS - Globber Deutschland","isPartOf":{"@id":"https:\/\/www.globber.com\/de\/#website"},"primaryImageOfPage":{"@id":"https:\/\/www.globber.com\/de\/product\/junior-foldable-lights\/#primaryimage"},"image":{"@id":"https:\/\/www.globber.com\/de\/product\/junior-foldable-lights\/#primaryimage"},"thumbnailUrl":"https:\/\/cdn.globber.com\/content\/sites\/13\/2025\/11\/Junior-Foldable-lights-alt-V.jpg","datePublished":"2025-11-07T09:31:42+00:00","dateModified":"2026-05-14T01:02:27+00:00","breadcrumb":{"@id":"https:\/\/www.globber.com\/de\/product\/junior-foldable-lights\/#breadcrumb"},"inLanguage":"de","potentialAction":[{"@type":"ReadAction","target":["https:\/\/www.globber.com\/de\/product\/junior-foldable-lights\/"]}]},{"@type":"ImageObject","inLanguage":"de","@id":"https:\/\/www.globber.com\/de\/product\/junior-foldable-lights\/#primaryimage","url":"https:\/\/cdn.globber.com\/content\/sites\/13\/2025\/11\/Junior-Foldable-lights-alt-V.jpg","contentUrl":"https:\/\/cdn.globber.com\/content\/sites\/13\/2025\/11\/Junior-Foldable-lights-alt-V.jpg","width":2048,"height":2048},{"@type":"BreadcrumbList","@id":"https:\/\/www.globber.com\/de\/product\/junior-foldable-lights\/#breadcrumb","itemListElement":[{"@type":"ListItem","position":1,"name":"Alle Produkte","item":"https:\/\/www.globber.com\/de\/shop-by-product\/"},{"@type":"ListItem","position":2,"name":"JUNIOR FOLDABLE LIGHTS"}]},{"@type":"WebSite","@id":"https:\/\/www.globber.com\/de\/#website","url":"https:\/\/www.globber.com\/de\/","name":"Globber Deutschland","description":"Die Welt auf R\u00e4dern | Globber.com","publisher":{"@id":"https:\/\/www.globber.com\/de\/#organization"},"potentialAction":[{"@type":"SearchAction","target":{"@type":"EntryPoint","urlTemplate":"https:\/\/www.globber.com\/de\/?s={search_term_string}"},"query-input":{"@type":"PropertyValueSpecification","valueRequired":true,"valueName":"search_term_string"}}],"inLanguage":"de"},{"@type":"Organization","@id":"https:\/\/www.globber.com\/de\/#organization","name":"Globber Deutschland","url":"https:\/\/www.globber.com\/de\/","logo":{"@type":"ImageObject","inLanguage":"de","@id":"https:\/\/www.globber.com\/de\/#\/schema\/logo\/image\/","url":"https:\/\/cdn.globber.com\/content\/sites\/13\/2024\/05\/logo.svg","contentUrl":"https:\/\/cdn.globber.com\/content\/sites\/13\/2024\/05\/logo.svg","width":601,"height":112,"caption":"Globber Deutschland"},"image":{"@id":"https:\/\/www.globber.com\/de\/#\/schema\/logo\/image\/"}}]},"og_availability":"instock","product_availability":"instock","product_retailer_item_id":"437-xxx","product_condition":"new"},"_links":{"self":[{"href":"https:\/\/www.globber.com\/de\/wp-json\/wp\/v2\/product\/17209","targetHints":{"allow":["GET"]}}],"collection":[{"href":"https:\/\/www.globber.com\/de\/wp-json\/wp\/v2\/product"}],"about":[{"href":"https:\/\/www.globber.com\/de\/wp-json\/wp\/v2\/types\/product"}],"replies":[{"embeddable":true,"href":"https:\/\/www.globber.com\/de\/wp-json\/wp\/v2\/comments?post=17209"}],"wp:featuredmedia":[{"embeddable":true,"href":"https:\/\/www.globber.com\/de\/wp-json\/wp\/v2\/media\/17230"}],"wp:attachment":[{"href":"https:\/\/www.globber.com\/de\/wp-json\/wp\/v2\/media?parent=17209"}],"wp:term":[{"taxonomy":"product-special-badges","embeddable":true,"href":"https:\/\/www.globber.com\/de\/wp-json\/wp\/v2\/product-special-badges?post=17209"},{"taxonomy":"product_brand","embeddable":true,"href":"https:\/\/www.globber.com\/de\/wp-json\/wp\/v2\/product_brand?post=17209"},{"taxonomy":"product_cat","embeddable":true,"href":"https:\/\/www.globber.com\/de\/wp-json\/wp\/v2\/product_cat?post=17209"},{"taxonomy":"product_tag","embeddable":true,"href":"https:\/\/www.globber.com\/de\/wp-json\/wp\/v2\/product_tag?post=17209"}],"curies":[{"name":"wp","href":"https:\/\/api.w.org\/{rel}","templated":true}]}}