{"id":17212,"date":"2025-11-07T08:33:58","date_gmt":"2025-11-07T07:33:58","guid":{"rendered":"https:\/\/www.globber.com\/de\/?post_type=product&#038;p=17212"},"modified":"2026-04-14T03:00:56","modified_gmt":"2026-04-14T01:00:56","slug":"helm-adults","status":"publish","type":"product","link":"https:\/\/www.globber.com\/de\/product\/helm-adults\/","title":{"rendered":"HELM ADULTS"},"content":{"rendered":"<p data-start=\"0\" data-end=\"197\">Der <strong>HELM ADULTS<\/strong> f\u00fcr Jugendliche und Erwachsene (Gr\u00f6\u00dfe L \/ 59\u201361 cm) vereint maximale Sicherheit mit schlichtem, modernem Design in elegantem Schwarz . Ideal f\u00fcr Fahrten mit Scooter, Fahrrad oder E-Scooter.<\/p>\n<p data-start=\"199\" data-end=\"488\">Die robuste ABS-Au\u00dfenschale und sto\u00dfd\u00e4mpfende EPS-Innenschale sch\u00fctzen zuverl\u00e4ssig bei St\u00f6\u00dfen und Ersch\u00fctterungen, w\u00e4hrend die weiche Innenpolsterung f\u00fcr hohen Tragekomfort sorgt. Dank des integrierten Bel\u00fcftungssystems bleibt dein Kopf auch bei l\u00e4ngeren Fahrten angenehm k\u00fchl.<\/p>\n<p data-start=\"490\" data-end=\"743\" data-is-last-node=\"\" data-is-only-node=\"\">\u00dcber das hintere Gr\u00f6\u00dfenverstellsystem und die verstellbaren Riemen l\u00e4sst sich der Helm pr\u00e4zise anpassen \u2013 f\u00fcr einen sicheren, stabilen Sitz bei jeder Bewegung. Ein stylischer Begleiter, der Sicherheit, Komfort und Alltagstauglichkeit perfekt kombiniert.<\/p>\n","protected":false},"excerpt":{"rendered":"<p>Gr\u00f6\u00dfe: L (59-61cm)<\/p>\n","protected":false},"featured_media":17216,"comment_status":"open","ping_status":"closed","template":"","meta":{"_acf_changed":false,"inline_featured_image":false},"product-special-badges":[4172],"product_brand":[],"product_cat":[601,593],"product_tag":[],"class_list":{"0":"post-17212","1":"product","2":"type-product","3":"status-publish","4":"has-post-thumbnail","6":"product_cat-scooter-zubehoer","7":"product_cat-schutzausruestung","8":"pa_ean-3489","9":"pa_groesse-l-59-61cm","10":"pa_product-type-schutzausruestung","12":"first","13":"instock","14":"sale","15":"taxable","16":"shipping-taxable","17":"purchasable","18":"product-type-simple"},"bundled_by":[],"bundle_stock_status":"instock","bundle_stock_quantity":491,"bundle_virtual":false,"bundle_layout":"","bundle_add_to_cart_form_location":"","bundle_editable_in_cart":false,"bundle_sold_individually_context":"","bundle_item_grouping":"","bundle_min_size":"","bundle_max_size":"","bundled_items":[],"bundle_sell_ids":[],"acf":[],"yoast_head":"<!-- This site is optimized with the Yoast SEO Premium plugin v20.12 (Yoast SEO v23.4) - https:\/\/yoast.com\/wordpress\/plugins\/seo\/ -->\n<title>HELM ADULTS - Globber Deutschland<\/title>\n<meta name=\"robots\" content=\"index, follow, max-snippet:-1, max-image-preview:large, max-video-preview:-1\" \/>\n<link rel=\"canonical\" href=\"https:\/\/www.globber.com\/de\/product\/helm-adults\/\" \/>\n<meta property=\"og:locale\" content=\"de_DE\" \/>\n<meta property=\"og:type\" content=\"article\" \/>\n<meta property=\"og:title\" content=\"HELM ADULTS - Globber Deutschland\" \/>\n<meta property=\"og:description\" content=\"Gr\u00f6\u00dfe: L (59-61cm)\" \/>\n<meta property=\"og:url\" content=\"https:\/\/www.globber.com\/de\/product\/helm-adults\/\" \/>\n<meta property=\"og:site_name\" content=\"Globber Deutschland\" \/>\n<meta property=\"article:modified_time\" content=\"2026-04-14T01:00:56+00:00\" \/>\n<meta property=\"og:image\" content=\"https:\/\/cdn.globber.com\/content\/sites\/13\/2025\/11\/515-120_L.jpg\" \/>\n\t<meta property=\"og:image:width\" content=\"3528\" \/>\n\t<meta property=\"og:image:height\" content=\"4472\" \/>\n\t<meta property=\"og:image:type\" content=\"image\/jpeg\" \/>\n<meta name=\"twitter:card\" content=\"summary_large_image\" \/>\n<meta name=\"twitter:label1\" content=\"Preis\" \/>\n\t<meta name=\"twitter:data1\" content=\"&euro;39,99\" \/>\n\t<meta name=\"twitter:label2\" content=\"Availability\" \/>\n\t<meta name=\"twitter:data2\" content=\"In stock\" \/>\n<script type=\"application\/ld+json\" class=\"yoast-schema-graph\">{\"@context\":\"https:\/\/schema.org\",\"@graph\":[{\"@type\":[\"WebPage\",\"ItemPage\"],\"@id\":\"https:\/\/www.globber.com\/de\/product\/helm-adults\/\",\"url\":\"https:\/\/www.globber.com\/de\/product\/helm-adults\/\",\"name\":\"HELM ADULTS - Globber Deutschland\",\"isPartOf\":{\"@id\":\"https:\/\/www.globber.com\/de\/#website\"},\"primaryImageOfPage\":{\"@id\":\"https:\/\/www.globber.com\/de\/product\/helm-adults\/#primaryimage\"},\"image\":{\"@id\":\"https:\/\/www.globber.com\/de\/product\/helm-adults\/#primaryimage\"},\"thumbnailUrl\":\"https:\/\/cdn.globber.com\/content\/sites\/13\/2025\/11\/515-120_L.jpg\",\"datePublished\":\"2025-11-07T07:33:58+00:00\",\"dateModified\":\"2026-04-14T01:00:56+00:00\",\"breadcrumb\":{\"@id\":\"https:\/\/www.globber.com\/de\/product\/helm-adults\/#breadcrumb\"},\"inLanguage\":\"de\",\"potentialAction\":[{\"@type\":\"ReadAction\",\"target\":[\"https:\/\/www.globber.com\/de\/product\/helm-adults\/\"]}]},{\"@type\":\"ImageObject\",\"inLanguage\":\"de\",\"@id\":\"https:\/\/www.globber.com\/de\/product\/helm-adults\/#primaryimage\",\"url\":\"https:\/\/cdn.globber.com\/content\/sites\/13\/2025\/11\/515-120_L.jpg\",\"contentUrl\":\"https:\/\/cdn.globber.com\/content\/sites\/13\/2025\/11\/515-120_L.jpg\",\"width\":3528,\"height\":4472},{\"@type\":\"BreadcrumbList\",\"@id\":\"https:\/\/www.globber.com\/de\/product\/helm-adults\/#breadcrumb\",\"itemListElement\":[{\"@type\":\"ListItem\",\"position\":1,\"name\":\"Alle Produkte\",\"item\":\"https:\/\/www.globber.com\/de\/shop-by-product\/\"},{\"@type\":\"ListItem\",\"position\":2,\"name\":\"HELM ADULTS\"}]},{\"@type\":\"WebSite\",\"@id\":\"https:\/\/www.globber.com\/de\/#website\",\"url\":\"https:\/\/www.globber.com\/de\/\",\"name\":\"Globber Deutschland\",\"description\":\"Die Welt auf R\u00e4dern | Globber.com\",\"publisher\":{\"@id\":\"https:\/\/www.globber.com\/de\/#organization\"},\"potentialAction\":[{\"@type\":\"SearchAction\",\"target\":{\"@type\":\"EntryPoint\",\"urlTemplate\":\"https:\/\/www.globber.com\/de\/?s={search_term_string}\"},\"query-input\":{\"@type\":\"PropertyValueSpecification\",\"valueRequired\":true,\"valueName\":\"search_term_string\"}}],\"inLanguage\":\"de\"},{\"@type\":\"Organization\",\"@id\":\"https:\/\/www.globber.com\/de\/#organization\",\"name\":\"Globber Deutschland\",\"url\":\"https:\/\/www.globber.com\/de\/\",\"logo\":{\"@type\":\"ImageObject\",\"inLanguage\":\"de\",\"@id\":\"https:\/\/www.globber.com\/de\/#\/schema\/logo\/image\/\",\"url\":\"https:\/\/cdn.globber.com\/content\/sites\/13\/2024\/05\/logo.svg\",\"contentUrl\":\"https:\/\/cdn.globber.com\/content\/sites\/13\/2024\/05\/logo.svg\",\"width\":601,\"height\":112,\"caption\":\"Globber Deutschland\"},\"image\":{\"@id\":\"https:\/\/www.globber.com\/de\/#\/schema\/logo\/image\/\"}}]}<\/script>\n<meta property=\"product:price:amount\" content=\"39.99\" \/>\n<meta property=\"product:price:currency\" content=\"EUR\" \/>\n<meta property=\"og:availability\" content=\"instock\" \/>\n<meta property=\"product:availability\" content=\"instock\" \/>\n<meta property=\"product:retailer_item_id\" content=\"515-120\" \/>\n<meta property=\"product:condition\" content=\"new\" \/>\n<!-- \/ Yoast SEO Premium plugin. -->","yoast_head_json":{"title":"HELM ADULTS - Globber Deutschland","robots":{"index":"index","follow":"follow","max-snippet":"max-snippet:-1","max-image-preview":"max-image-preview:large","max-video-preview":"max-video-preview:-1"},"canonical":"https:\/\/www.globber.com\/de\/product\/helm-adults\/","og_locale":"de_DE","og_type":"article","og_title":"HELM ADULTS - Globber Deutschland","og_description":"Gr\u00f6\u00dfe: L (59-61cm)","og_url":"https:\/\/www.globber.com\/de\/product\/helm-adults\/","og_site_name":"Globber Deutschland","article_modified_time":"2026-04-14T01:00:56+00:00","og_image":[{"width":3528,"height":4472,"url":"https:\/\/cdn.globber.com\/content\/sites\/13\/2025\/11\/515-120_L.jpg","type":"image\/jpeg"}],"twitter_card":"summary_large_image","twitter_misc":{"Preis":"&euro;39,99","Availability":"In stock"},"schema":{"@context":"https:\/\/schema.org","@graph":[{"@type":["WebPage","ItemPage"],"@id":"https:\/\/www.globber.com\/de\/product\/helm-adults\/","url":"https:\/\/www.globber.com\/de\/product\/helm-adults\/","name":"HELM ADULTS - Globber Deutschland","isPartOf":{"@id":"https:\/\/www.globber.com\/de\/#website"},"primaryImageOfPage":{"@id":"https:\/\/www.globber.com\/de\/product\/helm-adults\/#primaryimage"},"image":{"@id":"https:\/\/www.globber.com\/de\/product\/helm-adults\/#primaryimage"},"thumbnailUrl":"https:\/\/cdn.globber.com\/content\/sites\/13\/2025\/11\/515-120_L.jpg","datePublished":"2025-11-07T07:33:58+00:00","dateModified":"2026-04-14T01:00:56+00:00","breadcrumb":{"@id":"https:\/\/www.globber.com\/de\/product\/helm-adults\/#breadcrumb"},"inLanguage":"de","potentialAction":[{"@type":"ReadAction","target":["https:\/\/www.globber.com\/de\/product\/helm-adults\/"]}]},{"@type":"ImageObject","inLanguage":"de","@id":"https:\/\/www.globber.com\/de\/product\/helm-adults\/#primaryimage","url":"https:\/\/cdn.globber.com\/content\/sites\/13\/2025\/11\/515-120_L.jpg","contentUrl":"https:\/\/cdn.globber.com\/content\/sites\/13\/2025\/11\/515-120_L.jpg","width":3528,"height":4472},{"@type":"BreadcrumbList","@id":"https:\/\/www.globber.com\/de\/product\/helm-adults\/#breadcrumb","itemListElement":[{"@type":"ListItem","position":1,"name":"Alle Produkte","item":"https:\/\/www.globber.com\/de\/shop-by-product\/"},{"@type":"ListItem","position":2,"name":"HELM ADULTS"}]},{"@type":"WebSite","@id":"https:\/\/www.globber.com\/de\/#website","url":"https:\/\/www.globber.com\/de\/","name":"Globber Deutschland","description":"Die Welt auf R\u00e4dern | Globber.com","publisher":{"@id":"https:\/\/www.globber.com\/de\/#organization"},"potentialAction":[{"@type":"SearchAction","target":{"@type":"EntryPoint","urlTemplate":"https:\/\/www.globber.com\/de\/?s={search_term_string}"},"query-input":{"@type":"PropertyValueSpecification","valueRequired":true,"valueName":"search_term_string"}}],"inLanguage":"de"},{"@type":"Organization","@id":"https:\/\/www.globber.com\/de\/#organization","name":"Globber Deutschland","url":"https:\/\/www.globber.com\/de\/","logo":{"@type":"ImageObject","inLanguage":"de","@id":"https:\/\/www.globber.com\/de\/#\/schema\/logo\/image\/","url":"https:\/\/cdn.globber.com\/content\/sites\/13\/2024\/05\/logo.svg","contentUrl":"https:\/\/cdn.globber.com\/content\/sites\/13\/2024\/05\/logo.svg","width":601,"height":112,"caption":"Globber Deutschland"},"image":{"@id":"https:\/\/www.globber.com\/de\/#\/schema\/logo\/image\/"}}]},"product_price_amount":"39.99","product_price_currency":"EUR","og_availability":"instock","product_availability":"instock","product_retailer_item_id":"515-120","product_condition":"new"},"_links":{"self":[{"href":"https:\/\/www.globber.com\/de\/wp-json\/wp\/v2\/product\/17212","targetHints":{"allow":["GET"]}}],"collection":[{"href":"https:\/\/www.globber.com\/de\/wp-json\/wp\/v2\/product"}],"about":[{"href":"https:\/\/www.globber.com\/de\/wp-json\/wp\/v2\/types\/product"}],"replies":[{"embeddable":true,"href":"https:\/\/www.globber.com\/de\/wp-json\/wp\/v2\/comments?post=17212"}],"wp:featuredmedia":[{"embeddable":true,"href":"https:\/\/www.globber.com\/de\/wp-json\/wp\/v2\/media\/17216"}],"wp:attachment":[{"href":"https:\/\/www.globber.com\/de\/wp-json\/wp\/v2\/media?parent=17212"}],"wp:term":[{"taxonomy":"product-special-badges","embeddable":true,"href":"https:\/\/www.globber.com\/de\/wp-json\/wp\/v2\/product-special-badges?post=17212"},{"taxonomy":"product_brand","embeddable":true,"href":"https:\/\/www.globber.com\/de\/wp-json\/wp\/v2\/product_brand?post=17212"},{"taxonomy":"product_cat","embeddable":true,"href":"https:\/\/www.globber.com\/de\/wp-json\/wp\/v2\/product_cat?post=17212"},{"taxonomy":"product_tag","embeddable":true,"href":"https:\/\/www.globber.com\/de\/wp-json\/wp\/v2\/product_tag?post=17212"}],"curies":[{"name":"wp","href":"https:\/\/api.w.org\/{rel}","templated":true}]}}