{"id":19823,"date":"2026-04-24T10:46:31","date_gmt":"2026-04-24T08:46:31","guid":{"rendered":"https:\/\/www.globber.com\/de\/?post_type=product&#038;p=19823"},"modified":"2026-04-30T13:03:52","modified_gmt":"2026-04-30T11:03:52","slug":"primo-plus-lights-neon","status":"publish","type":"product","link":"https:\/\/www.globber.com\/de\/product\/primo-plus-lights-neon\/","title":{"rendered":"PRIMO PLUS LIGHTS NEON"},"content":{"rendered":"<p data-start=\"0\" data-end=\"365\">Mit dem <strong data-start=\"8\" data-end=\"29\">PRIMO PLUS LIGHTS NEON<\/strong> erlebt dein Kind grenzenlosen Scooter-Spa\u00df auf drei R\u00e4dern: Ausgestattet mit einer 4-fach h\u00f6henverstellbaren Lenkstange, patentiertem Lenkungssperrsystem, batterielosen LED-Leuchtr\u00e4dern und einem extra niedrigen Deck bietet er deinem Kind sicheren Halt, einfache Kontrolle und leuchtende Action \u2013 jeden Tag aufs Neue.<\/p>\n<p data-start=\"367\" data-end=\"673\">Nachhaltig gemacht: 26\u201329 % GRS-zertifizierter Recycling-Kunststoff sorgt f\u00fcr weniger Plastikm\u00fcll und f\u00f6rdert die Kreislaufwirtschaft. Seit Oktober 2022 haben wir so \u00fcber 118 Tonnen wiederverwertete Materialien wie Flaschen, Fischernetze und altes Spielzeug eingesetzt \u2013 f\u00fcr umweltbewussten Rollerspa\u00df!<\/p>\n","protected":false},"excerpt":{"rendered":"<ul>\n<li>4-fach h\u00f6henverstellbare Lenkstange,<\/li>\n<li>LED-Leuchtr\u00e4der,<\/li>\n<li>Patentiertes Lenkungssperrsystem<\/li>\n<\/ul>\n","protected":false},"featured_media":19794,"comment_status":"open","ping_status":"closed","template":"","meta":{"_acf_changed":false,"inline_featured_image":false},"product-special-badges":[4174],"product_brand":[],"product_cat":[1694,1691,1681,399],"product_tag":[4244],"class_list":{"0":"post-19823","1":"product","2":"type-product","3":"status-publish","4":"has-post-thumbnail","6":"product_cat-light-up-scooter","7":"product_cat-3-rad-scooter-fuer-alle-altersgruppen","8":"product_cat-primo-serie","9":"product_cat-roller-fuer-kinder","10":"product_tag-translate","11":"pa_age-range-ab-3-jahren","12":"pa_age-range-ab-4-jahren","13":"pa_age-range-ab-5-jahren","14":"pa_age-range-ab-6-jahren","15":"pa_age-range-ab-7-jahren","16":"pa_color-fuchsia","17":"pa_color-lime-green","18":"pa_color-navy-blue","19":"pa_color-neonblau","20":"pa_color-neon-pink","21":"pa_color-pastel-pink","22":"pa_color-violet","23":"pa_ean-4238","24":"pa_ean-4240","25":"pa_ean-4239","26":"pa_ean-4242","27":"pa_ean-4427","28":"pa_ean-4428","29":"pa_ean-4241","30":"pa_foldable-no","31":"pa_maximales-benutzergewicht-50kg","32":"pa_product-type-3-rad-scooter","33":"pa_produktkategorie-roller","34":"pa_recommended-user-height-95-130cm","35":"pa_series-primo-serie","36":"pa_t-bar-4-fach-hoehenverstellbar","38":"first","39":"instock","40":"taxable","41":"shipping-taxable","42":"purchasable","43":"product-type-variable"},"bundled_by":[],"bundle_stock_status":"instock","bundle_stock_quantity":null,"bundle_virtual":false,"bundle_layout":"","bundle_add_to_cart_form_location":"","bundle_editable_in_cart":false,"bundle_sold_individually_context":"","bundle_item_grouping":"","bundle_min_size":"","bundle_max_size":"","bundled_items":[],"bundle_sell_ids":[],"acf":[],"yoast_head":"<!-- This site is optimized with the Yoast SEO Premium plugin v20.12 (Yoast SEO v23.4) - https:\/\/yoast.com\/wordpress\/plugins\/seo\/ -->\n<title>PRIMO PLUS LIGHTS: 3-Rad-Scooter mit LED-R\u00e4dern (3\u20139 Jahre)<\/title>\n<meta name=\"description\" content=\"Entdecke den PRIMO PLUS LIGHTS 3-Rad-Scooter mit 4-fach h\u00f6henverstellbarem T-Bar, patentiertem Lenkschloss und batterielosen LED-Leuchtr\u00e4dern.\" \/>\n<meta name=\"robots\" content=\"index, follow, max-snippet:-1, max-image-preview:large, max-video-preview:-1\" \/>\n<link rel=\"canonical\" href=\"https:\/\/www.globber.com\/de\/product\/primo-plus-lights-neon\/\" \/>\n<meta property=\"og:locale\" content=\"de_DE\" \/>\n<meta property=\"og:type\" content=\"article\" \/>\n<meta property=\"og:title\" content=\"PRIMO PLUS LIGHTS: 3-Rad-Scooter mit LED-R\u00e4dern (3\u20139 Jahre)\" \/>\n<meta property=\"og:description\" content=\"Entdecke den PRIMO PLUS LIGHTS 3-Rad-Scooter mit 4-fach h\u00f6henverstellbarem T-Bar, patentiertem Lenkschloss und batterielosen LED-Leuchtr\u00e4dern.\" \/>\n<meta property=\"og:url\" content=\"https:\/\/www.globber.com\/de\/product\/primo-plus-lights-neon\/\" \/>\n<meta property=\"og:site_name\" content=\"Globber Deutschland\" \/>\n<meta property=\"article:modified_time\" content=\"2026-04-30T11:03:52+00:00\" \/>\n<meta property=\"og:image\" content=\"https:\/\/cdn.globber.com\/content\/sites\/13\/2026\/04\/69eb24f1ca77a.jpg\" \/>\n\t<meta property=\"og:image:width\" content=\"2048\" \/>\n\t<meta property=\"og:image:height\" content=\"2048\" \/>\n\t<meta property=\"og:image:type\" content=\"image\/jpeg\" \/>\n<meta name=\"twitter:card\" content=\"summary_large_image\" \/>\n<meta name=\"twitter:label1\" content=\"Availability\" \/>\n\t<meta name=\"twitter:data1\" content=\"In stock\" \/>\n<script type=\"application\/ld+json\" class=\"yoast-schema-graph\">{\"@context\":\"https:\/\/schema.org\",\"@graph\":[{\"@type\":[\"WebPage\",\"ItemPage\"],\"@id\":\"https:\/\/www.globber.com\/de\/product\/primo-plus-lights-neon\/\",\"url\":\"https:\/\/www.globber.com\/de\/product\/primo-plus-lights-neon\/\",\"name\":\"PRIMO PLUS LIGHTS: 3-Rad-Scooter mit LED-R\u00e4dern (3\u20139 Jahre)\",\"isPartOf\":{\"@id\":\"https:\/\/www.globber.com\/de\/#website\"},\"primaryImageOfPage\":{\"@id\":\"https:\/\/www.globber.com\/de\/product\/primo-plus-lights-neon\/#primaryimage\"},\"image\":{\"@id\":\"https:\/\/www.globber.com\/de\/product\/primo-plus-lights-neon\/#primaryimage\"},\"thumbnailUrl\":\"https:\/\/cdn.globber.com\/content\/sites\/13\/2026\/04\/69eb24f1ca77a.jpg\",\"datePublished\":\"2026-04-24T08:46:31+00:00\",\"dateModified\":\"2026-04-30T11:03:52+00:00\",\"description\":\"Entdecke den PRIMO PLUS LIGHTS 3-Rad-Scooter mit 4-fach h\u00f6henverstellbarem T-Bar, patentiertem Lenkschloss und batterielosen LED-Leuchtr\u00e4dern.\",\"breadcrumb\":{\"@id\":\"https:\/\/www.globber.com\/de\/product\/primo-plus-lights-neon\/#breadcrumb\"},\"inLanguage\":\"de\",\"potentialAction\":[{\"@type\":\"ReadAction\",\"target\":[\"https:\/\/www.globber.com\/de\/product\/primo-plus-lights-neon\/\"]}]},{\"@type\":\"ImageObject\",\"inLanguage\":\"de\",\"@id\":\"https:\/\/www.globber.com\/de\/product\/primo-plus-lights-neon\/#primaryimage\",\"url\":\"https:\/\/cdn.globber.com\/content\/sites\/13\/2026\/04\/69eb24f1ca77a.jpg\",\"contentUrl\":\"https:\/\/cdn.globber.com\/content\/sites\/13\/2026\/04\/69eb24f1ca77a.jpg\",\"width\":2048,\"height\":2048},{\"@type\":\"BreadcrumbList\",\"@id\":\"https:\/\/www.globber.com\/de\/product\/primo-plus-lights-neon\/#breadcrumb\",\"itemListElement\":[{\"@type\":\"ListItem\",\"position\":1,\"name\":\"Alle Produkte\",\"item\":\"https:\/\/www.globber.com\/de\/shop-by-product\/\"},{\"@type\":\"ListItem\",\"position\":2,\"name\":\"PRIMO PLUS LIGHTS NEON\"}]},{\"@type\":\"WebSite\",\"@id\":\"https:\/\/www.globber.com\/de\/#website\",\"url\":\"https:\/\/www.globber.com\/de\/\",\"name\":\"Globber Deutschland\",\"description\":\"Die Welt auf R\u00e4dern | Globber.com\",\"publisher\":{\"@id\":\"https:\/\/www.globber.com\/de\/#organization\"},\"potentialAction\":[{\"@type\":\"SearchAction\",\"target\":{\"@type\":\"EntryPoint\",\"urlTemplate\":\"https:\/\/www.globber.com\/de\/?s={search_term_string}\"},\"query-input\":{\"@type\":\"PropertyValueSpecification\",\"valueRequired\":true,\"valueName\":\"search_term_string\"}}],\"inLanguage\":\"de\"},{\"@type\":\"Organization\",\"@id\":\"https:\/\/www.globber.com\/de\/#organization\",\"name\":\"Globber Deutschland\",\"url\":\"https:\/\/www.globber.com\/de\/\",\"logo\":{\"@type\":\"ImageObject\",\"inLanguage\":\"de\",\"@id\":\"https:\/\/www.globber.com\/de\/#\/schema\/logo\/image\/\",\"url\":\"https:\/\/cdn.globber.com\/content\/sites\/13\/2024\/05\/logo.svg\",\"contentUrl\":\"https:\/\/cdn.globber.com\/content\/sites\/13\/2024\/05\/logo.svg\",\"width\":601,\"height\":112,\"caption\":\"Globber Deutschland\"},\"image\":{\"@id\":\"https:\/\/www.globber.com\/de\/#\/schema\/logo\/image\/\"}}]}<\/script>\n<meta property=\"og:availability\" content=\"instock\" \/>\n<meta property=\"product:availability\" content=\"instock\" \/>\n<meta property=\"product:retailer_item_id\" content=\"442-XXX-4-1\" \/>\n<meta property=\"product:condition\" content=\"new\" \/>\n<!-- \/ Yoast SEO Premium plugin. -->","yoast_head_json":{"title":"PRIMO PLUS LIGHTS: 3-Rad-Scooter mit LED-R\u00e4dern (3\u20139 Jahre)","description":"Entdecke den PRIMO PLUS LIGHTS 3-Rad-Scooter mit 4-fach h\u00f6henverstellbarem T-Bar, patentiertem Lenkschloss und batterielosen LED-Leuchtr\u00e4dern.","robots":{"index":"index","follow":"follow","max-snippet":"max-snippet:-1","max-image-preview":"max-image-preview:large","max-video-preview":"max-video-preview:-1"},"canonical":"https:\/\/www.globber.com\/de\/product\/primo-plus-lights-neon\/","og_locale":"de_DE","og_type":"article","og_title":"PRIMO PLUS LIGHTS: 3-Rad-Scooter mit LED-R\u00e4dern (3\u20139 Jahre)","og_description":"Entdecke den PRIMO PLUS LIGHTS 3-Rad-Scooter mit 4-fach h\u00f6henverstellbarem T-Bar, patentiertem Lenkschloss und batterielosen LED-Leuchtr\u00e4dern.","og_url":"https:\/\/www.globber.com\/de\/product\/primo-plus-lights-neon\/","og_site_name":"Globber Deutschland","article_modified_time":"2026-04-30T11:03:52+00:00","og_image":[{"width":2048,"height":2048,"url":"https:\/\/cdn.globber.com\/content\/sites\/13\/2026\/04\/69eb24f1ca77a.jpg","type":"image\/jpeg"}],"twitter_card":"summary_large_image","twitter_misc":{"Availability":"In stock"},"schema":{"@context":"https:\/\/schema.org","@graph":[{"@type":["WebPage","ItemPage"],"@id":"https:\/\/www.globber.com\/de\/product\/primo-plus-lights-neon\/","url":"https:\/\/www.globber.com\/de\/product\/primo-plus-lights-neon\/","name":"PRIMO PLUS LIGHTS: 3-Rad-Scooter mit LED-R\u00e4dern (3\u20139 Jahre)","isPartOf":{"@id":"https:\/\/www.globber.com\/de\/#website"},"primaryImageOfPage":{"@id":"https:\/\/www.globber.com\/de\/product\/primo-plus-lights-neon\/#primaryimage"},"image":{"@id":"https:\/\/www.globber.com\/de\/product\/primo-plus-lights-neon\/#primaryimage"},"thumbnailUrl":"https:\/\/cdn.globber.com\/content\/sites\/13\/2026\/04\/69eb24f1ca77a.jpg","datePublished":"2026-04-24T08:46:31+00:00","dateModified":"2026-04-30T11:03:52+00:00","description":"Entdecke den PRIMO PLUS LIGHTS 3-Rad-Scooter mit 4-fach h\u00f6henverstellbarem T-Bar, patentiertem Lenkschloss und batterielosen LED-Leuchtr\u00e4dern.","breadcrumb":{"@id":"https:\/\/www.globber.com\/de\/product\/primo-plus-lights-neon\/#breadcrumb"},"inLanguage":"de","potentialAction":[{"@type":"ReadAction","target":["https:\/\/www.globber.com\/de\/product\/primo-plus-lights-neon\/"]}]},{"@type":"ImageObject","inLanguage":"de","@id":"https:\/\/www.globber.com\/de\/product\/primo-plus-lights-neon\/#primaryimage","url":"https:\/\/cdn.globber.com\/content\/sites\/13\/2026\/04\/69eb24f1ca77a.jpg","contentUrl":"https:\/\/cdn.globber.com\/content\/sites\/13\/2026\/04\/69eb24f1ca77a.jpg","width":2048,"height":2048},{"@type":"BreadcrumbList","@id":"https:\/\/www.globber.com\/de\/product\/primo-plus-lights-neon\/#breadcrumb","itemListElement":[{"@type":"ListItem","position":1,"name":"Alle Produkte","item":"https:\/\/www.globber.com\/de\/shop-by-product\/"},{"@type":"ListItem","position":2,"name":"PRIMO PLUS LIGHTS NEON"}]},{"@type":"WebSite","@id":"https:\/\/www.globber.com\/de\/#website","url":"https:\/\/www.globber.com\/de\/","name":"Globber Deutschland","description":"Die Welt auf R\u00e4dern | Globber.com","publisher":{"@id":"https:\/\/www.globber.com\/de\/#organization"},"potentialAction":[{"@type":"SearchAction","target":{"@type":"EntryPoint","urlTemplate":"https:\/\/www.globber.com\/de\/?s={search_term_string}"},"query-input":{"@type":"PropertyValueSpecification","valueRequired":true,"valueName":"search_term_string"}}],"inLanguage":"de"},{"@type":"Organization","@id":"https:\/\/www.globber.com\/de\/#organization","name":"Globber Deutschland","url":"https:\/\/www.globber.com\/de\/","logo":{"@type":"ImageObject","inLanguage":"de","@id":"https:\/\/www.globber.com\/de\/#\/schema\/logo\/image\/","url":"https:\/\/cdn.globber.com\/content\/sites\/13\/2024\/05\/logo.svg","contentUrl":"https:\/\/cdn.globber.com\/content\/sites\/13\/2024\/05\/logo.svg","width":601,"height":112,"caption":"Globber Deutschland"},"image":{"@id":"https:\/\/www.globber.com\/de\/#\/schema\/logo\/image\/"}}]},"og_availability":"instock","product_availability":"instock","product_retailer_item_id":"442-XXX-4-1","product_condition":"new"},"_links":{"self":[{"href":"https:\/\/www.globber.com\/de\/wp-json\/wp\/v2\/product\/19823","targetHints":{"allow":["GET"]}}],"collection":[{"href":"https:\/\/www.globber.com\/de\/wp-json\/wp\/v2\/product"}],"about":[{"href":"https:\/\/www.globber.com\/de\/wp-json\/wp\/v2\/types\/product"}],"replies":[{"embeddable":true,"href":"https:\/\/www.globber.com\/de\/wp-json\/wp\/v2\/comments?post=19823"}],"wp:featuredmedia":[{"embeddable":true,"href":"https:\/\/www.globber.com\/de\/wp-json\/wp\/v2\/media\/19794"}],"wp:attachment":[{"href":"https:\/\/www.globber.com\/de\/wp-json\/wp\/v2\/media?parent=19823"}],"wp:term":[{"taxonomy":"product-special-badges","embeddable":true,"href":"https:\/\/www.globber.com\/de\/wp-json\/wp\/v2\/product-special-badges?post=19823"},{"taxonomy":"product_brand","embeddable":true,"href":"https:\/\/www.globber.com\/de\/wp-json\/wp\/v2\/product_brand?post=19823"},{"taxonomy":"product_cat","embeddable":true,"href":"https:\/\/www.globber.com\/de\/wp-json\/wp\/v2\/product_cat?post=19823"},{"taxonomy":"product_tag","embeddable":true,"href":"https:\/\/www.globber.com\/de\/wp-json\/wp\/v2\/product_tag?post=19823"}],"curies":[{"name":"wp","href":"https:\/\/api.w.org\/{rel}","templated":true}]}}