{"id":5808,"date":"2022-11-28T14:00:07","date_gmt":"2022-11-28T14:00:07","guid":{"rendered":"http:\/\/www.globber.com\/de\/product\/learning-bike-3in1\/"},"modified":"2026-03-24T15:54:01","modified_gmt":"2026-03-24T14:54:01","slug":"learning-bike-3in1","status":"publish","type":"product","link":"https:\/\/www.globber.com\/de\/product\/learning-bike-3in1\/","title":{"rendered":"LEARNING BIKE 3in1"},"content":{"rendered":"<p data-start=\"0\" data-end=\"474\">F\u00f6rdere die Koordination deines Kleinkinds und entfache dabei jede Menge Spa\u00df \u2013 mit dem <strong>LEARNING BIKE 3in1<\/strong> von GLOBBER! Dieses All-in-One-Baby-Laufrad w\u00e4chst mit:<\/p>\n<p data-start=\"0\" data-end=\"474\">Im Aufsitz-Modus lernen die Kleinsten, sich sicher zu f\u00fchlen, im Lern-Modus \u00fcben sie Pedalieren und Lenken, und im Laufrad-Modus trainieren sie Balance ganz ohne Pedale. So begleitet es dein Kind von 12 Monaten bis ins Kleinkindalter und f\u00f6rdert spielerisch wichtige Motorik-F\u00e4higkeiten.<\/p>\n<p data-start=\"476\" data-end=\"761\" data-is-last-node=\"\" data-is-only-node=\"\">Dank exklusiver GLOBBER-Features wie dem patentierten Lenksystem, der 2-fach-h\u00f6henverstellbaren Schubstange, dem h\u00f6henverstellbaren Sattel und den doppelten Hinterr\u00e4dern genie\u00dfen dein Kind und du maximalen Komfort und Sicherheit \u2013 f\u00fcr abwechslungsreichen Fahrspa\u00df \u00fcber viele Jahre.<\/p>\n","protected":false},"excerpt":{"rendered":"<ul>\n<li>3-in-1 Produkt,<\/li>\n<li>4 Lenk-Modi,<\/li>\n<li>2-fach h\u00f6henverstellbarer Sattel,<\/li>\n<li>Abnehmbare Lenkstange<\/li>\n<\/ul>\n","protected":false},"featured_media":17118,"comment_status":"open","ping_status":"closed","template":"","meta":{"_acf_changed":false,"inline_featured_image":false},"product-special-badges":[4172],"product_brand":[],"product_cat":[4173,3560,1245,1630],"product_tag":[3708],"class_list":{"0":"post-5808","1":"product","2":"type-product","3":"status-publish","4":"has-post-thumbnail","6":"product_cat-sale","7":"product_cat-umbaubare-fahrzeuge","8":"product_cat-learning-serie","9":"product_cat-kleinkind-scooter-trikes-balance-bikes-2","10":"product_tag-import","11":"pa_age-range-ab-12-monaten","12":"pa_age-range-ab-15-monaten","13":"pa_age-range-ab-2-jahren","14":"pa_color-white-mint","15":"pa_color-white-pastel-blue","16":"pa_color-white-pastel-pink","17":"pa_ean-3188","18":"pa_ean-3189","19":"pa_ean-3190","20":"pa_maximales-benutzergewicht-20kg","21":"pa_product-type-aufsitzfahrzeug","22":"pa_product-type-laufrad","23":"pa_product-type-trike","24":"pa_produktkategorie-lernfahrzeug","25":"pa_produktkategorie-umbaubares-fahrzeug","26":"pa_recommended-user-height-70-95cm","27":"pa_series-learning-serie","28":"pa_t-bar-2-fach-hoehenverstellbar","29":"pa_umbaubar-ja","31":"first","32":"outofstock","33":"taxable","34":"shipping-taxable","35":"product-type-variable"},"bundled_by":[],"bundle_stock_status":"outofstock","bundle_stock_quantity":null,"bundle_virtual":false,"bundle_layout":"","bundle_add_to_cart_form_location":"","bundle_editable_in_cart":false,"bundle_sold_individually_context":"","bundle_item_grouping":"","bundle_min_size":"","bundle_max_size":"","bundled_items":[],"bundle_sell_ids":[],"acf":[],"yoast_head":"<!-- This site is optimized with the Yoast SEO Premium plugin v20.12 (Yoast SEO v23.4) - https:\/\/yoast.com\/wordpress\/plugins\/seo\/ -->\n<title>LEARNING BIKE 3in1: Verstellbares 3-in-1-Kinderfahrzeug<\/title>\n<meta name=\"description\" content=\"Halten Sie Ihr Kleinkind aktiv! Unser 3-in-1-Laufrad mit verstellbarem Sattel bietet unbegrenzten Spa\u00df, w\u00e4hrend Sie Ihre motorischen F\u00e4higkeiten trainieren.\" \/>\n<meta name=\"robots\" content=\"index, follow, max-snippet:-1, max-image-preview:large, max-video-preview:-1\" \/>\n<link rel=\"canonical\" href=\"https:\/\/www.globber.com\/de\/product\/learning-bike-3in1\/\" \/>\n<meta property=\"og:locale\" content=\"de_DE\" \/>\n<meta property=\"og:type\" content=\"article\" \/>\n<meta property=\"og:title\" content=\"LEARNING BIKE 3in1: Verstellbares 3-in-1-Kinderfahrzeug\" \/>\n<meta property=\"og:description\" content=\"Halten Sie Ihr Kleinkind aktiv! Unser 3-in-1-Laufrad mit verstellbarem Sattel bietet unbegrenzten Spa\u00df, w\u00e4hrend Sie Ihre motorischen F\u00e4higkeiten trainieren.\" \/>\n<meta property=\"og:url\" content=\"https:\/\/www.globber.com\/de\/product\/learning-bike-3in1\/\" \/>\n<meta property=\"og:site_name\" content=\"Globber Deutschland\" \/>\n<meta property=\"article:modified_time\" content=\"2026-03-24T14:54:01+00:00\" \/>\n<meta property=\"og:image\" content=\"https:\/\/cdn.globber.com\/content\/sites\/13\/2022\/11\/638-206_stage1_ft-q1_rgb.jpg\" \/>\n\t<meta property=\"og:image:width\" content=\"2048\" \/>\n\t<meta property=\"og:image:height\" content=\"2048\" \/>\n\t<meta property=\"og:image:type\" content=\"image\/jpeg\" \/>\n<meta name=\"twitter:card\" content=\"summary_large_image\" \/>\n<meta name=\"twitter:label1\" content=\"Availability\" \/>\n\t<meta name=\"twitter:data1\" content=\"Out of stock\" \/>\n<script type=\"application\/ld+json\" class=\"yoast-schema-graph\">{\"@context\":\"https:\/\/schema.org\",\"@graph\":[{\"@type\":[\"WebPage\",\"ItemPage\"],\"@id\":\"https:\/\/www.globber.com\/de\/product\/learning-bike-3in1\/\",\"url\":\"https:\/\/www.globber.com\/de\/product\/learning-bike-3in1\/\",\"name\":\"LEARNING BIKE 3in1: Verstellbares 3-in-1-Kinderfahrzeug\",\"isPartOf\":{\"@id\":\"https:\/\/www.globber.com\/de\/#website\"},\"primaryImageOfPage\":{\"@id\":\"https:\/\/www.globber.com\/de\/product\/learning-bike-3in1\/#primaryimage\"},\"image\":{\"@id\":\"https:\/\/www.globber.com\/de\/product\/learning-bike-3in1\/#primaryimage\"},\"thumbnailUrl\":\"https:\/\/cdn.globber.com\/content\/sites\/13\/2022\/11\/638-206_stage1_ft-q1_rgb.jpg\",\"datePublished\":\"2022-11-28T14:00:07+00:00\",\"dateModified\":\"2026-03-24T14:54:01+00:00\",\"description\":\"Halten Sie Ihr Kleinkind aktiv! Unser 3-in-1-Laufrad mit verstellbarem Sattel bietet unbegrenzten Spa\u00df, w\u00e4hrend Sie Ihre motorischen F\u00e4higkeiten trainieren.\",\"breadcrumb\":{\"@id\":\"https:\/\/www.globber.com\/de\/product\/learning-bike-3in1\/#breadcrumb\"},\"inLanguage\":\"de\",\"potentialAction\":[{\"@type\":\"ReadAction\",\"target\":[\"https:\/\/www.globber.com\/de\/product\/learning-bike-3in1\/\"]}]},{\"@type\":\"ImageObject\",\"inLanguage\":\"de\",\"@id\":\"https:\/\/www.globber.com\/de\/product\/learning-bike-3in1\/#primaryimage\",\"url\":\"https:\/\/cdn.globber.com\/content\/sites\/13\/2022\/11\/638-206_stage1_ft-q1_rgb.jpg\",\"contentUrl\":\"https:\/\/cdn.globber.com\/content\/sites\/13\/2022\/11\/638-206_stage1_ft-q1_rgb.jpg\",\"width\":2048,\"height\":2048},{\"@type\":\"BreadcrumbList\",\"@id\":\"https:\/\/www.globber.com\/de\/product\/learning-bike-3in1\/#breadcrumb\",\"itemListElement\":[{\"@type\":\"ListItem\",\"position\":1,\"name\":\"Alle Produkte\",\"item\":\"https:\/\/www.globber.com\/de\/shop-by-product\/\"},{\"@type\":\"ListItem\",\"position\":2,\"name\":\"LEARNING BIKE 3in1\"}]},{\"@type\":\"WebSite\",\"@id\":\"https:\/\/www.globber.com\/de\/#website\",\"url\":\"https:\/\/www.globber.com\/de\/\",\"name\":\"Globber Deutschland\",\"description\":\"Die Welt auf R\u00e4dern | Globber.com\",\"publisher\":{\"@id\":\"https:\/\/www.globber.com\/de\/#organization\"},\"potentialAction\":[{\"@type\":\"SearchAction\",\"target\":{\"@type\":\"EntryPoint\",\"urlTemplate\":\"https:\/\/www.globber.com\/de\/?s={search_term_string}\"},\"query-input\":{\"@type\":\"PropertyValueSpecification\",\"valueRequired\":true,\"valueName\":\"search_term_string\"}}],\"inLanguage\":\"de\"},{\"@type\":\"Organization\",\"@id\":\"https:\/\/www.globber.com\/de\/#organization\",\"name\":\"Globber Deutschland\",\"url\":\"https:\/\/www.globber.com\/de\/\",\"logo\":{\"@type\":\"ImageObject\",\"inLanguage\":\"de\",\"@id\":\"https:\/\/www.globber.com\/de\/#\/schema\/logo\/image\/\",\"url\":\"https:\/\/cdn.globber.com\/content\/sites\/13\/2024\/05\/logo.svg\",\"contentUrl\":\"https:\/\/cdn.globber.com\/content\/sites\/13\/2024\/05\/logo.svg\",\"width\":601,\"height\":112,\"caption\":\"Globber Deutschland\"},\"image\":{\"@id\":\"https:\/\/www.globber.com\/de\/#\/schema\/logo\/image\/\"}}]}<\/script>\n<meta property=\"og:availability\" content=\"out of stock\" \/>\n<meta property=\"product:availability\" content=\"out of stock\" \/>\n<meta property=\"product:retailer_item_id\" content=\"638-XXX\" \/>\n<meta property=\"product:condition\" content=\"new\" \/>\n<!-- \/ Yoast SEO Premium plugin. -->","yoast_head_json":{"title":"LEARNING BIKE 3in1: Verstellbares 3-in-1-Kinderfahrzeug","description":"Halten Sie Ihr Kleinkind aktiv! Unser 3-in-1-Laufrad mit verstellbarem Sattel bietet unbegrenzten Spa\u00df, w\u00e4hrend Sie Ihre motorischen F\u00e4higkeiten trainieren.","robots":{"index":"index","follow":"follow","max-snippet":"max-snippet:-1","max-image-preview":"max-image-preview:large","max-video-preview":"max-video-preview:-1"},"canonical":"https:\/\/www.globber.com\/de\/product\/learning-bike-3in1\/","og_locale":"de_DE","og_type":"article","og_title":"LEARNING BIKE 3in1: Verstellbares 3-in-1-Kinderfahrzeug","og_description":"Halten Sie Ihr Kleinkind aktiv! Unser 3-in-1-Laufrad mit verstellbarem Sattel bietet unbegrenzten Spa\u00df, w\u00e4hrend Sie Ihre motorischen F\u00e4higkeiten trainieren.","og_url":"https:\/\/www.globber.com\/de\/product\/learning-bike-3in1\/","og_site_name":"Globber Deutschland","article_modified_time":"2026-03-24T14:54:01+00:00","og_image":[{"width":2048,"height":2048,"url":"https:\/\/cdn.globber.com\/content\/sites\/13\/2022\/11\/638-206_stage1_ft-q1_rgb.jpg","type":"image\/jpeg"}],"twitter_card":"summary_large_image","twitter_misc":{"Availability":"Out of stock"},"schema":{"@context":"https:\/\/schema.org","@graph":[{"@type":["WebPage","ItemPage"],"@id":"https:\/\/www.globber.com\/de\/product\/learning-bike-3in1\/","url":"https:\/\/www.globber.com\/de\/product\/learning-bike-3in1\/","name":"LEARNING BIKE 3in1: Verstellbares 3-in-1-Kinderfahrzeug","isPartOf":{"@id":"https:\/\/www.globber.com\/de\/#website"},"primaryImageOfPage":{"@id":"https:\/\/www.globber.com\/de\/product\/learning-bike-3in1\/#primaryimage"},"image":{"@id":"https:\/\/www.globber.com\/de\/product\/learning-bike-3in1\/#primaryimage"},"thumbnailUrl":"https:\/\/cdn.globber.com\/content\/sites\/13\/2022\/11\/638-206_stage1_ft-q1_rgb.jpg","datePublished":"2022-11-28T14:00:07+00:00","dateModified":"2026-03-24T14:54:01+00:00","description":"Halten Sie Ihr Kleinkind aktiv! Unser 3-in-1-Laufrad mit verstellbarem Sattel bietet unbegrenzten Spa\u00df, w\u00e4hrend Sie Ihre motorischen F\u00e4higkeiten trainieren.","breadcrumb":{"@id":"https:\/\/www.globber.com\/de\/product\/learning-bike-3in1\/#breadcrumb"},"inLanguage":"de","potentialAction":[{"@type":"ReadAction","target":["https:\/\/www.globber.com\/de\/product\/learning-bike-3in1\/"]}]},{"@type":"ImageObject","inLanguage":"de","@id":"https:\/\/www.globber.com\/de\/product\/learning-bike-3in1\/#primaryimage","url":"https:\/\/cdn.globber.com\/content\/sites\/13\/2022\/11\/638-206_stage1_ft-q1_rgb.jpg","contentUrl":"https:\/\/cdn.globber.com\/content\/sites\/13\/2022\/11\/638-206_stage1_ft-q1_rgb.jpg","width":2048,"height":2048},{"@type":"BreadcrumbList","@id":"https:\/\/www.globber.com\/de\/product\/learning-bike-3in1\/#breadcrumb","itemListElement":[{"@type":"ListItem","position":1,"name":"Alle Produkte","item":"https:\/\/www.globber.com\/de\/shop-by-product\/"},{"@type":"ListItem","position":2,"name":"LEARNING BIKE 3in1"}]},{"@type":"WebSite","@id":"https:\/\/www.globber.com\/de\/#website","url":"https:\/\/www.globber.com\/de\/","name":"Globber Deutschland","description":"Die Welt auf R\u00e4dern | Globber.com","publisher":{"@id":"https:\/\/www.globber.com\/de\/#organization"},"potentialAction":[{"@type":"SearchAction","target":{"@type":"EntryPoint","urlTemplate":"https:\/\/www.globber.com\/de\/?s={search_term_string}"},"query-input":{"@type":"PropertyValueSpecification","valueRequired":true,"valueName":"search_term_string"}}],"inLanguage":"de"},{"@type":"Organization","@id":"https:\/\/www.globber.com\/de\/#organization","name":"Globber Deutschland","url":"https:\/\/www.globber.com\/de\/","logo":{"@type":"ImageObject","inLanguage":"de","@id":"https:\/\/www.globber.com\/de\/#\/schema\/logo\/image\/","url":"https:\/\/cdn.globber.com\/content\/sites\/13\/2024\/05\/logo.svg","contentUrl":"https:\/\/cdn.globber.com\/content\/sites\/13\/2024\/05\/logo.svg","width":601,"height":112,"caption":"Globber Deutschland"},"image":{"@id":"https:\/\/www.globber.com\/de\/#\/schema\/logo\/image\/"}}]},"og_availability":"out of stock","product_availability":"out of stock","product_retailer_item_id":"638-XXX","product_condition":"new"},"_links":{"self":[{"href":"https:\/\/www.globber.com\/de\/wp-json\/wp\/v2\/product\/5808","targetHints":{"allow":["GET"]}}],"collection":[{"href":"https:\/\/www.globber.com\/de\/wp-json\/wp\/v2\/product"}],"about":[{"href":"https:\/\/www.globber.com\/de\/wp-json\/wp\/v2\/types\/product"}],"replies":[{"embeddable":true,"href":"https:\/\/www.globber.com\/de\/wp-json\/wp\/v2\/comments?post=5808"}],"wp:featuredmedia":[{"embeddable":true,"href":"https:\/\/www.globber.com\/de\/wp-json\/wp\/v2\/media\/17118"}],"wp:attachment":[{"href":"https:\/\/www.globber.com\/de\/wp-json\/wp\/v2\/media?parent=5808"}],"wp:term":[{"taxonomy":"product-special-badges","embeddable":true,"href":"https:\/\/www.globber.com\/de\/wp-json\/wp\/v2\/product-special-badges?post=5808"},{"taxonomy":"product_brand","embeddable":true,"href":"https:\/\/www.globber.com\/de\/wp-json\/wp\/v2\/product_brand?post=5808"},{"taxonomy":"product_cat","embeddable":true,"href":"https:\/\/www.globber.com\/de\/wp-json\/wp\/v2\/product_cat?post=5808"},{"taxonomy":"product_tag","embeddable":true,"href":"https:\/\/www.globber.com\/de\/wp-json\/wp\/v2\/product_tag?post=5808"}],"curies":[{"name":"wp","href":"https:\/\/api.w.org\/{rel}","templated":true}]}}