{"id":5883,"date":"2022-11-28T14:03:30","date_gmt":"2022-11-28T14:03:30","guid":{"rendered":"http:\/\/www.globber.com\/de\/product\/go-bike-elite-air\/"},"modified":"2026-05-08T08:24:34","modified_gmt":"2026-05-08T06:24:34","slug":"go-bike-elite-air","status":"publish","type":"product","link":"https:\/\/www.globber.com\/de\/product\/go-bike-elite-air\/","title":{"rendered":"GO BIKE ELITE AIR"},"content":{"rendered":"<p data-start=\"0\" data-end=\"222\">Erlebe das schwerelose Fahrgef\u00fchl mit dem <strong data-start=\"42\" data-end=\"63\">GO BIKE ELITE AIR<\/strong> \u2013 dem 100 % von GLOBBER entwickelten Laufrad f\u00fcr Kinder von 3 bis 6 Jahren. Perfekt, um spielerisch Koordination, Lenkung und Motorik zu trainieren.<\/p>\n<p data-start=\"224\" data-end=\"644\" data-is-last-node=\"\" data-is-only-node=\"\">Ausgestattet mit zwei 10\u2033 Luftr\u00e4dern in leuchtenden Farben und einem robusten Rahmen mit integriertem Tragegriff, bietet das <strong>GO BIKE ELITE AIR<\/strong> h\u00f6chsten Komfort. Der 2-fach h\u00f6henverstellbare Sattel und der moderne BMX-Lenker wachsen m\u00fchelos mit deinem Kind mit. Dank des 100 % werkzeuglosen GLOBBER-Designs ist Auf- und Abbau ein Kinderspiel \u2013 f\u00fcr grenzenlosen Fahrspa\u00df von Anfang an!<\/p>\n","protected":false},"excerpt":{"rendered":"<ul>\n<li>10'' Luftreifen,<\/li>\n<li>2-fach h\u00f6henverstellbarer Sattel,<\/li>\n<li>Integrierter Tragegriff<\/li>\n<\/ul>\n","protected":false},"featured_media":7177,"comment_status":"open","ping_status":"closed","template":"","meta":{"_acf_changed":false,"inline_featured_image":false},"product-special-badges":[],"product_brand":[],"product_cat":[4173,1693,1678,1630],"product_tag":[3708],"class_list":{"0":"post-5883","1":"product","2":"type-product","3":"status-publish","4":"has-post-thumbnail","6":"product-badges-tool-less","7":"product_cat-sale","8":"product_cat-balance-bikes-fuer-kleinkinder","9":"product_cat-go-bike-serie","10":"product_cat-kleinkind-scooter-trikes-balance-bikes-2","11":"product_tag-import","12":"pa_age-range-ab-3-jahren","13":"pa_age-range-ab-4-jahren","14":"pa_color-mint","15":"pa_color-pastel-blue","16":"pa_color-pastel-pink","17":"pa_ean-3265","18":"pa_ean-3263","19":"pa_ean-3264","20":"pa_maximales-benutzergewicht-25kg","21":"pa_product-type-aufsitzfahrzeug","22":"pa_product-type-laufrad","23":"pa_produktkategorie-lernfahrzeug","24":"pa_recommended-user-height-95-110cm","25":"pa_series-go-bike-serie","27":"first","28":"instock","29":"taxable","30":"shipping-taxable","31":"purchasable","32":"product-type-variable"},"bundled_by":[],"bundle_stock_status":"instock","bundle_stock_quantity":null,"bundle_virtual":false,"bundle_layout":"","bundle_add_to_cart_form_location":"","bundle_editable_in_cart":false,"bundle_sold_individually_context":"","bundle_item_grouping":"","bundle_min_size":"","bundle_max_size":"","bundled_items":[],"bundle_sell_ids":[],"acf":[],"yoast_head":"<!-- This site is optimized with the Yoast SEO Premium plugin v20.12 (Yoast SEO v23.4) - https:\/\/yoast.com\/wordpress\/plugins\/seo\/ -->\n<title>GO BIKE ELITE AIR: Verstellbares Laufrad mit Fu\u00dfst\u00fctze<\/title>\n<meta name=\"description\" content=\"Der Freilaufspa\u00df beginnt hier! Dieses Laufrad f\u00fcr Kinder ist ideal, um Gleichgewicht und Koordination zu verbessern. Das perfekte Geschenk f\u00fcr Ihr Kind!\" \/>\n<meta name=\"robots\" content=\"index, follow, max-snippet:-1, max-image-preview:large, max-video-preview:-1\" \/>\n<link rel=\"canonical\" href=\"https:\/\/www.globber.com\/de\/product\/go-bike-elite-air\/\" \/>\n<meta property=\"og:locale\" content=\"de_DE\" \/>\n<meta property=\"og:type\" content=\"article\" \/>\n<meta property=\"og:title\" content=\"GO BIKE ELITE AIR: Verstellbares Laufrad mit Fu\u00dfst\u00fctze\" \/>\n<meta property=\"og:description\" content=\"Der Freilaufspa\u00df beginnt hier! Dieses Laufrad f\u00fcr Kinder ist ideal, um Gleichgewicht und Koordination zu verbessern. Das perfekte Geschenk f\u00fcr Ihr Kind!\" \/>\n<meta property=\"og:url\" content=\"https:\/\/www.globber.com\/de\/product\/go-bike-elite-air\/\" \/>\n<meta property=\"og:site_name\" content=\"Globber Deutschland\" \/>\n<meta property=\"article:modified_time\" content=\"2026-05-08T06:24:34+00:00\" \/>\n<meta property=\"og:image\" content=\"https:\/\/cdn.globber.com\/content\/2022\/12\/714-201_balance-bike-for-kids.jpg\" \/>\n\t<meta property=\"og:image:width\" content=\"1920\" \/>\n\t<meta property=\"og:image:height\" content=\"1920\" \/>\n\t<meta property=\"og:image:type\" content=\"image\/jpeg\" \/>\n<meta name=\"twitter:card\" content=\"summary_large_image\" \/>\n<meta name=\"twitter:label1\" content=\"Availability\" \/>\n\t<meta name=\"twitter:data1\" content=\"In stock\" \/>\n<script type=\"application\/ld+json\" class=\"yoast-schema-graph\">{\"@context\":\"https:\/\/schema.org\",\"@graph\":[{\"@type\":[\"WebPage\",\"ItemPage\"],\"@id\":\"https:\/\/www.globber.com\/de\/product\/go-bike-elite-air\/\",\"url\":\"https:\/\/www.globber.com\/de\/product\/go-bike-elite-air\/\",\"name\":\"GO BIKE ELITE AIR: Verstellbares Laufrad mit Fu\u00dfst\u00fctze\",\"isPartOf\":{\"@id\":\"https:\/\/www.globber.com\/de\/#website\"},\"primaryImageOfPage\":{\"@id\":\"https:\/\/www.globber.com\/de\/product\/go-bike-elite-air\/#primaryimage\"},\"image\":{\"@id\":\"https:\/\/www.globber.com\/de\/product\/go-bike-elite-air\/#primaryimage\"},\"thumbnailUrl\":\"https:\/\/cdn.globber.com\/content\/2022\/12\/714-201_balance-bike-for-kids.jpg\",\"datePublished\":\"2022-11-28T14:03:30+00:00\",\"dateModified\":\"2026-05-08T06:24:34+00:00\",\"description\":\"Der Freilaufspa\u00df beginnt hier! Dieses Laufrad f\u00fcr Kinder ist ideal, um Gleichgewicht und Koordination zu verbessern. Das perfekte Geschenk f\u00fcr Ihr Kind!\",\"breadcrumb\":{\"@id\":\"https:\/\/www.globber.com\/de\/product\/go-bike-elite-air\/#breadcrumb\"},\"inLanguage\":\"de\",\"potentialAction\":[{\"@type\":\"ReadAction\",\"target\":[\"https:\/\/www.globber.com\/de\/product\/go-bike-elite-air\/\"]}]},{\"@type\":\"ImageObject\",\"inLanguage\":\"de\",\"@id\":\"https:\/\/www.globber.com\/de\/product\/go-bike-elite-air\/#primaryimage\",\"url\":\"https:\/\/cdn.globber.com\/content\/2022\/12\/714-201_balance-bike-for-kids.jpg\",\"contentUrl\":\"https:\/\/cdn.globber.com\/content\/2022\/12\/714-201_balance-bike-for-kids.jpg\",\"width\":1920,\"height\":1920},{\"@type\":\"BreadcrumbList\",\"@id\":\"https:\/\/www.globber.com\/de\/product\/go-bike-elite-air\/#breadcrumb\",\"itemListElement\":[{\"@type\":\"ListItem\",\"position\":1,\"name\":\"Alle Produkte\",\"item\":\"https:\/\/www.globber.com\/de\/shop-by-product\/\"},{\"@type\":\"ListItem\",\"position\":2,\"name\":\"GO BIKE ELITE AIR\"}]},{\"@type\":\"WebSite\",\"@id\":\"https:\/\/www.globber.com\/de\/#website\",\"url\":\"https:\/\/www.globber.com\/de\/\",\"name\":\"Globber Deutschland\",\"description\":\"Die Welt auf R\u00e4dern | Globber.com\",\"publisher\":{\"@id\":\"https:\/\/www.globber.com\/de\/#organization\"},\"potentialAction\":[{\"@type\":\"SearchAction\",\"target\":{\"@type\":\"EntryPoint\",\"urlTemplate\":\"https:\/\/www.globber.com\/de\/?s={search_term_string}\"},\"query-input\":{\"@type\":\"PropertyValueSpecification\",\"valueRequired\":true,\"valueName\":\"search_term_string\"}}],\"inLanguage\":\"de\"},{\"@type\":\"Organization\",\"@id\":\"https:\/\/www.globber.com\/de\/#organization\",\"name\":\"Globber Deutschland\",\"url\":\"https:\/\/www.globber.com\/de\/\",\"logo\":{\"@type\":\"ImageObject\",\"inLanguage\":\"de\",\"@id\":\"https:\/\/www.globber.com\/de\/#\/schema\/logo\/image\/\",\"url\":\"https:\/\/cdn.globber.com\/content\/sites\/13\/2024\/05\/logo.svg\",\"contentUrl\":\"https:\/\/cdn.globber.com\/content\/sites\/13\/2024\/05\/logo.svg\",\"width\":601,\"height\":112,\"caption\":\"Globber Deutschland\"},\"image\":{\"@id\":\"https:\/\/www.globber.com\/de\/#\/schema\/logo\/image\/\"}}]}<\/script>\n<meta property=\"og:availability\" content=\"instock\" \/>\n<meta property=\"product:availability\" content=\"instock\" \/>\n<meta property=\"product:retailer_item_id\" content=\"714-XXX\" \/>\n<meta property=\"product:condition\" content=\"new\" \/>\n<!-- \/ Yoast SEO Premium plugin. -->","yoast_head_json":{"title":"GO BIKE ELITE AIR: Verstellbares Laufrad mit Fu\u00dfst\u00fctze","description":"Der Freilaufspa\u00df beginnt hier! Dieses Laufrad f\u00fcr Kinder ist ideal, um Gleichgewicht und Koordination zu verbessern. Das perfekte Geschenk f\u00fcr Ihr Kind!","robots":{"index":"index","follow":"follow","max-snippet":"max-snippet:-1","max-image-preview":"max-image-preview:large","max-video-preview":"max-video-preview:-1"},"canonical":"https:\/\/www.globber.com\/de\/product\/go-bike-elite-air\/","og_locale":"de_DE","og_type":"article","og_title":"GO BIKE ELITE AIR: Verstellbares Laufrad mit Fu\u00dfst\u00fctze","og_description":"Der Freilaufspa\u00df beginnt hier! Dieses Laufrad f\u00fcr Kinder ist ideal, um Gleichgewicht und Koordination zu verbessern. Das perfekte Geschenk f\u00fcr Ihr Kind!","og_url":"https:\/\/www.globber.com\/de\/product\/go-bike-elite-air\/","og_site_name":"Globber Deutschland","article_modified_time":"2026-05-08T06:24:34+00:00","og_image":[{"width":1920,"height":1920,"url":"https:\/\/cdn.globber.com\/content\/2022\/12\/714-201_balance-bike-for-kids.jpg","type":"image\/jpeg"}],"twitter_card":"summary_large_image","twitter_misc":{"Availability":"In stock"},"schema":{"@context":"https:\/\/schema.org","@graph":[{"@type":["WebPage","ItemPage"],"@id":"https:\/\/www.globber.com\/de\/product\/go-bike-elite-air\/","url":"https:\/\/www.globber.com\/de\/product\/go-bike-elite-air\/","name":"GO BIKE ELITE AIR: Verstellbares Laufrad mit Fu\u00dfst\u00fctze","isPartOf":{"@id":"https:\/\/www.globber.com\/de\/#website"},"primaryImageOfPage":{"@id":"https:\/\/www.globber.com\/de\/product\/go-bike-elite-air\/#primaryimage"},"image":{"@id":"https:\/\/www.globber.com\/de\/product\/go-bike-elite-air\/#primaryimage"},"thumbnailUrl":"https:\/\/cdn.globber.com\/content\/2022\/12\/714-201_balance-bike-for-kids.jpg","datePublished":"2022-11-28T14:03:30+00:00","dateModified":"2026-05-08T06:24:34+00:00","description":"Der Freilaufspa\u00df beginnt hier! Dieses Laufrad f\u00fcr Kinder ist ideal, um Gleichgewicht und Koordination zu verbessern. Das perfekte Geschenk f\u00fcr Ihr Kind!","breadcrumb":{"@id":"https:\/\/www.globber.com\/de\/product\/go-bike-elite-air\/#breadcrumb"},"inLanguage":"de","potentialAction":[{"@type":"ReadAction","target":["https:\/\/www.globber.com\/de\/product\/go-bike-elite-air\/"]}]},{"@type":"ImageObject","inLanguage":"de","@id":"https:\/\/www.globber.com\/de\/product\/go-bike-elite-air\/#primaryimage","url":"https:\/\/cdn.globber.com\/content\/2022\/12\/714-201_balance-bike-for-kids.jpg","contentUrl":"https:\/\/cdn.globber.com\/content\/2022\/12\/714-201_balance-bike-for-kids.jpg","width":1920,"height":1920},{"@type":"BreadcrumbList","@id":"https:\/\/www.globber.com\/de\/product\/go-bike-elite-air\/#breadcrumb","itemListElement":[{"@type":"ListItem","position":1,"name":"Alle Produkte","item":"https:\/\/www.globber.com\/de\/shop-by-product\/"},{"@type":"ListItem","position":2,"name":"GO BIKE ELITE AIR"}]},{"@type":"WebSite","@id":"https:\/\/www.globber.com\/de\/#website","url":"https:\/\/www.globber.com\/de\/","name":"Globber Deutschland","description":"Die Welt auf R\u00e4dern | Globber.com","publisher":{"@id":"https:\/\/www.globber.com\/de\/#organization"},"potentialAction":[{"@type":"SearchAction","target":{"@type":"EntryPoint","urlTemplate":"https:\/\/www.globber.com\/de\/?s={search_term_string}"},"query-input":{"@type":"PropertyValueSpecification","valueRequired":true,"valueName":"search_term_string"}}],"inLanguage":"de"},{"@type":"Organization","@id":"https:\/\/www.globber.com\/de\/#organization","name":"Globber Deutschland","url":"https:\/\/www.globber.com\/de\/","logo":{"@type":"ImageObject","inLanguage":"de","@id":"https:\/\/www.globber.com\/de\/#\/schema\/logo\/image\/","url":"https:\/\/cdn.globber.com\/content\/sites\/13\/2024\/05\/logo.svg","contentUrl":"https:\/\/cdn.globber.com\/content\/sites\/13\/2024\/05\/logo.svg","width":601,"height":112,"caption":"Globber Deutschland"},"image":{"@id":"https:\/\/www.globber.com\/de\/#\/schema\/logo\/image\/"}}]},"og_availability":"instock","product_availability":"instock","product_retailer_item_id":"714-XXX","product_condition":"new"},"_links":{"self":[{"href":"https:\/\/www.globber.com\/de\/wp-json\/wp\/v2\/product\/5883","targetHints":{"allow":["GET"]}}],"collection":[{"href":"https:\/\/www.globber.com\/de\/wp-json\/wp\/v2\/product"}],"about":[{"href":"https:\/\/www.globber.com\/de\/wp-json\/wp\/v2\/types\/product"}],"replies":[{"embeddable":true,"href":"https:\/\/www.globber.com\/de\/wp-json\/wp\/v2\/comments?post=5883"}],"wp:featuredmedia":[{"embeddable":true,"href":"https:\/\/www.globber.com\/de\/wp-json\/wp\/v2\/media\/7177"}],"wp:attachment":[{"href":"https:\/\/www.globber.com\/de\/wp-json\/wp\/v2\/media?parent=5883"}],"wp:term":[{"taxonomy":"product-special-badges","embeddable":true,"href":"https:\/\/www.globber.com\/de\/wp-json\/wp\/v2\/product-special-badges?post=5883"},{"taxonomy":"product_brand","embeddable":true,"href":"https:\/\/www.globber.com\/de\/wp-json\/wp\/v2\/product_brand?post=5883"},{"taxonomy":"product_cat","embeddable":true,"href":"https:\/\/www.globber.com\/de\/wp-json\/wp\/v2\/product_cat?post=5883"},{"taxonomy":"product_tag","embeddable":true,"href":"https:\/\/www.globber.com\/de\/wp-json\/wp\/v2\/product_tag?post=5883"}],"curies":[{"name":"wp","href":"https:\/\/api.w.org\/{rel}","templated":true}]}}