{"id":5899,"date":"2022-11-28T14:04:12","date_gmt":"2022-11-28T14:04:12","guid":{"rendered":"http:\/\/www.globber.com\/de\/product\/e-motion-4-plus\/"},"modified":"2026-05-13T03:01:55","modified_gmt":"2026-05-13T01:01:55","slug":"e-motion-4-plus","status":"publish","type":"product","link":"https:\/\/www.globber.com\/de\/product\/e-motion-4-plus\/","title":{"rendered":"E-MOTION 4 PLUS MIT LEUCHTROLLEN"},"content":{"rendered":"<p data-start=\"0\" data-end=\"312\">Erlebe grenzenlosen Fahrspa\u00df mit dem <strong data-start=\"37\" data-end=\"56\">E-MOTION 4 PLUS<\/strong> \u2013 dem sicheren, beleuchteten Dreirad-Elektroscooter f\u00fcr Kinder ab 6 Jahren! Ausgestattet mit auff\u00e4lligen LED-R\u00e4dern, die den Weg erhellen, einem leistungsstarken Motor und hochwertigem Lithium-Akku, bietet er echten Outdoor-Abenteuerkomfort.<\/p>\n<p data-start=\"314\" data-end=\"748\" data-is-last-node=\"\" data-is-only-node=\"\">Das kinderfreundliche Gaspedal mit w\u00e4hlbaren Geschwindigkeitsmodi (0-6 bzw. 0-10km\/h) und das Doppelbremssystem garantieren jederzeit sichere Kontrolle. F\u00fcr wachsende Fahrer passt sich die 3-fach h\u00f6henverstellbare Lenkstange an, w\u00e4hrend das Anti-Rutsch-Deck und die robuste Konstruktion bis zu 50 kg tragen.<\/p>\n<p data-start=\"314\" data-end=\"748\" data-is-last-node=\"\" data-is-only-node=\"\">Mit seinen leuchtenden Farben und cleveren Details ist der <strong data-start=\"677\" data-end=\"696\">E-MOTION 4 PLUS<\/strong> der ideale Begleiter f\u00fcr erste E-Scooter-Abenteuer!<\/p>\n<p data-start=\"314\" data-end=\"748\" data-is-last-node=\"\" data-is-only-node=\"\">\u26a0\ufe0f <strong>Sicherheitshinweise<\/strong>: Der Kinder-E-Scooter darf nur unter Aufsicht eines Erwachsenen verwendet werden. Beim Fahren ist stets geeignete Schutzausr\u00fcstung zu tragen. Die Nutzung im \u00f6ffentlichen Stra\u00dfenverkehr ist nur erlaubt, sofern dies gesetzlich zul\u00e4ssig ist. Vor jeder Fahrt sind Bremsen, Lenker und Akku auf einwandfreien Zustand zu pr\u00fcfen. Der E-Scooter darf nur von einer Person genutzt und das maximale Benutzergewicht nicht \u00fcberschritten werden. Die Nutzung erfolgt auf eigene Gefahr.<\/p>\n","protected":false},"excerpt":{"rendered":"<ul>\n<li>2 Geschwindigkeiten (0-6km\/h, 0-10km\/h),<\/li>\n<li>3-fach h\u00f6henverstellbare Lenkstange,<\/li>\n<li>Doppelbremssystem<\/li>\n<\/ul>\n","protected":false},"featured_media":17324,"comment_status":"open","ping_status":"closed","template":"","meta":{"_acf_changed":false,"inline_featured_image":false},"product-special-badges":[4172],"product_brand":[],"product_cat":[4173,1694,1691,337,1685,15],"product_tag":[3708],"class_list":{"0":"post-5899","1":"product","2":"type-product","3":"status-publish","4":"has-post-thumbnail","6":"product_cat-sale","7":"product_cat-light-up-scooter","8":"product_cat-3-rad-scooter-fuer-alle-altersgruppen","9":"product_cat-elektroroller-fuer-alle-altersgruppen","10":"product_cat-e-motion-serie","11":"product_cat-roller-kleinkinder","12":"product_tag-import","13":"pa_age-range-ab-6-jahren","14":"pa_age-range-ab-7-jahren","15":"pa_age-range-8y-to-adults","16":"pa_age-range-ab-9-jahren","17":"pa_battery-lithium-14-4v-2-9ah","18":"pa_color-sky-blue","19":"pa_color-mint","20":"pa_color-pastel-pink","21":"pa_ean-3279","22":"pa_ean-3280","23":"pa_ean-3281","24":"pa_foldable-no","25":"pa_max-speed-mode-1-0-6-km-h-mode-2-0-10-km-h","26":"pa_maximales-benutzergewicht-50kg","27":"pa_motorpower-80w-brushless-motor","28":"pa_product-type-3-rad-scooter","29":"pa_product-type-elektro-roller","30":"pa_produktkategorie-roller","31":"pa_range-8-10km","32":"pa_recommended-user-height-110-155cm","33":"pa_series-e-motion-serie","35":"first","36":"instock","37":"sale","38":"taxable","39":"shipping-taxable","40":"purchasable","41":"product-type-variable"},"bundled_by":[],"bundle_stock_status":"instock","bundle_stock_quantity":null,"bundle_virtual":false,"bundle_layout":"","bundle_add_to_cart_form_location":"","bundle_editable_in_cart":false,"bundle_sold_individually_context":"","bundle_item_grouping":"","bundle_min_size":"","bundle_max_size":"","bundled_items":[],"bundle_sell_ids":[],"acf":[],"yoast_head":"<!-- This site is optimized with the Yoast SEO Premium plugin v20.12 (Yoast SEO v23.4) - https:\/\/yoast.com\/wordpress\/plugins\/seo\/ -->\n<title>E-MOTION 4 PLUS: Leuchtender 3-Rad-E-Scooter f\u00fcr Kinder<\/title>\n<meta name=\"description\" content=\"Sicherer, beleuchteter 3-Rad-E-Scooter f\u00fcr Kinder ab 6 Jahren mit LED-Lichtr\u00e4dern, verstellbarer Lenkstange und robustem Akku.\" \/>\n<meta name=\"robots\" content=\"index, follow, max-snippet:-1, max-image-preview:large, max-video-preview:-1\" \/>\n<link rel=\"canonical\" href=\"https:\/\/www.globber.com\/de\/product\/e-motion-4-plus\/\" \/>\n<meta property=\"og:locale\" content=\"de_DE\" \/>\n<meta property=\"og:type\" content=\"article\" \/>\n<meta property=\"og:title\" content=\"E-MOTION 4 PLUS: Leuchtender 3-Rad-E-Scooter f\u00fcr Kinder\" \/>\n<meta property=\"og:description\" content=\"Sicherer, beleuchteter 3-Rad-E-Scooter f\u00fcr Kinder ab 6 Jahren mit LED-Lichtr\u00e4dern, verstellbarer Lenkstange und robustem Akku.\" \/>\n<meta property=\"og:url\" content=\"https:\/\/www.globber.com\/de\/product\/e-motion-4-plus\/\" \/>\n<meta property=\"og:site_name\" content=\"Globber Deutschland\" \/>\n<meta property=\"article:modified_time\" content=\"2026-05-13T01:01:55+00:00\" \/>\n<meta property=\"og:image\" content=\"https:\/\/cdn.globber.com\/content\/sites\/13\/2025\/11\/755-101_HERO_rgb.jpg\" \/>\n\t<meta property=\"og:image:width\" content=\"2048\" \/>\n\t<meta property=\"og:image:height\" content=\"2048\" \/>\n\t<meta property=\"og:image:type\" content=\"image\/jpeg\" \/>\n<meta name=\"twitter:card\" content=\"summary_large_image\" \/>\n<meta name=\"twitter:label1\" content=\"Availability\" \/>\n\t<meta name=\"twitter:data1\" content=\"In stock\" \/>\n<script type=\"application\/ld+json\" class=\"yoast-schema-graph\">{\"@context\":\"https:\/\/schema.org\",\"@graph\":[{\"@type\":[\"WebPage\",\"ItemPage\"],\"@id\":\"https:\/\/www.globber.com\/de\/product\/e-motion-4-plus\/\",\"url\":\"https:\/\/www.globber.com\/de\/product\/e-motion-4-plus\/\",\"name\":\"E-MOTION 4 PLUS: Leuchtender 3-Rad-E-Scooter f\u00fcr Kinder\",\"isPartOf\":{\"@id\":\"https:\/\/www.globber.com\/de\/#website\"},\"primaryImageOfPage\":{\"@id\":\"https:\/\/www.globber.com\/de\/product\/e-motion-4-plus\/#primaryimage\"},\"image\":{\"@id\":\"https:\/\/www.globber.com\/de\/product\/e-motion-4-plus\/#primaryimage\"},\"thumbnailUrl\":\"https:\/\/cdn.globber.com\/content\/sites\/13\/2025\/11\/755-101_HERO_rgb.jpg\",\"datePublished\":\"2022-11-28T14:04:12+00:00\",\"dateModified\":\"2026-05-13T01:01:55+00:00\",\"description\":\"Sicherer, beleuchteter 3-Rad-E-Scooter f\u00fcr Kinder ab 6 Jahren mit LED-Lichtr\u00e4dern, verstellbarer Lenkstange und robustem Akku.\",\"breadcrumb\":{\"@id\":\"https:\/\/www.globber.com\/de\/product\/e-motion-4-plus\/#breadcrumb\"},\"inLanguage\":\"de\",\"potentialAction\":[{\"@type\":\"ReadAction\",\"target\":[\"https:\/\/www.globber.com\/de\/product\/e-motion-4-plus\/\"]}]},{\"@type\":\"ImageObject\",\"inLanguage\":\"de\",\"@id\":\"https:\/\/www.globber.com\/de\/product\/e-motion-4-plus\/#primaryimage\",\"url\":\"https:\/\/cdn.globber.com\/content\/sites\/13\/2025\/11\/755-101_HERO_rgb.jpg\",\"contentUrl\":\"https:\/\/cdn.globber.com\/content\/sites\/13\/2025\/11\/755-101_HERO_rgb.jpg\",\"width\":2048,\"height\":2048},{\"@type\":\"BreadcrumbList\",\"@id\":\"https:\/\/www.globber.com\/de\/product\/e-motion-4-plus\/#breadcrumb\",\"itemListElement\":[{\"@type\":\"ListItem\",\"position\":1,\"name\":\"Alle Produkte\",\"item\":\"https:\/\/www.globber.com\/de\/shop-by-product\/\"},{\"@type\":\"ListItem\",\"position\":2,\"name\":\"E-MOTION 4 PLUS MIT LEUCHTROLLEN\"}]},{\"@type\":\"WebSite\",\"@id\":\"https:\/\/www.globber.com\/de\/#website\",\"url\":\"https:\/\/www.globber.com\/de\/\",\"name\":\"Globber Deutschland\",\"description\":\"Die Welt auf R\u00e4dern | Globber.com\",\"publisher\":{\"@id\":\"https:\/\/www.globber.com\/de\/#organization\"},\"potentialAction\":[{\"@type\":\"SearchAction\",\"target\":{\"@type\":\"EntryPoint\",\"urlTemplate\":\"https:\/\/www.globber.com\/de\/?s={search_term_string}\"},\"query-input\":{\"@type\":\"PropertyValueSpecification\",\"valueRequired\":true,\"valueName\":\"search_term_string\"}}],\"inLanguage\":\"de\"},{\"@type\":\"Organization\",\"@id\":\"https:\/\/www.globber.com\/de\/#organization\",\"name\":\"Globber Deutschland\",\"url\":\"https:\/\/www.globber.com\/de\/\",\"logo\":{\"@type\":\"ImageObject\",\"inLanguage\":\"de\",\"@id\":\"https:\/\/www.globber.com\/de\/#\/schema\/logo\/image\/\",\"url\":\"https:\/\/cdn.globber.com\/content\/sites\/13\/2024\/05\/logo.svg\",\"contentUrl\":\"https:\/\/cdn.globber.com\/content\/sites\/13\/2024\/05\/logo.svg\",\"width\":601,\"height\":112,\"caption\":\"Globber Deutschland\"},\"image\":{\"@id\":\"https:\/\/www.globber.com\/de\/#\/schema\/logo\/image\/\"}}]}<\/script>\n<meta property=\"og:availability\" content=\"instock\" \/>\n<meta property=\"product:availability\" content=\"instock\" \/>\n<meta property=\"product:retailer_item_id\" content=\"755-XXX-2\" \/>\n<meta property=\"product:condition\" content=\"new\" \/>\n<!-- \/ Yoast SEO Premium plugin. -->","yoast_head_json":{"title":"E-MOTION 4 PLUS: Leuchtender 3-Rad-E-Scooter f\u00fcr Kinder","description":"Sicherer, beleuchteter 3-Rad-E-Scooter f\u00fcr Kinder ab 6 Jahren mit LED-Lichtr\u00e4dern, verstellbarer Lenkstange und robustem Akku.","robots":{"index":"index","follow":"follow","max-snippet":"max-snippet:-1","max-image-preview":"max-image-preview:large","max-video-preview":"max-video-preview:-1"},"canonical":"https:\/\/www.globber.com\/de\/product\/e-motion-4-plus\/","og_locale":"de_DE","og_type":"article","og_title":"E-MOTION 4 PLUS: Leuchtender 3-Rad-E-Scooter f\u00fcr Kinder","og_description":"Sicherer, beleuchteter 3-Rad-E-Scooter f\u00fcr Kinder ab 6 Jahren mit LED-Lichtr\u00e4dern, verstellbarer Lenkstange und robustem Akku.","og_url":"https:\/\/www.globber.com\/de\/product\/e-motion-4-plus\/","og_site_name":"Globber Deutschland","article_modified_time":"2026-05-13T01:01:55+00:00","og_image":[{"width":2048,"height":2048,"url":"https:\/\/cdn.globber.com\/content\/sites\/13\/2025\/11\/755-101_HERO_rgb.jpg","type":"image\/jpeg"}],"twitter_card":"summary_large_image","twitter_misc":{"Availability":"In stock"},"schema":{"@context":"https:\/\/schema.org","@graph":[{"@type":["WebPage","ItemPage"],"@id":"https:\/\/www.globber.com\/de\/product\/e-motion-4-plus\/","url":"https:\/\/www.globber.com\/de\/product\/e-motion-4-plus\/","name":"E-MOTION 4 PLUS: Leuchtender 3-Rad-E-Scooter f\u00fcr Kinder","isPartOf":{"@id":"https:\/\/www.globber.com\/de\/#website"},"primaryImageOfPage":{"@id":"https:\/\/www.globber.com\/de\/product\/e-motion-4-plus\/#primaryimage"},"image":{"@id":"https:\/\/www.globber.com\/de\/product\/e-motion-4-plus\/#primaryimage"},"thumbnailUrl":"https:\/\/cdn.globber.com\/content\/sites\/13\/2025\/11\/755-101_HERO_rgb.jpg","datePublished":"2022-11-28T14:04:12+00:00","dateModified":"2026-05-13T01:01:55+00:00","description":"Sicherer, beleuchteter 3-Rad-E-Scooter f\u00fcr Kinder ab 6 Jahren mit LED-Lichtr\u00e4dern, verstellbarer Lenkstange und robustem Akku.","breadcrumb":{"@id":"https:\/\/www.globber.com\/de\/product\/e-motion-4-plus\/#breadcrumb"},"inLanguage":"de","potentialAction":[{"@type":"ReadAction","target":["https:\/\/www.globber.com\/de\/product\/e-motion-4-plus\/"]}]},{"@type":"ImageObject","inLanguage":"de","@id":"https:\/\/www.globber.com\/de\/product\/e-motion-4-plus\/#primaryimage","url":"https:\/\/cdn.globber.com\/content\/sites\/13\/2025\/11\/755-101_HERO_rgb.jpg","contentUrl":"https:\/\/cdn.globber.com\/content\/sites\/13\/2025\/11\/755-101_HERO_rgb.jpg","width":2048,"height":2048},{"@type":"BreadcrumbList","@id":"https:\/\/www.globber.com\/de\/product\/e-motion-4-plus\/#breadcrumb","itemListElement":[{"@type":"ListItem","position":1,"name":"Alle Produkte","item":"https:\/\/www.globber.com\/de\/shop-by-product\/"},{"@type":"ListItem","position":2,"name":"E-MOTION 4 PLUS MIT LEUCHTROLLEN"}]},{"@type":"WebSite","@id":"https:\/\/www.globber.com\/de\/#website","url":"https:\/\/www.globber.com\/de\/","name":"Globber Deutschland","description":"Die Welt auf R\u00e4dern | Globber.com","publisher":{"@id":"https:\/\/www.globber.com\/de\/#organization"},"potentialAction":[{"@type":"SearchAction","target":{"@type":"EntryPoint","urlTemplate":"https:\/\/www.globber.com\/de\/?s={search_term_string}"},"query-input":{"@type":"PropertyValueSpecification","valueRequired":true,"valueName":"search_term_string"}}],"inLanguage":"de"},{"@type":"Organization","@id":"https:\/\/www.globber.com\/de\/#organization","name":"Globber Deutschland","url":"https:\/\/www.globber.com\/de\/","logo":{"@type":"ImageObject","inLanguage":"de","@id":"https:\/\/www.globber.com\/de\/#\/schema\/logo\/image\/","url":"https:\/\/cdn.globber.com\/content\/sites\/13\/2024\/05\/logo.svg","contentUrl":"https:\/\/cdn.globber.com\/content\/sites\/13\/2024\/05\/logo.svg","width":601,"height":112,"caption":"Globber Deutschland"},"image":{"@id":"https:\/\/www.globber.com\/de\/#\/schema\/logo\/image\/"}}]},"og_availability":"instock","product_availability":"instock","product_retailer_item_id":"755-XXX-2","product_condition":"new"},"_links":{"self":[{"href":"https:\/\/www.globber.com\/de\/wp-json\/wp\/v2\/product\/5899","targetHints":{"allow":["GET"]}}],"collection":[{"href":"https:\/\/www.globber.com\/de\/wp-json\/wp\/v2\/product"}],"about":[{"href":"https:\/\/www.globber.com\/de\/wp-json\/wp\/v2\/types\/product"}],"replies":[{"embeddable":true,"href":"https:\/\/www.globber.com\/de\/wp-json\/wp\/v2\/comments?post=5899"}],"wp:featuredmedia":[{"embeddable":true,"href":"https:\/\/www.globber.com\/de\/wp-json\/wp\/v2\/media\/17324"}],"wp:attachment":[{"href":"https:\/\/www.globber.com\/de\/wp-json\/wp\/v2\/media?parent=5899"}],"wp:term":[{"taxonomy":"product-special-badges","embeddable":true,"href":"https:\/\/www.globber.com\/de\/wp-json\/wp\/v2\/product-special-badges?post=5899"},{"taxonomy":"product_brand","embeddable":true,"href":"https:\/\/www.globber.com\/de\/wp-json\/wp\/v2\/product_brand?post=5899"},{"taxonomy":"product_cat","embeddable":true,"href":"https:\/\/www.globber.com\/de\/wp-json\/wp\/v2\/product_cat?post=5899"},{"taxonomy":"product_tag","embeddable":true,"href":"https:\/\/www.globber.com\/de\/wp-json\/wp\/v2\/product_tag?post=5899"}],"curies":[{"name":"wp","href":"https:\/\/api.w.org\/{rel}","templated":true}]}}