{"id":5961,"date":"2022-11-28T14:06:56","date_gmt":"2022-11-28T14:06:56","guid":{"rendered":"http:\/\/www.globber.com\/de\/product\/master-lights\/"},"modified":"2026-04-14T19:19:35","modified_gmt":"2026-04-14T17:19:35","slug":"3-rad-scooter-fuer-teenager-mit-led-leuchtraedern-master-lights-fuer-mehr-fahrspass","status":"publish","type":"product","link":"https:\/\/www.globber.com\/de\/product\/3-rad-scooter-fuer-teenager-mit-led-leuchtraedern-master-lights-fuer-mehr-fahrspass\/","title":{"rendered":"MASTER LIGHTS (SCHWARZE R\u00c4DER)"},"content":{"rendered":"<p data-start=\"152\" data-end=\"247\">GO BIG mit dem <strong data-start=\"152\" data-end=\"196\">MASTER LIGHTS <\/strong>LED-Scooter \u2013 dein stylischer 3-Rad-Scooter f\u00fcr Jugendliche!<\/p>\n<p data-start=\"249\" data-end=\"541\">Der <strong>MASTER LIGHTS<\/strong> ist dein perfekter Begleiter f\u00fcr Alltag, Schulweg oder Freizeit. Dieser hochwertige Dreirad-Scooter kombiniert modernes Design mit durchdachten Funktionen. Die batterielosen LED-Vorderr\u00e4der erzeugen w\u00e4hrend der Fahrt einen auff\u00e4lligen Leuchteffekt \u2013 ganz ohne Batterien.<\/p>\n<p data-start=\"543\" data-end=\"1027\">Das extra breite Trittbrett mit rutschfester EVA-Beschichtung bietet dir jederzeit sicheren Stand. Die 5-fach h\u00f6henverstellbare T-Bar l\u00e4sst sich flexibel an deine K\u00f6rpergr\u00f6\u00dfe anpassen. F\u00fcr unterwegs l\u00e4sst sich der Scooter dank des patentierten Klappsystems im Handumdrehen kompakt zusammenklappen. Und mit dem Lenkschlosssystem kannst du zu Beginn die Lenkung fixieren, um dein Gleichgewicht sicher zu trainieren \u2013 ideal f\u00fcr den Einstieg ins selbstst\u00e4ndige Fahren.<\/p>\n<p data-start=\"1029\" data-end=\"1178\">Erlebe mit dem <strong>MASTER LIGHTS<\/strong> zuverl\u00e4ssigen Fahrkomfort, durchdachte Sicherheit und langlebige Qualit\u00e4t \u2013 perfekt abgestimmt auf aktive Jugendliche.<\/p>\n","protected":false},"excerpt":{"rendered":"<ul>\n<li>5-fach h\u00f6henverstellbare Lenkstange,<\/li>\n<li>One-Click-Klappsystem,<\/li>\n<li>LED-Leuchtr\u00e4der<\/li>\n<\/ul>\n","protected":false},"featured_media":18817,"comment_status":"open","ping_status":"closed","template":"","meta":{"_acf_changed":false,"inline_featured_image":false},"product-special-badges":[4172],"product_brand":[],"product_cat":[4292,4291,4173,1696,1694,1691,1683,399],"product_tag":[3708],"class_list":{"0":"post-5961","1":"product","2":"type-product","3":"status-publish","4":"has-post-thumbnail","6":"product_cat-3-rad-scooter-fuer-teens-und-erwachsene","7":"product_cat-3-rad-scooter-fuer-kinder","8":"product_cat-sale","9":"product_cat-faltbare-roller","10":"product_cat-light-up-scooter","11":"product_cat-3-rad-scooter-fuer-alle-altersgruppen","12":"product_cat-master-serie","13":"product_cat-roller-fuer-kinder","14":"product_tag-import","15":"pa_age-range-ab-10-jahren","16":"pa_age-range-ab-11-jahren","17":"pa_age-range-ab-4-jahren","18":"pa_age-range-ab-5-jahren","19":"pa_age-range-ab-6-jahren","20":"pa_age-range-ab-7-jahren","21":"pa_age-range-8y-to-adults","22":"pa_age-range-ab-9-jahren","23":"pa_color-teal","24":"pa_color-lime-green","25":"pa_color-navy-blue","26":"pa_color-black-red","27":"pa_color-deep-pink","28":"pa_ean-3342","29":"pa_ean-3345","30":"pa_ean-3347","31":"pa_ean-3344","32":"pa_ean-3346","33":"pa_foldable-yes","34":"pa_maximales-benutzergewicht-50kg","35":"pa_product-type-3-rad-scooter","36":"pa_produktkategorie-roller","37":"pa_recommended-user-height-100-160cm","38":"pa_series-master-serie","39":"pa_t-bar-5-fach-hoehenverstellbar","41":"first","42":"instock","43":"sale","44":"taxable","45":"shipping-taxable","46":"purchasable","47":"product-type-variable"},"bundled_by":[],"bundle_stock_status":"instock","bundle_stock_quantity":null,"bundle_virtual":false,"bundle_layout":"","bundle_add_to_cart_form_location":"","bundle_editable_in_cart":false,"bundle_sold_individually_context":"","bundle_item_grouping":"","bundle_min_size":"","bundle_max_size":"","bundled_items":[],"bundle_sell_ids":[],"acf":[],"yoast_head":"<!-- This site is optimized with the Yoast SEO Premium plugin v20.12 (Yoast SEO v23.4) - https:\/\/yoast.com\/wordpress\/plugins\/seo\/ -->\n<title>MASTER LIGHTS: 3-Rad Scooter mit wei\u00df leuchtenden R\u00e4dern<\/title>\n<meta name=\"description\" content=\"Stylischer 3-Rad LED-Scooter f\u00fcr Teens mit h\u00f6henverstellbarer Lenkstange, Klappmechanismus &amp; leuchtenden R\u00e4dern \u2013 perfekt f\u00fcr Alltag &amp; Freizeit!\" \/>\n<meta name=\"robots\" content=\"index, follow, max-snippet:-1, max-image-preview:large, max-video-preview:-1\" \/>\n<link rel=\"canonical\" href=\"https:\/\/www.globber.com\/de\/product\/3-rad-scooter-fuer-teenager-mit-led-leuchtraedern-master-lights-fuer-mehr-fahrspass\/\" \/>\n<meta property=\"og:locale\" content=\"de_DE\" \/>\n<meta property=\"og:type\" content=\"article\" \/>\n<meta property=\"og:title\" content=\"MASTER LIGHTS: 3-Rad Scooter mit wei\u00df leuchtenden R\u00e4dern\" \/>\n<meta property=\"og:description\" content=\"Stylischer 3-Rad LED-Scooter f\u00fcr Teens mit h\u00f6henverstellbarer Lenkstange, Klappmechanismus &amp; leuchtenden R\u00e4dern \u2013 perfekt f\u00fcr Alltag &amp; Freizeit!\" \/>\n<meta property=\"og:url\" content=\"https:\/\/www.globber.com\/de\/product\/3-rad-scooter-fuer-teenager-mit-led-leuchtraedern-master-lights-fuer-mehr-fahrspass\/\" \/>\n<meta property=\"og:site_name\" content=\"Globber Deutschland\" \/>\n<meta property=\"article:modified_time\" content=\"2026-04-14T17:19:35+00:00\" \/>\n<meta property=\"og:image\" content=\"https:\/\/cdn.globber.com\/content\/sites\/13\/2022\/11\/662-110-2_key-1410x1920.jpg\" \/>\n\t<meta property=\"og:image:width\" content=\"1410\" \/>\n\t<meta property=\"og:image:height\" content=\"1920\" \/>\n\t<meta property=\"og:image:type\" content=\"image\/jpeg\" \/>\n<meta name=\"twitter:card\" content=\"summary_large_image\" \/>\n<meta name=\"twitter:label1\" content=\"Availability\" \/>\n\t<meta name=\"twitter:data1\" content=\"In stock\" \/>\n<script type=\"application\/ld+json\" class=\"yoast-schema-graph\">{\"@context\":\"https:\/\/schema.org\",\"@graph\":[{\"@type\":[\"WebPage\",\"ItemPage\"],\"@id\":\"https:\/\/www.globber.com\/de\/product\/3-rad-scooter-fuer-teenager-mit-led-leuchtraedern-master-lights-fuer-mehr-fahrspass\/\",\"url\":\"https:\/\/www.globber.com\/de\/product\/3-rad-scooter-fuer-teenager-mit-led-leuchtraedern-master-lights-fuer-mehr-fahrspass\/\",\"name\":\"MASTER LIGHTS: 3-Rad Scooter mit wei\u00df leuchtenden R\u00e4dern\",\"isPartOf\":{\"@id\":\"https:\/\/www.globber.com\/de\/#website\"},\"primaryImageOfPage\":{\"@id\":\"https:\/\/www.globber.com\/de\/product\/3-rad-scooter-fuer-teenager-mit-led-leuchtraedern-master-lights-fuer-mehr-fahrspass\/#primaryimage\"},\"image\":{\"@id\":\"https:\/\/www.globber.com\/de\/product\/3-rad-scooter-fuer-teenager-mit-led-leuchtraedern-master-lights-fuer-mehr-fahrspass\/#primaryimage\"},\"thumbnailUrl\":\"https:\/\/cdn.globber.com\/content\/sites\/13\/2022\/11\/662-110-2_key.jpg\",\"datePublished\":\"2022-11-28T14:06:56+00:00\",\"dateModified\":\"2026-04-14T17:19:35+00:00\",\"description\":\"Stylischer 3-Rad LED-Scooter f\u00fcr Teens mit h\u00f6henverstellbarer Lenkstange, Klappmechanismus & leuchtenden R\u00e4dern \u2013 perfekt f\u00fcr Alltag & Freizeit!\",\"breadcrumb\":{\"@id\":\"https:\/\/www.globber.com\/de\/product\/3-rad-scooter-fuer-teenager-mit-led-leuchtraedern-master-lights-fuer-mehr-fahrspass\/#breadcrumb\"},\"inLanguage\":\"de\",\"potentialAction\":[{\"@type\":\"ReadAction\",\"target\":[\"https:\/\/www.globber.com\/de\/product\/3-rad-scooter-fuer-teenager-mit-led-leuchtraedern-master-lights-fuer-mehr-fahrspass\/\"]}]},{\"@type\":\"ImageObject\",\"inLanguage\":\"de\",\"@id\":\"https:\/\/www.globber.com\/de\/product\/3-rad-scooter-fuer-teenager-mit-led-leuchtraedern-master-lights-fuer-mehr-fahrspass\/#primaryimage\",\"url\":\"https:\/\/cdn.globber.com\/content\/sites\/13\/2022\/11\/662-110-2_key.jpg\",\"contentUrl\":\"https:\/\/cdn.globber.com\/content\/sites\/13\/2022\/11\/662-110-2_key.jpg\",\"width\":3672,\"height\":5000},{\"@type\":\"BreadcrumbList\",\"@id\":\"https:\/\/www.globber.com\/de\/product\/3-rad-scooter-fuer-teenager-mit-led-leuchtraedern-master-lights-fuer-mehr-fahrspass\/#breadcrumb\",\"itemListElement\":[{\"@type\":\"ListItem\",\"position\":1,\"name\":\"Alle Produkte\",\"item\":\"https:\/\/www.globber.com\/de\/shop-by-product\/\"},{\"@type\":\"ListItem\",\"position\":2,\"name\":\"MASTER LIGHTS (SCHWARZE R\u00c4DER)\"}]},{\"@type\":\"WebSite\",\"@id\":\"https:\/\/www.globber.com\/de\/#website\",\"url\":\"https:\/\/www.globber.com\/de\/\",\"name\":\"Globber Deutschland\",\"description\":\"Die Welt auf R\u00e4dern | Globber.com\",\"publisher\":{\"@id\":\"https:\/\/www.globber.com\/de\/#organization\"},\"potentialAction\":[{\"@type\":\"SearchAction\",\"target\":{\"@type\":\"EntryPoint\",\"urlTemplate\":\"https:\/\/www.globber.com\/de\/?s={search_term_string}\"},\"query-input\":{\"@type\":\"PropertyValueSpecification\",\"valueRequired\":true,\"valueName\":\"search_term_string\"}}],\"inLanguage\":\"de\"},{\"@type\":\"Organization\",\"@id\":\"https:\/\/www.globber.com\/de\/#organization\",\"name\":\"Globber Deutschland\",\"url\":\"https:\/\/www.globber.com\/de\/\",\"logo\":{\"@type\":\"ImageObject\",\"inLanguage\":\"de\",\"@id\":\"https:\/\/www.globber.com\/de\/#\/schema\/logo\/image\/\",\"url\":\"https:\/\/cdn.globber.com\/content\/sites\/13\/2024\/05\/logo.svg\",\"contentUrl\":\"https:\/\/cdn.globber.com\/content\/sites\/13\/2024\/05\/logo.svg\",\"width\":601,\"height\":112,\"caption\":\"Globber Deutschland\"},\"image\":{\"@id\":\"https:\/\/www.globber.com\/de\/#\/schema\/logo\/image\/\"}}]}<\/script>\n<meta property=\"og:availability\" content=\"instock\" \/>\n<meta property=\"product:availability\" content=\"instock\" \/>\n<meta property=\"product:retailer_item_id\" content=\"662-XXX-2\" \/>\n<meta property=\"product:condition\" content=\"new\" \/>\n<!-- \/ Yoast SEO Premium plugin. -->","yoast_head_json":{"title":"MASTER LIGHTS: 3-Rad Scooter mit wei\u00df leuchtenden R\u00e4dern","description":"Stylischer 3-Rad LED-Scooter f\u00fcr Teens mit h\u00f6henverstellbarer Lenkstange, Klappmechanismus & leuchtenden R\u00e4dern \u2013 perfekt f\u00fcr Alltag & Freizeit!","robots":{"index":"index","follow":"follow","max-snippet":"max-snippet:-1","max-image-preview":"max-image-preview:large","max-video-preview":"max-video-preview:-1"},"canonical":"https:\/\/www.globber.com\/de\/product\/3-rad-scooter-fuer-teenager-mit-led-leuchtraedern-master-lights-fuer-mehr-fahrspass\/","og_locale":"de_DE","og_type":"article","og_title":"MASTER LIGHTS: 3-Rad Scooter mit wei\u00df leuchtenden R\u00e4dern","og_description":"Stylischer 3-Rad LED-Scooter f\u00fcr Teens mit h\u00f6henverstellbarer Lenkstange, Klappmechanismus & leuchtenden R\u00e4dern \u2013 perfekt f\u00fcr Alltag & Freizeit!","og_url":"https:\/\/www.globber.com\/de\/product\/3-rad-scooter-fuer-teenager-mit-led-leuchtraedern-master-lights-fuer-mehr-fahrspass\/","og_site_name":"Globber Deutschland","article_modified_time":"2026-04-14T17:19:35+00:00","og_image":[{"width":1410,"height":1920,"url":"https:\/\/cdn.globber.com\/content\/sites\/13\/2022\/11\/662-110-2_key-1410x1920.jpg","type":"image\/jpeg"}],"twitter_card":"summary_large_image","twitter_misc":{"Availability":"In stock"},"schema":{"@context":"https:\/\/schema.org","@graph":[{"@type":["WebPage","ItemPage"],"@id":"https:\/\/www.globber.com\/de\/product\/3-rad-scooter-fuer-teenager-mit-led-leuchtraedern-master-lights-fuer-mehr-fahrspass\/","url":"https:\/\/www.globber.com\/de\/product\/3-rad-scooter-fuer-teenager-mit-led-leuchtraedern-master-lights-fuer-mehr-fahrspass\/","name":"MASTER LIGHTS: 3-Rad Scooter mit wei\u00df leuchtenden R\u00e4dern","isPartOf":{"@id":"https:\/\/www.globber.com\/de\/#website"},"primaryImageOfPage":{"@id":"https:\/\/www.globber.com\/de\/product\/3-rad-scooter-fuer-teenager-mit-led-leuchtraedern-master-lights-fuer-mehr-fahrspass\/#primaryimage"},"image":{"@id":"https:\/\/www.globber.com\/de\/product\/3-rad-scooter-fuer-teenager-mit-led-leuchtraedern-master-lights-fuer-mehr-fahrspass\/#primaryimage"},"thumbnailUrl":"https:\/\/cdn.globber.com\/content\/sites\/13\/2022\/11\/662-110-2_key.jpg","datePublished":"2022-11-28T14:06:56+00:00","dateModified":"2026-04-14T17:19:35+00:00","description":"Stylischer 3-Rad LED-Scooter f\u00fcr Teens mit h\u00f6henverstellbarer Lenkstange, Klappmechanismus & leuchtenden R\u00e4dern \u2013 perfekt f\u00fcr Alltag & Freizeit!","breadcrumb":{"@id":"https:\/\/www.globber.com\/de\/product\/3-rad-scooter-fuer-teenager-mit-led-leuchtraedern-master-lights-fuer-mehr-fahrspass\/#breadcrumb"},"inLanguage":"de","potentialAction":[{"@type":"ReadAction","target":["https:\/\/www.globber.com\/de\/product\/3-rad-scooter-fuer-teenager-mit-led-leuchtraedern-master-lights-fuer-mehr-fahrspass\/"]}]},{"@type":"ImageObject","inLanguage":"de","@id":"https:\/\/www.globber.com\/de\/product\/3-rad-scooter-fuer-teenager-mit-led-leuchtraedern-master-lights-fuer-mehr-fahrspass\/#primaryimage","url":"https:\/\/cdn.globber.com\/content\/sites\/13\/2022\/11\/662-110-2_key.jpg","contentUrl":"https:\/\/cdn.globber.com\/content\/sites\/13\/2022\/11\/662-110-2_key.jpg","width":3672,"height":5000},{"@type":"BreadcrumbList","@id":"https:\/\/www.globber.com\/de\/product\/3-rad-scooter-fuer-teenager-mit-led-leuchtraedern-master-lights-fuer-mehr-fahrspass\/#breadcrumb","itemListElement":[{"@type":"ListItem","position":1,"name":"Alle Produkte","item":"https:\/\/www.globber.com\/de\/shop-by-product\/"},{"@type":"ListItem","position":2,"name":"MASTER LIGHTS (SCHWARZE R\u00c4DER)"}]},{"@type":"WebSite","@id":"https:\/\/www.globber.com\/de\/#website","url":"https:\/\/www.globber.com\/de\/","name":"Globber Deutschland","description":"Die Welt auf R\u00e4dern | Globber.com","publisher":{"@id":"https:\/\/www.globber.com\/de\/#organization"},"potentialAction":[{"@type":"SearchAction","target":{"@type":"EntryPoint","urlTemplate":"https:\/\/www.globber.com\/de\/?s={search_term_string}"},"query-input":{"@type":"PropertyValueSpecification","valueRequired":true,"valueName":"search_term_string"}}],"inLanguage":"de"},{"@type":"Organization","@id":"https:\/\/www.globber.com\/de\/#organization","name":"Globber Deutschland","url":"https:\/\/www.globber.com\/de\/","logo":{"@type":"ImageObject","inLanguage":"de","@id":"https:\/\/www.globber.com\/de\/#\/schema\/logo\/image\/","url":"https:\/\/cdn.globber.com\/content\/sites\/13\/2024\/05\/logo.svg","contentUrl":"https:\/\/cdn.globber.com\/content\/sites\/13\/2024\/05\/logo.svg","width":601,"height":112,"caption":"Globber Deutschland"},"image":{"@id":"https:\/\/www.globber.com\/de\/#\/schema\/logo\/image\/"}}]},"og_availability":"instock","product_availability":"instock","product_retailer_item_id":"662-XXX-2","product_condition":"new"},"_links":{"self":[{"href":"https:\/\/www.globber.com\/de\/wp-json\/wp\/v2\/product\/5961","targetHints":{"allow":["GET"]}}],"collection":[{"href":"https:\/\/www.globber.com\/de\/wp-json\/wp\/v2\/product"}],"about":[{"href":"https:\/\/www.globber.com\/de\/wp-json\/wp\/v2\/types\/product"}],"replies":[{"embeddable":true,"href":"https:\/\/www.globber.com\/de\/wp-json\/wp\/v2\/comments?post=5961"}],"wp:featuredmedia":[{"embeddable":true,"href":"https:\/\/www.globber.com\/de\/wp-json\/wp\/v2\/media\/18817"}],"wp:attachment":[{"href":"https:\/\/www.globber.com\/de\/wp-json\/wp\/v2\/media?parent=5961"}],"wp:term":[{"taxonomy":"product-special-badges","embeddable":true,"href":"https:\/\/www.globber.com\/de\/wp-json\/wp\/v2\/product-special-badges?post=5961"},{"taxonomy":"product_brand","embeddable":true,"href":"https:\/\/www.globber.com\/de\/wp-json\/wp\/v2\/product_brand?post=5961"},{"taxonomy":"product_cat","embeddable":true,"href":"https:\/\/www.globber.com\/de\/wp-json\/wp\/v2\/product_cat?post=5961"},{"taxonomy":"product_tag","embeddable":true,"href":"https:\/\/www.globber.com\/de\/wp-json\/wp\/v2\/product_tag?post=5961"}],"curies":[{"name":"wp","href":"https:\/\/api.w.org\/{rel}","templated":true}]}}