{"id":5978,"date":"2022-11-28T14:07:39","date_gmt":"2022-11-28T14:07:39","guid":{"rendered":"http:\/\/www.globber.com\/de\/product\/ultimum-lights\/"},"modified":"2026-03-24T15:50:29","modified_gmt":"2026-03-24T14:50:29","slug":"ultimum-lights","status":"publish","type":"product","link":"https:\/\/www.globber.com\/de\/product\/ultimum-lights\/","title":{"rendered":"ULTIMUM LIGHTS"},"content":{"rendered":"<p data-start=\"108\" data-end=\"453\">Mit dem <strong data-start=\"116\" data-end=\"134\">ULTIMUM LIGHTS<\/strong> erlebst du komfortables und sicheres Scooter fahren f\u00fcr jede Altersklasse! Der innovative 3-Rad-Scooter verf\u00fcgt \u00fcber ein patentiertes Lenkwinkel-Kontrollsystem, mit dem du den Wendekreis der Vorderr\u00e4der individuell an deinen Fahrstil anpassen kannst. Egal ob engere Kurven oder entspannte Fahrten \u2013 du entscheidest!<\/p>\n<p data-start=\"455\" data-end=\"777\">Dank des patentierten elliptischen Klappsystems l\u00e4sst sich der Roller einfach und kompakt zusammenklappen, ohne die Lenkstange zu entfernen. Das robuste, extra breite Deck sorgt f\u00fcr maximale Stabilit\u00e4t und Komfort, w\u00e4hrend der 6-fach h\u00f6henverstellbare Lenker den Scooter perfekt auf deine K\u00f6rpergr\u00f6\u00dfe abstimmt.<\/p>\n<p data-start=\"779\" data-end=\"1034\" data-is-last-node=\"\" data-is-only-node=\"\">Die integrierten batterielosen LED-Leuchten im Deck machen jede Fahrt zu einem bunten Highlight \u2013 und das ganz ohne Batteriewechsel. So verbindet der<strong> ULTIMUM LIGHTS<\/strong> Sicherheit, Flexibilit\u00e4t und Fahrspa\u00df f\u00fcr Fahrer ab 5 Jahren bis ins Erwachsenenalter.<\/p>\n","protected":false},"excerpt":{"rendered":"<ul>\n<li>6-fach h\u00f6henverstellbare Lenkstange,<\/li>\n<li>One-Click-Klappsystem,<\/li>\n<li>Deck-Leuchtmodul<\/li>\n<\/ul>\n","protected":false},"featured_media":16869,"comment_status":"open","ping_status":"closed","template":"","meta":{"_acf_changed":false,"inline_featured_image":false},"product-special-badges":[],"product_brand":[],"product_cat":[4292,4291,1696,1694,1691,1684,534,485],"product_tag":[],"class_list":{"0":"post-5978","1":"product","2":"type-product","3":"status-publish","4":"has-post-thumbnail","6":"product_cat-3-rad-scooter-fuer-teens-und-erwachsene","7":"product_cat-3-rad-scooter-fuer-kinder","8":"product_cat-faltbare-roller","9":"product_cat-light-up-scooter","10":"product_cat-3-rad-scooter-fuer-alle-altersgruppen","11":"product_cat-ultimum-serie","12":"product_cat-roller-fuer-erwachsene","13":"product_cat-roller-fuer-teenager","14":"pa_age-range-ab-10-jahren","15":"pa_age-range-ab-11-jahren","16":"pa_age-range-12y-to-adults","17":"pa_age-range-ab-13-jahren","18":"pa_age-range-ab-5-jahren","19":"pa_age-range-ab-6-jahren","20":"pa_age-range-ab-7-jahren","21":"pa_age-range-8y-to-adults","22":"pa_age-range-ab-9-jahren","23":"pa_color-charcoal-grey","24":"pa_ean-3360","25":"pa_foldable-yes","26":"pa_maximales-benutzergewicht-100kg","27":"pa_product-type-3-rad-scooter","28":"pa_produktkategorie-roller","29":"pa_recommended-user-height-105-200cm","30":"pa_series-ultimum-serie","31":"pa_t-bar-6-fach-hoehenverstellbar","33":"first","34":"outofstock","35":"taxable","36":"shipping-taxable","37":"product-type-variable"},"bundled_by":[],"bundle_stock_status":"outofstock","bundle_stock_quantity":null,"bundle_virtual":false,"bundle_layout":"","bundle_add_to_cart_form_location":"","bundle_editable_in_cart":false,"bundle_sold_individually_context":"","bundle_item_grouping":"","bundle_min_size":"","bundle_max_size":"","bundled_items":[],"bundle_sell_ids":[],"acf":[],"yoast_head":"<!-- This site is optimized with the Yoast SEO Premium plugin v20.12 (Yoast SEO v23.4) - https:\/\/yoast.com\/wordpress\/plugins\/seo\/ -->\n<title>ULTIMUM LIGHTS: Faltbarer 3-Rad-Roller f\u00fcr Erwachsene<\/title>\n<meta name=\"description\" content=\"Entdecke den ULTIMUM LIGHTS, den vielseitigen 3-Rad-Scooter mit verstellbarem Lenkwinkel, elliptischem Klappsystem und LED-Leuchtdeck.\" \/>\n<meta name=\"robots\" content=\"index, follow, max-snippet:-1, max-image-preview:large, max-video-preview:-1\" \/>\n<link rel=\"canonical\" href=\"https:\/\/www.globber.com\/de\/product\/ultimum-lights\/\" \/>\n<meta property=\"og:locale\" content=\"de_DE\" \/>\n<meta property=\"og:type\" content=\"article\" \/>\n<meta property=\"og:title\" content=\"ULTIMUM LIGHTS: Faltbarer 3-Rad-Roller f\u00fcr Erwachsene\" \/>\n<meta property=\"og:description\" content=\"Entdecke den ULTIMUM LIGHTS, den vielseitigen 3-Rad-Scooter mit verstellbarem Lenkwinkel, elliptischem Klappsystem und LED-Leuchtdeck.\" \/>\n<meta property=\"og:url\" content=\"https:\/\/www.globber.com\/de\/product\/ultimum-lights\/\" \/>\n<meta property=\"og:site_name\" content=\"Globber Deutschland\" \/>\n<meta property=\"article:modified_time\" content=\"2026-03-24T14:50:29+00:00\" \/>\n<meta property=\"og:image\" content=\"https:\/\/cdn.globber.com\/content\/sites\/13\/2022\/11\/ultimum-lights.jpg\" \/>\n\t<meta property=\"og:image:width\" content=\"2048\" \/>\n\t<meta property=\"og:image:height\" content=\"2048\" \/>\n\t<meta property=\"og:image:type\" content=\"image\/jpeg\" \/>\n<meta name=\"twitter:card\" content=\"summary_large_image\" \/>\n<meta name=\"twitter:label1\" content=\"Availability\" \/>\n\t<meta name=\"twitter:data1\" content=\"Out of stock\" \/>\n<script type=\"application\/ld+json\" class=\"yoast-schema-graph\">{\"@context\":\"https:\/\/schema.org\",\"@graph\":[{\"@type\":[\"WebPage\",\"ItemPage\"],\"@id\":\"https:\/\/www.globber.com\/de\/product\/ultimum-lights\/\",\"url\":\"https:\/\/www.globber.com\/de\/product\/ultimum-lights\/\",\"name\":\"ULTIMUM LIGHTS: Faltbarer 3-Rad-Roller f\u00fcr Erwachsene\",\"isPartOf\":{\"@id\":\"https:\/\/www.globber.com\/de\/#website\"},\"primaryImageOfPage\":{\"@id\":\"https:\/\/www.globber.com\/de\/product\/ultimum-lights\/#primaryimage\"},\"image\":{\"@id\":\"https:\/\/www.globber.com\/de\/product\/ultimum-lights\/#primaryimage\"},\"thumbnailUrl\":\"https:\/\/cdn.globber.com\/content\/sites\/13\/2022\/11\/ultimum-lights.jpg\",\"datePublished\":\"2022-11-28T14:07:39+00:00\",\"dateModified\":\"2026-03-24T14:50:29+00:00\",\"description\":\"Entdecke den ULTIMUM LIGHTS, den vielseitigen 3-Rad-Scooter mit verstellbarem Lenkwinkel, elliptischem Klappsystem und LED-Leuchtdeck.\",\"breadcrumb\":{\"@id\":\"https:\/\/www.globber.com\/de\/product\/ultimum-lights\/#breadcrumb\"},\"inLanguage\":\"de\",\"potentialAction\":[{\"@type\":\"ReadAction\",\"target\":[\"https:\/\/www.globber.com\/de\/product\/ultimum-lights\/\"]}]},{\"@type\":\"ImageObject\",\"inLanguage\":\"de\",\"@id\":\"https:\/\/www.globber.com\/de\/product\/ultimum-lights\/#primaryimage\",\"url\":\"https:\/\/cdn.globber.com\/content\/sites\/13\/2022\/11\/ultimum-lights.jpg\",\"contentUrl\":\"https:\/\/cdn.globber.com\/content\/sites\/13\/2022\/11\/ultimum-lights.jpg\",\"width\":2048,\"height\":2048},{\"@type\":\"BreadcrumbList\",\"@id\":\"https:\/\/www.globber.com\/de\/product\/ultimum-lights\/#breadcrumb\",\"itemListElement\":[{\"@type\":\"ListItem\",\"position\":1,\"name\":\"Alle Produkte\",\"item\":\"https:\/\/www.globber.com\/de\/shop-by-product\/\"},{\"@type\":\"ListItem\",\"position\":2,\"name\":\"ULTIMUM LIGHTS\"}]},{\"@type\":\"WebSite\",\"@id\":\"https:\/\/www.globber.com\/de\/#website\",\"url\":\"https:\/\/www.globber.com\/de\/\",\"name\":\"Globber Deutschland\",\"description\":\"Die Welt auf R\u00e4dern | Globber.com\",\"publisher\":{\"@id\":\"https:\/\/www.globber.com\/de\/#organization\"},\"potentialAction\":[{\"@type\":\"SearchAction\",\"target\":{\"@type\":\"EntryPoint\",\"urlTemplate\":\"https:\/\/www.globber.com\/de\/?s={search_term_string}\"},\"query-input\":{\"@type\":\"PropertyValueSpecification\",\"valueRequired\":true,\"valueName\":\"search_term_string\"}}],\"inLanguage\":\"de\"},{\"@type\":\"Organization\",\"@id\":\"https:\/\/www.globber.com\/de\/#organization\",\"name\":\"Globber Deutschland\",\"url\":\"https:\/\/www.globber.com\/de\/\",\"logo\":{\"@type\":\"ImageObject\",\"inLanguage\":\"de\",\"@id\":\"https:\/\/www.globber.com\/de\/#\/schema\/logo\/image\/\",\"url\":\"https:\/\/cdn.globber.com\/content\/sites\/13\/2024\/05\/logo.svg\",\"contentUrl\":\"https:\/\/cdn.globber.com\/content\/sites\/13\/2024\/05\/logo.svg\",\"width\":601,\"height\":112,\"caption\":\"Globber Deutschland\"},\"image\":{\"@id\":\"https:\/\/www.globber.com\/de\/#\/schema\/logo\/image\/\"}}]}<\/script>\n<meta property=\"og:availability\" content=\"out of stock\" \/>\n<meta property=\"product:availability\" content=\"out of stock\" \/>\n<meta property=\"product:retailer_item_id\" content=\"613-XXX\" \/>\n<meta property=\"product:condition\" content=\"new\" \/>\n<!-- \/ Yoast SEO Premium plugin. -->","yoast_head_json":{"title":"ULTIMUM LIGHTS: Faltbarer 3-Rad-Roller f\u00fcr Erwachsene","description":"Entdecke den ULTIMUM LIGHTS, den vielseitigen 3-Rad-Scooter mit verstellbarem Lenkwinkel, elliptischem Klappsystem und LED-Leuchtdeck.","robots":{"index":"index","follow":"follow","max-snippet":"max-snippet:-1","max-image-preview":"max-image-preview:large","max-video-preview":"max-video-preview:-1"},"canonical":"https:\/\/www.globber.com\/de\/product\/ultimum-lights\/","og_locale":"de_DE","og_type":"article","og_title":"ULTIMUM LIGHTS: Faltbarer 3-Rad-Roller f\u00fcr Erwachsene","og_description":"Entdecke den ULTIMUM LIGHTS, den vielseitigen 3-Rad-Scooter mit verstellbarem Lenkwinkel, elliptischem Klappsystem und LED-Leuchtdeck.","og_url":"https:\/\/www.globber.com\/de\/product\/ultimum-lights\/","og_site_name":"Globber Deutschland","article_modified_time":"2026-03-24T14:50:29+00:00","og_image":[{"width":2048,"height":2048,"url":"https:\/\/cdn.globber.com\/content\/sites\/13\/2022\/11\/ultimum-lights.jpg","type":"image\/jpeg"}],"twitter_card":"summary_large_image","twitter_misc":{"Availability":"Out of stock"},"schema":{"@context":"https:\/\/schema.org","@graph":[{"@type":["WebPage","ItemPage"],"@id":"https:\/\/www.globber.com\/de\/product\/ultimum-lights\/","url":"https:\/\/www.globber.com\/de\/product\/ultimum-lights\/","name":"ULTIMUM LIGHTS: Faltbarer 3-Rad-Roller f\u00fcr Erwachsene","isPartOf":{"@id":"https:\/\/www.globber.com\/de\/#website"},"primaryImageOfPage":{"@id":"https:\/\/www.globber.com\/de\/product\/ultimum-lights\/#primaryimage"},"image":{"@id":"https:\/\/www.globber.com\/de\/product\/ultimum-lights\/#primaryimage"},"thumbnailUrl":"https:\/\/cdn.globber.com\/content\/sites\/13\/2022\/11\/ultimum-lights.jpg","datePublished":"2022-11-28T14:07:39+00:00","dateModified":"2026-03-24T14:50:29+00:00","description":"Entdecke den ULTIMUM LIGHTS, den vielseitigen 3-Rad-Scooter mit verstellbarem Lenkwinkel, elliptischem Klappsystem und LED-Leuchtdeck.","breadcrumb":{"@id":"https:\/\/www.globber.com\/de\/product\/ultimum-lights\/#breadcrumb"},"inLanguage":"de","potentialAction":[{"@type":"ReadAction","target":["https:\/\/www.globber.com\/de\/product\/ultimum-lights\/"]}]},{"@type":"ImageObject","inLanguage":"de","@id":"https:\/\/www.globber.com\/de\/product\/ultimum-lights\/#primaryimage","url":"https:\/\/cdn.globber.com\/content\/sites\/13\/2022\/11\/ultimum-lights.jpg","contentUrl":"https:\/\/cdn.globber.com\/content\/sites\/13\/2022\/11\/ultimum-lights.jpg","width":2048,"height":2048},{"@type":"BreadcrumbList","@id":"https:\/\/www.globber.com\/de\/product\/ultimum-lights\/#breadcrumb","itemListElement":[{"@type":"ListItem","position":1,"name":"Alle Produkte","item":"https:\/\/www.globber.com\/de\/shop-by-product\/"},{"@type":"ListItem","position":2,"name":"ULTIMUM LIGHTS"}]},{"@type":"WebSite","@id":"https:\/\/www.globber.com\/de\/#website","url":"https:\/\/www.globber.com\/de\/","name":"Globber Deutschland","description":"Die Welt auf R\u00e4dern | Globber.com","publisher":{"@id":"https:\/\/www.globber.com\/de\/#organization"},"potentialAction":[{"@type":"SearchAction","target":{"@type":"EntryPoint","urlTemplate":"https:\/\/www.globber.com\/de\/?s={search_term_string}"},"query-input":{"@type":"PropertyValueSpecification","valueRequired":true,"valueName":"search_term_string"}}],"inLanguage":"de"},{"@type":"Organization","@id":"https:\/\/www.globber.com\/de\/#organization","name":"Globber Deutschland","url":"https:\/\/www.globber.com\/de\/","logo":{"@type":"ImageObject","inLanguage":"de","@id":"https:\/\/www.globber.com\/de\/#\/schema\/logo\/image\/","url":"https:\/\/cdn.globber.com\/content\/sites\/13\/2024\/05\/logo.svg","contentUrl":"https:\/\/cdn.globber.com\/content\/sites\/13\/2024\/05\/logo.svg","width":601,"height":112,"caption":"Globber Deutschland"},"image":{"@id":"https:\/\/www.globber.com\/de\/#\/schema\/logo\/image\/"}}]},"og_availability":"out of stock","product_availability":"out of stock","product_retailer_item_id":"613-XXX","product_condition":"new"},"_links":{"self":[{"href":"https:\/\/www.globber.com\/de\/wp-json\/wp\/v2\/product\/5978","targetHints":{"allow":["GET"]}}],"collection":[{"href":"https:\/\/www.globber.com\/de\/wp-json\/wp\/v2\/product"}],"about":[{"href":"https:\/\/www.globber.com\/de\/wp-json\/wp\/v2\/types\/product"}],"replies":[{"embeddable":true,"href":"https:\/\/www.globber.com\/de\/wp-json\/wp\/v2\/comments?post=5978"}],"wp:featuredmedia":[{"embeddable":true,"href":"https:\/\/www.globber.com\/de\/wp-json\/wp\/v2\/media\/16869"}],"wp:attachment":[{"href":"https:\/\/www.globber.com\/de\/wp-json\/wp\/v2\/media?parent=5978"}],"wp:term":[{"taxonomy":"product-special-badges","embeddable":true,"href":"https:\/\/www.globber.com\/de\/wp-json\/wp\/v2\/product-special-badges?post=5978"},{"taxonomy":"product_brand","embeddable":true,"href":"https:\/\/www.globber.com\/de\/wp-json\/wp\/v2\/product_brand?post=5978"},{"taxonomy":"product_cat","embeddable":true,"href":"https:\/\/www.globber.com\/de\/wp-json\/wp\/v2\/product_cat?post=5978"},{"taxonomy":"product_tag","embeddable":true,"href":"https:\/\/www.globber.com\/de\/wp-json\/wp\/v2\/product_tag?post=5978"}],"curies":[{"name":"wp","href":"https:\/\/api.w.org\/{rel}","templated":true}]}}