{"id":6016,"date":"2022-11-28T14:09:18","date_gmt":"2022-11-28T14:09:18","guid":{"rendered":"http:\/\/www.globber.com\/de\/product\/nl-205\/"},"modified":"2026-04-15T03:01:20","modified_gmt":"2026-04-15T01:01:20","slug":"nl-205","status":"publish","type":"product","link":"https:\/\/www.globber.com\/de\/product\/nl-205\/","title":{"rendered":"NL 205"},"content":{"rendered":"<p>Der <strong>NL\u00a0 205<\/strong> erf\u00fcllt alle Anspr\u00fcche an Geschwindigkeit und Wendigkeit. Gro\u00dfe 205 mm PU-Gussr\u00e4der sorgen f\u00fcr schnelle, geschmeidige Fahrten durch die Stadt, w\u00e4hrend die integrierte Vorderradaufh\u00e4ngung Unebenheiten souver\u00e4n ausgleicht.<\/p>\n<p>Mit dem patentierten Klappsystem l\u00e4sst sich der <strong>NL 205<\/strong> im Handumdrehen in den Trolley- oder Standmodus falten. Ideal f\u00fcr den urbanen Alltag.<\/p>\n<p>Das extrabreite Aluminiumdeck bietet sicheren Stand und die 3-fach h\u00f6henverstellbare Lenkstange w\u00e4chst mit deinem Kind mit, sodass der <strong>NL 205<\/strong> zum unverzichtbaren Begleiter f\u00fcr Kinder wird, die stillvoll, komfortabel und schnell unterwegs sein wollen.<\/p>\n","protected":false},"excerpt":{"rendered":"<ul>\n<li>Gro\u00dfe R\u00e4der (205mm),<\/li>\n<li>3-fach h\u00f6henverstellbare Lenkstange,<\/li>\n<li>One-Click-Klappsystem<\/li>\n<\/ul>\n","protected":false},"featured_media":3818,"comment_status":"open","ping_status":"closed","template":"","meta":{"_acf_changed":false,"inline_featured_image":false},"product-special-badges":[],"product_brand":[],"product_cat":[4290,4289,1692,1695,1696,1689,1687,399,485],"product_tag":[3708],"class_list":{"0":"post-6016","1":"product","2":"type-product","3":"status-publish","4":"has-post-thumbnail","6":"product_cat-2-rad-scooter-fuer-teens-erwachsene","7":"product_cat-2-rad-scooter-fuer-kinder","8":"product_cat-2-rad-scooter-fuer-alle-altersgruppen","9":"product_cat-big-wheel-scooter","10":"product_cat-faltbare-roller","11":"product_cat-one-nl-serie","12":"product_cat-nl-serie","13":"product_cat-roller-fuer-kinder","14":"product_cat-roller-fuer-teenager","15":"product_tag-import","16":"pa_age-range-ab-10-jahren","17":"pa_age-range-ab-11-jahren","18":"pa_age-range-12y-to-adults","19":"pa_age-range-8y-to-adults","20":"pa_age-range-ab-9-jahren","21":"pa_color-black-teal","22":"pa_color-black-red","23":"pa_color-black-grey","24":"pa_color-white-pink","25":"pa_ean-3399","26":"pa_ean-3400","27":"pa_ean-3401","28":"pa_ean-3782","29":"pa_foldable-yes","30":"pa_maximales-benutzergewicht-100kg","31":"pa_product-type-zweirad-scooter","32":"pa_produktkategorie-roller","33":"pa_recommended-user-height-120-200cm","34":"pa_series-nl-serie","35":"pa_t-bar-3-fach-hoehenverstellbar","37":"first","38":"instock","39":"taxable","40":"shipping-taxable","41":"purchasable","42":"product-type-variable"},"bundled_by":[],"bundle_stock_status":"instock","bundle_stock_quantity":null,"bundle_virtual":false,"bundle_layout":"","bundle_add_to_cart_form_location":"","bundle_editable_in_cart":false,"bundle_sold_individually_context":"","bundle_item_grouping":"","bundle_min_size":"","bundle_max_size":"","bundled_items":[],"bundle_sell_ids":[],"acf":[],"yoast_head":"<!-- This site is optimized with the Yoast SEO Premium plugin v20.12 (Yoast SEO v23.4) - https:\/\/yoast.com\/wordpress\/plugins\/seo\/ -->\n<title>NL 205: Verstellbarer 2-Rad-Roller mit patentiertem Klappsystem<\/title>\n<meta name=\"description\" content=\"Mit 205 mm PU-Gussr\u00e4dern und integrierter Vorderradfederung stilvoll durch die City. Der faltbare NL 205 ist dein schneller, urbaner Begleiter.\" \/>\n<meta name=\"robots\" content=\"index, follow, max-snippet:-1, max-image-preview:large, max-video-preview:-1\" \/>\n<link rel=\"canonical\" href=\"https:\/\/www.globber.com\/de\/product\/nl-205\/\" \/>\n<meta property=\"og:locale\" content=\"de_DE\" \/>\n<meta property=\"og:type\" content=\"article\" \/>\n<meta property=\"og:title\" content=\"NL 205: Verstellbarer 2-Rad-Roller mit patentiertem Klappsystem\" \/>\n<meta property=\"og:description\" content=\"Mit 205 mm PU-Gussr\u00e4dern und integrierter Vorderradfederung stilvoll durch die City. Der faltbare NL 205 ist dein schneller, urbaner Begleiter.\" \/>\n<meta property=\"og:url\" content=\"https:\/\/www.globber.com\/de\/product\/nl-205\/\" \/>\n<meta property=\"og:site_name\" content=\"Globber Deutschland\" \/>\n<meta property=\"article:modified_time\" content=\"2026-04-15T01:01:20+00:00\" \/>\n<meta property=\"og:image\" content=\"https:\/\/cdn.globber.com\/content\/2022\/11\/63838b6d2beda.jpg\" \/>\n\t<meta property=\"og:image:width\" content=\"1920\" \/>\n\t<meta property=\"og:image:height\" content=\"1920\" \/>\n\t<meta property=\"og:image:type\" content=\"image\/jpeg\" \/>\n<meta name=\"twitter:card\" content=\"summary_large_image\" \/>\n<meta name=\"twitter:label1\" content=\"Availability\" \/>\n\t<meta name=\"twitter:data1\" content=\"In stock\" \/>\n<script type=\"application\/ld+json\" class=\"yoast-schema-graph\">{\"@context\":\"https:\/\/schema.org\",\"@graph\":[{\"@type\":[\"WebPage\",\"ItemPage\"],\"@id\":\"https:\/\/www.globber.com\/de\/product\/nl-205\/\",\"url\":\"https:\/\/www.globber.com\/de\/product\/nl-205\/\",\"name\":\"NL 205: Verstellbarer 2-Rad-Roller mit patentiertem Klappsystem\",\"isPartOf\":{\"@id\":\"https:\/\/www.globber.com\/de\/#website\"},\"primaryImageOfPage\":{\"@id\":\"https:\/\/www.globber.com\/de\/product\/nl-205\/#primaryimage\"},\"image\":{\"@id\":\"https:\/\/www.globber.com\/de\/product\/nl-205\/#primaryimage\"},\"thumbnailUrl\":\"https:\/\/cdn.globber.com\/content\/2022\/11\/63838b6d2beda.jpg\",\"datePublished\":\"2022-11-28T14:09:18+00:00\",\"dateModified\":\"2026-04-15T01:01:20+00:00\",\"description\":\"Mit 205 mm PU-Gussr\u00e4dern und integrierter Vorderradfederung stilvoll durch die City. Der faltbare NL 205 ist dein schneller, urbaner Begleiter.\",\"breadcrumb\":{\"@id\":\"https:\/\/www.globber.com\/de\/product\/nl-205\/#breadcrumb\"},\"inLanguage\":\"de\",\"potentialAction\":[{\"@type\":\"ReadAction\",\"target\":[\"https:\/\/www.globber.com\/de\/product\/nl-205\/\"]}]},{\"@type\":\"ImageObject\",\"inLanguage\":\"de\",\"@id\":\"https:\/\/www.globber.com\/de\/product\/nl-205\/#primaryimage\",\"url\":\"https:\/\/cdn.globber.com\/content\/2022\/11\/63838b6d2beda.jpg\",\"contentUrl\":\"https:\/\/cdn.globber.com\/content\/2022\/11\/63838b6d2beda.jpg\",\"width\":1920,\"height\":1920},{\"@type\":\"BreadcrumbList\",\"@id\":\"https:\/\/www.globber.com\/de\/product\/nl-205\/#breadcrumb\",\"itemListElement\":[{\"@type\":\"ListItem\",\"position\":1,\"name\":\"Alle Produkte\",\"item\":\"https:\/\/www.globber.com\/de\/shop-by-product\/\"},{\"@type\":\"ListItem\",\"position\":2,\"name\":\"NL 205\"}]},{\"@type\":\"WebSite\",\"@id\":\"https:\/\/www.globber.com\/de\/#website\",\"url\":\"https:\/\/www.globber.com\/de\/\",\"name\":\"Globber Deutschland\",\"description\":\"Die Welt auf R\u00e4dern | Globber.com\",\"publisher\":{\"@id\":\"https:\/\/www.globber.com\/de\/#organization\"},\"potentialAction\":[{\"@type\":\"SearchAction\",\"target\":{\"@type\":\"EntryPoint\",\"urlTemplate\":\"https:\/\/www.globber.com\/de\/?s={search_term_string}\"},\"query-input\":{\"@type\":\"PropertyValueSpecification\",\"valueRequired\":true,\"valueName\":\"search_term_string\"}}],\"inLanguage\":\"de\"},{\"@type\":\"Organization\",\"@id\":\"https:\/\/www.globber.com\/de\/#organization\",\"name\":\"Globber Deutschland\",\"url\":\"https:\/\/www.globber.com\/de\/\",\"logo\":{\"@type\":\"ImageObject\",\"inLanguage\":\"de\",\"@id\":\"https:\/\/www.globber.com\/de\/#\/schema\/logo\/image\/\",\"url\":\"https:\/\/cdn.globber.com\/content\/sites\/13\/2024\/05\/logo.svg\",\"contentUrl\":\"https:\/\/cdn.globber.com\/content\/sites\/13\/2024\/05\/logo.svg\",\"width\":601,\"height\":112,\"caption\":\"Globber Deutschland\"},\"image\":{\"@id\":\"https:\/\/www.globber.com\/de\/#\/schema\/logo\/image\/\"}}]}<\/script>\n<meta property=\"og:availability\" content=\"instock\" \/>\n<meta property=\"product:availability\" content=\"instock\" \/>\n<meta property=\"product:retailer_item_id\" content=\"684-XXX-2\" \/>\n<meta property=\"product:condition\" content=\"new\" \/>\n<!-- \/ Yoast SEO Premium plugin. -->","yoast_head_json":{"title":"NL 205: Verstellbarer 2-Rad-Roller mit patentiertem Klappsystem","description":"Mit 205 mm PU-Gussr\u00e4dern und integrierter Vorderradfederung stilvoll durch die City. Der faltbare NL 205 ist dein schneller, urbaner Begleiter.","robots":{"index":"index","follow":"follow","max-snippet":"max-snippet:-1","max-image-preview":"max-image-preview:large","max-video-preview":"max-video-preview:-1"},"canonical":"https:\/\/www.globber.com\/de\/product\/nl-205\/","og_locale":"de_DE","og_type":"article","og_title":"NL 205: Verstellbarer 2-Rad-Roller mit patentiertem Klappsystem","og_description":"Mit 205 mm PU-Gussr\u00e4dern und integrierter Vorderradfederung stilvoll durch die City. Der faltbare NL 205 ist dein schneller, urbaner Begleiter.","og_url":"https:\/\/www.globber.com\/de\/product\/nl-205\/","og_site_name":"Globber Deutschland","article_modified_time":"2026-04-15T01:01:20+00:00","og_image":[{"width":1920,"height":1920,"url":"https:\/\/cdn.globber.com\/content\/2022\/11\/63838b6d2beda.jpg","type":"image\/jpeg"}],"twitter_card":"summary_large_image","twitter_misc":{"Availability":"In stock"},"schema":{"@context":"https:\/\/schema.org","@graph":[{"@type":["WebPage","ItemPage"],"@id":"https:\/\/www.globber.com\/de\/product\/nl-205\/","url":"https:\/\/www.globber.com\/de\/product\/nl-205\/","name":"NL 205: Verstellbarer 2-Rad-Roller mit patentiertem Klappsystem","isPartOf":{"@id":"https:\/\/www.globber.com\/de\/#website"},"primaryImageOfPage":{"@id":"https:\/\/www.globber.com\/de\/product\/nl-205\/#primaryimage"},"image":{"@id":"https:\/\/www.globber.com\/de\/product\/nl-205\/#primaryimage"},"thumbnailUrl":"https:\/\/cdn.globber.com\/content\/2022\/11\/63838b6d2beda.jpg","datePublished":"2022-11-28T14:09:18+00:00","dateModified":"2026-04-15T01:01:20+00:00","description":"Mit 205 mm PU-Gussr\u00e4dern und integrierter Vorderradfederung stilvoll durch die City. Der faltbare NL 205 ist dein schneller, urbaner Begleiter.","breadcrumb":{"@id":"https:\/\/www.globber.com\/de\/product\/nl-205\/#breadcrumb"},"inLanguage":"de","potentialAction":[{"@type":"ReadAction","target":["https:\/\/www.globber.com\/de\/product\/nl-205\/"]}]},{"@type":"ImageObject","inLanguage":"de","@id":"https:\/\/www.globber.com\/de\/product\/nl-205\/#primaryimage","url":"https:\/\/cdn.globber.com\/content\/2022\/11\/63838b6d2beda.jpg","contentUrl":"https:\/\/cdn.globber.com\/content\/2022\/11\/63838b6d2beda.jpg","width":1920,"height":1920},{"@type":"BreadcrumbList","@id":"https:\/\/www.globber.com\/de\/product\/nl-205\/#breadcrumb","itemListElement":[{"@type":"ListItem","position":1,"name":"Alle Produkte","item":"https:\/\/www.globber.com\/de\/shop-by-product\/"},{"@type":"ListItem","position":2,"name":"NL 205"}]},{"@type":"WebSite","@id":"https:\/\/www.globber.com\/de\/#website","url":"https:\/\/www.globber.com\/de\/","name":"Globber Deutschland","description":"Die Welt auf R\u00e4dern | Globber.com","publisher":{"@id":"https:\/\/www.globber.com\/de\/#organization"},"potentialAction":[{"@type":"SearchAction","target":{"@type":"EntryPoint","urlTemplate":"https:\/\/www.globber.com\/de\/?s={search_term_string}"},"query-input":{"@type":"PropertyValueSpecification","valueRequired":true,"valueName":"search_term_string"}}],"inLanguage":"de"},{"@type":"Organization","@id":"https:\/\/www.globber.com\/de\/#organization","name":"Globber Deutschland","url":"https:\/\/www.globber.com\/de\/","logo":{"@type":"ImageObject","inLanguage":"de","@id":"https:\/\/www.globber.com\/de\/#\/schema\/logo\/image\/","url":"https:\/\/cdn.globber.com\/content\/sites\/13\/2024\/05\/logo.svg","contentUrl":"https:\/\/cdn.globber.com\/content\/sites\/13\/2024\/05\/logo.svg","width":601,"height":112,"caption":"Globber Deutschland"},"image":{"@id":"https:\/\/www.globber.com\/de\/#\/schema\/logo\/image\/"}}]},"og_availability":"instock","product_availability":"instock","product_retailer_item_id":"684-XXX-2","product_condition":"new"},"_links":{"self":[{"href":"https:\/\/www.globber.com\/de\/wp-json\/wp\/v2\/product\/6016","targetHints":{"allow":["GET"]}}],"collection":[{"href":"https:\/\/www.globber.com\/de\/wp-json\/wp\/v2\/product"}],"about":[{"href":"https:\/\/www.globber.com\/de\/wp-json\/wp\/v2\/types\/product"}],"replies":[{"embeddable":true,"href":"https:\/\/www.globber.com\/de\/wp-json\/wp\/v2\/comments?post=6016"}],"wp:featuredmedia":[{"embeddable":true,"href":"https:\/\/www.globber.com\/de\/wp-json\/wp\/v2\/media\/3818"}],"wp:attachment":[{"href":"https:\/\/www.globber.com\/de\/wp-json\/wp\/v2\/media?parent=6016"}],"wp:term":[{"taxonomy":"product-special-badges","embeddable":true,"href":"https:\/\/www.globber.com\/de\/wp-json\/wp\/v2\/product-special-badges?post=6016"},{"taxonomy":"product_brand","embeddable":true,"href":"https:\/\/www.globber.com\/de\/wp-json\/wp\/v2\/product_brand?post=6016"},{"taxonomy":"product_cat","embeddable":true,"href":"https:\/\/www.globber.com\/de\/wp-json\/wp\/v2\/product_cat?post=6016"},{"taxonomy":"product_tag","embeddable":true,"href":"https:\/\/www.globber.com\/de\/wp-json\/wp\/v2\/product_tag?post=6016"}],"curies":[{"name":"wp","href":"https:\/\/api.w.org\/{rel}","templated":true}]}}