{"id":6021,"date":"2022-11-28T14:09:29","date_gmt":"2022-11-28T14:09:29","guid":{"rendered":"http:\/\/www.globber.com\/de\/product\/nl-205-deluxe\/"},"modified":"2026-04-14T03:01:31","modified_gmt":"2026-04-14T01:01:31","slug":"nl-205-deluxe","status":"publish","type":"product","link":"https:\/\/www.globber.com\/de\/product\/nl-205-deluxe\/","title":{"rendered":"NL 205 DELUXE"},"content":{"rendered":"<p>Erlebe urbane Mobilit\u00e4t mit Retro-Charme: Der <strong>NL 205 DELUXE<\/strong> verbindet stylishes Vintage-Design mit modernster Technik und ist f\u00fcr Kinder ab 8 Jahren geeignet. Sein robustes Aluminiumdeck und die Vorderradaufh\u00e4ngung d\u00e4mpfen jede Unebenheit, w\u00e4hrend 205 mm High-Rebound-R\u00e4der f\u00fcr geschmeidiges Rollvergn\u00fcgen sorgen.<\/p>\n<p>Ausgestattet mit Hinterrad- und Lenkerbremse beh\u00e4ltst du stets die Kontrolle. Die 3-fach h\u00f6henverstellbare T-Bar passt sich deinem Wachstum an und die Federung garantiert extra Komfort auf jedem Untergrund.<\/p>\n<p>Dank des patentierten Klappsystems von GLOBBER l\u00e4sst sich der <strong>NL 205 DELUXE<\/strong> im Handumdrehen zusammenfalten \u2013 perfekt f\u00fcr den stilvollen Trolley-Modus beim Pendeln oder Verstauen.<\/p>\n","protected":false},"excerpt":{"rendered":"<ul>\n<li>Gro\u00dfe R\u00e4der (205mm),<\/li>\n<li>3-fach h\u00f6henverstellbare Lenkstange,<\/li>\n<li>One-Click-Klappsystem,<\/li>\n<li>Handbremse<\/li>\n<\/ul>\n","protected":false},"featured_media":19027,"comment_status":"open","ping_status":"closed","template":"","meta":{"_acf_changed":false,"inline_featured_image":false},"product-special-badges":[],"product_brand":[],"product_cat":[4290,4289,1692,1695,1696,1689,1687,534,399,485],"product_tag":[3708],"class_list":{"0":"post-6021","1":"product","2":"type-product","3":"status-publish","4":"has-post-thumbnail","6":"product_cat-2-rad-scooter-fuer-teens-erwachsene","7":"product_cat-2-rad-scooter-fuer-kinder","8":"product_cat-2-rad-scooter-fuer-alle-altersgruppen","9":"product_cat-big-wheel-scooter","10":"product_cat-faltbare-roller","11":"product_cat-one-nl-serie","12":"product_cat-nl-serie","13":"product_cat-roller-fuer-erwachsene","14":"product_cat-roller-fuer-kinder","15":"product_cat-roller-fuer-teenager","16":"product_tag-import","17":"pa_age-range-ab-10-jahren","18":"pa_age-range-ab-11-jahren","19":"pa_age-range-12y-to-adults","20":"pa_age-range-ab-13-jahren","21":"pa_age-range-8y-to-adults","22":"pa_age-range-ab-9-jahren","23":"pa_color-mint","24":"pa_color-pastel-pink","25":"pa_color-vintage-dark-red","26":"pa_color-vintage-blue","27":"pa_color-vintage-black","28":"pa_color-vintage-silver","29":"pa_ean-3403","30":"pa_ean-3407","31":"pa_ean-3404","32":"pa_ean-3408","33":"pa_ean-3405","34":"pa_ean-3406","35":"pa_foldable-yes","36":"pa_maximales-benutzergewicht-100kg","37":"pa_product-type-zweirad-scooter","38":"pa_produktkategorie-roller","39":"pa_recommended-user-height-120-200cm","40":"pa_series-nl-serie","41":"pa_t-bar-3-fach-hoehenverstellbar","43":"first","44":"instock","45":"taxable","46":"shipping-taxable","47":"purchasable","48":"product-type-variable"},"bundled_by":[],"bundle_stock_status":"instock","bundle_stock_quantity":null,"bundle_virtual":false,"bundle_layout":"","bundle_add_to_cart_form_location":"","bundle_editable_in_cart":false,"bundle_sold_individually_context":"","bundle_item_grouping":"","bundle_min_size":"","bundle_max_size":"","bundled_items":[],"bundle_sell_ids":[],"acf":[],"yoast_head":"<!-- This site is optimized with the Yoast SEO Premium plugin v20.12 (Yoast SEO v23.4) - https:\/\/yoast.com\/wordpress\/plugins\/seo\/ -->\n<title>NL 205 DELUXE: Verstellbarer 2-Rad-Scooter mit Klappsystem<\/title>\n<meta name=\"description\" content=\"Der NL 205 DELUXE ist ein stylisher Vintage-Roller mit robustem Aluminiumdeck, Federung und patentiertem Klappsystem \u2013 f\u00fcr sicheres und komfortables Fahren.\" \/>\n<meta name=\"robots\" content=\"index, follow, max-snippet:-1, max-image-preview:large, max-video-preview:-1\" \/>\n<link rel=\"canonical\" href=\"https:\/\/www.globber.com\/de\/product\/nl-205-deluxe\/\" \/>\n<meta property=\"og:locale\" content=\"de_DE\" \/>\n<meta property=\"og:type\" content=\"article\" \/>\n<meta property=\"og:title\" content=\"NL 205 DELUXE: Verstellbarer 2-Rad-Scooter mit Klappsystem\" \/>\n<meta property=\"og:description\" content=\"Der NL 205 DELUXE ist ein stylisher Vintage-Roller mit robustem Aluminiumdeck, Federung und patentiertem Klappsystem \u2013 f\u00fcr sicheres und komfortables Fahren.\" \/>\n<meta property=\"og:url\" content=\"https:\/\/www.globber.com\/de\/product\/nl-205-deluxe\/\" \/>\n<meta property=\"og:site_name\" content=\"Globber Deutschland\" \/>\n<meta property=\"article:modified_time\" content=\"2026-04-14T01:01:31+00:00\" \/>\n<meta property=\"og:image\" content=\"https:\/\/cdn.globber.com\/content\/sites\/13\/2022\/11\/685-120_ft-R_rgb.jpg\" \/>\n\t<meta property=\"og:image:width\" content=\"2048\" \/>\n\t<meta property=\"og:image:height\" content=\"2048\" \/>\n\t<meta property=\"og:image:type\" content=\"image\/jpeg\" \/>\n<meta name=\"twitter:card\" content=\"summary_large_image\" \/>\n<meta name=\"twitter:label1\" content=\"Availability\" \/>\n\t<meta name=\"twitter:data1\" content=\"In stock\" \/>\n<script type=\"application\/ld+json\" class=\"yoast-schema-graph\">{\"@context\":\"https:\/\/schema.org\",\"@graph\":[{\"@type\":[\"WebPage\",\"ItemPage\"],\"@id\":\"https:\/\/www.globber.com\/de\/product\/nl-205-deluxe\/\",\"url\":\"https:\/\/www.globber.com\/de\/product\/nl-205-deluxe\/\",\"name\":\"NL 205 DELUXE: Verstellbarer 2-Rad-Scooter mit Klappsystem\",\"isPartOf\":{\"@id\":\"https:\/\/www.globber.com\/de\/#website\"},\"primaryImageOfPage\":{\"@id\":\"https:\/\/www.globber.com\/de\/product\/nl-205-deluxe\/#primaryimage\"},\"image\":{\"@id\":\"https:\/\/www.globber.com\/de\/product\/nl-205-deluxe\/#primaryimage\"},\"thumbnailUrl\":\"https:\/\/cdn.globber.com\/content\/sites\/13\/2022\/11\/685-120_ft-R_rgb.jpg\",\"datePublished\":\"2022-11-28T14:09:29+00:00\",\"dateModified\":\"2026-04-14T01:01:31+00:00\",\"description\":\"Der NL 205 DELUXE ist ein stylisher Vintage-Roller mit robustem Aluminiumdeck, Federung und patentiertem Klappsystem \u2013 f\u00fcr sicheres und komfortables Fahren.\",\"breadcrumb\":{\"@id\":\"https:\/\/www.globber.com\/de\/product\/nl-205-deluxe\/#breadcrumb\"},\"inLanguage\":\"de\",\"potentialAction\":[{\"@type\":\"ReadAction\",\"target\":[\"https:\/\/www.globber.com\/de\/product\/nl-205-deluxe\/\"]}]},{\"@type\":\"ImageObject\",\"inLanguage\":\"de\",\"@id\":\"https:\/\/www.globber.com\/de\/product\/nl-205-deluxe\/#primaryimage\",\"url\":\"https:\/\/cdn.globber.com\/content\/sites\/13\/2022\/11\/685-120_ft-R_rgb.jpg\",\"contentUrl\":\"https:\/\/cdn.globber.com\/content\/sites\/13\/2022\/11\/685-120_ft-R_rgb.jpg\",\"width\":2048,\"height\":2048},{\"@type\":\"BreadcrumbList\",\"@id\":\"https:\/\/www.globber.com\/de\/product\/nl-205-deluxe\/#breadcrumb\",\"itemListElement\":[{\"@type\":\"ListItem\",\"position\":1,\"name\":\"Alle Produkte\",\"item\":\"https:\/\/www.globber.com\/de\/shop-by-product\/\"},{\"@type\":\"ListItem\",\"position\":2,\"name\":\"NL 205 DELUXE\"}]},{\"@type\":\"WebSite\",\"@id\":\"https:\/\/www.globber.com\/de\/#website\",\"url\":\"https:\/\/www.globber.com\/de\/\",\"name\":\"Globber Deutschland\",\"description\":\"Die Welt auf R\u00e4dern | Globber.com\",\"publisher\":{\"@id\":\"https:\/\/www.globber.com\/de\/#organization\"},\"potentialAction\":[{\"@type\":\"SearchAction\",\"target\":{\"@type\":\"EntryPoint\",\"urlTemplate\":\"https:\/\/www.globber.com\/de\/?s={search_term_string}\"},\"query-input\":{\"@type\":\"PropertyValueSpecification\",\"valueRequired\":true,\"valueName\":\"search_term_string\"}}],\"inLanguage\":\"de\"},{\"@type\":\"Organization\",\"@id\":\"https:\/\/www.globber.com\/de\/#organization\",\"name\":\"Globber Deutschland\",\"url\":\"https:\/\/www.globber.com\/de\/\",\"logo\":{\"@type\":\"ImageObject\",\"inLanguage\":\"de\",\"@id\":\"https:\/\/www.globber.com\/de\/#\/schema\/logo\/image\/\",\"url\":\"https:\/\/cdn.globber.com\/content\/sites\/13\/2024\/05\/logo.svg\",\"contentUrl\":\"https:\/\/cdn.globber.com\/content\/sites\/13\/2024\/05\/logo.svg\",\"width\":601,\"height\":112,\"caption\":\"Globber Deutschland\"},\"image\":{\"@id\":\"https:\/\/www.globber.com\/de\/#\/schema\/logo\/image\/\"}}]}<\/script>\n<meta property=\"og:availability\" content=\"instock\" \/>\n<meta property=\"product:availability\" content=\"instock\" \/>\n<meta property=\"product:retailer_item_id\" content=\"685-XXX\" \/>\n<meta property=\"product:condition\" content=\"new\" \/>\n<!-- \/ Yoast SEO Premium plugin. -->","yoast_head_json":{"title":"NL 205 DELUXE: Verstellbarer 2-Rad-Scooter mit Klappsystem","description":"Der NL 205 DELUXE ist ein stylisher Vintage-Roller mit robustem Aluminiumdeck, Federung und patentiertem Klappsystem \u2013 f\u00fcr sicheres und komfortables Fahren.","robots":{"index":"index","follow":"follow","max-snippet":"max-snippet:-1","max-image-preview":"max-image-preview:large","max-video-preview":"max-video-preview:-1"},"canonical":"https:\/\/www.globber.com\/de\/product\/nl-205-deluxe\/","og_locale":"de_DE","og_type":"article","og_title":"NL 205 DELUXE: Verstellbarer 2-Rad-Scooter mit Klappsystem","og_description":"Der NL 205 DELUXE ist ein stylisher Vintage-Roller mit robustem Aluminiumdeck, Federung und patentiertem Klappsystem \u2013 f\u00fcr sicheres und komfortables Fahren.","og_url":"https:\/\/www.globber.com\/de\/product\/nl-205-deluxe\/","og_site_name":"Globber Deutschland","article_modified_time":"2026-04-14T01:01:31+00:00","og_image":[{"width":2048,"height":2048,"url":"https:\/\/cdn.globber.com\/content\/sites\/13\/2022\/11\/685-120_ft-R_rgb.jpg","type":"image\/jpeg"}],"twitter_card":"summary_large_image","twitter_misc":{"Availability":"In stock"},"schema":{"@context":"https:\/\/schema.org","@graph":[{"@type":["WebPage","ItemPage"],"@id":"https:\/\/www.globber.com\/de\/product\/nl-205-deluxe\/","url":"https:\/\/www.globber.com\/de\/product\/nl-205-deluxe\/","name":"NL 205 DELUXE: Verstellbarer 2-Rad-Scooter mit Klappsystem","isPartOf":{"@id":"https:\/\/www.globber.com\/de\/#website"},"primaryImageOfPage":{"@id":"https:\/\/www.globber.com\/de\/product\/nl-205-deluxe\/#primaryimage"},"image":{"@id":"https:\/\/www.globber.com\/de\/product\/nl-205-deluxe\/#primaryimage"},"thumbnailUrl":"https:\/\/cdn.globber.com\/content\/sites\/13\/2022\/11\/685-120_ft-R_rgb.jpg","datePublished":"2022-11-28T14:09:29+00:00","dateModified":"2026-04-14T01:01:31+00:00","description":"Der NL 205 DELUXE ist ein stylisher Vintage-Roller mit robustem Aluminiumdeck, Federung und patentiertem Klappsystem \u2013 f\u00fcr sicheres und komfortables Fahren.","breadcrumb":{"@id":"https:\/\/www.globber.com\/de\/product\/nl-205-deluxe\/#breadcrumb"},"inLanguage":"de","potentialAction":[{"@type":"ReadAction","target":["https:\/\/www.globber.com\/de\/product\/nl-205-deluxe\/"]}]},{"@type":"ImageObject","inLanguage":"de","@id":"https:\/\/www.globber.com\/de\/product\/nl-205-deluxe\/#primaryimage","url":"https:\/\/cdn.globber.com\/content\/sites\/13\/2022\/11\/685-120_ft-R_rgb.jpg","contentUrl":"https:\/\/cdn.globber.com\/content\/sites\/13\/2022\/11\/685-120_ft-R_rgb.jpg","width":2048,"height":2048},{"@type":"BreadcrumbList","@id":"https:\/\/www.globber.com\/de\/product\/nl-205-deluxe\/#breadcrumb","itemListElement":[{"@type":"ListItem","position":1,"name":"Alle Produkte","item":"https:\/\/www.globber.com\/de\/shop-by-product\/"},{"@type":"ListItem","position":2,"name":"NL 205 DELUXE"}]},{"@type":"WebSite","@id":"https:\/\/www.globber.com\/de\/#website","url":"https:\/\/www.globber.com\/de\/","name":"Globber Deutschland","description":"Die Welt auf R\u00e4dern | Globber.com","publisher":{"@id":"https:\/\/www.globber.com\/de\/#organization"},"potentialAction":[{"@type":"SearchAction","target":{"@type":"EntryPoint","urlTemplate":"https:\/\/www.globber.com\/de\/?s={search_term_string}"},"query-input":{"@type":"PropertyValueSpecification","valueRequired":true,"valueName":"search_term_string"}}],"inLanguage":"de"},{"@type":"Organization","@id":"https:\/\/www.globber.com\/de\/#organization","name":"Globber Deutschland","url":"https:\/\/www.globber.com\/de\/","logo":{"@type":"ImageObject","inLanguage":"de","@id":"https:\/\/www.globber.com\/de\/#\/schema\/logo\/image\/","url":"https:\/\/cdn.globber.com\/content\/sites\/13\/2024\/05\/logo.svg","contentUrl":"https:\/\/cdn.globber.com\/content\/sites\/13\/2024\/05\/logo.svg","width":601,"height":112,"caption":"Globber Deutschland"},"image":{"@id":"https:\/\/www.globber.com\/de\/#\/schema\/logo\/image\/"}}]},"og_availability":"instock","product_availability":"instock","product_retailer_item_id":"685-XXX","product_condition":"new"},"_links":{"self":[{"href":"https:\/\/www.globber.com\/de\/wp-json\/wp\/v2\/product\/6021","targetHints":{"allow":["GET"]}}],"collection":[{"href":"https:\/\/www.globber.com\/de\/wp-json\/wp\/v2\/product"}],"about":[{"href":"https:\/\/www.globber.com\/de\/wp-json\/wp\/v2\/types\/product"}],"replies":[{"embeddable":true,"href":"https:\/\/www.globber.com\/de\/wp-json\/wp\/v2\/comments?post=6021"}],"wp:featuredmedia":[{"embeddable":true,"href":"https:\/\/www.globber.com\/de\/wp-json\/wp\/v2\/media\/19027"}],"wp:attachment":[{"href":"https:\/\/www.globber.com\/de\/wp-json\/wp\/v2\/media?parent=6021"}],"wp:term":[{"taxonomy":"product-special-badges","embeddable":true,"href":"https:\/\/www.globber.com\/de\/wp-json\/wp\/v2\/product-special-badges?post=6021"},{"taxonomy":"product_brand","embeddable":true,"href":"https:\/\/www.globber.com\/de\/wp-json\/wp\/v2\/product_brand?post=6021"},{"taxonomy":"product_cat","embeddable":true,"href":"https:\/\/www.globber.com\/de\/wp-json\/wp\/v2\/product_cat?post=6021"},{"taxonomy":"product_tag","embeddable":true,"href":"https:\/\/www.globber.com\/de\/wp-json\/wp\/v2\/product_tag?post=6021"}],"curies":[{"name":"wp","href":"https:\/\/api.w.org\/{rel}","templated":true}]}}