{"id":6033,"date":"2022-11-28T14:09:59","date_gmt":"2022-11-28T14:09:59","guid":{"rendered":"http:\/\/www.globber.com\/de\/product\/one-nl-205-180-duo\/"},"modified":"2026-03-24T15:49:39","modified_gmt":"2026-03-24T14:49:39","slug":"one-nl-205-180-duo","status":"publish","type":"product","link":"https:\/\/www.globber.com\/de\/product\/one-nl-205-180-duo\/","title":{"rendered":"ONE NL 205-180 DUO"},"content":{"rendered":"<p>Erlebe ultimativen Fahrkomfort mit dem <strong data-start=\"39\" data-end=\"61\">ONE NL 205-180 DUO<\/strong>, dem gro\u00dfen Scooter f\u00fcr Jugendliche ab 14 Jahren und Erwachsene. Dank des patentierten 1-Second-Klappsystems l\u00e4sst sich der Roller im Handumdrehen \u00f6ffnen oder zusammenfalten: Hebe und ziehe einfach die Klemme an der S\u00e4ule, um nahtlos zwischen Fahr- und Klappmodus zu wechseln.<\/p>\n<p>Das extra breite Aluminiumdeck bietet sicheren Stand, w\u00e4hrend die 3-fach-h\u00f6henverstellbare Lenkstange und der klappbare Lenker f\u00fcr ergonomischen Komfort sorgen. Ausgestattet mit 205 mm bzw. 180 mm PU-R\u00e4dern meistert der<strong> ONE NL 205-180 DUO<\/strong> jedes Stadtpflaster und gew\u00e4hrleistet eine ruhige, wendige Fahrt in urbanen Umgebungen.<\/p>\n","protected":false},"excerpt":{"rendered":"<ul>\n<li>Gro\u00dfe R\u00e4der (205\/180mm),<\/li>\n<li>3-fach h\u00f6henverstellbare Lenkstange,<\/li>\n<li>One-Click-Klappsystem<\/li>\n<\/ul>\n<p>&nbsp;<\/p>\n","protected":false},"featured_media":16964,"comment_status":"open","ping_status":"closed","template":"","meta":{"_acf_changed":false,"inline_featured_image":false},"product-special-badges":[],"product_brand":[],"product_cat":[4290,1692,1695,1696,1689,534],"product_tag":[3708],"class_list":{"0":"post-6033","1":"product","2":"type-product","3":"status-publish","4":"has-post-thumbnail","6":"product_cat-2-rad-scooter-fuer-teens-erwachsene","7":"product_cat-2-rad-scooter-fuer-alle-altersgruppen","8":"product_cat-big-wheel-scooter","9":"product_cat-faltbare-roller","10":"product_cat-one-nl-serie","11":"product_cat-roller-fuer-erwachsene","12":"product_tag-import","13":"pa_age-range-ab-14-jahren","14":"pa_color-lead-grey","15":"pa_color-cobalt-blue","16":"pa_ean-3415","17":"pa_ean-3416","18":"pa_foldable-yes","19":"pa_maximales-benutzergewicht-100kg","20":"pa_product-type-zweirad-scooter","21":"pa_produktkategorie-roller","22":"pa_recommended-user-height-155-200cm","23":"pa_series-one-nl-serie","24":"pa_t-bar-3-fach-hoehenverstellbar","26":"first","27":"outofstock","28":"taxable","29":"shipping-taxable","30":"product-type-variable"},"bundled_by":[],"bundle_stock_status":"outofstock","bundle_stock_quantity":null,"bundle_virtual":false,"bundle_layout":"","bundle_add_to_cart_form_location":"","bundle_editable_in_cart":false,"bundle_sold_individually_context":"","bundle_item_grouping":"","bundle_min_size":"","bundle_max_size":"","bundled_items":[],"bundle_sell_ids":[],"acf":[],"yoast_head":"<!-- This site is optimized with the Yoast SEO Premium plugin v20.12 (Yoast SEO v23.4) - https:\/\/yoast.com\/wordpress\/plugins\/seo\/ -->\n<title>ONE NL 205-180 DUO: Verstellbarer Scooter mit Klappsystem<\/title>\n<meta name=\"description\" content=\"Zusammenklappen und losfahren in einer Sekunde! Mit dem 2-Rad-Kick-Scooter f\u00fcr Jugendliche und Erwachsene, k\u00f6nnen Sie Ihr Ziel einfach und bequem erreichen.\" \/>\n<meta name=\"robots\" content=\"index, follow, max-snippet:-1, max-image-preview:large, max-video-preview:-1\" \/>\n<link rel=\"canonical\" href=\"https:\/\/www.globber.com\/de\/product\/one-nl-205-180-duo\/\" \/>\n<meta property=\"og:locale\" content=\"de_DE\" \/>\n<meta property=\"og:type\" content=\"article\" \/>\n<meta property=\"og:title\" content=\"ONE NL 205-180 DUO: Verstellbarer Scooter mit Klappsystem\" \/>\n<meta property=\"og:description\" content=\"Zusammenklappen und losfahren in einer Sekunde! Mit dem 2-Rad-Kick-Scooter f\u00fcr Jugendliche und Erwachsene, k\u00f6nnen Sie Ihr Ziel einfach und bequem erreichen.\" \/>\n<meta property=\"og:url\" content=\"https:\/\/www.globber.com\/de\/product\/one-nl-205-180-duo\/\" \/>\n<meta property=\"og:site_name\" content=\"Globber Deutschland\" \/>\n<meta property=\"article:modified_time\" content=\"2026-03-24T14:49:39+00:00\" \/>\n<meta property=\"og:image\" content=\"https:\/\/cdn.globber.com\/content\/sites\/13\/2022\/11\/ONE-NL.jpg\" \/>\n\t<meta property=\"og:image:width\" content=\"2048\" \/>\n\t<meta property=\"og:image:height\" content=\"2048\" \/>\n\t<meta property=\"og:image:type\" content=\"image\/jpeg\" \/>\n<meta name=\"twitter:card\" content=\"summary_large_image\" \/>\n<meta name=\"twitter:label1\" content=\"Availability\" \/>\n\t<meta name=\"twitter:data1\" content=\"Out of stock\" \/>\n<script type=\"application\/ld+json\" class=\"yoast-schema-graph\">{\"@context\":\"https:\/\/schema.org\",\"@graph\":[{\"@type\":[\"WebPage\",\"ItemPage\"],\"@id\":\"https:\/\/www.globber.com\/de\/product\/one-nl-205-180-duo\/\",\"url\":\"https:\/\/www.globber.com\/de\/product\/one-nl-205-180-duo\/\",\"name\":\"ONE NL 205-180 DUO: Verstellbarer Scooter mit Klappsystem\",\"isPartOf\":{\"@id\":\"https:\/\/www.globber.com\/de\/#website\"},\"primaryImageOfPage\":{\"@id\":\"https:\/\/www.globber.com\/de\/product\/one-nl-205-180-duo\/#primaryimage\"},\"image\":{\"@id\":\"https:\/\/www.globber.com\/de\/product\/one-nl-205-180-duo\/#primaryimage\"},\"thumbnailUrl\":\"https:\/\/cdn.globber.com\/content\/sites\/13\/2022\/11\/ONE-NL.jpg\",\"datePublished\":\"2022-11-28T14:09:59+00:00\",\"dateModified\":\"2026-03-24T14:49:39+00:00\",\"description\":\"Zusammenklappen und losfahren in einer Sekunde! Mit dem 2-Rad-Kick-Scooter f\u00fcr Jugendliche und Erwachsene, k\u00f6nnen Sie Ihr Ziel einfach und bequem erreichen.\",\"breadcrumb\":{\"@id\":\"https:\/\/www.globber.com\/de\/product\/one-nl-205-180-duo\/#breadcrumb\"},\"inLanguage\":\"de\",\"potentialAction\":[{\"@type\":\"ReadAction\",\"target\":[\"https:\/\/www.globber.com\/de\/product\/one-nl-205-180-duo\/\"]}]},{\"@type\":\"ImageObject\",\"inLanguage\":\"de\",\"@id\":\"https:\/\/www.globber.com\/de\/product\/one-nl-205-180-duo\/#primaryimage\",\"url\":\"https:\/\/cdn.globber.com\/content\/sites\/13\/2022\/11\/ONE-NL.jpg\",\"contentUrl\":\"https:\/\/cdn.globber.com\/content\/sites\/13\/2022\/11\/ONE-NL.jpg\",\"width\":2048,\"height\":2048},{\"@type\":\"BreadcrumbList\",\"@id\":\"https:\/\/www.globber.com\/de\/product\/one-nl-205-180-duo\/#breadcrumb\",\"itemListElement\":[{\"@type\":\"ListItem\",\"position\":1,\"name\":\"Alle Produkte\",\"item\":\"https:\/\/www.globber.com\/de\/shop-by-product\/\"},{\"@type\":\"ListItem\",\"position\":2,\"name\":\"ONE NL 205-180 DUO\"}]},{\"@type\":\"WebSite\",\"@id\":\"https:\/\/www.globber.com\/de\/#website\",\"url\":\"https:\/\/www.globber.com\/de\/\",\"name\":\"Globber Deutschland\",\"description\":\"Die Welt auf R\u00e4dern | Globber.com\",\"publisher\":{\"@id\":\"https:\/\/www.globber.com\/de\/#organization\"},\"potentialAction\":[{\"@type\":\"SearchAction\",\"target\":{\"@type\":\"EntryPoint\",\"urlTemplate\":\"https:\/\/www.globber.com\/de\/?s={search_term_string}\"},\"query-input\":{\"@type\":\"PropertyValueSpecification\",\"valueRequired\":true,\"valueName\":\"search_term_string\"}}],\"inLanguage\":\"de\"},{\"@type\":\"Organization\",\"@id\":\"https:\/\/www.globber.com\/de\/#organization\",\"name\":\"Globber Deutschland\",\"url\":\"https:\/\/www.globber.com\/de\/\",\"logo\":{\"@type\":\"ImageObject\",\"inLanguage\":\"de\",\"@id\":\"https:\/\/www.globber.com\/de\/#\/schema\/logo\/image\/\",\"url\":\"https:\/\/cdn.globber.com\/content\/sites\/13\/2024\/05\/logo.svg\",\"contentUrl\":\"https:\/\/cdn.globber.com\/content\/sites\/13\/2024\/05\/logo.svg\",\"width\":601,\"height\":112,\"caption\":\"Globber Deutschland\"},\"image\":{\"@id\":\"https:\/\/www.globber.com\/de\/#\/schema\/logo\/image\/\"}}]}<\/script>\n<meta property=\"og:availability\" content=\"out of stock\" \/>\n<meta property=\"product:availability\" content=\"out of stock\" \/>\n<meta property=\"product:retailer_item_id\" content=\"474-XXX\" \/>\n<meta property=\"product:condition\" content=\"new\" \/>\n<!-- \/ Yoast SEO Premium plugin. -->","yoast_head_json":{"title":"ONE NL 205-180 DUO: Verstellbarer Scooter mit Klappsystem","description":"Zusammenklappen und losfahren in einer Sekunde! Mit dem 2-Rad-Kick-Scooter f\u00fcr Jugendliche und Erwachsene, k\u00f6nnen Sie Ihr Ziel einfach und bequem erreichen.","robots":{"index":"index","follow":"follow","max-snippet":"max-snippet:-1","max-image-preview":"max-image-preview:large","max-video-preview":"max-video-preview:-1"},"canonical":"https:\/\/www.globber.com\/de\/product\/one-nl-205-180-duo\/","og_locale":"de_DE","og_type":"article","og_title":"ONE NL 205-180 DUO: Verstellbarer Scooter mit Klappsystem","og_description":"Zusammenklappen und losfahren in einer Sekunde! Mit dem 2-Rad-Kick-Scooter f\u00fcr Jugendliche und Erwachsene, k\u00f6nnen Sie Ihr Ziel einfach und bequem erreichen.","og_url":"https:\/\/www.globber.com\/de\/product\/one-nl-205-180-duo\/","og_site_name":"Globber Deutschland","article_modified_time":"2026-03-24T14:49:39+00:00","og_image":[{"width":2048,"height":2048,"url":"https:\/\/cdn.globber.com\/content\/sites\/13\/2022\/11\/ONE-NL.jpg","type":"image\/jpeg"}],"twitter_card":"summary_large_image","twitter_misc":{"Availability":"Out of stock"},"schema":{"@context":"https:\/\/schema.org","@graph":[{"@type":["WebPage","ItemPage"],"@id":"https:\/\/www.globber.com\/de\/product\/one-nl-205-180-duo\/","url":"https:\/\/www.globber.com\/de\/product\/one-nl-205-180-duo\/","name":"ONE NL 205-180 DUO: Verstellbarer Scooter mit Klappsystem","isPartOf":{"@id":"https:\/\/www.globber.com\/de\/#website"},"primaryImageOfPage":{"@id":"https:\/\/www.globber.com\/de\/product\/one-nl-205-180-duo\/#primaryimage"},"image":{"@id":"https:\/\/www.globber.com\/de\/product\/one-nl-205-180-duo\/#primaryimage"},"thumbnailUrl":"https:\/\/cdn.globber.com\/content\/sites\/13\/2022\/11\/ONE-NL.jpg","datePublished":"2022-11-28T14:09:59+00:00","dateModified":"2026-03-24T14:49:39+00:00","description":"Zusammenklappen und losfahren in einer Sekunde! Mit dem 2-Rad-Kick-Scooter f\u00fcr Jugendliche und Erwachsene, k\u00f6nnen Sie Ihr Ziel einfach und bequem erreichen.","breadcrumb":{"@id":"https:\/\/www.globber.com\/de\/product\/one-nl-205-180-duo\/#breadcrumb"},"inLanguage":"de","potentialAction":[{"@type":"ReadAction","target":["https:\/\/www.globber.com\/de\/product\/one-nl-205-180-duo\/"]}]},{"@type":"ImageObject","inLanguage":"de","@id":"https:\/\/www.globber.com\/de\/product\/one-nl-205-180-duo\/#primaryimage","url":"https:\/\/cdn.globber.com\/content\/sites\/13\/2022\/11\/ONE-NL.jpg","contentUrl":"https:\/\/cdn.globber.com\/content\/sites\/13\/2022\/11\/ONE-NL.jpg","width":2048,"height":2048},{"@type":"BreadcrumbList","@id":"https:\/\/www.globber.com\/de\/product\/one-nl-205-180-duo\/#breadcrumb","itemListElement":[{"@type":"ListItem","position":1,"name":"Alle Produkte","item":"https:\/\/www.globber.com\/de\/shop-by-product\/"},{"@type":"ListItem","position":2,"name":"ONE NL 205-180 DUO"}]},{"@type":"WebSite","@id":"https:\/\/www.globber.com\/de\/#website","url":"https:\/\/www.globber.com\/de\/","name":"Globber Deutschland","description":"Die Welt auf R\u00e4dern | Globber.com","publisher":{"@id":"https:\/\/www.globber.com\/de\/#organization"},"potentialAction":[{"@type":"SearchAction","target":{"@type":"EntryPoint","urlTemplate":"https:\/\/www.globber.com\/de\/?s={search_term_string}"},"query-input":{"@type":"PropertyValueSpecification","valueRequired":true,"valueName":"search_term_string"}}],"inLanguage":"de"},{"@type":"Organization","@id":"https:\/\/www.globber.com\/de\/#organization","name":"Globber Deutschland","url":"https:\/\/www.globber.com\/de\/","logo":{"@type":"ImageObject","inLanguage":"de","@id":"https:\/\/www.globber.com\/de\/#\/schema\/logo\/image\/","url":"https:\/\/cdn.globber.com\/content\/sites\/13\/2024\/05\/logo.svg","contentUrl":"https:\/\/cdn.globber.com\/content\/sites\/13\/2024\/05\/logo.svg","width":601,"height":112,"caption":"Globber Deutschland"},"image":{"@id":"https:\/\/www.globber.com\/de\/#\/schema\/logo\/image\/"}}]},"og_availability":"out of stock","product_availability":"out of stock","product_retailer_item_id":"474-XXX","product_condition":"new"},"_links":{"self":[{"href":"https:\/\/www.globber.com\/de\/wp-json\/wp\/v2\/product\/6033","targetHints":{"allow":["GET"]}}],"collection":[{"href":"https:\/\/www.globber.com\/de\/wp-json\/wp\/v2\/product"}],"about":[{"href":"https:\/\/www.globber.com\/de\/wp-json\/wp\/v2\/types\/product"}],"replies":[{"embeddable":true,"href":"https:\/\/www.globber.com\/de\/wp-json\/wp\/v2\/comments?post=6033"}],"wp:featuredmedia":[{"embeddable":true,"href":"https:\/\/www.globber.com\/de\/wp-json\/wp\/v2\/media\/16964"}],"wp:attachment":[{"href":"https:\/\/www.globber.com\/de\/wp-json\/wp\/v2\/media?parent=6033"}],"wp:term":[{"taxonomy":"product-special-badges","embeddable":true,"href":"https:\/\/www.globber.com\/de\/wp-json\/wp\/v2\/product-special-badges?post=6033"},{"taxonomy":"product_brand","embeddable":true,"href":"https:\/\/www.globber.com\/de\/wp-json\/wp\/v2\/product_brand?post=6033"},{"taxonomy":"product_cat","embeddable":true,"href":"https:\/\/www.globber.com\/de\/wp-json\/wp\/v2\/product_cat?post=6033"},{"taxonomy":"product_tag","embeddable":true,"href":"https:\/\/www.globber.com\/de\/wp-json\/wp\/v2\/product_tag?post=6033"}],"curies":[{"name":"wp","href":"https:\/\/api.w.org\/{rel}","templated":true}]}}