{"id":6066,"date":"2022-11-28T14:11:21","date_gmt":"2022-11-28T14:11:21","guid":{"rendered":"http:\/\/www.globber.com\/de\/product\/toddlers-helmet-xxs-xs-45-51cm\/"},"modified":"2026-05-08T17:49:32","modified_gmt":"2026-05-08T15:49:32","slug":"toddlers-helmet-xxs-xs-45-51cm","status":"publish","type":"product","link":"https:\/\/www.globber.com\/de\/product\/toddlers-helmet-xxs-xs-45-51cm\/","title":{"rendered":"GO\u2022UP HELM"},"content":{"rendered":"<p data-start=\"0\" data-end=\"251\">Die robuste Au\u00dfenschale aus Polycarbonat (PC) bietet dir maximalen Kopfschutz und ist mit sto\u00dfabsorbierendem EPS-Schaumstofffutter, 7 mm dicken, versiegelten Innenpolstern und einem weichen Kinnpolster f\u00fcr optimalen Komfort ausgestattet.<\/p>\n<p data-start=\"253\" data-end=\"504\">Der GLOBBER<strong> GO\u2022UP <\/strong>Helm\u00a0(Gr\u00f6\u00dfe XXS\u2013XS; 45\u201351 cm) ist in vielen trendigen Farben erh\u00e4ltlich. Mit dem praktischen Drehknopf am Hinterkopf passt du die Gr\u00f6\u00dfe im Handumdrehen an.<\/p>\n<p data-start=\"506\" data-end=\"747\">F\u00fcr extra Sichtbarkeit sorgen sechs batteriebetriebene LED-Leuchten im Helmr\u00fccken, die du in drei Modi (Dauerlicht, Blitz und Schnellblitz) nutzen kannst. Bitte beachte unsere Anweisungen zum sicheren Befestigen des Helms an deinem Kind.<\/p>\n","protected":false},"excerpt":{"rendered":"<p>Gr\u00f6\u00dfe: XXS\/XS (45-51cm)<\/p>\n","protected":false},"featured_media":14468,"comment_status":"open","ping_status":"closed","template":"","meta":{"_acf_changed":false,"inline_featured_image":false},"product-special-badges":[],"product_brand":[],"product_cat":[593],"product_tag":[3708],"class_list":{"0":"post-6066","1":"product","2":"type-product","3":"status-publish","4":"has-post-thumbnail","6":"product_cat-schutzausruestung","7":"product_tag-import","8":"pa_color-blueberry","9":"pa_color-lime-green","10":"pa_color-navy-blue","11":"pa_color-mint","12":"pa_color-neon-pink","13":"pa_color-pastel-blue","14":"pa_color-pastel-pink","15":"pa_color-sage","16":"pa_color-sand","17":"pa_color-deep-pastel-pink","18":"pa_ean-3456","19":"pa_ean-3457","20":"pa_ean-3458","21":"pa_ean-3448","22":"pa_ean-3453","23":"pa_ean-3454","24":"pa_ean-4372","25":"pa_ean-4373","26":"pa_ean-4369","27":"pa_ean-4371","28":"pa_groesse-xxs-xs-45-51cm","29":"pa_product-type-schutzausruestung","30":"pa_produktkategorie-schutzausruestung","32":"first","33":"instock","34":"taxable","35":"shipping-taxable","36":"purchasable","37":"product-type-variable"},"bundled_by":[],"bundle_stock_status":"instock","bundle_stock_quantity":null,"bundle_virtual":false,"bundle_layout":"","bundle_add_to_cart_form_location":"","bundle_editable_in_cart":false,"bundle_sold_individually_context":"","bundle_item_grouping":"","bundle_min_size":"","bundle_max_size":"","bundled_items":[],"bundle_sell_ids":[],"acf":[],"yoast_head":"<!-- This site is optimized with the Yoast SEO Premium plugin v20.12 (Yoast SEO v23.4) - https:\/\/yoast.com\/wordpress\/plugins\/seo\/ -->\n<title>HELM GO-UP LIGHTS Gr. XXS\/XS 45-51CM<\/title>\n<meta name=\"description\" content=\"Ein sicherer Helm f\u00fcr Roller mit LED-Leuchten und Polstern, die eine bequeme Passform und maximalen Schutz f\u00fcr Kleinkinder bieten.\" \/>\n<meta name=\"robots\" content=\"index, follow, max-snippet:-1, max-image-preview:large, max-video-preview:-1\" \/>\n<link rel=\"canonical\" href=\"https:\/\/www.globber.com\/de\/product\/toddlers-helmet-xxs-xs-45-51cm\/\" \/>\n<meta property=\"og:locale\" content=\"de_DE\" \/>\n<meta property=\"og:type\" content=\"article\" \/>\n<meta property=\"og:title\" content=\"HELM GO-UP LIGHTS Gr. XXS\/XS 45-51CM\" \/>\n<meta property=\"og:description\" content=\"Ein sicherer Helm f\u00fcr Roller mit LED-Leuchten und Polstern, die eine bequeme Passform und maximalen Schutz f\u00fcr Kleinkinder bieten.\" \/>\n<meta property=\"og:url\" content=\"https:\/\/www.globber.com\/de\/product\/toddlers-helmet-xxs-xs-45-51cm\/\" \/>\n<meta property=\"og:site_name\" content=\"Globber Deutschland\" \/>\n<meta property=\"article:modified_time\" content=\"2026-05-08T15:49:32+00:00\" \/>\n<meta property=\"og:image\" content=\"https:\/\/cdn.globber.com\/content\/sites\/13\/2025\/06\/683e5a5147105.jpg\" \/>\n\t<meta property=\"og:image:width\" content=\"1920\" \/>\n\t<meta property=\"og:image:height\" content=\"1920\" \/>\n\t<meta property=\"og:image:type\" content=\"image\/jpeg\" \/>\n<meta name=\"twitter:card\" content=\"summary_large_image\" \/>\n<meta name=\"twitter:label1\" content=\"Availability\" \/>\n\t<meta name=\"twitter:data1\" content=\"In stock\" \/>\n<script type=\"application\/ld+json\" class=\"yoast-schema-graph\">{\"@context\":\"https:\/\/schema.org\",\"@graph\":[{\"@type\":[\"WebPage\",\"ItemPage\"],\"@id\":\"https:\/\/www.globber.com\/de\/product\/toddlers-helmet-xxs-xs-45-51cm\/\",\"url\":\"https:\/\/www.globber.com\/de\/product\/toddlers-helmet-xxs-xs-45-51cm\/\",\"name\":\"HELM GO-UP LIGHTS Gr. XXS\/XS 45-51CM\",\"isPartOf\":{\"@id\":\"https:\/\/www.globber.com\/de\/#website\"},\"primaryImageOfPage\":{\"@id\":\"https:\/\/www.globber.com\/de\/product\/toddlers-helmet-xxs-xs-45-51cm\/#primaryimage\"},\"image\":{\"@id\":\"https:\/\/www.globber.com\/de\/product\/toddlers-helmet-xxs-xs-45-51cm\/#primaryimage\"},\"thumbnailUrl\":\"https:\/\/cdn.globber.com\/content\/sites\/13\/2025\/06\/683e5a5147105.jpg\",\"datePublished\":\"2022-11-28T14:11:21+00:00\",\"dateModified\":\"2026-05-08T15:49:32+00:00\",\"description\":\"Ein sicherer Helm f\u00fcr Roller mit LED-Leuchten und Polstern, die eine bequeme Passform und maximalen Schutz f\u00fcr Kleinkinder bieten.\",\"breadcrumb\":{\"@id\":\"https:\/\/www.globber.com\/de\/product\/toddlers-helmet-xxs-xs-45-51cm\/#breadcrumb\"},\"inLanguage\":\"de\",\"potentialAction\":[{\"@type\":\"ReadAction\",\"target\":[\"https:\/\/www.globber.com\/de\/product\/toddlers-helmet-xxs-xs-45-51cm\/\"]}]},{\"@type\":\"ImageObject\",\"inLanguage\":\"de\",\"@id\":\"https:\/\/www.globber.com\/de\/product\/toddlers-helmet-xxs-xs-45-51cm\/#primaryimage\",\"url\":\"https:\/\/cdn.globber.com\/content\/sites\/13\/2025\/06\/683e5a5147105.jpg\",\"contentUrl\":\"https:\/\/cdn.globber.com\/content\/sites\/13\/2025\/06\/683e5a5147105.jpg\",\"width\":1920,\"height\":1920},{\"@type\":\"BreadcrumbList\",\"@id\":\"https:\/\/www.globber.com\/de\/product\/toddlers-helmet-xxs-xs-45-51cm\/#breadcrumb\",\"itemListElement\":[{\"@type\":\"ListItem\",\"position\":1,\"name\":\"Alle Produkte\",\"item\":\"https:\/\/www.globber.com\/de\/shop-by-product\/\"},{\"@type\":\"ListItem\",\"position\":2,\"name\":\"GO\u2022UP HELM\"}]},{\"@type\":\"WebSite\",\"@id\":\"https:\/\/www.globber.com\/de\/#website\",\"url\":\"https:\/\/www.globber.com\/de\/\",\"name\":\"Globber Deutschland\",\"description\":\"Die Welt auf R\u00e4dern | Globber.com\",\"publisher\":{\"@id\":\"https:\/\/www.globber.com\/de\/#organization\"},\"potentialAction\":[{\"@type\":\"SearchAction\",\"target\":{\"@type\":\"EntryPoint\",\"urlTemplate\":\"https:\/\/www.globber.com\/de\/?s={search_term_string}\"},\"query-input\":{\"@type\":\"PropertyValueSpecification\",\"valueRequired\":true,\"valueName\":\"search_term_string\"}}],\"inLanguage\":\"de\"},{\"@type\":\"Organization\",\"@id\":\"https:\/\/www.globber.com\/de\/#organization\",\"name\":\"Globber Deutschland\",\"url\":\"https:\/\/www.globber.com\/de\/\",\"logo\":{\"@type\":\"ImageObject\",\"inLanguage\":\"de\",\"@id\":\"https:\/\/www.globber.com\/de\/#\/schema\/logo\/image\/\",\"url\":\"https:\/\/cdn.globber.com\/content\/sites\/13\/2024\/05\/logo.svg\",\"contentUrl\":\"https:\/\/cdn.globber.com\/content\/sites\/13\/2024\/05\/logo.svg\",\"width\":601,\"height\":112,\"caption\":\"Globber Deutschland\"},\"image\":{\"@id\":\"https:\/\/www.globber.com\/de\/#\/schema\/logo\/image\/\"}}]}<\/script>\n<meta property=\"og:availability\" content=\"instock\" \/>\n<meta property=\"product:availability\" content=\"instock\" \/>\n<meta property=\"product:retailer_item_id\" content=\"506-XXX\" \/>\n<meta property=\"product:condition\" content=\"new\" \/>\n<!-- \/ Yoast SEO Premium plugin. -->","yoast_head_json":{"title":"HELM GO-UP LIGHTS Gr. XXS\/XS 45-51CM","description":"Ein sicherer Helm f\u00fcr Roller mit LED-Leuchten und Polstern, die eine bequeme Passform und maximalen Schutz f\u00fcr Kleinkinder bieten.","robots":{"index":"index","follow":"follow","max-snippet":"max-snippet:-1","max-image-preview":"max-image-preview:large","max-video-preview":"max-video-preview:-1"},"canonical":"https:\/\/www.globber.com\/de\/product\/toddlers-helmet-xxs-xs-45-51cm\/","og_locale":"de_DE","og_type":"article","og_title":"HELM GO-UP LIGHTS Gr. XXS\/XS 45-51CM","og_description":"Ein sicherer Helm f\u00fcr Roller mit LED-Leuchten und Polstern, die eine bequeme Passform und maximalen Schutz f\u00fcr Kleinkinder bieten.","og_url":"https:\/\/www.globber.com\/de\/product\/toddlers-helmet-xxs-xs-45-51cm\/","og_site_name":"Globber Deutschland","article_modified_time":"2026-05-08T15:49:32+00:00","og_image":[{"width":1920,"height":1920,"url":"https:\/\/cdn.globber.com\/content\/sites\/13\/2025\/06\/683e5a5147105.jpg","type":"image\/jpeg"}],"twitter_card":"summary_large_image","twitter_misc":{"Availability":"In stock"},"schema":{"@context":"https:\/\/schema.org","@graph":[{"@type":["WebPage","ItemPage"],"@id":"https:\/\/www.globber.com\/de\/product\/toddlers-helmet-xxs-xs-45-51cm\/","url":"https:\/\/www.globber.com\/de\/product\/toddlers-helmet-xxs-xs-45-51cm\/","name":"HELM GO-UP LIGHTS Gr. XXS\/XS 45-51CM","isPartOf":{"@id":"https:\/\/www.globber.com\/de\/#website"},"primaryImageOfPage":{"@id":"https:\/\/www.globber.com\/de\/product\/toddlers-helmet-xxs-xs-45-51cm\/#primaryimage"},"image":{"@id":"https:\/\/www.globber.com\/de\/product\/toddlers-helmet-xxs-xs-45-51cm\/#primaryimage"},"thumbnailUrl":"https:\/\/cdn.globber.com\/content\/sites\/13\/2025\/06\/683e5a5147105.jpg","datePublished":"2022-11-28T14:11:21+00:00","dateModified":"2026-05-08T15:49:32+00:00","description":"Ein sicherer Helm f\u00fcr Roller mit LED-Leuchten und Polstern, die eine bequeme Passform und maximalen Schutz f\u00fcr Kleinkinder bieten.","breadcrumb":{"@id":"https:\/\/www.globber.com\/de\/product\/toddlers-helmet-xxs-xs-45-51cm\/#breadcrumb"},"inLanguage":"de","potentialAction":[{"@type":"ReadAction","target":["https:\/\/www.globber.com\/de\/product\/toddlers-helmet-xxs-xs-45-51cm\/"]}]},{"@type":"ImageObject","inLanguage":"de","@id":"https:\/\/www.globber.com\/de\/product\/toddlers-helmet-xxs-xs-45-51cm\/#primaryimage","url":"https:\/\/cdn.globber.com\/content\/sites\/13\/2025\/06\/683e5a5147105.jpg","contentUrl":"https:\/\/cdn.globber.com\/content\/sites\/13\/2025\/06\/683e5a5147105.jpg","width":1920,"height":1920},{"@type":"BreadcrumbList","@id":"https:\/\/www.globber.com\/de\/product\/toddlers-helmet-xxs-xs-45-51cm\/#breadcrumb","itemListElement":[{"@type":"ListItem","position":1,"name":"Alle Produkte","item":"https:\/\/www.globber.com\/de\/shop-by-product\/"},{"@type":"ListItem","position":2,"name":"GO\u2022UP HELM"}]},{"@type":"WebSite","@id":"https:\/\/www.globber.com\/de\/#website","url":"https:\/\/www.globber.com\/de\/","name":"Globber Deutschland","description":"Die Welt auf R\u00e4dern | Globber.com","publisher":{"@id":"https:\/\/www.globber.com\/de\/#organization"},"potentialAction":[{"@type":"SearchAction","target":{"@type":"EntryPoint","urlTemplate":"https:\/\/www.globber.com\/de\/?s={search_term_string}"},"query-input":{"@type":"PropertyValueSpecification","valueRequired":true,"valueName":"search_term_string"}}],"inLanguage":"de"},{"@type":"Organization","@id":"https:\/\/www.globber.com\/de\/#organization","name":"Globber Deutschland","url":"https:\/\/www.globber.com\/de\/","logo":{"@type":"ImageObject","inLanguage":"de","@id":"https:\/\/www.globber.com\/de\/#\/schema\/logo\/image\/","url":"https:\/\/cdn.globber.com\/content\/sites\/13\/2024\/05\/logo.svg","contentUrl":"https:\/\/cdn.globber.com\/content\/sites\/13\/2024\/05\/logo.svg","width":601,"height":112,"caption":"Globber Deutschland"},"image":{"@id":"https:\/\/www.globber.com\/de\/#\/schema\/logo\/image\/"}}]},"og_availability":"instock","product_availability":"instock","product_retailer_item_id":"506-XXX","product_condition":"new"},"_links":{"self":[{"href":"https:\/\/www.globber.com\/de\/wp-json\/wp\/v2\/product\/6066","targetHints":{"allow":["GET"]}}],"collection":[{"href":"https:\/\/www.globber.com\/de\/wp-json\/wp\/v2\/product"}],"about":[{"href":"https:\/\/www.globber.com\/de\/wp-json\/wp\/v2\/types\/product"}],"replies":[{"embeddable":true,"href":"https:\/\/www.globber.com\/de\/wp-json\/wp\/v2\/comments?post=6066"}],"wp:featuredmedia":[{"embeddable":true,"href":"https:\/\/www.globber.com\/de\/wp-json\/wp\/v2\/media\/14468"}],"wp:attachment":[{"href":"https:\/\/www.globber.com\/de\/wp-json\/wp\/v2\/media?parent=6066"}],"wp:term":[{"taxonomy":"product-special-badges","embeddable":true,"href":"https:\/\/www.globber.com\/de\/wp-json\/wp\/v2\/product-special-badges?post=6066"},{"taxonomy":"product_brand","embeddable":true,"href":"https:\/\/www.globber.com\/de\/wp-json\/wp\/v2\/product_brand?post=6066"},{"taxonomy":"product_cat","embeddable":true,"href":"https:\/\/www.globber.com\/de\/wp-json\/wp\/v2\/product_cat?post=6066"},{"taxonomy":"product_tag","embeddable":true,"href":"https:\/\/www.globber.com\/de\/wp-json\/wp\/v2\/product_tag?post=6066"}],"curies":[{"name":"wp","href":"https:\/\/api.w.org\/{rel}","templated":true}]}}