{"id":6087,"date":"2022-11-28T14:12:14","date_gmt":"2022-11-28T14:12:14","guid":{"rendered":"http:\/\/www.globber.com\/de\/product\/kids-helmet-fantasy-xs-s-48-53cm\/"},"modified":"2026-03-24T15:47:59","modified_gmt":"2026-03-24T14:47:59","slug":"kinderhelme-xs-s-48-53cm","status":"publish","type":"product","link":"https:\/\/www.globber.com\/de\/product\/kinderhelme-xs-s-48-53cm\/","title":{"rendered":"ELITE HELM"},"content":{"rendered":"<p data-start=\"98\" data-end=\"509\">Der<strong> ELITE<\/strong> Helm von GLOBBER kombiniert h\u00f6chste Sicherheit mit coolen Designs \u2013 ideal f\u00fcr Roller, Laufrad oder Fahrrad. Die robuste ABS-Helmschale und das sto\u00dfd\u00e4mpfende EPS-Schaumstofffutter sorgen in Kombination mit versiegelten 7\u202fmm-Polstern und einem weichen Kinnpolster f\u00fcr optimalen Schutz und angenehmen Tragekomfort.<\/p>\n<p data-start=\"511\" data-end=\"806\">F\u00fcr maximale Sichtbarkeit im Stra\u00dfenverkehr verf\u00fcgt der<strong> ELITE <\/strong>Helm \u00fcber 6 batteriebetriebene LED-R\u00fcckleuchten, die in drei Modi (Dauerlicht, Blinken, Schnellblinken) einstellbar sind.\u00a0<\/p>\n<p data-start=\"808\" data-end=\"1089\">Dank Magnetverschluss und hinterem Einstellrad l\u00e4sst sich der Helm sicher, schnell und individuell an den Kinderkopf anpassen (Gr\u00f6\u00dfe XS\u2013S; 48\u201353\u202fcm). Erh\u00e4ltlich in mehreren Designs\u00a0 \u2013 f\u00fcr jeden Geschmack ist etwas dabei!<\/p>\n","protected":false},"excerpt":{"rendered":"<p>\u00a0Gr\u00f6\u00dfe: XS\/S (48-53cm)<\/p>\n","protected":false},"featured_media":5141,"comment_status":"open","ping_status":"closed","template":"","meta":{"_acf_changed":false,"inline_featured_image":false},"product-special-badges":[],"product_brand":[],"product_cat":[593],"product_tag":[3708],"class_list":{"0":"post-6087","1":"product","2":"type-product","3":"status-publish","4":"has-post-thumbnail","6":"product_cat-schutzausruestung","7":"product_tag-import","8":"pa_color-poolside-blue","9":"pa_color-deep-pink","10":"pa_ean-3473","11":"pa_ean-3471","12":"pa_product-type-schutzausruestung","13":"pa_produktkategorie-schutzausruestung","15":"first","16":"outofstock","17":"taxable","18":"shipping-taxable","19":"product-type-variable"},"bundled_by":[],"bundle_stock_status":"outofstock","bundle_stock_quantity":null,"bundle_virtual":false,"bundle_layout":"","bundle_add_to_cart_form_location":"","bundle_editable_in_cart":false,"bundle_sold_individually_context":"","bundle_item_grouping":"","bundle_min_size":"","bundle_max_size":"","bundled_items":[],"bundle_sell_ids":[],"acf":[],"yoast_head":"<!-- This site is optimized with the Yoast SEO Premium plugin v20.12 (Yoast SEO v23.4) - https:\/\/yoast.com\/wordpress\/plugins\/seo\/ -->\n<title>HELM ELITE LIGHTS: Robuster Helm mit Leuchtmodul<\/title>\n<meta name=\"description\" content=\"Der coolste Kinderhelm mit gemusterten Designs, LED-Lichtern und bequemen Polstern, der Ihre Kinder sicher und stilvoll h\u00e4lt. Holen Sie sich Ihren jetzt!\" \/>\n<meta name=\"robots\" content=\"index, follow, max-snippet:-1, max-image-preview:large, max-video-preview:-1\" \/>\n<link rel=\"canonical\" href=\"https:\/\/www.globber.com\/de\/product\/kinderhelme-xs-s-48-53cm\/\" \/>\n<meta property=\"og:locale\" content=\"de_DE\" \/>\n<meta property=\"og:type\" content=\"article\" \/>\n<meta property=\"og:title\" content=\"HELM ELITE LIGHTS: Robuster Helm mit Leuchtmodul\" \/>\n<meta property=\"og:description\" content=\"Der coolste Kinderhelm mit gemusterten Designs, LED-Lichtern und bequemen Polstern, der Ihre Kinder sicher und stilvoll h\u00e4lt. Holen Sie sich Ihren jetzt!\" \/>\n<meta property=\"og:url\" content=\"https:\/\/www.globber.com\/de\/product\/kinderhelme-xs-s-48-53cm\/\" \/>\n<meta property=\"og:site_name\" content=\"Globber Deutschland\" \/>\n<meta property=\"article:modified_time\" content=\"2026-03-24T14:47:59+00:00\" \/>\n<meta property=\"og:image\" content=\"https:\/\/cdn.globber.com\/content\/2022\/11\/6383b03956612.jpg\" \/>\n\t<meta property=\"og:image:width\" content=\"1920\" \/>\n\t<meta property=\"og:image:height\" content=\"1920\" \/>\n\t<meta property=\"og:image:type\" content=\"image\/jpeg\" \/>\n<meta name=\"twitter:card\" content=\"summary_large_image\" \/>\n<meta name=\"twitter:label1\" content=\"Availability\" \/>\n\t<meta name=\"twitter:data1\" content=\"Out of stock\" \/>\n<script type=\"application\/ld+json\" class=\"yoast-schema-graph\">{\"@context\":\"https:\/\/schema.org\",\"@graph\":[{\"@type\":[\"WebPage\",\"ItemPage\"],\"@id\":\"https:\/\/www.globber.com\/de\/product\/kinderhelme-xs-s-48-53cm\/\",\"url\":\"https:\/\/www.globber.com\/de\/product\/kinderhelme-xs-s-48-53cm\/\",\"name\":\"HELM ELITE LIGHTS: Robuster Helm mit Leuchtmodul\",\"isPartOf\":{\"@id\":\"https:\/\/www.globber.com\/de\/#website\"},\"primaryImageOfPage\":{\"@id\":\"https:\/\/www.globber.com\/de\/product\/kinderhelme-xs-s-48-53cm\/#primaryimage\"},\"image\":{\"@id\":\"https:\/\/www.globber.com\/de\/product\/kinderhelme-xs-s-48-53cm\/#primaryimage\"},\"thumbnailUrl\":\"https:\/\/cdn.globber.com\/content\/2022\/11\/6383b03956612.jpg\",\"datePublished\":\"2022-11-28T14:12:14+00:00\",\"dateModified\":\"2026-03-24T14:47:59+00:00\",\"description\":\"Der coolste Kinderhelm mit gemusterten Designs, LED-Lichtern und bequemen Polstern, der Ihre Kinder sicher und stilvoll h\u00e4lt. Holen Sie sich Ihren jetzt!\",\"breadcrumb\":{\"@id\":\"https:\/\/www.globber.com\/de\/product\/kinderhelme-xs-s-48-53cm\/#breadcrumb\"},\"inLanguage\":\"de\",\"potentialAction\":[{\"@type\":\"ReadAction\",\"target\":[\"https:\/\/www.globber.com\/de\/product\/kinderhelme-xs-s-48-53cm\/\"]}]},{\"@type\":\"ImageObject\",\"inLanguage\":\"de\",\"@id\":\"https:\/\/www.globber.com\/de\/product\/kinderhelme-xs-s-48-53cm\/#primaryimage\",\"url\":\"https:\/\/cdn.globber.com\/content\/2022\/11\/6383b03956612.jpg\",\"contentUrl\":\"https:\/\/cdn.globber.com\/content\/2022\/11\/6383b03956612.jpg\",\"width\":1920,\"height\":1920},{\"@type\":\"BreadcrumbList\",\"@id\":\"https:\/\/www.globber.com\/de\/product\/kinderhelme-xs-s-48-53cm\/#breadcrumb\",\"itemListElement\":[{\"@type\":\"ListItem\",\"position\":1,\"name\":\"Alle Produkte\",\"item\":\"https:\/\/www.globber.com\/de\/shop-by-product\/\"},{\"@type\":\"ListItem\",\"position\":2,\"name\":\"ELITE HELM\"}]},{\"@type\":\"WebSite\",\"@id\":\"https:\/\/www.globber.com\/de\/#website\",\"url\":\"https:\/\/www.globber.com\/de\/\",\"name\":\"Globber Deutschland\",\"description\":\"Die Welt auf R\u00e4dern | Globber.com\",\"publisher\":{\"@id\":\"https:\/\/www.globber.com\/de\/#organization\"},\"potentialAction\":[{\"@type\":\"SearchAction\",\"target\":{\"@type\":\"EntryPoint\",\"urlTemplate\":\"https:\/\/www.globber.com\/de\/?s={search_term_string}\"},\"query-input\":{\"@type\":\"PropertyValueSpecification\",\"valueRequired\":true,\"valueName\":\"search_term_string\"}}],\"inLanguage\":\"de\"},{\"@type\":\"Organization\",\"@id\":\"https:\/\/www.globber.com\/de\/#organization\",\"name\":\"Globber Deutschland\",\"url\":\"https:\/\/www.globber.com\/de\/\",\"logo\":{\"@type\":\"ImageObject\",\"inLanguage\":\"de\",\"@id\":\"https:\/\/www.globber.com\/de\/#\/schema\/logo\/image\/\",\"url\":\"https:\/\/cdn.globber.com\/content\/sites\/13\/2024\/05\/logo.svg\",\"contentUrl\":\"https:\/\/cdn.globber.com\/content\/sites\/13\/2024\/05\/logo.svg\",\"width\":601,\"height\":112,\"caption\":\"Globber Deutschland\"},\"image\":{\"@id\":\"https:\/\/www.globber.com\/de\/#\/schema\/logo\/image\/\"}}]}<\/script>\n<meta property=\"og:availability\" content=\"out of stock\" \/>\n<meta property=\"product:availability\" content=\"out of stock\" \/>\n<meta property=\"product:retailer_item_id\" content=\"507-XXX\" \/>\n<meta property=\"product:condition\" content=\"new\" \/>\n<!-- \/ Yoast SEO Premium plugin. -->","yoast_head_json":{"title":"HELM ELITE LIGHTS: Robuster Helm mit Leuchtmodul","description":"Der coolste Kinderhelm mit gemusterten Designs, LED-Lichtern und bequemen Polstern, der Ihre Kinder sicher und stilvoll h\u00e4lt. Holen Sie sich Ihren jetzt!","robots":{"index":"index","follow":"follow","max-snippet":"max-snippet:-1","max-image-preview":"max-image-preview:large","max-video-preview":"max-video-preview:-1"},"canonical":"https:\/\/www.globber.com\/de\/product\/kinderhelme-xs-s-48-53cm\/","og_locale":"de_DE","og_type":"article","og_title":"HELM ELITE LIGHTS: Robuster Helm mit Leuchtmodul","og_description":"Der coolste Kinderhelm mit gemusterten Designs, LED-Lichtern und bequemen Polstern, der Ihre Kinder sicher und stilvoll h\u00e4lt. Holen Sie sich Ihren jetzt!","og_url":"https:\/\/www.globber.com\/de\/product\/kinderhelme-xs-s-48-53cm\/","og_site_name":"Globber Deutschland","article_modified_time":"2026-03-24T14:47:59+00:00","og_image":[{"width":1920,"height":1920,"url":"https:\/\/cdn.globber.com\/content\/2022\/11\/6383b03956612.jpg","type":"image\/jpeg"}],"twitter_card":"summary_large_image","twitter_misc":{"Availability":"Out of stock"},"schema":{"@context":"https:\/\/schema.org","@graph":[{"@type":["WebPage","ItemPage"],"@id":"https:\/\/www.globber.com\/de\/product\/kinderhelme-xs-s-48-53cm\/","url":"https:\/\/www.globber.com\/de\/product\/kinderhelme-xs-s-48-53cm\/","name":"HELM ELITE LIGHTS: Robuster Helm mit Leuchtmodul","isPartOf":{"@id":"https:\/\/www.globber.com\/de\/#website"},"primaryImageOfPage":{"@id":"https:\/\/www.globber.com\/de\/product\/kinderhelme-xs-s-48-53cm\/#primaryimage"},"image":{"@id":"https:\/\/www.globber.com\/de\/product\/kinderhelme-xs-s-48-53cm\/#primaryimage"},"thumbnailUrl":"https:\/\/cdn.globber.com\/content\/2022\/11\/6383b03956612.jpg","datePublished":"2022-11-28T14:12:14+00:00","dateModified":"2026-03-24T14:47:59+00:00","description":"Der coolste Kinderhelm mit gemusterten Designs, LED-Lichtern und bequemen Polstern, der Ihre Kinder sicher und stilvoll h\u00e4lt. Holen Sie sich Ihren jetzt!","breadcrumb":{"@id":"https:\/\/www.globber.com\/de\/product\/kinderhelme-xs-s-48-53cm\/#breadcrumb"},"inLanguage":"de","potentialAction":[{"@type":"ReadAction","target":["https:\/\/www.globber.com\/de\/product\/kinderhelme-xs-s-48-53cm\/"]}]},{"@type":"ImageObject","inLanguage":"de","@id":"https:\/\/www.globber.com\/de\/product\/kinderhelme-xs-s-48-53cm\/#primaryimage","url":"https:\/\/cdn.globber.com\/content\/2022\/11\/6383b03956612.jpg","contentUrl":"https:\/\/cdn.globber.com\/content\/2022\/11\/6383b03956612.jpg","width":1920,"height":1920},{"@type":"BreadcrumbList","@id":"https:\/\/www.globber.com\/de\/product\/kinderhelme-xs-s-48-53cm\/#breadcrumb","itemListElement":[{"@type":"ListItem","position":1,"name":"Alle Produkte","item":"https:\/\/www.globber.com\/de\/shop-by-product\/"},{"@type":"ListItem","position":2,"name":"ELITE HELM"}]},{"@type":"WebSite","@id":"https:\/\/www.globber.com\/de\/#website","url":"https:\/\/www.globber.com\/de\/","name":"Globber Deutschland","description":"Die Welt auf R\u00e4dern | Globber.com","publisher":{"@id":"https:\/\/www.globber.com\/de\/#organization"},"potentialAction":[{"@type":"SearchAction","target":{"@type":"EntryPoint","urlTemplate":"https:\/\/www.globber.com\/de\/?s={search_term_string}"},"query-input":{"@type":"PropertyValueSpecification","valueRequired":true,"valueName":"search_term_string"}}],"inLanguage":"de"},{"@type":"Organization","@id":"https:\/\/www.globber.com\/de\/#organization","name":"Globber Deutschland","url":"https:\/\/www.globber.com\/de\/","logo":{"@type":"ImageObject","inLanguage":"de","@id":"https:\/\/www.globber.com\/de\/#\/schema\/logo\/image\/","url":"https:\/\/cdn.globber.com\/content\/sites\/13\/2024\/05\/logo.svg","contentUrl":"https:\/\/cdn.globber.com\/content\/sites\/13\/2024\/05\/logo.svg","width":601,"height":112,"caption":"Globber Deutschland"},"image":{"@id":"https:\/\/www.globber.com\/de\/#\/schema\/logo\/image\/"}}]},"og_availability":"out of stock","product_availability":"out of stock","product_retailer_item_id":"507-XXX","product_condition":"new"},"_links":{"self":[{"href":"https:\/\/www.globber.com\/de\/wp-json\/wp\/v2\/product\/6087","targetHints":{"allow":["GET"]}}],"collection":[{"href":"https:\/\/www.globber.com\/de\/wp-json\/wp\/v2\/product"}],"about":[{"href":"https:\/\/www.globber.com\/de\/wp-json\/wp\/v2\/types\/product"}],"replies":[{"embeddable":true,"href":"https:\/\/www.globber.com\/de\/wp-json\/wp\/v2\/comments?post=6087"}],"wp:featuredmedia":[{"embeddable":true,"href":"https:\/\/www.globber.com\/de\/wp-json\/wp\/v2\/media\/5141"}],"wp:attachment":[{"href":"https:\/\/www.globber.com\/de\/wp-json\/wp\/v2\/media?parent=6087"}],"wp:term":[{"taxonomy":"product-special-badges","embeddable":true,"href":"https:\/\/www.globber.com\/de\/wp-json\/wp\/v2\/product-special-badges?post=6087"},{"taxonomy":"product_brand","embeddable":true,"href":"https:\/\/www.globber.com\/de\/wp-json\/wp\/v2\/product_brand?post=6087"},{"taxonomy":"product_cat","embeddable":true,"href":"https:\/\/www.globber.com\/de\/wp-json\/wp\/v2\/product_cat?post=6087"},{"taxonomy":"product_tag","embeddable":true,"href":"https:\/\/www.globber.com\/de\/wp-json\/wp\/v2\/product_tag?post=6087"}],"curies":[{"name":"wp","href":"https:\/\/api.w.org\/{rel}","templated":true}]}}