{"id":6141,"date":"2022-11-28T14:14:27","date_gmt":"2022-11-28T14:14:27","guid":{"rendered":"http:\/\/www.globber.com\/de\/product\/globber-locks\/"},"modified":"2026-04-29T13:29:09","modified_gmt":"2026-04-29T11:29:09","slug":"globber-kabelschloesser","status":"publish","type":"product","link":"https:\/\/www.globber.com\/de\/product\/globber-kabelschloesser\/","title":{"rendered":"KABELSCHL\u00d6SSER"},"content":{"rendered":"<p>Mit dem praktischen <strong>KABELSCHLOSS<\/strong>\u00a0sicherst du deinen Roller oder dein Laufrad im Handumdrehen.<\/p>\n<p>Das robuste<strong> KABELSCHLOSS<\/strong>\u00a0l\u00e4sst sich einfach befestigen und sorgt f\u00fcr ein gutes Gef\u00fchl beim Abstellen im Alltag oder unterwegs.<\/p>\n","protected":false},"excerpt":{"rendered":"<p>Kompakt, sicher &amp; einfach zu befestigen<\/p>\n","protected":false},"featured_media":4426,"comment_status":"open","ping_status":"closed","template":"","meta":{"_acf_changed":false,"inline_featured_image":false},"product-special-badges":[],"product_brand":[],"product_cat":[601],"product_tag":[3708],"class_list":{"0":"post-6141","1":"product","2":"type-product","3":"status-publish","4":"has-post-thumbnail","6":"product_cat-scooter-zubehoer","7":"product_tag-import","8":"pa_color-black","9":"pa_ean-3526","10":"pa_product-type-zusatzteile","11":"pa_produktkategorie-zubehoer","13":"first","14":"instock","15":"taxable","16":"shipping-taxable","17":"purchasable","18":"product-type-variable"},"bundled_by":[],"bundle_stock_status":"instock","bundle_stock_quantity":null,"bundle_virtual":false,"bundle_layout":"","bundle_add_to_cart_form_location":"","bundle_editable_in_cart":false,"bundle_sold_individually_context":"","bundle_item_grouping":"","bundle_min_size":"","bundle_max_size":"","bundled_items":[],"bundle_sell_ids":[],"acf":[],"yoast_head":"<!-- This site is optimized with the Yoast SEO Premium plugin v20.12 (Yoast SEO v23.4) - https:\/\/yoast.com\/wordpress\/plugins\/seo\/ -->\n<title>GLOBBER KABELSCHL\u00d6SSER: Schloss f\u00fcr Scooter<\/title>\n<meta name=\"description\" content=\"Dieses universelle Kick-Scooter-Schloss ist kompakt, sicher und einfach zu befestigen und mit einer PIN-Kombination abzuschlie\u00dfen.\" \/>\n<meta name=\"robots\" content=\"index, follow, max-snippet:-1, max-image-preview:large, max-video-preview:-1\" \/>\n<link rel=\"canonical\" href=\"https:\/\/www.globber.com\/de\/product\/globber-kabelschloesser\/\" \/>\n<meta property=\"og:locale\" content=\"de_DE\" \/>\n<meta property=\"og:type\" content=\"article\" \/>\n<meta property=\"og:title\" content=\"GLOBBER KABELSCHL\u00d6SSER: Schloss f\u00fcr Scooter\" \/>\n<meta property=\"og:description\" content=\"Dieses universelle Kick-Scooter-Schloss ist kompakt, sicher und einfach zu befestigen und mit einer PIN-Kombination abzuschlie\u00dfen.\" \/>\n<meta property=\"og:url\" content=\"https:\/\/www.globber.com\/de\/product\/globber-kabelschloesser\/\" \/>\n<meta property=\"og:site_name\" content=\"Globber Deutschland\" \/>\n<meta property=\"article:modified_time\" content=\"2026-04-29T11:29:09+00:00\" \/>\n<meta property=\"og:image\" content=\"https:\/\/cdn.globber.com\/content\/2022\/11\/63839bf2ce388.jpg\" \/>\n\t<meta property=\"og:image:width\" content=\"1920\" \/>\n\t<meta property=\"og:image:height\" content=\"1920\" \/>\n\t<meta property=\"og:image:type\" content=\"image\/jpeg\" \/>\n<meta name=\"twitter:card\" content=\"summary_large_image\" \/>\n<meta name=\"twitter:label1\" content=\"Availability\" \/>\n\t<meta name=\"twitter:data1\" content=\"In stock\" \/>\n<script type=\"application\/ld+json\" class=\"yoast-schema-graph\">{\"@context\":\"https:\/\/schema.org\",\"@graph\":[{\"@type\":[\"WebPage\",\"ItemPage\"],\"@id\":\"https:\/\/www.globber.com\/de\/product\/globber-kabelschloesser\/\",\"url\":\"https:\/\/www.globber.com\/de\/product\/globber-kabelschloesser\/\",\"name\":\"GLOBBER KABELSCHL\u00d6SSER: Schloss f\u00fcr Scooter\",\"isPartOf\":{\"@id\":\"https:\/\/www.globber.com\/de\/#website\"},\"primaryImageOfPage\":{\"@id\":\"https:\/\/www.globber.com\/de\/product\/globber-kabelschloesser\/#primaryimage\"},\"image\":{\"@id\":\"https:\/\/www.globber.com\/de\/product\/globber-kabelschloesser\/#primaryimage\"},\"thumbnailUrl\":\"https:\/\/cdn.globber.com\/content\/2022\/11\/63839bf2ce388.jpg\",\"datePublished\":\"2022-11-28T14:14:27+00:00\",\"dateModified\":\"2026-04-29T11:29:09+00:00\",\"description\":\"Dieses universelle Kick-Scooter-Schloss ist kompakt, sicher und einfach zu befestigen und mit einer PIN-Kombination abzuschlie\u00dfen.\",\"breadcrumb\":{\"@id\":\"https:\/\/www.globber.com\/de\/product\/globber-kabelschloesser\/#breadcrumb\"},\"inLanguage\":\"de\",\"potentialAction\":[{\"@type\":\"ReadAction\",\"target\":[\"https:\/\/www.globber.com\/de\/product\/globber-kabelschloesser\/\"]}]},{\"@type\":\"ImageObject\",\"inLanguage\":\"de\",\"@id\":\"https:\/\/www.globber.com\/de\/product\/globber-kabelschloesser\/#primaryimage\",\"url\":\"https:\/\/cdn.globber.com\/content\/2022\/11\/63839bf2ce388.jpg\",\"contentUrl\":\"https:\/\/cdn.globber.com\/content\/2022\/11\/63839bf2ce388.jpg\",\"width\":1920,\"height\":1920},{\"@type\":\"BreadcrumbList\",\"@id\":\"https:\/\/www.globber.com\/de\/product\/globber-kabelschloesser\/#breadcrumb\",\"itemListElement\":[{\"@type\":\"ListItem\",\"position\":1,\"name\":\"Alle Produkte\",\"item\":\"https:\/\/www.globber.com\/de\/shop-by-product\/\"},{\"@type\":\"ListItem\",\"position\":2,\"name\":\"KABELSCHL\u00d6SSER\"}]},{\"@type\":\"WebSite\",\"@id\":\"https:\/\/www.globber.com\/de\/#website\",\"url\":\"https:\/\/www.globber.com\/de\/\",\"name\":\"Globber Deutschland\",\"description\":\"Die Welt auf R\u00e4dern | Globber.com\",\"publisher\":{\"@id\":\"https:\/\/www.globber.com\/de\/#organization\"},\"potentialAction\":[{\"@type\":\"SearchAction\",\"target\":{\"@type\":\"EntryPoint\",\"urlTemplate\":\"https:\/\/www.globber.com\/de\/?s={search_term_string}\"},\"query-input\":{\"@type\":\"PropertyValueSpecification\",\"valueRequired\":true,\"valueName\":\"search_term_string\"}}],\"inLanguage\":\"de\"},{\"@type\":\"Organization\",\"@id\":\"https:\/\/www.globber.com\/de\/#organization\",\"name\":\"Globber Deutschland\",\"url\":\"https:\/\/www.globber.com\/de\/\",\"logo\":{\"@type\":\"ImageObject\",\"inLanguage\":\"de\",\"@id\":\"https:\/\/www.globber.com\/de\/#\/schema\/logo\/image\/\",\"url\":\"https:\/\/cdn.globber.com\/content\/sites\/13\/2024\/05\/logo.svg\",\"contentUrl\":\"https:\/\/cdn.globber.com\/content\/sites\/13\/2024\/05\/logo.svg\",\"width\":601,\"height\":112,\"caption\":\"Globber Deutschland\"},\"image\":{\"@id\":\"https:\/\/www.globber.com\/de\/#\/schema\/logo\/image\/\"}}]}<\/script>\n<meta property=\"og:availability\" content=\"instock\" \/>\n<meta property=\"product:availability\" content=\"instock\" \/>\n<meta property=\"product:retailer_item_id\" content=\"532-xxx\" \/>\n<meta property=\"product:condition\" content=\"new\" \/>\n<!-- \/ Yoast SEO Premium plugin. -->","yoast_head_json":{"title":"GLOBBER KABELSCHL\u00d6SSER: Schloss f\u00fcr Scooter","description":"Dieses universelle Kick-Scooter-Schloss ist kompakt, sicher und einfach zu befestigen und mit einer PIN-Kombination abzuschlie\u00dfen.","robots":{"index":"index","follow":"follow","max-snippet":"max-snippet:-1","max-image-preview":"max-image-preview:large","max-video-preview":"max-video-preview:-1"},"canonical":"https:\/\/www.globber.com\/de\/product\/globber-kabelschloesser\/","og_locale":"de_DE","og_type":"article","og_title":"GLOBBER KABELSCHL\u00d6SSER: Schloss f\u00fcr Scooter","og_description":"Dieses universelle Kick-Scooter-Schloss ist kompakt, sicher und einfach zu befestigen und mit einer PIN-Kombination abzuschlie\u00dfen.","og_url":"https:\/\/www.globber.com\/de\/product\/globber-kabelschloesser\/","og_site_name":"Globber Deutschland","article_modified_time":"2026-04-29T11:29:09+00:00","og_image":[{"width":1920,"height":1920,"url":"https:\/\/cdn.globber.com\/content\/2022\/11\/63839bf2ce388.jpg","type":"image\/jpeg"}],"twitter_card":"summary_large_image","twitter_misc":{"Availability":"In stock"},"schema":{"@context":"https:\/\/schema.org","@graph":[{"@type":["WebPage","ItemPage"],"@id":"https:\/\/www.globber.com\/de\/product\/globber-kabelschloesser\/","url":"https:\/\/www.globber.com\/de\/product\/globber-kabelschloesser\/","name":"GLOBBER KABELSCHL\u00d6SSER: Schloss f\u00fcr Scooter","isPartOf":{"@id":"https:\/\/www.globber.com\/de\/#website"},"primaryImageOfPage":{"@id":"https:\/\/www.globber.com\/de\/product\/globber-kabelschloesser\/#primaryimage"},"image":{"@id":"https:\/\/www.globber.com\/de\/product\/globber-kabelschloesser\/#primaryimage"},"thumbnailUrl":"https:\/\/cdn.globber.com\/content\/2022\/11\/63839bf2ce388.jpg","datePublished":"2022-11-28T14:14:27+00:00","dateModified":"2026-04-29T11:29:09+00:00","description":"Dieses universelle Kick-Scooter-Schloss ist kompakt, sicher und einfach zu befestigen und mit einer PIN-Kombination abzuschlie\u00dfen.","breadcrumb":{"@id":"https:\/\/www.globber.com\/de\/product\/globber-kabelschloesser\/#breadcrumb"},"inLanguage":"de","potentialAction":[{"@type":"ReadAction","target":["https:\/\/www.globber.com\/de\/product\/globber-kabelschloesser\/"]}]},{"@type":"ImageObject","inLanguage":"de","@id":"https:\/\/www.globber.com\/de\/product\/globber-kabelschloesser\/#primaryimage","url":"https:\/\/cdn.globber.com\/content\/2022\/11\/63839bf2ce388.jpg","contentUrl":"https:\/\/cdn.globber.com\/content\/2022\/11\/63839bf2ce388.jpg","width":1920,"height":1920},{"@type":"BreadcrumbList","@id":"https:\/\/www.globber.com\/de\/product\/globber-kabelschloesser\/#breadcrumb","itemListElement":[{"@type":"ListItem","position":1,"name":"Alle Produkte","item":"https:\/\/www.globber.com\/de\/shop-by-product\/"},{"@type":"ListItem","position":2,"name":"KABELSCHL\u00d6SSER"}]},{"@type":"WebSite","@id":"https:\/\/www.globber.com\/de\/#website","url":"https:\/\/www.globber.com\/de\/","name":"Globber Deutschland","description":"Die Welt auf R\u00e4dern | Globber.com","publisher":{"@id":"https:\/\/www.globber.com\/de\/#organization"},"potentialAction":[{"@type":"SearchAction","target":{"@type":"EntryPoint","urlTemplate":"https:\/\/www.globber.com\/de\/?s={search_term_string}"},"query-input":{"@type":"PropertyValueSpecification","valueRequired":true,"valueName":"search_term_string"}}],"inLanguage":"de"},{"@type":"Organization","@id":"https:\/\/www.globber.com\/de\/#organization","name":"Globber Deutschland","url":"https:\/\/www.globber.com\/de\/","logo":{"@type":"ImageObject","inLanguage":"de","@id":"https:\/\/www.globber.com\/de\/#\/schema\/logo\/image\/","url":"https:\/\/cdn.globber.com\/content\/sites\/13\/2024\/05\/logo.svg","contentUrl":"https:\/\/cdn.globber.com\/content\/sites\/13\/2024\/05\/logo.svg","width":601,"height":112,"caption":"Globber Deutschland"},"image":{"@id":"https:\/\/www.globber.com\/de\/#\/schema\/logo\/image\/"}}]},"og_availability":"instock","product_availability":"instock","product_retailer_item_id":"532-xxx","product_condition":"new"},"_links":{"self":[{"href":"https:\/\/www.globber.com\/de\/wp-json\/wp\/v2\/product\/6141","targetHints":{"allow":["GET"]}}],"collection":[{"href":"https:\/\/www.globber.com\/de\/wp-json\/wp\/v2\/product"}],"about":[{"href":"https:\/\/www.globber.com\/de\/wp-json\/wp\/v2\/types\/product"}],"replies":[{"embeddable":true,"href":"https:\/\/www.globber.com\/de\/wp-json\/wp\/v2\/comments?post=6141"}],"wp:featuredmedia":[{"embeddable":true,"href":"https:\/\/www.globber.com\/de\/wp-json\/wp\/v2\/media\/4426"}],"wp:attachment":[{"href":"https:\/\/www.globber.com\/de\/wp-json\/wp\/v2\/media?parent=6141"}],"wp:term":[{"taxonomy":"product-special-badges","embeddable":true,"href":"https:\/\/www.globber.com\/de\/wp-json\/wp\/v2\/product-special-badges?post=6141"},{"taxonomy":"product_brand","embeddable":true,"href":"https:\/\/www.globber.com\/de\/wp-json\/wp\/v2\/product_brand?post=6141"},{"taxonomy":"product_cat","embeddable":true,"href":"https:\/\/www.globber.com\/de\/wp-json\/wp\/v2\/product_cat?post=6141"},{"taxonomy":"product_tag","embeddable":true,"href":"https:\/\/www.globber.com\/de\/wp-json\/wp\/v2\/product_tag?post=6141"}],"curies":[{"name":"wp","href":"https:\/\/api.w.org\/{rel}","templated":true}]}}