{"id":10,"date":"2025-02-04T13:56:57","date_gmt":"2025-02-04T12:56:57","guid":{"rendered":"http:\/\/www.globber.com\/es\/?page_id=10"},"modified":"2026-04-07T10:44:42","modified_gmt":"2026-04-07T08:44:42","slug":"devoluciones_reembolsos","status":"publish","type":"page","link":"https:\/\/www.globber.com\/es\/devoluciones_reembolsos\/","title":{"rendered":"Pol\u00edtica de Env\u00edos, Devoluciones y Reembolsos"},"content":{"rendered":"<div>\n<h3 class=\"x_elementToProof\"><b>Env\u00edos<\/b><\/h3>\n<div class=\"x_elementToProof\">Hacemos env\u00edos a toda la pen\u00ednsula y Baleares en 5\/6 d\u00edas laborables. Sin embargo, debido al alto volumen de pedidos durante estas fechas su pedido puede retrasarse unos d\u00edas.<\/div>\n<\/div>\n<div>\u00a0<\/div>\n<div>\u00a0<\/div>\n<div>\u00a0<\/div>\n<div class=\"x_elementToProof\">Nuestra pol\u00edtica de devoluciones y reembolsos tiene una duraci\u00f3n de 30 d\u00edas. Si han pasado 30 d\u00edas desde tu compra, no podemos ofrecerte un reembolso completo ni un cambio.<\/div>\n<div>\u00a0<\/div>\n<h3 class=\"x_elementToProof\"><b>Condiciones para Devoluciones<\/b><\/h3>\n<div class=\"x_elementToProof\">Para ser elegible para una devoluci\u00f3n, el art\u00edculo debe estar sin usar y en las mismas condiciones en que lo recibiste. Tambi\u00e9n debe estar en su embalaje original.<\/div>\n<div class=\"x_elementToProof\">Para completar tu devoluci\u00f3n, es necesario presentar un recibo o comprobante de compra.<br \/>\nPor favor,\u00a0<b>no env\u00edes tu compra de vuelta al fabricante.<\/b><\/div>\n<div>\u00a0<\/div>\n<h3 class=\"x_elementToProof\"><b>Reembolsos<\/b><\/h3>\n<div class=\"x_elementToProof\">\n<p>Una vez recibida e inspeccionada tu devoluci\u00f3n, te enviaremos un correo electr\u00f3nico para notificarte la aprobaci\u00f3n o el rechazo de tu reembolso.<\/p>\n<p>Si se aprueba, el reembolso se procesar\u00e1 y se aplicar\u00e1 autom\u00e1ticamente a tu tarjeta de cr\u00e9dito o m\u00e9todo de pago original en un plazo determinado. Los costes de env\u00edo no son reembolsables.<\/p>\n<p>&nbsp;<\/p>\n<\/div>\n<h3 class=\"x_elementToProof\"><b>Reembolsos tard\u00edos o no recibidos<\/b><\/h3>\n<div class=\"x_elementToProof\">Si a\u00fan no has recibido tu reembolso, sigue estos pasos:<\/div>\n<ol start=\"1\">\n<li>Revisa tu cuenta bancaria nuevamente.<\/li>\n<li>Contacta con tu compa\u00f1\u00eda de tarjeta de cr\u00e9dito, ya que puede tardar un tiempo en reflejarse oficialmente el reembolso.<\/li>\n<li>Contacta con tu banco, ya que el procesamiento puede llevar tiempo.<\/li>\n<\/ol>\n<div class=\"x_elementToProof\">Si despu\u00e9s de estos pasos a\u00fan no has recibido tu reembolso, cont\u00e1ctanos en\u00a0<b>contacto@toynamics.es<\/b><\/div>\n<div>\u00a0<\/div>\n<h3 class=\"x_elementToProof\"><b>Art\u00edculos en oferta<\/b><\/h3>\n<div class=\"x_elementToProof\">Solo los art\u00edculos de precio regular pueden ser reembolsados. Los productos en oferta\u00a0<b>no pueden ser reembolsados<\/b>.<\/div>\n<div>\u00a0<\/div>\n<h3 class=\"x_elementToProof\"><b>Cambios<\/b><\/h3>\n<div class=\"x_elementToProof\">Solo reemplazamos art\u00edculos si est\u00e1n defectuosos o da\u00f1ados. Si necesitas cambiarlo por el mismo art\u00edculo, env\u00edanos un correo a\u00a0<b>incidencias@toynamics.es<\/b>\u00a0y env\u00eda tu producto a:\u00a0<b>Pol. Ind. Polingesa, Calle Onyar, 75, 81, 17457 Riudellots de la Selva, Girona.<\/b><\/div>\n<div>\u00a0<\/div>\n<h3 class=\"x_elementToProof\"><b>Env\u00edos para devoluciones<\/b><\/h3>\n<div class=\"x_elementToProof\">\n<p>Para devolver tu producto, env\u00edalo a la siguiente direcci\u00f3n:\u00a0Empresa: <strong>Toynamics<\/strong> <strong>Pol. Ind. Polingesa, Calle Onyar, 75, 81, 17457 Riudellots de la Selva, Girona.<\/strong><\/p>\n<p>El costo del env\u00edo de la devoluci\u00f3n corre por cuenta del cliente y no es reembolsable. Una vez verificado el producto, se le reembolsar\u00e1, el importe pagado del producto, los costos de env\u00edo no son reembolsables.<\/p>\n<p>El tiempo de entrega del producto de cambio puede variar seg\u00fan tu ubicaci\u00f3n.<\/p>\n<p>Si devuelves art\u00edculos de alto valor, te recomendamos utilizar un servicio de env\u00edo con seguimiento o contratar un seguro de env\u00edo, ya que\u00a0<strong>no garantizamos la recepci\u00f3n del art\u00edculo devuelto<\/strong>.<\/p>\n<\/div>\n<h3 class=\"x_elementToProof\"><b>\u00bfNecesitas ayuda?<\/b><\/h3>\n<div class=\"x_elementToProof\">Para cualquier consulta sobre devoluciones y reembolsos, cont\u00e1ctanos en\u00a0<b>contacto@toynamics.es<\/b><\/div>\n<p><!-- \/wp:paragraph --><\/p>\n","protected":false},"excerpt":{"rendered":"<p>Env\u00edos Hacemos env\u00edos a toda la pen\u00ednsula y Baleares en 5\/6 d\u00edas laborables. Sin embargo, debido al alto volumen de pedidos durante estas fechas su pedido puede retrasarse unos d\u00edas. \u00a0 \u00a0 \u00a0 Nuestra pol\u00edtica de devoluciones y reembolsos tiene una duraci\u00f3n de 30 d\u00edas. Si han pasado 30 d\u00edas desde tu compra, no podemos [&hellip;]<\/p>\n","protected":false},"author":47,"featured_media":0,"parent":0,"menu_order":0,"comment_status":"closed","ping_status":"closed","template":"","meta":{"_acf_changed":false,"inline_featured_image":false,"footnotes":""},"class_list":["post-10","page","type-page","status-publish","hentry"],"acf":[],"yoast_head":"<!-- This site is optimized with the Yoast SEO Premium plugin v20.12 (Yoast SEO v23.4) - https:\/\/yoast.com\/wordpress\/plugins\/seo\/ -->\n<title>Pol\u00edtica de Env\u00edos, Devoluciones y Reembolsos - Globber Espa\u00f1a<\/title>\n<meta name=\"robots\" content=\"index, follow, max-snippet:-1, max-image-preview:large, max-video-preview:-1\" \/>\n<link rel=\"canonical\" href=\"https:\/\/www.globber.com\/es\/devoluciones_reembolsos\/\" \/>\n<meta property=\"og:locale\" content=\"es_ES\" \/>\n<meta property=\"og:type\" content=\"article\" \/>\n<meta property=\"og:title\" content=\"Pol\u00edtica de Env\u00edos, Devoluciones y Reembolsos - Globber Espa\u00f1a\" \/>\n<meta property=\"og:description\" content=\"Env\u00edos Hacemos env\u00edos a toda la pen\u00ednsula y Baleares en 5\/6 d\u00edas laborables. Sin embargo, debido al alto volumen de pedidos durante estas fechas su pedido puede retrasarse unos d\u00edas. \u00a0 \u00a0 \u00a0 Nuestra pol\u00edtica de devoluciones y reembolsos tiene una duraci\u00f3n de 30 d\u00edas. Si han pasado 30 d\u00edas desde tu compra, no podemos [&hellip;]\" \/>\n<meta property=\"og:url\" content=\"https:\/\/www.globber.com\/es\/devoluciones_reembolsos\/\" \/>\n<meta property=\"og:site_name\" content=\"Globber Espa\u00f1a\" \/>\n<meta property=\"article:modified_time\" content=\"2026-04-07T08:44:42+00:00\" \/>\n<meta name=\"twitter:card\" content=\"summary_large_image\" \/>\n<meta name=\"twitter:label1\" content=\"Tiempo de lectura\" \/>\n\t<meta name=\"twitter:data1\" content=\"2 minutos\" \/>\n<script type=\"application\/ld+json\" class=\"yoast-schema-graph\">{\"@context\":\"https:\/\/schema.org\",\"@graph\":[{\"@type\":\"WebPage\",\"@id\":\"https:\/\/www.globber.com\/es\/devoluciones_reembolsos\/\",\"url\":\"https:\/\/www.globber.com\/es\/devoluciones_reembolsos\/\",\"name\":\"Pol\u00edtica de Env\u00edos, Devoluciones y Reembolsos - Globber Espa\u00f1a\",\"isPartOf\":{\"@id\":\"https:\/\/www.globber.com\/es\/#website\"},\"datePublished\":\"2025-02-04T12:56:57+00:00\",\"dateModified\":\"2026-04-07T08:44:42+00:00\",\"inLanguage\":\"es\",\"potentialAction\":[{\"@type\":\"ReadAction\",\"target\":[\"https:\/\/www.globber.com\/es\/devoluciones_reembolsos\/\"]}]},{\"@type\":\"WebSite\",\"@id\":\"https:\/\/www.globber.com\/es\/#website\",\"url\":\"https:\/\/www.globber.com\/es\/\",\"name\":\"Globber Espa\u00f1a\",\"description\":\"El mundo sobre ruedas | Globber.com\",\"publisher\":{\"@id\":\"https:\/\/www.globber.com\/es\/#organization\"},\"potentialAction\":[{\"@type\":\"SearchAction\",\"target\":{\"@type\":\"EntryPoint\",\"urlTemplate\":\"https:\/\/www.globber.com\/es\/?s={search_term_string}\"},\"query-input\":{\"@type\":\"PropertyValueSpecification\",\"valueRequired\":true,\"valueName\":\"search_term_string\"}}],\"inLanguage\":\"es\"},{\"@type\":\"Organization\",\"@id\":\"https:\/\/www.globber.com\/es\/#organization\",\"name\":\"Globber Espa\u00f1a\",\"url\":\"https:\/\/www.globber.com\/es\/\",\"logo\":{\"@type\":\"ImageObject\",\"inLanguage\":\"es\",\"@id\":\"https:\/\/www.globber.com\/es\/#\/schema\/logo\/image\/\",\"url\":\"https:\/\/cdn.globber.com\/content\/2024\/05\/logo.svg\",\"contentUrl\":\"https:\/\/cdn.globber.com\/content\/2024\/05\/logo.svg\",\"width\":601,\"height\":112,\"caption\":\"Globber Espa\u00f1a\"},\"image\":{\"@id\":\"https:\/\/www.globber.com\/es\/#\/schema\/logo\/image\/\"}}]}<\/script>\n<!-- \/ Yoast SEO Premium plugin. -->","yoast_head_json":{"title":"Pol\u00edtica de Env\u00edos, Devoluciones y Reembolsos - Globber Espa\u00f1a","robots":{"index":"index","follow":"follow","max-snippet":"max-snippet:-1","max-image-preview":"max-image-preview:large","max-video-preview":"max-video-preview:-1"},"canonical":"https:\/\/www.globber.com\/es\/devoluciones_reembolsos\/","og_locale":"es_ES","og_type":"article","og_title":"Pol\u00edtica de Env\u00edos, Devoluciones y Reembolsos - Globber Espa\u00f1a","og_description":"Env\u00edos Hacemos env\u00edos a toda la pen\u00ednsula y Baleares en 5\/6 d\u00edas laborables. Sin embargo, debido al alto volumen de pedidos durante estas fechas su pedido puede retrasarse unos d\u00edas. \u00a0 \u00a0 \u00a0 Nuestra pol\u00edtica de devoluciones y reembolsos tiene una duraci\u00f3n de 30 d\u00edas. Si han pasado 30 d\u00edas desde tu compra, no podemos [&hellip;]","og_url":"https:\/\/www.globber.com\/es\/devoluciones_reembolsos\/","og_site_name":"Globber Espa\u00f1a","article_modified_time":"2026-04-07T08:44:42+00:00","twitter_card":"summary_large_image","twitter_misc":{"Tiempo de lectura":"2 minutos"},"schema":{"@context":"https:\/\/schema.org","@graph":[{"@type":"WebPage","@id":"https:\/\/www.globber.com\/es\/devoluciones_reembolsos\/","url":"https:\/\/www.globber.com\/es\/devoluciones_reembolsos\/","name":"Pol\u00edtica de Env\u00edos, Devoluciones y Reembolsos - Globber Espa\u00f1a","isPartOf":{"@id":"https:\/\/www.globber.com\/es\/#website"},"datePublished":"2025-02-04T12:56:57+00:00","dateModified":"2026-04-07T08:44:42+00:00","inLanguage":"es","potentialAction":[{"@type":"ReadAction","target":["https:\/\/www.globber.com\/es\/devoluciones_reembolsos\/"]}]},{"@type":"WebSite","@id":"https:\/\/www.globber.com\/es\/#website","url":"https:\/\/www.globber.com\/es\/","name":"Globber Espa\u00f1a","description":"El mundo sobre ruedas | Globber.com","publisher":{"@id":"https:\/\/www.globber.com\/es\/#organization"},"potentialAction":[{"@type":"SearchAction","target":{"@type":"EntryPoint","urlTemplate":"https:\/\/www.globber.com\/es\/?s={search_term_string}"},"query-input":{"@type":"PropertyValueSpecification","valueRequired":true,"valueName":"search_term_string"}}],"inLanguage":"es"},{"@type":"Organization","@id":"https:\/\/www.globber.com\/es\/#organization","name":"Globber Espa\u00f1a","url":"https:\/\/www.globber.com\/es\/","logo":{"@type":"ImageObject","inLanguage":"es","@id":"https:\/\/www.globber.com\/es\/#\/schema\/logo\/image\/","url":"https:\/\/cdn.globber.com\/content\/2024\/05\/logo.svg","contentUrl":"https:\/\/cdn.globber.com\/content\/2024\/05\/logo.svg","width":601,"height":112,"caption":"Globber Espa\u00f1a"},"image":{"@id":"https:\/\/www.globber.com\/es\/#\/schema\/logo\/image\/"}}]}},"_links":{"self":[{"href":"https:\/\/www.globber.com\/es\/wp-json\/wp\/v2\/pages\/10","targetHints":{"allow":["GET"]}}],"collection":[{"href":"https:\/\/www.globber.com\/es\/wp-json\/wp\/v2\/pages"}],"about":[{"href":"https:\/\/www.globber.com\/es\/wp-json\/wp\/v2\/types\/page"}],"author":[{"embeddable":true,"href":"https:\/\/www.globber.com\/es\/wp-json\/wp\/v2\/users\/47"}],"replies":[{"embeddable":true,"href":"https:\/\/www.globber.com\/es\/wp-json\/wp\/v2\/comments?post=10"}],"version-history":[{"count":8,"href":"https:\/\/www.globber.com\/es\/wp-json\/wp\/v2\/pages\/10\/revisions"}],"predecessor-version":[{"id":14770,"href":"https:\/\/www.globber.com\/es\/wp-json\/wp\/v2\/pages\/10\/revisions\/14770"}],"wp:attachment":[{"href":"https:\/\/www.globber.com\/es\/wp-json\/wp\/v2\/media?parent=10"}],"curies":[{"name":"wp","href":"https:\/\/api.w.org\/{rel}","templated":true}]}}