{"id":10008,"date":"2023-02-21T09:07:51","date_gmt":"2023-02-21T09:07:51","guid":{"rendered":"https:\/\/www.globber.com\/es\/?page_id=10008"},"modified":"2025-02-04T09:01:25","modified_gmt":"2025-02-04T08:01:25","slug":"subscribe","status":"publish","type":"page","link":"https:\/\/www.globber.com\/es\/subscribe\/","title":{"rendered":"Newsletter"},"content":{"rendered":"<div class=\"klaviyo-form-VndTZg\">\n<h2 style=\"text-align: center\"><span style=\"background-color: #ffffff;color: #00aac8\"><a style=\"background-color: #ffffff;color: #00aac8\" href=\"http:\/\/eepurl.com\/iErJJM\">\u00a1Suscr\u00edbete aqu\u00ed a nuestra newsletter!<\/a><\/span><\/h2>\n<p>&nbsp;<\/p>\n<p>\u00a1\u00danete a la familia Globber! No te pierdas las <strong>\u00faltimas novedades, ofertas exclusivas y consejos<\/strong> para disfrutar al m\u00e1ximo de nuestros productos. \u00a1Suscr\u00edbete a nuestra newsletter y s\u00e9 el primero en enterarte!<\/p>\n<p>&nbsp;<\/p>\n<\/div>\n<div>\n<h5 style=\"text-align: center\"><span style=\"background-color: #00aac8;color: #ffffff\"><a style=\"background-color: #00aac8;color: #ffffff\" href=\"http:\/\/eepurl.com\/iErJJM\">\u00a1Suscr\u00edbete aqu\u00ed!<\/a><\/span><\/h5>\n<p>&nbsp;<\/p>\n<p><a href=\"https:\/\/cdn.globber.com\/content\/sites\/15\/2025\/01\/FLOW-FOLDABLE-JUNIOR-LIGHTS-website-banner.jpg\"><img decoding=\"async\" class=\"alignnone size-medium wp-image-12455\" src=\"https:\/\/cdn.globber.com\/content\/sites\/15\/2025\/01\/FLOW-FOLDABLE-JUNIOR-LIGHTS-website-banner-1280x427.jpg\" alt=\"\" width=\"1280\" height=\"427\" srcset=\"https:\/\/cdn.globber.com\/content\/sites\/15\/2025\/01\/FLOW-FOLDABLE-JUNIOR-LIGHTS-website-banner-1280x427.jpg 1280w, https:\/\/cdn.globber.com\/content\/sites\/15\/2025\/01\/FLOW-FOLDABLE-JUNIOR-LIGHTS-website-banner-768x256.jpg 768w, https:\/\/cdn.globber.com\/content\/sites\/15\/2025\/01\/FLOW-FOLDABLE-JUNIOR-LIGHTS-website-banner-1536x512.jpg 1536w, https:\/\/cdn.globber.com\/content\/sites\/15\/2025\/01\/FLOW-FOLDABLE-JUNIOR-LIGHTS-website-banner-1200x400.jpg 1200w, https:\/\/cdn.globber.com\/content\/sites\/15\/2025\/01\/FLOW-FOLDABLE-JUNIOR-LIGHTS-website-banner-500x167.jpg 500w, https:\/\/cdn.globber.com\/content\/sites\/15\/2025\/01\/FLOW-FOLDABLE-JUNIOR-LIGHTS-website-banner-200x67.jpg 200w, https:\/\/cdn.globber.com\/content\/sites\/15\/2025\/01\/FLOW-FOLDABLE-JUNIOR-LIGHTS-website-banner-600x200.jpg 600w, https:\/\/cdn.globber.com\/content\/sites\/15\/2025\/01\/FLOW-FOLDABLE-JUNIOR-LIGHTS-website-banner.jpg 1920w\" sizes=\"(max-width: 1280px) 100vw, 1280px\" \/><\/a><\/p>\n<\/div>\n","protected":false},"excerpt":{"rendered":"<p>\u00a1Suscr\u00edbete aqu\u00ed a nuestra newsletter! &nbsp; \u00a1\u00danete a la familia Globber! No te pierdas las \u00faltimas novedades, ofertas exclusivas y consejos para disfrutar al m\u00e1ximo de nuestros productos. \u00a1Suscr\u00edbete a nuestra newsletter y s\u00e9 el primero en enterarte! &nbsp; \u00a1Suscr\u00edbete aqu\u00ed! &nbsp;<\/p>\n","protected":false},"author":48,"featured_media":0,"parent":0,"menu_order":0,"comment_status":"closed","ping_status":"closed","template":"","meta":{"_acf_changed":false,"inline_featured_image":false,"footnotes":""},"class_list":["post-10008","page","type-page","status-publish","hentry"],"acf":[],"yoast_head":"<!-- This site is optimized with the Yoast SEO Premium plugin v20.12 (Yoast SEO v23.4) - https:\/\/yoast.com\/wordpress\/plugins\/seo\/ -->\n<title>Suscr\u00edbete a nuestra newsletter - Globber Espa\u00f1a<\/title>\n<meta name=\"description\" content=\"Subscribe for awesome &amp; exclusive Globber insights, news &amp; deals!\" \/>\n<meta name=\"robots\" content=\"index, follow, max-snippet:-1, max-image-preview:large, max-video-preview:-1\" \/>\n<link rel=\"canonical\" href=\"https:\/\/www.globber.com\/es\/subscribe\/\" \/>\n<meta property=\"og:locale\" content=\"es_ES\" \/>\n<meta property=\"og:type\" content=\"article\" \/>\n<meta property=\"og:title\" content=\"Suscr\u00edbete a nuestra newsletter - Globber Espa\u00f1a\" \/>\n<meta property=\"og:description\" content=\"Subscribe for awesome &amp; exclusive Globber insights, news &amp; deals!\" \/>\n<meta property=\"og:url\" content=\"https:\/\/www.globber.com\/es\/subscribe\/\" \/>\n<meta property=\"og:site_name\" content=\"Globber Espa\u00f1a\" \/>\n<meta property=\"article:modified_time\" content=\"2025-02-04T08:01:25+00:00\" \/>\n<meta property=\"og:image\" content=\"https:\/\/www.globber.com\/es\/wp-content\/uploads\/sites\/15\/2025\/01\/FLOW-FOLDABLE-JUNIOR-LIGHTS-website-banner-1280x427.jpg\" \/>\n<meta name=\"twitter:card\" content=\"summary_large_image\" \/>\n<meta name=\"twitter:label1\" content=\"Tiempo de lectura\" \/>\n\t<meta name=\"twitter:data1\" content=\"1 minuto\" \/>\n<script type=\"application\/ld+json\" class=\"yoast-schema-graph\">{\"@context\":\"https:\/\/schema.org\",\"@graph\":[{\"@type\":\"WebPage\",\"@id\":\"https:\/\/www.globber.com\/es\/subscribe\/\",\"url\":\"https:\/\/www.globber.com\/es\/subscribe\/\",\"name\":\"Suscr\u00edbete a nuestra newsletter - Globber Espa\u00f1a\",\"isPartOf\":{\"@id\":\"https:\/\/www.globber.com\/es\/#website\"},\"primaryImageOfPage\":{\"@id\":\"https:\/\/www.globber.com\/es\/subscribe\/#primaryimage\"},\"image\":{\"@id\":\"https:\/\/www.globber.com\/es\/subscribe\/#primaryimage\"},\"thumbnailUrl\":\"https:\/\/www.globber.com\/es\/wp-content\/uploads\/sites\/15\/2025\/01\/FLOW-FOLDABLE-JUNIOR-LIGHTS-website-banner-1280x427.jpg\",\"datePublished\":\"2023-02-21T09:07:51+00:00\",\"dateModified\":\"2025-02-04T08:01:25+00:00\",\"description\":\"Subscribe for awesome & exclusive Globber insights, news & deals!\",\"inLanguage\":\"es\",\"potentialAction\":[{\"@type\":\"ReadAction\",\"target\":[\"https:\/\/www.globber.com\/es\/subscribe\/\"]}]},{\"@type\":\"ImageObject\",\"inLanguage\":\"es\",\"@id\":\"https:\/\/www.globber.com\/es\/subscribe\/#primaryimage\",\"url\":\"https:\/\/cdn.globber.com\/content\/sites\/15\/2025\/01\/FLOW-FOLDABLE-JUNIOR-LIGHTS-website-banner.jpg\",\"contentUrl\":\"https:\/\/cdn.globber.com\/content\/sites\/15\/2025\/01\/FLOW-FOLDABLE-JUNIOR-LIGHTS-website-banner.jpg\",\"width\":1920,\"height\":640},{\"@type\":\"WebSite\",\"@id\":\"https:\/\/www.globber.com\/es\/#website\",\"url\":\"https:\/\/www.globber.com\/es\/\",\"name\":\"Globber Espa\u00f1a\",\"description\":\"El mundo sobre ruedas | Globber.com\",\"publisher\":{\"@id\":\"https:\/\/www.globber.com\/es\/#organization\"},\"potentialAction\":[{\"@type\":\"SearchAction\",\"target\":{\"@type\":\"EntryPoint\",\"urlTemplate\":\"https:\/\/www.globber.com\/es\/?s={search_term_string}\"},\"query-input\":{\"@type\":\"PropertyValueSpecification\",\"valueRequired\":true,\"valueName\":\"search_term_string\"}}],\"inLanguage\":\"es\"},{\"@type\":\"Organization\",\"@id\":\"https:\/\/www.globber.com\/es\/#organization\",\"name\":\"Globber Espa\u00f1a\",\"url\":\"https:\/\/www.globber.com\/es\/\",\"logo\":{\"@type\":\"ImageObject\",\"inLanguage\":\"es\",\"@id\":\"https:\/\/www.globber.com\/es\/#\/schema\/logo\/image\/\",\"url\":\"https:\/\/cdn.globber.com\/content\/2024\/05\/logo.svg\",\"contentUrl\":\"https:\/\/cdn.globber.com\/content\/2024\/05\/logo.svg\",\"width\":601,\"height\":112,\"caption\":\"Globber Espa\u00f1a\"},\"image\":{\"@id\":\"https:\/\/www.globber.com\/es\/#\/schema\/logo\/image\/\"}}]}<\/script>\n<!-- \/ Yoast SEO Premium plugin. -->","yoast_head_json":{"title":"Suscr\u00edbete a nuestra newsletter - Globber Espa\u00f1a","description":"Subscribe for awesome & exclusive Globber insights, news & deals!","robots":{"index":"index","follow":"follow","max-snippet":"max-snippet:-1","max-image-preview":"max-image-preview:large","max-video-preview":"max-video-preview:-1"},"canonical":"https:\/\/www.globber.com\/es\/subscribe\/","og_locale":"es_ES","og_type":"article","og_title":"Suscr\u00edbete a nuestra newsletter - Globber Espa\u00f1a","og_description":"Subscribe for awesome & exclusive Globber insights, news & deals!","og_url":"https:\/\/www.globber.com\/es\/subscribe\/","og_site_name":"Globber Espa\u00f1a","article_modified_time":"2025-02-04T08:01:25+00:00","og_image":[{"url":"https:\/\/www.globber.com\/es\/wp-content\/uploads\/sites\/15\/2025\/01\/FLOW-FOLDABLE-JUNIOR-LIGHTS-website-banner-1280x427.jpg"}],"twitter_card":"summary_large_image","twitter_misc":{"Tiempo de lectura":"1 minuto"},"schema":{"@context":"https:\/\/schema.org","@graph":[{"@type":"WebPage","@id":"https:\/\/www.globber.com\/es\/subscribe\/","url":"https:\/\/www.globber.com\/es\/subscribe\/","name":"Suscr\u00edbete a nuestra newsletter - Globber Espa\u00f1a","isPartOf":{"@id":"https:\/\/www.globber.com\/es\/#website"},"primaryImageOfPage":{"@id":"https:\/\/www.globber.com\/es\/subscribe\/#primaryimage"},"image":{"@id":"https:\/\/www.globber.com\/es\/subscribe\/#primaryimage"},"thumbnailUrl":"https:\/\/www.globber.com\/es\/wp-content\/uploads\/sites\/15\/2025\/01\/FLOW-FOLDABLE-JUNIOR-LIGHTS-website-banner-1280x427.jpg","datePublished":"2023-02-21T09:07:51+00:00","dateModified":"2025-02-04T08:01:25+00:00","description":"Subscribe for awesome & exclusive Globber insights, news & deals!","inLanguage":"es","potentialAction":[{"@type":"ReadAction","target":["https:\/\/www.globber.com\/es\/subscribe\/"]}]},{"@type":"ImageObject","inLanguage":"es","@id":"https:\/\/www.globber.com\/es\/subscribe\/#primaryimage","url":"https:\/\/cdn.globber.com\/content\/sites\/15\/2025\/01\/FLOW-FOLDABLE-JUNIOR-LIGHTS-website-banner.jpg","contentUrl":"https:\/\/cdn.globber.com\/content\/sites\/15\/2025\/01\/FLOW-FOLDABLE-JUNIOR-LIGHTS-website-banner.jpg","width":1920,"height":640},{"@type":"WebSite","@id":"https:\/\/www.globber.com\/es\/#website","url":"https:\/\/www.globber.com\/es\/","name":"Globber Espa\u00f1a","description":"El mundo sobre ruedas | Globber.com","publisher":{"@id":"https:\/\/www.globber.com\/es\/#organization"},"potentialAction":[{"@type":"SearchAction","target":{"@type":"EntryPoint","urlTemplate":"https:\/\/www.globber.com\/es\/?s={search_term_string}"},"query-input":{"@type":"PropertyValueSpecification","valueRequired":true,"valueName":"search_term_string"}}],"inLanguage":"es"},{"@type":"Organization","@id":"https:\/\/www.globber.com\/es\/#organization","name":"Globber Espa\u00f1a","url":"https:\/\/www.globber.com\/es\/","logo":{"@type":"ImageObject","inLanguage":"es","@id":"https:\/\/www.globber.com\/es\/#\/schema\/logo\/image\/","url":"https:\/\/cdn.globber.com\/content\/2024\/05\/logo.svg","contentUrl":"https:\/\/cdn.globber.com\/content\/2024\/05\/logo.svg","width":601,"height":112,"caption":"Globber Espa\u00f1a"},"image":{"@id":"https:\/\/www.globber.com\/es\/#\/schema\/logo\/image\/"}}]}},"_links":{"self":[{"href":"https:\/\/www.globber.com\/es\/wp-json\/wp\/v2\/pages\/10008","targetHints":{"allow":["GET"]}}],"collection":[{"href":"https:\/\/www.globber.com\/es\/wp-json\/wp\/v2\/pages"}],"about":[{"href":"https:\/\/www.globber.com\/es\/wp-json\/wp\/v2\/types\/page"}],"author":[{"embeddable":true,"href":"https:\/\/www.globber.com\/es\/wp-json\/wp\/v2\/users\/48"}],"replies":[{"embeddable":true,"href":"https:\/\/www.globber.com\/es\/wp-json\/wp\/v2\/comments?post=10008"}],"version-history":[{"count":13,"href":"https:\/\/www.globber.com\/es\/wp-json\/wp\/v2\/pages\/10008\/revisions"}],"predecessor-version":[{"id":12474,"href":"https:\/\/www.globber.com\/es\/wp-json\/wp\/v2\/pages\/10008\/revisions\/12474"}],"wp:attachment":[{"href":"https:\/\/www.globber.com\/es\/wp-json\/wp\/v2\/media?parent=10008"}],"curies":[{"name":"wp","href":"https:\/\/api.w.org\/{rel}","templated":true}]}}