{"id":11606,"date":"2024-10-18T10:34:22","date_gmt":"2024-10-18T08:34:22","guid":{"rendered":"https:\/\/www.globber.com\/es\/?post_type=product&#038;p=11606"},"modified":"2026-03-11T09:45:21","modified_gmt":"2026-03-11T08:45:21","slug":"go%c2%b7up-sporty-luces","status":"publish","type":"product","link":"https:\/\/www.globber.com\/es\/product\/go%c2%b7up-sporty-luces\/","title":{"rendered":"GO\u2022UP SPORTY LUCES"},"content":{"rendered":"<p><strong>GO\u2022UP SPORTY LUCES de Globber<\/strong><\/p>\n<p>El patinete\u00a0de Globber es una soluci\u00f3n vers\u00e1til que se adapta a las diferentes etapas de crecimiento de los ni\u00f1os, ofreciendo tres funciones en un solo producto: <strong>correpasillos<\/strong>, <strong>bicicleta de paseo<\/strong> y <strong>patinete<\/strong>. Este dise\u00f1o innovador permite que los m\u00e1s peque\u00f1os disfruten del producto desde edades tempranas, asegurando a\u00f1os de uso mientras desarrollan su equilibrio, coordinaci\u00f3n y habilidades motoras.<\/p>\n<h3>Ruedas LED sin pilas:<\/h3>\n<p>Una de las caracter\u00edsticas m\u00e1s llamativas son las <strong>ruedas delanteras con luces LED integradas<\/strong>, que <strong>parpadean en rojo, verde y azul<\/strong> a medida que el ni\u00f1o se desplaza. Lo mejor es que <strong>no requieren pilas<\/strong>: las luces se activan con el movimiento de las ruedas, garantizando un espect\u00e1culo visual que har\u00e1 que cada paseo sea a\u00fan m\u00e1s emocionante y visible, especialmente al atardecer o en \u00e1reas de baja luz.<\/p>\n<h3>Comodidad y adaptabilidad:<\/h3>\n<ul>\n<li><strong>Asiento ajustable<\/strong>: El asiento es ajustable en <strong>dos alturas<\/strong>, permitiendo que los ni\u00f1os se mantengan c\u00f3modos mientras crecen.<\/li>\n<li><strong>Manillar ajustable<\/strong>: Para mayor ergonom\u00eda, el manillar del patinete tambi\u00e9n se ajusta en <strong>tres posiciones<\/strong> de altura, asegurando que el producto se adapte al tama\u00f1o y a la edad del ni\u00f1o.<\/li>\n<\/ul>\n<h3>Seguridad y dise\u00f1o robusto:<\/h3>\n<p>El patinete\u00a0est\u00e1 dise\u00f1ado pensando en la seguridad de los peque\u00f1os usuarios. Sus materiales son <strong>resistentes y duraderos<\/strong>, con una base s\u00f3lida que garantiza estabilidad. Las ruedas son de un material que permite un desplazamiento suave y silencioso, ideal tanto para interiores como exteriores.<\/p>\n<p>Este patinete multifuncional es perfecto para los padres que buscan un producto de <strong>alta calidad, seguro y adaptable<\/strong>, que acompa\u00f1e a sus hijos en las diferentes fases de su desarrollo f\u00edsico. \u00a1Diversi\u00f3n y aprendizaje garantizados en cada paseo con el <strong>SPORTY LUCES de Globber!<\/strong><\/p>\n","protected":false},"excerpt":{"rendered":"<p>Patinete 3 en 1 con asiento ajustable y ruedas luminosas, perfecto para acompa\u00f1ar el crecimiento de los ni\u00f1os y ofrecer seguridad y diversi\u00f3n en cada etapa.<\/p>\n","protected":false},"featured_media":11653,"comment_status":"closed","ping_status":"closed","template":"","meta":{"_acf_changed":false,"inline_featured_image":false},"product-special-badges":[],"product_brand":[],"product_cat":[3560,1691,1247,1630],"product_tag":[],"class_list":{"0":"post-11606","1":"product","2":"type-product","3":"status-publish","4":"has-post-thumbnail","6":"product_cat-patinetes-con-asiento","7":"product_cat-patinete-de-3-ruedas-para-todas-las-edades","8":"product_cat-serie-go-up-patinetes-con-asiento","9":"product_cat-patinetes-para-ninos-pequenos-bicicletas-de-equilibrio-2","10":"pa_altura-de-los-asientos-23-30cm-from-the-ground","11":"pa_altura-del-manillar-67-5cm-72-5cm-77-5cm-desde-el-suelo","12":"pa_altura-recomendada-del-usuar-70-110cm","13":"pa_color-azul-marino","14":"pa_color-menta","15":"pa_color-rosa-pastel","16":"pa_ean-3893","17":"pa_ean-3886","18":"pa_ean-3887","19":"pa_edades-15m-6y","20":"pa_material-de-las-ruedas-alto-rebote-pu-casted","21":"pa_peso-maximo-del-usuario-20kg-modo-paseo-50kg-modo-scooter","22":"pa_tamano-de-la-cubierta-a-11-5cm-x-l-54-5cm","23":"pa_tipo-de-producto-bicicleta-paseo","24":"pa_tipo-de-producto-correpasillos","25":"pa_tipo-de-producto-patinete","27":"first","28":"instock","29":"taxable","30":"shipping-taxable","31":"purchasable","32":"product-type-variable"},"bundled_by":[],"bundle_stock_status":"instock","bundle_stock_quantity":null,"bundle_virtual":false,"bundle_layout":"","bundle_add_to_cart_form_location":"","bundle_editable_in_cart":false,"bundle_sold_individually_context":"","bundle_item_grouping":"","bundle_min_size":"","bundle_max_size":"","bundled_items":[],"bundle_sell_ids":[],"acf":[],"yoast_head":"<!-- This site is optimized with the Yoast SEO Premium plugin v20.12 (Yoast SEO v23.4) - https:\/\/yoast.com\/wordpress\/plugins\/seo\/ -->\n<title>GO\u2022UP SPORTY LUCES - Globber Espa\u00f1a<\/title>\n<meta name=\"description\" content=\"GO\u2022UP SPORTY LUCES patinete para ni\u00f1os (chicos y chicas) de 15m a 3+ a\u00f1os; patinete todo en uno con asiento transformable en 3 modos de conducci\u00f3n\" \/>\n<meta name=\"robots\" content=\"index, follow, max-snippet:-1, max-image-preview:large, max-video-preview:-1\" \/>\n<link rel=\"canonical\" href=\"https:\/\/www.globber.com\/es\/product\/go\u00b7up-sporty-luces\/\" \/>\n<meta property=\"og:locale\" content=\"es_ES\" \/>\n<meta property=\"og:type\" content=\"article\" \/>\n<meta property=\"og:title\" content=\"GO\u2022UP SPORTY LUCES - Globber Espa\u00f1a\" \/>\n<meta property=\"og:description\" content=\"GO\u2022UP SPORTY LUCES patinete para ni\u00f1os (chicos y chicas) de 15m a 3+ a\u00f1os; patinete todo en uno con asiento transformable en 3 modos de conducci\u00f3n\" \/>\n<meta property=\"og:url\" content=\"https:\/\/www.globber.com\/es\/product\/go\u00b7up-sporty-luces\/\" \/>\n<meta property=\"og:site_name\" content=\"Globber Espa\u00f1a\" \/>\n<meta property=\"article:modified_time\" content=\"2026-03-11T08:45:21+00:00\" \/>\n<meta property=\"og:image\" content=\"https:\/\/cdn.globber.com\/content\/sites\/15\/2024\/10\/452-706-4_ft-R_stage1-2.png\" \/>\n\t<meta property=\"og:image:width\" content=\"2048\" \/>\n\t<meta property=\"og:image:height\" content=\"2048\" \/>\n\t<meta property=\"og:image:type\" content=\"image\/png\" \/>\n<meta name=\"twitter:card\" content=\"summary_large_image\" \/>\n<meta name=\"twitter:label1\" content=\"Availability\" \/>\n\t<meta name=\"twitter:data1\" content=\"In stock\" \/>\n<script type=\"application\/ld+json\" class=\"yoast-schema-graph\">{\"@context\":\"https:\/\/schema.org\",\"@graph\":[{\"@type\":[\"WebPage\",\"ItemPage\"],\"@id\":\"https:\/\/www.globber.com\/es\/product\/go%c2%b7up-sporty-luces\/\",\"url\":\"https:\/\/www.globber.com\/es\/product\/go%c2%b7up-sporty-luces\/\",\"name\":\"GO\u2022UP SPORTY LUCES - Globber Espa\u00f1a\",\"isPartOf\":{\"@id\":\"https:\/\/www.globber.com\/es\/#website\"},\"primaryImageOfPage\":{\"@id\":\"https:\/\/www.globber.com\/es\/product\/go%c2%b7up-sporty-luces\/#primaryimage\"},\"image\":{\"@id\":\"https:\/\/www.globber.com\/es\/product\/go%c2%b7up-sporty-luces\/#primaryimage\"},\"thumbnailUrl\":\"https:\/\/cdn.globber.com\/content\/sites\/15\/2024\/10\/452-706-4_ft-R_stage1-2.png\",\"datePublished\":\"2024-10-18T08:34:22+00:00\",\"dateModified\":\"2026-03-11T08:45:21+00:00\",\"description\":\"GO\u2022UP SPORTY LUCES patinete para ni\u00f1os (chicos y chicas) de 15m a 3+ a\u00f1os; patinete todo en uno con asiento transformable en 3 modos de conducci\u00f3n\",\"breadcrumb\":{\"@id\":\"https:\/\/www.globber.com\/es\/product\/go%c2%b7up-sporty-luces\/#breadcrumb\"},\"inLanguage\":\"es\",\"potentialAction\":[{\"@type\":\"ReadAction\",\"target\":[\"https:\/\/www.globber.com\/es\/product\/go%c2%b7up-sporty-luces\/\"]}]},{\"@type\":\"ImageObject\",\"inLanguage\":\"es\",\"@id\":\"https:\/\/www.globber.com\/es\/product\/go%c2%b7up-sporty-luces\/#primaryimage\",\"url\":\"https:\/\/cdn.globber.com\/content\/sites\/15\/2024\/10\/452-706-4_ft-R_stage1-2.png\",\"contentUrl\":\"https:\/\/cdn.globber.com\/content\/sites\/15\/2024\/10\/452-706-4_ft-R_stage1-2.png\",\"width\":2048,\"height\":2048,\"caption\":\"GO\u00b7UP SPORTY LUCES color menta\"},{\"@type\":\"BreadcrumbList\",\"@id\":\"https:\/\/www.globber.com\/es\/product\/go%c2%b7up-sporty-luces\/#breadcrumb\",\"itemListElement\":[{\"@type\":\"ListItem\",\"position\":1,\"name\":\"Todos los productos\",\"item\":\"https:\/\/www.globber.com\/es\/tienda-por-producto\/\"},{\"@type\":\"ListItem\",\"position\":2,\"name\":\"GO\u2022UP SPORTY LUCES\"}]},{\"@type\":\"WebSite\",\"@id\":\"https:\/\/www.globber.com\/es\/#website\",\"url\":\"https:\/\/www.globber.com\/es\/\",\"name\":\"Globber Espa\u00f1a\",\"description\":\"El mundo sobre ruedas | Globber.com\",\"publisher\":{\"@id\":\"https:\/\/www.globber.com\/es\/#organization\"},\"potentialAction\":[{\"@type\":\"SearchAction\",\"target\":{\"@type\":\"EntryPoint\",\"urlTemplate\":\"https:\/\/www.globber.com\/es\/?s={search_term_string}\"},\"query-input\":{\"@type\":\"PropertyValueSpecification\",\"valueRequired\":true,\"valueName\":\"search_term_string\"}}],\"inLanguage\":\"es\"},{\"@type\":\"Organization\",\"@id\":\"https:\/\/www.globber.com\/es\/#organization\",\"name\":\"Globber Espa\u00f1a\",\"url\":\"https:\/\/www.globber.com\/es\/\",\"logo\":{\"@type\":\"ImageObject\",\"inLanguage\":\"es\",\"@id\":\"https:\/\/www.globber.com\/es\/#\/schema\/logo\/image\/\",\"url\":\"https:\/\/cdn.globber.com\/content\/2024\/05\/logo.svg\",\"contentUrl\":\"https:\/\/cdn.globber.com\/content\/2024\/05\/logo.svg\",\"width\":601,\"height\":112,\"caption\":\"Globber Espa\u00f1a\"},\"image\":{\"@id\":\"https:\/\/www.globber.com\/es\/#\/schema\/logo\/image\/\"}}]}<\/script>\n<meta property=\"og:availability\" content=\"instock\" \/>\n<meta property=\"product:availability\" content=\"instock\" \/>\n<meta property=\"product:retailer_item_id\" content=\"452-XXX\" \/>\n<meta property=\"product:condition\" content=\"new\" \/>\n<!-- \/ Yoast SEO Premium plugin. -->","yoast_head_json":{"title":"GO\u2022UP SPORTY LUCES - Globber Espa\u00f1a","description":"GO\u2022UP SPORTY LUCES patinete para ni\u00f1os (chicos y chicas) de 15m a 3+ a\u00f1os; patinete todo en uno con asiento transformable en 3 modos de conducci\u00f3n","robots":{"index":"index","follow":"follow","max-snippet":"max-snippet:-1","max-image-preview":"max-image-preview:large","max-video-preview":"max-video-preview:-1"},"canonical":"https:\/\/www.globber.com\/es\/product\/go\u00b7up-sporty-luces\/","og_locale":"es_ES","og_type":"article","og_title":"GO\u2022UP SPORTY LUCES - Globber Espa\u00f1a","og_description":"GO\u2022UP SPORTY LUCES patinete para ni\u00f1os (chicos y chicas) de 15m a 3+ a\u00f1os; patinete todo en uno con asiento transformable en 3 modos de conducci\u00f3n","og_url":"https:\/\/www.globber.com\/es\/product\/go\u00b7up-sporty-luces\/","og_site_name":"Globber Espa\u00f1a","article_modified_time":"2026-03-11T08:45:21+00:00","og_image":[{"width":2048,"height":2048,"url":"https:\/\/cdn.globber.com\/content\/sites\/15\/2024\/10\/452-706-4_ft-R_stage1-2.png","type":"image\/png"}],"twitter_card":"summary_large_image","twitter_misc":{"Availability":"In stock"},"schema":{"@context":"https:\/\/schema.org","@graph":[{"@type":["WebPage","ItemPage"],"@id":"https:\/\/www.globber.com\/es\/product\/go%c2%b7up-sporty-luces\/","url":"https:\/\/www.globber.com\/es\/product\/go%c2%b7up-sporty-luces\/","name":"GO\u2022UP SPORTY LUCES - Globber Espa\u00f1a","isPartOf":{"@id":"https:\/\/www.globber.com\/es\/#website"},"primaryImageOfPage":{"@id":"https:\/\/www.globber.com\/es\/product\/go%c2%b7up-sporty-luces\/#primaryimage"},"image":{"@id":"https:\/\/www.globber.com\/es\/product\/go%c2%b7up-sporty-luces\/#primaryimage"},"thumbnailUrl":"https:\/\/cdn.globber.com\/content\/sites\/15\/2024\/10\/452-706-4_ft-R_stage1-2.png","datePublished":"2024-10-18T08:34:22+00:00","dateModified":"2026-03-11T08:45:21+00:00","description":"GO\u2022UP SPORTY LUCES patinete para ni\u00f1os (chicos y chicas) de 15m a 3+ a\u00f1os; patinete todo en uno con asiento transformable en 3 modos de conducci\u00f3n","breadcrumb":{"@id":"https:\/\/www.globber.com\/es\/product\/go%c2%b7up-sporty-luces\/#breadcrumb"},"inLanguage":"es","potentialAction":[{"@type":"ReadAction","target":["https:\/\/www.globber.com\/es\/product\/go%c2%b7up-sporty-luces\/"]}]},{"@type":"ImageObject","inLanguage":"es","@id":"https:\/\/www.globber.com\/es\/product\/go%c2%b7up-sporty-luces\/#primaryimage","url":"https:\/\/cdn.globber.com\/content\/sites\/15\/2024\/10\/452-706-4_ft-R_stage1-2.png","contentUrl":"https:\/\/cdn.globber.com\/content\/sites\/15\/2024\/10\/452-706-4_ft-R_stage1-2.png","width":2048,"height":2048,"caption":"GO\u00b7UP SPORTY LUCES color menta"},{"@type":"BreadcrumbList","@id":"https:\/\/www.globber.com\/es\/product\/go%c2%b7up-sporty-luces\/#breadcrumb","itemListElement":[{"@type":"ListItem","position":1,"name":"Todos los productos","item":"https:\/\/www.globber.com\/es\/tienda-por-producto\/"},{"@type":"ListItem","position":2,"name":"GO\u2022UP SPORTY LUCES"}]},{"@type":"WebSite","@id":"https:\/\/www.globber.com\/es\/#website","url":"https:\/\/www.globber.com\/es\/","name":"Globber Espa\u00f1a","description":"El mundo sobre ruedas | Globber.com","publisher":{"@id":"https:\/\/www.globber.com\/es\/#organization"},"potentialAction":[{"@type":"SearchAction","target":{"@type":"EntryPoint","urlTemplate":"https:\/\/www.globber.com\/es\/?s={search_term_string}"},"query-input":{"@type":"PropertyValueSpecification","valueRequired":true,"valueName":"search_term_string"}}],"inLanguage":"es"},{"@type":"Organization","@id":"https:\/\/www.globber.com\/es\/#organization","name":"Globber Espa\u00f1a","url":"https:\/\/www.globber.com\/es\/","logo":{"@type":"ImageObject","inLanguage":"es","@id":"https:\/\/www.globber.com\/es\/#\/schema\/logo\/image\/","url":"https:\/\/cdn.globber.com\/content\/2024\/05\/logo.svg","contentUrl":"https:\/\/cdn.globber.com\/content\/2024\/05\/logo.svg","width":601,"height":112,"caption":"Globber Espa\u00f1a"},"image":{"@id":"https:\/\/www.globber.com\/es\/#\/schema\/logo\/image\/"}}]},"og_availability":"instock","product_availability":"instock","product_retailer_item_id":"452-XXX","product_condition":"new"},"_links":{"self":[{"href":"https:\/\/www.globber.com\/es\/wp-json\/wp\/v2\/product\/11606","targetHints":{"allow":["GET"]}}],"collection":[{"href":"https:\/\/www.globber.com\/es\/wp-json\/wp\/v2\/product"}],"about":[{"href":"https:\/\/www.globber.com\/es\/wp-json\/wp\/v2\/types\/product"}],"replies":[{"embeddable":true,"href":"https:\/\/www.globber.com\/es\/wp-json\/wp\/v2\/comments?post=11606"}],"wp:featuredmedia":[{"embeddable":true,"href":"https:\/\/www.globber.com\/es\/wp-json\/wp\/v2\/media\/11653"}],"wp:attachment":[{"href":"https:\/\/www.globber.com\/es\/wp-json\/wp\/v2\/media?parent=11606"}],"wp:term":[{"taxonomy":"product-special-badges","embeddable":true,"href":"https:\/\/www.globber.com\/es\/wp-json\/wp\/v2\/product-special-badges?post=11606"},{"taxonomy":"product_brand","embeddable":true,"href":"https:\/\/www.globber.com\/es\/wp-json\/wp\/v2\/product_brand?post=11606"},{"taxonomy":"product_cat","embeddable":true,"href":"https:\/\/www.globber.com\/es\/wp-json\/wp\/v2\/product_cat?post=11606"},{"taxonomy":"product_tag","embeddable":true,"href":"https:\/\/www.globber.com\/es\/wp-json\/wp\/v2\/product_tag?post=11606"}],"curies":[{"name":"wp","href":"https:\/\/api.w.org\/{rel}","templated":true}]}}