{"id":11819,"date":"2024-10-30T13:57:50","date_gmt":"2024-10-30T12:57:50","guid":{"rendered":"https:\/\/www.globber.com\/es\/?post_type=product&#038;p=11819"},"modified":"2026-04-03T21:52:05","modified_gmt":"2026-04-03T19:52:05","slug":"flow-125-luces","status":"publish","type":"product","link":"https:\/\/www.globber.com\/es\/product\/flow-125-luces\/","title":{"rendered":"FLOW 125 LUCES"},"content":{"rendered":"<p>El <strong>Patinete Flow 125 Luces<\/strong> es la opci\u00f3n ideal para quienes buscan un patinete ajustable, seguro y llamativo. Con su dise\u00f1o innovador, ofrece <strong>4 alturas ajustables<\/strong>, lo que lo hace perfecto para acompa\u00f1ar a los ni\u00f1os y adolescentes en su crecimiento. Adem\u00e1s, cuenta con un sistema de <strong>doble sujeci\u00f3n inferior<\/strong>, lo que proporciona una mayor estabilidad y seguridad durante el uso, brindando confianza en cada paseo.<\/p>\n<p>Una de sus caracter\u00edsticas m\u00e1s destacadas son las <strong>ruedas LED<\/strong>, tanto delanteras como traseras, que brillan en <strong>rojo, verde y azul<\/strong> sin necesidad de bater\u00edas. Esto no solo a\u00f1ade un toque de estilo, sino que tambi\u00e9n aumenta la visibilidad, garantizando paseos seguros durante el d\u00eda y la noche.<\/p>\n<p>Construido para durar, este patinete cuenta con una <strong>estructura de triple capa<\/strong>, que combina un soporte de <strong>aluminio de bajo perfil<\/strong>, una cubierta de <strong>material bi-inyecci\u00f3n<\/strong> y una <strong>cinta de agarre en espuma EVA<\/strong>. Estas caracter\u00edsticas aseguran una experiencia de conducci\u00f3n c\u00f3moda y duradera.<\/p>\n<p>El patinete soporta hasta <strong>100 kg<\/strong>, lo que lo convierte en una opci\u00f3n ideal para ni\u00f1os y adolescentes. Este patinete de 2 ruedas es perfecto para acompa\u00f1ar a los m\u00e1s j\u00f3venes en sus aventuras, proporcionando seguridad y diversi\u00f3n durante a\u00f1os.<\/p>\n","protected":false},"excerpt":{"rendered":"<p><strong>Patinete ajustable con luces LED y alta durabilidad.<\/strong> Este patinete crece con tu hijo, adapt\u00e1ndose a su altura. Equipado con luces LED para mayor visibilidad y un dise\u00f1o robusto que asegura una larga durabilidad, perfecto para disfrutar de cada paseo con estilo y seguridad.<\/p>\n","protected":false},"featured_media":11815,"comment_status":"closed","ping_status":"closed","template":"","meta":{"_acf_changed":false,"inline_featured_image":false},"product-special-badges":[],"product_brand":[],"product_cat":[1692,1686,399],"product_tag":[],"class_list":{"0":"post-11819","1":"product","2":"type-product","3":"status-publish","4":"has-post-thumbnail","6":"product_cat-patinetes-de-2-ruedas-para-todas-las-edades","7":"product_cat-serie-flow","8":"product_cat-patinetes-para-ninos","9":"pa_color-rojo","10":"pa_ean-3376","12":"first","13":"instock","14":"taxable","15":"shipping-taxable","16":"purchasable","17":"product-type-variable"},"bundled_by":[],"bundle_stock_status":"instock","bundle_stock_quantity":null,"bundle_virtual":false,"bundle_layout":"","bundle_add_to_cart_form_location":"","bundle_editable_in_cart":false,"bundle_sold_individually_context":"","bundle_item_grouping":"","bundle_min_size":"","bundle_max_size":"","bundled_items":[],"bundle_sell_ids":[],"acf":[],"yoast_head":"<!-- This site is optimized with the Yoast SEO Premium plugin v20.12 (Yoast SEO v23.4) - https:\/\/yoast.com\/wordpress\/plugins\/seo\/ -->\n<title>Patinete Flow 125 Luces - Globber Espa\u00f1a<\/title>\n<meta name=\"description\" content=\"El Patinete Flow 125 Luces con ruedas luminosas es ajustable y la mejor opci\u00f3n para ni\u00f1os y adolescentes mayores de 6 a\u00f1os.\" \/>\n<meta name=\"robots\" content=\"index, follow, max-snippet:-1, max-image-preview:large, max-video-preview:-1\" \/>\n<link rel=\"canonical\" href=\"https:\/\/www.globber.com\/es\/product\/flow-125-luces\/\" \/>\n<meta property=\"og:locale\" content=\"es_ES\" \/>\n<meta property=\"og:type\" content=\"article\" \/>\n<meta property=\"og:title\" content=\"Patinete Flow 125 Luces - Globber Espa\u00f1a\" \/>\n<meta property=\"og:description\" content=\"El Patinete Flow 125 Luces con ruedas luminosas es ajustable y la mejor opci\u00f3n para ni\u00f1os y adolescentes mayores de 6 a\u00f1os.\" \/>\n<meta property=\"og:url\" content=\"https:\/\/www.globber.com\/es\/product\/flow-125-luces\/\" \/>\n<meta property=\"og:site_name\" content=\"Globber Espa\u00f1a\" \/>\n<meta property=\"article:modified_time\" content=\"2026-04-03T19:52:05+00:00\" \/>\n<meta property=\"og:image\" content=\"https:\/\/cdn.globber.com\/content\/sites\/15\/2024\/10\/GL770102_1-2.png\" \/>\n\t<meta property=\"og:image:width\" content=\"1024\" \/>\n\t<meta property=\"og:image:height\" content=\"1024\" \/>\n\t<meta property=\"og:image:type\" content=\"image\/png\" \/>\n<meta name=\"twitter:card\" content=\"summary_large_image\" \/>\n<meta name=\"twitter:label1\" content=\"Availability\" \/>\n\t<meta name=\"twitter:data1\" content=\"In stock\" \/>\n<script type=\"application\/ld+json\" class=\"yoast-schema-graph\">{\"@context\":\"https:\/\/schema.org\",\"@graph\":[{\"@type\":[\"WebPage\",\"ItemPage\"],\"@id\":\"https:\/\/www.globber.com\/es\/product\/flow-125-luces\/\",\"url\":\"https:\/\/www.globber.com\/es\/product\/flow-125-luces\/\",\"name\":\"Patinete Flow 125 Luces - Globber Espa\u00f1a\",\"isPartOf\":{\"@id\":\"https:\/\/www.globber.com\/es\/#website\"},\"primaryImageOfPage\":{\"@id\":\"https:\/\/www.globber.com\/es\/product\/flow-125-luces\/#primaryimage\"},\"image\":{\"@id\":\"https:\/\/www.globber.com\/es\/product\/flow-125-luces\/#primaryimage\"},\"thumbnailUrl\":\"https:\/\/cdn.globber.com\/content\/sites\/15\/2024\/10\/GL770102_1-2.png\",\"datePublished\":\"2024-10-30T12:57:50+00:00\",\"dateModified\":\"2026-04-03T19:52:05+00:00\",\"description\":\"El Patinete Flow 125 Luces con ruedas luminosas es ajustable y la mejor opci\u00f3n para ni\u00f1os y adolescentes mayores de 6 a\u00f1os.\",\"breadcrumb\":{\"@id\":\"https:\/\/www.globber.com\/es\/product\/flow-125-luces\/#breadcrumb\"},\"inLanguage\":\"es\",\"potentialAction\":[{\"@type\":\"ReadAction\",\"target\":[\"https:\/\/www.globber.com\/es\/product\/flow-125-luces\/\"]}]},{\"@type\":\"ImageObject\",\"inLanguage\":\"es\",\"@id\":\"https:\/\/www.globber.com\/es\/product\/flow-125-luces\/#primaryimage\",\"url\":\"https:\/\/cdn.globber.com\/content\/sites\/15\/2024\/10\/GL770102_1-2.png\",\"contentUrl\":\"https:\/\/cdn.globber.com\/content\/sites\/15\/2024\/10\/GL770102_1-2.png\",\"width\":1024,\"height\":1024,\"caption\":\"Patinete Flow 125 luces color rojo\"},{\"@type\":\"BreadcrumbList\",\"@id\":\"https:\/\/www.globber.com\/es\/product\/flow-125-luces\/#breadcrumb\",\"itemListElement\":[{\"@type\":\"ListItem\",\"position\":1,\"name\":\"Todos los productos\",\"item\":\"https:\/\/www.globber.com\/es\/tienda-por-producto\/\"},{\"@type\":\"ListItem\",\"position\":2,\"name\":\"FLOW 125 LUCES\"}]},{\"@type\":\"WebSite\",\"@id\":\"https:\/\/www.globber.com\/es\/#website\",\"url\":\"https:\/\/www.globber.com\/es\/\",\"name\":\"Globber Espa\u00f1a\",\"description\":\"El mundo sobre ruedas | Globber.com\",\"publisher\":{\"@id\":\"https:\/\/www.globber.com\/es\/#organization\"},\"potentialAction\":[{\"@type\":\"SearchAction\",\"target\":{\"@type\":\"EntryPoint\",\"urlTemplate\":\"https:\/\/www.globber.com\/es\/?s={search_term_string}\"},\"query-input\":{\"@type\":\"PropertyValueSpecification\",\"valueRequired\":true,\"valueName\":\"search_term_string\"}}],\"inLanguage\":\"es\"},{\"@type\":\"Organization\",\"@id\":\"https:\/\/www.globber.com\/es\/#organization\",\"name\":\"Globber Espa\u00f1a\",\"url\":\"https:\/\/www.globber.com\/es\/\",\"logo\":{\"@type\":\"ImageObject\",\"inLanguage\":\"es\",\"@id\":\"https:\/\/www.globber.com\/es\/#\/schema\/logo\/image\/\",\"url\":\"https:\/\/cdn.globber.com\/content\/2024\/05\/logo.svg\",\"contentUrl\":\"https:\/\/cdn.globber.com\/content\/2024\/05\/logo.svg\",\"width\":601,\"height\":112,\"caption\":\"Globber Espa\u00f1a\"},\"image\":{\"@id\":\"https:\/\/www.globber.com\/es\/#\/schema\/logo\/image\/\"}}]}<\/script>\n<meta property=\"og:availability\" content=\"instock\" \/>\n<meta property=\"product:availability\" content=\"instock\" \/>\n<meta property=\"product:retailer_item_id\" content=\"772-XXX\" \/>\n<meta property=\"product:condition\" content=\"new\" \/>\n<!-- \/ Yoast SEO Premium plugin. -->","yoast_head_json":{"title":"Patinete Flow 125 Luces - Globber Espa\u00f1a","description":"El Patinete Flow 125 Luces con ruedas luminosas es ajustable y la mejor opci\u00f3n para ni\u00f1os y adolescentes mayores de 6 a\u00f1os.","robots":{"index":"index","follow":"follow","max-snippet":"max-snippet:-1","max-image-preview":"max-image-preview:large","max-video-preview":"max-video-preview:-1"},"canonical":"https:\/\/www.globber.com\/es\/product\/flow-125-luces\/","og_locale":"es_ES","og_type":"article","og_title":"Patinete Flow 125 Luces - Globber Espa\u00f1a","og_description":"El Patinete Flow 125 Luces con ruedas luminosas es ajustable y la mejor opci\u00f3n para ni\u00f1os y adolescentes mayores de 6 a\u00f1os.","og_url":"https:\/\/www.globber.com\/es\/product\/flow-125-luces\/","og_site_name":"Globber Espa\u00f1a","article_modified_time":"2026-04-03T19:52:05+00:00","og_image":[{"width":1024,"height":1024,"url":"https:\/\/cdn.globber.com\/content\/sites\/15\/2024\/10\/GL770102_1-2.png","type":"image\/png"}],"twitter_card":"summary_large_image","twitter_misc":{"Availability":"In stock"},"schema":{"@context":"https:\/\/schema.org","@graph":[{"@type":["WebPage","ItemPage"],"@id":"https:\/\/www.globber.com\/es\/product\/flow-125-luces\/","url":"https:\/\/www.globber.com\/es\/product\/flow-125-luces\/","name":"Patinete Flow 125 Luces - Globber Espa\u00f1a","isPartOf":{"@id":"https:\/\/www.globber.com\/es\/#website"},"primaryImageOfPage":{"@id":"https:\/\/www.globber.com\/es\/product\/flow-125-luces\/#primaryimage"},"image":{"@id":"https:\/\/www.globber.com\/es\/product\/flow-125-luces\/#primaryimage"},"thumbnailUrl":"https:\/\/cdn.globber.com\/content\/sites\/15\/2024\/10\/GL770102_1-2.png","datePublished":"2024-10-30T12:57:50+00:00","dateModified":"2026-04-03T19:52:05+00:00","description":"El Patinete Flow 125 Luces con ruedas luminosas es ajustable y la mejor opci\u00f3n para ni\u00f1os y adolescentes mayores de 6 a\u00f1os.","breadcrumb":{"@id":"https:\/\/www.globber.com\/es\/product\/flow-125-luces\/#breadcrumb"},"inLanguage":"es","potentialAction":[{"@type":"ReadAction","target":["https:\/\/www.globber.com\/es\/product\/flow-125-luces\/"]}]},{"@type":"ImageObject","inLanguage":"es","@id":"https:\/\/www.globber.com\/es\/product\/flow-125-luces\/#primaryimage","url":"https:\/\/cdn.globber.com\/content\/sites\/15\/2024\/10\/GL770102_1-2.png","contentUrl":"https:\/\/cdn.globber.com\/content\/sites\/15\/2024\/10\/GL770102_1-2.png","width":1024,"height":1024,"caption":"Patinete Flow 125 luces color rojo"},{"@type":"BreadcrumbList","@id":"https:\/\/www.globber.com\/es\/product\/flow-125-luces\/#breadcrumb","itemListElement":[{"@type":"ListItem","position":1,"name":"Todos los productos","item":"https:\/\/www.globber.com\/es\/tienda-por-producto\/"},{"@type":"ListItem","position":2,"name":"FLOW 125 LUCES"}]},{"@type":"WebSite","@id":"https:\/\/www.globber.com\/es\/#website","url":"https:\/\/www.globber.com\/es\/","name":"Globber Espa\u00f1a","description":"El mundo sobre ruedas | Globber.com","publisher":{"@id":"https:\/\/www.globber.com\/es\/#organization"},"potentialAction":[{"@type":"SearchAction","target":{"@type":"EntryPoint","urlTemplate":"https:\/\/www.globber.com\/es\/?s={search_term_string}"},"query-input":{"@type":"PropertyValueSpecification","valueRequired":true,"valueName":"search_term_string"}}],"inLanguage":"es"},{"@type":"Organization","@id":"https:\/\/www.globber.com\/es\/#organization","name":"Globber Espa\u00f1a","url":"https:\/\/www.globber.com\/es\/","logo":{"@type":"ImageObject","inLanguage":"es","@id":"https:\/\/www.globber.com\/es\/#\/schema\/logo\/image\/","url":"https:\/\/cdn.globber.com\/content\/2024\/05\/logo.svg","contentUrl":"https:\/\/cdn.globber.com\/content\/2024\/05\/logo.svg","width":601,"height":112,"caption":"Globber Espa\u00f1a"},"image":{"@id":"https:\/\/www.globber.com\/es\/#\/schema\/logo\/image\/"}}]},"og_availability":"instock","product_availability":"instock","product_retailer_item_id":"772-XXX","product_condition":"new"},"_links":{"self":[{"href":"https:\/\/www.globber.com\/es\/wp-json\/wp\/v2\/product\/11819","targetHints":{"allow":["GET"]}}],"collection":[{"href":"https:\/\/www.globber.com\/es\/wp-json\/wp\/v2\/product"}],"about":[{"href":"https:\/\/www.globber.com\/es\/wp-json\/wp\/v2\/types\/product"}],"replies":[{"embeddable":true,"href":"https:\/\/www.globber.com\/es\/wp-json\/wp\/v2\/comments?post=11819"}],"wp:featuredmedia":[{"embeddable":true,"href":"https:\/\/www.globber.com\/es\/wp-json\/wp\/v2\/media\/11815"}],"wp:attachment":[{"href":"https:\/\/www.globber.com\/es\/wp-json\/wp\/v2\/media?parent=11819"}],"wp:term":[{"taxonomy":"product-special-badges","embeddable":true,"href":"https:\/\/www.globber.com\/es\/wp-json\/wp\/v2\/product-special-badges?post=11819"},{"taxonomy":"product_brand","embeddable":true,"href":"https:\/\/www.globber.com\/es\/wp-json\/wp\/v2\/product_brand?post=11819"},{"taxonomy":"product_cat","embeddable":true,"href":"https:\/\/www.globber.com\/es\/wp-json\/wp\/v2\/product_cat?post=11819"},{"taxonomy":"product_tag","embeddable":true,"href":"https:\/\/www.globber.com\/es\/wp-json\/wp\/v2\/product_tag?post=11819"}],"curies":[{"name":"wp","href":"https:\/\/api.w.org\/{rel}","templated":true}]}}