{"id":11889,"date":"2024-11-06T16:59:20","date_gmt":"2024-11-06T15:59:20","guid":{"rendered":"https:\/\/www.globber.com\/es\/?post_type=product&#038;p=11889"},"modified":"2026-03-15T22:42:32","modified_gmt":"2026-03-15T21:42:32","slug":"patines-linea-evolutivos-30-33","status":"publish","type":"product","link":"https:\/\/www.globber.com\/es\/product\/patines-linea-evolutivos-30-33\/","title":{"rendered":"Patines L\u00ednea Evolutivos Talla 30-33"},"content":{"rendered":"<p><strong>Patines en L\u00ednea 2 en 1 de Globber: Crece con diversi\u00f3n<\/strong><\/p>\n<p>Est\u00e1n dise\u00f1ados para que los ni\u00f1os aprendan a patinar a su propio ritmo, desde sus primeros pasos sobre ruedas. Comienzan en modo de aprendizaje, con dos ruedas traseras paralelas que proporcionan mayor estabilidad y seguridad, siendo perfectos para principiantes. Esta opci\u00f3n permite que los ni\u00f1os se acostumbren a mantener el equilibrio antes de dar el siguiente paso.<\/p>\n<p>A medida que los peque\u00f1os mejoran sus habilidades, los patines se transforman f\u00e1cilmente en patines en l\u00ednea, gracias a un innovador m\u00f3dulo de rueda trasera giratoria. Este sistema, que no requiere herramientas, es perfecto para adaptarse al progreso del ni\u00f1o de forma r\u00e1pida y sencilla.<\/p>\n<p>Adem\u00e1s, los patines cuentan con correas ajustables y botones de ajuste resistente, lo que permite un ajuste perfecto para mayor comodidad. Las botas son muy c\u00f3modas y las ruedas de alta calidad garantizan un deslizamiento suave y seguro, independientemente de la superficie. Con estos patines, los ni\u00f1os disfrutan de una experiencia divertida y emocionante mientras desarrollan confianza y control sobre sus movimientos.<\/p>\n<p><strong>\u00a1Elige los patines de Globber para patinar con estilo, seguridad y diversi\u00f3n garantizada!<\/strong><\/p>\n","protected":false},"excerpt":{"rendered":"<p>Patines ideales para aprender: ajustables, c\u00f3modos y seguros. Transformables a medida.<\/p>\n","protected":false},"featured_media":11491,"comment_status":"closed","ping_status":"closed","template":"","meta":{"_acf_changed":false,"inline_featured_image":false},"product-special-badges":[],"product_brand":[],"product_cat":[3134,3872],"product_tag":[],"class_list":{"0":"post-11889","1":"product","2":"type-product","3":"status-publish","4":"has-post-thumbnail","6":"product_cat-todos-los-productos","7":"product_cat-patines-en-linea-2-en-1","8":"pa_ajustable-si","9":"pa_altura-recomendada-del-usuar-100-160-cm","10":"pa_color-menta","11":"pa_color-rosa-pastel","12":"pa_ean-3895","13":"pa_ean-3896","14":"pa_material-de-las-ruedas-espuma-eva","15":"pa_peso-maximo-del-usuario-60kg","16":"pa_talla-30-33","17":"pa_tipo-de-producto-patines","19":"first","20":"instock","21":"taxable","22":"shipping-taxable","23":"purchasable","24":"product-type-variable"},"bundled_by":[],"bundle_stock_status":"instock","bundle_stock_quantity":null,"bundle_virtual":false,"bundle_layout":"","bundle_add_to_cart_form_location":"","bundle_editable_in_cart":false,"bundle_sold_individually_context":"","bundle_item_grouping":"","bundle_min_size":"","bundle_max_size":"","bundled_items":[],"bundle_sell_ids":[],"acf":[],"yoast_head":"<!-- This site is optimized with the Yoast SEO Premium plugin v20.12 (Yoast SEO v23.4) - https:\/\/yoast.com\/wordpress\/plugins\/seo\/ -->\n<title>Patines L\u00ednea Evolutivos Talla 30-33 - Globber Espa\u00f1a<\/title>\n<meta name=\"description\" content=\"Patines evolutivos de Globber talla 30-33 ideales para aprender, ajustables, c\u00f3modos y seguros. Transformables a medida sin necesidad de herramientas.\" \/>\n<meta name=\"robots\" content=\"index, follow, max-snippet:-1, max-image-preview:large, max-video-preview:-1\" \/>\n<link rel=\"canonical\" href=\"https:\/\/www.globber.com\/es\/product\/patines-linea-evolutivos-30-33\/\" \/>\n<meta property=\"og:locale\" content=\"es_ES\" \/>\n<meta property=\"og:type\" content=\"article\" \/>\n<meta property=\"og:title\" content=\"Patines L\u00ednea Evolutivos Talla 30-33 - Globber Espa\u00f1a\" \/>\n<meta property=\"og:description\" content=\"Patines evolutivos de Globber talla 30-33 ideales para aprender, ajustables, c\u00f3modos y seguros. Transformables a medida sin necesidad de herramientas.\" \/>\n<meta property=\"og:url\" content=\"https:\/\/www.globber.com\/es\/product\/patines-linea-evolutivos-30-33\/\" \/>\n<meta property=\"og:site_name\" content=\"Globber Espa\u00f1a\" \/>\n<meta property=\"article:modified_time\" content=\"2026-03-15T21:42:32+00:00\" \/>\n<meta property=\"og:image\" content=\"https:\/\/cdn.globber.com\/content\/sites\/15\/2024\/10\/GL780206_1-1.png\" \/>\n\t<meta property=\"og:image:width\" content=\"1024\" \/>\n\t<meta property=\"og:image:height\" content=\"1024\" \/>\n\t<meta property=\"og:image:type\" content=\"image\/png\" \/>\n<meta name=\"twitter:card\" content=\"summary_large_image\" \/>\n<meta name=\"twitter:label1\" content=\"Availability\" \/>\n\t<meta name=\"twitter:data1\" content=\"In stock\" \/>\n<script type=\"application\/ld+json\" class=\"yoast-schema-graph\">{\"@context\":\"https:\/\/schema.org\",\"@graph\":[{\"@type\":[\"WebPage\",\"ItemPage\"],\"@id\":\"https:\/\/www.globber.com\/es\/product\/patines-linea-evolutivos-30-33\/\",\"url\":\"https:\/\/www.globber.com\/es\/product\/patines-linea-evolutivos-30-33\/\",\"name\":\"Patines L\u00ednea Evolutivos Talla 30-33 - Globber Espa\u00f1a\",\"isPartOf\":{\"@id\":\"https:\/\/www.globber.com\/es\/#website\"},\"primaryImageOfPage\":{\"@id\":\"https:\/\/www.globber.com\/es\/product\/patines-linea-evolutivos-30-33\/#primaryimage\"},\"image\":{\"@id\":\"https:\/\/www.globber.com\/es\/product\/patines-linea-evolutivos-30-33\/#primaryimage\"},\"thumbnailUrl\":\"https:\/\/cdn.globber.com\/content\/sites\/15\/2024\/10\/GL780206_1-1.png\",\"datePublished\":\"2024-11-06T15:59:20+00:00\",\"dateModified\":\"2026-03-15T21:42:32+00:00\",\"description\":\"Patines evolutivos de Globber talla 30-33 ideales para aprender, ajustables, c\u00f3modos y seguros. Transformables a medida sin necesidad de herramientas.\",\"breadcrumb\":{\"@id\":\"https:\/\/www.globber.com\/es\/product\/patines-linea-evolutivos-30-33\/#breadcrumb\"},\"inLanguage\":\"es\",\"potentialAction\":[{\"@type\":\"ReadAction\",\"target\":[\"https:\/\/www.globber.com\/es\/product\/patines-linea-evolutivos-30-33\/\"]}]},{\"@type\":\"ImageObject\",\"inLanguage\":\"es\",\"@id\":\"https:\/\/www.globber.com\/es\/product\/patines-linea-evolutivos-30-33\/#primaryimage\",\"url\":\"https:\/\/cdn.globber.com\/content\/sites\/15\/2024\/10\/GL780206_1-1.png\",\"contentUrl\":\"https:\/\/cdn.globber.com\/content\/sites\/15\/2024\/10\/GL780206_1-1.png\",\"width\":1024,\"height\":1024,\"caption\":\"Patines en l\u00ednea 2 en 1 talla 30-33 color menta\"},{\"@type\":\"BreadcrumbList\",\"@id\":\"https:\/\/www.globber.com\/es\/product\/patines-linea-evolutivos-30-33\/#breadcrumb\",\"itemListElement\":[{\"@type\":\"ListItem\",\"position\":1,\"name\":\"Todos los productos\",\"item\":\"https:\/\/www.globber.com\/es\/tienda-por-producto\/\"},{\"@type\":\"ListItem\",\"position\":2,\"name\":\"Patines L\u00ednea Evolutivos Talla 30-33\"}]},{\"@type\":\"WebSite\",\"@id\":\"https:\/\/www.globber.com\/es\/#website\",\"url\":\"https:\/\/www.globber.com\/es\/\",\"name\":\"Globber Espa\u00f1a\",\"description\":\"El mundo sobre ruedas | Globber.com\",\"publisher\":{\"@id\":\"https:\/\/www.globber.com\/es\/#organization\"},\"potentialAction\":[{\"@type\":\"SearchAction\",\"target\":{\"@type\":\"EntryPoint\",\"urlTemplate\":\"https:\/\/www.globber.com\/es\/?s={search_term_string}\"},\"query-input\":{\"@type\":\"PropertyValueSpecification\",\"valueRequired\":true,\"valueName\":\"search_term_string\"}}],\"inLanguage\":\"es\"},{\"@type\":\"Organization\",\"@id\":\"https:\/\/www.globber.com\/es\/#organization\",\"name\":\"Globber Espa\u00f1a\",\"url\":\"https:\/\/www.globber.com\/es\/\",\"logo\":{\"@type\":\"ImageObject\",\"inLanguage\":\"es\",\"@id\":\"https:\/\/www.globber.com\/es\/#\/schema\/logo\/image\/\",\"url\":\"https:\/\/cdn.globber.com\/content\/2024\/05\/logo.svg\",\"contentUrl\":\"https:\/\/cdn.globber.com\/content\/2024\/05\/logo.svg\",\"width\":601,\"height\":112,\"caption\":\"Globber Espa\u00f1a\"},\"image\":{\"@id\":\"https:\/\/www.globber.com\/es\/#\/schema\/logo\/image\/\"}}]}<\/script>\n<meta property=\"og:availability\" content=\"instock\" \/>\n<meta property=\"product:availability\" content=\"instock\" \/>\n<meta property=\"product:retailer_item_id\" content=\"783-XXX\" \/>\n<meta property=\"product:condition\" content=\"new\" \/>\n<!-- \/ Yoast SEO Premium plugin. -->","yoast_head_json":{"title":"Patines L\u00ednea Evolutivos Talla 30-33 - Globber Espa\u00f1a","description":"Patines evolutivos de Globber talla 30-33 ideales para aprender, ajustables, c\u00f3modos y seguros. Transformables a medida sin necesidad de herramientas.","robots":{"index":"index","follow":"follow","max-snippet":"max-snippet:-1","max-image-preview":"max-image-preview:large","max-video-preview":"max-video-preview:-1"},"canonical":"https:\/\/www.globber.com\/es\/product\/patines-linea-evolutivos-30-33\/","og_locale":"es_ES","og_type":"article","og_title":"Patines L\u00ednea Evolutivos Talla 30-33 - Globber Espa\u00f1a","og_description":"Patines evolutivos de Globber talla 30-33 ideales para aprender, ajustables, c\u00f3modos y seguros. Transformables a medida sin necesidad de herramientas.","og_url":"https:\/\/www.globber.com\/es\/product\/patines-linea-evolutivos-30-33\/","og_site_name":"Globber Espa\u00f1a","article_modified_time":"2026-03-15T21:42:32+00:00","og_image":[{"width":1024,"height":1024,"url":"https:\/\/cdn.globber.com\/content\/sites\/15\/2024\/10\/GL780206_1-1.png","type":"image\/png"}],"twitter_card":"summary_large_image","twitter_misc":{"Availability":"In stock"},"schema":{"@context":"https:\/\/schema.org","@graph":[{"@type":["WebPage","ItemPage"],"@id":"https:\/\/www.globber.com\/es\/product\/patines-linea-evolutivos-30-33\/","url":"https:\/\/www.globber.com\/es\/product\/patines-linea-evolutivos-30-33\/","name":"Patines L\u00ednea Evolutivos Talla 30-33 - Globber Espa\u00f1a","isPartOf":{"@id":"https:\/\/www.globber.com\/es\/#website"},"primaryImageOfPage":{"@id":"https:\/\/www.globber.com\/es\/product\/patines-linea-evolutivos-30-33\/#primaryimage"},"image":{"@id":"https:\/\/www.globber.com\/es\/product\/patines-linea-evolutivos-30-33\/#primaryimage"},"thumbnailUrl":"https:\/\/cdn.globber.com\/content\/sites\/15\/2024\/10\/GL780206_1-1.png","datePublished":"2024-11-06T15:59:20+00:00","dateModified":"2026-03-15T21:42:32+00:00","description":"Patines evolutivos de Globber talla 30-33 ideales para aprender, ajustables, c\u00f3modos y seguros. Transformables a medida sin necesidad de herramientas.","breadcrumb":{"@id":"https:\/\/www.globber.com\/es\/product\/patines-linea-evolutivos-30-33\/#breadcrumb"},"inLanguage":"es","potentialAction":[{"@type":"ReadAction","target":["https:\/\/www.globber.com\/es\/product\/patines-linea-evolutivos-30-33\/"]}]},{"@type":"ImageObject","inLanguage":"es","@id":"https:\/\/www.globber.com\/es\/product\/patines-linea-evolutivos-30-33\/#primaryimage","url":"https:\/\/cdn.globber.com\/content\/sites\/15\/2024\/10\/GL780206_1-1.png","contentUrl":"https:\/\/cdn.globber.com\/content\/sites\/15\/2024\/10\/GL780206_1-1.png","width":1024,"height":1024,"caption":"Patines en l\u00ednea 2 en 1 talla 30-33 color menta"},{"@type":"BreadcrumbList","@id":"https:\/\/www.globber.com\/es\/product\/patines-linea-evolutivos-30-33\/#breadcrumb","itemListElement":[{"@type":"ListItem","position":1,"name":"Todos los productos","item":"https:\/\/www.globber.com\/es\/tienda-por-producto\/"},{"@type":"ListItem","position":2,"name":"Patines L\u00ednea Evolutivos Talla 30-33"}]},{"@type":"WebSite","@id":"https:\/\/www.globber.com\/es\/#website","url":"https:\/\/www.globber.com\/es\/","name":"Globber Espa\u00f1a","description":"El mundo sobre ruedas | Globber.com","publisher":{"@id":"https:\/\/www.globber.com\/es\/#organization"},"potentialAction":[{"@type":"SearchAction","target":{"@type":"EntryPoint","urlTemplate":"https:\/\/www.globber.com\/es\/?s={search_term_string}"},"query-input":{"@type":"PropertyValueSpecification","valueRequired":true,"valueName":"search_term_string"}}],"inLanguage":"es"},{"@type":"Organization","@id":"https:\/\/www.globber.com\/es\/#organization","name":"Globber Espa\u00f1a","url":"https:\/\/www.globber.com\/es\/","logo":{"@type":"ImageObject","inLanguage":"es","@id":"https:\/\/www.globber.com\/es\/#\/schema\/logo\/image\/","url":"https:\/\/cdn.globber.com\/content\/2024\/05\/logo.svg","contentUrl":"https:\/\/cdn.globber.com\/content\/2024\/05\/logo.svg","width":601,"height":112,"caption":"Globber Espa\u00f1a"},"image":{"@id":"https:\/\/www.globber.com\/es\/#\/schema\/logo\/image\/"}}]},"og_availability":"instock","product_availability":"instock","product_retailer_item_id":"783-XXX","product_condition":"new"},"_links":{"self":[{"href":"https:\/\/www.globber.com\/es\/wp-json\/wp\/v2\/product\/11889","targetHints":{"allow":["GET"]}}],"collection":[{"href":"https:\/\/www.globber.com\/es\/wp-json\/wp\/v2\/product"}],"about":[{"href":"https:\/\/www.globber.com\/es\/wp-json\/wp\/v2\/types\/product"}],"replies":[{"embeddable":true,"href":"https:\/\/www.globber.com\/es\/wp-json\/wp\/v2\/comments?post=11889"}],"wp:featuredmedia":[{"embeddable":true,"href":"https:\/\/www.globber.com\/es\/wp-json\/wp\/v2\/media\/11491"}],"wp:attachment":[{"href":"https:\/\/www.globber.com\/es\/wp-json\/wp\/v2\/media?parent=11889"}],"wp:term":[{"taxonomy":"product-special-badges","embeddable":true,"href":"https:\/\/www.globber.com\/es\/wp-json\/wp\/v2\/product-special-badges?post=11889"},{"taxonomy":"product_brand","embeddable":true,"href":"https:\/\/www.globber.com\/es\/wp-json\/wp\/v2\/product_brand?post=11889"},{"taxonomy":"product_cat","embeddable":true,"href":"https:\/\/www.globber.com\/es\/wp-json\/wp\/v2\/product_cat?post=11889"},{"taxonomy":"product_tag","embeddable":true,"href":"https:\/\/www.globber.com\/es\/wp-json\/wp\/v2\/product_tag?post=11889"}],"curies":[{"name":"wp","href":"https:\/\/api.w.org\/{rel}","templated":true}]}}