{"id":11894,"date":"2024-11-07T12:43:20","date_gmt":"2024-11-07T11:43:20","guid":{"rendered":"https:\/\/www.globber.com\/es\/?post_type=product&#038;p=11894"},"modified":"2026-05-01T21:09:51","modified_gmt":"2026-05-01T19:09:51","slug":"go-bike-elite-duo","status":"publish","type":"product","link":"https:\/\/www.globber.com\/es\/product\/go-bike-elite-duo\/","title":{"rendered":"GO BIKE ELITE DUO"},"content":{"rendered":"<p>La bicicleta de equilibrio <strong>Globber Go Bike Elite Duo<\/strong> es perfecta para ni\u00f1os de 2 a 5 a\u00f1os. Est\u00e1 dise\u00f1ada al 100% por Globber. Es ideal para que los peque\u00f1os desarrollen sus habilidades motrices y coordinaci\u00f3n mientras se divierten. Ayuda a mejorar el equilibrio y la direcci\u00f3n antes de usar una bicicleta con pedales.<\/p>\n<p>Una de sus caracter\u00edsticas destacadas es su capacidad de ajuste. La bicicleta cuenta con una silla ajustable en altura y manillares curvados y c\u00f3modos. Esto permite que se adapte al crecimiento del ni\u00f1o, asegurando un paseo c\u00f3modo y seguro. Adem\u00e1s, incluye un asa de transporte y reposapi\u00e9s, facilitando su manejo y almacenamiento.<\/p>\n<p>Las ruedas traseras dobles ofrecen soporte adicional para mayor estabilidad y seguridad. Esto permite que el ni\u00f1o gane confianza mientras aprende a conducir. La estructura robusta y ligera de la bicicleta garantiza una larga durabilidad. Es la opci\u00f3n ideal para los padres que buscan calidad y funcionalidad en un solo producto.<\/p>\n<p>Con su dise\u00f1o moderno en color menta, esta bicicleta de equilibrio se convierte en la opci\u00f3n perfecta para acompa\u00f1ar a los ni\u00f1os en sus primeros pasos hacia la independencia. Tambi\u00e9n es ideal para disfrutar al aire libre y fomentar el juego activo.<\/p>\n<p>&nbsp;<\/p>\n<p data-start=\"683\" data-end=\"742\"><strong data-start=\"683\" data-end=\"740\">Especificaciones t\u00e9cnicas \u2013 Globber GO BIKE ELITE DUO<\/strong><\/p>\n<ul data-start=\"743\" data-end=\"1018\">\n<li data-start=\"743\" data-end=\"806\">\n<p data-start=\"745\" data-end=\"806\">Dimensiones: 79 cm (largo) x 48,2 cm (alto) x 42 cm (ancho)<\/p>\n<\/li>\n<li data-start=\"807\" data-end=\"847\">\n<p data-start=\"809\" data-end=\"847\">Sill\u00edn ajustable en altura: 33-42 cm<\/p>\n<\/li>\n<li data-start=\"848\" data-end=\"918\">\n<p data-start=\"850\" data-end=\"918\">Ruedas: 10\u201d (254 mm) de elast\u00f3mero termopl\u00e1stico (TPE), antipuncha<\/p>\n<\/li>\n<li data-start=\"919\" data-end=\"935\">\n<p data-start=\"921\" data-end=\"935\">Peso: 4,1 kg<\/p>\n<\/li>\n<li data-start=\"936\" data-end=\"1018\">\n<p data-start=\"938\" data-end=\"1018\">Materiales y dise\u00f1o pensados para ofrecer estabilidad, durabilidad y comodidad<\/p>\n<\/li>\n<\/ul>\n","protected":false},"excerpt":{"rendered":"<p data-start=\"0\" data-end=\"75\"><strong data-start=\"0\" data-end=\"73\">Bicicleta de equilibrio ajustable para ni\u00f1os peque\u00f1os (de 2 a 5 a\u00f1os)<\/strong><\/p>\n<p data-start=\"148\" data-end=\"455\" data-is-last-node=\"\">\u00a1Diversi\u00f3n sobre ruedas para disfrutar sin parar! La <strong data-start=\"201\" data-end=\"222\">GO BIKE ELITE DUO<\/strong> es una bicicleta de equilibrio ajustable, dise\u00f1ada al 100% por Globber para ni\u00f1os de 2 a 5 a\u00f1os. Permite que los m\u00e1s peque\u00f1os corran, se diviertan y desarrollen su coordinaci\u00f3n, equilibrio y habilidades motoras mientras juegan.<\/p>\n","protected":false},"featured_media":11895,"comment_status":"closed","ping_status":"closed","template":"","meta":{"_acf_changed":false,"inline_featured_image":false},"product-special-badges":[],"product_brand":[],"product_cat":[3134,3559,1693,1678,1630],"product_tag":[],"class_list":{"0":"post-11894","1":"product","2":"type-product","3":"status-publish","4":"has-post-thumbnail","6":"product_cat-todos-los-productos","7":"product_cat-triciclos-para-bebes","8":"product_cat-bicicletas-de-equilibrio-para-ninos","9":"product_cat-serie-go-bike","10":"product_cat-patinetes-para-ninos-pequenos-bicicletas-de-equilibrio-2","11":"pa_ajustable-si","12":"pa_altura-recomendada-del-usuar-85-105-cm","13":"pa_color-menta","14":"pa_color-rosa-pastel","15":"pa_color-verde-lima","16":"pa_ean-3259","17":"pa_ean-3261","18":"pa_ean-3262","19":"pa_edades-2-5-anos","20":"pa_peso-maximo-del-usuario-20-kg","21":"pa_plegable-no","22":"pa_tipo-de-producto-bicicleta-de-equilibrio","24":"first","25":"instock","26":"taxable","27":"shipping-taxable","28":"purchasable","29":"product-type-variable"},"bundled_by":[],"bundle_stock_status":"instock","bundle_stock_quantity":null,"bundle_virtual":false,"bundle_layout":"","bundle_add_to_cart_form_location":"","bundle_editable_in_cart":false,"bundle_sold_individually_context":"","bundle_item_grouping":"","bundle_min_size":"","bundle_max_size":"","bundled_items":[],"bundle_sell_ids":[],"acf":[],"yoast_head":"<!-- This site is optimized with the Yoast SEO Premium plugin v20.12 (Yoast SEO v23.4) - https:\/\/yoast.com\/wordpress\/plugins\/seo\/ -->\n<title>GO BIKE ELITE DUO - Globber Espa\u00f1a<\/title>\n<meta name=\"description\" content=\"La Go Bike Elite Duo es bicicleta de equilibrio de Globber para ni\u00f1os de 2 a 5 a\u00f1os, con ruedas dobles y asiento ajustable para mejorar su equilibrio.\" \/>\n<meta name=\"robots\" content=\"index, follow, max-snippet:-1, max-image-preview:large, max-video-preview:-1\" \/>\n<link rel=\"canonical\" href=\"https:\/\/www.globber.com\/es\/product\/go-bike-elite-duo\/\" \/>\n<meta property=\"og:locale\" content=\"es_ES\" \/>\n<meta property=\"og:type\" content=\"article\" \/>\n<meta property=\"og:title\" content=\"GO BIKE ELITE DUO - Globber Espa\u00f1a\" \/>\n<meta property=\"og:description\" content=\"La Go Bike Elite Duo es bicicleta de equilibrio de Globber para ni\u00f1os de 2 a 5 a\u00f1os, con ruedas dobles y asiento ajustable para mejorar su equilibrio.\" \/>\n<meta property=\"og:url\" content=\"https:\/\/www.globber.com\/es\/product\/go-bike-elite-duo\/\" \/>\n<meta property=\"og:site_name\" content=\"Globber Espa\u00f1a\" \/>\n<meta property=\"article:modified_time\" content=\"2026-05-01T19:09:51+00:00\" \/>\n<meta property=\"og:image\" content=\"https:\/\/cdn.globber.com\/content\/sites\/15\/2024\/11\/GL712206_1.jpg\" \/>\n\t<meta property=\"og:image:width\" content=\"1024\" \/>\n\t<meta property=\"og:image:height\" content=\"1024\" \/>\n\t<meta property=\"og:image:type\" content=\"image\/jpeg\" \/>\n<meta name=\"twitter:card\" content=\"summary_large_image\" \/>\n<meta name=\"twitter:label1\" content=\"Availability\" \/>\n\t<meta name=\"twitter:data1\" content=\"In stock\" \/>\n<script type=\"application\/ld+json\" class=\"yoast-schema-graph\">{\"@context\":\"https:\/\/schema.org\",\"@graph\":[{\"@type\":[\"WebPage\",\"ItemPage\"],\"@id\":\"https:\/\/www.globber.com\/es\/product\/go-bike-elite-duo\/\",\"url\":\"https:\/\/www.globber.com\/es\/product\/go-bike-elite-duo\/\",\"name\":\"GO BIKE ELITE DUO - Globber Espa\u00f1a\",\"isPartOf\":{\"@id\":\"https:\/\/www.globber.com\/es\/#website\"},\"primaryImageOfPage\":{\"@id\":\"https:\/\/www.globber.com\/es\/product\/go-bike-elite-duo\/#primaryimage\"},\"image\":{\"@id\":\"https:\/\/www.globber.com\/es\/product\/go-bike-elite-duo\/#primaryimage\"},\"thumbnailUrl\":\"https:\/\/cdn.globber.com\/content\/sites\/15\/2024\/11\/GL712206_1.jpg\",\"datePublished\":\"2024-11-07T11:43:20+00:00\",\"dateModified\":\"2026-05-01T19:09:51+00:00\",\"description\":\"La Go Bike Elite Duo es bicicleta de equilibrio de Globber para ni\u00f1os de 2 a 5 a\u00f1os, con ruedas dobles y asiento ajustable para mejorar su equilibrio.\",\"breadcrumb\":{\"@id\":\"https:\/\/www.globber.com\/es\/product\/go-bike-elite-duo\/#breadcrumb\"},\"inLanguage\":\"es\",\"potentialAction\":[{\"@type\":\"ReadAction\",\"target\":[\"https:\/\/www.globber.com\/es\/product\/go-bike-elite-duo\/\"]}]},{\"@type\":\"ImageObject\",\"inLanguage\":\"es\",\"@id\":\"https:\/\/www.globber.com\/es\/product\/go-bike-elite-duo\/#primaryimage\",\"url\":\"https:\/\/cdn.globber.com\/content\/sites\/15\/2024\/11\/GL712206_1.jpg\",\"contentUrl\":\"https:\/\/cdn.globber.com\/content\/sites\/15\/2024\/11\/GL712206_1.jpg\",\"width\":1024,\"height\":1024,\"caption\":\"Go Bike Elite Duo Color menta\"},{\"@type\":\"BreadcrumbList\",\"@id\":\"https:\/\/www.globber.com\/es\/product\/go-bike-elite-duo\/#breadcrumb\",\"itemListElement\":[{\"@type\":\"ListItem\",\"position\":1,\"name\":\"Todos los productos\",\"item\":\"https:\/\/www.globber.com\/es\/tienda-por-producto\/\"},{\"@type\":\"ListItem\",\"position\":2,\"name\":\"GO BIKE ELITE DUO\"}]},{\"@type\":\"WebSite\",\"@id\":\"https:\/\/www.globber.com\/es\/#website\",\"url\":\"https:\/\/www.globber.com\/es\/\",\"name\":\"Globber Espa\u00f1a\",\"description\":\"El mundo sobre ruedas | Globber.com\",\"publisher\":{\"@id\":\"https:\/\/www.globber.com\/es\/#organization\"},\"potentialAction\":[{\"@type\":\"SearchAction\",\"target\":{\"@type\":\"EntryPoint\",\"urlTemplate\":\"https:\/\/www.globber.com\/es\/?s={search_term_string}\"},\"query-input\":{\"@type\":\"PropertyValueSpecification\",\"valueRequired\":true,\"valueName\":\"search_term_string\"}}],\"inLanguage\":\"es\"},{\"@type\":\"Organization\",\"@id\":\"https:\/\/www.globber.com\/es\/#organization\",\"name\":\"Globber Espa\u00f1a\",\"url\":\"https:\/\/www.globber.com\/es\/\",\"logo\":{\"@type\":\"ImageObject\",\"inLanguage\":\"es\",\"@id\":\"https:\/\/www.globber.com\/es\/#\/schema\/logo\/image\/\",\"url\":\"https:\/\/cdn.globber.com\/content\/2024\/05\/logo.svg\",\"contentUrl\":\"https:\/\/cdn.globber.com\/content\/2024\/05\/logo.svg\",\"width\":601,\"height\":112,\"caption\":\"Globber Espa\u00f1a\"},\"image\":{\"@id\":\"https:\/\/www.globber.com\/es\/#\/schema\/logo\/image\/\"}}]}<\/script>\n<meta property=\"og:availability\" content=\"instock\" \/>\n<meta property=\"product:availability\" content=\"instock\" \/>\n<meta property=\"product:retailer_item_id\" content=\"712-XXX\" \/>\n<meta property=\"product:condition\" content=\"new\" \/>\n<!-- \/ Yoast SEO Premium plugin. -->","yoast_head_json":{"title":"GO BIKE ELITE DUO - Globber Espa\u00f1a","description":"La Go Bike Elite Duo es bicicleta de equilibrio de Globber para ni\u00f1os de 2 a 5 a\u00f1os, con ruedas dobles y asiento ajustable para mejorar su equilibrio.","robots":{"index":"index","follow":"follow","max-snippet":"max-snippet:-1","max-image-preview":"max-image-preview:large","max-video-preview":"max-video-preview:-1"},"canonical":"https:\/\/www.globber.com\/es\/product\/go-bike-elite-duo\/","og_locale":"es_ES","og_type":"article","og_title":"GO BIKE ELITE DUO - Globber Espa\u00f1a","og_description":"La Go Bike Elite Duo es bicicleta de equilibrio de Globber para ni\u00f1os de 2 a 5 a\u00f1os, con ruedas dobles y asiento ajustable para mejorar su equilibrio.","og_url":"https:\/\/www.globber.com\/es\/product\/go-bike-elite-duo\/","og_site_name":"Globber Espa\u00f1a","article_modified_time":"2026-05-01T19:09:51+00:00","og_image":[{"width":1024,"height":1024,"url":"https:\/\/cdn.globber.com\/content\/sites\/15\/2024\/11\/GL712206_1.jpg","type":"image\/jpeg"}],"twitter_card":"summary_large_image","twitter_misc":{"Availability":"In stock"},"schema":{"@context":"https:\/\/schema.org","@graph":[{"@type":["WebPage","ItemPage"],"@id":"https:\/\/www.globber.com\/es\/product\/go-bike-elite-duo\/","url":"https:\/\/www.globber.com\/es\/product\/go-bike-elite-duo\/","name":"GO BIKE ELITE DUO - Globber Espa\u00f1a","isPartOf":{"@id":"https:\/\/www.globber.com\/es\/#website"},"primaryImageOfPage":{"@id":"https:\/\/www.globber.com\/es\/product\/go-bike-elite-duo\/#primaryimage"},"image":{"@id":"https:\/\/www.globber.com\/es\/product\/go-bike-elite-duo\/#primaryimage"},"thumbnailUrl":"https:\/\/cdn.globber.com\/content\/sites\/15\/2024\/11\/GL712206_1.jpg","datePublished":"2024-11-07T11:43:20+00:00","dateModified":"2026-05-01T19:09:51+00:00","description":"La Go Bike Elite Duo es bicicleta de equilibrio de Globber para ni\u00f1os de 2 a 5 a\u00f1os, con ruedas dobles y asiento ajustable para mejorar su equilibrio.","breadcrumb":{"@id":"https:\/\/www.globber.com\/es\/product\/go-bike-elite-duo\/#breadcrumb"},"inLanguage":"es","potentialAction":[{"@type":"ReadAction","target":["https:\/\/www.globber.com\/es\/product\/go-bike-elite-duo\/"]}]},{"@type":"ImageObject","inLanguage":"es","@id":"https:\/\/www.globber.com\/es\/product\/go-bike-elite-duo\/#primaryimage","url":"https:\/\/cdn.globber.com\/content\/sites\/15\/2024\/11\/GL712206_1.jpg","contentUrl":"https:\/\/cdn.globber.com\/content\/sites\/15\/2024\/11\/GL712206_1.jpg","width":1024,"height":1024,"caption":"Go Bike Elite Duo Color menta"},{"@type":"BreadcrumbList","@id":"https:\/\/www.globber.com\/es\/product\/go-bike-elite-duo\/#breadcrumb","itemListElement":[{"@type":"ListItem","position":1,"name":"Todos los productos","item":"https:\/\/www.globber.com\/es\/tienda-por-producto\/"},{"@type":"ListItem","position":2,"name":"GO BIKE ELITE DUO"}]},{"@type":"WebSite","@id":"https:\/\/www.globber.com\/es\/#website","url":"https:\/\/www.globber.com\/es\/","name":"Globber Espa\u00f1a","description":"El mundo sobre ruedas | Globber.com","publisher":{"@id":"https:\/\/www.globber.com\/es\/#organization"},"potentialAction":[{"@type":"SearchAction","target":{"@type":"EntryPoint","urlTemplate":"https:\/\/www.globber.com\/es\/?s={search_term_string}"},"query-input":{"@type":"PropertyValueSpecification","valueRequired":true,"valueName":"search_term_string"}}],"inLanguage":"es"},{"@type":"Organization","@id":"https:\/\/www.globber.com\/es\/#organization","name":"Globber Espa\u00f1a","url":"https:\/\/www.globber.com\/es\/","logo":{"@type":"ImageObject","inLanguage":"es","@id":"https:\/\/www.globber.com\/es\/#\/schema\/logo\/image\/","url":"https:\/\/cdn.globber.com\/content\/2024\/05\/logo.svg","contentUrl":"https:\/\/cdn.globber.com\/content\/2024\/05\/logo.svg","width":601,"height":112,"caption":"Globber Espa\u00f1a"},"image":{"@id":"https:\/\/www.globber.com\/es\/#\/schema\/logo\/image\/"}}]},"og_availability":"instock","product_availability":"instock","product_retailer_item_id":"712-XXX","product_condition":"new"},"_links":{"self":[{"href":"https:\/\/www.globber.com\/es\/wp-json\/wp\/v2\/product\/11894","targetHints":{"allow":["GET"]}}],"collection":[{"href":"https:\/\/www.globber.com\/es\/wp-json\/wp\/v2\/product"}],"about":[{"href":"https:\/\/www.globber.com\/es\/wp-json\/wp\/v2\/types\/product"}],"replies":[{"embeddable":true,"href":"https:\/\/www.globber.com\/es\/wp-json\/wp\/v2\/comments?post=11894"}],"wp:featuredmedia":[{"embeddable":true,"href":"https:\/\/www.globber.com\/es\/wp-json\/wp\/v2\/media\/11895"}],"wp:attachment":[{"href":"https:\/\/www.globber.com\/es\/wp-json\/wp\/v2\/media?parent=11894"}],"wp:term":[{"taxonomy":"product-special-badges","embeddable":true,"href":"https:\/\/www.globber.com\/es\/wp-json\/wp\/v2\/product-special-badges?post=11894"},{"taxonomy":"product_brand","embeddable":true,"href":"https:\/\/www.globber.com\/es\/wp-json\/wp\/v2\/product_brand?post=11894"},{"taxonomy":"product_cat","embeddable":true,"href":"https:\/\/www.globber.com\/es\/wp-json\/wp\/v2\/product_cat?post=11894"},{"taxonomy":"product_tag","embeddable":true,"href":"https:\/\/www.globber.com\/es\/wp-json\/wp\/v2\/product_tag?post=11894"}],"curies":[{"name":"wp","href":"https:\/\/api.w.org\/{rel}","templated":true}]}}