{"id":12694,"date":"2025-03-17T13:44:53","date_gmt":"2025-03-17T12:44:53","guid":{"rendered":"https:\/\/www.globber.com\/es\/?post_type=product&#038;p=12694"},"modified":"2026-04-27T14:41:13","modified_gmt":"2026-04-27T12:41:13","slug":"go-up-baby-luces-360o","status":"publish","type":"product","link":"https:\/\/www.globber.com\/es\/product\/go-up-baby-luces-360o\/","title":{"rendered":"GO\u00b7UP BABY LUCES 360\u00ba"},"content":{"rendered":"<h3 data-start=\"46\" data-end=\"107\">El GO UP Baby Luces 360\u00ba es multifuncional en 360\u00b0: \u00a1Diversi\u00f3n ACTIVA durante a\u00f1os!<\/h3>\n<p data-start=\"109\" data-end=\"417\">Las salidas al parque y los momentos de juego nunca han sido tan c\u00f3modos gracias a nuestro sistema patentado de direcci\u00f3n parental en 360\u00b0, que te permite guiar a tu hijo y hacer que la conducci\u00f3n sea f\u00e1cil, fluida y sin esfuerzo.<\/p>\n<p data-start=\"419\" data-end=\"629\"><strong data-start=\"419\" data-end=\"447\">El GO UP BABY LUCES 360\u00b0<\/strong> es un patinete plegable de tres ruedas con asiento y luces para ni\u00f1os peque\u00f1os y ni\u00f1os m\u00e1s grandes. Se transforma en un <strong data-start=\"568\" data-end=\"626\">paseador, bicicleta de aprendizaje y patinete infantil<\/strong>.<\/p>\n<ul data-start=\"630\" data-end=\"804\">\n<li data-start=\"630\" data-end=\"732\">Los modos <strong data-start=\"642\" data-end=\"681\">paseador y bicicleta de aprendizaje<\/strong> est\u00e1n dise\u00f1ados para ni\u00f1os de <strong data-start=\"712\" data-end=\"729\">15 a 36 meses<\/strong>.<\/li>\n<li data-start=\"733\" data-end=\"804\">El modo <strong data-start=\"743\" data-end=\"755\">patinete<\/strong> es recomendable para ni\u00f1os de <strong data-start=\"786\" data-end=\"801\">3 a 9+ a\u00f1os<\/strong>.<\/li>\n<\/ul>\n<h3 data-start=\"1342\" data-end=\"1387\"><strong data-start=\"1346\" data-end=\"1382\">Compromiso con la sostenibilidad<\/strong>\u00a0<\/h3>\n<p data-start=\"1388\" data-end=\"1516\"><strong data-start=\"1388\" data-end=\"1416\">El GO UP BABY LUCES 360\u00b0<\/strong> est\u00e1 fabricado con <strong data-start=\"1436\" data-end=\"1512\">34% de pl\u00e1stico reciclado certificado por Global Recycled Standard (GRS)<\/strong>.*<\/p>\n<p data-start=\"1721\" data-end=\"1969\">Desde octubre de 2022, gracias al uso de pl\u00e1stico reciclado certificado GRS en nuestra colecci\u00f3n de patinetes de <strong data-start=\"1834\" data-end=\"1857\">3 ruedas y ECOL\u00d3GICOS<\/strong>, hemos reutilizado <strong data-start=\"1877\" data-end=\"1901\">m\u00e1s de 118 toneladas<\/strong> de botellas, vasos, redes de pesca, juguetes y acolchados usados.<\/p>\n<p data-start=\"1971\" data-end=\"2034\"><em data-start=\"1971\" data-end=\"2032\">*Aplicado en componentes espec\u00edficos; descubre cu\u00e1les aqu\u00ed.<\/em><\/p>\n<hr data-start=\"2979\" data-end=\"2982\" \/>\n<h3 data-start=\"2984\" data-end=\"3037\"><strong data-start=\"2988\" data-end=\"3035\">Direcci\u00f3n parental en 360\u00b0: comodidad total<\/strong><\/h3>\n<p data-start=\"3038\" data-end=\"3314\" data-is-last-node=\"\" data-is-only-node=\"\">El revolucionario <strong data-start=\"3056\" data-end=\"3093\">sistema de giro trasero patentado<\/strong> facilita los paseos diarios. En el <strong data-start=\"3129\" data-end=\"3146\">modo paseador<\/strong>, los padres pueden guiar a sus hijos con <strong data-start=\"3188\" data-end=\"3215\">maniobrabilidad en 360\u00b0<\/strong>, brindando una experiencia m\u00e1s fluida y pr\u00e1ctica. \u00a1Disfruta de la libertad de movimiento total!\u00a0<\/p>\n","protected":false},"excerpt":{"rendered":"<p data-start=\"59\" data-end=\"361\" data-is-last-node=\"\" data-is-only-node=\"\">\u00a1Es hora de ACTIVARSE y moverse sin parar con <strong>GO\u2022UP BABY LUCES 360\u00b0<\/strong>! Las salidas al parque y los momentos de juego nunca han sido tan c\u00f3modos gracias a nuestro sistema patentado de direcci\u00f3n parental en 360\u00b0, que te permite guiar a tu hijo y hacer que la conducci\u00f3n sea f\u00e1cil, fluida y sin esfuerzo.<\/p>\n","protected":false},"featured_media":12713,"comment_status":"closed","ping_status":"closed","template":"","meta":{"_acf_changed":false,"inline_featured_image":false},"product-special-badges":[3969],"product_brand":[],"product_cat":[3560,1247,1630,15],"product_tag":[],"class_list":{"0":"post-12694","1":"product","2":"type-product","3":"status-publish","4":"has-post-thumbnail","6":"product_cat-patinetes-con-asiento","7":"product_cat-serie-go-up-patinetes-con-asiento","8":"product_cat-patinetes-para-ninos-pequenos-bicicletas-de-equilibrio-2","9":"product_cat-sin-categoria","10":"pa_altura-recomendada-del-usuar-de-70-cm-a-130-cm","11":"pa_color-oliva","12":"pa_color-taupe","13":"pa_ean-3910","14":"pa_ean-3911","15":"pa_edades-15m-9y","16":"pa_peso-maximo-del-usuario-20kg-modo-paseo-50kg-modo-scooter","17":"pa_plegable-si","18":"pa_tamano-de-la-rueda-121mm-24mm-wide-front","19":"pa_tamano-de-la-rueda-80mm-24mm-wide-rear","21":"first","22":"instock","23":"taxable","24":"shipping-taxable","25":"purchasable","26":"product-type-variable"},"bundled_by":[],"bundle_stock_status":"instock","bundle_stock_quantity":null,"bundle_virtual":false,"bundle_layout":"","bundle_add_to_cart_form_location":"","bundle_editable_in_cart":false,"bundle_sold_individually_context":"","bundle_item_grouping":"","bundle_min_size":"","bundle_max_size":"","bundled_items":[],"bundle_sell_ids":[],"acf":[],"yoast_head":"<!-- This site is optimized with the Yoast SEO Premium plugin v20.12 (Yoast SEO v23.4) - https:\/\/yoast.com\/wordpress\/plugins\/seo\/ -->\n<title>GO UP Baby Luces 360 - Globber Espa\u00f1a<\/title>\n<meta name=\"description\" content=\"Descubre el patinete GO UP Baby Luces 360 de Globber: maniobralidad en 360\u00ba y dise\u00f1o ajustable 3 en 1. \u00a1El \u00fanico modelo GO UP con cesta incluida!\" \/>\n<meta name=\"robots\" content=\"index, follow, max-snippet:-1, max-image-preview:large, max-video-preview:-1\" \/>\n<link rel=\"canonical\" href=\"https:\/\/www.globber.com\/es\/product\/go-up-baby-luces-360o\/\" \/>\n<meta property=\"og:locale\" content=\"es_ES\" \/>\n<meta property=\"og:type\" content=\"article\" \/>\n<meta property=\"og:title\" content=\"GO UP Baby Luces 360 - Globber Espa\u00f1a\" \/>\n<meta property=\"og:description\" content=\"Descubre el patinete GO UP Baby Luces 360 de Globber: maniobralidad en 360\u00ba y dise\u00f1o ajustable 3 en 1. \u00a1El \u00fanico modelo GO UP con cesta incluida!\" \/>\n<meta property=\"og:url\" content=\"https:\/\/www.globber.com\/es\/product\/go-up-baby-luces-360o\/\" \/>\n<meta property=\"og:site_name\" content=\"Globber Espa\u00f1a\" \/>\n<meta property=\"article:modified_time\" content=\"2026-04-27T12:41:13+00:00\" \/>\n<meta property=\"og:image\" content=\"https:\/\/cdn.globber.com\/content\/sites\/15\/2025\/03\/844-104_ft-L_stage1.png\" \/>\n\t<meta property=\"og:image:width\" content=\"2048\" \/>\n\t<meta property=\"og:image:height\" content=\"2048\" \/>\n\t<meta property=\"og:image:type\" content=\"image\/png\" \/>\n<meta name=\"twitter:card\" content=\"summary_large_image\" \/>\n<meta name=\"twitter:label1\" content=\"Availability\" \/>\n\t<meta name=\"twitter:data1\" content=\"In stock\" \/>\n<script type=\"application\/ld+json\" class=\"yoast-schema-graph\">{\"@context\":\"https:\/\/schema.org\",\"@graph\":[{\"@type\":[\"WebPage\",\"ItemPage\"],\"@id\":\"https:\/\/www.globber.com\/es\/product\/go-up-baby-luces-360o\/\",\"url\":\"https:\/\/www.globber.com\/es\/product\/go-up-baby-luces-360o\/\",\"name\":\"GO UP Baby Luces 360 - Globber Espa\u00f1a\",\"isPartOf\":{\"@id\":\"https:\/\/www.globber.com\/es\/#website\"},\"primaryImageOfPage\":{\"@id\":\"https:\/\/www.globber.com\/es\/product\/go-up-baby-luces-360o\/#primaryimage\"},\"image\":{\"@id\":\"https:\/\/www.globber.com\/es\/product\/go-up-baby-luces-360o\/#primaryimage\"},\"thumbnailUrl\":\"https:\/\/cdn.globber.com\/content\/sites\/15\/2025\/03\/844-104_ft-L_stage1.png\",\"datePublished\":\"2025-03-17T12:44:53+00:00\",\"dateModified\":\"2026-04-27T12:41:13+00:00\",\"description\":\"Descubre el patinete GO UP Baby Luces 360 de Globber: maniobralidad en 360\u00ba y dise\u00f1o ajustable 3 en 1. \u00a1El \u00fanico modelo GO UP con cesta incluida!\",\"breadcrumb\":{\"@id\":\"https:\/\/www.globber.com\/es\/product\/go-up-baby-luces-360o\/#breadcrumb\"},\"inLanguage\":\"es\",\"potentialAction\":[{\"@type\":\"ReadAction\",\"target\":[\"https:\/\/www.globber.com\/es\/product\/go-up-baby-luces-360o\/\"]}]},{\"@type\":\"ImageObject\",\"inLanguage\":\"es\",\"@id\":\"https:\/\/www.globber.com\/es\/product\/go-up-baby-luces-360o\/#primaryimage\",\"url\":\"https:\/\/cdn.globber.com\/content\/sites\/15\/2025\/03\/844-104_ft-L_stage1.png\",\"contentUrl\":\"https:\/\/cdn.globber.com\/content\/sites\/15\/2025\/03\/844-104_ft-L_stage1.png\",\"width\":2048,\"height\":2048,\"caption\":\"Patinete Go Up Baby Luces 360 Verde Sage\"},{\"@type\":\"BreadcrumbList\",\"@id\":\"https:\/\/www.globber.com\/es\/product\/go-up-baby-luces-360o\/#breadcrumb\",\"itemListElement\":[{\"@type\":\"ListItem\",\"position\":1,\"name\":\"Todos los productos\",\"item\":\"https:\/\/www.globber.com\/es\/tienda-por-producto\/\"},{\"@type\":\"ListItem\",\"position\":2,\"name\":\"GO\u00b7UP BABY LUCES 360\u00ba\"}]},{\"@type\":\"WebSite\",\"@id\":\"https:\/\/www.globber.com\/es\/#website\",\"url\":\"https:\/\/www.globber.com\/es\/\",\"name\":\"Globber Espa\u00f1a\",\"description\":\"El mundo sobre ruedas | Globber.com\",\"publisher\":{\"@id\":\"https:\/\/www.globber.com\/es\/#organization\"},\"potentialAction\":[{\"@type\":\"SearchAction\",\"target\":{\"@type\":\"EntryPoint\",\"urlTemplate\":\"https:\/\/www.globber.com\/es\/?s={search_term_string}\"},\"query-input\":{\"@type\":\"PropertyValueSpecification\",\"valueRequired\":true,\"valueName\":\"search_term_string\"}}],\"inLanguage\":\"es\"},{\"@type\":\"Organization\",\"@id\":\"https:\/\/www.globber.com\/es\/#organization\",\"name\":\"Globber Espa\u00f1a\",\"url\":\"https:\/\/www.globber.com\/es\/\",\"logo\":{\"@type\":\"ImageObject\",\"inLanguage\":\"es\",\"@id\":\"https:\/\/www.globber.com\/es\/#\/schema\/logo\/image\/\",\"url\":\"https:\/\/cdn.globber.com\/content\/2024\/05\/logo.svg\",\"contentUrl\":\"https:\/\/cdn.globber.com\/content\/2024\/05\/logo.svg\",\"width\":601,\"height\":112,\"caption\":\"Globber Espa\u00f1a\"},\"image\":{\"@id\":\"https:\/\/www.globber.com\/es\/#\/schema\/logo\/image\/\"}}]}<\/script>\n<meta property=\"og:availability\" content=\"instock\" \/>\n<meta property=\"product:availability\" content=\"instock\" \/>\n<meta property=\"product:retailer_item_id\" content=\"844-XXX\" \/>\n<meta property=\"product:condition\" content=\"new\" \/>\n<!-- \/ Yoast SEO Premium plugin. -->","yoast_head_json":{"title":"GO UP Baby Luces 360 - Globber Espa\u00f1a","description":"Descubre el patinete GO UP Baby Luces 360 de Globber: maniobralidad en 360\u00ba y dise\u00f1o ajustable 3 en 1. \u00a1El \u00fanico modelo GO UP con cesta incluida!","robots":{"index":"index","follow":"follow","max-snippet":"max-snippet:-1","max-image-preview":"max-image-preview:large","max-video-preview":"max-video-preview:-1"},"canonical":"https:\/\/www.globber.com\/es\/product\/go-up-baby-luces-360o\/","og_locale":"es_ES","og_type":"article","og_title":"GO UP Baby Luces 360 - Globber Espa\u00f1a","og_description":"Descubre el patinete GO UP Baby Luces 360 de Globber: maniobralidad en 360\u00ba y dise\u00f1o ajustable 3 en 1. \u00a1El \u00fanico modelo GO UP con cesta incluida!","og_url":"https:\/\/www.globber.com\/es\/product\/go-up-baby-luces-360o\/","og_site_name":"Globber Espa\u00f1a","article_modified_time":"2026-04-27T12:41:13+00:00","og_image":[{"width":2048,"height":2048,"url":"https:\/\/cdn.globber.com\/content\/sites\/15\/2025\/03\/844-104_ft-L_stage1.png","type":"image\/png"}],"twitter_card":"summary_large_image","twitter_misc":{"Availability":"In stock"},"schema":{"@context":"https:\/\/schema.org","@graph":[{"@type":["WebPage","ItemPage"],"@id":"https:\/\/www.globber.com\/es\/product\/go-up-baby-luces-360o\/","url":"https:\/\/www.globber.com\/es\/product\/go-up-baby-luces-360o\/","name":"GO UP Baby Luces 360 - Globber Espa\u00f1a","isPartOf":{"@id":"https:\/\/www.globber.com\/es\/#website"},"primaryImageOfPage":{"@id":"https:\/\/www.globber.com\/es\/product\/go-up-baby-luces-360o\/#primaryimage"},"image":{"@id":"https:\/\/www.globber.com\/es\/product\/go-up-baby-luces-360o\/#primaryimage"},"thumbnailUrl":"https:\/\/cdn.globber.com\/content\/sites\/15\/2025\/03\/844-104_ft-L_stage1.png","datePublished":"2025-03-17T12:44:53+00:00","dateModified":"2026-04-27T12:41:13+00:00","description":"Descubre el patinete GO UP Baby Luces 360 de Globber: maniobralidad en 360\u00ba y dise\u00f1o ajustable 3 en 1. \u00a1El \u00fanico modelo GO UP con cesta incluida!","breadcrumb":{"@id":"https:\/\/www.globber.com\/es\/product\/go-up-baby-luces-360o\/#breadcrumb"},"inLanguage":"es","potentialAction":[{"@type":"ReadAction","target":["https:\/\/www.globber.com\/es\/product\/go-up-baby-luces-360o\/"]}]},{"@type":"ImageObject","inLanguage":"es","@id":"https:\/\/www.globber.com\/es\/product\/go-up-baby-luces-360o\/#primaryimage","url":"https:\/\/cdn.globber.com\/content\/sites\/15\/2025\/03\/844-104_ft-L_stage1.png","contentUrl":"https:\/\/cdn.globber.com\/content\/sites\/15\/2025\/03\/844-104_ft-L_stage1.png","width":2048,"height":2048,"caption":"Patinete Go Up Baby Luces 360 Verde Sage"},{"@type":"BreadcrumbList","@id":"https:\/\/www.globber.com\/es\/product\/go-up-baby-luces-360o\/#breadcrumb","itemListElement":[{"@type":"ListItem","position":1,"name":"Todos los productos","item":"https:\/\/www.globber.com\/es\/tienda-por-producto\/"},{"@type":"ListItem","position":2,"name":"GO\u00b7UP BABY LUCES 360\u00ba"}]},{"@type":"WebSite","@id":"https:\/\/www.globber.com\/es\/#website","url":"https:\/\/www.globber.com\/es\/","name":"Globber Espa\u00f1a","description":"El mundo sobre ruedas | Globber.com","publisher":{"@id":"https:\/\/www.globber.com\/es\/#organization"},"potentialAction":[{"@type":"SearchAction","target":{"@type":"EntryPoint","urlTemplate":"https:\/\/www.globber.com\/es\/?s={search_term_string}"},"query-input":{"@type":"PropertyValueSpecification","valueRequired":true,"valueName":"search_term_string"}}],"inLanguage":"es"},{"@type":"Organization","@id":"https:\/\/www.globber.com\/es\/#organization","name":"Globber Espa\u00f1a","url":"https:\/\/www.globber.com\/es\/","logo":{"@type":"ImageObject","inLanguage":"es","@id":"https:\/\/www.globber.com\/es\/#\/schema\/logo\/image\/","url":"https:\/\/cdn.globber.com\/content\/2024\/05\/logo.svg","contentUrl":"https:\/\/cdn.globber.com\/content\/2024\/05\/logo.svg","width":601,"height":112,"caption":"Globber Espa\u00f1a"},"image":{"@id":"https:\/\/www.globber.com\/es\/#\/schema\/logo\/image\/"}}]},"og_availability":"instock","product_availability":"instock","product_retailer_item_id":"844-XXX","product_condition":"new"},"_links":{"self":[{"href":"https:\/\/www.globber.com\/es\/wp-json\/wp\/v2\/product\/12694","targetHints":{"allow":["GET"]}}],"collection":[{"href":"https:\/\/www.globber.com\/es\/wp-json\/wp\/v2\/product"}],"about":[{"href":"https:\/\/www.globber.com\/es\/wp-json\/wp\/v2\/types\/product"}],"replies":[{"embeddable":true,"href":"https:\/\/www.globber.com\/es\/wp-json\/wp\/v2\/comments?post=12694"}],"wp:featuredmedia":[{"embeddable":true,"href":"https:\/\/www.globber.com\/es\/wp-json\/wp\/v2\/media\/12713"}],"wp:attachment":[{"href":"https:\/\/www.globber.com\/es\/wp-json\/wp\/v2\/media?parent=12694"}],"wp:term":[{"taxonomy":"product-special-badges","embeddable":true,"href":"https:\/\/www.globber.com\/es\/wp-json\/wp\/v2\/product-special-badges?post=12694"},{"taxonomy":"product_brand","embeddable":true,"href":"https:\/\/www.globber.com\/es\/wp-json\/wp\/v2\/product_brand?post=12694"},{"taxonomy":"product_cat","embeddable":true,"href":"https:\/\/www.globber.com\/es\/wp-json\/wp\/v2\/product_cat?post=12694"},{"taxonomy":"product_tag","embeddable":true,"href":"https:\/\/www.globber.com\/es\/wp-json\/wp\/v2\/product_tag?post=12694"}],"curies":[{"name":"wp","href":"https:\/\/api.w.org\/{rel}","templated":true}]}}