{"id":13415,"date":"2025-07-23T13:56:19","date_gmt":"2025-07-23T11:56:19","guid":{"rendered":"https:\/\/www.globber.com\/es\/?post_type=product&#038;p=13415"},"modified":"2026-03-24T16:33:49","modified_gmt":"2026-03-24T15:33:49","slug":"stroll%c2%b7lite","status":"publish","type":"product","link":"https:\/\/www.globber.com\/es\/product\/stroll%c2%b7lite\/","title":{"rendered":"STROLL\u00b7LITE"},"content":{"rendered":"<p><strong>\u00c9rase una vez un paseo: Donde la vida se despliega<\/strong><\/p>\n<p>La felicidad viene en (peque\u00f1as) formas, y cada trayecto con tu peque \u2014ya sea entre calles bulliciosas, en las idas y venidas al cole o por tranquilos parques\u2014 es una oportunidad para que las peque\u00f1as alegr\u00edas de la vida se desplieguen, <strong>una vez en un paseo<\/strong>.<\/p>\n<p><strong>El carrito STROLL\u2022LITE<\/strong> de Globber es el cochecito compacto definitivo, dise\u00f1ado pensando en la seguridad, la comodidad y la practicidad para las familias modernas en movimiento:<\/p>\n<p><strong>SEGURIDAD SIN PREOCUPACIONES<\/strong><br \/>\n\u2022 Plegado ultrarr\u00e1pido<br \/>\n\u2022 Arn\u00e9s de 5 puntos<br \/>\n\u2022 Barra delantera de seguridad<br \/>\n\u2022 Correa para el adulto y freno de estacionamiento<\/p>\n<p><strong>M\u00c1XIMA COMODIDAD<\/strong><br \/>\n\u2022 Asiento reclinable<br \/>\n\u2022 Capota anti-UV<br \/>\n\u2022 Tejido y acolchado suave y c\u00f3modo<br \/>\n\u2022 Ventanas de malla para mayor transpirabilidad y visibilidad<\/p>\n<p><strong>PRACTICIDAD SOBRE LA MARCHA<\/strong><br \/>\n\u2022 Bolsillo de almacenaje amplio y cesta inferior<br \/>\n\u2022 Ruedas de PU resistentes con suspensi\u00f3n delantera<br \/>\n\u2022 Pl\u00e1stico de lluvia<br \/>\n\u2022 Conectividad 360\u00b0<\/p>\n<p>Repleto de prestaciones como su sistema de plegado r\u00e1pido, arn\u00e9s de seguridad de 5 puntos, freno de estacionamiento, capota anti-UV, asiento reclinable en 3 posiciones, tejido transpirable, ventanas de ventilaci\u00f3n, amplio espacio de almacenaje, ruedas duraderas y mucho m\u00e1s, <strong>STROLL\u2022LITE<\/strong> est\u00e1 creado para convertir cada salida en una peque\u00f1a aventura familiar.<\/p>\n<p>Dise\u00f1ado para hacer que recorrer el mundo sobre ruedas sea a\u00fan m\u00e1s f\u00e1cil y alegre, <strong>STROLL\u2022LITE<\/strong> se conecta con cualquier <strong>GO\u2022UP 360\u00b0<\/strong> para crecer junto a toda la familia.<\/p>\n<p>\u00a1As\u00ed que deja que la alegr\u00eda de la vida se despliegue una vez en un paseo!<\/p>\n","protected":false},"excerpt":{"rendered":"<p>La felicidad viene en peque\u00f1as formas, y cada trayecto con tu peque \u2014ya sea por calles llenas de gente, en las agitadas idas al cole o por tranquilos parques\u2014 es una oportunidad para que las peque\u00f1as alegr\u00edas de la vida se desplieguen, <strong>una vez en un paseo<\/strong>.<\/p>\n","protected":false},"featured_media":13433,"comment_status":"closed","ping_status":"closed","template":"","meta":{"_acf_changed":false,"inline_featured_image":false},"product-special-badges":[3948],"product_brand":[],"product_cat":[3982,3980,3134,3117,1630],"product_tag":[],"class_list":{"0":"post-13415","1":"product","2":"type-product","3":"status-publish","4":"has-post-thumbnail","6":"product_cat-todos-productos-para-bebes","7":"product_cat-cochecitos","8":"product_cat-todos-los-productos","9":"product_cat-todas-series-para-ninos-pequenos","10":"product_cat-patinetes-para-ninos-pequenos-bicicletas-de-equilibrio-2","11":"pa_color-oliva","12":"pa_color-taupe","13":"pa_ean-3953","14":"pa_ean-3951","16":"first","17":"instock","18":"taxable","19":"shipping-taxable","20":"purchasable","21":"product-type-variable"},"bundled_by":[],"bundle_stock_status":"instock","bundle_stock_quantity":null,"bundle_virtual":false,"bundle_layout":"","bundle_add_to_cart_form_location":"","bundle_editable_in_cart":false,"bundle_sold_individually_context":"","bundle_item_grouping":"","bundle_min_size":"","bundle_max_size":"","bundled_items":[],"bundle_sell_ids":[],"acf":[],"yoast_head":"<!-- This site is optimized with the Yoast SEO Premium plugin v20.12 (Yoast SEO v23.4) - https:\/\/yoast.com\/wordpress\/plugins\/seo\/ -->\n<title>STROLL\u00b7LITE - Globber Espa\u00f1a<\/title>\n<meta name=\"robots\" content=\"index, follow, max-snippet:-1, max-image-preview:large, max-video-preview:-1\" \/>\n<link rel=\"canonical\" href=\"https:\/\/www.globber.com\/es\/product\/stroll\u00b7lite\/\" \/>\n<meta property=\"og:locale\" content=\"es_ES\" \/>\n<meta property=\"og:type\" content=\"article\" \/>\n<meta property=\"og:title\" content=\"STROLL\u00b7LITE - Globber Espa\u00f1a\" \/>\n<meta property=\"og:description\" content=\"La felicidad viene en peque\u00f1as formas, y cada trayecto con tu peque \u2014ya sea por calles llenas de gente, en las agitadas idas al cole o por tranquilos parques\u2014 es una oportunidad para que las peque\u00f1as alegr\u00edas de la vida se desplieguen, una vez en un paseo.\" \/>\n<meta property=\"og:url\" content=\"https:\/\/www.globber.com\/es\/product\/stroll\u00b7lite\/\" \/>\n<meta property=\"og:site_name\" content=\"Globber Espa\u00f1a\" \/>\n<meta property=\"article:modified_time\" content=\"2026-03-24T15:33:49+00:00\" \/>\n<meta property=\"og:image\" content=\"https:\/\/cdn.globber.com\/content\/sites\/15\/2025\/07\/925_304_Front_43_R_Middle_ExtendedCanopy-1393x1920.jpg\" \/>\n\t<meta property=\"og:image:width\" content=\"1393\" \/>\n\t<meta property=\"og:image:height\" content=\"1920\" \/>\n\t<meta property=\"og:image:type\" content=\"image\/jpeg\" \/>\n<meta name=\"twitter:card\" content=\"summary_large_image\" \/>\n<meta name=\"twitter:label1\" content=\"Availability\" \/>\n\t<meta name=\"twitter:data1\" content=\"In stock\" \/>\n<script type=\"application\/ld+json\" class=\"yoast-schema-graph\">{\"@context\":\"https:\/\/schema.org\",\"@graph\":[{\"@type\":[\"WebPage\",\"ItemPage\"],\"@id\":\"https:\/\/www.globber.com\/es\/product\/stroll%c2%b7lite\/\",\"url\":\"https:\/\/www.globber.com\/es\/product\/stroll%c2%b7lite\/\",\"name\":\"STROLL\u00b7LITE - Globber Espa\u00f1a\",\"isPartOf\":{\"@id\":\"https:\/\/www.globber.com\/es\/#website\"},\"primaryImageOfPage\":{\"@id\":\"https:\/\/www.globber.com\/es\/product\/stroll%c2%b7lite\/#primaryimage\"},\"image\":{\"@id\":\"https:\/\/www.globber.com\/es\/product\/stroll%c2%b7lite\/#primaryimage\"},\"thumbnailUrl\":\"https:\/\/cdn.globber.com\/content\/sites\/15\/2025\/07\/925_304_Front_43_R_Middle_ExtendedCanopy.jpg\",\"datePublished\":\"2025-07-23T11:56:19+00:00\",\"dateModified\":\"2026-03-24T15:33:49+00:00\",\"breadcrumb\":{\"@id\":\"https:\/\/www.globber.com\/es\/product\/stroll%c2%b7lite\/#breadcrumb\"},\"inLanguage\":\"es\",\"potentialAction\":[{\"@type\":\"ReadAction\",\"target\":[\"https:\/\/www.globber.com\/es\/product\/stroll%c2%b7lite\/\"]}]},{\"@type\":\"ImageObject\",\"inLanguage\":\"es\",\"@id\":\"https:\/\/www.globber.com\/es\/product\/stroll%c2%b7lite\/#primaryimage\",\"url\":\"https:\/\/cdn.globber.com\/content\/sites\/15\/2025\/07\/925_304_Front_43_R_Middle_ExtendedCanopy.jpg\",\"contentUrl\":\"https:\/\/cdn.globber.com\/content\/sites\/15\/2025\/07\/925_304_Front_43_R_Middle_ExtendedCanopy.jpg\",\"width\":5760,\"height\":7937,\"caption\":\"Carrito stroll\u00b7lite color taupe vista frontal modo asiento\"},{\"@type\":\"BreadcrumbList\",\"@id\":\"https:\/\/www.globber.com\/es\/product\/stroll%c2%b7lite\/#breadcrumb\",\"itemListElement\":[{\"@type\":\"ListItem\",\"position\":1,\"name\":\"Todos los productos\",\"item\":\"https:\/\/www.globber.com\/es\/tienda-por-producto\/\"},{\"@type\":\"ListItem\",\"position\":2,\"name\":\"STROLL\u00b7LITE\"}]},{\"@type\":\"WebSite\",\"@id\":\"https:\/\/www.globber.com\/es\/#website\",\"url\":\"https:\/\/www.globber.com\/es\/\",\"name\":\"Globber Espa\u00f1a\",\"description\":\"El mundo sobre ruedas | Globber.com\",\"publisher\":{\"@id\":\"https:\/\/www.globber.com\/es\/#organization\"},\"potentialAction\":[{\"@type\":\"SearchAction\",\"target\":{\"@type\":\"EntryPoint\",\"urlTemplate\":\"https:\/\/www.globber.com\/es\/?s={search_term_string}\"},\"query-input\":{\"@type\":\"PropertyValueSpecification\",\"valueRequired\":true,\"valueName\":\"search_term_string\"}}],\"inLanguage\":\"es\"},{\"@type\":\"Organization\",\"@id\":\"https:\/\/www.globber.com\/es\/#organization\",\"name\":\"Globber Espa\u00f1a\",\"url\":\"https:\/\/www.globber.com\/es\/\",\"logo\":{\"@type\":\"ImageObject\",\"inLanguage\":\"es\",\"@id\":\"https:\/\/www.globber.com\/es\/#\/schema\/logo\/image\/\",\"url\":\"https:\/\/cdn.globber.com\/content\/2024\/05\/logo.svg\",\"contentUrl\":\"https:\/\/cdn.globber.com\/content\/2024\/05\/logo.svg\",\"width\":601,\"height\":112,\"caption\":\"Globber Espa\u00f1a\"},\"image\":{\"@id\":\"https:\/\/www.globber.com\/es\/#\/schema\/logo\/image\/\"}}]}<\/script>\n<meta property=\"og:availability\" content=\"instock\" \/>\n<meta property=\"product:availability\" content=\"instock\" \/>\n<meta property=\"product:retailer_item_id\" content=\"925-XXX\" \/>\n<meta property=\"product:condition\" content=\"new\" \/>\n<!-- \/ Yoast SEO Premium plugin. -->","yoast_head_json":{"title":"STROLL\u00b7LITE - Globber Espa\u00f1a","robots":{"index":"index","follow":"follow","max-snippet":"max-snippet:-1","max-image-preview":"max-image-preview:large","max-video-preview":"max-video-preview:-1"},"canonical":"https:\/\/www.globber.com\/es\/product\/stroll\u00b7lite\/","og_locale":"es_ES","og_type":"article","og_title":"STROLL\u00b7LITE - Globber Espa\u00f1a","og_description":"La felicidad viene en peque\u00f1as formas, y cada trayecto con tu peque \u2014ya sea por calles llenas de gente, en las agitadas idas al cole o por tranquilos parques\u2014 es una oportunidad para que las peque\u00f1as alegr\u00edas de la vida se desplieguen, una vez en un paseo.","og_url":"https:\/\/www.globber.com\/es\/product\/stroll\u00b7lite\/","og_site_name":"Globber Espa\u00f1a","article_modified_time":"2026-03-24T15:33:49+00:00","og_image":[{"width":1393,"height":1920,"url":"https:\/\/cdn.globber.com\/content\/sites\/15\/2025\/07\/925_304_Front_43_R_Middle_ExtendedCanopy-1393x1920.jpg","type":"image\/jpeg"}],"twitter_card":"summary_large_image","twitter_misc":{"Availability":"In stock"},"schema":{"@context":"https:\/\/schema.org","@graph":[{"@type":["WebPage","ItemPage"],"@id":"https:\/\/www.globber.com\/es\/product\/stroll%c2%b7lite\/","url":"https:\/\/www.globber.com\/es\/product\/stroll%c2%b7lite\/","name":"STROLL\u00b7LITE - Globber Espa\u00f1a","isPartOf":{"@id":"https:\/\/www.globber.com\/es\/#website"},"primaryImageOfPage":{"@id":"https:\/\/www.globber.com\/es\/product\/stroll%c2%b7lite\/#primaryimage"},"image":{"@id":"https:\/\/www.globber.com\/es\/product\/stroll%c2%b7lite\/#primaryimage"},"thumbnailUrl":"https:\/\/cdn.globber.com\/content\/sites\/15\/2025\/07\/925_304_Front_43_R_Middle_ExtendedCanopy.jpg","datePublished":"2025-07-23T11:56:19+00:00","dateModified":"2026-03-24T15:33:49+00:00","breadcrumb":{"@id":"https:\/\/www.globber.com\/es\/product\/stroll%c2%b7lite\/#breadcrumb"},"inLanguage":"es","potentialAction":[{"@type":"ReadAction","target":["https:\/\/www.globber.com\/es\/product\/stroll%c2%b7lite\/"]}]},{"@type":"ImageObject","inLanguage":"es","@id":"https:\/\/www.globber.com\/es\/product\/stroll%c2%b7lite\/#primaryimage","url":"https:\/\/cdn.globber.com\/content\/sites\/15\/2025\/07\/925_304_Front_43_R_Middle_ExtendedCanopy.jpg","contentUrl":"https:\/\/cdn.globber.com\/content\/sites\/15\/2025\/07\/925_304_Front_43_R_Middle_ExtendedCanopy.jpg","width":5760,"height":7937,"caption":"Carrito stroll\u00b7lite color taupe vista frontal modo asiento"},{"@type":"BreadcrumbList","@id":"https:\/\/www.globber.com\/es\/product\/stroll%c2%b7lite\/#breadcrumb","itemListElement":[{"@type":"ListItem","position":1,"name":"Todos los productos","item":"https:\/\/www.globber.com\/es\/tienda-por-producto\/"},{"@type":"ListItem","position":2,"name":"STROLL\u00b7LITE"}]},{"@type":"WebSite","@id":"https:\/\/www.globber.com\/es\/#website","url":"https:\/\/www.globber.com\/es\/","name":"Globber Espa\u00f1a","description":"El mundo sobre ruedas | Globber.com","publisher":{"@id":"https:\/\/www.globber.com\/es\/#organization"},"potentialAction":[{"@type":"SearchAction","target":{"@type":"EntryPoint","urlTemplate":"https:\/\/www.globber.com\/es\/?s={search_term_string}"},"query-input":{"@type":"PropertyValueSpecification","valueRequired":true,"valueName":"search_term_string"}}],"inLanguage":"es"},{"@type":"Organization","@id":"https:\/\/www.globber.com\/es\/#organization","name":"Globber Espa\u00f1a","url":"https:\/\/www.globber.com\/es\/","logo":{"@type":"ImageObject","inLanguage":"es","@id":"https:\/\/www.globber.com\/es\/#\/schema\/logo\/image\/","url":"https:\/\/cdn.globber.com\/content\/2024\/05\/logo.svg","contentUrl":"https:\/\/cdn.globber.com\/content\/2024\/05\/logo.svg","width":601,"height":112,"caption":"Globber Espa\u00f1a"},"image":{"@id":"https:\/\/www.globber.com\/es\/#\/schema\/logo\/image\/"}}]},"og_availability":"instock","product_availability":"instock","product_retailer_item_id":"925-XXX","product_condition":"new"},"_links":{"self":[{"href":"https:\/\/www.globber.com\/es\/wp-json\/wp\/v2\/product\/13415","targetHints":{"allow":["GET"]}}],"collection":[{"href":"https:\/\/www.globber.com\/es\/wp-json\/wp\/v2\/product"}],"about":[{"href":"https:\/\/www.globber.com\/es\/wp-json\/wp\/v2\/types\/product"}],"replies":[{"embeddable":true,"href":"https:\/\/www.globber.com\/es\/wp-json\/wp\/v2\/comments?post=13415"}],"wp:featuredmedia":[{"embeddable":true,"href":"https:\/\/www.globber.com\/es\/wp-json\/wp\/v2\/media\/13433"}],"wp:attachment":[{"href":"https:\/\/www.globber.com\/es\/wp-json\/wp\/v2\/media?parent=13415"}],"wp:term":[{"taxonomy":"product-special-badges","embeddable":true,"href":"https:\/\/www.globber.com\/es\/wp-json\/wp\/v2\/product-special-badges?post=13415"},{"taxonomy":"product_brand","embeddable":true,"href":"https:\/\/www.globber.com\/es\/wp-json\/wp\/v2\/product_brand?post=13415"},{"taxonomy":"product_cat","embeddable":true,"href":"https:\/\/www.globber.com\/es\/wp-json\/wp\/v2\/product_cat?post=13415"},{"taxonomy":"product_tag","embeddable":true,"href":"https:\/\/www.globber.com\/es\/wp-json\/wp\/v2\/product_tag?post=13415"}],"curies":[{"name":"wp","href":"https:\/\/api.w.org\/{rel}","templated":true}]}}