{"id":13769,"date":"2025-10-23T11:32:47","date_gmt":"2025-10-23T09:32:47","guid":{"rendered":"https:\/\/www.globber.com\/es\/?post_type=product&#038;p=13769"},"modified":"2026-03-24T16:33:34","modified_gmt":"2026-03-24T15:33:34","slug":"walk-n-roll-2-en-1-eco","status":"publish","type":"product","link":"https:\/\/www.globber.com\/es\/product\/walk-n-roll-2-en-1-eco\/","title":{"rendered":"WALK N' ROLL 2 EN 1 ECO"},"content":{"rendered":"<p data-start=\"0\" data-end=\"378\">El Walk n' Roll 2 en 1 Eco de Globber ayuda a tu peque a caminar y rodar hacia un tiempo de juego divertido y seguro. Fabricado con pl\u00e1stico 100 % reciclado y paja de trigo*, es perfecto para beb\u00e9s y ni\u00f1os peque\u00f1os (de 6 a 36 meses) que est\u00e1n aprendiendo a sentarse por s\u00ed solos y a dar sus primeros pasos en un mundo sobre ruedas\u2026<\/p>\n<p data-start=\"380\" data-end=\"670\">Este andador infantil 2 en 1 fomenta el equilibrio, la coordinaci\u00f3n y la confianza con dos formas de jugar: se transforma f\u00e1cilmente de correpasillos a andador \u2014sin necesidad de herramientas\u2014 para acompa\u00f1ar los hitos del desarrollo, como sentarse, ponerse de pie y dar los primeros pasos.<\/p>\n<p data-start=\"672\" data-end=\"892\">Con amplio espacio de almacenamiento para los tesoros de tu peque y 3 juegos de pegatinas incluidos, los ni\u00f1os pueden llevar todos sus esenciales y personalizar su veh\u00edculo para reflejar su personalidad en crecimiento.<\/p>\n<p data-start=\"894\" data-end=\"1052\"><strong data-start=\"894\" data-end=\"924\">WALK N\u2019 ROLL 2 en 1 ECO<\/strong>\u00a0est\u00e1 fabricado con pl\u00e1stico 100 % certificado por el <strong data-start=\"978\" data-end=\"1012\">Global Recycled Standard (GRS)<\/strong> y paja de trigo de origen biol\u00f3gico*.<\/p>\n<p data-start=\"1054\" data-end=\"1258\">El <strong data-start=\"1057\" data-end=\"1064\">GRS<\/strong> es el est\u00e1ndar internacional que verifica la presencia de contenido reciclado en los productos terminados, garantizando la transparencia en los materiales y promoviendo una econom\u00eda circular.<\/p>\n<p data-start=\"1260\" data-end=\"1537\" data-is-last-node=\"\" data-is-only-node=\"\">Gracias al uso de pl\u00e1stico reciclado con certificaci\u00f3n GRS en nuestras colecciones de 3 ruedas y ECOLOGIC, hemos podido reutilizar m\u00e1s de <strong data-start=\"1398\" data-end=\"1426\">118 toneladas combinadas<\/strong> de botellas y vasos usados, redes de pesca recuperadas, juguetes antiguos y colchonetas desde octubre de 2022.<\/p>\n<p><strong>Informaci\u00f3n de seguridad del producto<\/strong><\/p>\n<p><strong>Marcado CE:<\/strong> S\u00ed. Este producto cumple con la normativa europea de seguridad aplicable y dispone de marcado CE cuando as\u00ed lo exige la legislaci\u00f3n vigente.<\/p>\n<p><strong>Fabricante e Importador:<\/strong><br \/>\nGlobber France SAS (Trade name: Globber)<br \/>\n66, Avenue de l\u2019industrie<br \/>\n01120 Montluel<br \/>\nFrance<br \/>\nglobber.com<br \/>\n<a id=\"menur18p\" class=\"fui-Link ___1q1shib f2hkw1w f3rmtva f1ewtqcl fyind8e f1k6fduh f1w7gpdv fk6fouc fjoy568 figsok6 f1s184ao f1mk8lai fnbmjn9 f1o700av f13mvf36 f1cmlufx f9n3di6 f1ids18y f1tx3yz7 f1deo86v f1eh06m1 f1iescvh fhgqx19 f1olyrje f1p93eir f1nev41a f1h8hb77 f1lqvz6u f10aw75t fsle3fq f17ae5zn\" title=\"mailto:contact@globber.com\" href=\"mailto:contact@globber.com\" target=\"_blank\" rel=\"noreferrer noopener\" aria-label=\"V\u00ednculo contact@globber.com\">contact@globber.com<\/a><\/p>\n","protected":false},"excerpt":{"rendered":"<p>El WALK N\u2019 ROLL 2 en 1 ECO es perfecto para beb\u00e9s y ni\u00f1os peque\u00f1os (de 6 a 36 meses) que est\u00e1n descubriendo c\u00f3mo sentarse de forma independiente y dar sus primeros pasos en un mundo sobre ruedas\u2026 \u00a1y m\u00e1s verde!<\/p>\n","protected":false},"featured_media":13779,"comment_status":"closed","ping_status":"closed","template":"","meta":{"_acf_changed":false,"inline_featured_image":false},"product-special-badges":[3948],"product_brand":[],"product_cat":[3982,3981,3134,3117,1680,1630],"product_tag":[],"class_list":{"0":"post-13769","1":"product","2":"type-product","3":"status-publish","4":"has-post-thumbnail","6":"product-badges-novedad","7":"product_cat-todos-productos-para-bebes","8":"product_cat-andadoresycorrepasillos","9":"product_cat-todos-los-productos","10":"product_cat-todas-series-para-ninos-pequenos","11":"product_cat-coleccion-ecologica","12":"product_cat-patinetes-para-ninos-pequenos-bicicletas-de-equilibrio-2","13":"pa_color-pistacho","14":"pa_color-taupe","15":"pa_ean-3958","16":"pa_ean-3959","18":"first","19":"instock","20":"taxable","21":"shipping-taxable","22":"purchasable","23":"product-type-variable"},"bundled_by":[],"bundle_stock_status":"instock","bundle_stock_quantity":null,"bundle_virtual":false,"bundle_layout":"","bundle_add_to_cart_form_location":"","bundle_editable_in_cart":false,"bundle_sold_individually_context":"","bundle_item_grouping":"","bundle_min_size":"","bundle_max_size":"","bundled_items":[],"bundle_sell_ids":[],"acf":[],"yoast_head":"<!-- This site is optimized with the Yoast SEO Premium plugin v20.12 (Yoast SEO v23.4) - https:\/\/yoast.com\/wordpress\/plugins\/seo\/ -->\n<title>Walk n&#039; Roll 2 en 1 Eco - Globber<\/title>\n<meta name=\"description\" content=\"Walk n&#039; Roll 2 en 1 Eco de Globber es un correpasillos y andador para beb\u00e9s fabricado con pl\u00e1stico 100 % reciclado y paja de trigo biol\u00f3gico\" \/>\n<meta name=\"robots\" content=\"index, follow, max-snippet:-1, max-image-preview:large, max-video-preview:-1\" \/>\n<link rel=\"canonical\" href=\"https:\/\/www.globber.com\/es\/product\/walk-n-roll-2-en-1-eco\/\" \/>\n<meta property=\"og:locale\" content=\"es_ES\" \/>\n<meta property=\"og:type\" content=\"article\" \/>\n<meta property=\"og:title\" content=\"Walk n&#039; Roll 2 en 1 Eco - Globber\" \/>\n<meta property=\"og:description\" content=\"Walk n&#039; Roll 2 en 1 Eco de Globber es un correpasillos y andador para beb\u00e9s fabricado con pl\u00e1stico 100 % reciclado y paja de trigo biol\u00f3gico\" \/>\n<meta property=\"og:url\" content=\"https:\/\/www.globber.com\/es\/product\/walk-n-roll-2-en-1-eco\/\" \/>\n<meta property=\"og:site_name\" content=\"Globber Espa\u00f1a\" \/>\n<meta property=\"article:modified_time\" content=\"2026-03-24T15:33:34+00:00\" \/>\n<meta property=\"og:image\" content=\"https:\/\/cdn.globber.com\/content\/sites\/15\/2025\/10\/830-566_ft_L_mode2_rgb.jpg\" \/>\n\t<meta property=\"og:image:width\" content=\"2048\" \/>\n\t<meta property=\"og:image:height\" content=\"2048\" \/>\n\t<meta property=\"og:image:type\" content=\"image\/jpeg\" \/>\n<meta name=\"twitter:card\" content=\"summary_large_image\" \/>\n<meta name=\"twitter:label1\" content=\"Availability\" \/>\n\t<meta name=\"twitter:data1\" content=\"In stock\" \/>\n<script type=\"application\/ld+json\" class=\"yoast-schema-graph\">{\"@context\":\"https:\/\/schema.org\",\"@graph\":[{\"@type\":[\"WebPage\",\"ItemPage\"],\"@id\":\"https:\/\/www.globber.com\/es\/product\/walk-n-roll-2-en-1-eco\/\",\"url\":\"https:\/\/www.globber.com\/es\/product\/walk-n-roll-2-en-1-eco\/\",\"name\":\"Walk n' Roll 2 en 1 Eco - Globber\",\"isPartOf\":{\"@id\":\"https:\/\/www.globber.com\/es\/#website\"},\"primaryImageOfPage\":{\"@id\":\"https:\/\/www.globber.com\/es\/product\/walk-n-roll-2-en-1-eco\/#primaryimage\"},\"image\":{\"@id\":\"https:\/\/www.globber.com\/es\/product\/walk-n-roll-2-en-1-eco\/#primaryimage\"},\"thumbnailUrl\":\"https:\/\/cdn.globber.com\/content\/sites\/15\/2025\/10\/830-566_ft_L_mode2_rgb.jpg\",\"datePublished\":\"2025-10-23T09:32:47+00:00\",\"dateModified\":\"2026-03-24T15:33:34+00:00\",\"description\":\"Walk n' Roll 2 en 1 Eco de Globber es un correpasillos y andador para beb\u00e9s fabricado con pl\u00e1stico 100 % reciclado y paja de trigo biol\u00f3gico\",\"breadcrumb\":{\"@id\":\"https:\/\/www.globber.com\/es\/product\/walk-n-roll-2-en-1-eco\/#breadcrumb\"},\"inLanguage\":\"es\",\"potentialAction\":[{\"@type\":\"ReadAction\",\"target\":[\"https:\/\/www.globber.com\/es\/product\/walk-n-roll-2-en-1-eco\/\"]}]},{\"@type\":\"ImageObject\",\"inLanguage\":\"es\",\"@id\":\"https:\/\/www.globber.com\/es\/product\/walk-n-roll-2-en-1-eco\/#primaryimage\",\"url\":\"https:\/\/cdn.globber.com\/content\/sites\/15\/2025\/10\/830-566_ft_L_mode2_rgb.jpg\",\"contentUrl\":\"https:\/\/cdn.globber.com\/content\/sites\/15\/2025\/10\/830-566_ft_L_mode2_rgb.jpg\",\"width\":2048,\"height\":2048,\"caption\":\"Walk n' Roll 2 en 1 Eco de Globber Espa\u00f1a\"},{\"@type\":\"BreadcrumbList\",\"@id\":\"https:\/\/www.globber.com\/es\/product\/walk-n-roll-2-en-1-eco\/#breadcrumb\",\"itemListElement\":[{\"@type\":\"ListItem\",\"position\":1,\"name\":\"Todos los productos\",\"item\":\"https:\/\/www.globber.com\/es\/tienda-por-producto\/\"},{\"@type\":\"ListItem\",\"position\":2,\"name\":\"WALK N' ROLL 2 EN 1 ECO\"}]},{\"@type\":\"WebSite\",\"@id\":\"https:\/\/www.globber.com\/es\/#website\",\"url\":\"https:\/\/www.globber.com\/es\/\",\"name\":\"Globber Espa\u00f1a\",\"description\":\"El mundo sobre ruedas | Globber.com\",\"publisher\":{\"@id\":\"https:\/\/www.globber.com\/es\/#organization\"},\"potentialAction\":[{\"@type\":\"SearchAction\",\"target\":{\"@type\":\"EntryPoint\",\"urlTemplate\":\"https:\/\/www.globber.com\/es\/?s={search_term_string}\"},\"query-input\":{\"@type\":\"PropertyValueSpecification\",\"valueRequired\":true,\"valueName\":\"search_term_string\"}}],\"inLanguage\":\"es\"},{\"@type\":\"Organization\",\"@id\":\"https:\/\/www.globber.com\/es\/#organization\",\"name\":\"Globber Espa\u00f1a\",\"url\":\"https:\/\/www.globber.com\/es\/\",\"logo\":{\"@type\":\"ImageObject\",\"inLanguage\":\"es\",\"@id\":\"https:\/\/www.globber.com\/es\/#\/schema\/logo\/image\/\",\"url\":\"https:\/\/cdn.globber.com\/content\/2024\/05\/logo.svg\",\"contentUrl\":\"https:\/\/cdn.globber.com\/content\/2024\/05\/logo.svg\",\"width\":601,\"height\":112,\"caption\":\"Globber Espa\u00f1a\"},\"image\":{\"@id\":\"https:\/\/www.globber.com\/es\/#\/schema\/logo\/image\/\"}}]}<\/script>\n<meta property=\"og:availability\" content=\"instock\" \/>\n<meta property=\"product:availability\" content=\"instock\" \/>\n<meta property=\"product:retailer_item_id\" content=\"830-XXX\" \/>\n<meta property=\"product:condition\" content=\"new\" \/>\n<!-- \/ Yoast SEO Premium plugin. -->","yoast_head_json":{"title":"Walk n' Roll 2 en 1 Eco - Globber","description":"Walk n' Roll 2 en 1 Eco de Globber es un correpasillos y andador para beb\u00e9s fabricado con pl\u00e1stico 100 % reciclado y paja de trigo biol\u00f3gico","robots":{"index":"index","follow":"follow","max-snippet":"max-snippet:-1","max-image-preview":"max-image-preview:large","max-video-preview":"max-video-preview:-1"},"canonical":"https:\/\/www.globber.com\/es\/product\/walk-n-roll-2-en-1-eco\/","og_locale":"es_ES","og_type":"article","og_title":"Walk n' Roll 2 en 1 Eco - Globber","og_description":"Walk n' Roll 2 en 1 Eco de Globber es un correpasillos y andador para beb\u00e9s fabricado con pl\u00e1stico 100 % reciclado y paja de trigo biol\u00f3gico","og_url":"https:\/\/www.globber.com\/es\/product\/walk-n-roll-2-en-1-eco\/","og_site_name":"Globber Espa\u00f1a","article_modified_time":"2026-03-24T15:33:34+00:00","og_image":[{"width":2048,"height":2048,"url":"https:\/\/cdn.globber.com\/content\/sites\/15\/2025\/10\/830-566_ft_L_mode2_rgb.jpg","type":"image\/jpeg"}],"twitter_card":"summary_large_image","twitter_misc":{"Availability":"In stock"},"schema":{"@context":"https:\/\/schema.org","@graph":[{"@type":["WebPage","ItemPage"],"@id":"https:\/\/www.globber.com\/es\/product\/walk-n-roll-2-en-1-eco\/","url":"https:\/\/www.globber.com\/es\/product\/walk-n-roll-2-en-1-eco\/","name":"Walk n' Roll 2 en 1 Eco - Globber","isPartOf":{"@id":"https:\/\/www.globber.com\/es\/#website"},"primaryImageOfPage":{"@id":"https:\/\/www.globber.com\/es\/product\/walk-n-roll-2-en-1-eco\/#primaryimage"},"image":{"@id":"https:\/\/www.globber.com\/es\/product\/walk-n-roll-2-en-1-eco\/#primaryimage"},"thumbnailUrl":"https:\/\/cdn.globber.com\/content\/sites\/15\/2025\/10\/830-566_ft_L_mode2_rgb.jpg","datePublished":"2025-10-23T09:32:47+00:00","dateModified":"2026-03-24T15:33:34+00:00","description":"Walk n' Roll 2 en 1 Eco de Globber es un correpasillos y andador para beb\u00e9s fabricado con pl\u00e1stico 100 % reciclado y paja de trigo biol\u00f3gico","breadcrumb":{"@id":"https:\/\/www.globber.com\/es\/product\/walk-n-roll-2-en-1-eco\/#breadcrumb"},"inLanguage":"es","potentialAction":[{"@type":"ReadAction","target":["https:\/\/www.globber.com\/es\/product\/walk-n-roll-2-en-1-eco\/"]}]},{"@type":"ImageObject","inLanguage":"es","@id":"https:\/\/www.globber.com\/es\/product\/walk-n-roll-2-en-1-eco\/#primaryimage","url":"https:\/\/cdn.globber.com\/content\/sites\/15\/2025\/10\/830-566_ft_L_mode2_rgb.jpg","contentUrl":"https:\/\/cdn.globber.com\/content\/sites\/15\/2025\/10\/830-566_ft_L_mode2_rgb.jpg","width":2048,"height":2048,"caption":"Walk n' Roll 2 en 1 Eco de Globber Espa\u00f1a"},{"@type":"BreadcrumbList","@id":"https:\/\/www.globber.com\/es\/product\/walk-n-roll-2-en-1-eco\/#breadcrumb","itemListElement":[{"@type":"ListItem","position":1,"name":"Todos los productos","item":"https:\/\/www.globber.com\/es\/tienda-por-producto\/"},{"@type":"ListItem","position":2,"name":"WALK N' ROLL 2 EN 1 ECO"}]},{"@type":"WebSite","@id":"https:\/\/www.globber.com\/es\/#website","url":"https:\/\/www.globber.com\/es\/","name":"Globber Espa\u00f1a","description":"El mundo sobre ruedas | Globber.com","publisher":{"@id":"https:\/\/www.globber.com\/es\/#organization"},"potentialAction":[{"@type":"SearchAction","target":{"@type":"EntryPoint","urlTemplate":"https:\/\/www.globber.com\/es\/?s={search_term_string}"},"query-input":{"@type":"PropertyValueSpecification","valueRequired":true,"valueName":"search_term_string"}}],"inLanguage":"es"},{"@type":"Organization","@id":"https:\/\/www.globber.com\/es\/#organization","name":"Globber Espa\u00f1a","url":"https:\/\/www.globber.com\/es\/","logo":{"@type":"ImageObject","inLanguage":"es","@id":"https:\/\/www.globber.com\/es\/#\/schema\/logo\/image\/","url":"https:\/\/cdn.globber.com\/content\/2024\/05\/logo.svg","contentUrl":"https:\/\/cdn.globber.com\/content\/2024\/05\/logo.svg","width":601,"height":112,"caption":"Globber Espa\u00f1a"},"image":{"@id":"https:\/\/www.globber.com\/es\/#\/schema\/logo\/image\/"}}]},"og_availability":"instock","product_availability":"instock","product_retailer_item_id":"830-XXX","product_condition":"new"},"_links":{"self":[{"href":"https:\/\/www.globber.com\/es\/wp-json\/wp\/v2\/product\/13769","targetHints":{"allow":["GET"]}}],"collection":[{"href":"https:\/\/www.globber.com\/es\/wp-json\/wp\/v2\/product"}],"about":[{"href":"https:\/\/www.globber.com\/es\/wp-json\/wp\/v2\/types\/product"}],"replies":[{"embeddable":true,"href":"https:\/\/www.globber.com\/es\/wp-json\/wp\/v2\/comments?post=13769"}],"wp:featuredmedia":[{"embeddable":true,"href":"https:\/\/www.globber.com\/es\/wp-json\/wp\/v2\/media\/13779"}],"wp:attachment":[{"href":"https:\/\/www.globber.com\/es\/wp-json\/wp\/v2\/media?parent=13769"}],"wp:term":[{"taxonomy":"product-special-badges","embeddable":true,"href":"https:\/\/www.globber.com\/es\/wp-json\/wp\/v2\/product-special-badges?post=13769"},{"taxonomy":"product_brand","embeddable":true,"href":"https:\/\/www.globber.com\/es\/wp-json\/wp\/v2\/product_brand?post=13769"},{"taxonomy":"product_cat","embeddable":true,"href":"https:\/\/www.globber.com\/es\/wp-json\/wp\/v2\/product_cat?post=13769"},{"taxonomy":"product_tag","embeddable":true,"href":"https:\/\/www.globber.com\/es\/wp-json\/wp\/v2\/product_tag?post=13769"}],"curies":[{"name":"wp","href":"https:\/\/api.w.org\/{rel}","templated":true}]}}